{"id":64970,"date":"2026-04-12T11:46:56","date_gmt":"2026-04-12T09:46:56","guid":{"rendered":"https:\/\/dev6.erresse-shop.it\/shop\/non%20class\u00e9\/wd-lifestyle-carafe-en-verre-bonhomme-de-neige\/"},"modified":"2025-09-14T05:54:44","modified_gmt":"2025-09-14T03:54:44","slug":"wd-lifestyle-carafe-en-verre-bonhomme-de-neige","status":"publish","type":"product","link":"https:\/\/dev6.erresse-shop.it\/fr\/shop\/table-fr-2\/carafes-bouteilles\/wd-lifestyle-carafe-en-verre-bonhomme-de-neige\/","title":{"rendered":"WD LIFESTYLE Carafe en verre Bonhomme de neige"},"content":{"rendered":"<p>Chaque sujet est fabriqu\u00e9 \u00e0 la main en verre souffl\u00e9, ce qui fait de chaque cruche une pi\u00e8ce unique.<\/p>\n<p>Capacit\u00e9 : 1,2 L<br \/>\nTaille : \u00d8 10 x 20 cm<\/p>\n","protected":false},"excerpt":{"rendered":"<p>Chaque sujet est fabriqu\u00e9 \u00e0 la main en verre souffl\u00e9, ce qui fait de chaque cruche une pi\u00e8ce unique. Capacit\u00e9 : 1,2 L Taille : \u00d8 10 x 20 cm<\/p>\n","protected":false},"featured_media":6369955,"template":"","meta":{"_acf_changed":false},"product_cat":[12007,11995,11671],"product_tag":[],"class_list":{"0":"post-64970","1":"product","2":"type-product","3":"status-publish","4":"has-post-thumbnail","6":"product_cat-carafes-bouteilles","7":"product_cat-table-fr-2","8":"product_cat-tavola","10":"first","11":"instock","12":"taxable","13":"shipping-taxable","14":"purchasable","15":"product-type-simple","swatches":"rey-swatches","show_selected":"","stretch_labels":"rey-swatches--stretch-labels"},"acf":[],"yoast_head":"<!-- This site is optimized with the Yoast SEO plugin v25.4 - https:\/\/yoast.com\/wordpress\/plugins\/seo\/ -->\n<title>WD LIFESTYLE Carafe en verre Bonhomme de neige - dev6 Erresse<\/title>\n<meta name=\"description\" content=\"Chaque sujet est fabriqu\u00e9 \u00e0 la main en verre souffl\u00e9, ce qui fait de chaque cruche une pi\u00e8ce unique. Capacit\u00e9 : 1,2 L Taille : \u00d8 10 x 20 cm\" \/>\n<meta name=\"robots\" content=\"noindex, follow, max-snippet:-1, max-image-preview:large, max-video-preview:-1\" \/>\n<meta property=\"og:locale\" content=\"fr_FR\" \/>\n<meta property=\"og:type\" content=\"article\" \/>\n<meta property=\"og:title\" content=\"WD LIFESTYLE Carafe en verre Bonhomme de neige - dev6 Erresse\" \/>\n<meta property=\"og:description\" content=\"Chaque sujet est fabriqu\u00e9 \u00e0 la main en verre souffl\u00e9, ce qui fait de chaque cruche une pi\u00e8ce unique. Capacit\u00e9 : 1,2 L Taille : \u00d8 10 x 20 cm\" \/>\n<meta property=\"og:url\" content=\"https:\/\/dev6.erresse-shop.it\/fr\/shop\/table-fr-2\/carafes-bouteilles\/wd-lifestyle-carafe-en-verre-bonhomme-de-neige\/\" \/>\n<meta property=\"og:site_name\" content=\"dev6 Erresse\" \/>\n<meta property=\"og:image\" content=\"https:\/\/interpim.erresse-shop.it\/img-catalogo\/wd-lifestyle\/wd-lifestyle-caraffa-in-vetro-pupazzo-di-neve.jpg\" \/><meta property=\"og:image\" content=\"https:\/\/interpim.erresse-shop.it\/img-catalogo\/wd-lifestyle\/wd-lifestyle-caraffa-in-vetro-pupazzo-di-neve.jpg\" \/>\n\t<meta property=\"og:image:width\" content=\"1024\" \/>\n\t<meta property=\"og:image:height\" content=\"1024\" \/>\n\t<meta property=\"og:image:type\" content=\"image\/jpeg\" \/>\n<meta name=\"twitter:card\" content=\"summary_large_image\" \/>\n<meta name=\"twitter:image\" content=\"https:\/\/interpim.erresse-shop.it\/img-catalogo\/wd-lifestyle\/wd-lifestyle-caraffa-in-vetro-pupazzo-di-neve.jpg\" \/>\n<script type=\"application\/ld+json\" class=\"yoast-schema-graph\">{\"@context\":\"https:\/\/schema.org\",\"@graph\":[{\"@type\":\"WebPage\",\"@id\":\"https:\/\/dev6.erresse-shop.it\/fr\/shop\/table-fr-2\/carafes-bouteilles\/wd-lifestyle-carafe-en-verre-bonhomme-de-neige\/\",\"url\":\"https:\/\/dev6.erresse-shop.it\/fr\/shop\/table-fr-2\/carafes-bouteilles\/wd-lifestyle-carafe-en-verre-bonhomme-de-neige\/\",\"name\":\"WD LIFESTYLE Carafe en verre Bonhomme de neige - dev6 Erresse\",\"isPartOf\":{\"@id\":\"https:\/\/dev6.erresse-shop.it\/#website\"},\"primaryImageOfPage\":{\"@id\":\"https:\/\/dev6.erresse-shop.it\/fr\/shop\/table-fr-2\/carafes-bouteilles\/wd-lifestyle-carafe-en-verre-bonhomme-de-neige\/#primaryimage\"},\"image\":{\"@id\":\"https:\/\/dev6.erresse-shop.it\/fr\/shop\/table-fr-2\/carafes-bouteilles\/wd-lifestyle-carafe-en-verre-bonhomme-de-neige\/#primaryimage\"},\"thumbnailUrl\":\"https:\/\/i0.wp.com\/interpim.erresse-shop.it\/img-catalogo\/wd-lifestyle\/wd-lifestyle-caraffa-in-vetro-pupazzo-di-neve.jpg?ssl=1\",\"datePublished\":\"2026-04-12T09:46:56+00:00\",\"description\":\"Chaque sujet est fabriqu\u00e9 \u00e0 la main en verre souffl\u00e9, ce qui fait de chaque cruche une pi\u00e8ce unique. Capacit\u00e9 : 1,2 L Taille : \u00d8 10 x 20 cm\",\"breadcrumb\":{\"@id\":\"https:\/\/dev6.erresse-shop.it\/fr\/shop\/table-fr-2\/carafes-bouteilles\/wd-lifestyle-carafe-en-verre-bonhomme-de-neige\/#breadcrumb\"},\"inLanguage\":\"fr-FR\",\"potentialAction\":[{\"@type\":\"ReadAction\",\"target\":[\"https:\/\/dev6.erresse-shop.it\/fr\/shop\/table-fr-2\/carafes-bouteilles\/wd-lifestyle-carafe-en-verre-bonhomme-de-neige\/\"]}]},{\"@type\":\"ImageObject\",\"inLanguage\":\"fr-FR\",\"@id\":\"https:\/\/dev6.erresse-shop.it\/fr\/shop\/table-fr-2\/carafes-bouteilles\/wd-lifestyle-carafe-en-verre-bonhomme-de-neige\/#primaryimage\",\"url\":\"https:\/\/i0.wp.com\/interpim.erresse-shop.it\/img-catalogo\/wd-lifestyle\/wd-lifestyle-caraffa-in-vetro-pupazzo-di-neve.jpg?ssl=1\",\"contentUrl\":\"https:\/\/i0.wp.com\/interpim.erresse-shop.it\/img-catalogo\/wd-lifestyle\/wd-lifestyle-caraffa-in-vetro-pupazzo-di-neve.jpg?ssl=1\"},{\"@type\":\"BreadcrumbList\",\"@id\":\"https:\/\/dev6.erresse-shop.it\/fr\/shop\/table-fr-2\/carafes-bouteilles\/wd-lifestyle-carafe-en-verre-bonhomme-de-neige\/#breadcrumb\",\"itemListElement\":[{\"@type\":\"ListItem\",\"position\":1,\"name\":\"Home\",\"item\":\"https:\/\/dev6.erresse-shop.it\/\"},{\"@type\":\"ListItem\",\"position\":2,\"name\":\"Boutique\",\"item\":\"https:\/\/dev6.erresse-shop.it\/shop\/\"},{\"@type\":\"ListItem\",\"position\":3,\"name\":\"WD LIFESTYLE Carafe en verre Bonhomme de neige\"}]},{\"@type\":\"WebSite\",\"@id\":\"https:\/\/dev6.erresse-shop.it\/#website\",\"url\":\"https:\/\/dev6.erresse-shop.it\/\",\"name\":\"Erresse Shop\",\"description\":\"\",\"publisher\":{\"@id\":\"https:\/\/dev6.erresse-shop.it\/#organization\"},\"potentialAction\":[{\"@type\":\"SearchAction\",\"target\":{\"@type\":\"EntryPoint\",\"urlTemplate\":\"https:\/\/dev6.erresse-shop.it\/?s={search_term_string}\"},\"query-input\":{\"@type\":\"PropertyValueSpecification\",\"valueRequired\":true,\"valueName\":\"search_term_string\"}}],\"inLanguage\":\"fr-FR\"},{\"@type\":\"Organization\",\"@id\":\"https:\/\/dev6.erresse-shop.it\/#organization\",\"name\":\"Erresse Shop\",\"url\":\"https:\/\/dev6.erresse-shop.it\/\",\"logo\":{\"@type\":\"ImageObject\",\"inLanguage\":\"fr-FR\",\"@id\":\"https:\/\/dev6.erresse-shop.it\/#\/schema\/logo\/image\/\",\"url\":\"https:\/\/dev6.erresse-shop.it\/wp-content\/uploads\/2025\/01\/LOGO-ERRESSE-CLASSICO.svg\",\"contentUrl\":\"https:\/\/dev6.erresse-shop.it\/wp-content\/uploads\/2025\/01\/LOGO-ERRESSE-CLASSICO.svg\",\"caption\":\"Erresse Shop\"},\"image\":{\"@id\":\"https:\/\/dev6.erresse-shop.it\/#\/schema\/logo\/image\/\"}}]}<\/script>\n<!-- \/ Yoast SEO plugin. -->","yoast_head_json":{"title":"WD LIFESTYLE Carafe en verre Bonhomme de neige - dev6 Erresse","description":"Chaque sujet est fabriqu\u00e9 \u00e0 la main en verre souffl\u00e9, ce qui fait de chaque cruche une pi\u00e8ce unique. Capacit\u00e9 : 1,2 L Taille : \u00d8 10 x 20 cm","robots":{"index":"noindex","follow":"follow","max-snippet":"max-snippet:-1","max-image-preview":"max-image-preview:large","max-video-preview":"max-video-preview:-1"},"og_locale":"fr_FR","og_type":"article","og_title":"WD LIFESTYLE Carafe en verre Bonhomme de neige - dev6 Erresse","og_description":"Chaque sujet est fabriqu\u00e9 \u00e0 la main en verre souffl\u00e9, ce qui fait de chaque cruche une pi\u00e8ce unique. Capacit\u00e9 : 1,2 L Taille : \u00d8 10 x 20 cm","og_url":"https:\/\/dev6.erresse-shop.it\/fr\/shop\/table-fr-2\/carafes-bouteilles\/wd-lifestyle-carafe-en-verre-bonhomme-de-neige\/","og_site_name":"dev6 Erresse","og_image":[{"url":"https:\/\/interpim.erresse-shop.it\/img-catalogo\/wd-lifestyle\/wd-lifestyle-caraffa-in-vetro-pupazzo-di-neve.jpg","type":"","width":"","height":""},{"url":"https:\/\/interpim.erresse-shop.it\/img-catalogo\/wd-lifestyle\/wd-lifestyle-caraffa-in-vetro-pupazzo-di-neve.jpg","width":1024,"height":1024,"type":"image\/jpeg"}],"twitter_card":"summary_large_image","twitter_image":"https:\/\/interpim.erresse-shop.it\/img-catalogo\/wd-lifestyle\/wd-lifestyle-caraffa-in-vetro-pupazzo-di-neve.jpg","schema":{"@context":"https:\/\/schema.org","@graph":[{"@type":"WebPage","@id":"https:\/\/dev6.erresse-shop.it\/fr\/shop\/table-fr-2\/carafes-bouteilles\/wd-lifestyle-carafe-en-verre-bonhomme-de-neige\/","url":"https:\/\/dev6.erresse-shop.it\/fr\/shop\/table-fr-2\/carafes-bouteilles\/wd-lifestyle-carafe-en-verre-bonhomme-de-neige\/","name":"WD LIFESTYLE Carafe en verre Bonhomme de neige - dev6 Erresse","isPartOf":{"@id":"https:\/\/dev6.erresse-shop.it\/#website"},"primaryImageOfPage":{"@id":"https:\/\/dev6.erresse-shop.it\/fr\/shop\/table-fr-2\/carafes-bouteilles\/wd-lifestyle-carafe-en-verre-bonhomme-de-neige\/#primaryimage"},"image":{"@id":"https:\/\/dev6.erresse-shop.it\/fr\/shop\/table-fr-2\/carafes-bouteilles\/wd-lifestyle-carafe-en-verre-bonhomme-de-neige\/#primaryimage"},"thumbnailUrl":"https:\/\/i0.wp.com\/interpim.erresse-shop.it\/img-catalogo\/wd-lifestyle\/wd-lifestyle-caraffa-in-vetro-pupazzo-di-neve.jpg?ssl=1","datePublished":"2026-04-12T09:46:56+00:00","description":"Chaque sujet est fabriqu\u00e9 \u00e0 la main en verre souffl\u00e9, ce qui fait de chaque cruche une pi\u00e8ce unique. Capacit\u00e9 : 1,2 L Taille : \u00d8 10 x 20 cm","breadcrumb":{"@id":"https:\/\/dev6.erresse-shop.it\/fr\/shop\/table-fr-2\/carafes-bouteilles\/wd-lifestyle-carafe-en-verre-bonhomme-de-neige\/#breadcrumb"},"inLanguage":"fr-FR","potentialAction":[{"@type":"ReadAction","target":["https:\/\/dev6.erresse-shop.it\/fr\/shop\/table-fr-2\/carafes-bouteilles\/wd-lifestyle-carafe-en-verre-bonhomme-de-neige\/"]}]},{"@type":"ImageObject","inLanguage":"fr-FR","@id":"https:\/\/dev6.erresse-shop.it\/fr\/shop\/table-fr-2\/carafes-bouteilles\/wd-lifestyle-carafe-en-verre-bonhomme-de-neige\/#primaryimage","url":"https:\/\/i0.wp.com\/interpim.erresse-shop.it\/img-catalogo\/wd-lifestyle\/wd-lifestyle-caraffa-in-vetro-pupazzo-di-neve.jpg?ssl=1","contentUrl":"https:\/\/i0.wp.com\/interpim.erresse-shop.it\/img-catalogo\/wd-lifestyle\/wd-lifestyle-caraffa-in-vetro-pupazzo-di-neve.jpg?ssl=1"},{"@type":"BreadcrumbList","@id":"https:\/\/dev6.erresse-shop.it\/fr\/shop\/table-fr-2\/carafes-bouteilles\/wd-lifestyle-carafe-en-verre-bonhomme-de-neige\/#breadcrumb","itemListElement":[{"@type":"ListItem","position":1,"name":"Home","item":"https:\/\/dev6.erresse-shop.it\/"},{"@type":"ListItem","position":2,"name":"Boutique","item":"https:\/\/dev6.erresse-shop.it\/shop\/"},{"@type":"ListItem","position":3,"name":"WD LIFESTYLE Carafe en verre Bonhomme de neige"}]},{"@type":"WebSite","@id":"https:\/\/dev6.erresse-shop.it\/#website","url":"https:\/\/dev6.erresse-shop.it\/","name":"Erresse Shop","description":"","publisher":{"@id":"https:\/\/dev6.erresse-shop.it\/#organization"},"potentialAction":[{"@type":"SearchAction","target":{"@type":"EntryPoint","urlTemplate":"https:\/\/dev6.erresse-shop.it\/?s={search_term_string}"},"query-input":{"@type":"PropertyValueSpecification","valueRequired":true,"valueName":"search_term_string"}}],"inLanguage":"fr-FR"},{"@type":"Organization","@id":"https:\/\/dev6.erresse-shop.it\/#organization","name":"Erresse Shop","url":"https:\/\/dev6.erresse-shop.it\/","logo":{"@type":"ImageObject","inLanguage":"fr-FR","@id":"https:\/\/dev6.erresse-shop.it\/#\/schema\/logo\/image\/","url":"https:\/\/dev6.erresse-shop.it\/wp-content\/uploads\/2025\/01\/LOGO-ERRESSE-CLASSICO.svg","contentUrl":"https:\/\/dev6.erresse-shop.it\/wp-content\/uploads\/2025\/01\/LOGO-ERRESSE-CLASSICO.svg","caption":"Erresse Shop"},"image":{"@id":"https:\/\/dev6.erresse-shop.it\/#\/schema\/logo\/image\/"}}]}},"df_price":34.9,"df_sale_price":"","df_regular_price":34.9,"df_image_link":"https:\/\/i0.wp.com\/interpim.erresse-shop.it\/img-catalogo\/wd-lifestyle\/wd-lifestyle-caraffa-in-vetro-pupazzo-di-neve.jpg?resize=300,300&ssl=1","fifu_image_url":"https:\/\/interpim.erresse-shop.it\/img-catalogo\/wd-lifestyle\/wd-lifestyle-caraffa-in-vetro-pupazzo-di-neve.jpg","_links":{"self":[{"href":"https:\/\/dev6.erresse-shop.it\/fr\/wp-json\/wp\/v2\/product\/64970","targetHints":{"allow":["GET"]}}],"collection":[{"href":"https:\/\/dev6.erresse-shop.it\/fr\/wp-json\/wp\/v2\/product"}],"about":[{"href":"https:\/\/dev6.erresse-shop.it\/fr\/wp-json\/wp\/v2\/types\/product"}],"wp:featuredmedia":[{"embeddable":true,"href":"https:\/\/dev6.erresse-shop.it\/fr\/wp-json\/wp\/v2\/media\/6369955"}],"wp:attachment":[{"href":"https:\/\/dev6.erresse-shop.it\/fr\/wp-json\/wp\/v2\/media?parent=64970"}],"wp:term":[{"taxonomy":"product_cat","embeddable":true,"href":"https:\/\/dev6.erresse-shop.it\/fr\/wp-json\/wp\/v2\/product_cat?post=64970"},{"taxonomy":"product_tag","embeddable":true,"href":"https:\/\/dev6.erresse-shop.it\/fr\/wp-json\/wp\/v2\/product_tag?post=64970"}],"curies":[{"name":"wp","href":"https:\/\/api.w.org\/{rel}","templated":true}]}}