{"id":64938,"date":"2026-04-12T11:46:56","date_gmt":"2026-04-12T09:46:56","guid":{"rendered":"https:\/\/dev6.erresse-shop.it\/shop\/non%20class\u00e9\/emile-henry-pizza-stone-refractaire-grand-cru\/"},"modified":"2025-09-14T05:54:01","modified_gmt":"2025-09-14T03:54:01","slug":"emile-henry-pizza-stone-refractaire-grand-cru","status":"publish","type":"product","link":"https:\/\/dev6.erresse-shop.it\/fr\/shop\/poeles-pots\/plats-et-casseroles-a-four\/emile-henry-pizza-stone-refractaire-grand-cru\/","title":{"rendered":"EMILE HENRY Pizza stone R\u00e9fractaire Grand Cru"},"content":{"rendered":"<p>Emile Henry a \u00e9t\u00e9 fond\u00e9 en 1850.<br \/>\nLes c\u00e9ramiques Emile Henry permettent une diffusion progressive de la chaleur pour une cuisson \u00e0 basse temp\u00e9rature des aliments afin de pr\u00e9server les saveurs et les ar\u00f4mes ainsi que les \u00e9l\u00e9ments naturels des aliments.<br \/>\nLa cuisson saine \u00e0 basse temp\u00e9rature des c\u00e9ramiques Emile Henry maintient les saveurs, pr\u00e9serve les vitamines et les qualit\u00e9s nutritionnelles.<br \/>\nLes produits Emile Henry sont fabriqu\u00e9s \u00e0 partir de composants naturels : argile non trait\u00e9e pour le m\u00e9lange, sable, eau filtr\u00e9e, oxydes min\u00e9raux naturels pour les couleurs. Les m\u00e9taux lourds nocifs pour la sant\u00e9 sont absents des produits Emile Henry : pas de plomb, pas de cadmium, pas de nickel.<br \/>\nLes produits Emile Henry sont r\u00e9sistants aux chocs et peuvent \u00eatre utilis\u00e9s avec de fortes variations de temp\u00e9rature. Ils peuvent \u00eatre utilis\u00e9s au lave-vaisselle.<\/p>\n<p>Notre pierre \u00e0 pizza lisse est une plaque de cuisson unique en c\u00e9ramique r\u00e9fractaire. Elle vous permet de pr\u00e9parer de d\u00e9licieuses pizzas \u00e0 la cro\u00fbte dor\u00e9e et croustillante.<\/p>\n<p>Votre pizza sera parfaitement cuite, comme dans un four traditionnel.<br \/>\nLa surface lisse est id\u00e9ale pour p\u00e9trir et \u00e9tirer la p\u00e2te, ainsi que pour garnir la pizza. Il ne reste plus qu\u2019\u00e0 l\u2019enfourner pour obtenir une belle cro\u00fbte croustillante.<\/p>\n<p>Gr\u00e2ce \u00e0 ses larges poign\u00e9es, la pierre \u00e0 pizza est facile \u00e0 sortir du four et \u00e0 servir \u00e0 table.<br \/>\nPratique, elle gardera votre pizza au chaud tout au long du repas et vous pourrez d\u00e9couper des portions directement sur la surface en c\u00e9ramique.<\/p>\n<p>Tous les produits Emile Henry sont fabriqu\u00e9s en France et garantis 10 ans.<\/p>\n<p>Longueur \/ Diam\u00e8tre \u2013 cm 40 x 40 x 3 cm<br \/>\nPoids \u2013 KG 2,4<br \/>\nTemp\u00e9rature maximale \u2013 \u00b0C 450 \u00b0C<br \/>\nTemp\u00e9rature minimale \u2013 \u00b0C -20 \u00b0C<\/p>\n","protected":false},"excerpt":{"rendered":"<p>Emile Henry a \u00e9t\u00e9 fond\u00e9 en 1850. Les c\u00e9ramiques Emile Henry permettent une diffusion progressive de la chaleur pour une cuisson \u00e0 basse temp\u00e9rature des aliments afin de pr\u00e9server les saveurs et les ar\u00f4mes ainsi que les \u00e9l\u00e9ments naturels des aliments. La cuisson saine \u00e0 basse temp\u00e9rature des c\u00e9ramiques Emile Henry maintient les saveurs, pr\u00e9serve [&hellip;]<\/p>\n","protected":false},"featured_media":6369904,"template":"","meta":{"_acf_changed":false},"product_cat":[11667,12050,11991],"product_tag":[],"class_list":{"0":"post-64938","1":"product","2":"type-product","3":"status-publish","4":"has-post-thumbnail","6":"product_cat-padelle-pentole","7":"product_cat-plats-et-casseroles-a-four","8":"product_cat-poeles-pots","10":"first","11":"instock","12":"sale","13":"taxable","14":"shipping-taxable","15":"purchasable","16":"product-type-simple","swatches":"rey-swatches","show_selected":"","stretch_labels":"rey-swatches--stretch-labels"},"acf":[],"yoast_head":"<!-- This site is optimized with the Yoast SEO plugin v25.4 - https:\/\/yoast.com\/wordpress\/plugins\/seo\/ -->\n<title>EMILE HENRY Pizza stone R\u00e9fractaire Grand Cru - dev6 Erresse<\/title>\n<meta name=\"description\" content=\"Emile Henry a \u00e9t\u00e9 fond\u00e9 en 1850. Les c\u00e9ramiques Emile Henry permettent une diffusion progressive de la chaleur pour une cuisson \u00e0 basse temp\u00e9rature des\" \/>\n<meta name=\"robots\" content=\"noindex, follow, max-snippet:-1, max-image-preview:large, max-video-preview:-1\" \/>\n<meta property=\"og:locale\" content=\"fr_FR\" \/>\n<meta property=\"og:type\" content=\"article\" \/>\n<meta property=\"og:title\" content=\"EMILE HENRY Pizza stone R\u00e9fractaire Grand Cru - dev6 Erresse\" \/>\n<meta property=\"og:description\" content=\"Emile Henry a \u00e9t\u00e9 fond\u00e9 en 1850. Les c\u00e9ramiques Emile Henry permettent une diffusion progressive de la chaleur pour une cuisson \u00e0 basse temp\u00e9rature des\" \/>\n<meta property=\"og:url\" content=\"https:\/\/dev6.erresse-shop.it\/fr\/shop\/poeles-pots\/plats-et-casseroles-a-four\/emile-henry-pizza-stone-refractaire-grand-cru\/\" \/>\n<meta property=\"og:site_name\" content=\"dev6 Erresse\" \/>\n<meta property=\"og:image\" content=\"https:\/\/interpim.erresse-shop.it\/Import\/Prodotti\/emile-henry-pietra-refrattaria-per-pizza-grand-cru.jpg\" \/><meta property=\"og:image\" content=\"https:\/\/interpim.erresse-shop.it\/Import\/Prodotti\/emile-henry-pietra-refrattaria-per-pizza-grand-cru.jpg\" \/>\n\t<meta property=\"og:image:width\" content=\"1024\" \/>\n\t<meta property=\"og:image:height\" content=\"1024\" \/>\n\t<meta property=\"og:image:type\" content=\"image\/jpeg\" \/>\n<meta name=\"twitter:card\" content=\"summary_large_image\" \/>\n<meta name=\"twitter:image\" content=\"https:\/\/interpim.erresse-shop.it\/Import\/Prodotti\/emile-henry-pietra-refrattaria-per-pizza-grand-cru.jpg\" \/>\n<script type=\"application\/ld+json\" class=\"yoast-schema-graph\">{\"@context\":\"https:\/\/schema.org\",\"@graph\":[{\"@type\":\"WebPage\",\"@id\":\"https:\/\/dev6.erresse-shop.it\/fr\/shop\/poeles-pots\/plats-et-casseroles-a-four\/emile-henry-pizza-stone-refractaire-grand-cru\/\",\"url\":\"https:\/\/dev6.erresse-shop.it\/fr\/shop\/poeles-pots\/plats-et-casseroles-a-four\/emile-henry-pizza-stone-refractaire-grand-cru\/\",\"name\":\"EMILE HENRY Pizza stone R\u00e9fractaire Grand Cru - dev6 Erresse\",\"isPartOf\":{\"@id\":\"https:\/\/dev6.erresse-shop.it\/#website\"},\"primaryImageOfPage\":{\"@id\":\"https:\/\/dev6.erresse-shop.it\/fr\/shop\/poeles-pots\/plats-et-casseroles-a-four\/emile-henry-pizza-stone-refractaire-grand-cru\/#primaryimage\"},\"image\":{\"@id\":\"https:\/\/dev6.erresse-shop.it\/fr\/shop\/poeles-pots\/plats-et-casseroles-a-four\/emile-henry-pizza-stone-refractaire-grand-cru\/#primaryimage\"},\"thumbnailUrl\":\"https:\/\/i3.wp.com\/interpim.erresse-shop.it\/Import\/Prodotti\/emile-henry-pietra-refrattaria-per-pizza-grand-cru.jpg?ssl=1\",\"datePublished\":\"2026-04-12T09:46:56+00:00\",\"description\":\"Emile Henry a \u00e9t\u00e9 fond\u00e9 en 1850. Les c\u00e9ramiques Emile Henry permettent une diffusion progressive de la chaleur pour une cuisson \u00e0 basse temp\u00e9rature des\",\"breadcrumb\":{\"@id\":\"https:\/\/dev6.erresse-shop.it\/fr\/shop\/poeles-pots\/plats-et-casseroles-a-four\/emile-henry-pizza-stone-refractaire-grand-cru\/#breadcrumb\"},\"inLanguage\":\"fr-FR\",\"potentialAction\":[{\"@type\":\"ReadAction\",\"target\":[\"https:\/\/dev6.erresse-shop.it\/fr\/shop\/poeles-pots\/plats-et-casseroles-a-four\/emile-henry-pizza-stone-refractaire-grand-cru\/\"]}]},{\"@type\":\"ImageObject\",\"inLanguage\":\"fr-FR\",\"@id\":\"https:\/\/dev6.erresse-shop.it\/fr\/shop\/poeles-pots\/plats-et-casseroles-a-four\/emile-henry-pizza-stone-refractaire-grand-cru\/#primaryimage\",\"url\":\"https:\/\/i3.wp.com\/interpim.erresse-shop.it\/Import\/Prodotti\/emile-henry-pietra-refrattaria-per-pizza-grand-cru.jpg?ssl=1\",\"contentUrl\":\"https:\/\/i3.wp.com\/interpim.erresse-shop.it\/Import\/Prodotti\/emile-henry-pietra-refrattaria-per-pizza-grand-cru.jpg?ssl=1\"},{\"@type\":\"BreadcrumbList\",\"@id\":\"https:\/\/dev6.erresse-shop.it\/fr\/shop\/poeles-pots\/plats-et-casseroles-a-four\/emile-henry-pizza-stone-refractaire-grand-cru\/#breadcrumb\",\"itemListElement\":[{\"@type\":\"ListItem\",\"position\":1,\"name\":\"Home\",\"item\":\"https:\/\/dev6.erresse-shop.it\/\"},{\"@type\":\"ListItem\",\"position\":2,\"name\":\"Boutique\",\"item\":\"https:\/\/dev6.erresse-shop.it\/shop\/\"},{\"@type\":\"ListItem\",\"position\":3,\"name\":\"EMILE HENRY Pizza stone R\u00e9fractaire Grand Cru\"}]},{\"@type\":\"WebSite\",\"@id\":\"https:\/\/dev6.erresse-shop.it\/#website\",\"url\":\"https:\/\/dev6.erresse-shop.it\/\",\"name\":\"Erresse Shop\",\"description\":\"\",\"publisher\":{\"@id\":\"https:\/\/dev6.erresse-shop.it\/#organization\"},\"potentialAction\":[{\"@type\":\"SearchAction\",\"target\":{\"@type\":\"EntryPoint\",\"urlTemplate\":\"https:\/\/dev6.erresse-shop.it\/?s={search_term_string}\"},\"query-input\":{\"@type\":\"PropertyValueSpecification\",\"valueRequired\":true,\"valueName\":\"search_term_string\"}}],\"inLanguage\":\"fr-FR\"},{\"@type\":\"Organization\",\"@id\":\"https:\/\/dev6.erresse-shop.it\/#organization\",\"name\":\"Erresse Shop\",\"url\":\"https:\/\/dev6.erresse-shop.it\/\",\"logo\":{\"@type\":\"ImageObject\",\"inLanguage\":\"fr-FR\",\"@id\":\"https:\/\/dev6.erresse-shop.it\/#\/schema\/logo\/image\/\",\"url\":\"https:\/\/dev6.erresse-shop.it\/wp-content\/uploads\/2025\/01\/LOGO-ERRESSE-CLASSICO.svg\",\"contentUrl\":\"https:\/\/dev6.erresse-shop.it\/wp-content\/uploads\/2025\/01\/LOGO-ERRESSE-CLASSICO.svg\",\"caption\":\"Erresse Shop\"},\"image\":{\"@id\":\"https:\/\/dev6.erresse-shop.it\/#\/schema\/logo\/image\/\"}}]}<\/script>\n<!-- \/ Yoast SEO plugin. -->","yoast_head_json":{"title":"EMILE HENRY Pizza stone R\u00e9fractaire Grand Cru - dev6 Erresse","description":"Emile Henry a \u00e9t\u00e9 fond\u00e9 en 1850. Les c\u00e9ramiques Emile Henry permettent une diffusion progressive de la chaleur pour une cuisson \u00e0 basse temp\u00e9rature des","robots":{"index":"noindex","follow":"follow","max-snippet":"max-snippet:-1","max-image-preview":"max-image-preview:large","max-video-preview":"max-video-preview:-1"},"og_locale":"fr_FR","og_type":"article","og_title":"EMILE HENRY Pizza stone R\u00e9fractaire Grand Cru - dev6 Erresse","og_description":"Emile Henry a \u00e9t\u00e9 fond\u00e9 en 1850. Les c\u00e9ramiques Emile Henry permettent une diffusion progressive de la chaleur pour une cuisson \u00e0 basse temp\u00e9rature des","og_url":"https:\/\/dev6.erresse-shop.it\/fr\/shop\/poeles-pots\/plats-et-casseroles-a-four\/emile-henry-pizza-stone-refractaire-grand-cru\/","og_site_name":"dev6 Erresse","og_image":[{"url":"https:\/\/interpim.erresse-shop.it\/Import\/Prodotti\/emile-henry-pietra-refrattaria-per-pizza-grand-cru.jpg","type":"","width":"","height":""},{"url":"https:\/\/interpim.erresse-shop.it\/Import\/Prodotti\/emile-henry-pietra-refrattaria-per-pizza-grand-cru.jpg","width":1024,"height":1024,"type":"image\/jpeg"}],"twitter_card":"summary_large_image","twitter_image":"https:\/\/interpim.erresse-shop.it\/Import\/Prodotti\/emile-henry-pietra-refrattaria-per-pizza-grand-cru.jpg","schema":{"@context":"https:\/\/schema.org","@graph":[{"@type":"WebPage","@id":"https:\/\/dev6.erresse-shop.it\/fr\/shop\/poeles-pots\/plats-et-casseroles-a-four\/emile-henry-pizza-stone-refractaire-grand-cru\/","url":"https:\/\/dev6.erresse-shop.it\/fr\/shop\/poeles-pots\/plats-et-casseroles-a-four\/emile-henry-pizza-stone-refractaire-grand-cru\/","name":"EMILE HENRY Pizza stone R\u00e9fractaire Grand Cru - dev6 Erresse","isPartOf":{"@id":"https:\/\/dev6.erresse-shop.it\/#website"},"primaryImageOfPage":{"@id":"https:\/\/dev6.erresse-shop.it\/fr\/shop\/poeles-pots\/plats-et-casseroles-a-four\/emile-henry-pizza-stone-refractaire-grand-cru\/#primaryimage"},"image":{"@id":"https:\/\/dev6.erresse-shop.it\/fr\/shop\/poeles-pots\/plats-et-casseroles-a-four\/emile-henry-pizza-stone-refractaire-grand-cru\/#primaryimage"},"thumbnailUrl":"https:\/\/i3.wp.com\/interpim.erresse-shop.it\/Import\/Prodotti\/emile-henry-pietra-refrattaria-per-pizza-grand-cru.jpg?ssl=1","datePublished":"2026-04-12T09:46:56+00:00","description":"Emile Henry a \u00e9t\u00e9 fond\u00e9 en 1850. Les c\u00e9ramiques Emile Henry permettent une diffusion progressive de la chaleur pour une cuisson \u00e0 basse temp\u00e9rature des","breadcrumb":{"@id":"https:\/\/dev6.erresse-shop.it\/fr\/shop\/poeles-pots\/plats-et-casseroles-a-four\/emile-henry-pizza-stone-refractaire-grand-cru\/#breadcrumb"},"inLanguage":"fr-FR","potentialAction":[{"@type":"ReadAction","target":["https:\/\/dev6.erresse-shop.it\/fr\/shop\/poeles-pots\/plats-et-casseroles-a-four\/emile-henry-pizza-stone-refractaire-grand-cru\/"]}]},{"@type":"ImageObject","inLanguage":"fr-FR","@id":"https:\/\/dev6.erresse-shop.it\/fr\/shop\/poeles-pots\/plats-et-casseroles-a-four\/emile-henry-pizza-stone-refractaire-grand-cru\/#primaryimage","url":"https:\/\/i3.wp.com\/interpim.erresse-shop.it\/Import\/Prodotti\/emile-henry-pietra-refrattaria-per-pizza-grand-cru.jpg?ssl=1","contentUrl":"https:\/\/i3.wp.com\/interpim.erresse-shop.it\/Import\/Prodotti\/emile-henry-pietra-refrattaria-per-pizza-grand-cru.jpg?ssl=1"},{"@type":"BreadcrumbList","@id":"https:\/\/dev6.erresse-shop.it\/fr\/shop\/poeles-pots\/plats-et-casseroles-a-four\/emile-henry-pizza-stone-refractaire-grand-cru\/#breadcrumb","itemListElement":[{"@type":"ListItem","position":1,"name":"Home","item":"https:\/\/dev6.erresse-shop.it\/"},{"@type":"ListItem","position":2,"name":"Boutique","item":"https:\/\/dev6.erresse-shop.it\/shop\/"},{"@type":"ListItem","position":3,"name":"EMILE HENRY Pizza stone R\u00e9fractaire Grand Cru"}]},{"@type":"WebSite","@id":"https:\/\/dev6.erresse-shop.it\/#website","url":"https:\/\/dev6.erresse-shop.it\/","name":"Erresse Shop","description":"","publisher":{"@id":"https:\/\/dev6.erresse-shop.it\/#organization"},"potentialAction":[{"@type":"SearchAction","target":{"@type":"EntryPoint","urlTemplate":"https:\/\/dev6.erresse-shop.it\/?s={search_term_string}"},"query-input":{"@type":"PropertyValueSpecification","valueRequired":true,"valueName":"search_term_string"}}],"inLanguage":"fr-FR"},{"@type":"Organization","@id":"https:\/\/dev6.erresse-shop.it\/#organization","name":"Erresse Shop","url":"https:\/\/dev6.erresse-shop.it\/","logo":{"@type":"ImageObject","inLanguage":"fr-FR","@id":"https:\/\/dev6.erresse-shop.it\/#\/schema\/logo\/image\/","url":"https:\/\/dev6.erresse-shop.it\/wp-content\/uploads\/2025\/01\/LOGO-ERRESSE-CLASSICO.svg","contentUrl":"https:\/\/dev6.erresse-shop.it\/wp-content\/uploads\/2025\/01\/LOGO-ERRESSE-CLASSICO.svg","caption":"Erresse Shop"},"image":{"@id":"https:\/\/dev6.erresse-shop.it\/#\/schema\/logo\/image\/"}}]}},"df_price":69,"df_sale_price":69,"df_regular_price":89.9,"df_image_link":"https:\/\/i3.wp.com\/interpim.erresse-shop.it\/Import\/Prodotti\/emile-henry-pietra-refrattaria-per-pizza-grand-cru.jpg?resize=300,300&ssl=1","fifu_image_url":"https:\/\/interpim.erresse-shop.it\/Import\/Prodotti\/emile-henry-pietra-refrattaria-per-pizza-grand-cru.jpg","_links":{"self":[{"href":"https:\/\/dev6.erresse-shop.it\/fr\/wp-json\/wp\/v2\/product\/64938","targetHints":{"allow":["GET"]}}],"collection":[{"href":"https:\/\/dev6.erresse-shop.it\/fr\/wp-json\/wp\/v2\/product"}],"about":[{"href":"https:\/\/dev6.erresse-shop.it\/fr\/wp-json\/wp\/v2\/types\/product"}],"wp:featuredmedia":[{"embeddable":true,"href":"https:\/\/dev6.erresse-shop.it\/fr\/wp-json\/wp\/v2\/media\/6369904"}],"wp:attachment":[{"href":"https:\/\/dev6.erresse-shop.it\/fr\/wp-json\/wp\/v2\/media?parent=64938"}],"wp:term":[{"taxonomy":"product_cat","embeddable":true,"href":"https:\/\/dev6.erresse-shop.it\/fr\/wp-json\/wp\/v2\/product_cat?post=64938"},{"taxonomy":"product_tag","embeddable":true,"href":"https:\/\/dev6.erresse-shop.it\/fr\/wp-json\/wp\/v2\/product_tag?post=64938"}],"curies":[{"name":"wp","href":"https:\/\/api.w.org\/{rel}","templated":true}]}}