{"id":64934,"date":"2026-04-12T11:46:56","date_gmt":"2026-04-12T09:46:56","guid":{"rendered":"https:\/\/dev6.erresse-shop.it\/shop\/non%20class\u00e9\/emile-henry-moule-a-baguette-grand-cru\/"},"modified":"2025-09-14T05:53:58","modified_gmt":"2025-09-14T03:53:58","slug":"emile-henry-moule-a-baguette-grand-cru","status":"publish","type":"product","link":"https:\/\/dev6.erresse-shop.it\/fr\/shop\/poeles-pots\/emile-henry-moule-a-baguette-grand-cru\/","title":{"rendered":"EMILE HENRY Moule \u00e0 baguette Grand Cru"},"content":{"rendered":"<p>Impossible n\u2019est pas un mot fran\u00e7ais, alors nous avons pens\u00e9 \u00e0 un moule \u00e0 baguette pour que vous puissiez cr\u00e9er le v\u00f4tre !<br \/>\nVous sentirez le parfum du pain chaud qui r\u00e9veille doucement la maison, et des canap\u00e9s \u00e0 la fine cro\u00fbte croustillante et \u00e0 la mie moelleuse tremp\u00e9e dans le caf\u00e9 et le lait du matin !<br \/>\nAdapt\u00e9 \u00e0 votre four, notre moule \u00e0 Baguette en c\u00e9ramique vous permet de cuire des baguettes en cuisine, comme dans une vraie boulangerie. Gr\u00e2ce \u00e0 sa c\u00e9ramique r\u00e9fractaire, il garantit une cuisson parfaite et uniforme et donne \u00e0 la p\u00e2te sa silhouette incomparable.<br \/>\nMais si la forme est unique, vos baguettes peuvent varier leur saveur \u00e0 l\u2019infini : m\u00e9langes de farines avec et sans gluten, baguettes aux graines, pain brioch\u00e9 aux fruits confits ou aux p\u00e9pites de chocolat\u2026 La seule limite est l\u2019envie de gourmandise !<br \/>\nChaque fourn\u00e9e vous procurera la satisfaction de p\u00e9trir la p\u00e2te de vos baguettes, de les voir lever, de les sentir pendant la cuisson et de les grignoter d\u00e8s leur sortie du four, chaudes et croustillantes\u2026 En un mot, de donner vie \u00e0 l\u2019art du pain fran\u00e7ais dans votre maison.<br \/>\nNotre conseil : si vous aimez les baguettes bien cuites, pensez \u00e0 retirer le couvercle du moule \u00e0 baguette quelques minutes avant la fin de la cuisson. Les poign\u00e9es int\u00e9gr\u00e9es vous permettront de le manipuler facilement.<\/p>\n<p>Longueur \/ Diam\u00e8tre : 39,5 cm<br \/>\nLargeur\u00a0: 23 cm<br \/>\nHauteur : 10 cm<br \/>\nLongueur interne \/ Diam\u00e8tre : 36,5 cm<br \/>\nHauteur int\u00e9rieure : 2,5 cm<br \/>\nCapacit\u00e9 utile : 0,5 L<br \/>\nPoids \u2013 KG\u00a0: 3,36 KG<br \/>\nTemp\u00e9rature maximale\u00a0: 270 \u00b0C<br \/>\nTemp\u00e9rature minimale\u00a0: -20 \u00b0C<\/p>\n","protected":false},"excerpt":{"rendered":"<p>Impossible n\u2019est pas un mot fran\u00e7ais, alors nous avons pens\u00e9 \u00e0 un moule \u00e0 baguette pour que vous puissiez cr\u00e9er le v\u00f4tre ! Vous sentirez le parfum du pain chaud qui r\u00e9veille doucement la maison, et des canap\u00e9s \u00e0 la fine cro\u00fbte croustillante et \u00e0 la mie moelleuse tremp\u00e9e dans le caf\u00e9 et le lait [&hellip;]<\/p>\n","protected":false},"featured_media":6369883,"template":"","meta":{"_acf_changed":false},"product_cat":[12056,11991],"product_tag":[],"class_list":{"0":"post-64934","1":"product","2":"type-product","3":"status-publish","4":"has-post-thumbnail","6":"product_cat-cuiseur-a-pain","7":"product_cat-poeles-pots","9":"first","10":"instock","11":"sale","12":"taxable","13":"shipping-taxable","14":"purchasable","15":"product-type-simple","swatches":"rey-swatches","show_selected":"","stretch_labels":"rey-swatches--stretch-labels"},"acf":[],"yoast_head":"<!-- This site is optimized with the Yoast SEO plugin v25.4 - https:\/\/yoast.com\/wordpress\/plugins\/seo\/ -->\n<title>EMILE HENRY Moule \u00e0 baguette Grand Cru - dev6 Erresse<\/title>\n<meta name=\"description\" content=\"Impossible n\u2019est pas un mot fran\u00e7ais, alors nous avons pens\u00e9 \u00e0 un moule \u00e0 baguette pour que vous puissiez cr\u00e9er le v\u00f4tre ! Vous sentirez le parfum du pain\" \/>\n<meta name=\"robots\" content=\"noindex, follow, max-snippet:-1, max-image-preview:large, max-video-preview:-1\" \/>\n<meta property=\"og:locale\" content=\"fr_FR\" \/>\n<meta property=\"og:type\" content=\"article\" \/>\n<meta property=\"og:title\" content=\"EMILE HENRY Moule \u00e0 baguette Grand Cru - dev6 Erresse\" \/>\n<meta property=\"og:description\" content=\"Impossible n\u2019est pas un mot fran\u00e7ais, alors nous avons pens\u00e9 \u00e0 un moule \u00e0 baguette pour que vous puissiez cr\u00e9er le v\u00f4tre ! Vous sentirez le parfum du pain\" \/>\n<meta property=\"og:url\" content=\"https:\/\/dev6.erresse-shop.it\/fr\/shop\/poeles-pots\/emile-henry-moule-a-baguette-grand-cru\/\" \/>\n<meta property=\"og:site_name\" content=\"dev6 Erresse\" \/>\n<meta property=\"og:image\" content=\"https:\/\/interpim.erresse-shop.it\/Import\/Prodotti\/emile-henry-stampo-per-baguette-grand-cru.jpg\" \/><meta property=\"og:image\" content=\"https:\/\/interpim.erresse-shop.it\/Import\/Prodotti\/emile-henry-stampo-per-baguette-grand-cru.jpg\" \/>\n\t<meta property=\"og:image:width\" content=\"1024\" \/>\n\t<meta property=\"og:image:height\" content=\"1024\" \/>\n\t<meta property=\"og:image:type\" content=\"image\/jpeg\" \/>\n<meta name=\"twitter:card\" content=\"summary_large_image\" \/>\n<meta name=\"twitter:image\" content=\"https:\/\/interpim.erresse-shop.it\/Import\/Prodotti\/emile-henry-stampo-per-baguette-grand-cru.jpg\" \/>\n<script type=\"application\/ld+json\" class=\"yoast-schema-graph\">{\"@context\":\"https:\/\/schema.org\",\"@graph\":[{\"@type\":\"WebPage\",\"@id\":\"https:\/\/dev6.erresse-shop.it\/fr\/shop\/poeles-pots\/emile-henry-moule-a-baguette-grand-cru\/\",\"url\":\"https:\/\/dev6.erresse-shop.it\/fr\/shop\/poeles-pots\/emile-henry-moule-a-baguette-grand-cru\/\",\"name\":\"EMILE HENRY Moule \u00e0 baguette Grand Cru - dev6 Erresse\",\"isPartOf\":{\"@id\":\"https:\/\/dev6.erresse-shop.it\/#website\"},\"primaryImageOfPage\":{\"@id\":\"https:\/\/dev6.erresse-shop.it\/fr\/shop\/poeles-pots\/emile-henry-moule-a-baguette-grand-cru\/#primaryimage\"},\"image\":{\"@id\":\"https:\/\/dev6.erresse-shop.it\/fr\/shop\/poeles-pots\/emile-henry-moule-a-baguette-grand-cru\/#primaryimage\"},\"thumbnailUrl\":\"https:\/\/i1.wp.com\/interpim.erresse-shop.it\/Import\/Prodotti\/emile-henry-stampo-per-baguette-grand-cru.jpg?ssl=1\",\"datePublished\":\"2026-04-12T09:46:56+00:00\",\"description\":\"Impossible n\u2019est pas un mot fran\u00e7ais, alors nous avons pens\u00e9 \u00e0 un moule \u00e0 baguette pour que vous puissiez cr\u00e9er le v\u00f4tre ! Vous sentirez le parfum du pain\",\"breadcrumb\":{\"@id\":\"https:\/\/dev6.erresse-shop.it\/fr\/shop\/poeles-pots\/emile-henry-moule-a-baguette-grand-cru\/#breadcrumb\"},\"inLanguage\":\"fr-FR\",\"potentialAction\":[{\"@type\":\"ReadAction\",\"target\":[\"https:\/\/dev6.erresse-shop.it\/fr\/shop\/poeles-pots\/emile-henry-moule-a-baguette-grand-cru\/\"]}]},{\"@type\":\"ImageObject\",\"inLanguage\":\"fr-FR\",\"@id\":\"https:\/\/dev6.erresse-shop.it\/fr\/shop\/poeles-pots\/emile-henry-moule-a-baguette-grand-cru\/#primaryimage\",\"url\":\"https:\/\/i1.wp.com\/interpim.erresse-shop.it\/Import\/Prodotti\/emile-henry-stampo-per-baguette-grand-cru.jpg?ssl=1\",\"contentUrl\":\"https:\/\/i1.wp.com\/interpim.erresse-shop.it\/Import\/Prodotti\/emile-henry-stampo-per-baguette-grand-cru.jpg?ssl=1\"},{\"@type\":\"BreadcrumbList\",\"@id\":\"https:\/\/dev6.erresse-shop.it\/fr\/shop\/poeles-pots\/emile-henry-moule-a-baguette-grand-cru\/#breadcrumb\",\"itemListElement\":[{\"@type\":\"ListItem\",\"position\":1,\"name\":\"Home\",\"item\":\"https:\/\/dev6.erresse-shop.it\/\"},{\"@type\":\"ListItem\",\"position\":2,\"name\":\"Boutique\",\"item\":\"https:\/\/dev6.erresse-shop.it\/shop\/\"},{\"@type\":\"ListItem\",\"position\":3,\"name\":\"EMILE HENRY Moule \u00e0 baguette Grand Cru\"}]},{\"@type\":\"WebSite\",\"@id\":\"https:\/\/dev6.erresse-shop.it\/#website\",\"url\":\"https:\/\/dev6.erresse-shop.it\/\",\"name\":\"Erresse Shop\",\"description\":\"\",\"publisher\":{\"@id\":\"https:\/\/dev6.erresse-shop.it\/#organization\"},\"potentialAction\":[{\"@type\":\"SearchAction\",\"target\":{\"@type\":\"EntryPoint\",\"urlTemplate\":\"https:\/\/dev6.erresse-shop.it\/?s={search_term_string}\"},\"query-input\":{\"@type\":\"PropertyValueSpecification\",\"valueRequired\":true,\"valueName\":\"search_term_string\"}}],\"inLanguage\":\"fr-FR\"},{\"@type\":\"Organization\",\"@id\":\"https:\/\/dev6.erresse-shop.it\/#organization\",\"name\":\"Erresse Shop\",\"url\":\"https:\/\/dev6.erresse-shop.it\/\",\"logo\":{\"@type\":\"ImageObject\",\"inLanguage\":\"fr-FR\",\"@id\":\"https:\/\/dev6.erresse-shop.it\/#\/schema\/logo\/image\/\",\"url\":\"https:\/\/dev6.erresse-shop.it\/wp-content\/uploads\/2025\/01\/LOGO-ERRESSE-CLASSICO.svg\",\"contentUrl\":\"https:\/\/dev6.erresse-shop.it\/wp-content\/uploads\/2025\/01\/LOGO-ERRESSE-CLASSICO.svg\",\"caption\":\"Erresse Shop\"},\"image\":{\"@id\":\"https:\/\/dev6.erresse-shop.it\/#\/schema\/logo\/image\/\"}}]}<\/script>\n<!-- \/ Yoast SEO plugin. -->","yoast_head_json":{"title":"EMILE HENRY Moule \u00e0 baguette Grand Cru - dev6 Erresse","description":"Impossible n\u2019est pas un mot fran\u00e7ais, alors nous avons pens\u00e9 \u00e0 un moule \u00e0 baguette pour que vous puissiez cr\u00e9er le v\u00f4tre ! Vous sentirez le parfum du pain","robots":{"index":"noindex","follow":"follow","max-snippet":"max-snippet:-1","max-image-preview":"max-image-preview:large","max-video-preview":"max-video-preview:-1"},"og_locale":"fr_FR","og_type":"article","og_title":"EMILE HENRY Moule \u00e0 baguette Grand Cru - dev6 Erresse","og_description":"Impossible n\u2019est pas un mot fran\u00e7ais, alors nous avons pens\u00e9 \u00e0 un moule \u00e0 baguette pour que vous puissiez cr\u00e9er le v\u00f4tre ! Vous sentirez le parfum du pain","og_url":"https:\/\/dev6.erresse-shop.it\/fr\/shop\/poeles-pots\/emile-henry-moule-a-baguette-grand-cru\/","og_site_name":"dev6 Erresse","og_image":[{"url":"https:\/\/interpim.erresse-shop.it\/Import\/Prodotti\/emile-henry-stampo-per-baguette-grand-cru.jpg","type":"","width":"","height":""},{"url":"https:\/\/interpim.erresse-shop.it\/Import\/Prodotti\/emile-henry-stampo-per-baguette-grand-cru.jpg","width":1024,"height":1024,"type":"image\/jpeg"}],"twitter_card":"summary_large_image","twitter_image":"https:\/\/interpim.erresse-shop.it\/Import\/Prodotti\/emile-henry-stampo-per-baguette-grand-cru.jpg","schema":{"@context":"https:\/\/schema.org","@graph":[{"@type":"WebPage","@id":"https:\/\/dev6.erresse-shop.it\/fr\/shop\/poeles-pots\/emile-henry-moule-a-baguette-grand-cru\/","url":"https:\/\/dev6.erresse-shop.it\/fr\/shop\/poeles-pots\/emile-henry-moule-a-baguette-grand-cru\/","name":"EMILE HENRY Moule \u00e0 baguette Grand Cru - dev6 Erresse","isPartOf":{"@id":"https:\/\/dev6.erresse-shop.it\/#website"},"primaryImageOfPage":{"@id":"https:\/\/dev6.erresse-shop.it\/fr\/shop\/poeles-pots\/emile-henry-moule-a-baguette-grand-cru\/#primaryimage"},"image":{"@id":"https:\/\/dev6.erresse-shop.it\/fr\/shop\/poeles-pots\/emile-henry-moule-a-baguette-grand-cru\/#primaryimage"},"thumbnailUrl":"https:\/\/i1.wp.com\/interpim.erresse-shop.it\/Import\/Prodotti\/emile-henry-stampo-per-baguette-grand-cru.jpg?ssl=1","datePublished":"2026-04-12T09:46:56+00:00","description":"Impossible n\u2019est pas un mot fran\u00e7ais, alors nous avons pens\u00e9 \u00e0 un moule \u00e0 baguette pour que vous puissiez cr\u00e9er le v\u00f4tre ! Vous sentirez le parfum du pain","breadcrumb":{"@id":"https:\/\/dev6.erresse-shop.it\/fr\/shop\/poeles-pots\/emile-henry-moule-a-baguette-grand-cru\/#breadcrumb"},"inLanguage":"fr-FR","potentialAction":[{"@type":"ReadAction","target":["https:\/\/dev6.erresse-shop.it\/fr\/shop\/poeles-pots\/emile-henry-moule-a-baguette-grand-cru\/"]}]},{"@type":"ImageObject","inLanguage":"fr-FR","@id":"https:\/\/dev6.erresse-shop.it\/fr\/shop\/poeles-pots\/emile-henry-moule-a-baguette-grand-cru\/#primaryimage","url":"https:\/\/i1.wp.com\/interpim.erresse-shop.it\/Import\/Prodotti\/emile-henry-stampo-per-baguette-grand-cru.jpg?ssl=1","contentUrl":"https:\/\/i1.wp.com\/interpim.erresse-shop.it\/Import\/Prodotti\/emile-henry-stampo-per-baguette-grand-cru.jpg?ssl=1"},{"@type":"BreadcrumbList","@id":"https:\/\/dev6.erresse-shop.it\/fr\/shop\/poeles-pots\/emile-henry-moule-a-baguette-grand-cru\/#breadcrumb","itemListElement":[{"@type":"ListItem","position":1,"name":"Home","item":"https:\/\/dev6.erresse-shop.it\/"},{"@type":"ListItem","position":2,"name":"Boutique","item":"https:\/\/dev6.erresse-shop.it\/shop\/"},{"@type":"ListItem","position":3,"name":"EMILE HENRY Moule \u00e0 baguette Grand Cru"}]},{"@type":"WebSite","@id":"https:\/\/dev6.erresse-shop.it\/#website","url":"https:\/\/dev6.erresse-shop.it\/","name":"Erresse Shop","description":"","publisher":{"@id":"https:\/\/dev6.erresse-shop.it\/#organization"},"potentialAction":[{"@type":"SearchAction","target":{"@type":"EntryPoint","urlTemplate":"https:\/\/dev6.erresse-shop.it\/?s={search_term_string}"},"query-input":{"@type":"PropertyValueSpecification","valueRequired":true,"valueName":"search_term_string"}}],"inLanguage":"fr-FR"},{"@type":"Organization","@id":"https:\/\/dev6.erresse-shop.it\/#organization","name":"Erresse Shop","url":"https:\/\/dev6.erresse-shop.it\/","logo":{"@type":"ImageObject","inLanguage":"fr-FR","@id":"https:\/\/dev6.erresse-shop.it\/#\/schema\/logo\/image\/","url":"https:\/\/dev6.erresse-shop.it\/wp-content\/uploads\/2025\/01\/LOGO-ERRESSE-CLASSICO.svg","contentUrl":"https:\/\/dev6.erresse-shop.it\/wp-content\/uploads\/2025\/01\/LOGO-ERRESSE-CLASSICO.svg","caption":"Erresse Shop"},"image":{"@id":"https:\/\/dev6.erresse-shop.it\/#\/schema\/logo\/image\/"}}]}},"df_price":94.95,"df_sale_price":94.95,"df_regular_price":134.9,"df_image_link":"https:\/\/i1.wp.com\/interpim.erresse-shop.it\/Import\/Prodotti\/emile-henry-stampo-per-baguette-grand-cru.jpg?resize=300,300&ssl=1","fifu_image_url":"https:\/\/interpim.erresse-shop.it\/Import\/Prodotti\/emile-henry-stampo-per-baguette-grand-cru.jpg","_links":{"self":[{"href":"https:\/\/dev6.erresse-shop.it\/fr\/wp-json\/wp\/v2\/product\/64934","targetHints":{"allow":["GET"]}}],"collection":[{"href":"https:\/\/dev6.erresse-shop.it\/fr\/wp-json\/wp\/v2\/product"}],"about":[{"href":"https:\/\/dev6.erresse-shop.it\/fr\/wp-json\/wp\/v2\/types\/product"}],"wp:featuredmedia":[{"embeddable":true,"href":"https:\/\/dev6.erresse-shop.it\/fr\/wp-json\/wp\/v2\/media\/6369883"}],"wp:attachment":[{"href":"https:\/\/dev6.erresse-shop.it\/fr\/wp-json\/wp\/v2\/media?parent=64934"}],"wp:term":[{"taxonomy":"product_cat","embeddable":true,"href":"https:\/\/dev6.erresse-shop.it\/fr\/wp-json\/wp\/v2\/product_cat?post=64934"},{"taxonomy":"product_tag","embeddable":true,"href":"https:\/\/dev6.erresse-shop.it\/fr\/wp-json\/wp\/v2\/product_tag?post=64934"}],"curies":[{"name":"wp","href":"https:\/\/api.w.org\/{rel}","templated":true}]}}