{"id":64930,"date":"2026-04-12T11:44:43","date_gmt":"2026-04-12T09:44:43","guid":{"rendered":"https:\/\/dev6.erresse-shop.it\/shop\/non%20class\u00e9\/villeroy-boch-toys-delight-la-petite-boule\/"},"modified":"2025-09-14T05:53:52","modified_gmt":"2025-09-14T03:53:52","slug":"villeroy-boch-toys-delight-la-petite-boule","status":"publish","type":"product","link":"https:\/\/dev6.erresse-shop.it\/fr\/shop\/table-fr-2\/plats\/villeroy-boch-toys-delight-la-petite-boule\/","title":{"rendered":"VILLEROY &#038; BOCH Toy&#8217;s Delight La Petite Boule"},"content":{"rendered":"<p>PASSE AU LAVE-VAISSELLE<br \/>\nMat\u00e9riau\u00a0:\u00a0Porcelaine de qualit\u00e9 sup\u00e9rieure<\/p>\n<p>Snacks et mobilier dans une combinaison \u00e9l\u00e9gante<br \/>\nLa Boule est un objet design d\u00e9j\u00e0 profond\u00e9ment ancr\u00e9 dans l\u2019ADN de Villeroy &amp; Boch e allie la force de la marque V&amp;B avec un savoir-faire en c\u00e9ramique et un design embl\u00e9matique. Nous continuons l\u2019histoire \u00e0 succ\u00e8s avec une \u201cIconic Family\u201d : Toy\u2019s Delight La petite Boule est la version plus petite de nos articles \u00e0 succ\u00e8s La Boule memphis, noir&amp;blanc, blanc et noir et Toy\u2019s Delight. En contrepartie de La Boule, qui allie salle \u00e0 manger et mobilier, la petite version associe plut\u00f4t petit snack et mobilier. En plus d\u2019\u00eatre un objet de collection exquis, Toy\u2019s Delight La petite Boule est \u00e9galement le choix parfait pour les connaisseurs au go\u00fbt raffin\u00e9 \u00e0 la recherche d\u2019un cadeau id\u00e9al pour No\u00ebl. Cette cr\u00e9ation sophistiqu\u00e9e allie une fonctionnalit\u00e9 de premi\u00e8re classe \u00e0 un design embl\u00e9matique et attire non seulement tous les regards sur la table de No\u00ebl, mais devient \u00e9galement un point fort absolu dans toute d\u00e9coration de No\u00ebl \u00e9l\u00e9gante. La particularit\u00e9 de ce set de table est sa transformation tr\u00e8s facile en sph\u00e8re artistique. L\u2019ensemble comprend cinq pi\u00e8ces, dont quatre bols et une assiette centrale, et est fabriqu\u00e9 en porcelaine de haute qualit\u00e9 fabriqu\u00e9e en Allemagne. Toy\u2019s Delight La petite Boule incarne l\u2019\u00e9l\u00e9gance intemporelle et la qualit\u00e9 de premier ordre. Procurez-vous d\u00e8s maintenant ce set de collations innovant\u00a0! L\u2019ensemble se compose de :<\/p>\n<p>2x Bol \u00e0 sauce, 60 ml<br \/>\n2x Bol de service, 220 ml<br \/>\n1x Soucoupe<\/p>\n","protected":false},"excerpt":{"rendered":"<p>PASSE AU LAVE-VAISSELLE Mat\u00e9riau\u00a0:\u00a0Porcelaine de qualit\u00e9 sup\u00e9rieure Snacks et mobilier dans une combinaison \u00e9l\u00e9gante La Boule est un objet design d\u00e9j\u00e0 profond\u00e9ment ancr\u00e9 dans l\u2019ADN de Villeroy &amp; Boch e allie la force de la marque V&amp;B avec un savoir-faire en c\u00e9ramique et un design embl\u00e9matique. Nous continuons l\u2019histoire \u00e0 succ\u00e8s avec une \u201cIconic Family\u201d [&hellip;]<\/p>\n","protected":false},"featured_media":6369870,"template":"","meta":{"_acf_changed":false},"product_cat":[12014,11995,11671],"product_tag":[],"class_list":{"0":"post-64930","1":"product","2":"type-product","3":"status-publish","4":"has-post-thumbnail","6":"product_cat-plats","7":"product_cat-table-fr-2","8":"product_cat-tavola","10":"first","11":"instock","12":"sale","13":"taxable","14":"shipping-taxable","15":"purchasable","16":"product-type-simple","swatches":"rey-swatches","show_selected":"","stretch_labels":"rey-swatches--stretch-labels"},"acf":[],"yoast_head":"<!-- This site is optimized with the Yoast SEO plugin v25.4 - https:\/\/yoast.com\/wordpress\/plugins\/seo\/ -->\n<title>VILLEROY &#038; BOCH Toy&#8217;s Delight La Petite Boule - dev6 Erresse<\/title>\n<meta name=\"description\" content=\"PASSE AU LAVE-VAISSELLE Mat\u00e9riau\u00a0:\u00a0Porcelaine de qualit\u00e9 sup\u00e9rieure Snacks et mobilier dans une combinaison \u00e9l\u00e9gante La Boule est un objet design d\u00e9j\u00e0\" \/>\n<meta name=\"robots\" content=\"noindex, follow, max-snippet:-1, max-image-preview:large, max-video-preview:-1\" \/>\n<meta property=\"og:locale\" content=\"fr_FR\" \/>\n<meta property=\"og:type\" content=\"article\" \/>\n<meta property=\"og:title\" content=\"VILLEROY &#038; BOCH Toy&#8217;s Delight La Petite Boule - dev6 Erresse\" \/>\n<meta property=\"og:description\" content=\"PASSE AU LAVE-VAISSELLE Mat\u00e9riau\u00a0:\u00a0Porcelaine de qualit\u00e9 sup\u00e9rieure Snacks et mobilier dans une combinaison \u00e9l\u00e9gante La Boule est un objet design d\u00e9j\u00e0\" \/>\n<meta property=\"og:url\" content=\"https:\/\/dev6.erresse-shop.it\/fr\/shop\/table-fr-2\/plats\/villeroy-boch-toys-delight-la-petite-boule\/\" \/>\n<meta property=\"og:site_name\" content=\"dev6 Erresse\" \/>\n<meta property=\"og:image\" content=\"https:\/\/interpim.erresse-shop.it\/img-catalogo\/villeroy\/villeroy-boch-toys-delight-la-petite-boule.jpg\" \/><meta property=\"og:image\" content=\"https:\/\/interpim.erresse-shop.it\/img-catalogo\/villeroy\/villeroy-boch-toys-delight-la-petite-boule.jpg\" \/>\n\t<meta property=\"og:image:width\" content=\"1024\" \/>\n\t<meta property=\"og:image:height\" content=\"1024\" \/>\n\t<meta property=\"og:image:type\" content=\"image\/jpeg\" \/>\n<meta name=\"twitter:card\" content=\"summary_large_image\" \/>\n<meta name=\"twitter:image\" content=\"https:\/\/interpim.erresse-shop.it\/img-catalogo\/villeroy\/villeroy-boch-toys-delight-la-petite-boule.jpg\" \/>\n<script type=\"application\/ld+json\" class=\"yoast-schema-graph\">{\"@context\":\"https:\/\/schema.org\",\"@graph\":[{\"@type\":\"WebPage\",\"@id\":\"https:\/\/dev6.erresse-shop.it\/fr\/shop\/table-fr-2\/plats\/villeroy-boch-toys-delight-la-petite-boule\/\",\"url\":\"https:\/\/dev6.erresse-shop.it\/fr\/shop\/table-fr-2\/plats\/villeroy-boch-toys-delight-la-petite-boule\/\",\"name\":\"VILLEROY &#038; BOCH Toy&#8217;s Delight La Petite Boule - dev6 Erresse\",\"isPartOf\":{\"@id\":\"https:\/\/dev6.erresse-shop.it\/#website\"},\"primaryImageOfPage\":{\"@id\":\"https:\/\/dev6.erresse-shop.it\/fr\/shop\/table-fr-2\/plats\/villeroy-boch-toys-delight-la-petite-boule\/#primaryimage\"},\"image\":{\"@id\":\"https:\/\/dev6.erresse-shop.it\/fr\/shop\/table-fr-2\/plats\/villeroy-boch-toys-delight-la-petite-boule\/#primaryimage\"},\"thumbnailUrl\":\"https:\/\/i1.wp.com\/interpim.erresse-shop.it\/img-catalogo\/villeroy\/villeroy-boch-toys-delight-la-petite-boule.jpg?ssl=1\",\"datePublished\":\"2026-04-12T09:44:43+00:00\",\"description\":\"PASSE AU LAVE-VAISSELLE Mat\u00e9riau\u00a0:\u00a0Porcelaine de qualit\u00e9 sup\u00e9rieure Snacks et mobilier dans une combinaison \u00e9l\u00e9gante La Boule est un objet design d\u00e9j\u00e0\",\"breadcrumb\":{\"@id\":\"https:\/\/dev6.erresse-shop.it\/fr\/shop\/table-fr-2\/plats\/villeroy-boch-toys-delight-la-petite-boule\/#breadcrumb\"},\"inLanguage\":\"fr-FR\",\"potentialAction\":[{\"@type\":\"ReadAction\",\"target\":[\"https:\/\/dev6.erresse-shop.it\/fr\/shop\/table-fr-2\/plats\/villeroy-boch-toys-delight-la-petite-boule\/\"]}]},{\"@type\":\"ImageObject\",\"inLanguage\":\"fr-FR\",\"@id\":\"https:\/\/dev6.erresse-shop.it\/fr\/shop\/table-fr-2\/plats\/villeroy-boch-toys-delight-la-petite-boule\/#primaryimage\",\"url\":\"https:\/\/i1.wp.com\/interpim.erresse-shop.it\/img-catalogo\/villeroy\/villeroy-boch-toys-delight-la-petite-boule.jpg?ssl=1\",\"contentUrl\":\"https:\/\/i1.wp.com\/interpim.erresse-shop.it\/img-catalogo\/villeroy\/villeroy-boch-toys-delight-la-petite-boule.jpg?ssl=1\"},{\"@type\":\"BreadcrumbList\",\"@id\":\"https:\/\/dev6.erresse-shop.it\/fr\/shop\/table-fr-2\/plats\/villeroy-boch-toys-delight-la-petite-boule\/#breadcrumb\",\"itemListElement\":[{\"@type\":\"ListItem\",\"position\":1,\"name\":\"Home\",\"item\":\"https:\/\/dev6.erresse-shop.it\/\"},{\"@type\":\"ListItem\",\"position\":2,\"name\":\"Boutique\",\"item\":\"https:\/\/dev6.erresse-shop.it\/shop\/\"},{\"@type\":\"ListItem\",\"position\":3,\"name\":\"VILLEROY &#038; BOCH Toy&#8217;s Delight La Petite Boule\"}]},{\"@type\":\"WebSite\",\"@id\":\"https:\/\/dev6.erresse-shop.it\/#website\",\"url\":\"https:\/\/dev6.erresse-shop.it\/\",\"name\":\"Erresse Shop\",\"description\":\"\",\"publisher\":{\"@id\":\"https:\/\/dev6.erresse-shop.it\/#organization\"},\"potentialAction\":[{\"@type\":\"SearchAction\",\"target\":{\"@type\":\"EntryPoint\",\"urlTemplate\":\"https:\/\/dev6.erresse-shop.it\/?s={search_term_string}\"},\"query-input\":{\"@type\":\"PropertyValueSpecification\",\"valueRequired\":true,\"valueName\":\"search_term_string\"}}],\"inLanguage\":\"fr-FR\"},{\"@type\":\"Organization\",\"@id\":\"https:\/\/dev6.erresse-shop.it\/#organization\",\"name\":\"Erresse Shop\",\"url\":\"https:\/\/dev6.erresse-shop.it\/\",\"logo\":{\"@type\":\"ImageObject\",\"inLanguage\":\"fr-FR\",\"@id\":\"https:\/\/dev6.erresse-shop.it\/#\/schema\/logo\/image\/\",\"url\":\"https:\/\/dev6.erresse-shop.it\/wp-content\/uploads\/2025\/01\/LOGO-ERRESSE-CLASSICO.svg\",\"contentUrl\":\"https:\/\/dev6.erresse-shop.it\/wp-content\/uploads\/2025\/01\/LOGO-ERRESSE-CLASSICO.svg\",\"caption\":\"Erresse Shop\"},\"image\":{\"@id\":\"https:\/\/dev6.erresse-shop.it\/#\/schema\/logo\/image\/\"}}]}<\/script>\n<!-- \/ Yoast SEO plugin. -->","yoast_head_json":{"title":"VILLEROY &#038; BOCH Toy&#8217;s Delight La Petite Boule - dev6 Erresse","description":"PASSE AU LAVE-VAISSELLE Mat\u00e9riau\u00a0:\u00a0Porcelaine de qualit\u00e9 sup\u00e9rieure Snacks et mobilier dans une combinaison \u00e9l\u00e9gante La Boule est un objet design d\u00e9j\u00e0","robots":{"index":"noindex","follow":"follow","max-snippet":"max-snippet:-1","max-image-preview":"max-image-preview:large","max-video-preview":"max-video-preview:-1"},"og_locale":"fr_FR","og_type":"article","og_title":"VILLEROY &#038; BOCH Toy&#8217;s Delight La Petite Boule - dev6 Erresse","og_description":"PASSE AU LAVE-VAISSELLE Mat\u00e9riau\u00a0:\u00a0Porcelaine de qualit\u00e9 sup\u00e9rieure Snacks et mobilier dans une combinaison \u00e9l\u00e9gante La Boule est un objet design d\u00e9j\u00e0","og_url":"https:\/\/dev6.erresse-shop.it\/fr\/shop\/table-fr-2\/plats\/villeroy-boch-toys-delight-la-petite-boule\/","og_site_name":"dev6 Erresse","og_image":[{"url":"https:\/\/interpim.erresse-shop.it\/img-catalogo\/villeroy\/villeroy-boch-toys-delight-la-petite-boule.jpg","type":"","width":"","height":""},{"url":"https:\/\/interpim.erresse-shop.it\/img-catalogo\/villeroy\/villeroy-boch-toys-delight-la-petite-boule.jpg","width":1024,"height":1024,"type":"image\/jpeg"}],"twitter_card":"summary_large_image","twitter_image":"https:\/\/interpim.erresse-shop.it\/img-catalogo\/villeroy\/villeroy-boch-toys-delight-la-petite-boule.jpg","schema":{"@context":"https:\/\/schema.org","@graph":[{"@type":"WebPage","@id":"https:\/\/dev6.erresse-shop.it\/fr\/shop\/table-fr-2\/plats\/villeroy-boch-toys-delight-la-petite-boule\/","url":"https:\/\/dev6.erresse-shop.it\/fr\/shop\/table-fr-2\/plats\/villeroy-boch-toys-delight-la-petite-boule\/","name":"VILLEROY &#038; BOCH Toy&#8217;s Delight La Petite Boule - dev6 Erresse","isPartOf":{"@id":"https:\/\/dev6.erresse-shop.it\/#website"},"primaryImageOfPage":{"@id":"https:\/\/dev6.erresse-shop.it\/fr\/shop\/table-fr-2\/plats\/villeroy-boch-toys-delight-la-petite-boule\/#primaryimage"},"image":{"@id":"https:\/\/dev6.erresse-shop.it\/fr\/shop\/table-fr-2\/plats\/villeroy-boch-toys-delight-la-petite-boule\/#primaryimage"},"thumbnailUrl":"https:\/\/i1.wp.com\/interpim.erresse-shop.it\/img-catalogo\/villeroy\/villeroy-boch-toys-delight-la-petite-boule.jpg?ssl=1","datePublished":"2026-04-12T09:44:43+00:00","description":"PASSE AU LAVE-VAISSELLE Mat\u00e9riau\u00a0:\u00a0Porcelaine de qualit\u00e9 sup\u00e9rieure Snacks et mobilier dans une combinaison \u00e9l\u00e9gante La Boule est un objet design d\u00e9j\u00e0","breadcrumb":{"@id":"https:\/\/dev6.erresse-shop.it\/fr\/shop\/table-fr-2\/plats\/villeroy-boch-toys-delight-la-petite-boule\/#breadcrumb"},"inLanguage":"fr-FR","potentialAction":[{"@type":"ReadAction","target":["https:\/\/dev6.erresse-shop.it\/fr\/shop\/table-fr-2\/plats\/villeroy-boch-toys-delight-la-petite-boule\/"]}]},{"@type":"ImageObject","inLanguage":"fr-FR","@id":"https:\/\/dev6.erresse-shop.it\/fr\/shop\/table-fr-2\/plats\/villeroy-boch-toys-delight-la-petite-boule\/#primaryimage","url":"https:\/\/i1.wp.com\/interpim.erresse-shop.it\/img-catalogo\/villeroy\/villeroy-boch-toys-delight-la-petite-boule.jpg?ssl=1","contentUrl":"https:\/\/i1.wp.com\/interpim.erresse-shop.it\/img-catalogo\/villeroy\/villeroy-boch-toys-delight-la-petite-boule.jpg?ssl=1"},{"@type":"BreadcrumbList","@id":"https:\/\/dev6.erresse-shop.it\/fr\/shop\/table-fr-2\/plats\/villeroy-boch-toys-delight-la-petite-boule\/#breadcrumb","itemListElement":[{"@type":"ListItem","position":1,"name":"Home","item":"https:\/\/dev6.erresse-shop.it\/"},{"@type":"ListItem","position":2,"name":"Boutique","item":"https:\/\/dev6.erresse-shop.it\/shop\/"},{"@type":"ListItem","position":3,"name":"VILLEROY &#038; BOCH Toy&#8217;s Delight La Petite Boule"}]},{"@type":"WebSite","@id":"https:\/\/dev6.erresse-shop.it\/#website","url":"https:\/\/dev6.erresse-shop.it\/","name":"Erresse Shop","description":"","publisher":{"@id":"https:\/\/dev6.erresse-shop.it\/#organization"},"potentialAction":[{"@type":"SearchAction","target":{"@type":"EntryPoint","urlTemplate":"https:\/\/dev6.erresse-shop.it\/?s={search_term_string}"},"query-input":{"@type":"PropertyValueSpecification","valueRequired":true,"valueName":"search_term_string"}}],"inLanguage":"fr-FR"},{"@type":"Organization","@id":"https:\/\/dev6.erresse-shop.it\/#organization","name":"Erresse Shop","url":"https:\/\/dev6.erresse-shop.it\/","logo":{"@type":"ImageObject","inLanguage":"fr-FR","@id":"https:\/\/dev6.erresse-shop.it\/#\/schema\/logo\/image\/","url":"https:\/\/dev6.erresse-shop.it\/wp-content\/uploads\/2025\/01\/LOGO-ERRESSE-CLASSICO.svg","contentUrl":"https:\/\/dev6.erresse-shop.it\/wp-content\/uploads\/2025\/01\/LOGO-ERRESSE-CLASSICO.svg","caption":"Erresse Shop"},"image":{"@id":"https:\/\/dev6.erresse-shop.it\/#\/schema\/logo\/image\/"}}]}},"df_price":149,"df_sale_price":149,"df_regular_price":199,"df_image_link":"https:\/\/i1.wp.com\/interpim.erresse-shop.it\/img-catalogo\/villeroy\/villeroy-boch-toys-delight-la-petite-boule.jpg?resize=300,300&ssl=1","fifu_image_url":"https:\/\/interpim.erresse-shop.it\/img-catalogo\/villeroy\/villeroy-boch-toys-delight-la-petite-boule.jpg","_links":{"self":[{"href":"https:\/\/dev6.erresse-shop.it\/fr\/wp-json\/wp\/v2\/product\/64930","targetHints":{"allow":["GET"]}}],"collection":[{"href":"https:\/\/dev6.erresse-shop.it\/fr\/wp-json\/wp\/v2\/product"}],"about":[{"href":"https:\/\/dev6.erresse-shop.it\/fr\/wp-json\/wp\/v2\/types\/product"}],"wp:featuredmedia":[{"embeddable":true,"href":"https:\/\/dev6.erresse-shop.it\/fr\/wp-json\/wp\/v2\/media\/6369870"}],"wp:attachment":[{"href":"https:\/\/dev6.erresse-shop.it\/fr\/wp-json\/wp\/v2\/media?parent=64930"}],"wp:term":[{"taxonomy":"product_cat","embeddable":true,"href":"https:\/\/dev6.erresse-shop.it\/fr\/wp-json\/wp\/v2\/product_cat?post=64930"},{"taxonomy":"product_tag","embeddable":true,"href":"https:\/\/dev6.erresse-shop.it\/fr\/wp-json\/wp\/v2\/product_tag?post=64930"}],"curies":[{"name":"wp","href":"https:\/\/api.w.org\/{rel}","templated":true}]}}