{"id":64922,"date":"2026-04-12T11:44:43","date_gmt":"2026-04-12T09:44:43","guid":{"rendered":"https:\/\/dev6.erresse-shop.it\/shop\/non%20class\u00e9\/joseph-joseph-eco-liners-iw5-sacs-a-dechets-de-40-litres\/"},"modified":"2025-09-14T05:53:42","modified_gmt":"2025-09-14T03:53:42","slug":"joseph-joseph-eco-liners-iw5-sacs-a-dechets-de-40-litres","status":"publish","type":"product","link":"https:\/\/dev6.erresse-shop.it\/fr\/shop\/ameublement-maison\/poubelles\/joseph-joseph-eco-liners-iw5-sacs-a-dechets-de-40-litres\/","title":{"rendered":"JOSEPH JOSEPH ECO Liners IW5 Sacs \u00e0 d\u00e9chets de 40 litres"},"content":{"rendered":"<p>Ces housses sur mesure sont fabriqu\u00e9es avec un minimum de 70 % de plastique recycl\u00e9 provenant de d\u00e9chets post-consommation. Ils ont une structure tr\u00e8s robuste et sont \u00e9quip\u00e9s de lacets pour une fermeture facile. En les choisissant plut\u00f4t que des sacs poubelles en plastique ordinaires, vous obtiendrez l\u2019ajustement parfait pour votre poubelle IntelligentWaste, contribuerez \u00e0 limiter l\u2019utilisation de combustibles fossiles et r\u00e9duisez la quantit\u00e9 de plastique vierge mis en d\u00e9charge. Con\u00e7u pour \u00eatre utilis\u00e9 avec les poubelles Joseph Joseph suivantes : Titan 20 et Porta\u2122.<\/p>\n<p>Con\u00e7u pour Titan\u00a020 et Porta\u2122<br \/>\nFabriqu\u00e9 avec au moins 70\u00a0% de plastique recycl\u00e9 issu de d\u00e9chets post-consommation<br \/>\nStructure extra r\u00e9sistante<br \/>\nCordon de serrage pour une fermeture facile<br \/>\nCapacit\u00e9\u00a0: 40\u00a0L (10,6\u00a0gallons am\u00e9ricains). Il peut contenir jusqu\u2019\u00e0 60 litres de d\u00e9chets compact\u00e9s avec un compacteur Titan 20.<br \/>\nUn seul paquet contient 20 sachets<\/p>\n<p>Entretien et utilisation\u00a0:<\/p>\n<p>Avertissement\u00a0: Les sacs en plastique peuvent \u00eatre dangereux. Pour \u00e9viter tout risque d\u2019\u00e9touffement, gardez les sacs hors de port\u00e9e des nourrissons et des enfants.<\/p>\n<p>\u00a0<\/p>\n","protected":false},"excerpt":{"rendered":"<p>Ces housses sur mesure sont fabriqu\u00e9es avec un minimum de 70 % de plastique recycl\u00e9 provenant de d\u00e9chets post-consommation. Ils ont une structure tr\u00e8s robuste et sont \u00e9quip\u00e9s de lacets pour une fermeture facile. En les choisissant plut\u00f4t que des sacs poubelles en plastique ordinaires, vous obtiendrez l\u2019ajustement parfait pour votre poubelle IntelligentWaste, contribuerez \u00e0 [&hellip;]<\/p>\n","protected":false},"featured_media":6369852,"template":"","meta":{"_acf_changed":false},"product_cat":[11990,11666,12029],"product_tag":[],"class_list":{"0":"post-64922","1":"product","2":"type-product","3":"status-publish","4":"has-post-thumbnail","6":"product_cat-ameublement-maison","7":"product_cat-arredamento-casa","8":"product_cat-poubelles","10":"first","11":"instock","12":"taxable","13":"shipping-taxable","14":"purchasable","15":"product-type-simple","swatches":"rey-swatches","show_selected":"","stretch_labels":"rey-swatches--stretch-labels"},"acf":[],"yoast_head":"<!-- This site is optimized with the Yoast SEO plugin v25.4 - https:\/\/yoast.com\/wordpress\/plugins\/seo\/ -->\n<title>JOSEPH JOSEPH ECO Liners IW5 Sacs \u00e0 d\u00e9chets de 40 litres - dev6 Erresse<\/title>\n<meta name=\"description\" content=\"Ces housses sur mesure sont fabriqu\u00e9es avec un minimum de 70 % de plastique recycl\u00e9 provenant de d\u00e9chets post-consommation. Ils ont une structure tr\u00e8s\" \/>\n<meta name=\"robots\" content=\"noindex, follow, max-snippet:-1, max-image-preview:large, max-video-preview:-1\" \/>\n<meta property=\"og:locale\" content=\"fr_FR\" \/>\n<meta property=\"og:type\" content=\"article\" \/>\n<meta property=\"og:title\" content=\"JOSEPH JOSEPH ECO Liners IW5 Sacs \u00e0 d\u00e9chets de 40 litres - dev6 Erresse\" \/>\n<meta property=\"og:description\" content=\"Ces housses sur mesure sont fabriqu\u00e9es avec un minimum de 70 % de plastique recycl\u00e9 provenant de d\u00e9chets post-consommation. Ils ont une structure tr\u00e8s\" \/>\n<meta property=\"og:url\" content=\"https:\/\/dev6.erresse-shop.it\/fr\/shop\/ameublement-maison\/poubelles\/joseph-joseph-eco-liners-iw5-sacs-a-dechets-de-40-litres\/\" \/>\n<meta property=\"og:site_name\" content=\"dev6 Erresse\" \/>\n<meta property=\"og:image\" content=\"https:\/\/interpim.erresse-shop.it\/Import\/Prodotti\/joseph-joseph-eco-liners-sacchi-per-rifiuti-iw5-da-40-litri.jpg\" \/><meta property=\"og:image\" content=\"https:\/\/interpim.erresse-shop.it\/Import\/Prodotti\/joseph-joseph-eco-liners-sacchi-per-rifiuti-iw5-da-40-litri.jpg\" \/>\n\t<meta property=\"og:image:width\" content=\"1024\" \/>\n\t<meta property=\"og:image:height\" content=\"1024\" \/>\n\t<meta property=\"og:image:type\" content=\"image\/jpeg\" \/>\n<meta name=\"twitter:card\" content=\"summary_large_image\" \/>\n<meta name=\"twitter:image\" content=\"https:\/\/interpim.erresse-shop.it\/Import\/Prodotti\/joseph-joseph-eco-liners-sacchi-per-rifiuti-iw5-da-40-litri.jpg\" \/>\n<script type=\"application\/ld+json\" class=\"yoast-schema-graph\">{\"@context\":\"https:\/\/schema.org\",\"@graph\":[{\"@type\":\"WebPage\",\"@id\":\"https:\/\/dev6.erresse-shop.it\/fr\/shop\/ameublement-maison\/poubelles\/joseph-joseph-eco-liners-iw5-sacs-a-dechets-de-40-litres\/\",\"url\":\"https:\/\/dev6.erresse-shop.it\/fr\/shop\/ameublement-maison\/poubelles\/joseph-joseph-eco-liners-iw5-sacs-a-dechets-de-40-litres\/\",\"name\":\"JOSEPH JOSEPH ECO Liners IW5 Sacs \u00e0 d\u00e9chets de 40 litres - dev6 Erresse\",\"isPartOf\":{\"@id\":\"https:\/\/dev6.erresse-shop.it\/#website\"},\"primaryImageOfPage\":{\"@id\":\"https:\/\/dev6.erresse-shop.it\/fr\/shop\/ameublement-maison\/poubelles\/joseph-joseph-eco-liners-iw5-sacs-a-dechets-de-40-litres\/#primaryimage\"},\"image\":{\"@id\":\"https:\/\/dev6.erresse-shop.it\/fr\/shop\/ameublement-maison\/poubelles\/joseph-joseph-eco-liners-iw5-sacs-a-dechets-de-40-litres\/#primaryimage\"},\"thumbnailUrl\":\"https:\/\/i1.wp.com\/interpim.erresse-shop.it\/Import\/Prodotti\/joseph-joseph-eco-liners-sacchi-per-rifiuti-iw5-da-40-litri.jpg?ssl=1\",\"datePublished\":\"2026-04-12T09:44:43+00:00\",\"description\":\"Ces housses sur mesure sont fabriqu\u00e9es avec un minimum de 70 % de plastique recycl\u00e9 provenant de d\u00e9chets post-consommation. Ils ont une structure tr\u00e8s\",\"breadcrumb\":{\"@id\":\"https:\/\/dev6.erresse-shop.it\/fr\/shop\/ameublement-maison\/poubelles\/joseph-joseph-eco-liners-iw5-sacs-a-dechets-de-40-litres\/#breadcrumb\"},\"inLanguage\":\"fr-FR\",\"potentialAction\":[{\"@type\":\"ReadAction\",\"target\":[\"https:\/\/dev6.erresse-shop.it\/fr\/shop\/ameublement-maison\/poubelles\/joseph-joseph-eco-liners-iw5-sacs-a-dechets-de-40-litres\/\"]}]},{\"@type\":\"ImageObject\",\"inLanguage\":\"fr-FR\",\"@id\":\"https:\/\/dev6.erresse-shop.it\/fr\/shop\/ameublement-maison\/poubelles\/joseph-joseph-eco-liners-iw5-sacs-a-dechets-de-40-litres\/#primaryimage\",\"url\":\"https:\/\/i1.wp.com\/interpim.erresse-shop.it\/Import\/Prodotti\/joseph-joseph-eco-liners-sacchi-per-rifiuti-iw5-da-40-litri.jpg?ssl=1\",\"contentUrl\":\"https:\/\/i1.wp.com\/interpim.erresse-shop.it\/Import\/Prodotti\/joseph-joseph-eco-liners-sacchi-per-rifiuti-iw5-da-40-litri.jpg?ssl=1\"},{\"@type\":\"BreadcrumbList\",\"@id\":\"https:\/\/dev6.erresse-shop.it\/fr\/shop\/ameublement-maison\/poubelles\/joseph-joseph-eco-liners-iw5-sacs-a-dechets-de-40-litres\/#breadcrumb\",\"itemListElement\":[{\"@type\":\"ListItem\",\"position\":1,\"name\":\"Home\",\"item\":\"https:\/\/dev6.erresse-shop.it\/\"},{\"@type\":\"ListItem\",\"position\":2,\"name\":\"Boutique\",\"item\":\"https:\/\/dev6.erresse-shop.it\/shop\/\"},{\"@type\":\"ListItem\",\"position\":3,\"name\":\"JOSEPH JOSEPH ECO Liners IW5 Sacs \u00e0 d\u00e9chets de 40 litres\"}]},{\"@type\":\"WebSite\",\"@id\":\"https:\/\/dev6.erresse-shop.it\/#website\",\"url\":\"https:\/\/dev6.erresse-shop.it\/\",\"name\":\"Erresse Shop\",\"description\":\"\",\"publisher\":{\"@id\":\"https:\/\/dev6.erresse-shop.it\/#organization\"},\"potentialAction\":[{\"@type\":\"SearchAction\",\"target\":{\"@type\":\"EntryPoint\",\"urlTemplate\":\"https:\/\/dev6.erresse-shop.it\/?s={search_term_string}\"},\"query-input\":{\"@type\":\"PropertyValueSpecification\",\"valueRequired\":true,\"valueName\":\"search_term_string\"}}],\"inLanguage\":\"fr-FR\"},{\"@type\":\"Organization\",\"@id\":\"https:\/\/dev6.erresse-shop.it\/#organization\",\"name\":\"Erresse Shop\",\"url\":\"https:\/\/dev6.erresse-shop.it\/\",\"logo\":{\"@type\":\"ImageObject\",\"inLanguage\":\"fr-FR\",\"@id\":\"https:\/\/dev6.erresse-shop.it\/#\/schema\/logo\/image\/\",\"url\":\"https:\/\/dev6.erresse-shop.it\/wp-content\/uploads\/2025\/01\/LOGO-ERRESSE-CLASSICO.svg\",\"contentUrl\":\"https:\/\/dev6.erresse-shop.it\/wp-content\/uploads\/2025\/01\/LOGO-ERRESSE-CLASSICO.svg\",\"caption\":\"Erresse Shop\"},\"image\":{\"@id\":\"https:\/\/dev6.erresse-shop.it\/#\/schema\/logo\/image\/\"}}]}<\/script>\n<!-- \/ Yoast SEO plugin. -->","yoast_head_json":{"title":"JOSEPH JOSEPH ECO Liners IW5 Sacs \u00e0 d\u00e9chets de 40 litres - dev6 Erresse","description":"Ces housses sur mesure sont fabriqu\u00e9es avec un minimum de 70 % de plastique recycl\u00e9 provenant de d\u00e9chets post-consommation. Ils ont une structure tr\u00e8s","robots":{"index":"noindex","follow":"follow","max-snippet":"max-snippet:-1","max-image-preview":"max-image-preview:large","max-video-preview":"max-video-preview:-1"},"og_locale":"fr_FR","og_type":"article","og_title":"JOSEPH JOSEPH ECO Liners IW5 Sacs \u00e0 d\u00e9chets de 40 litres - dev6 Erresse","og_description":"Ces housses sur mesure sont fabriqu\u00e9es avec un minimum de 70 % de plastique recycl\u00e9 provenant de d\u00e9chets post-consommation. Ils ont une structure tr\u00e8s","og_url":"https:\/\/dev6.erresse-shop.it\/fr\/shop\/ameublement-maison\/poubelles\/joseph-joseph-eco-liners-iw5-sacs-a-dechets-de-40-litres\/","og_site_name":"dev6 Erresse","og_image":[{"url":"https:\/\/interpim.erresse-shop.it\/Import\/Prodotti\/joseph-joseph-eco-liners-sacchi-per-rifiuti-iw5-da-40-litri.jpg","type":"","width":"","height":""},{"url":"https:\/\/interpim.erresse-shop.it\/Import\/Prodotti\/joseph-joseph-eco-liners-sacchi-per-rifiuti-iw5-da-40-litri.jpg","width":1024,"height":1024,"type":"image\/jpeg"}],"twitter_card":"summary_large_image","twitter_image":"https:\/\/interpim.erresse-shop.it\/Import\/Prodotti\/joseph-joseph-eco-liners-sacchi-per-rifiuti-iw5-da-40-litri.jpg","schema":{"@context":"https:\/\/schema.org","@graph":[{"@type":"WebPage","@id":"https:\/\/dev6.erresse-shop.it\/fr\/shop\/ameublement-maison\/poubelles\/joseph-joseph-eco-liners-iw5-sacs-a-dechets-de-40-litres\/","url":"https:\/\/dev6.erresse-shop.it\/fr\/shop\/ameublement-maison\/poubelles\/joseph-joseph-eco-liners-iw5-sacs-a-dechets-de-40-litres\/","name":"JOSEPH JOSEPH ECO Liners IW5 Sacs \u00e0 d\u00e9chets de 40 litres - dev6 Erresse","isPartOf":{"@id":"https:\/\/dev6.erresse-shop.it\/#website"},"primaryImageOfPage":{"@id":"https:\/\/dev6.erresse-shop.it\/fr\/shop\/ameublement-maison\/poubelles\/joseph-joseph-eco-liners-iw5-sacs-a-dechets-de-40-litres\/#primaryimage"},"image":{"@id":"https:\/\/dev6.erresse-shop.it\/fr\/shop\/ameublement-maison\/poubelles\/joseph-joseph-eco-liners-iw5-sacs-a-dechets-de-40-litres\/#primaryimage"},"thumbnailUrl":"https:\/\/i1.wp.com\/interpim.erresse-shop.it\/Import\/Prodotti\/joseph-joseph-eco-liners-sacchi-per-rifiuti-iw5-da-40-litri.jpg?ssl=1","datePublished":"2026-04-12T09:44:43+00:00","description":"Ces housses sur mesure sont fabriqu\u00e9es avec un minimum de 70 % de plastique recycl\u00e9 provenant de d\u00e9chets post-consommation. Ils ont une structure tr\u00e8s","breadcrumb":{"@id":"https:\/\/dev6.erresse-shop.it\/fr\/shop\/ameublement-maison\/poubelles\/joseph-joseph-eco-liners-iw5-sacs-a-dechets-de-40-litres\/#breadcrumb"},"inLanguage":"fr-FR","potentialAction":[{"@type":"ReadAction","target":["https:\/\/dev6.erresse-shop.it\/fr\/shop\/ameublement-maison\/poubelles\/joseph-joseph-eco-liners-iw5-sacs-a-dechets-de-40-litres\/"]}]},{"@type":"ImageObject","inLanguage":"fr-FR","@id":"https:\/\/dev6.erresse-shop.it\/fr\/shop\/ameublement-maison\/poubelles\/joseph-joseph-eco-liners-iw5-sacs-a-dechets-de-40-litres\/#primaryimage","url":"https:\/\/i1.wp.com\/interpim.erresse-shop.it\/Import\/Prodotti\/joseph-joseph-eco-liners-sacchi-per-rifiuti-iw5-da-40-litri.jpg?ssl=1","contentUrl":"https:\/\/i1.wp.com\/interpim.erresse-shop.it\/Import\/Prodotti\/joseph-joseph-eco-liners-sacchi-per-rifiuti-iw5-da-40-litri.jpg?ssl=1"},{"@type":"BreadcrumbList","@id":"https:\/\/dev6.erresse-shop.it\/fr\/shop\/ameublement-maison\/poubelles\/joseph-joseph-eco-liners-iw5-sacs-a-dechets-de-40-litres\/#breadcrumb","itemListElement":[{"@type":"ListItem","position":1,"name":"Home","item":"https:\/\/dev6.erresse-shop.it\/"},{"@type":"ListItem","position":2,"name":"Boutique","item":"https:\/\/dev6.erresse-shop.it\/shop\/"},{"@type":"ListItem","position":3,"name":"JOSEPH JOSEPH ECO Liners IW5 Sacs \u00e0 d\u00e9chets de 40 litres"}]},{"@type":"WebSite","@id":"https:\/\/dev6.erresse-shop.it\/#website","url":"https:\/\/dev6.erresse-shop.it\/","name":"Erresse Shop","description":"","publisher":{"@id":"https:\/\/dev6.erresse-shop.it\/#organization"},"potentialAction":[{"@type":"SearchAction","target":{"@type":"EntryPoint","urlTemplate":"https:\/\/dev6.erresse-shop.it\/?s={search_term_string}"},"query-input":{"@type":"PropertyValueSpecification","valueRequired":true,"valueName":"search_term_string"}}],"inLanguage":"fr-FR"},{"@type":"Organization","@id":"https:\/\/dev6.erresse-shop.it\/#organization","name":"Erresse Shop","url":"https:\/\/dev6.erresse-shop.it\/","logo":{"@type":"ImageObject","inLanguage":"fr-FR","@id":"https:\/\/dev6.erresse-shop.it\/#\/schema\/logo\/image\/","url":"https:\/\/dev6.erresse-shop.it\/wp-content\/uploads\/2025\/01\/LOGO-ERRESSE-CLASSICO.svg","contentUrl":"https:\/\/dev6.erresse-shop.it\/wp-content\/uploads\/2025\/01\/LOGO-ERRESSE-CLASSICO.svg","caption":"Erresse Shop"},"image":{"@id":"https:\/\/dev6.erresse-shop.it\/#\/schema\/logo\/image\/"}}]}},"df_price":11.99,"df_sale_price":"","df_regular_price":11.99,"df_image_link":"https:\/\/i1.wp.com\/interpim.erresse-shop.it\/Import\/Prodotti\/joseph-joseph-eco-liners-sacchi-per-rifiuti-iw5-da-40-litri.jpg?resize=300,300&ssl=1","fifu_image_url":"https:\/\/interpim.erresse-shop.it\/Import\/Prodotti\/joseph-joseph-eco-liners-sacchi-per-rifiuti-iw5-da-40-litri.jpg","_links":{"self":[{"href":"https:\/\/dev6.erresse-shop.it\/fr\/wp-json\/wp\/v2\/product\/64922","targetHints":{"allow":["GET"]}}],"collection":[{"href":"https:\/\/dev6.erresse-shop.it\/fr\/wp-json\/wp\/v2\/product"}],"about":[{"href":"https:\/\/dev6.erresse-shop.it\/fr\/wp-json\/wp\/v2\/types\/product"}],"wp:featuredmedia":[{"embeddable":true,"href":"https:\/\/dev6.erresse-shop.it\/fr\/wp-json\/wp\/v2\/media\/6369852"}],"wp:attachment":[{"href":"https:\/\/dev6.erresse-shop.it\/fr\/wp-json\/wp\/v2\/media?parent=64922"}],"wp:term":[{"taxonomy":"product_cat","embeddable":true,"href":"https:\/\/dev6.erresse-shop.it\/fr\/wp-json\/wp\/v2\/product_cat?post=64922"},{"taxonomy":"product_tag","embeddable":true,"href":"https:\/\/dev6.erresse-shop.it\/fr\/wp-json\/wp\/v2\/product_tag?post=64922"}],"curies":[{"name":"wp","href":"https:\/\/api.w.org\/{rel}","templated":true}]}}