{"id":64920,"date":"2026-04-12T11:44:43","date_gmt":"2026-04-12T09:44:43","guid":{"rendered":"https:\/\/dev6.erresse-shop.it\/shop\/non%20class\u00e9\/joseph-joseph-eco-liners-iw8-sacs-a-dechets-de-5-litres\/"},"modified":"2025-09-14T05:53:39","modified_gmt":"2025-09-14T03:53:39","slug":"joseph-joseph-eco-liners-iw8-sacs-a-dechets-de-5-litres","status":"publish","type":"product","link":"https:\/\/dev6.erresse-shop.it\/fr\/shop\/ameublement-maison\/poubelles\/joseph-joseph-eco-liners-iw8-sacs-a-dechets-de-5-litres\/","title":{"rendered":"JOSEPH JOSEPH ECO Liners IW8 Sacs \u00e0 d\u00e9chets de 5 litres"},"content":{"rendered":"<p>Extra r\u00e9sistant, sur mesure et avec un minimum de 70 % de plastique recycl\u00e9 post-consommation : le rev\u00eatement parfait pour votre poubelle EasyStore\u2122.<\/p>\n<p>Fabriqu\u00e9 avec au moins 70\u00a0% de plastique recycl\u00e9 post-consommation.<br \/>\nContribue \u00e0 limiter l\u2019utilisation de combustibles fossiles et \u00e0 r\u00e9duire la quantit\u00e9 de plastique vierge envoy\u00e9 dans les d\u00e9charges.<br \/>\nDot\u00e9 d\u2019une structure extra solide qui r\u00e9duit le risque de d\u00e9chirures.<br \/>\nCapacit\u00e9\u00a0: 5\u00a0L (1,3 gallons am\u00e9ricains).<br \/>\nLacets \u00e0 cordon pour une fermeture facile.<br \/>\nUn seul paquet contient 20 sachets<\/p>\n<p>Entretien et utilisation\u00a0:<\/p>\n<p>Avertissement\u00a0: Les sacs en plastique peuvent \u00eatre dangereux. Pour \u00e9viter tout risque d\u2019\u00e9touffement, gardez les sacs hors de port\u00e9e des nourrissons et des enfants.<\/p>\n<p>\u00a0<\/p>\n","protected":false},"excerpt":{"rendered":"<p>Extra r\u00e9sistant, sur mesure et avec un minimum de 70 % de plastique recycl\u00e9 post-consommation : le rev\u00eatement parfait pour votre poubelle EasyStore\u2122. Fabriqu\u00e9 avec au moins 70\u00a0% de plastique recycl\u00e9 post-consommation. Contribue \u00e0 limiter l\u2019utilisation de combustibles fossiles et \u00e0 r\u00e9duire la quantit\u00e9 de plastique vierge envoy\u00e9 dans les d\u00e9charges. Dot\u00e9 d\u2019une structure extra [&hellip;]<\/p>\n","protected":false},"featured_media":6369849,"template":"","meta":{"_acf_changed":false},"product_cat":[11990,11666,12029],"product_tag":[],"class_list":{"0":"post-64920","1":"product","2":"type-product","3":"status-publish","4":"has-post-thumbnail","6":"product_cat-ameublement-maison","7":"product_cat-arredamento-casa","8":"product_cat-poubelles","10":"first","11":"instock","12":"sale","13":"taxable","14":"shipping-taxable","15":"purchasable","16":"product-type-simple","swatches":"rey-swatches","show_selected":"","stretch_labels":"rey-swatches--stretch-labels"},"acf":[],"yoast_head":"<!-- This site is optimized with the Yoast SEO plugin v25.4 - https:\/\/yoast.com\/wordpress\/plugins\/seo\/ -->\n<title>JOSEPH JOSEPH ECO Liners IW8 Sacs \u00e0 d\u00e9chets de 5 litres - dev6 Erresse<\/title>\n<meta name=\"description\" content=\"Extra r\u00e9sistant, sur mesure et avec un minimum de 70 % de plastique recycl\u00e9 post-consommation : le rev\u00eatement parfait pour votre poubelle EasyStore\u2122.\" \/>\n<meta name=\"robots\" content=\"noindex, follow, max-snippet:-1, max-image-preview:large, max-video-preview:-1\" \/>\n<meta property=\"og:locale\" content=\"fr_FR\" \/>\n<meta property=\"og:type\" content=\"article\" \/>\n<meta property=\"og:title\" content=\"JOSEPH JOSEPH ECO Liners IW8 Sacs \u00e0 d\u00e9chets de 5 litres - dev6 Erresse\" \/>\n<meta property=\"og:description\" content=\"Extra r\u00e9sistant, sur mesure et avec un minimum de 70 % de plastique recycl\u00e9 post-consommation : le rev\u00eatement parfait pour votre poubelle EasyStore\u2122.\" \/>\n<meta property=\"og:url\" content=\"https:\/\/dev6.erresse-shop.it\/fr\/shop\/ameublement-maison\/poubelles\/joseph-joseph-eco-liners-iw8-sacs-a-dechets-de-5-litres\/\" \/>\n<meta property=\"og:site_name\" content=\"dev6 Erresse\" \/>\n<meta property=\"og:image\" content=\"https:\/\/interpim.erresse-shop.it\/Import\/Prodotti\/joseph-joseph-sacchi-per-rifiuti-iw8-da-5-litri.jpg\" \/><meta property=\"og:image\" content=\"https:\/\/interpim.erresse-shop.it\/Import\/Prodotti\/joseph-joseph-sacchi-per-rifiuti-iw8-da-5-litri.jpg\" \/>\n\t<meta property=\"og:image:width\" content=\"1024\" \/>\n\t<meta property=\"og:image:height\" content=\"1024\" \/>\n\t<meta property=\"og:image:type\" content=\"image\/jpeg\" \/>\n<meta name=\"twitter:card\" content=\"summary_large_image\" \/>\n<meta name=\"twitter:image\" content=\"https:\/\/interpim.erresse-shop.it\/Import\/Prodotti\/joseph-joseph-sacchi-per-rifiuti-iw8-da-5-litri.jpg\" \/>\n<script type=\"application\/ld+json\" class=\"yoast-schema-graph\">{\"@context\":\"https:\/\/schema.org\",\"@graph\":[{\"@type\":\"WebPage\",\"@id\":\"https:\/\/dev6.erresse-shop.it\/fr\/shop\/ameublement-maison\/poubelles\/joseph-joseph-eco-liners-iw8-sacs-a-dechets-de-5-litres\/\",\"url\":\"https:\/\/dev6.erresse-shop.it\/fr\/shop\/ameublement-maison\/poubelles\/joseph-joseph-eco-liners-iw8-sacs-a-dechets-de-5-litres\/\",\"name\":\"JOSEPH JOSEPH ECO Liners IW8 Sacs \u00e0 d\u00e9chets de 5 litres - dev6 Erresse\",\"isPartOf\":{\"@id\":\"https:\/\/dev6.erresse-shop.it\/#website\"},\"primaryImageOfPage\":{\"@id\":\"https:\/\/dev6.erresse-shop.it\/fr\/shop\/ameublement-maison\/poubelles\/joseph-joseph-eco-liners-iw8-sacs-a-dechets-de-5-litres\/#primaryimage\"},\"image\":{\"@id\":\"https:\/\/dev6.erresse-shop.it\/fr\/shop\/ameublement-maison\/poubelles\/joseph-joseph-eco-liners-iw8-sacs-a-dechets-de-5-litres\/#primaryimage\"},\"thumbnailUrl\":\"https:\/\/i2.wp.com\/interpim.erresse-shop.it\/Import\/Prodotti\/joseph-joseph-sacchi-per-rifiuti-iw8-da-5-litri.jpg?ssl=1\",\"datePublished\":\"2026-04-12T09:44:43+00:00\",\"description\":\"Extra r\u00e9sistant, sur mesure et avec un minimum de 70 % de plastique recycl\u00e9 post-consommation : le rev\u00eatement parfait pour votre poubelle EasyStore\u2122.\",\"breadcrumb\":{\"@id\":\"https:\/\/dev6.erresse-shop.it\/fr\/shop\/ameublement-maison\/poubelles\/joseph-joseph-eco-liners-iw8-sacs-a-dechets-de-5-litres\/#breadcrumb\"},\"inLanguage\":\"fr-FR\",\"potentialAction\":[{\"@type\":\"ReadAction\",\"target\":[\"https:\/\/dev6.erresse-shop.it\/fr\/shop\/ameublement-maison\/poubelles\/joseph-joseph-eco-liners-iw8-sacs-a-dechets-de-5-litres\/\"]}]},{\"@type\":\"ImageObject\",\"inLanguage\":\"fr-FR\",\"@id\":\"https:\/\/dev6.erresse-shop.it\/fr\/shop\/ameublement-maison\/poubelles\/joseph-joseph-eco-liners-iw8-sacs-a-dechets-de-5-litres\/#primaryimage\",\"url\":\"https:\/\/i2.wp.com\/interpim.erresse-shop.it\/Import\/Prodotti\/joseph-joseph-sacchi-per-rifiuti-iw8-da-5-litri.jpg?ssl=1\",\"contentUrl\":\"https:\/\/i2.wp.com\/interpim.erresse-shop.it\/Import\/Prodotti\/joseph-joseph-sacchi-per-rifiuti-iw8-da-5-litri.jpg?ssl=1\"},{\"@type\":\"BreadcrumbList\",\"@id\":\"https:\/\/dev6.erresse-shop.it\/fr\/shop\/ameublement-maison\/poubelles\/joseph-joseph-eco-liners-iw8-sacs-a-dechets-de-5-litres\/#breadcrumb\",\"itemListElement\":[{\"@type\":\"ListItem\",\"position\":1,\"name\":\"Home\",\"item\":\"https:\/\/dev6.erresse-shop.it\/\"},{\"@type\":\"ListItem\",\"position\":2,\"name\":\"Boutique\",\"item\":\"https:\/\/dev6.erresse-shop.it\/shop\/\"},{\"@type\":\"ListItem\",\"position\":3,\"name\":\"JOSEPH JOSEPH ECO Liners IW8 Sacs \u00e0 d\u00e9chets de 5 litres\"}]},{\"@type\":\"WebSite\",\"@id\":\"https:\/\/dev6.erresse-shop.it\/#website\",\"url\":\"https:\/\/dev6.erresse-shop.it\/\",\"name\":\"Erresse Shop\",\"description\":\"\",\"publisher\":{\"@id\":\"https:\/\/dev6.erresse-shop.it\/#organization\"},\"potentialAction\":[{\"@type\":\"SearchAction\",\"target\":{\"@type\":\"EntryPoint\",\"urlTemplate\":\"https:\/\/dev6.erresse-shop.it\/?s={search_term_string}\"},\"query-input\":{\"@type\":\"PropertyValueSpecification\",\"valueRequired\":true,\"valueName\":\"search_term_string\"}}],\"inLanguage\":\"fr-FR\"},{\"@type\":\"Organization\",\"@id\":\"https:\/\/dev6.erresse-shop.it\/#organization\",\"name\":\"Erresse Shop\",\"url\":\"https:\/\/dev6.erresse-shop.it\/\",\"logo\":{\"@type\":\"ImageObject\",\"inLanguage\":\"fr-FR\",\"@id\":\"https:\/\/dev6.erresse-shop.it\/#\/schema\/logo\/image\/\",\"url\":\"https:\/\/dev6.erresse-shop.it\/wp-content\/uploads\/2025\/01\/LOGO-ERRESSE-CLASSICO.svg\",\"contentUrl\":\"https:\/\/dev6.erresse-shop.it\/wp-content\/uploads\/2025\/01\/LOGO-ERRESSE-CLASSICO.svg\",\"caption\":\"Erresse Shop\"},\"image\":{\"@id\":\"https:\/\/dev6.erresse-shop.it\/#\/schema\/logo\/image\/\"}}]}<\/script>\n<!-- \/ Yoast SEO plugin. -->","yoast_head_json":{"title":"JOSEPH JOSEPH ECO Liners IW8 Sacs \u00e0 d\u00e9chets de 5 litres - dev6 Erresse","description":"Extra r\u00e9sistant, sur mesure et avec un minimum de 70 % de plastique recycl\u00e9 post-consommation : le rev\u00eatement parfait pour votre poubelle EasyStore\u2122.","robots":{"index":"noindex","follow":"follow","max-snippet":"max-snippet:-1","max-image-preview":"max-image-preview:large","max-video-preview":"max-video-preview:-1"},"og_locale":"fr_FR","og_type":"article","og_title":"JOSEPH JOSEPH ECO Liners IW8 Sacs \u00e0 d\u00e9chets de 5 litres - dev6 Erresse","og_description":"Extra r\u00e9sistant, sur mesure et avec un minimum de 70 % de plastique recycl\u00e9 post-consommation : le rev\u00eatement parfait pour votre poubelle EasyStore\u2122.","og_url":"https:\/\/dev6.erresse-shop.it\/fr\/shop\/ameublement-maison\/poubelles\/joseph-joseph-eco-liners-iw8-sacs-a-dechets-de-5-litres\/","og_site_name":"dev6 Erresse","og_image":[{"url":"https:\/\/interpim.erresse-shop.it\/Import\/Prodotti\/joseph-joseph-sacchi-per-rifiuti-iw8-da-5-litri.jpg","type":"","width":"","height":""},{"url":"https:\/\/interpim.erresse-shop.it\/Import\/Prodotti\/joseph-joseph-sacchi-per-rifiuti-iw8-da-5-litri.jpg","width":1024,"height":1024,"type":"image\/jpeg"}],"twitter_card":"summary_large_image","twitter_image":"https:\/\/interpim.erresse-shop.it\/Import\/Prodotti\/joseph-joseph-sacchi-per-rifiuti-iw8-da-5-litri.jpg","schema":{"@context":"https:\/\/schema.org","@graph":[{"@type":"WebPage","@id":"https:\/\/dev6.erresse-shop.it\/fr\/shop\/ameublement-maison\/poubelles\/joseph-joseph-eco-liners-iw8-sacs-a-dechets-de-5-litres\/","url":"https:\/\/dev6.erresse-shop.it\/fr\/shop\/ameublement-maison\/poubelles\/joseph-joseph-eco-liners-iw8-sacs-a-dechets-de-5-litres\/","name":"JOSEPH JOSEPH ECO Liners IW8 Sacs \u00e0 d\u00e9chets de 5 litres - dev6 Erresse","isPartOf":{"@id":"https:\/\/dev6.erresse-shop.it\/#website"},"primaryImageOfPage":{"@id":"https:\/\/dev6.erresse-shop.it\/fr\/shop\/ameublement-maison\/poubelles\/joseph-joseph-eco-liners-iw8-sacs-a-dechets-de-5-litres\/#primaryimage"},"image":{"@id":"https:\/\/dev6.erresse-shop.it\/fr\/shop\/ameublement-maison\/poubelles\/joseph-joseph-eco-liners-iw8-sacs-a-dechets-de-5-litres\/#primaryimage"},"thumbnailUrl":"https:\/\/i2.wp.com\/interpim.erresse-shop.it\/Import\/Prodotti\/joseph-joseph-sacchi-per-rifiuti-iw8-da-5-litri.jpg?ssl=1","datePublished":"2026-04-12T09:44:43+00:00","description":"Extra r\u00e9sistant, sur mesure et avec un minimum de 70 % de plastique recycl\u00e9 post-consommation : le rev\u00eatement parfait pour votre poubelle EasyStore\u2122.","breadcrumb":{"@id":"https:\/\/dev6.erresse-shop.it\/fr\/shop\/ameublement-maison\/poubelles\/joseph-joseph-eco-liners-iw8-sacs-a-dechets-de-5-litres\/#breadcrumb"},"inLanguage":"fr-FR","potentialAction":[{"@type":"ReadAction","target":["https:\/\/dev6.erresse-shop.it\/fr\/shop\/ameublement-maison\/poubelles\/joseph-joseph-eco-liners-iw8-sacs-a-dechets-de-5-litres\/"]}]},{"@type":"ImageObject","inLanguage":"fr-FR","@id":"https:\/\/dev6.erresse-shop.it\/fr\/shop\/ameublement-maison\/poubelles\/joseph-joseph-eco-liners-iw8-sacs-a-dechets-de-5-litres\/#primaryimage","url":"https:\/\/i2.wp.com\/interpim.erresse-shop.it\/Import\/Prodotti\/joseph-joseph-sacchi-per-rifiuti-iw8-da-5-litri.jpg?ssl=1","contentUrl":"https:\/\/i2.wp.com\/interpim.erresse-shop.it\/Import\/Prodotti\/joseph-joseph-sacchi-per-rifiuti-iw8-da-5-litri.jpg?ssl=1"},{"@type":"BreadcrumbList","@id":"https:\/\/dev6.erresse-shop.it\/fr\/shop\/ameublement-maison\/poubelles\/joseph-joseph-eco-liners-iw8-sacs-a-dechets-de-5-litres\/#breadcrumb","itemListElement":[{"@type":"ListItem","position":1,"name":"Home","item":"https:\/\/dev6.erresse-shop.it\/"},{"@type":"ListItem","position":2,"name":"Boutique","item":"https:\/\/dev6.erresse-shop.it\/shop\/"},{"@type":"ListItem","position":3,"name":"JOSEPH JOSEPH ECO Liners IW8 Sacs \u00e0 d\u00e9chets de 5 litres"}]},{"@type":"WebSite","@id":"https:\/\/dev6.erresse-shop.it\/#website","url":"https:\/\/dev6.erresse-shop.it\/","name":"Erresse Shop","description":"","publisher":{"@id":"https:\/\/dev6.erresse-shop.it\/#organization"},"potentialAction":[{"@type":"SearchAction","target":{"@type":"EntryPoint","urlTemplate":"https:\/\/dev6.erresse-shop.it\/?s={search_term_string}"},"query-input":{"@type":"PropertyValueSpecification","valueRequired":true,"valueName":"search_term_string"}}],"inLanguage":"fr-FR"},{"@type":"Organization","@id":"https:\/\/dev6.erresse-shop.it\/#organization","name":"Erresse Shop","url":"https:\/\/dev6.erresse-shop.it\/","logo":{"@type":"ImageObject","inLanguage":"fr-FR","@id":"https:\/\/dev6.erresse-shop.it\/#\/schema\/logo\/image\/","url":"https:\/\/dev6.erresse-shop.it\/wp-content\/uploads\/2025\/01\/LOGO-ERRESSE-CLASSICO.svg","contentUrl":"https:\/\/dev6.erresse-shop.it\/wp-content\/uploads\/2025\/01\/LOGO-ERRESSE-CLASSICO.svg","caption":"Erresse Shop"},"image":{"@id":"https:\/\/dev6.erresse-shop.it\/#\/schema\/logo\/image\/"}}]}},"df_price":21.9,"df_sale_price":21.9,"df_regular_price":21.99,"df_image_link":"https:\/\/i2.wp.com\/interpim.erresse-shop.it\/Import\/Prodotti\/joseph-joseph-sacchi-per-rifiuti-iw8-da-5-litri.jpg?resize=300,300&ssl=1","fifu_image_url":"https:\/\/interpim.erresse-shop.it\/Import\/Prodotti\/joseph-joseph-sacchi-per-rifiuti-iw8-da-5-litri.jpg","_links":{"self":[{"href":"https:\/\/dev6.erresse-shop.it\/fr\/wp-json\/wp\/v2\/product\/64920","targetHints":{"allow":["GET"]}}],"collection":[{"href":"https:\/\/dev6.erresse-shop.it\/fr\/wp-json\/wp\/v2\/product"}],"about":[{"href":"https:\/\/dev6.erresse-shop.it\/fr\/wp-json\/wp\/v2\/types\/product"}],"wp:featuredmedia":[{"embeddable":true,"href":"https:\/\/dev6.erresse-shop.it\/fr\/wp-json\/wp\/v2\/media\/6369849"}],"wp:attachment":[{"href":"https:\/\/dev6.erresse-shop.it\/fr\/wp-json\/wp\/v2\/media?parent=64920"}],"wp:term":[{"taxonomy":"product_cat","embeddable":true,"href":"https:\/\/dev6.erresse-shop.it\/fr\/wp-json\/wp\/v2\/product_cat?post=64920"},{"taxonomy":"product_tag","embeddable":true,"href":"https:\/\/dev6.erresse-shop.it\/fr\/wp-json\/wp\/v2\/product_tag?post=64920"}],"curies":[{"name":"wp","href":"https:\/\/api.w.org\/{rel}","templated":true}]}}