{"id":64916,"date":"2026-04-04T11:42:01","date_gmt":"2026-04-04T09:42:01","guid":{"rendered":"https:\/\/dev6.erresse-shop.it\/shop\/non%20class\u00e9\/joseph-joseph-easystore-luxe-porte-brosses-a-dents-en-acier-inoxydable-grand\/"},"modified":"2026-01-21T20:16:55","modified_gmt":"2026-01-21T19:16:55","slug":"joseph-joseph-easystore-luxe-porte-brosses-a-dents-en-acier-inoxydable-grand","status":"publish","type":"product","link":"https:\/\/dev6.erresse-shop.it\/fr\/shop\/ameublement-maison\/salle-de-bain\/joseph-joseph-easystore-luxe-porte-brosses-a-dents-en-acier-inoxydable-grand\/","title":{"rendered":"JOSEPH JOSEPH EasyStore Luxe Porte-brosses \u00e0 dents en acier inoxydable Grand"},"content":{"rendered":"<p>Ce grand porte-brosse \u00e0 dents en acier inoxydable poli offre un rangement organis\u00e9 pour les brosses \u00e0 dents et les tubes de dentifrice. Il se d\u00e9monte pour un nettoyage facile.<\/p>\n<p>Finition en acier inoxydable poli<br \/>\nConvient aux brosses \u00e0 dents \u00e9lectriques et aux tubes de dentifrice<br \/>\nS\u00e9parateur pour un rangement organis\u00e9<br \/>\nParfait pour ranger \u00e0 c\u00f4t\u00e9 de l\u2019\u00e9vier<br \/>\nSe d\u00e9monte pour un nettoyage facile<\/p>\n<p>Entretien et utilisation\u00a0:<\/p>\n<p>Nettoyez avec un chiffon humide et s\u00e9chez avec un chiffon doux et sec.<br \/>\nN\u2019utilisez pas de chiffons abrasifs ni de nettoyants chimiques puissants.<\/p>\n<p>Dimensions\u00a0:<\/p>\n<p>H11,7 x L17,5 x P9,4 cm (H4\u00bd x L7 x P3\u00be pouces)<\/p>\n<p>\u00a0<\/p>\n","protected":false},"excerpt":{"rendered":"<p>Ce grand porte-brosse \u00e0 dents en acier inoxydable poli offre un rangement organis\u00e9 pour les brosses \u00e0 dents et les tubes de dentifrice. Il se d\u00e9monte pour un nettoyage facile. Finition en acier inoxydable poli Convient aux brosses \u00e0 dents \u00e9lectriques et aux tubes de dentifrice S\u00e9parateur pour un rangement organis\u00e9 Parfait pour ranger \u00e0 [&hellip;]<\/p>\n","protected":false},"featured_media":6286572,"template":"","meta":{"_acf_changed":false},"product_cat":[11990,12074],"product_tag":[],"class_list":{"0":"post-64916","1":"product","2":"type-product","3":"status-publish","4":"has-post-thumbnail","6":"product_cat-ameublement-maison","7":"product_cat-salle-de-bain","9":"first","10":"instock","11":"sale","12":"taxable","13":"shipping-taxable","14":"purchasable","15":"product-type-simple","swatches":"rey-swatches","show_selected":"","stretch_labels":"rey-swatches--stretch-labels"},"acf":[],"yoast_head":"<!-- This site is optimized with the Yoast SEO plugin v25.4 - https:\/\/yoast.com\/wordpress\/plugins\/seo\/ -->\n<title>JOSEPH JOSEPH EasyStore Luxe Porte-brosses \u00e0 dents en acier inoxydable Grand - dev6 Erresse<\/title>\n<meta name=\"description\" content=\"Ce grand porte-brosse \u00e0 dents en acier inoxydable poli offre un rangement organis\u00e9 pour les brosses \u00e0 dents et les tubes de dentifrice. Il se d\u00e9monte pour\" \/>\n<meta name=\"robots\" content=\"noindex, follow, max-snippet:-1, max-image-preview:large, max-video-preview:-1\" \/>\n<meta property=\"og:locale\" content=\"fr_FR\" \/>\n<meta property=\"og:type\" content=\"article\" \/>\n<meta property=\"og:title\" content=\"JOSEPH JOSEPH EasyStore Luxe Porte-brosses \u00e0 dents en acier inoxydable Grand - dev6 Erresse\" \/>\n<meta property=\"og:description\" content=\"Ce grand porte-brosse \u00e0 dents en acier inoxydable poli offre un rangement organis\u00e9 pour les brosses \u00e0 dents et les tubes de dentifrice. Il se d\u00e9monte pour\" \/>\n<meta property=\"og:url\" content=\"https:\/\/dev6.erresse-shop.it\/fr\/shop\/ameublement-maison\/salle-de-bain\/joseph-joseph-easystore-luxe-porte-brosses-a-dents-en-acier-inoxydable-grand\/\" \/>\n<meta property=\"og:site_name\" content=\"dev6 Erresse\" \/>\n<meta property=\"og:image\" content=\"https:\/\/interpim.erresse-shop.it\/Import\/Prodotti\/joseph-joseph-easystore-luxe-portaspazzolini-in-acciaio-inox-grande.jpg\" \/><meta property=\"og:image\" content=\"https:\/\/interpim.erresse-shop.it\/Import\/Prodotti\/joseph-joseph-easystore-luxe-portaspazzolini-in-acciaio-inox-grande.jpg\" \/>\n\t<meta property=\"og:image:width\" content=\"1024\" \/>\n\t<meta property=\"og:image:height\" content=\"1024\" \/>\n\t<meta property=\"og:image:type\" content=\"image\/jpeg\" \/>\n<meta name=\"twitter:card\" content=\"summary_large_image\" \/>\n<meta name=\"twitter:image\" content=\"https:\/\/interpim.erresse-shop.it\/Import\/Prodotti\/joseph-joseph-easystore-luxe-portaspazzolini-in-acciaio-inox-grande.jpg\" \/>\n<script type=\"application\/ld+json\" class=\"yoast-schema-graph\">{\"@context\":\"https:\/\/schema.org\",\"@graph\":[{\"@type\":\"WebPage\",\"@id\":\"https:\/\/dev6.erresse-shop.it\/fr\/shop\/ameublement-maison\/salle-de-bain\/joseph-joseph-easystore-luxe-porte-brosses-a-dents-en-acier-inoxydable-grand\/\",\"url\":\"https:\/\/dev6.erresse-shop.it\/fr\/shop\/ameublement-maison\/salle-de-bain\/joseph-joseph-easystore-luxe-porte-brosses-a-dents-en-acier-inoxydable-grand\/\",\"name\":\"JOSEPH JOSEPH EasyStore Luxe Porte-brosses \u00e0 dents en acier inoxydable Grand - dev6 Erresse\",\"isPartOf\":{\"@id\":\"https:\/\/dev6.erresse-shop.it\/#website\"},\"primaryImageOfPage\":{\"@id\":\"https:\/\/dev6.erresse-shop.it\/fr\/shop\/ameublement-maison\/salle-de-bain\/joseph-joseph-easystore-luxe-porte-brosses-a-dents-en-acier-inoxydable-grand\/#primaryimage\"},\"image\":{\"@id\":\"https:\/\/dev6.erresse-shop.it\/fr\/shop\/ameublement-maison\/salle-de-bain\/joseph-joseph-easystore-luxe-porte-brosses-a-dents-en-acier-inoxydable-grand\/#primaryimage\"},\"thumbnailUrl\":\"https:\/\/i1.wp.com\/interpim.erresse-shop.it\/Import\/Prodotti\/joseph-joseph-easystore-luxe-portaspazzolini-in-acciaio-inox-grande.jpg?ssl=1\",\"datePublished\":\"2026-04-04T09:42:01+00:00\",\"description\":\"Ce grand porte-brosse \u00e0 dents en acier inoxydable poli offre un rangement organis\u00e9 pour les brosses \u00e0 dents et les tubes de dentifrice. Il se d\u00e9monte pour\",\"breadcrumb\":{\"@id\":\"https:\/\/dev6.erresse-shop.it\/fr\/shop\/ameublement-maison\/salle-de-bain\/joseph-joseph-easystore-luxe-porte-brosses-a-dents-en-acier-inoxydable-grand\/#breadcrumb\"},\"inLanguage\":\"fr-FR\",\"potentialAction\":[{\"@type\":\"ReadAction\",\"target\":[\"https:\/\/dev6.erresse-shop.it\/fr\/shop\/ameublement-maison\/salle-de-bain\/joseph-joseph-easystore-luxe-porte-brosses-a-dents-en-acier-inoxydable-grand\/\"]}]},{\"@type\":\"ImageObject\",\"inLanguage\":\"fr-FR\",\"@id\":\"https:\/\/dev6.erresse-shop.it\/fr\/shop\/ameublement-maison\/salle-de-bain\/joseph-joseph-easystore-luxe-porte-brosses-a-dents-en-acier-inoxydable-grand\/#primaryimage\",\"url\":\"https:\/\/i1.wp.com\/interpim.erresse-shop.it\/Import\/Prodotti\/joseph-joseph-easystore-luxe-portaspazzolini-in-acciaio-inox-grande.jpg?ssl=1\",\"contentUrl\":\"https:\/\/i1.wp.com\/interpim.erresse-shop.it\/Import\/Prodotti\/joseph-joseph-easystore-luxe-portaspazzolini-in-acciaio-inox-grande.jpg?ssl=1\"},{\"@type\":\"BreadcrumbList\",\"@id\":\"https:\/\/dev6.erresse-shop.it\/fr\/shop\/ameublement-maison\/salle-de-bain\/joseph-joseph-easystore-luxe-porte-brosses-a-dents-en-acier-inoxydable-grand\/#breadcrumb\",\"itemListElement\":[{\"@type\":\"ListItem\",\"position\":1,\"name\":\"Home\",\"item\":\"https:\/\/dev6.erresse-shop.it\/\"},{\"@type\":\"ListItem\",\"position\":2,\"name\":\"Boutique\",\"item\":\"https:\/\/dev6.erresse-shop.it\/shop\/\"},{\"@type\":\"ListItem\",\"position\":3,\"name\":\"JOSEPH JOSEPH EasyStore Luxe Porte-brosses \u00e0 dents en acier inoxydable Grand\"}]},{\"@type\":\"WebSite\",\"@id\":\"https:\/\/dev6.erresse-shop.it\/#website\",\"url\":\"https:\/\/dev6.erresse-shop.it\/\",\"name\":\"Erresse Shop\",\"description\":\"\",\"publisher\":{\"@id\":\"https:\/\/dev6.erresse-shop.it\/#organization\"},\"potentialAction\":[{\"@type\":\"SearchAction\",\"target\":{\"@type\":\"EntryPoint\",\"urlTemplate\":\"https:\/\/dev6.erresse-shop.it\/?s={search_term_string}\"},\"query-input\":{\"@type\":\"PropertyValueSpecification\",\"valueRequired\":true,\"valueName\":\"search_term_string\"}}],\"inLanguage\":\"fr-FR\"},{\"@type\":\"Organization\",\"@id\":\"https:\/\/dev6.erresse-shop.it\/#organization\",\"name\":\"Erresse Shop\",\"url\":\"https:\/\/dev6.erresse-shop.it\/\",\"logo\":{\"@type\":\"ImageObject\",\"inLanguage\":\"fr-FR\",\"@id\":\"https:\/\/dev6.erresse-shop.it\/#\/schema\/logo\/image\/\",\"url\":\"https:\/\/dev6.erresse-shop.it\/wp-content\/uploads\/2025\/01\/LOGO-ERRESSE-CLASSICO.svg\",\"contentUrl\":\"https:\/\/dev6.erresse-shop.it\/wp-content\/uploads\/2025\/01\/LOGO-ERRESSE-CLASSICO.svg\",\"caption\":\"Erresse Shop\"},\"image\":{\"@id\":\"https:\/\/dev6.erresse-shop.it\/#\/schema\/logo\/image\/\"}}]}<\/script>\n<!-- \/ Yoast SEO plugin. -->","yoast_head_json":{"title":"JOSEPH JOSEPH EasyStore Luxe Porte-brosses \u00e0 dents en acier inoxydable Grand - dev6 Erresse","description":"Ce grand porte-brosse \u00e0 dents en acier inoxydable poli offre un rangement organis\u00e9 pour les brosses \u00e0 dents et les tubes de dentifrice. Il se d\u00e9monte pour","robots":{"index":"noindex","follow":"follow","max-snippet":"max-snippet:-1","max-image-preview":"max-image-preview:large","max-video-preview":"max-video-preview:-1"},"og_locale":"fr_FR","og_type":"article","og_title":"JOSEPH JOSEPH EasyStore Luxe Porte-brosses \u00e0 dents en acier inoxydable Grand - dev6 Erresse","og_description":"Ce grand porte-brosse \u00e0 dents en acier inoxydable poli offre un rangement organis\u00e9 pour les brosses \u00e0 dents et les tubes de dentifrice. Il se d\u00e9monte pour","og_url":"https:\/\/dev6.erresse-shop.it\/fr\/shop\/ameublement-maison\/salle-de-bain\/joseph-joseph-easystore-luxe-porte-brosses-a-dents-en-acier-inoxydable-grand\/","og_site_name":"dev6 Erresse","og_image":[{"url":"https:\/\/interpim.erresse-shop.it\/Import\/Prodotti\/joseph-joseph-easystore-luxe-portaspazzolini-in-acciaio-inox-grande.jpg","type":"","width":"","height":""},{"url":"https:\/\/interpim.erresse-shop.it\/Import\/Prodotti\/joseph-joseph-easystore-luxe-portaspazzolini-in-acciaio-inox-grande.jpg","width":1024,"height":1024,"type":"image\/jpeg"}],"twitter_card":"summary_large_image","twitter_image":"https:\/\/interpim.erresse-shop.it\/Import\/Prodotti\/joseph-joseph-easystore-luxe-portaspazzolini-in-acciaio-inox-grande.jpg","schema":{"@context":"https:\/\/schema.org","@graph":[{"@type":"WebPage","@id":"https:\/\/dev6.erresse-shop.it\/fr\/shop\/ameublement-maison\/salle-de-bain\/joseph-joseph-easystore-luxe-porte-brosses-a-dents-en-acier-inoxydable-grand\/","url":"https:\/\/dev6.erresse-shop.it\/fr\/shop\/ameublement-maison\/salle-de-bain\/joseph-joseph-easystore-luxe-porte-brosses-a-dents-en-acier-inoxydable-grand\/","name":"JOSEPH JOSEPH EasyStore Luxe Porte-brosses \u00e0 dents en acier inoxydable Grand - dev6 Erresse","isPartOf":{"@id":"https:\/\/dev6.erresse-shop.it\/#website"},"primaryImageOfPage":{"@id":"https:\/\/dev6.erresse-shop.it\/fr\/shop\/ameublement-maison\/salle-de-bain\/joseph-joseph-easystore-luxe-porte-brosses-a-dents-en-acier-inoxydable-grand\/#primaryimage"},"image":{"@id":"https:\/\/dev6.erresse-shop.it\/fr\/shop\/ameublement-maison\/salle-de-bain\/joseph-joseph-easystore-luxe-porte-brosses-a-dents-en-acier-inoxydable-grand\/#primaryimage"},"thumbnailUrl":"https:\/\/i1.wp.com\/interpim.erresse-shop.it\/Import\/Prodotti\/joseph-joseph-easystore-luxe-portaspazzolini-in-acciaio-inox-grande.jpg?ssl=1","datePublished":"2026-04-04T09:42:01+00:00","description":"Ce grand porte-brosse \u00e0 dents en acier inoxydable poli offre un rangement organis\u00e9 pour les brosses \u00e0 dents et les tubes de dentifrice. Il se d\u00e9monte pour","breadcrumb":{"@id":"https:\/\/dev6.erresse-shop.it\/fr\/shop\/ameublement-maison\/salle-de-bain\/joseph-joseph-easystore-luxe-porte-brosses-a-dents-en-acier-inoxydable-grand\/#breadcrumb"},"inLanguage":"fr-FR","potentialAction":[{"@type":"ReadAction","target":["https:\/\/dev6.erresse-shop.it\/fr\/shop\/ameublement-maison\/salle-de-bain\/joseph-joseph-easystore-luxe-porte-brosses-a-dents-en-acier-inoxydable-grand\/"]}]},{"@type":"ImageObject","inLanguage":"fr-FR","@id":"https:\/\/dev6.erresse-shop.it\/fr\/shop\/ameublement-maison\/salle-de-bain\/joseph-joseph-easystore-luxe-porte-brosses-a-dents-en-acier-inoxydable-grand\/#primaryimage","url":"https:\/\/i1.wp.com\/interpim.erresse-shop.it\/Import\/Prodotti\/joseph-joseph-easystore-luxe-portaspazzolini-in-acciaio-inox-grande.jpg?ssl=1","contentUrl":"https:\/\/i1.wp.com\/interpim.erresse-shop.it\/Import\/Prodotti\/joseph-joseph-easystore-luxe-portaspazzolini-in-acciaio-inox-grande.jpg?ssl=1"},{"@type":"BreadcrumbList","@id":"https:\/\/dev6.erresse-shop.it\/fr\/shop\/ameublement-maison\/salle-de-bain\/joseph-joseph-easystore-luxe-porte-brosses-a-dents-en-acier-inoxydable-grand\/#breadcrumb","itemListElement":[{"@type":"ListItem","position":1,"name":"Home","item":"https:\/\/dev6.erresse-shop.it\/"},{"@type":"ListItem","position":2,"name":"Boutique","item":"https:\/\/dev6.erresse-shop.it\/shop\/"},{"@type":"ListItem","position":3,"name":"JOSEPH JOSEPH EasyStore Luxe Porte-brosses \u00e0 dents en acier inoxydable Grand"}]},{"@type":"WebSite","@id":"https:\/\/dev6.erresse-shop.it\/#website","url":"https:\/\/dev6.erresse-shop.it\/","name":"Erresse Shop","description":"","publisher":{"@id":"https:\/\/dev6.erresse-shop.it\/#organization"},"potentialAction":[{"@type":"SearchAction","target":{"@type":"EntryPoint","urlTemplate":"https:\/\/dev6.erresse-shop.it\/?s={search_term_string}"},"query-input":{"@type":"PropertyValueSpecification","valueRequired":true,"valueName":"search_term_string"}}],"inLanguage":"fr-FR"},{"@type":"Organization","@id":"https:\/\/dev6.erresse-shop.it\/#organization","name":"Erresse Shop","url":"https:\/\/dev6.erresse-shop.it\/","logo":{"@type":"ImageObject","inLanguage":"fr-FR","@id":"https:\/\/dev6.erresse-shop.it\/#\/schema\/logo\/image\/","url":"https:\/\/dev6.erresse-shop.it\/wp-content\/uploads\/2025\/01\/LOGO-ERRESSE-CLASSICO.svg","contentUrl":"https:\/\/dev6.erresse-shop.it\/wp-content\/uploads\/2025\/01\/LOGO-ERRESSE-CLASSICO.svg","caption":"Erresse Shop"},"image":{"@id":"https:\/\/dev6.erresse-shop.it\/#\/schema\/logo\/image\/"}}]}},"df_price":27,"df_sale_price":27,"df_regular_price":34.99,"df_image_link":"https:\/\/i1.wp.com\/interpim.erresse-shop.it\/Import\/Prodotti\/joseph-joseph-easystore-luxe-portaspazzolini-in-acciaio-inox-grande.jpg?resize=300,300&ssl=1","fifu_image_url":"https:\/\/interpim.erresse-shop.it\/Import\/Prodotti\/joseph-joseph-easystore-luxe-portaspazzolini-in-acciaio-inox-grande.jpg","_links":{"self":[{"href":"https:\/\/dev6.erresse-shop.it\/fr\/wp-json\/wp\/v2\/product\/64916","targetHints":{"allow":["GET"]}}],"collection":[{"href":"https:\/\/dev6.erresse-shop.it\/fr\/wp-json\/wp\/v2\/product"}],"about":[{"href":"https:\/\/dev6.erresse-shop.it\/fr\/wp-json\/wp\/v2\/types\/product"}],"wp:featuredmedia":[{"embeddable":true,"href":"https:\/\/dev6.erresse-shop.it\/fr\/wp-json\/wp\/v2\/media\/6286572"}],"wp:attachment":[{"href":"https:\/\/dev6.erresse-shop.it\/fr\/wp-json\/wp\/v2\/media?parent=64916"}],"wp:term":[{"taxonomy":"product_cat","embeddable":true,"href":"https:\/\/dev6.erresse-shop.it\/fr\/wp-json\/wp\/v2\/product_cat?post=64916"},{"taxonomy":"product_tag","embeddable":true,"href":"https:\/\/dev6.erresse-shop.it\/fr\/wp-json\/wp\/v2\/product_tag?post=64916"}],"curies":[{"name":"wp","href":"https:\/\/api.w.org\/{rel}","templated":true}]}}