{"id":64915,"date":"2026-04-12T11:44:43","date_gmt":"2026-04-12T09:44:43","guid":{"rendered":"https:\/\/dev6.erresse-shop.it\/shop\/non%20class\u00e9\/joseph-joseph-easystore-plus-porte-rouleau-de-toilette-avec-brosse-de-toilette-en-acier-inoxydable\/"},"modified":"2026-01-21T20:16:54","modified_gmt":"2026-01-21T19:16:54","slug":"joseph-joseph-easystore-plus-porte-rouleau-de-toilette-avec-brosse-de-toilette-en-acier-inoxydable","status":"publish","type":"product","link":"https:\/\/dev6.erresse-shop.it\/fr\/shop\/ameublement-maison\/salle-de-bain\/joseph-joseph-easystore-plus-porte-rouleau-de-toilette-avec-brosse-de-toilette-en-acier-inoxydable\/","title":{"rendered":"JOSEPH JOSEPH EasyStore Plus Porte-rouleau de toilette avec brosse de toilette en acier inoxydable"},"content":{"rendered":"<p>Cet ensemble porte-rouleau de papier toilette et brosse de toilette comprend un porte-rouleau de papier toilette autoportant EasyStore\u2122 Plus avec une \u00e9tag\u00e8re \u00e0 double usage et une brosse de toilette Flex\u2122 Steel qui se range soigneusement dans la base.<\/p>\n<p>Compartiment discret pour ranger les articles sanitaires<br \/>\n\u00c9tag\u00e8re pratique pour les petits objets tels que les t\u00e9l\u00e9phones portables ou les lingettes humides<br \/>\nLe porte-rouleau \u00e0 friction emp\u00eache le papier toilette de se d\u00e9rouler<br \/>\nBase lest\u00e9e pour une plus grande stabilit\u00e9<br \/>\nComprend une brosse de toilette Flex\u2122 en acier<\/p>\n<p>Entretien et utilisation\u00a0:<\/p>\n<p>Supports et amp; porte-brosse \u2013 nettoyer avec un chiffon humide<br \/>\nN\u2019utilisez pas de chiffons abrasifs ni de nettoyants chimiques puissants<br \/>\nBrosse\u00a0: nettoyer avec de l\u2019eau de Javel ou de l\u2019eau chaude savonneuse<br \/>\nSi vous utilisez de l\u2019eau de Javel, \u00e9vitez tout contact prolong\u00e9 avec la tige en acier inoxydable<br \/>\nPour \u00e9viter les rayures, soyez prudent lorsque vous placez des objets m\u00e9talliques sur l\u2019\u00e9tag\u00e8re<br \/>\nSans BPA<\/p>\n<p>Dimensions\u00a0:<\/p>\n<p>H74 x L23,5 x P17,5 cm (H29 x L9\u00bc x P6\u00bd pouces)<\/p>\n<p>\u00a0<\/p>\n","protected":false},"excerpt":{"rendered":"<p>Cet ensemble porte-rouleau de papier toilette et brosse de toilette comprend un porte-rouleau de papier toilette autoportant EasyStore\u2122 Plus avec une \u00e9tag\u00e8re \u00e0 double usage et une brosse de toilette Flex\u2122 Steel qui se range soigneusement dans la base. Compartiment discret pour ranger les articles sanitaires \u00c9tag\u00e8re pratique pour les petits objets tels que les [&hellip;]<\/p>\n","protected":false},"featured_media":6369832,"template":"","meta":{"_acf_changed":false},"product_cat":[11990,12074],"product_tag":[],"class_list":{"0":"post-64915","1":"product","2":"type-product","3":"status-publish","4":"has-post-thumbnail","6":"product_cat-ameublement-maison","7":"product_cat-salle-de-bain","9":"first","10":"instock","11":"sale","12":"taxable","13":"shipping-taxable","14":"purchasable","15":"product-type-simple","swatches":"rey-swatches","show_selected":"","stretch_labels":"rey-swatches--stretch-labels"},"acf":[],"yoast_head":"<!-- This site is optimized with the Yoast SEO plugin v25.4 - https:\/\/yoast.com\/wordpress\/plugins\/seo\/ -->\n<title>JOSEPH JOSEPH EasyStore Plus Porte-rouleau de toilette avec brosse de toilette en acier inoxydable - dev6 Erresse<\/title>\n<meta name=\"description\" content=\"Cet ensemble porte-rouleau de papier toilette et brosse de toilette comprend un porte-rouleau de papier toilette autoportant EasyStore\u2122 Plus avec une\" \/>\n<meta name=\"robots\" content=\"noindex, follow, max-snippet:-1, max-image-preview:large, max-video-preview:-1\" \/>\n<meta property=\"og:locale\" content=\"fr_FR\" \/>\n<meta property=\"og:type\" content=\"article\" \/>\n<meta property=\"og:title\" content=\"JOSEPH JOSEPH EasyStore Plus Porte-rouleau de toilette avec brosse de toilette en acier inoxydable - dev6 Erresse\" \/>\n<meta property=\"og:description\" content=\"Cet ensemble porte-rouleau de papier toilette et brosse de toilette comprend un porte-rouleau de papier toilette autoportant EasyStore\u2122 Plus avec une\" \/>\n<meta property=\"og:url\" content=\"https:\/\/dev6.erresse-shop.it\/fr\/shop\/ameublement-maison\/salle-de-bain\/joseph-joseph-easystore-plus-porte-rouleau-de-toilette-avec-brosse-de-toilette-en-acier-inoxydable\/\" \/>\n<meta property=\"og:site_name\" content=\"dev6 Erresse\" \/>\n<meta property=\"og:image\" content=\"https:\/\/interpim.erresse-shop.it\/wp-content\/uploads\/2024\/10\/JOSEPH-JOSEPH-EasyStore\u2122-Plus-Porta-Rotolo-di-Carta-Igienica-con-Spazzola-per-WC-Acciaio-Inox.jpg\/joseph-joseph-easystore-e2-84-a2-plus-porta-rotolo-di-carta-igienica-con-spazzola-per-wc-acciaio-inox.jpg\" \/><meta property=\"og:image\" content=\"https:\/\/interpim.erresse-shop.it\/wp-content\/uploads\/2024\/10\/JOSEPH-JOSEPH-EasyStore\u2122-Plus-Porta-Rotolo-di-Carta-Igienica-con-Spazzola-per-WC-Acciaio-Inox.jpg\/joseph-joseph-easystore-e2-84-a2-plus-porta-rotolo-di-carta-igienica-con-spazzola-per-wc-acciaio-inox.jpg\" \/>\n\t<meta property=\"og:image:width\" content=\"1024\" \/>\n\t<meta property=\"og:image:height\" content=\"1024\" \/>\n\t<meta property=\"og:image:type\" content=\"image\/jpeg\" \/>\n<meta name=\"twitter:card\" content=\"summary_large_image\" \/>\n<meta name=\"twitter:image\" content=\"https:\/\/interpim.erresse-shop.it\/wp-content\/uploads\/2024\/10\/JOSEPH-JOSEPH-EasyStore\u2122-Plus-Porta-Rotolo-di-Carta-Igienica-con-Spazzola-per-WC-Acciaio-Inox.jpg\/joseph-joseph-easystore-e2-84-a2-plus-porta-rotolo-di-carta-igienica-con-spazzola-per-wc-acciaio-inox.jpg\" \/>\n<script type=\"application\/ld+json\" class=\"yoast-schema-graph\">{\"@context\":\"https:\/\/schema.org\",\"@graph\":[{\"@type\":\"WebPage\",\"@id\":\"https:\/\/dev6.erresse-shop.it\/fr\/shop\/ameublement-maison\/salle-de-bain\/joseph-joseph-easystore-plus-porte-rouleau-de-toilette-avec-brosse-de-toilette-en-acier-inoxydable\/\",\"url\":\"https:\/\/dev6.erresse-shop.it\/fr\/shop\/ameublement-maison\/salle-de-bain\/joseph-joseph-easystore-plus-porte-rouleau-de-toilette-avec-brosse-de-toilette-en-acier-inoxydable\/\",\"name\":\"JOSEPH JOSEPH EasyStore Plus Porte-rouleau de toilette avec brosse de toilette en acier inoxydable - dev6 Erresse\",\"isPartOf\":{\"@id\":\"https:\/\/dev6.erresse-shop.it\/#website\"},\"primaryImageOfPage\":{\"@id\":\"https:\/\/dev6.erresse-shop.it\/fr\/shop\/ameublement-maison\/salle-de-bain\/joseph-joseph-easystore-plus-porte-rouleau-de-toilette-avec-brosse-de-toilette-en-acier-inoxydable\/#primaryimage\"},\"image\":{\"@id\":\"https:\/\/dev6.erresse-shop.it\/fr\/shop\/ameublement-maison\/salle-de-bain\/joseph-joseph-easystore-plus-porte-rouleau-de-toilette-avec-brosse-de-toilette-en-acier-inoxydable\/#primaryimage\"},\"thumbnailUrl\":\"https:\/\/i0.wp.com\/interpim.erresse-shop.it\/wp-content\/uploads\/2024\/10\/JOSEPH-JOSEPH-EasyStore\u2122-Plus-Porta-Rotolo-di-Carta-Igienica-con-Spazzola-per-WC-Acciaio-Inox.jpg\/joseph-joseph-easystore-e2-84-a2-plus-porta-rotolo-di-carta-igienica-con-spazzola-per-wc-acciaio-inox.jpg?ssl=1\",\"datePublished\":\"2026-04-12T09:44:43+00:00\",\"description\":\"Cet ensemble porte-rouleau de papier toilette et brosse de toilette comprend un porte-rouleau de papier toilette autoportant EasyStore\u2122 Plus avec une\",\"breadcrumb\":{\"@id\":\"https:\/\/dev6.erresse-shop.it\/fr\/shop\/ameublement-maison\/salle-de-bain\/joseph-joseph-easystore-plus-porte-rouleau-de-toilette-avec-brosse-de-toilette-en-acier-inoxydable\/#breadcrumb\"},\"inLanguage\":\"fr-FR\",\"potentialAction\":[{\"@type\":\"ReadAction\",\"target\":[\"https:\/\/dev6.erresse-shop.it\/fr\/shop\/ameublement-maison\/salle-de-bain\/joseph-joseph-easystore-plus-porte-rouleau-de-toilette-avec-brosse-de-toilette-en-acier-inoxydable\/\"]}]},{\"@type\":\"ImageObject\",\"inLanguage\":\"fr-FR\",\"@id\":\"https:\/\/dev6.erresse-shop.it\/fr\/shop\/ameublement-maison\/salle-de-bain\/joseph-joseph-easystore-plus-porte-rouleau-de-toilette-avec-brosse-de-toilette-en-acier-inoxydable\/#primaryimage\",\"url\":\"https:\/\/i0.wp.com\/interpim.erresse-shop.it\/wp-content\/uploads\/2024\/10\/JOSEPH-JOSEPH-EasyStore\u2122-Plus-Porta-Rotolo-di-Carta-Igienica-con-Spazzola-per-WC-Acciaio-Inox.jpg\/joseph-joseph-easystore-e2-84-a2-plus-porta-rotolo-di-carta-igienica-con-spazzola-per-wc-acciaio-inox.jpg?ssl=1\",\"contentUrl\":\"https:\/\/i0.wp.com\/interpim.erresse-shop.it\/wp-content\/uploads\/2024\/10\/JOSEPH-JOSEPH-EasyStore\u2122-Plus-Porta-Rotolo-di-Carta-Igienica-con-Spazzola-per-WC-Acciaio-Inox.jpg\/joseph-joseph-easystore-e2-84-a2-plus-porta-rotolo-di-carta-igienica-con-spazzola-per-wc-acciaio-inox.jpg?ssl=1\"},{\"@type\":\"BreadcrumbList\",\"@id\":\"https:\/\/dev6.erresse-shop.it\/fr\/shop\/ameublement-maison\/salle-de-bain\/joseph-joseph-easystore-plus-porte-rouleau-de-toilette-avec-brosse-de-toilette-en-acier-inoxydable\/#breadcrumb\",\"itemListElement\":[{\"@type\":\"ListItem\",\"position\":1,\"name\":\"Home\",\"item\":\"https:\/\/dev6.erresse-shop.it\/\"},{\"@type\":\"ListItem\",\"position\":2,\"name\":\"Boutique\",\"item\":\"https:\/\/dev6.erresse-shop.it\/shop\/\"},{\"@type\":\"ListItem\",\"position\":3,\"name\":\"JOSEPH JOSEPH EasyStore Plus Porte-rouleau de toilette avec brosse de toilette en acier inoxydable\"}]},{\"@type\":\"WebSite\",\"@id\":\"https:\/\/dev6.erresse-shop.it\/#website\",\"url\":\"https:\/\/dev6.erresse-shop.it\/\",\"name\":\"Erresse Shop\",\"description\":\"\",\"publisher\":{\"@id\":\"https:\/\/dev6.erresse-shop.it\/#organization\"},\"potentialAction\":[{\"@type\":\"SearchAction\",\"target\":{\"@type\":\"EntryPoint\",\"urlTemplate\":\"https:\/\/dev6.erresse-shop.it\/?s={search_term_string}\"},\"query-input\":{\"@type\":\"PropertyValueSpecification\",\"valueRequired\":true,\"valueName\":\"search_term_string\"}}],\"inLanguage\":\"fr-FR\"},{\"@type\":\"Organization\",\"@id\":\"https:\/\/dev6.erresse-shop.it\/#organization\",\"name\":\"Erresse Shop\",\"url\":\"https:\/\/dev6.erresse-shop.it\/\",\"logo\":{\"@type\":\"ImageObject\",\"inLanguage\":\"fr-FR\",\"@id\":\"https:\/\/dev6.erresse-shop.it\/#\/schema\/logo\/image\/\",\"url\":\"https:\/\/dev6.erresse-shop.it\/wp-content\/uploads\/2025\/01\/LOGO-ERRESSE-CLASSICO.svg\",\"contentUrl\":\"https:\/\/dev6.erresse-shop.it\/wp-content\/uploads\/2025\/01\/LOGO-ERRESSE-CLASSICO.svg\",\"caption\":\"Erresse Shop\"},\"image\":{\"@id\":\"https:\/\/dev6.erresse-shop.it\/#\/schema\/logo\/image\/\"}}]}<\/script>\n<!-- \/ Yoast SEO plugin. -->","yoast_head_json":{"title":"JOSEPH JOSEPH EasyStore Plus Porte-rouleau de toilette avec brosse de toilette en acier inoxydable - dev6 Erresse","description":"Cet ensemble porte-rouleau de papier toilette et brosse de toilette comprend un porte-rouleau de papier toilette autoportant EasyStore\u2122 Plus avec une","robots":{"index":"noindex","follow":"follow","max-snippet":"max-snippet:-1","max-image-preview":"max-image-preview:large","max-video-preview":"max-video-preview:-1"},"og_locale":"fr_FR","og_type":"article","og_title":"JOSEPH JOSEPH EasyStore Plus Porte-rouleau de toilette avec brosse de toilette en acier inoxydable - dev6 Erresse","og_description":"Cet ensemble porte-rouleau de papier toilette et brosse de toilette comprend un porte-rouleau de papier toilette autoportant EasyStore\u2122 Plus avec une","og_url":"https:\/\/dev6.erresse-shop.it\/fr\/shop\/ameublement-maison\/salle-de-bain\/joseph-joseph-easystore-plus-porte-rouleau-de-toilette-avec-brosse-de-toilette-en-acier-inoxydable\/","og_site_name":"dev6 Erresse","og_image":[{"url":"https:\/\/interpim.erresse-shop.it\/wp-content\/uploads\/2024\/10\/JOSEPH-JOSEPH-EasyStore\u2122-Plus-Porta-Rotolo-di-Carta-Igienica-con-Spazzola-per-WC-Acciaio-Inox.jpg\/joseph-joseph-easystore-e2-84-a2-plus-porta-rotolo-di-carta-igienica-con-spazzola-per-wc-acciaio-inox.jpg","type":"","width":"","height":""},{"url":"https:\/\/interpim.erresse-shop.it\/wp-content\/uploads\/2024\/10\/JOSEPH-JOSEPH-EasyStore\u2122-Plus-Porta-Rotolo-di-Carta-Igienica-con-Spazzola-per-WC-Acciaio-Inox.jpg\/joseph-joseph-easystore-e2-84-a2-plus-porta-rotolo-di-carta-igienica-con-spazzola-per-wc-acciaio-inox.jpg","width":1024,"height":1024,"type":"image\/jpeg"}],"twitter_card":"summary_large_image","twitter_image":"https:\/\/interpim.erresse-shop.it\/wp-content\/uploads\/2024\/10\/JOSEPH-JOSEPH-EasyStore\u2122-Plus-Porta-Rotolo-di-Carta-Igienica-con-Spazzola-per-WC-Acciaio-Inox.jpg\/joseph-joseph-easystore-e2-84-a2-plus-porta-rotolo-di-carta-igienica-con-spazzola-per-wc-acciaio-inox.jpg","schema":{"@context":"https:\/\/schema.org","@graph":[{"@type":"WebPage","@id":"https:\/\/dev6.erresse-shop.it\/fr\/shop\/ameublement-maison\/salle-de-bain\/joseph-joseph-easystore-plus-porte-rouleau-de-toilette-avec-brosse-de-toilette-en-acier-inoxydable\/","url":"https:\/\/dev6.erresse-shop.it\/fr\/shop\/ameublement-maison\/salle-de-bain\/joseph-joseph-easystore-plus-porte-rouleau-de-toilette-avec-brosse-de-toilette-en-acier-inoxydable\/","name":"JOSEPH JOSEPH EasyStore Plus Porte-rouleau de toilette avec brosse de toilette en acier inoxydable - dev6 Erresse","isPartOf":{"@id":"https:\/\/dev6.erresse-shop.it\/#website"},"primaryImageOfPage":{"@id":"https:\/\/dev6.erresse-shop.it\/fr\/shop\/ameublement-maison\/salle-de-bain\/joseph-joseph-easystore-plus-porte-rouleau-de-toilette-avec-brosse-de-toilette-en-acier-inoxydable\/#primaryimage"},"image":{"@id":"https:\/\/dev6.erresse-shop.it\/fr\/shop\/ameublement-maison\/salle-de-bain\/joseph-joseph-easystore-plus-porte-rouleau-de-toilette-avec-brosse-de-toilette-en-acier-inoxydable\/#primaryimage"},"thumbnailUrl":"https:\/\/i0.wp.com\/interpim.erresse-shop.it\/wp-content\/uploads\/2024\/10\/JOSEPH-JOSEPH-EasyStore\u2122-Plus-Porta-Rotolo-di-Carta-Igienica-con-Spazzola-per-WC-Acciaio-Inox.jpg\/joseph-joseph-easystore-e2-84-a2-plus-porta-rotolo-di-carta-igienica-con-spazzola-per-wc-acciaio-inox.jpg?ssl=1","datePublished":"2026-04-12T09:44:43+00:00","description":"Cet ensemble porte-rouleau de papier toilette et brosse de toilette comprend un porte-rouleau de papier toilette autoportant EasyStore\u2122 Plus avec une","breadcrumb":{"@id":"https:\/\/dev6.erresse-shop.it\/fr\/shop\/ameublement-maison\/salle-de-bain\/joseph-joseph-easystore-plus-porte-rouleau-de-toilette-avec-brosse-de-toilette-en-acier-inoxydable\/#breadcrumb"},"inLanguage":"fr-FR","potentialAction":[{"@type":"ReadAction","target":["https:\/\/dev6.erresse-shop.it\/fr\/shop\/ameublement-maison\/salle-de-bain\/joseph-joseph-easystore-plus-porte-rouleau-de-toilette-avec-brosse-de-toilette-en-acier-inoxydable\/"]}]},{"@type":"ImageObject","inLanguage":"fr-FR","@id":"https:\/\/dev6.erresse-shop.it\/fr\/shop\/ameublement-maison\/salle-de-bain\/joseph-joseph-easystore-plus-porte-rouleau-de-toilette-avec-brosse-de-toilette-en-acier-inoxydable\/#primaryimage","url":"https:\/\/i0.wp.com\/interpim.erresse-shop.it\/wp-content\/uploads\/2024\/10\/JOSEPH-JOSEPH-EasyStore\u2122-Plus-Porta-Rotolo-di-Carta-Igienica-con-Spazzola-per-WC-Acciaio-Inox.jpg\/joseph-joseph-easystore-e2-84-a2-plus-porta-rotolo-di-carta-igienica-con-spazzola-per-wc-acciaio-inox.jpg?ssl=1","contentUrl":"https:\/\/i0.wp.com\/interpim.erresse-shop.it\/wp-content\/uploads\/2024\/10\/JOSEPH-JOSEPH-EasyStore\u2122-Plus-Porta-Rotolo-di-Carta-Igienica-con-Spazzola-per-WC-Acciaio-Inox.jpg\/joseph-joseph-easystore-e2-84-a2-plus-porta-rotolo-di-carta-igienica-con-spazzola-per-wc-acciaio-inox.jpg?ssl=1"},{"@type":"BreadcrumbList","@id":"https:\/\/dev6.erresse-shop.it\/fr\/shop\/ameublement-maison\/salle-de-bain\/joseph-joseph-easystore-plus-porte-rouleau-de-toilette-avec-brosse-de-toilette-en-acier-inoxydable\/#breadcrumb","itemListElement":[{"@type":"ListItem","position":1,"name":"Home","item":"https:\/\/dev6.erresse-shop.it\/"},{"@type":"ListItem","position":2,"name":"Boutique","item":"https:\/\/dev6.erresse-shop.it\/shop\/"},{"@type":"ListItem","position":3,"name":"JOSEPH JOSEPH EasyStore Plus Porte-rouleau de toilette avec brosse de toilette en acier inoxydable"}]},{"@type":"WebSite","@id":"https:\/\/dev6.erresse-shop.it\/#website","url":"https:\/\/dev6.erresse-shop.it\/","name":"Erresse Shop","description":"","publisher":{"@id":"https:\/\/dev6.erresse-shop.it\/#organization"},"potentialAction":[{"@type":"SearchAction","target":{"@type":"EntryPoint","urlTemplate":"https:\/\/dev6.erresse-shop.it\/?s={search_term_string}"},"query-input":{"@type":"PropertyValueSpecification","valueRequired":true,"valueName":"search_term_string"}}],"inLanguage":"fr-FR"},{"@type":"Organization","@id":"https:\/\/dev6.erresse-shop.it\/#organization","name":"Erresse Shop","url":"https:\/\/dev6.erresse-shop.it\/","logo":{"@type":"ImageObject","inLanguage":"fr-FR","@id":"https:\/\/dev6.erresse-shop.it\/#\/schema\/logo\/image\/","url":"https:\/\/dev6.erresse-shop.it\/wp-content\/uploads\/2025\/01\/LOGO-ERRESSE-CLASSICO.svg","contentUrl":"https:\/\/dev6.erresse-shop.it\/wp-content\/uploads\/2025\/01\/LOGO-ERRESSE-CLASSICO.svg","caption":"Erresse Shop"},"image":{"@id":"https:\/\/dev6.erresse-shop.it\/#\/schema\/logo\/image\/"}}]}},"df_price":59.95,"df_sale_price":59.95,"df_regular_price":79.99,"df_image_link":"https:\/\/i0.wp.com\/interpim.erresse-shop.it\/wp-content\/uploads\/2024\/10\/JOSEPH-JOSEPH-EasyStore\u2122-Plus-Porta-Rotolo-di-Carta-Igienica-con-Spazzola-per-WC-Acciaio-Inox.jpg\/joseph-joseph-easystore-e2-84-a2-plus-porta-rotolo-di-carta-igienica-con-spazzola-per-wc-acciaio-inox.jpg?resize=300,300&ssl=1","fifu_image_url":"https:\/\/interpim.erresse-shop.it\/wp-content\/uploads\/2024\/10\/JOSEPH-JOSEPH-EasyStore\u2122-Plus-Porta-Rotolo-di-Carta-Igienica-con-Spazzola-per-WC-Acciaio-Inox.jpg\/joseph-joseph-easystore-e2-84-a2-plus-porta-rotolo-di-carta-igienica-con-spazzola-per-wc-acciaio-inox.jpg","_links":{"self":[{"href":"https:\/\/dev6.erresse-shop.it\/fr\/wp-json\/wp\/v2\/product\/64915","targetHints":{"allow":["GET"]}}],"collection":[{"href":"https:\/\/dev6.erresse-shop.it\/fr\/wp-json\/wp\/v2\/product"}],"about":[{"href":"https:\/\/dev6.erresse-shop.it\/fr\/wp-json\/wp\/v2\/types\/product"}],"wp:featuredmedia":[{"embeddable":true,"href":"https:\/\/dev6.erresse-shop.it\/fr\/wp-json\/wp\/v2\/media\/6369832"}],"wp:attachment":[{"href":"https:\/\/dev6.erresse-shop.it\/fr\/wp-json\/wp\/v2\/media?parent=64915"}],"wp:term":[{"taxonomy":"product_cat","embeddable":true,"href":"https:\/\/dev6.erresse-shop.it\/fr\/wp-json\/wp\/v2\/product_cat?post=64915"},{"taxonomy":"product_tag","embeddable":true,"href":"https:\/\/dev6.erresse-shop.it\/fr\/wp-json\/wp\/v2\/product_tag?post=64915"}],"curies":[{"name":"wp","href":"https:\/\/api.w.org\/{rel}","templated":true}]}}