{"id":64913,"date":"2026-04-12T11:44:43","date_gmt":"2026-04-12T09:44:43","guid":{"rendered":"https:\/\/dev6.erresse-shop.it\/shop\/non%20class\u00e9\/joseph-joseph-flex-360-brosse-a-toilette-ecru\/"},"modified":"2025-09-14T05:53:28","modified_gmt":"2025-09-14T03:53:28","slug":"joseph-joseph-flex-360-brosse-a-toilette-ecru","status":"publish","type":"product","link":"https:\/\/dev6.erresse-shop.it\/fr\/shop\/ameublement-maison\/salle-de-bain\/joseph-joseph-flex-360-brosse-a-toilette-ecru\/","title":{"rendered":"JOSEPH JOSEPH Flex 360 Brosse \u00e0 toilette Ecru"},"content":{"rendered":"<p>La propret\u00e9 des toilettes vient d\u2019\u00eatre am\u00e9lior\u00e9e. La t\u00eate de brosse triple action du Flex\u2122 360 fonctionne dans trois directions simultan\u00e9ment pour un nettoyage des toilettes plus facile et plus hygi\u00e9nique. De plus, l\u2019\u00e9l\u00e9gant support mat s\u2019int\u00e8gre parfaitement dans n\u2019importe quelle salle de bain.<\/p>\n<p>La t\u00eate triple action nettoie simultan\u00e9ment dans trois directions<br \/>\nAnti-gouttes\u00a0: une vidange rapide r\u00e9duit les gouttes entre le nettoyage et le stockage<br \/>\nAnti-encrassement\u00a0: le large espacement des poils assure un rin\u00e7age facile de la salet\u00e9<br \/>\nT\u00eate rempla\u00e7able<br \/>\nSupport intelligent pour ranger la brosse<br \/>\nFinition mate<\/p>\n<p>Entretien et utilisation\u00a0:<\/p>\n<p>Brosse et support\u00a0: nettoyer avec de l\u2019eau de Javel ou de l\u2019eau ti\u00e8de savonneuse.<\/p>\n<p>Dimensions\u00a0:<\/p>\n<p>H43,6 x L10,5 x P10,4 cm (H17\u00bc x L4\u00bc x P4 pouces)<\/p>\n<p>\u00a0<\/p>\n","protected":false},"excerpt":{"rendered":"<p>La propret\u00e9 des toilettes vient d\u2019\u00eatre am\u00e9lior\u00e9e. La t\u00eate de brosse triple action du Flex\u2122 360 fonctionne dans trois directions simultan\u00e9ment pour un nettoyage des toilettes plus facile et plus hygi\u00e9nique. De plus, l\u2019\u00e9l\u00e9gant support mat s\u2019int\u00e8gre parfaitement dans n\u2019importe quelle salle de bain. La t\u00eate triple action nettoie simultan\u00e9ment dans trois directions Anti-gouttes\u00a0: une [&hellip;]<\/p>\n","protected":false},"featured_media":6369823,"template":"","meta":{"_acf_changed":false},"product_cat":[11990,12074],"product_tag":[],"class_list":{"0":"post-64913","1":"product","2":"type-product","3":"status-publish","4":"has-post-thumbnail","6":"product_cat-ameublement-maison","7":"product_cat-salle-de-bain","9":"first","10":"instock","11":"taxable","12":"shipping-taxable","13":"purchasable","14":"product-type-simple","swatches":"rey-swatches","show_selected":"","stretch_labels":"rey-swatches--stretch-labels"},"acf":[],"yoast_head":"<!-- This site is optimized with the Yoast SEO plugin v25.4 - https:\/\/yoast.com\/wordpress\/plugins\/seo\/ -->\n<title>JOSEPH JOSEPH Flex 360 Brosse \u00e0 toilette Ecru - dev6 Erresse<\/title>\n<meta name=\"description\" content=\"La propret\u00e9 des toilettes vient d\u2019\u00eatre am\u00e9lior\u00e9e. La t\u00eate de brosse triple action du Flex\u2122 360 fonctionne dans trois directions simultan\u00e9ment pour un\" \/>\n<meta name=\"robots\" content=\"noindex, follow, max-snippet:-1, max-image-preview:large, max-video-preview:-1\" \/>\n<meta property=\"og:locale\" content=\"fr_FR\" \/>\n<meta property=\"og:type\" content=\"article\" \/>\n<meta property=\"og:title\" content=\"JOSEPH JOSEPH Flex 360 Brosse \u00e0 toilette Ecru - dev6 Erresse\" \/>\n<meta property=\"og:description\" content=\"La propret\u00e9 des toilettes vient d\u2019\u00eatre am\u00e9lior\u00e9e. La t\u00eate de brosse triple action du Flex\u2122 360 fonctionne dans trois directions simultan\u00e9ment pour un\" \/>\n<meta property=\"og:url\" content=\"https:\/\/dev6.erresse-shop.it\/fr\/shop\/ameublement-maison\/salle-de-bain\/joseph-joseph-flex-360-brosse-a-toilette-ecru\/\" \/>\n<meta property=\"og:site_name\" content=\"dev6 Erresse\" \/>\n<meta property=\"og:image\" content=\"https:\/\/interpim.erresse-shop.it\/wp-content\/uploads\/2024\/10\/JOSEPH-JOSEPH-Flex\u2122-360-Spazzola-per-WC-Ecru.jpg\/joseph-joseph-flex-e2-84-a2-360-spazzola-per-wc-ecru.jpg\" \/><meta property=\"og:image\" content=\"https:\/\/interpim.erresse-shop.it\/wp-content\/uploads\/2024\/10\/JOSEPH-JOSEPH-Flex\u2122-360-Spazzola-per-WC-Ecru.jpg\/joseph-joseph-flex-e2-84-a2-360-spazzola-per-wc-ecru.jpg\" \/>\n\t<meta property=\"og:image:width\" content=\"1024\" \/>\n\t<meta property=\"og:image:height\" content=\"1024\" \/>\n\t<meta property=\"og:image:type\" content=\"image\/jpeg\" \/>\n<meta name=\"twitter:card\" content=\"summary_large_image\" \/>\n<meta name=\"twitter:image\" content=\"https:\/\/interpim.erresse-shop.it\/wp-content\/uploads\/2024\/10\/JOSEPH-JOSEPH-Flex\u2122-360-Spazzola-per-WC-Ecru.jpg\/joseph-joseph-flex-e2-84-a2-360-spazzola-per-wc-ecru.jpg\" \/>\n<script type=\"application\/ld+json\" class=\"yoast-schema-graph\">{\"@context\":\"https:\/\/schema.org\",\"@graph\":[{\"@type\":\"WebPage\",\"@id\":\"https:\/\/dev6.erresse-shop.it\/fr\/shop\/ameublement-maison\/salle-de-bain\/joseph-joseph-flex-360-brosse-a-toilette-ecru\/\",\"url\":\"https:\/\/dev6.erresse-shop.it\/fr\/shop\/ameublement-maison\/salle-de-bain\/joseph-joseph-flex-360-brosse-a-toilette-ecru\/\",\"name\":\"JOSEPH JOSEPH Flex 360 Brosse \u00e0 toilette Ecru - dev6 Erresse\",\"isPartOf\":{\"@id\":\"https:\/\/dev6.erresse-shop.it\/#website\"},\"primaryImageOfPage\":{\"@id\":\"https:\/\/dev6.erresse-shop.it\/fr\/shop\/ameublement-maison\/salle-de-bain\/joseph-joseph-flex-360-brosse-a-toilette-ecru\/#primaryimage\"},\"image\":{\"@id\":\"https:\/\/dev6.erresse-shop.it\/fr\/shop\/ameublement-maison\/salle-de-bain\/joseph-joseph-flex-360-brosse-a-toilette-ecru\/#primaryimage\"},\"thumbnailUrl\":\"https:\/\/i2.wp.com\/interpim.erresse-shop.it\/wp-content\/uploads\/2024\/10\/JOSEPH-JOSEPH-Flex\u2122-360-Spazzola-per-WC-Ecru.jpg\/joseph-joseph-flex-e2-84-a2-360-spazzola-per-wc-ecru.jpg?ssl=1\",\"datePublished\":\"2026-04-12T09:44:43+00:00\",\"description\":\"La propret\u00e9 des toilettes vient d\u2019\u00eatre am\u00e9lior\u00e9e. La t\u00eate de brosse triple action du Flex\u2122 360 fonctionne dans trois directions simultan\u00e9ment pour un\",\"breadcrumb\":{\"@id\":\"https:\/\/dev6.erresse-shop.it\/fr\/shop\/ameublement-maison\/salle-de-bain\/joseph-joseph-flex-360-brosse-a-toilette-ecru\/#breadcrumb\"},\"inLanguage\":\"fr-FR\",\"potentialAction\":[{\"@type\":\"ReadAction\",\"target\":[\"https:\/\/dev6.erresse-shop.it\/fr\/shop\/ameublement-maison\/salle-de-bain\/joseph-joseph-flex-360-brosse-a-toilette-ecru\/\"]}]},{\"@type\":\"ImageObject\",\"inLanguage\":\"fr-FR\",\"@id\":\"https:\/\/dev6.erresse-shop.it\/fr\/shop\/ameublement-maison\/salle-de-bain\/joseph-joseph-flex-360-brosse-a-toilette-ecru\/#primaryimage\",\"url\":\"https:\/\/i2.wp.com\/interpim.erresse-shop.it\/wp-content\/uploads\/2024\/10\/JOSEPH-JOSEPH-Flex\u2122-360-Spazzola-per-WC-Ecru.jpg\/joseph-joseph-flex-e2-84-a2-360-spazzola-per-wc-ecru.jpg?ssl=1\",\"contentUrl\":\"https:\/\/i2.wp.com\/interpim.erresse-shop.it\/wp-content\/uploads\/2024\/10\/JOSEPH-JOSEPH-Flex\u2122-360-Spazzola-per-WC-Ecru.jpg\/joseph-joseph-flex-e2-84-a2-360-spazzola-per-wc-ecru.jpg?ssl=1\"},{\"@type\":\"BreadcrumbList\",\"@id\":\"https:\/\/dev6.erresse-shop.it\/fr\/shop\/ameublement-maison\/salle-de-bain\/joseph-joseph-flex-360-brosse-a-toilette-ecru\/#breadcrumb\",\"itemListElement\":[{\"@type\":\"ListItem\",\"position\":1,\"name\":\"Home\",\"item\":\"https:\/\/dev6.erresse-shop.it\/\"},{\"@type\":\"ListItem\",\"position\":2,\"name\":\"Boutique\",\"item\":\"https:\/\/dev6.erresse-shop.it\/shop\/\"},{\"@type\":\"ListItem\",\"position\":3,\"name\":\"JOSEPH JOSEPH Flex 360 Brosse \u00e0 toilette Ecru\"}]},{\"@type\":\"WebSite\",\"@id\":\"https:\/\/dev6.erresse-shop.it\/#website\",\"url\":\"https:\/\/dev6.erresse-shop.it\/\",\"name\":\"Erresse Shop\",\"description\":\"\",\"publisher\":{\"@id\":\"https:\/\/dev6.erresse-shop.it\/#organization\"},\"potentialAction\":[{\"@type\":\"SearchAction\",\"target\":{\"@type\":\"EntryPoint\",\"urlTemplate\":\"https:\/\/dev6.erresse-shop.it\/?s={search_term_string}\"},\"query-input\":{\"@type\":\"PropertyValueSpecification\",\"valueRequired\":true,\"valueName\":\"search_term_string\"}}],\"inLanguage\":\"fr-FR\"},{\"@type\":\"Organization\",\"@id\":\"https:\/\/dev6.erresse-shop.it\/#organization\",\"name\":\"Erresse Shop\",\"url\":\"https:\/\/dev6.erresse-shop.it\/\",\"logo\":{\"@type\":\"ImageObject\",\"inLanguage\":\"fr-FR\",\"@id\":\"https:\/\/dev6.erresse-shop.it\/#\/schema\/logo\/image\/\",\"url\":\"https:\/\/dev6.erresse-shop.it\/wp-content\/uploads\/2025\/01\/LOGO-ERRESSE-CLASSICO.svg\",\"contentUrl\":\"https:\/\/dev6.erresse-shop.it\/wp-content\/uploads\/2025\/01\/LOGO-ERRESSE-CLASSICO.svg\",\"caption\":\"Erresse Shop\"},\"image\":{\"@id\":\"https:\/\/dev6.erresse-shop.it\/#\/schema\/logo\/image\/\"}}]}<\/script>\n<!-- \/ Yoast SEO plugin. -->","yoast_head_json":{"title":"JOSEPH JOSEPH Flex 360 Brosse \u00e0 toilette Ecru - dev6 Erresse","description":"La propret\u00e9 des toilettes vient d\u2019\u00eatre am\u00e9lior\u00e9e. La t\u00eate de brosse triple action du Flex\u2122 360 fonctionne dans trois directions simultan\u00e9ment pour un","robots":{"index":"noindex","follow":"follow","max-snippet":"max-snippet:-1","max-image-preview":"max-image-preview:large","max-video-preview":"max-video-preview:-1"},"og_locale":"fr_FR","og_type":"article","og_title":"JOSEPH JOSEPH Flex 360 Brosse \u00e0 toilette Ecru - dev6 Erresse","og_description":"La propret\u00e9 des toilettes vient d\u2019\u00eatre am\u00e9lior\u00e9e. La t\u00eate de brosse triple action du Flex\u2122 360 fonctionne dans trois directions simultan\u00e9ment pour un","og_url":"https:\/\/dev6.erresse-shop.it\/fr\/shop\/ameublement-maison\/salle-de-bain\/joseph-joseph-flex-360-brosse-a-toilette-ecru\/","og_site_name":"dev6 Erresse","og_image":[{"url":"https:\/\/interpim.erresse-shop.it\/wp-content\/uploads\/2024\/10\/JOSEPH-JOSEPH-Flex\u2122-360-Spazzola-per-WC-Ecru.jpg\/joseph-joseph-flex-e2-84-a2-360-spazzola-per-wc-ecru.jpg","type":"","width":"","height":""},{"url":"https:\/\/interpim.erresse-shop.it\/wp-content\/uploads\/2024\/10\/JOSEPH-JOSEPH-Flex\u2122-360-Spazzola-per-WC-Ecru.jpg\/joseph-joseph-flex-e2-84-a2-360-spazzola-per-wc-ecru.jpg","width":1024,"height":1024,"type":"image\/jpeg"}],"twitter_card":"summary_large_image","twitter_image":"https:\/\/interpim.erresse-shop.it\/wp-content\/uploads\/2024\/10\/JOSEPH-JOSEPH-Flex\u2122-360-Spazzola-per-WC-Ecru.jpg\/joseph-joseph-flex-e2-84-a2-360-spazzola-per-wc-ecru.jpg","schema":{"@context":"https:\/\/schema.org","@graph":[{"@type":"WebPage","@id":"https:\/\/dev6.erresse-shop.it\/fr\/shop\/ameublement-maison\/salle-de-bain\/joseph-joseph-flex-360-brosse-a-toilette-ecru\/","url":"https:\/\/dev6.erresse-shop.it\/fr\/shop\/ameublement-maison\/salle-de-bain\/joseph-joseph-flex-360-brosse-a-toilette-ecru\/","name":"JOSEPH JOSEPH Flex 360 Brosse \u00e0 toilette Ecru - dev6 Erresse","isPartOf":{"@id":"https:\/\/dev6.erresse-shop.it\/#website"},"primaryImageOfPage":{"@id":"https:\/\/dev6.erresse-shop.it\/fr\/shop\/ameublement-maison\/salle-de-bain\/joseph-joseph-flex-360-brosse-a-toilette-ecru\/#primaryimage"},"image":{"@id":"https:\/\/dev6.erresse-shop.it\/fr\/shop\/ameublement-maison\/salle-de-bain\/joseph-joseph-flex-360-brosse-a-toilette-ecru\/#primaryimage"},"thumbnailUrl":"https:\/\/i2.wp.com\/interpim.erresse-shop.it\/wp-content\/uploads\/2024\/10\/JOSEPH-JOSEPH-Flex\u2122-360-Spazzola-per-WC-Ecru.jpg\/joseph-joseph-flex-e2-84-a2-360-spazzola-per-wc-ecru.jpg?ssl=1","datePublished":"2026-04-12T09:44:43+00:00","description":"La propret\u00e9 des toilettes vient d\u2019\u00eatre am\u00e9lior\u00e9e. La t\u00eate de brosse triple action du Flex\u2122 360 fonctionne dans trois directions simultan\u00e9ment pour un","breadcrumb":{"@id":"https:\/\/dev6.erresse-shop.it\/fr\/shop\/ameublement-maison\/salle-de-bain\/joseph-joseph-flex-360-brosse-a-toilette-ecru\/#breadcrumb"},"inLanguage":"fr-FR","potentialAction":[{"@type":"ReadAction","target":["https:\/\/dev6.erresse-shop.it\/fr\/shop\/ameublement-maison\/salle-de-bain\/joseph-joseph-flex-360-brosse-a-toilette-ecru\/"]}]},{"@type":"ImageObject","inLanguage":"fr-FR","@id":"https:\/\/dev6.erresse-shop.it\/fr\/shop\/ameublement-maison\/salle-de-bain\/joseph-joseph-flex-360-brosse-a-toilette-ecru\/#primaryimage","url":"https:\/\/i2.wp.com\/interpim.erresse-shop.it\/wp-content\/uploads\/2024\/10\/JOSEPH-JOSEPH-Flex\u2122-360-Spazzola-per-WC-Ecru.jpg\/joseph-joseph-flex-e2-84-a2-360-spazzola-per-wc-ecru.jpg?ssl=1","contentUrl":"https:\/\/i2.wp.com\/interpim.erresse-shop.it\/wp-content\/uploads\/2024\/10\/JOSEPH-JOSEPH-Flex\u2122-360-Spazzola-per-WC-Ecru.jpg\/joseph-joseph-flex-e2-84-a2-360-spazzola-per-wc-ecru.jpg?ssl=1"},{"@type":"BreadcrumbList","@id":"https:\/\/dev6.erresse-shop.it\/fr\/shop\/ameublement-maison\/salle-de-bain\/joseph-joseph-flex-360-brosse-a-toilette-ecru\/#breadcrumb","itemListElement":[{"@type":"ListItem","position":1,"name":"Home","item":"https:\/\/dev6.erresse-shop.it\/"},{"@type":"ListItem","position":2,"name":"Boutique","item":"https:\/\/dev6.erresse-shop.it\/shop\/"},{"@type":"ListItem","position":3,"name":"JOSEPH JOSEPH Flex 360 Brosse \u00e0 toilette Ecru"}]},{"@type":"WebSite","@id":"https:\/\/dev6.erresse-shop.it\/#website","url":"https:\/\/dev6.erresse-shop.it\/","name":"Erresse Shop","description":"","publisher":{"@id":"https:\/\/dev6.erresse-shop.it\/#organization"},"potentialAction":[{"@type":"SearchAction","target":{"@type":"EntryPoint","urlTemplate":"https:\/\/dev6.erresse-shop.it\/?s={search_term_string}"},"query-input":{"@type":"PropertyValueSpecification","valueRequired":true,"valueName":"search_term_string"}}],"inLanguage":"fr-FR"},{"@type":"Organization","@id":"https:\/\/dev6.erresse-shop.it\/#organization","name":"Erresse Shop","url":"https:\/\/dev6.erresse-shop.it\/","logo":{"@type":"ImageObject","inLanguage":"fr-FR","@id":"https:\/\/dev6.erresse-shop.it\/#\/schema\/logo\/image\/","url":"https:\/\/dev6.erresse-shop.it\/wp-content\/uploads\/2025\/01\/LOGO-ERRESSE-CLASSICO.svg","contentUrl":"https:\/\/dev6.erresse-shop.it\/wp-content\/uploads\/2025\/01\/LOGO-ERRESSE-CLASSICO.svg","caption":"Erresse Shop"},"image":{"@id":"https:\/\/dev6.erresse-shop.it\/#\/schema\/logo\/image\/"}}]}},"df_price":39.99,"df_sale_price":"","df_regular_price":39.99,"df_image_link":"https:\/\/i2.wp.com\/interpim.erresse-shop.it\/wp-content\/uploads\/2024\/10\/JOSEPH-JOSEPH-Flex\u2122-360-Spazzola-per-WC-Ecru.jpg\/joseph-joseph-flex-e2-84-a2-360-spazzola-per-wc-ecru.jpg?resize=300,300&ssl=1","fifu_image_url":"https:\/\/interpim.erresse-shop.it\/wp-content\/uploads\/2024\/10\/JOSEPH-JOSEPH-Flex\u2122-360-Spazzola-per-WC-Ecru.jpg\/joseph-joseph-flex-e2-84-a2-360-spazzola-per-wc-ecru.jpg","_links":{"self":[{"href":"https:\/\/dev6.erresse-shop.it\/fr\/wp-json\/wp\/v2\/product\/64913","targetHints":{"allow":["GET"]}}],"collection":[{"href":"https:\/\/dev6.erresse-shop.it\/fr\/wp-json\/wp\/v2\/product"}],"about":[{"href":"https:\/\/dev6.erresse-shop.it\/fr\/wp-json\/wp\/v2\/types\/product"}],"wp:featuredmedia":[{"embeddable":true,"href":"https:\/\/dev6.erresse-shop.it\/fr\/wp-json\/wp\/v2\/media\/6369823"}],"wp:attachment":[{"href":"https:\/\/dev6.erresse-shop.it\/fr\/wp-json\/wp\/v2\/media?parent=64913"}],"wp:term":[{"taxonomy":"product_cat","embeddable":true,"href":"https:\/\/dev6.erresse-shop.it\/fr\/wp-json\/wp\/v2\/product_cat?post=64913"},{"taxonomy":"product_tag","embeddable":true,"href":"https:\/\/dev6.erresse-shop.it\/fr\/wp-json\/wp\/v2\/product_tag?post=64913"}],"curies":[{"name":"wp","href":"https:\/\/api.w.org\/{rel}","templated":true}]}}