{"id":64911,"date":"2026-04-12T11:44:43","date_gmt":"2026-04-12T09:44:43","guid":{"rendered":"https:\/\/dev6.erresse-shop.it\/shop\/non%20class\u00e9\/joseph-joseph-arc-easy-push-poubelle-a-pedale-noir-mat-30l\/"},"modified":"2025-09-14T05:53:24","modified_gmt":"2025-09-14T03:53:24","slug":"joseph-joseph-arc-easy-push-poubelle-a-pedale-noir-mat-30l","status":"publish","type":"product","link":"https:\/\/dev6.erresse-shop.it\/fr\/shop\/ameublement-maison\/poubelles\/joseph-joseph-arc-easy-push-poubelle-a-pedale-noir-mat-30l\/","title":{"rendered":"JOSEPH JOSEPH Arc Easy-Push Poubelle \u00e0 p\u00e9dale noir mat 30L"},"content":{"rendered":"<p>Cette \u00e9l\u00e9gante poubelle circulaire est dot\u00e9e d\u2019une grande p\u00e9dale qui s\u2019int\u00e8gre parfaitement dans l\u2019empreinte du design, \u00e9conomisant ainsi un espace pr\u00e9cieux au sol. De plus, il dispose d\u2019un compartiment de rangement int\u00e9gr\u00e9 \u00e0 l\u2019arri\u00e8re pour vos housses, les rendant facilement accessibles en cas de besoin. Fini en acier inoxydable \u00e9l\u00e9gant, il a une capacit\u00e9 de 30 L (7,9 gallons am\u00e9ricains).<\/p>\n<p>Grande p\u00e9dale facile \u00e0 appuyer qui s\u2019adapte parfaitement \u00e0 la taille de la poubelle.<br \/>\nLes rouleaux de papier toilette peuvent \u00eatre rang\u00e9s en toute s\u00e9curit\u00e9 dans le compartiment facile d\u2019acc\u00e8s.<br \/>\nCouvercle \u00e0 fermeture douce avec rev\u00eatement anti-empreintes digitales.<br \/>\nSeau amovible facile \u00e0 vider.<br \/>\nCompatible avec les doublures personnalis\u00e9es Joseph Joseph IW5.<\/p>\n<p>Entretien et utilisation\u00a0:<\/p>\n<p>\u00c0 utiliser avec les doublures personnalis\u00e9es Joseph Joseph IW5. Peut \u00e9galement \u00eatre utilis\u00e9 avec des gaines standards.<br \/>\nSurfaces externes\u00a0: nettoyer avec un chiffon humide et s\u00e9cher avec un chiffon doux et sec. N\u2019utilisez pas de chiffons abrasifs ni de nettoyants chimiques puissants.<br \/>\nSeau\u00a0: retirez-le de l\u2019appareil et nettoyez-le avec de l\u2019eau ti\u00e8de savonneuse. Pour \u00e9liminer les odeurs d\u00e9sagr\u00e9ables, vous pouvez utiliser une solution de levure chimique et d\u2019eau. S\u00e9chez-le avant de le remettre dans l\u2019appareil.<br \/>\nFiltre anti-odeurs\u00a0: pour des performances optimales, il est recommand\u00e9 de remplacer le filtre anti-odeurs tous les 3\u00a0mois.<\/p>\n<p>Dimensions\u00a0:<\/p>\n<p>H71,5 x L33,5 x P34 cm (H28,2 x L13,2 x P13,4 pouces)<\/p>\n<p>Poids\u00a0:<\/p>\n<p>5,45 kg<\/p>\n<p>\u00a0<\/p>\n","protected":false},"excerpt":{"rendered":"<p>Cette \u00e9l\u00e9gante poubelle circulaire est dot\u00e9e d\u2019une grande p\u00e9dale qui s\u2019int\u00e8gre parfaitement dans l\u2019empreinte du design, \u00e9conomisant ainsi un espace pr\u00e9cieux au sol. De plus, il dispose d\u2019un compartiment de rangement int\u00e9gr\u00e9 \u00e0 l\u2019arri\u00e8re pour vos housses, les rendant facilement accessibles en cas de besoin. Fini en acier inoxydable \u00e9l\u00e9gant, il a une capacit\u00e9 de [&hellip;]<\/p>\n","protected":false},"featured_media":6369819,"template":"","meta":{"_acf_changed":false},"product_cat":[11990,11666,12029],"product_tag":[],"class_list":{"0":"post-64911","1":"product","2":"type-product","3":"status-publish","4":"has-post-thumbnail","6":"product_cat-ameublement-maison","7":"product_cat-arredamento-casa","8":"product_cat-poubelles","10":"first","11":"instock","12":"sale","13":"taxable","14":"shipping-taxable","15":"purchasable","16":"product-type-simple","swatches":"rey-swatches","show_selected":"","stretch_labels":"rey-swatches--stretch-labels"},"acf":[],"yoast_head":"<!-- This site is optimized with the Yoast SEO plugin v25.4 - https:\/\/yoast.com\/wordpress\/plugins\/seo\/ -->\n<title>JOSEPH JOSEPH Arc Easy-Push Poubelle \u00e0 p\u00e9dale noir mat 30L - dev6 Erresse<\/title>\n<meta name=\"description\" content=\"Cette \u00e9l\u00e9gante poubelle circulaire est dot\u00e9e d\u2019une grande p\u00e9dale qui s\u2019int\u00e8gre parfaitement dans l\u2019empreinte du design, \u00e9conomisant ainsi un espace\" \/>\n<meta name=\"robots\" content=\"noindex, follow, max-snippet:-1, max-image-preview:large, max-video-preview:-1\" \/>\n<meta property=\"og:locale\" content=\"fr_FR\" \/>\n<meta property=\"og:type\" content=\"article\" \/>\n<meta property=\"og:title\" content=\"JOSEPH JOSEPH Arc Easy-Push Poubelle \u00e0 p\u00e9dale noir mat 30L - dev6 Erresse\" \/>\n<meta property=\"og:description\" content=\"Cette \u00e9l\u00e9gante poubelle circulaire est dot\u00e9e d\u2019une grande p\u00e9dale qui s\u2019int\u00e8gre parfaitement dans l\u2019empreinte du design, \u00e9conomisant ainsi un espace\" \/>\n<meta property=\"og:url\" content=\"https:\/\/dev6.erresse-shop.it\/fr\/shop\/ameublement-maison\/poubelles\/joseph-joseph-arc-easy-push-poubelle-a-pedale-noir-mat-30l\/\" \/>\n<meta property=\"og:site_name\" content=\"dev6 Erresse\" \/>\n<meta property=\"og:image\" content=\"https:\/\/interpim.erresse-shop.it\/Import\/Prodotti\/joseph-joseph-arc-easy-push-cestino-a-pedale-nero-opaco-30l.jpg\" \/><meta property=\"og:image\" content=\"https:\/\/interpim.erresse-shop.it\/Import\/Prodotti\/joseph-joseph-arc-easy-push-cestino-a-pedale-nero-opaco-30l.jpg\" \/>\n\t<meta property=\"og:image:width\" content=\"1024\" \/>\n\t<meta property=\"og:image:height\" content=\"1024\" \/>\n\t<meta property=\"og:image:type\" content=\"image\/jpeg\" \/>\n<meta name=\"twitter:card\" content=\"summary_large_image\" \/>\n<meta name=\"twitter:image\" content=\"https:\/\/interpim.erresse-shop.it\/Import\/Prodotti\/joseph-joseph-arc-easy-push-cestino-a-pedale-nero-opaco-30l.jpg\" \/>\n<script type=\"application\/ld+json\" class=\"yoast-schema-graph\">{\"@context\":\"https:\/\/schema.org\",\"@graph\":[{\"@type\":\"WebPage\",\"@id\":\"https:\/\/dev6.erresse-shop.it\/fr\/shop\/ameublement-maison\/poubelles\/joseph-joseph-arc-easy-push-poubelle-a-pedale-noir-mat-30l\/\",\"url\":\"https:\/\/dev6.erresse-shop.it\/fr\/shop\/ameublement-maison\/poubelles\/joseph-joseph-arc-easy-push-poubelle-a-pedale-noir-mat-30l\/\",\"name\":\"JOSEPH JOSEPH Arc Easy-Push Poubelle \u00e0 p\u00e9dale noir mat 30L - dev6 Erresse\",\"isPartOf\":{\"@id\":\"https:\/\/dev6.erresse-shop.it\/#website\"},\"primaryImageOfPage\":{\"@id\":\"https:\/\/dev6.erresse-shop.it\/fr\/shop\/ameublement-maison\/poubelles\/joseph-joseph-arc-easy-push-poubelle-a-pedale-noir-mat-30l\/#primaryimage\"},\"image\":{\"@id\":\"https:\/\/dev6.erresse-shop.it\/fr\/shop\/ameublement-maison\/poubelles\/joseph-joseph-arc-easy-push-poubelle-a-pedale-noir-mat-30l\/#primaryimage\"},\"thumbnailUrl\":\"https:\/\/i0.wp.com\/interpim.erresse-shop.it\/Import\/Prodotti\/joseph-joseph-arc-easy-push-cestino-a-pedale-nero-opaco-30l.jpg?ssl=1\",\"datePublished\":\"2026-04-12T09:44:43+00:00\",\"description\":\"Cette \u00e9l\u00e9gante poubelle circulaire est dot\u00e9e d\u2019une grande p\u00e9dale qui s\u2019int\u00e8gre parfaitement dans l\u2019empreinte du design, \u00e9conomisant ainsi un espace\",\"breadcrumb\":{\"@id\":\"https:\/\/dev6.erresse-shop.it\/fr\/shop\/ameublement-maison\/poubelles\/joseph-joseph-arc-easy-push-poubelle-a-pedale-noir-mat-30l\/#breadcrumb\"},\"inLanguage\":\"fr-FR\",\"potentialAction\":[{\"@type\":\"ReadAction\",\"target\":[\"https:\/\/dev6.erresse-shop.it\/fr\/shop\/ameublement-maison\/poubelles\/joseph-joseph-arc-easy-push-poubelle-a-pedale-noir-mat-30l\/\"]}]},{\"@type\":\"ImageObject\",\"inLanguage\":\"fr-FR\",\"@id\":\"https:\/\/dev6.erresse-shop.it\/fr\/shop\/ameublement-maison\/poubelles\/joseph-joseph-arc-easy-push-poubelle-a-pedale-noir-mat-30l\/#primaryimage\",\"url\":\"https:\/\/i0.wp.com\/interpim.erresse-shop.it\/Import\/Prodotti\/joseph-joseph-arc-easy-push-cestino-a-pedale-nero-opaco-30l.jpg?ssl=1\",\"contentUrl\":\"https:\/\/i0.wp.com\/interpim.erresse-shop.it\/Import\/Prodotti\/joseph-joseph-arc-easy-push-cestino-a-pedale-nero-opaco-30l.jpg?ssl=1\"},{\"@type\":\"BreadcrumbList\",\"@id\":\"https:\/\/dev6.erresse-shop.it\/fr\/shop\/ameublement-maison\/poubelles\/joseph-joseph-arc-easy-push-poubelle-a-pedale-noir-mat-30l\/#breadcrumb\",\"itemListElement\":[{\"@type\":\"ListItem\",\"position\":1,\"name\":\"Home\",\"item\":\"https:\/\/dev6.erresse-shop.it\/\"},{\"@type\":\"ListItem\",\"position\":2,\"name\":\"Boutique\",\"item\":\"https:\/\/dev6.erresse-shop.it\/shop\/\"},{\"@type\":\"ListItem\",\"position\":3,\"name\":\"JOSEPH JOSEPH Arc Easy-Push Poubelle \u00e0 p\u00e9dale noir mat 30L\"}]},{\"@type\":\"WebSite\",\"@id\":\"https:\/\/dev6.erresse-shop.it\/#website\",\"url\":\"https:\/\/dev6.erresse-shop.it\/\",\"name\":\"Erresse Shop\",\"description\":\"\",\"publisher\":{\"@id\":\"https:\/\/dev6.erresse-shop.it\/#organization\"},\"potentialAction\":[{\"@type\":\"SearchAction\",\"target\":{\"@type\":\"EntryPoint\",\"urlTemplate\":\"https:\/\/dev6.erresse-shop.it\/?s={search_term_string}\"},\"query-input\":{\"@type\":\"PropertyValueSpecification\",\"valueRequired\":true,\"valueName\":\"search_term_string\"}}],\"inLanguage\":\"fr-FR\"},{\"@type\":\"Organization\",\"@id\":\"https:\/\/dev6.erresse-shop.it\/#organization\",\"name\":\"Erresse Shop\",\"url\":\"https:\/\/dev6.erresse-shop.it\/\",\"logo\":{\"@type\":\"ImageObject\",\"inLanguage\":\"fr-FR\",\"@id\":\"https:\/\/dev6.erresse-shop.it\/#\/schema\/logo\/image\/\",\"url\":\"https:\/\/dev6.erresse-shop.it\/wp-content\/uploads\/2025\/01\/LOGO-ERRESSE-CLASSICO.svg\",\"contentUrl\":\"https:\/\/dev6.erresse-shop.it\/wp-content\/uploads\/2025\/01\/LOGO-ERRESSE-CLASSICO.svg\",\"caption\":\"Erresse Shop\"},\"image\":{\"@id\":\"https:\/\/dev6.erresse-shop.it\/#\/schema\/logo\/image\/\"}}]}<\/script>\n<!-- \/ Yoast SEO plugin. -->","yoast_head_json":{"title":"JOSEPH JOSEPH Arc Easy-Push Poubelle \u00e0 p\u00e9dale noir mat 30L - dev6 Erresse","description":"Cette \u00e9l\u00e9gante poubelle circulaire est dot\u00e9e d\u2019une grande p\u00e9dale qui s\u2019int\u00e8gre parfaitement dans l\u2019empreinte du design, \u00e9conomisant ainsi un espace","robots":{"index":"noindex","follow":"follow","max-snippet":"max-snippet:-1","max-image-preview":"max-image-preview:large","max-video-preview":"max-video-preview:-1"},"og_locale":"fr_FR","og_type":"article","og_title":"JOSEPH JOSEPH Arc Easy-Push Poubelle \u00e0 p\u00e9dale noir mat 30L - dev6 Erresse","og_description":"Cette \u00e9l\u00e9gante poubelle circulaire est dot\u00e9e d\u2019une grande p\u00e9dale qui s\u2019int\u00e8gre parfaitement dans l\u2019empreinte du design, \u00e9conomisant ainsi un espace","og_url":"https:\/\/dev6.erresse-shop.it\/fr\/shop\/ameublement-maison\/poubelles\/joseph-joseph-arc-easy-push-poubelle-a-pedale-noir-mat-30l\/","og_site_name":"dev6 Erresse","og_image":[{"url":"https:\/\/interpim.erresse-shop.it\/Import\/Prodotti\/joseph-joseph-arc-easy-push-cestino-a-pedale-nero-opaco-30l.jpg","type":"","width":"","height":""},{"url":"https:\/\/interpim.erresse-shop.it\/Import\/Prodotti\/joseph-joseph-arc-easy-push-cestino-a-pedale-nero-opaco-30l.jpg","width":1024,"height":1024,"type":"image\/jpeg"}],"twitter_card":"summary_large_image","twitter_image":"https:\/\/interpim.erresse-shop.it\/Import\/Prodotti\/joseph-joseph-arc-easy-push-cestino-a-pedale-nero-opaco-30l.jpg","schema":{"@context":"https:\/\/schema.org","@graph":[{"@type":"WebPage","@id":"https:\/\/dev6.erresse-shop.it\/fr\/shop\/ameublement-maison\/poubelles\/joseph-joseph-arc-easy-push-poubelle-a-pedale-noir-mat-30l\/","url":"https:\/\/dev6.erresse-shop.it\/fr\/shop\/ameublement-maison\/poubelles\/joseph-joseph-arc-easy-push-poubelle-a-pedale-noir-mat-30l\/","name":"JOSEPH JOSEPH Arc Easy-Push Poubelle \u00e0 p\u00e9dale noir mat 30L - dev6 Erresse","isPartOf":{"@id":"https:\/\/dev6.erresse-shop.it\/#website"},"primaryImageOfPage":{"@id":"https:\/\/dev6.erresse-shop.it\/fr\/shop\/ameublement-maison\/poubelles\/joseph-joseph-arc-easy-push-poubelle-a-pedale-noir-mat-30l\/#primaryimage"},"image":{"@id":"https:\/\/dev6.erresse-shop.it\/fr\/shop\/ameublement-maison\/poubelles\/joseph-joseph-arc-easy-push-poubelle-a-pedale-noir-mat-30l\/#primaryimage"},"thumbnailUrl":"https:\/\/i0.wp.com\/interpim.erresse-shop.it\/Import\/Prodotti\/joseph-joseph-arc-easy-push-cestino-a-pedale-nero-opaco-30l.jpg?ssl=1","datePublished":"2026-04-12T09:44:43+00:00","description":"Cette \u00e9l\u00e9gante poubelle circulaire est dot\u00e9e d\u2019une grande p\u00e9dale qui s\u2019int\u00e8gre parfaitement dans l\u2019empreinte du design, \u00e9conomisant ainsi un espace","breadcrumb":{"@id":"https:\/\/dev6.erresse-shop.it\/fr\/shop\/ameublement-maison\/poubelles\/joseph-joseph-arc-easy-push-poubelle-a-pedale-noir-mat-30l\/#breadcrumb"},"inLanguage":"fr-FR","potentialAction":[{"@type":"ReadAction","target":["https:\/\/dev6.erresse-shop.it\/fr\/shop\/ameublement-maison\/poubelles\/joseph-joseph-arc-easy-push-poubelle-a-pedale-noir-mat-30l\/"]}]},{"@type":"ImageObject","inLanguage":"fr-FR","@id":"https:\/\/dev6.erresse-shop.it\/fr\/shop\/ameublement-maison\/poubelles\/joseph-joseph-arc-easy-push-poubelle-a-pedale-noir-mat-30l\/#primaryimage","url":"https:\/\/i0.wp.com\/interpim.erresse-shop.it\/Import\/Prodotti\/joseph-joseph-arc-easy-push-cestino-a-pedale-nero-opaco-30l.jpg?ssl=1","contentUrl":"https:\/\/i0.wp.com\/interpim.erresse-shop.it\/Import\/Prodotti\/joseph-joseph-arc-easy-push-cestino-a-pedale-nero-opaco-30l.jpg?ssl=1"},{"@type":"BreadcrumbList","@id":"https:\/\/dev6.erresse-shop.it\/fr\/shop\/ameublement-maison\/poubelles\/joseph-joseph-arc-easy-push-poubelle-a-pedale-noir-mat-30l\/#breadcrumb","itemListElement":[{"@type":"ListItem","position":1,"name":"Home","item":"https:\/\/dev6.erresse-shop.it\/"},{"@type":"ListItem","position":2,"name":"Boutique","item":"https:\/\/dev6.erresse-shop.it\/shop\/"},{"@type":"ListItem","position":3,"name":"JOSEPH JOSEPH Arc Easy-Push Poubelle \u00e0 p\u00e9dale noir mat 30L"}]},{"@type":"WebSite","@id":"https:\/\/dev6.erresse-shop.it\/#website","url":"https:\/\/dev6.erresse-shop.it\/","name":"Erresse Shop","description":"","publisher":{"@id":"https:\/\/dev6.erresse-shop.it\/#organization"},"potentialAction":[{"@type":"SearchAction","target":{"@type":"EntryPoint","urlTemplate":"https:\/\/dev6.erresse-shop.it\/?s={search_term_string}"},"query-input":{"@type":"PropertyValueSpecification","valueRequired":true,"valueName":"search_term_string"}}],"inLanguage":"fr-FR"},{"@type":"Organization","@id":"https:\/\/dev6.erresse-shop.it\/#organization","name":"Erresse Shop","url":"https:\/\/dev6.erresse-shop.it\/","logo":{"@type":"ImageObject","inLanguage":"fr-FR","@id":"https:\/\/dev6.erresse-shop.it\/#\/schema\/logo\/image\/","url":"https:\/\/dev6.erresse-shop.it\/wp-content\/uploads\/2025\/01\/LOGO-ERRESSE-CLASSICO.svg","contentUrl":"https:\/\/dev6.erresse-shop.it\/wp-content\/uploads\/2025\/01\/LOGO-ERRESSE-CLASSICO.svg","caption":"Erresse Shop"},"image":{"@id":"https:\/\/dev6.erresse-shop.it\/#\/schema\/logo\/image\/"}}]}},"df_price":129.95,"df_sale_price":129.95,"df_regular_price":169.99,"df_image_link":"https:\/\/i0.wp.com\/interpim.erresse-shop.it\/Import\/Prodotti\/joseph-joseph-arc-easy-push-cestino-a-pedale-nero-opaco-30l.jpg?resize=300,300&ssl=1","fifu_image_url":"https:\/\/interpim.erresse-shop.it\/Import\/Prodotti\/joseph-joseph-arc-easy-push-cestino-a-pedale-nero-opaco-30l.jpg","_links":{"self":[{"href":"https:\/\/dev6.erresse-shop.it\/fr\/wp-json\/wp\/v2\/product\/64911","targetHints":{"allow":["GET"]}}],"collection":[{"href":"https:\/\/dev6.erresse-shop.it\/fr\/wp-json\/wp\/v2\/product"}],"about":[{"href":"https:\/\/dev6.erresse-shop.it\/fr\/wp-json\/wp\/v2\/types\/product"}],"wp:featuredmedia":[{"embeddable":true,"href":"https:\/\/dev6.erresse-shop.it\/fr\/wp-json\/wp\/v2\/media\/6369819"}],"wp:attachment":[{"href":"https:\/\/dev6.erresse-shop.it\/fr\/wp-json\/wp\/v2\/media?parent=64911"}],"wp:term":[{"taxonomy":"product_cat","embeddable":true,"href":"https:\/\/dev6.erresse-shop.it\/fr\/wp-json\/wp\/v2\/product_cat?post=64911"},{"taxonomy":"product_tag","embeddable":true,"href":"https:\/\/dev6.erresse-shop.it\/fr\/wp-json\/wp\/v2\/product_tag?post=64911"}],"curies":[{"name":"wp","href":"https:\/\/api.w.org\/{rel}","templated":true}]}}