{"id":64883,"date":"2026-04-04T11:39:47","date_gmt":"2026-04-04T09:39:47","guid":{"rendered":"https:\/\/dev6.erresse-shop.it\/shop\/non%20class\u00e9\/villeroy-boch-set-6-soucoupes-pour-tasses-a-cafeelatte-toys-delight-special-19-cm\/"},"modified":"2025-07-04T18:31:51","modified_gmt":"2025-07-04T16:31:51","slug":"villeroy-boch-set-6-soucoupes-pour-tasses-a-cafeelatte-toys-delight-special-19-cm","status":"publish","type":"product","link":"https:\/\/dev6.erresse-shop.it\/fr\/shop\/table-fr-2\/plats\/villeroy-boch-set-6-soucoupes-pour-tasses-a-cafeelatte-toys-delight-special-19-cm\/","title":{"rendered":"VILLEROY &#038; BOCH Set 6 Soucoupes pour tasses \u00e0 caf\u00e9elatte Toy&#8217;s Delight Special 19 cm"},"content":{"rendered":"<p>LAVABLE AU LAVE-VAISSELLE<br \/>\nMat\u00e9riau : Porcelaine de qualit\u00e9 sup\u00e9rieure<br \/>\nPasse au micro-ondes : Oui<\/p>\n<p>Tasse \u00e0 caf\u00e9 au lait avec d\u00e9coration r\u00e9tro de No\u00ebl<br \/>\nLa collection Toy\u2019s Delight vous permettra de cr\u00e9er une atmosph\u00e8re de No\u00ebl nostalgique dans votre maison. Cette porcelaine est d\u00e9cor\u00e9e de jolis motifs rouges, verts et blancs et \u00e9voque des souvenirs d\u2019enfance. Avec sa d\u00e9coration d\u00e9taill\u00e9e, la soucoupe pour la tasse \u00e0 caf\u00e9 ajoute une touche sp\u00e9ciale inoubliable \u00e0 toute table de No\u00ebl. Fabriqu\u00e9 en Allemagne : d\u00e9corez votre maison et votre table avec style pour les f\u00eates de fin d\u2019ann\u00e9e, pour les petits comme pour les grands.<\/p>\n","protected":false},"excerpt":{"rendered":"<p>LAVABLE AU LAVE-VAISSELLE Mat\u00e9riau : Porcelaine de qualit\u00e9 sup\u00e9rieure Passe au micro-ondes : Oui Tasse \u00e0 caf\u00e9 au lait avec d\u00e9coration r\u00e9tro de No\u00ebl La collection Toy\u2019s Delight vous permettra de cr\u00e9er une atmosph\u00e8re de No\u00ebl nostalgique dans votre maison. Cette porcelaine est d\u00e9cor\u00e9e de jolis motifs rouges, verts et blancs et \u00e9voque des souvenirs [&hellip;]<\/p>\n","protected":false},"featured_media":6286475,"template":"","meta":{"_acf_changed":false},"product_cat":[12014,11995,11671],"product_tag":[],"class_list":{"0":"post-64883","1":"product","2":"type-product","3":"status-publish","4":"has-post-thumbnail","6":"product_cat-plats","7":"product_cat-table-fr-2","8":"product_cat-tavola","10":"first","11":"instock","12":"sale","13":"taxable","14":"shipping-taxable","15":"purchasable","16":"product-type-simple","swatches":"rey-swatches","show_selected":"","stretch_labels":"rey-swatches--stretch-labels"},"acf":[],"yoast_head":"<!-- This site is optimized with the Yoast SEO plugin v25.4 - https:\/\/yoast.com\/wordpress\/plugins\/seo\/ -->\n<title>VILLEROY &#038; BOCH Set 6 Soucoupes pour tasses \u00e0 caf\u00e9elatte Toy&#8217;s Delight Special 19 cm - dev6 Erresse<\/title>\n<meta name=\"description\" content=\"LAVABLE AU LAVE-VAISSELLE Mat\u00e9riau : Porcelaine de qualit\u00e9 sup\u00e9rieure Passe au micro-ondes : Oui Tasse \u00e0 caf\u00e9 au lait avec d\u00e9coration r\u00e9tro de No\u00ebl La\" \/>\n<meta name=\"robots\" content=\"noindex, follow, max-snippet:-1, max-image-preview:large, max-video-preview:-1\" \/>\n<meta property=\"og:locale\" content=\"fr_FR\" \/>\n<meta property=\"og:type\" content=\"article\" \/>\n<meta property=\"og:title\" content=\"VILLEROY &#038; BOCH Set 6 Soucoupes pour tasses \u00e0 caf\u00e9elatte Toy&#8217;s Delight Special 19 cm - dev6 Erresse\" \/>\n<meta property=\"og:description\" content=\"LAVABLE AU LAVE-VAISSELLE Mat\u00e9riau : Porcelaine de qualit\u00e9 sup\u00e9rieure Passe au micro-ondes : Oui Tasse \u00e0 caf\u00e9 au lait avec d\u00e9coration r\u00e9tro de No\u00ebl La\" \/>\n<meta property=\"og:url\" content=\"https:\/\/dev6.erresse-shop.it\/fr\/shop\/table-fr-2\/plats\/villeroy-boch-set-6-soucoupes-pour-tasses-a-cafeelatte-toys-delight-special-19-cm\/\" \/>\n<meta property=\"og:site_name\" content=\"dev6 Erresse\" \/>\n<meta property=\"og:image\" content=\"https:\/\/interpim.erresse-shop.it\/img-catalogo\/villeroy\/villeroy-boch-set-6-piattini-caffelatte-toys-delight-special-19-cm-1.jpg\" \/><meta property=\"og:image\" content=\"https:\/\/interpim.erresse-shop.it\/img-catalogo\/villeroy\/villeroy-boch-set-6-piattini-caffelatte-toys-delight-special-19-cm-1.jpg\" \/>\n\t<meta property=\"og:image:width\" content=\"1024\" \/>\n\t<meta property=\"og:image:height\" content=\"1024\" \/>\n\t<meta property=\"og:image:type\" content=\"image\/jpeg\" \/>\n<meta name=\"twitter:card\" content=\"summary_large_image\" \/>\n<meta name=\"twitter:image\" content=\"https:\/\/interpim.erresse-shop.it\/img-catalogo\/villeroy\/villeroy-boch-set-6-piattini-caffelatte-toys-delight-special-19-cm-1.jpg\" \/>\n<script type=\"application\/ld+json\" class=\"yoast-schema-graph\">{\"@context\":\"https:\/\/schema.org\",\"@graph\":[{\"@type\":\"WebPage\",\"@id\":\"https:\/\/dev6.erresse-shop.it\/fr\/shop\/table-fr-2\/plats\/villeroy-boch-set-6-soucoupes-pour-tasses-a-cafeelatte-toys-delight-special-19-cm\/\",\"url\":\"https:\/\/dev6.erresse-shop.it\/fr\/shop\/table-fr-2\/plats\/villeroy-boch-set-6-soucoupes-pour-tasses-a-cafeelatte-toys-delight-special-19-cm\/\",\"name\":\"VILLEROY &#038; BOCH Set 6 Soucoupes pour tasses \u00e0 caf\u00e9elatte Toy&#8217;s Delight Special 19 cm - dev6 Erresse\",\"isPartOf\":{\"@id\":\"https:\/\/dev6.erresse-shop.it\/#website\"},\"primaryImageOfPage\":{\"@id\":\"https:\/\/dev6.erresse-shop.it\/fr\/shop\/table-fr-2\/plats\/villeroy-boch-set-6-soucoupes-pour-tasses-a-cafeelatte-toys-delight-special-19-cm\/#primaryimage\"},\"image\":{\"@id\":\"https:\/\/dev6.erresse-shop.it\/fr\/shop\/table-fr-2\/plats\/villeroy-boch-set-6-soucoupes-pour-tasses-a-cafeelatte-toys-delight-special-19-cm\/#primaryimage\"},\"thumbnailUrl\":\"https:\/\/i3.wp.com\/interpim.erresse-shop.it\/img-catalogo\/villeroy\/villeroy-boch-set-6-piattini-caffelatte-toys-delight-special-19-cm-1.jpg?ssl=1\",\"datePublished\":\"2026-04-04T09:39:47+00:00\",\"description\":\"LAVABLE AU LAVE-VAISSELLE Mat\u00e9riau : Porcelaine de qualit\u00e9 sup\u00e9rieure Passe au micro-ondes : Oui Tasse \u00e0 caf\u00e9 au lait avec d\u00e9coration r\u00e9tro de No\u00ebl La\",\"breadcrumb\":{\"@id\":\"https:\/\/dev6.erresse-shop.it\/fr\/shop\/table-fr-2\/plats\/villeroy-boch-set-6-soucoupes-pour-tasses-a-cafeelatte-toys-delight-special-19-cm\/#breadcrumb\"},\"inLanguage\":\"fr-FR\",\"potentialAction\":[{\"@type\":\"ReadAction\",\"target\":[\"https:\/\/dev6.erresse-shop.it\/fr\/shop\/table-fr-2\/plats\/villeroy-boch-set-6-soucoupes-pour-tasses-a-cafeelatte-toys-delight-special-19-cm\/\"]}]},{\"@type\":\"ImageObject\",\"inLanguage\":\"fr-FR\",\"@id\":\"https:\/\/dev6.erresse-shop.it\/fr\/shop\/table-fr-2\/plats\/villeroy-boch-set-6-soucoupes-pour-tasses-a-cafeelatte-toys-delight-special-19-cm\/#primaryimage\",\"url\":\"https:\/\/i3.wp.com\/interpim.erresse-shop.it\/img-catalogo\/villeroy\/villeroy-boch-set-6-piattini-caffelatte-toys-delight-special-19-cm-1.jpg?ssl=1\",\"contentUrl\":\"https:\/\/i3.wp.com\/interpim.erresse-shop.it\/img-catalogo\/villeroy\/villeroy-boch-set-6-piattini-caffelatte-toys-delight-special-19-cm-1.jpg?ssl=1\"},{\"@type\":\"BreadcrumbList\",\"@id\":\"https:\/\/dev6.erresse-shop.it\/fr\/shop\/table-fr-2\/plats\/villeroy-boch-set-6-soucoupes-pour-tasses-a-cafeelatte-toys-delight-special-19-cm\/#breadcrumb\",\"itemListElement\":[{\"@type\":\"ListItem\",\"position\":1,\"name\":\"Home\",\"item\":\"https:\/\/dev6.erresse-shop.it\/\"},{\"@type\":\"ListItem\",\"position\":2,\"name\":\"Boutique\",\"item\":\"https:\/\/dev6.erresse-shop.it\/shop\/\"},{\"@type\":\"ListItem\",\"position\":3,\"name\":\"VILLEROY &#038; BOCH Set 6 Soucoupes pour tasses \u00e0 caf\u00e9elatte Toy&#8217;s Delight Special 19 cm\"}]},{\"@type\":\"WebSite\",\"@id\":\"https:\/\/dev6.erresse-shop.it\/#website\",\"url\":\"https:\/\/dev6.erresse-shop.it\/\",\"name\":\"Erresse Shop\",\"description\":\"\",\"publisher\":{\"@id\":\"https:\/\/dev6.erresse-shop.it\/#organization\"},\"potentialAction\":[{\"@type\":\"SearchAction\",\"target\":{\"@type\":\"EntryPoint\",\"urlTemplate\":\"https:\/\/dev6.erresse-shop.it\/?s={search_term_string}\"},\"query-input\":{\"@type\":\"PropertyValueSpecification\",\"valueRequired\":true,\"valueName\":\"search_term_string\"}}],\"inLanguage\":\"fr-FR\"},{\"@type\":\"Organization\",\"@id\":\"https:\/\/dev6.erresse-shop.it\/#organization\",\"name\":\"Erresse Shop\",\"url\":\"https:\/\/dev6.erresse-shop.it\/\",\"logo\":{\"@type\":\"ImageObject\",\"inLanguage\":\"fr-FR\",\"@id\":\"https:\/\/dev6.erresse-shop.it\/#\/schema\/logo\/image\/\",\"url\":\"https:\/\/dev6.erresse-shop.it\/wp-content\/uploads\/2025\/01\/LOGO-ERRESSE-CLASSICO.svg\",\"contentUrl\":\"https:\/\/dev6.erresse-shop.it\/wp-content\/uploads\/2025\/01\/LOGO-ERRESSE-CLASSICO.svg\",\"caption\":\"Erresse Shop\"},\"image\":{\"@id\":\"https:\/\/dev6.erresse-shop.it\/#\/schema\/logo\/image\/\"}}]}<\/script>\n<!-- \/ Yoast SEO plugin. -->","yoast_head_json":{"title":"VILLEROY &#038; BOCH Set 6 Soucoupes pour tasses \u00e0 caf\u00e9elatte Toy&#8217;s Delight Special 19 cm - dev6 Erresse","description":"LAVABLE AU LAVE-VAISSELLE Mat\u00e9riau : Porcelaine de qualit\u00e9 sup\u00e9rieure Passe au micro-ondes : Oui Tasse \u00e0 caf\u00e9 au lait avec d\u00e9coration r\u00e9tro de No\u00ebl La","robots":{"index":"noindex","follow":"follow","max-snippet":"max-snippet:-1","max-image-preview":"max-image-preview:large","max-video-preview":"max-video-preview:-1"},"og_locale":"fr_FR","og_type":"article","og_title":"VILLEROY &#038; BOCH Set 6 Soucoupes pour tasses \u00e0 caf\u00e9elatte Toy&#8217;s Delight Special 19 cm - dev6 Erresse","og_description":"LAVABLE AU LAVE-VAISSELLE Mat\u00e9riau : Porcelaine de qualit\u00e9 sup\u00e9rieure Passe au micro-ondes : Oui Tasse \u00e0 caf\u00e9 au lait avec d\u00e9coration r\u00e9tro de No\u00ebl La","og_url":"https:\/\/dev6.erresse-shop.it\/fr\/shop\/table-fr-2\/plats\/villeroy-boch-set-6-soucoupes-pour-tasses-a-cafeelatte-toys-delight-special-19-cm\/","og_site_name":"dev6 Erresse","og_image":[{"url":"https:\/\/interpim.erresse-shop.it\/img-catalogo\/villeroy\/villeroy-boch-set-6-piattini-caffelatte-toys-delight-special-19-cm-1.jpg","type":"","width":"","height":""},{"url":"https:\/\/interpim.erresse-shop.it\/img-catalogo\/villeroy\/villeroy-boch-set-6-piattini-caffelatte-toys-delight-special-19-cm-1.jpg","width":1024,"height":1024,"type":"image\/jpeg"}],"twitter_card":"summary_large_image","twitter_image":"https:\/\/interpim.erresse-shop.it\/img-catalogo\/villeroy\/villeroy-boch-set-6-piattini-caffelatte-toys-delight-special-19-cm-1.jpg","schema":{"@context":"https:\/\/schema.org","@graph":[{"@type":"WebPage","@id":"https:\/\/dev6.erresse-shop.it\/fr\/shop\/table-fr-2\/plats\/villeroy-boch-set-6-soucoupes-pour-tasses-a-cafeelatte-toys-delight-special-19-cm\/","url":"https:\/\/dev6.erresse-shop.it\/fr\/shop\/table-fr-2\/plats\/villeroy-boch-set-6-soucoupes-pour-tasses-a-cafeelatte-toys-delight-special-19-cm\/","name":"VILLEROY &#038; BOCH Set 6 Soucoupes pour tasses \u00e0 caf\u00e9elatte Toy&#8217;s Delight Special 19 cm - dev6 Erresse","isPartOf":{"@id":"https:\/\/dev6.erresse-shop.it\/#website"},"primaryImageOfPage":{"@id":"https:\/\/dev6.erresse-shop.it\/fr\/shop\/table-fr-2\/plats\/villeroy-boch-set-6-soucoupes-pour-tasses-a-cafeelatte-toys-delight-special-19-cm\/#primaryimage"},"image":{"@id":"https:\/\/dev6.erresse-shop.it\/fr\/shop\/table-fr-2\/plats\/villeroy-boch-set-6-soucoupes-pour-tasses-a-cafeelatte-toys-delight-special-19-cm\/#primaryimage"},"thumbnailUrl":"https:\/\/i3.wp.com\/interpim.erresse-shop.it\/img-catalogo\/villeroy\/villeroy-boch-set-6-piattini-caffelatte-toys-delight-special-19-cm-1.jpg?ssl=1","datePublished":"2026-04-04T09:39:47+00:00","description":"LAVABLE AU LAVE-VAISSELLE Mat\u00e9riau : Porcelaine de qualit\u00e9 sup\u00e9rieure Passe au micro-ondes : Oui Tasse \u00e0 caf\u00e9 au lait avec d\u00e9coration r\u00e9tro de No\u00ebl La","breadcrumb":{"@id":"https:\/\/dev6.erresse-shop.it\/fr\/shop\/table-fr-2\/plats\/villeroy-boch-set-6-soucoupes-pour-tasses-a-cafeelatte-toys-delight-special-19-cm\/#breadcrumb"},"inLanguage":"fr-FR","potentialAction":[{"@type":"ReadAction","target":["https:\/\/dev6.erresse-shop.it\/fr\/shop\/table-fr-2\/plats\/villeroy-boch-set-6-soucoupes-pour-tasses-a-cafeelatte-toys-delight-special-19-cm\/"]}]},{"@type":"ImageObject","inLanguage":"fr-FR","@id":"https:\/\/dev6.erresse-shop.it\/fr\/shop\/table-fr-2\/plats\/villeroy-boch-set-6-soucoupes-pour-tasses-a-cafeelatte-toys-delight-special-19-cm\/#primaryimage","url":"https:\/\/i3.wp.com\/interpim.erresse-shop.it\/img-catalogo\/villeroy\/villeroy-boch-set-6-piattini-caffelatte-toys-delight-special-19-cm-1.jpg?ssl=1","contentUrl":"https:\/\/i3.wp.com\/interpim.erresse-shop.it\/img-catalogo\/villeroy\/villeroy-boch-set-6-piattini-caffelatte-toys-delight-special-19-cm-1.jpg?ssl=1"},{"@type":"BreadcrumbList","@id":"https:\/\/dev6.erresse-shop.it\/fr\/shop\/table-fr-2\/plats\/villeroy-boch-set-6-soucoupes-pour-tasses-a-cafeelatte-toys-delight-special-19-cm\/#breadcrumb","itemListElement":[{"@type":"ListItem","position":1,"name":"Home","item":"https:\/\/dev6.erresse-shop.it\/"},{"@type":"ListItem","position":2,"name":"Boutique","item":"https:\/\/dev6.erresse-shop.it\/shop\/"},{"@type":"ListItem","position":3,"name":"VILLEROY &#038; BOCH Set 6 Soucoupes pour tasses \u00e0 caf\u00e9elatte Toy&#8217;s Delight Special 19 cm"}]},{"@type":"WebSite","@id":"https:\/\/dev6.erresse-shop.it\/#website","url":"https:\/\/dev6.erresse-shop.it\/","name":"Erresse Shop","description":"","publisher":{"@id":"https:\/\/dev6.erresse-shop.it\/#organization"},"potentialAction":[{"@type":"SearchAction","target":{"@type":"EntryPoint","urlTemplate":"https:\/\/dev6.erresse-shop.it\/?s={search_term_string}"},"query-input":{"@type":"PropertyValueSpecification","valueRequired":true,"valueName":"search_term_string"}}],"inLanguage":"fr-FR"},{"@type":"Organization","@id":"https:\/\/dev6.erresse-shop.it\/#organization","name":"Erresse Shop","url":"https:\/\/dev6.erresse-shop.it\/","logo":{"@type":"ImageObject","inLanguage":"fr-FR","@id":"https:\/\/dev6.erresse-shop.it\/#\/schema\/logo\/image\/","url":"https:\/\/dev6.erresse-shop.it\/wp-content\/uploads\/2025\/01\/LOGO-ERRESSE-CLASSICO.svg","contentUrl":"https:\/\/dev6.erresse-shop.it\/wp-content\/uploads\/2025\/01\/LOGO-ERRESSE-CLASSICO.svg","caption":"Erresse Shop"},"image":{"@id":"https:\/\/dev6.erresse-shop.it\/#\/schema\/logo\/image\/"}}]}},"df_price":89,"df_sale_price":89,"df_regular_price":108,"df_image_link":"https:\/\/i3.wp.com\/interpim.erresse-shop.it\/img-catalogo\/villeroy\/villeroy-boch-set-6-piattini-caffelatte-toys-delight-special-19-cm-1.jpg?resize=300,300&ssl=1","fifu_image_url":"https:\/\/interpim.erresse-shop.it\/img-catalogo\/villeroy\/villeroy-boch-set-6-piattini-caffelatte-toys-delight-special-19-cm-1.jpg","_links":{"self":[{"href":"https:\/\/dev6.erresse-shop.it\/fr\/wp-json\/wp\/v2\/product\/64883","targetHints":{"allow":["GET"]}}],"collection":[{"href":"https:\/\/dev6.erresse-shop.it\/fr\/wp-json\/wp\/v2\/product"}],"about":[{"href":"https:\/\/dev6.erresse-shop.it\/fr\/wp-json\/wp\/v2\/types\/product"}],"wp:featuredmedia":[{"embeddable":true,"href":"https:\/\/dev6.erresse-shop.it\/fr\/wp-json\/wp\/v2\/media\/6286475"}],"wp:attachment":[{"href":"https:\/\/dev6.erresse-shop.it\/fr\/wp-json\/wp\/v2\/media?parent=64883"}],"wp:term":[{"taxonomy":"product_cat","embeddable":true,"href":"https:\/\/dev6.erresse-shop.it\/fr\/wp-json\/wp\/v2\/product_cat?post=64883"},{"taxonomy":"product_tag","embeddable":true,"href":"https:\/\/dev6.erresse-shop.it\/fr\/wp-json\/wp\/v2\/product_tag?post=64883"}],"curies":[{"name":"wp","href":"https:\/\/api.w.org\/{rel}","templated":true}]}}