{"id":64881,"date":"2026-04-04T11:39:47","date_gmt":"2026-04-04T09:39:47","guid":{"rendered":"https:\/\/dev6.erresse-shop.it\/shop\/non%20class\u00e9\/villeroy-boch-bocal-a-bonhomme-de-neige-toys-memory\/"},"modified":"2025-07-04T18:31:46","modified_gmt":"2025-07-04T16:31:46","slug":"villeroy-boch-bocal-a-bonhomme-de-neige-toys-memory","status":"publish","type":"product","link":"https:\/\/dev6.erresse-shop.it\/fr\/shop\/table-fr-2\/recipients-et-bols\/villeroy-boch-bocal-a-bonhomme-de-neige-toys-memory\/","title":{"rendered":"VILLEROY &#038; BOCH Bocal \u00e0 bonhomme de neige Toy&#8217;s Memory"},"content":{"rendered":"<p>NE PASSE PAS AU LAVE-VAISSELLE NI AU MICRO-ONDES<br \/>\nMat\u00e9riau : Porcelaine de qualit\u00e9 sup\u00e9rieure<\/p>\n<p>D\u00e9coration de No\u00ebl nostalgique peinte \u00e0 la main<br \/>\nLes \u00e9l\u00e9ments d\u00e9coratifs de la collection Christmas Toys Memory font briller les yeux des petits et des grands gr\u00e2ce aux couleurs traditionnelles de No\u00ebl et aux motifs nostalgiques. La bo\u00eete richement d\u00e9taill\u00e9e est d\u00e9cor\u00e9e de motifs de jouets raffin\u00e9s et diffuse une atmosph\u00e8re de f\u00eate de No\u00ebl. Fixez d\u00e8s maintenant la bo\u00eete de jouets de No\u00ebl et cr\u00e9ez des d\u00e9corations festives.<\/p>\n","protected":false},"excerpt":{"rendered":"<p>NE PASSE PAS AU LAVE-VAISSELLE NI AU MICRO-ONDES Mat\u00e9riau : Porcelaine de qualit\u00e9 sup\u00e9rieure D\u00e9coration de No\u00ebl nostalgique peinte \u00e0 la main Les \u00e9l\u00e9ments d\u00e9coratifs de la collection Christmas Toys Memory font briller les yeux des petits et des grands gr\u00e2ce aux couleurs traditionnelles de No\u00ebl et aux motifs nostalgiques. La bo\u00eete richement d\u00e9taill\u00e9e est [&hellip;]<\/p>\n","protected":false},"featured_media":6286467,"template":"","meta":{"_acf_changed":false},"product_cat":[12015,11995,11671],"product_tag":[],"class_list":{"0":"post-64881","1":"product","2":"type-product","3":"status-publish","4":"has-post-thumbnail","6":"product_cat-recipients-et-bols","7":"product_cat-table-fr-2","8":"product_cat-tavola","10":"first","11":"instock","12":"sale","13":"taxable","14":"shipping-taxable","15":"purchasable","16":"product-type-simple","swatches":"rey-swatches","show_selected":"","stretch_labels":"rey-swatches--stretch-labels"},"acf":[],"yoast_head":"<!-- This site is optimized with the Yoast SEO plugin v25.4 - https:\/\/yoast.com\/wordpress\/plugins\/seo\/ -->\n<title>VILLEROY &#038; BOCH Bocal \u00e0 bonhomme de neige Toy&#8217;s Memory - dev6 Erresse<\/title>\n<meta name=\"description\" content=\"NE PASSE PAS AU LAVE-VAISSELLE NI AU MICRO-ONDES Mat\u00e9riau : Porcelaine de qualit\u00e9 sup\u00e9rieure D\u00e9coration de No\u00ebl nostalgique peinte \u00e0 la main Les \u00e9l\u00e9ments\" \/>\n<meta name=\"robots\" content=\"noindex, follow, max-snippet:-1, max-image-preview:large, max-video-preview:-1\" \/>\n<meta property=\"og:locale\" content=\"fr_FR\" \/>\n<meta property=\"og:type\" content=\"article\" \/>\n<meta property=\"og:title\" content=\"VILLEROY &#038; BOCH Bocal \u00e0 bonhomme de neige Toy&#8217;s Memory - dev6 Erresse\" \/>\n<meta property=\"og:description\" content=\"NE PASSE PAS AU LAVE-VAISSELLE NI AU MICRO-ONDES Mat\u00e9riau : Porcelaine de qualit\u00e9 sup\u00e9rieure D\u00e9coration de No\u00ebl nostalgique peinte \u00e0 la main Les \u00e9l\u00e9ments\" \/>\n<meta property=\"og:url\" content=\"https:\/\/dev6.erresse-shop.it\/fr\/shop\/table-fr-2\/recipients-et-bols\/villeroy-boch-bocal-a-bonhomme-de-neige-toys-memory\/\" \/>\n<meta property=\"og:site_name\" content=\"dev6 Erresse\" \/>\n<meta property=\"og:image\" content=\"https:\/\/interpim.erresse-shop.it\/img-catalogo\/villeroy\/villeroy-boch-barattolo-pupazzo-di-neve-toys-memory.jpg\" \/><meta property=\"og:image\" content=\"https:\/\/interpim.erresse-shop.it\/img-catalogo\/villeroy\/villeroy-boch-barattolo-pupazzo-di-neve-toys-memory.jpg\" \/>\n\t<meta property=\"og:image:width\" content=\"1024\" \/>\n\t<meta property=\"og:image:height\" content=\"1024\" \/>\n\t<meta property=\"og:image:type\" content=\"image\/jpeg\" \/>\n<meta name=\"twitter:card\" content=\"summary_large_image\" \/>\n<meta name=\"twitter:image\" content=\"https:\/\/interpim.erresse-shop.it\/img-catalogo\/villeroy\/villeroy-boch-barattolo-pupazzo-di-neve-toys-memory.jpg\" \/>\n<script type=\"application\/ld+json\" class=\"yoast-schema-graph\">{\"@context\":\"https:\/\/schema.org\",\"@graph\":[{\"@type\":\"WebPage\",\"@id\":\"https:\/\/dev6.erresse-shop.it\/fr\/shop\/table-fr-2\/recipients-et-bols\/villeroy-boch-bocal-a-bonhomme-de-neige-toys-memory\/\",\"url\":\"https:\/\/dev6.erresse-shop.it\/fr\/shop\/table-fr-2\/recipients-et-bols\/villeroy-boch-bocal-a-bonhomme-de-neige-toys-memory\/\",\"name\":\"VILLEROY &#038; BOCH Bocal \u00e0 bonhomme de neige Toy&#8217;s Memory - dev6 Erresse\",\"isPartOf\":{\"@id\":\"https:\/\/dev6.erresse-shop.it\/#website\"},\"primaryImageOfPage\":{\"@id\":\"https:\/\/dev6.erresse-shop.it\/fr\/shop\/table-fr-2\/recipients-et-bols\/villeroy-boch-bocal-a-bonhomme-de-neige-toys-memory\/#primaryimage\"},\"image\":{\"@id\":\"https:\/\/dev6.erresse-shop.it\/fr\/shop\/table-fr-2\/recipients-et-bols\/villeroy-boch-bocal-a-bonhomme-de-neige-toys-memory\/#primaryimage\"},\"thumbnailUrl\":\"https:\/\/i0.wp.com\/interpim.erresse-shop.it\/img-catalogo\/villeroy\/villeroy-boch-barattolo-pupazzo-di-neve-toys-memory.jpg?ssl=1\",\"datePublished\":\"2026-04-04T09:39:47+00:00\",\"description\":\"NE PASSE PAS AU LAVE-VAISSELLE NI AU MICRO-ONDES Mat\u00e9riau : Porcelaine de qualit\u00e9 sup\u00e9rieure D\u00e9coration de No\u00ebl nostalgique peinte \u00e0 la main Les \u00e9l\u00e9ments\",\"breadcrumb\":{\"@id\":\"https:\/\/dev6.erresse-shop.it\/fr\/shop\/table-fr-2\/recipients-et-bols\/villeroy-boch-bocal-a-bonhomme-de-neige-toys-memory\/#breadcrumb\"},\"inLanguage\":\"fr-FR\",\"potentialAction\":[{\"@type\":\"ReadAction\",\"target\":[\"https:\/\/dev6.erresse-shop.it\/fr\/shop\/table-fr-2\/recipients-et-bols\/villeroy-boch-bocal-a-bonhomme-de-neige-toys-memory\/\"]}]},{\"@type\":\"ImageObject\",\"inLanguage\":\"fr-FR\",\"@id\":\"https:\/\/dev6.erresse-shop.it\/fr\/shop\/table-fr-2\/recipients-et-bols\/villeroy-boch-bocal-a-bonhomme-de-neige-toys-memory\/#primaryimage\",\"url\":\"https:\/\/i0.wp.com\/interpim.erresse-shop.it\/img-catalogo\/villeroy\/villeroy-boch-barattolo-pupazzo-di-neve-toys-memory.jpg?ssl=1\",\"contentUrl\":\"https:\/\/i0.wp.com\/interpim.erresse-shop.it\/img-catalogo\/villeroy\/villeroy-boch-barattolo-pupazzo-di-neve-toys-memory.jpg?ssl=1\"},{\"@type\":\"BreadcrumbList\",\"@id\":\"https:\/\/dev6.erresse-shop.it\/fr\/shop\/table-fr-2\/recipients-et-bols\/villeroy-boch-bocal-a-bonhomme-de-neige-toys-memory\/#breadcrumb\",\"itemListElement\":[{\"@type\":\"ListItem\",\"position\":1,\"name\":\"Home\",\"item\":\"https:\/\/dev6.erresse-shop.it\/\"},{\"@type\":\"ListItem\",\"position\":2,\"name\":\"Boutique\",\"item\":\"https:\/\/dev6.erresse-shop.it\/shop\/\"},{\"@type\":\"ListItem\",\"position\":3,\"name\":\"VILLEROY &#038; BOCH Bocal \u00e0 bonhomme de neige Toy&#8217;s Memory\"}]},{\"@type\":\"WebSite\",\"@id\":\"https:\/\/dev6.erresse-shop.it\/#website\",\"url\":\"https:\/\/dev6.erresse-shop.it\/\",\"name\":\"Erresse Shop\",\"description\":\"\",\"publisher\":{\"@id\":\"https:\/\/dev6.erresse-shop.it\/#organization\"},\"potentialAction\":[{\"@type\":\"SearchAction\",\"target\":{\"@type\":\"EntryPoint\",\"urlTemplate\":\"https:\/\/dev6.erresse-shop.it\/?s={search_term_string}\"},\"query-input\":{\"@type\":\"PropertyValueSpecification\",\"valueRequired\":true,\"valueName\":\"search_term_string\"}}],\"inLanguage\":\"fr-FR\"},{\"@type\":\"Organization\",\"@id\":\"https:\/\/dev6.erresse-shop.it\/#organization\",\"name\":\"Erresse Shop\",\"url\":\"https:\/\/dev6.erresse-shop.it\/\",\"logo\":{\"@type\":\"ImageObject\",\"inLanguage\":\"fr-FR\",\"@id\":\"https:\/\/dev6.erresse-shop.it\/#\/schema\/logo\/image\/\",\"url\":\"https:\/\/dev6.erresse-shop.it\/wp-content\/uploads\/2025\/01\/LOGO-ERRESSE-CLASSICO.svg\",\"contentUrl\":\"https:\/\/dev6.erresse-shop.it\/wp-content\/uploads\/2025\/01\/LOGO-ERRESSE-CLASSICO.svg\",\"caption\":\"Erresse Shop\"},\"image\":{\"@id\":\"https:\/\/dev6.erresse-shop.it\/#\/schema\/logo\/image\/\"}}]}<\/script>\n<!-- \/ Yoast SEO plugin. -->","yoast_head_json":{"title":"VILLEROY &#038; BOCH Bocal \u00e0 bonhomme de neige Toy&#8217;s Memory - dev6 Erresse","description":"NE PASSE PAS AU LAVE-VAISSELLE NI AU MICRO-ONDES Mat\u00e9riau : Porcelaine de qualit\u00e9 sup\u00e9rieure D\u00e9coration de No\u00ebl nostalgique peinte \u00e0 la main Les \u00e9l\u00e9ments","robots":{"index":"noindex","follow":"follow","max-snippet":"max-snippet:-1","max-image-preview":"max-image-preview:large","max-video-preview":"max-video-preview:-1"},"og_locale":"fr_FR","og_type":"article","og_title":"VILLEROY &#038; BOCH Bocal \u00e0 bonhomme de neige Toy&#8217;s Memory - dev6 Erresse","og_description":"NE PASSE PAS AU LAVE-VAISSELLE NI AU MICRO-ONDES Mat\u00e9riau : Porcelaine de qualit\u00e9 sup\u00e9rieure D\u00e9coration de No\u00ebl nostalgique peinte \u00e0 la main Les \u00e9l\u00e9ments","og_url":"https:\/\/dev6.erresse-shop.it\/fr\/shop\/table-fr-2\/recipients-et-bols\/villeroy-boch-bocal-a-bonhomme-de-neige-toys-memory\/","og_site_name":"dev6 Erresse","og_image":[{"url":"https:\/\/interpim.erresse-shop.it\/img-catalogo\/villeroy\/villeroy-boch-barattolo-pupazzo-di-neve-toys-memory.jpg","type":"","width":"","height":""},{"url":"https:\/\/interpim.erresse-shop.it\/img-catalogo\/villeroy\/villeroy-boch-barattolo-pupazzo-di-neve-toys-memory.jpg","width":1024,"height":1024,"type":"image\/jpeg"}],"twitter_card":"summary_large_image","twitter_image":"https:\/\/interpim.erresse-shop.it\/img-catalogo\/villeroy\/villeroy-boch-barattolo-pupazzo-di-neve-toys-memory.jpg","schema":{"@context":"https:\/\/schema.org","@graph":[{"@type":"WebPage","@id":"https:\/\/dev6.erresse-shop.it\/fr\/shop\/table-fr-2\/recipients-et-bols\/villeroy-boch-bocal-a-bonhomme-de-neige-toys-memory\/","url":"https:\/\/dev6.erresse-shop.it\/fr\/shop\/table-fr-2\/recipients-et-bols\/villeroy-boch-bocal-a-bonhomme-de-neige-toys-memory\/","name":"VILLEROY &#038; BOCH Bocal \u00e0 bonhomme de neige Toy&#8217;s Memory - dev6 Erresse","isPartOf":{"@id":"https:\/\/dev6.erresse-shop.it\/#website"},"primaryImageOfPage":{"@id":"https:\/\/dev6.erresse-shop.it\/fr\/shop\/table-fr-2\/recipients-et-bols\/villeroy-boch-bocal-a-bonhomme-de-neige-toys-memory\/#primaryimage"},"image":{"@id":"https:\/\/dev6.erresse-shop.it\/fr\/shop\/table-fr-2\/recipients-et-bols\/villeroy-boch-bocal-a-bonhomme-de-neige-toys-memory\/#primaryimage"},"thumbnailUrl":"https:\/\/i0.wp.com\/interpim.erresse-shop.it\/img-catalogo\/villeroy\/villeroy-boch-barattolo-pupazzo-di-neve-toys-memory.jpg?ssl=1","datePublished":"2026-04-04T09:39:47+00:00","description":"NE PASSE PAS AU LAVE-VAISSELLE NI AU MICRO-ONDES Mat\u00e9riau : Porcelaine de qualit\u00e9 sup\u00e9rieure D\u00e9coration de No\u00ebl nostalgique peinte \u00e0 la main Les \u00e9l\u00e9ments","breadcrumb":{"@id":"https:\/\/dev6.erresse-shop.it\/fr\/shop\/table-fr-2\/recipients-et-bols\/villeroy-boch-bocal-a-bonhomme-de-neige-toys-memory\/#breadcrumb"},"inLanguage":"fr-FR","potentialAction":[{"@type":"ReadAction","target":["https:\/\/dev6.erresse-shop.it\/fr\/shop\/table-fr-2\/recipients-et-bols\/villeroy-boch-bocal-a-bonhomme-de-neige-toys-memory\/"]}]},{"@type":"ImageObject","inLanguage":"fr-FR","@id":"https:\/\/dev6.erresse-shop.it\/fr\/shop\/table-fr-2\/recipients-et-bols\/villeroy-boch-bocal-a-bonhomme-de-neige-toys-memory\/#primaryimage","url":"https:\/\/i0.wp.com\/interpim.erresse-shop.it\/img-catalogo\/villeroy\/villeroy-boch-barattolo-pupazzo-di-neve-toys-memory.jpg?ssl=1","contentUrl":"https:\/\/i0.wp.com\/interpim.erresse-shop.it\/img-catalogo\/villeroy\/villeroy-boch-barattolo-pupazzo-di-neve-toys-memory.jpg?ssl=1"},{"@type":"BreadcrumbList","@id":"https:\/\/dev6.erresse-shop.it\/fr\/shop\/table-fr-2\/recipients-et-bols\/villeroy-boch-bocal-a-bonhomme-de-neige-toys-memory\/#breadcrumb","itemListElement":[{"@type":"ListItem","position":1,"name":"Home","item":"https:\/\/dev6.erresse-shop.it\/"},{"@type":"ListItem","position":2,"name":"Boutique","item":"https:\/\/dev6.erresse-shop.it\/shop\/"},{"@type":"ListItem","position":3,"name":"VILLEROY &#038; BOCH Bocal \u00e0 bonhomme de neige Toy&#8217;s Memory"}]},{"@type":"WebSite","@id":"https:\/\/dev6.erresse-shop.it\/#website","url":"https:\/\/dev6.erresse-shop.it\/","name":"Erresse Shop","description":"","publisher":{"@id":"https:\/\/dev6.erresse-shop.it\/#organization"},"potentialAction":[{"@type":"SearchAction","target":{"@type":"EntryPoint","urlTemplate":"https:\/\/dev6.erresse-shop.it\/?s={search_term_string}"},"query-input":{"@type":"PropertyValueSpecification","valueRequired":true,"valueName":"search_term_string"}}],"inLanguage":"fr-FR"},{"@type":"Organization","@id":"https:\/\/dev6.erresse-shop.it\/#organization","name":"Erresse Shop","url":"https:\/\/dev6.erresse-shop.it\/","logo":{"@type":"ImageObject","inLanguage":"fr-FR","@id":"https:\/\/dev6.erresse-shop.it\/#\/schema\/logo\/image\/","url":"https:\/\/dev6.erresse-shop.it\/wp-content\/uploads\/2025\/01\/LOGO-ERRESSE-CLASSICO.svg","contentUrl":"https:\/\/dev6.erresse-shop.it\/wp-content\/uploads\/2025\/01\/LOGO-ERRESSE-CLASSICO.svg","caption":"Erresse Shop"},"image":{"@id":"https:\/\/dev6.erresse-shop.it\/#\/schema\/logo\/image\/"}}]}},"df_price":84,"df_sale_price":84,"df_regular_price":99.9,"df_image_link":"https:\/\/i0.wp.com\/interpim.erresse-shop.it\/img-catalogo\/villeroy\/villeroy-boch-barattolo-pupazzo-di-neve-toys-memory.jpg?resize=300,300&ssl=1","fifu_image_url":"https:\/\/interpim.erresse-shop.it\/img-catalogo\/villeroy\/villeroy-boch-barattolo-pupazzo-di-neve-toys-memory.jpg","_links":{"self":[{"href":"https:\/\/dev6.erresse-shop.it\/fr\/wp-json\/wp\/v2\/product\/64881","targetHints":{"allow":["GET"]}}],"collection":[{"href":"https:\/\/dev6.erresse-shop.it\/fr\/wp-json\/wp\/v2\/product"}],"about":[{"href":"https:\/\/dev6.erresse-shop.it\/fr\/wp-json\/wp\/v2\/types\/product"}],"wp:featuredmedia":[{"embeddable":true,"href":"https:\/\/dev6.erresse-shop.it\/fr\/wp-json\/wp\/v2\/media\/6286467"}],"wp:attachment":[{"href":"https:\/\/dev6.erresse-shop.it\/fr\/wp-json\/wp\/v2\/media?parent=64881"}],"wp:term":[{"taxonomy":"product_cat","embeddable":true,"href":"https:\/\/dev6.erresse-shop.it\/fr\/wp-json\/wp\/v2\/product_cat?post=64881"},{"taxonomy":"product_tag","embeddable":true,"href":"https:\/\/dev6.erresse-shop.it\/fr\/wp-json\/wp\/v2\/product_tag?post=64881"}],"curies":[{"name":"wp","href":"https:\/\/api.w.org\/{rel}","templated":true}]}}