{"id":64843,"date":"2026-04-04T14:49:46","date_gmt":"2026-04-04T12:49:46","guid":{"rendered":"https:\/\/dev6.erresse-shop.it\/shop\/non%20class\u00e9\/cookut-poele-a-frire-la-fabuleuse-24-cm-pivoine\/"},"modified":"2025-12-11T18:08:43","modified_gmt":"2025-12-11T17:08:43","slug":"cookut-poele-a-frire-la-fabuleuse-24-cm-pivoine","status":"publish","type":"product","link":"https:\/\/dev6.erresse-shop.it\/fr\/shop\/poeles-pots\/cookut-poele-a-frire-la-fabuleuse-24-cm-pivoine\/","title":{"rendered":"COOKUT Po\u00eale \u00e0 frire &#8220;La Fabuleuse&#8221; 24 cm Pivoine"},"content":{"rendered":"<p>LA FABULOSA, LA PO\u00caLE TOUT QUI REMPLACE 8 OUTILS : VENTILATEUR, PO\u00caLE, CASSEROLE, COCOTTE, CUISEUR VAPEUR, FRITEUSE, PLAQUE, MOULE A G\u00c2TEAU<\/p>\n<p>\u0152ufs au plat, poulet r\u00f4ti, l\u00e9gumes vapeur, blanquette de veau, frites, gratins, g\u00e2teaux, pizza\u2026 Tout est possible !<\/p>\n<p>Corps en m\u00e9tal 100\u00a0% recycl\u00e9*<br \/>\nRev\u00eatement antiadh\u00e9sif haute performance<br \/>\nL\u00e9ger\u00a0: 1,4\u00a0kg<br \/>\nPoign\u00e9es amovibles<br \/>\nCouvercle avec syst\u00e8me de viande auto-arrosant<br \/>\nPoign\u00e9e froide sur le dessus du couvercle<br \/>\nToutes les sources de chaleur, m\u00eame le four<br \/>\nPasse au lave-vaisselle<br \/>\nSans PFOA**<\/p>\n<p>Inclus : 2 manches amovibles (une longue et une courte), un panier vapeur et une spatule en bois.<\/p>\n<p>24 cm \u2013 3,5 litres<\/p>\n","protected":false},"excerpt":{"rendered":"<p>LA FABULOSA, LA PO\u00caLE TOUT QUI REMPLACE 8 OUTILS : VENTILATEUR, PO\u00caLE, CASSEROLE, COCOTTE, CUISEUR VAPEUR, FRITEUSE, PLAQUE, MOULE A G\u00c2TEAU \u0152ufs au plat, poulet r\u00f4ti, l\u00e9gumes vapeur, blanquette de veau, frites, gratins, g\u00e2teaux, pizza\u2026 Tout est possible ! Corps en m\u00e9tal 100\u00a0% recycl\u00e9* Rev\u00eatement antiadh\u00e9sif haute performance L\u00e9ger\u00a0: 1,4\u00a0kg Poign\u00e9es amovibles Couvercle avec syst\u00e8me [&hellip;]<\/p>\n","protected":false},"featured_media":6298217,"template":"","meta":{"_acf_changed":false},"product_cat":[11991],"product_tag":[],"class_list":{"0":"post-64843","1":"product","2":"type-product","3":"status-publish","4":"has-post-thumbnail","6":"product_cat-poeles-pots","8":"first","9":"instock","10":"sale","11":"taxable","12":"shipping-taxable","13":"purchasable","14":"product-type-simple","swatches":"rey-swatches","show_selected":"","stretch_labels":"rey-swatches--stretch-labels"},"acf":[],"yoast_head":"<!-- This site is optimized with the Yoast SEO plugin v25.4 - https:\/\/yoast.com\/wordpress\/plugins\/seo\/ -->\n<title>COOKUT Po\u00eale \u00e0 frire &#8220;La Fabuleuse&#8221; 24 cm Pivoine - dev6 Erresse<\/title>\n<meta name=\"description\" content=\"LA FABULOSA, LA PO\u00caLE TOUT QUI REMPLACE 8 OUTILS : VENTILATEUR, PO\u00caLE, CASSEROLE, COCOTTE, CUISEUR VAPEUR, FRITEUSE, PLAQUE, MOULE A G\u00c2TEAU \u0152ufs au plat,\" \/>\n<meta name=\"robots\" content=\"noindex, follow, max-snippet:-1, max-image-preview:large, max-video-preview:-1\" \/>\n<meta property=\"og:locale\" content=\"fr_FR\" \/>\n<meta property=\"og:type\" content=\"article\" \/>\n<meta property=\"og:title\" content=\"COOKUT Po\u00eale \u00e0 frire &#8220;La Fabuleuse&#8221; 24 cm Pivoine - dev6 Erresse\" \/>\n<meta property=\"og:description\" content=\"LA FABULOSA, LA PO\u00caLE TOUT QUI REMPLACE 8 OUTILS : VENTILATEUR, PO\u00caLE, CASSEROLE, COCOTTE, CUISEUR VAPEUR, FRITEUSE, PLAQUE, MOULE A G\u00c2TEAU \u0152ufs au plat,\" \/>\n<meta property=\"og:url\" content=\"https:\/\/dev6.erresse-shop.it\/fr\/shop\/poeles-pots\/cookut-poele-a-frire-la-fabuleuse-24-cm-pivoine\/\" \/>\n<meta property=\"og:site_name\" content=\"dev6 Erresse\" \/>\n<meta property=\"og:image\" content=\"https:\/\/interpim.erresse-shop.it\/wp-content\/uploads\/2024\/09\/COOKUT-Padella-La-Favolosa-24-cm-Peonia.jpg\/cookut-padella-la-favolosa-24-cm-peonia.jpg\" \/><meta property=\"og:image\" content=\"https:\/\/interpim.erresse-shop.it\/wp-content\/uploads\/2024\/09\/COOKUT-Padella-La-Favolosa-24-cm-Peonia.jpg\/cookut-padella-la-favolosa-24-cm-peonia.jpg\" \/>\n\t<meta property=\"og:image:width\" content=\"1024\" \/>\n\t<meta property=\"og:image:height\" content=\"1024\" \/>\n\t<meta property=\"og:image:type\" content=\"image\/jpeg\" \/>\n<meta name=\"twitter:card\" content=\"summary_large_image\" \/>\n<meta name=\"twitter:image\" content=\"https:\/\/interpim.erresse-shop.it\/wp-content\/uploads\/2024\/09\/COOKUT-Padella-La-Favolosa-24-cm-Peonia.jpg\/cookut-padella-la-favolosa-24-cm-peonia.jpg\" \/>\n<script type=\"application\/ld+json\" class=\"yoast-schema-graph\">{\"@context\":\"https:\/\/schema.org\",\"@graph\":[{\"@type\":\"WebPage\",\"@id\":\"https:\/\/dev6.erresse-shop.it\/fr\/shop\/poeles-pots\/cookut-poele-a-frire-la-fabuleuse-24-cm-pivoine\/\",\"url\":\"https:\/\/dev6.erresse-shop.it\/fr\/shop\/poeles-pots\/cookut-poele-a-frire-la-fabuleuse-24-cm-pivoine\/\",\"name\":\"COOKUT Po\u00eale \u00e0 frire &#8220;La Fabuleuse&#8221; 24 cm Pivoine - dev6 Erresse\",\"isPartOf\":{\"@id\":\"https:\/\/dev6.erresse-shop.it\/#website\"},\"primaryImageOfPage\":{\"@id\":\"https:\/\/dev6.erresse-shop.it\/fr\/shop\/poeles-pots\/cookut-poele-a-frire-la-fabuleuse-24-cm-pivoine\/#primaryimage\"},\"image\":{\"@id\":\"https:\/\/dev6.erresse-shop.it\/fr\/shop\/poeles-pots\/cookut-poele-a-frire-la-fabuleuse-24-cm-pivoine\/#primaryimage\"},\"thumbnailUrl\":\"https:\/\/i0.wp.com\/interpim.erresse-shop.it\/wp-content\/uploads\/2024\/09\/COOKUT-Padella-La-Favolosa-24-cm-Peonia.jpg\/cookut-padella-la-favolosa-24-cm-peonia.jpg?ssl=1\",\"datePublished\":\"2026-04-04T12:49:46+00:00\",\"description\":\"LA FABULOSA, LA PO\u00caLE TOUT QUI REMPLACE 8 OUTILS : VENTILATEUR, PO\u00caLE, CASSEROLE, COCOTTE, CUISEUR VAPEUR, FRITEUSE, PLAQUE, MOULE A G\u00c2TEAU \u0152ufs au plat,\",\"breadcrumb\":{\"@id\":\"https:\/\/dev6.erresse-shop.it\/fr\/shop\/poeles-pots\/cookut-poele-a-frire-la-fabuleuse-24-cm-pivoine\/#breadcrumb\"},\"inLanguage\":\"fr-FR\",\"potentialAction\":[{\"@type\":\"ReadAction\",\"target\":[\"https:\/\/dev6.erresse-shop.it\/fr\/shop\/poeles-pots\/cookut-poele-a-frire-la-fabuleuse-24-cm-pivoine\/\"]}]},{\"@type\":\"ImageObject\",\"inLanguage\":\"fr-FR\",\"@id\":\"https:\/\/dev6.erresse-shop.it\/fr\/shop\/poeles-pots\/cookut-poele-a-frire-la-fabuleuse-24-cm-pivoine\/#primaryimage\",\"url\":\"https:\/\/i0.wp.com\/interpim.erresse-shop.it\/wp-content\/uploads\/2024\/09\/COOKUT-Padella-La-Favolosa-24-cm-Peonia.jpg\/cookut-padella-la-favolosa-24-cm-peonia.jpg?ssl=1\",\"contentUrl\":\"https:\/\/i0.wp.com\/interpim.erresse-shop.it\/wp-content\/uploads\/2024\/09\/COOKUT-Padella-La-Favolosa-24-cm-Peonia.jpg\/cookut-padella-la-favolosa-24-cm-peonia.jpg?ssl=1\"},{\"@type\":\"BreadcrumbList\",\"@id\":\"https:\/\/dev6.erresse-shop.it\/fr\/shop\/poeles-pots\/cookut-poele-a-frire-la-fabuleuse-24-cm-pivoine\/#breadcrumb\",\"itemListElement\":[{\"@type\":\"ListItem\",\"position\":1,\"name\":\"Home\",\"item\":\"https:\/\/dev6.erresse-shop.it\/\"},{\"@type\":\"ListItem\",\"position\":2,\"name\":\"Boutique\",\"item\":\"https:\/\/dev6.erresse-shop.it\/shop\/\"},{\"@type\":\"ListItem\",\"position\":3,\"name\":\"COOKUT Po\u00eale \u00e0 frire &#8220;La Fabuleuse&#8221; 24 cm Pivoine\"}]},{\"@type\":\"WebSite\",\"@id\":\"https:\/\/dev6.erresse-shop.it\/#website\",\"url\":\"https:\/\/dev6.erresse-shop.it\/\",\"name\":\"Erresse Shop\",\"description\":\"\",\"publisher\":{\"@id\":\"https:\/\/dev6.erresse-shop.it\/#organization\"},\"potentialAction\":[{\"@type\":\"SearchAction\",\"target\":{\"@type\":\"EntryPoint\",\"urlTemplate\":\"https:\/\/dev6.erresse-shop.it\/?s={search_term_string}\"},\"query-input\":{\"@type\":\"PropertyValueSpecification\",\"valueRequired\":true,\"valueName\":\"search_term_string\"}}],\"inLanguage\":\"fr-FR\"},{\"@type\":\"Organization\",\"@id\":\"https:\/\/dev6.erresse-shop.it\/#organization\",\"name\":\"Erresse Shop\",\"url\":\"https:\/\/dev6.erresse-shop.it\/\",\"logo\":{\"@type\":\"ImageObject\",\"inLanguage\":\"fr-FR\",\"@id\":\"https:\/\/dev6.erresse-shop.it\/#\/schema\/logo\/image\/\",\"url\":\"https:\/\/dev6.erresse-shop.it\/wp-content\/uploads\/2025\/01\/LOGO-ERRESSE-CLASSICO.svg\",\"contentUrl\":\"https:\/\/dev6.erresse-shop.it\/wp-content\/uploads\/2025\/01\/LOGO-ERRESSE-CLASSICO.svg\",\"caption\":\"Erresse Shop\"},\"image\":{\"@id\":\"https:\/\/dev6.erresse-shop.it\/#\/schema\/logo\/image\/\"}}]}<\/script>\n<!-- \/ Yoast SEO plugin. -->","yoast_head_json":{"title":"COOKUT Po\u00eale \u00e0 frire &#8220;La Fabuleuse&#8221; 24 cm Pivoine - dev6 Erresse","description":"LA FABULOSA, LA PO\u00caLE TOUT QUI REMPLACE 8 OUTILS : VENTILATEUR, PO\u00caLE, CASSEROLE, COCOTTE, CUISEUR VAPEUR, FRITEUSE, PLAQUE, MOULE A G\u00c2TEAU \u0152ufs au plat,","robots":{"index":"noindex","follow":"follow","max-snippet":"max-snippet:-1","max-image-preview":"max-image-preview:large","max-video-preview":"max-video-preview:-1"},"og_locale":"fr_FR","og_type":"article","og_title":"COOKUT Po\u00eale \u00e0 frire &#8220;La Fabuleuse&#8221; 24 cm Pivoine - dev6 Erresse","og_description":"LA FABULOSA, LA PO\u00caLE TOUT QUI REMPLACE 8 OUTILS : VENTILATEUR, PO\u00caLE, CASSEROLE, COCOTTE, CUISEUR VAPEUR, FRITEUSE, PLAQUE, MOULE A G\u00c2TEAU \u0152ufs au plat,","og_url":"https:\/\/dev6.erresse-shop.it\/fr\/shop\/poeles-pots\/cookut-poele-a-frire-la-fabuleuse-24-cm-pivoine\/","og_site_name":"dev6 Erresse","og_image":[{"url":"https:\/\/interpim.erresse-shop.it\/wp-content\/uploads\/2024\/09\/COOKUT-Padella-La-Favolosa-24-cm-Peonia.jpg\/cookut-padella-la-favolosa-24-cm-peonia.jpg","type":"","width":"","height":""},{"url":"https:\/\/interpim.erresse-shop.it\/wp-content\/uploads\/2024\/09\/COOKUT-Padella-La-Favolosa-24-cm-Peonia.jpg\/cookut-padella-la-favolosa-24-cm-peonia.jpg","width":1024,"height":1024,"type":"image\/jpeg"}],"twitter_card":"summary_large_image","twitter_image":"https:\/\/interpim.erresse-shop.it\/wp-content\/uploads\/2024\/09\/COOKUT-Padella-La-Favolosa-24-cm-Peonia.jpg\/cookut-padella-la-favolosa-24-cm-peonia.jpg","schema":{"@context":"https:\/\/schema.org","@graph":[{"@type":"WebPage","@id":"https:\/\/dev6.erresse-shop.it\/fr\/shop\/poeles-pots\/cookut-poele-a-frire-la-fabuleuse-24-cm-pivoine\/","url":"https:\/\/dev6.erresse-shop.it\/fr\/shop\/poeles-pots\/cookut-poele-a-frire-la-fabuleuse-24-cm-pivoine\/","name":"COOKUT Po\u00eale \u00e0 frire &#8220;La Fabuleuse&#8221; 24 cm Pivoine - dev6 Erresse","isPartOf":{"@id":"https:\/\/dev6.erresse-shop.it\/#website"},"primaryImageOfPage":{"@id":"https:\/\/dev6.erresse-shop.it\/fr\/shop\/poeles-pots\/cookut-poele-a-frire-la-fabuleuse-24-cm-pivoine\/#primaryimage"},"image":{"@id":"https:\/\/dev6.erresse-shop.it\/fr\/shop\/poeles-pots\/cookut-poele-a-frire-la-fabuleuse-24-cm-pivoine\/#primaryimage"},"thumbnailUrl":"https:\/\/i0.wp.com\/interpim.erresse-shop.it\/wp-content\/uploads\/2024\/09\/COOKUT-Padella-La-Favolosa-24-cm-Peonia.jpg\/cookut-padella-la-favolosa-24-cm-peonia.jpg?ssl=1","datePublished":"2026-04-04T12:49:46+00:00","description":"LA FABULOSA, LA PO\u00caLE TOUT QUI REMPLACE 8 OUTILS : VENTILATEUR, PO\u00caLE, CASSEROLE, COCOTTE, CUISEUR VAPEUR, FRITEUSE, PLAQUE, MOULE A G\u00c2TEAU \u0152ufs au plat,","breadcrumb":{"@id":"https:\/\/dev6.erresse-shop.it\/fr\/shop\/poeles-pots\/cookut-poele-a-frire-la-fabuleuse-24-cm-pivoine\/#breadcrumb"},"inLanguage":"fr-FR","potentialAction":[{"@type":"ReadAction","target":["https:\/\/dev6.erresse-shop.it\/fr\/shop\/poeles-pots\/cookut-poele-a-frire-la-fabuleuse-24-cm-pivoine\/"]}]},{"@type":"ImageObject","inLanguage":"fr-FR","@id":"https:\/\/dev6.erresse-shop.it\/fr\/shop\/poeles-pots\/cookut-poele-a-frire-la-fabuleuse-24-cm-pivoine\/#primaryimage","url":"https:\/\/i0.wp.com\/interpim.erresse-shop.it\/wp-content\/uploads\/2024\/09\/COOKUT-Padella-La-Favolosa-24-cm-Peonia.jpg\/cookut-padella-la-favolosa-24-cm-peonia.jpg?ssl=1","contentUrl":"https:\/\/i0.wp.com\/interpim.erresse-shop.it\/wp-content\/uploads\/2024\/09\/COOKUT-Padella-La-Favolosa-24-cm-Peonia.jpg\/cookut-padella-la-favolosa-24-cm-peonia.jpg?ssl=1"},{"@type":"BreadcrumbList","@id":"https:\/\/dev6.erresse-shop.it\/fr\/shop\/poeles-pots\/cookut-poele-a-frire-la-fabuleuse-24-cm-pivoine\/#breadcrumb","itemListElement":[{"@type":"ListItem","position":1,"name":"Home","item":"https:\/\/dev6.erresse-shop.it\/"},{"@type":"ListItem","position":2,"name":"Boutique","item":"https:\/\/dev6.erresse-shop.it\/shop\/"},{"@type":"ListItem","position":3,"name":"COOKUT Po\u00eale \u00e0 frire &#8220;La Fabuleuse&#8221; 24 cm Pivoine"}]},{"@type":"WebSite","@id":"https:\/\/dev6.erresse-shop.it\/#website","url":"https:\/\/dev6.erresse-shop.it\/","name":"Erresse Shop","description":"","publisher":{"@id":"https:\/\/dev6.erresse-shop.it\/#organization"},"potentialAction":[{"@type":"SearchAction","target":{"@type":"EntryPoint","urlTemplate":"https:\/\/dev6.erresse-shop.it\/?s={search_term_string}"},"query-input":{"@type":"PropertyValueSpecification","valueRequired":true,"valueName":"search_term_string"}}],"inLanguage":"fr-FR"},{"@type":"Organization","@id":"https:\/\/dev6.erresse-shop.it\/#organization","name":"Erresse Shop","url":"https:\/\/dev6.erresse-shop.it\/","logo":{"@type":"ImageObject","inLanguage":"fr-FR","@id":"https:\/\/dev6.erresse-shop.it\/#\/schema\/logo\/image\/","url":"https:\/\/dev6.erresse-shop.it\/wp-content\/uploads\/2025\/01\/LOGO-ERRESSE-CLASSICO.svg","contentUrl":"https:\/\/dev6.erresse-shop.it\/wp-content\/uploads\/2025\/01\/LOGO-ERRESSE-CLASSICO.svg","caption":"Erresse Shop"},"image":{"@id":"https:\/\/dev6.erresse-shop.it\/#\/schema\/logo\/image\/"}}]}},"df_price":124.9,"df_sale_price":124.9,"df_regular_price":139.9,"df_image_link":"https:\/\/i0.wp.com\/interpim.erresse-shop.it\/wp-content\/uploads\/2024\/09\/COOKUT-Padella-La-Favolosa-24-cm-Peonia.jpg\/cookut-padella-la-favolosa-24-cm-peonia.jpg?resize=300,300&ssl=1","fifu_image_url":"https:\/\/interpim.erresse-shop.it\/wp-content\/uploads\/2024\/09\/COOKUT-Padella-La-Favolosa-24-cm-Peonia.jpg\/cookut-padella-la-favolosa-24-cm-peonia.jpg","_links":{"self":[{"href":"https:\/\/dev6.erresse-shop.it\/fr\/wp-json\/wp\/v2\/product\/64843","targetHints":{"allow":["GET"]}}],"collection":[{"href":"https:\/\/dev6.erresse-shop.it\/fr\/wp-json\/wp\/v2\/product"}],"about":[{"href":"https:\/\/dev6.erresse-shop.it\/fr\/wp-json\/wp\/v2\/types\/product"}],"wp:featuredmedia":[{"embeddable":true,"href":"https:\/\/dev6.erresse-shop.it\/fr\/wp-json\/wp\/v2\/media\/6298217"}],"wp:attachment":[{"href":"https:\/\/dev6.erresse-shop.it\/fr\/wp-json\/wp\/v2\/media?parent=64843"}],"wp:term":[{"taxonomy":"product_cat","embeddable":true,"href":"https:\/\/dev6.erresse-shop.it\/fr\/wp-json\/wp\/v2\/product_cat?post=64843"},{"taxonomy":"product_tag","embeddable":true,"href":"https:\/\/dev6.erresse-shop.it\/fr\/wp-json\/wp\/v2\/product_tag?post=64843"}],"curies":[{"name":"wp","href":"https:\/\/api.w.org\/{rel}","templated":true}]}}