{"id":64825,"date":"2026-04-10T12:18:43","date_gmt":"2026-04-10T10:18:43","guid":{"rendered":"https:\/\/dev6.erresse-shop.it\/shop\/non%20class\u00e9\/les-jardins-de-la-comtesse-panier-pique-nique-4-personnes-champs-elysees-vert\/"},"modified":"2025-09-14T05:51:29","modified_gmt":"2025-09-14T03:51:29","slug":"les-jardins-de-la-comtesse-panier-pique-nique-4-personnes-champs-elysees-vert","status":"publish","type":"product","link":"https:\/\/dev6.erresse-shop.it\/fr\/shop\/table-fr-2\/paniers-pique-nique\/les-jardins-de-la-comtesse-panier-pique-nique-4-personnes-champs-elysees-vert\/","title":{"rendered":"LES JARDINS DE LA COMTESSE Panier pique-nique 4 personnes Champs-Elys\u00e9es Vert"},"content":{"rendered":"<p>Ce panier pique-nique en cuir v\u00e9ritable fleur cousue, avec assiettes en porcelaine et tissu monogramm\u00e9, la plus belle de nos malles pique-nique en osier couleur miel et cuir \u00e0 offrir ou \u00e0 s\u2019offrir pour des pique-niques ultra chic. Ce coffre a \u00e9t\u00e9 cr\u00e9\u00e9 pour les amateurs de pique-nique chic qui aiment se retrouver entre amis ou en famille pour partager un moment magique et familial. La couleur particuli\u00e8re du miel a \u00e9t\u00e9 obtenue gr\u00e2ce \u00e0 un double traitement \u00e0 la vapeur, un proc\u00e9d\u00e9 utilis\u00e9 depuis des mill\u00e9naires. Luxe, tradition, raffinement se r\u00e9unissent pour un v\u00e9ritable art de vivre \u00e0 la fran\u00e7aise\u2026 Cette malle a \u00e9t\u00e9 fabriqu\u00e9e \u00e0 la main avec du bois de saule. Il se ferme par 2 larges lani\u00e8res de cuir surpiqu\u00e9es, ourl\u00e9es et m\u00e9talliques pour la fermeture. Une large poign\u00e9e en cuir surpiqu\u00e9 permet de transporter facilement la malle. En haut, il y a deux bandes de cuir cousues pour y mettre la couverture de pique-nique. Ouvrez le coffre et d\u00e9couvrez l\u2019int\u00e9rieur recouvert d\u2019un tissu en coton vert fonc\u00e9 monogramm\u00e9. Les assiettes sont en v\u00e9ritable porcelaine. Les verres sont bien rang\u00e9s dans leur compartiment en osier et la bouteille de vin est soutenue par deux lani\u00e8res de cuir. Et les couverts sont en acier inoxydable poli. La poche alimentaire isotherme est suffisamment longue pour contenir une bouteille.<br \/>\nSes assiettes, verres, couverts et accessoires passent au lave-vaisselle.<\/p>\n<p>4 assiettes (20 cm) en v\u00e9ritable porcelaine fine monogramm\u00e9es aux armes des Jardins de la Comtesse. Les plaques sont maintenues en place par des lani\u00e8res de cuir cousues des deux c\u00f4t\u00e9s.<br \/>\n4 grands verres \u00e0 vin (18 cl) dispos\u00e9s dans des compartiments individuels en osier et soutenus par une lani\u00e8re en cuir.<br \/>\n4 sets complets de couverts design en acier inoxydable 18\/0 compos\u00e9s de 4 couteaux, 4 fourchettes, 4 cuill\u00e8res \u00e0 caf\u00e9 soutenus par des lani\u00e8res de cuir cousues.<br \/>\n\u00a0Sali\u00e8re et poivri\u00e8re en m\u00e9tal rang\u00e9es dans une poche en cuir.<br \/>\nUn tire-bouchon, un pneu-bouchon, un d\u00e9capsuleur, conserv\u00e9s dans une pochette en cuir.<br \/>\n1 planche \u00e0 d\u00e9couper en bois avec couteau assorti, maintenu par des lani\u00e8res de cuir.<br \/>\n2 lani\u00e8res en cuir pour maintenir une bouteille<br \/>\n1 grand compartiment isotherme (34 x 18 x 15 cm) pour conserver des aliments et une bouteille de vin.<br \/>\n4 serviettes en coton vert fonc\u00e9 monogramm\u00e9es 30 x 30 cm<br \/>\n1 b\u00e2che enduite imperm\u00e9able vert fonc\u00e9 140 x 140 cm<br \/>\n1 petit sac pour ranger la vaisselle sale<\/p>\n<p>\u2013 Longueur : 60 cm<br \/>\n\u2013 Largeur : 38cm<br \/>\n\u2013 Hauteur : 23 cm<br \/>\n\u2013 Poids : 7,06 kg<\/p>\n","protected":false},"excerpt":{"rendered":"<p>Ce panier pique-nique en cuir v\u00e9ritable fleur cousue, avec assiettes en porcelaine et tissu monogramm\u00e9, la plus belle de nos malles pique-nique en osier couleur miel et cuir \u00e0 offrir ou \u00e0 s\u2019offrir pour des pique-niques ultra chic. Ce coffre a \u00e9t\u00e9 cr\u00e9\u00e9 pour les amateurs de pique-nique chic qui aiment se retrouver entre amis [&hellip;]<\/p>\n","protected":false},"featured_media":6328006,"template":"","meta":{"_acf_changed":false},"product_cat":[12032,11995,11671],"product_tag":[],"class_list":{"0":"post-64825","1":"product","2":"type-product","3":"status-publish","4":"has-post-thumbnail","6":"product_cat-paniers-pique-nique","7":"product_cat-table-fr-2","8":"product_cat-tavola","10":"first","11":"instock","12":"sale","13":"taxable","14":"shipping-taxable","15":"purchasable","16":"product-type-simple","swatches":"rey-swatches","show_selected":"","stretch_labels":"rey-swatches--stretch-labels"},"acf":[],"yoast_head":"<!-- This site is optimized with the Yoast SEO plugin v25.4 - https:\/\/yoast.com\/wordpress\/plugins\/seo\/ -->\n<title>LES JARDINS DE LA COMTESSE Panier pique-nique 4 personnes Champs-Elys\u00e9es Vert - dev6 Erresse<\/title>\n<meta name=\"description\" content=\"Ce panier pique-nique en cuir v\u00e9ritable fleur cousue, avec assiettes en porcelaine et tissu monogramm\u00e9, la plus belle de nos malles pique-nique en osier\" \/>\n<meta name=\"robots\" content=\"noindex, follow, max-snippet:-1, max-image-preview:large, max-video-preview:-1\" \/>\n<meta property=\"og:locale\" content=\"fr_FR\" \/>\n<meta property=\"og:type\" content=\"article\" \/>\n<meta property=\"og:title\" content=\"LES JARDINS DE LA COMTESSE Panier pique-nique 4 personnes Champs-Elys\u00e9es Vert - dev6 Erresse\" \/>\n<meta property=\"og:description\" content=\"Ce panier pique-nique en cuir v\u00e9ritable fleur cousue, avec assiettes en porcelaine et tissu monogramm\u00e9, la plus belle de nos malles pique-nique en osier\" \/>\n<meta property=\"og:url\" content=\"https:\/\/dev6.erresse-shop.it\/fr\/shop\/table-fr-2\/paniers-pique-nique\/les-jardins-de-la-comtesse-panier-pique-nique-4-personnes-champs-elysees-vert\/\" \/>\n<meta property=\"og:site_name\" content=\"dev6 Erresse\" \/>\n<meta property=\"og:image\" content=\"https:\/\/interpim.erresse-shop.it\/Import\/Prodotti\/les-jardins-de-la-comtesse-cestino-picnic-4-persone-champs-elysees-verde.jpg\" \/><meta property=\"og:image\" content=\"https:\/\/interpim.erresse-shop.it\/Import\/Prodotti\/les-jardins-de-la-comtesse-cestino-picnic-4-persone-champs-elysees-verde.jpg\" \/>\n\t<meta property=\"og:image:width\" content=\"1024\" \/>\n\t<meta property=\"og:image:height\" content=\"1024\" \/>\n\t<meta property=\"og:image:type\" content=\"image\/jpeg\" \/>\n<meta name=\"twitter:card\" content=\"summary_large_image\" \/>\n<meta name=\"twitter:image\" content=\"https:\/\/interpim.erresse-shop.it\/Import\/Prodotti\/les-jardins-de-la-comtesse-cestino-picnic-4-persone-champs-elysees-verde.jpg\" \/>\n<script type=\"application\/ld+json\" class=\"yoast-schema-graph\">{\"@context\":\"https:\/\/schema.org\",\"@graph\":[{\"@type\":\"WebPage\",\"@id\":\"https:\/\/dev6.erresse-shop.it\/fr\/shop\/table-fr-2\/paniers-pique-nique\/les-jardins-de-la-comtesse-panier-pique-nique-4-personnes-champs-elysees-vert\/\",\"url\":\"https:\/\/dev6.erresse-shop.it\/fr\/shop\/table-fr-2\/paniers-pique-nique\/les-jardins-de-la-comtesse-panier-pique-nique-4-personnes-champs-elysees-vert\/\",\"name\":\"LES JARDINS DE LA COMTESSE Panier pique-nique 4 personnes Champs-Elys\u00e9es Vert - dev6 Erresse\",\"isPartOf\":{\"@id\":\"https:\/\/dev6.erresse-shop.it\/#website\"},\"primaryImageOfPage\":{\"@id\":\"https:\/\/dev6.erresse-shop.it\/fr\/shop\/table-fr-2\/paniers-pique-nique\/les-jardins-de-la-comtesse-panier-pique-nique-4-personnes-champs-elysees-vert\/#primaryimage\"},\"image\":{\"@id\":\"https:\/\/dev6.erresse-shop.it\/fr\/shop\/table-fr-2\/paniers-pique-nique\/les-jardins-de-la-comtesse-panier-pique-nique-4-personnes-champs-elysees-vert\/#primaryimage\"},\"thumbnailUrl\":\"https:\/\/i3.wp.com\/interpim.erresse-shop.it\/Import\/Prodotti\/les-jardins-de-la-comtesse-cestino-picnic-4-persone-champs-elysees-verde.jpg?ssl=1\",\"datePublished\":\"2026-04-10T10:18:43+00:00\",\"description\":\"Ce panier pique-nique en cuir v\u00e9ritable fleur cousue, avec assiettes en porcelaine et tissu monogramm\u00e9, la plus belle de nos malles pique-nique en osier\",\"breadcrumb\":{\"@id\":\"https:\/\/dev6.erresse-shop.it\/fr\/shop\/table-fr-2\/paniers-pique-nique\/les-jardins-de-la-comtesse-panier-pique-nique-4-personnes-champs-elysees-vert\/#breadcrumb\"},\"inLanguage\":\"fr-FR\",\"potentialAction\":[{\"@type\":\"ReadAction\",\"target\":[\"https:\/\/dev6.erresse-shop.it\/fr\/shop\/table-fr-2\/paniers-pique-nique\/les-jardins-de-la-comtesse-panier-pique-nique-4-personnes-champs-elysees-vert\/\"]}]},{\"@type\":\"ImageObject\",\"inLanguage\":\"fr-FR\",\"@id\":\"https:\/\/dev6.erresse-shop.it\/fr\/shop\/table-fr-2\/paniers-pique-nique\/les-jardins-de-la-comtesse-panier-pique-nique-4-personnes-champs-elysees-vert\/#primaryimage\",\"url\":\"https:\/\/i3.wp.com\/interpim.erresse-shop.it\/Import\/Prodotti\/les-jardins-de-la-comtesse-cestino-picnic-4-persone-champs-elysees-verde.jpg?ssl=1\",\"contentUrl\":\"https:\/\/i3.wp.com\/interpim.erresse-shop.it\/Import\/Prodotti\/les-jardins-de-la-comtesse-cestino-picnic-4-persone-champs-elysees-verde.jpg?ssl=1\"},{\"@type\":\"BreadcrumbList\",\"@id\":\"https:\/\/dev6.erresse-shop.it\/fr\/shop\/table-fr-2\/paniers-pique-nique\/les-jardins-de-la-comtesse-panier-pique-nique-4-personnes-champs-elysees-vert\/#breadcrumb\",\"itemListElement\":[{\"@type\":\"ListItem\",\"position\":1,\"name\":\"Home\",\"item\":\"https:\/\/dev6.erresse-shop.it\/\"},{\"@type\":\"ListItem\",\"position\":2,\"name\":\"Boutique\",\"item\":\"https:\/\/dev6.erresse-shop.it\/shop\/\"},{\"@type\":\"ListItem\",\"position\":3,\"name\":\"LES JARDINS DE LA COMTESSE Panier pique-nique 4 personnes Champs-Elys\u00e9es Vert\"}]},{\"@type\":\"WebSite\",\"@id\":\"https:\/\/dev6.erresse-shop.it\/#website\",\"url\":\"https:\/\/dev6.erresse-shop.it\/\",\"name\":\"Erresse Shop\",\"description\":\"\",\"publisher\":{\"@id\":\"https:\/\/dev6.erresse-shop.it\/#organization\"},\"potentialAction\":[{\"@type\":\"SearchAction\",\"target\":{\"@type\":\"EntryPoint\",\"urlTemplate\":\"https:\/\/dev6.erresse-shop.it\/?s={search_term_string}\"},\"query-input\":{\"@type\":\"PropertyValueSpecification\",\"valueRequired\":true,\"valueName\":\"search_term_string\"}}],\"inLanguage\":\"fr-FR\"},{\"@type\":\"Organization\",\"@id\":\"https:\/\/dev6.erresse-shop.it\/#organization\",\"name\":\"Erresse Shop\",\"url\":\"https:\/\/dev6.erresse-shop.it\/\",\"logo\":{\"@type\":\"ImageObject\",\"inLanguage\":\"fr-FR\",\"@id\":\"https:\/\/dev6.erresse-shop.it\/#\/schema\/logo\/image\/\",\"url\":\"https:\/\/dev6.erresse-shop.it\/wp-content\/uploads\/2025\/01\/LOGO-ERRESSE-CLASSICO.svg\",\"contentUrl\":\"https:\/\/dev6.erresse-shop.it\/wp-content\/uploads\/2025\/01\/LOGO-ERRESSE-CLASSICO.svg\",\"caption\":\"Erresse Shop\"},\"image\":{\"@id\":\"https:\/\/dev6.erresse-shop.it\/#\/schema\/logo\/image\/\"}}]}<\/script>\n<!-- \/ Yoast SEO plugin. -->","yoast_head_json":{"title":"LES JARDINS DE LA COMTESSE Panier pique-nique 4 personnes Champs-Elys\u00e9es Vert - dev6 Erresse","description":"Ce panier pique-nique en cuir v\u00e9ritable fleur cousue, avec assiettes en porcelaine et tissu monogramm\u00e9, la plus belle de nos malles pique-nique en osier","robots":{"index":"noindex","follow":"follow","max-snippet":"max-snippet:-1","max-image-preview":"max-image-preview:large","max-video-preview":"max-video-preview:-1"},"og_locale":"fr_FR","og_type":"article","og_title":"LES JARDINS DE LA COMTESSE Panier pique-nique 4 personnes Champs-Elys\u00e9es Vert - dev6 Erresse","og_description":"Ce panier pique-nique en cuir v\u00e9ritable fleur cousue, avec assiettes en porcelaine et tissu monogramm\u00e9, la plus belle de nos malles pique-nique en osier","og_url":"https:\/\/dev6.erresse-shop.it\/fr\/shop\/table-fr-2\/paniers-pique-nique\/les-jardins-de-la-comtesse-panier-pique-nique-4-personnes-champs-elysees-vert\/","og_site_name":"dev6 Erresse","og_image":[{"url":"https:\/\/interpim.erresse-shop.it\/Import\/Prodotti\/les-jardins-de-la-comtesse-cestino-picnic-4-persone-champs-elysees-verde.jpg","type":"","width":"","height":""},{"url":"https:\/\/interpim.erresse-shop.it\/Import\/Prodotti\/les-jardins-de-la-comtesse-cestino-picnic-4-persone-champs-elysees-verde.jpg","width":1024,"height":1024,"type":"image\/jpeg"}],"twitter_card":"summary_large_image","twitter_image":"https:\/\/interpim.erresse-shop.it\/Import\/Prodotti\/les-jardins-de-la-comtesse-cestino-picnic-4-persone-champs-elysees-verde.jpg","schema":{"@context":"https:\/\/schema.org","@graph":[{"@type":"WebPage","@id":"https:\/\/dev6.erresse-shop.it\/fr\/shop\/table-fr-2\/paniers-pique-nique\/les-jardins-de-la-comtesse-panier-pique-nique-4-personnes-champs-elysees-vert\/","url":"https:\/\/dev6.erresse-shop.it\/fr\/shop\/table-fr-2\/paniers-pique-nique\/les-jardins-de-la-comtesse-panier-pique-nique-4-personnes-champs-elysees-vert\/","name":"LES JARDINS DE LA COMTESSE Panier pique-nique 4 personnes Champs-Elys\u00e9es Vert - dev6 Erresse","isPartOf":{"@id":"https:\/\/dev6.erresse-shop.it\/#website"},"primaryImageOfPage":{"@id":"https:\/\/dev6.erresse-shop.it\/fr\/shop\/table-fr-2\/paniers-pique-nique\/les-jardins-de-la-comtesse-panier-pique-nique-4-personnes-champs-elysees-vert\/#primaryimage"},"image":{"@id":"https:\/\/dev6.erresse-shop.it\/fr\/shop\/table-fr-2\/paniers-pique-nique\/les-jardins-de-la-comtesse-panier-pique-nique-4-personnes-champs-elysees-vert\/#primaryimage"},"thumbnailUrl":"https:\/\/i3.wp.com\/interpim.erresse-shop.it\/Import\/Prodotti\/les-jardins-de-la-comtesse-cestino-picnic-4-persone-champs-elysees-verde.jpg?ssl=1","datePublished":"2026-04-10T10:18:43+00:00","description":"Ce panier pique-nique en cuir v\u00e9ritable fleur cousue, avec assiettes en porcelaine et tissu monogramm\u00e9, la plus belle de nos malles pique-nique en osier","breadcrumb":{"@id":"https:\/\/dev6.erresse-shop.it\/fr\/shop\/table-fr-2\/paniers-pique-nique\/les-jardins-de-la-comtesse-panier-pique-nique-4-personnes-champs-elysees-vert\/#breadcrumb"},"inLanguage":"fr-FR","potentialAction":[{"@type":"ReadAction","target":["https:\/\/dev6.erresse-shop.it\/fr\/shop\/table-fr-2\/paniers-pique-nique\/les-jardins-de-la-comtesse-panier-pique-nique-4-personnes-champs-elysees-vert\/"]}]},{"@type":"ImageObject","inLanguage":"fr-FR","@id":"https:\/\/dev6.erresse-shop.it\/fr\/shop\/table-fr-2\/paniers-pique-nique\/les-jardins-de-la-comtesse-panier-pique-nique-4-personnes-champs-elysees-vert\/#primaryimage","url":"https:\/\/i3.wp.com\/interpim.erresse-shop.it\/Import\/Prodotti\/les-jardins-de-la-comtesse-cestino-picnic-4-persone-champs-elysees-verde.jpg?ssl=1","contentUrl":"https:\/\/i3.wp.com\/interpim.erresse-shop.it\/Import\/Prodotti\/les-jardins-de-la-comtesse-cestino-picnic-4-persone-champs-elysees-verde.jpg?ssl=1"},{"@type":"BreadcrumbList","@id":"https:\/\/dev6.erresse-shop.it\/fr\/shop\/table-fr-2\/paniers-pique-nique\/les-jardins-de-la-comtesse-panier-pique-nique-4-personnes-champs-elysees-vert\/#breadcrumb","itemListElement":[{"@type":"ListItem","position":1,"name":"Home","item":"https:\/\/dev6.erresse-shop.it\/"},{"@type":"ListItem","position":2,"name":"Boutique","item":"https:\/\/dev6.erresse-shop.it\/shop\/"},{"@type":"ListItem","position":3,"name":"LES JARDINS DE LA COMTESSE Panier pique-nique 4 personnes Champs-Elys\u00e9es Vert"}]},{"@type":"WebSite","@id":"https:\/\/dev6.erresse-shop.it\/#website","url":"https:\/\/dev6.erresse-shop.it\/","name":"Erresse Shop","description":"","publisher":{"@id":"https:\/\/dev6.erresse-shop.it\/#organization"},"potentialAction":[{"@type":"SearchAction","target":{"@type":"EntryPoint","urlTemplate":"https:\/\/dev6.erresse-shop.it\/?s={search_term_string}"},"query-input":{"@type":"PropertyValueSpecification","valueRequired":true,"valueName":"search_term_string"}}],"inLanguage":"fr-FR"},{"@type":"Organization","@id":"https:\/\/dev6.erresse-shop.it\/#organization","name":"Erresse Shop","url":"https:\/\/dev6.erresse-shop.it\/","logo":{"@type":"ImageObject","inLanguage":"fr-FR","@id":"https:\/\/dev6.erresse-shop.it\/#\/schema\/logo\/image\/","url":"https:\/\/dev6.erresse-shop.it\/wp-content\/uploads\/2025\/01\/LOGO-ERRESSE-CLASSICO.svg","contentUrl":"https:\/\/dev6.erresse-shop.it\/wp-content\/uploads\/2025\/01\/LOGO-ERRESSE-CLASSICO.svg","caption":"Erresse Shop"},"image":{"@id":"https:\/\/dev6.erresse-shop.it\/#\/schema\/logo\/image\/"}}]}},"df_price":229.95,"df_sale_price":229.95,"df_regular_price":284,"df_image_link":"https:\/\/i3.wp.com\/interpim.erresse-shop.it\/Import\/Prodotti\/les-jardins-de-la-comtesse-cestino-picnic-4-persone-champs-elysees-verde.jpg?resize=300,300&ssl=1","fifu_image_url":"https:\/\/interpim.erresse-shop.it\/Import\/Prodotti\/les-jardins-de-la-comtesse-cestino-picnic-4-persone-champs-elysees-verde.jpg","_links":{"self":[{"href":"https:\/\/dev6.erresse-shop.it\/fr\/wp-json\/wp\/v2\/product\/64825","targetHints":{"allow":["GET"]}}],"collection":[{"href":"https:\/\/dev6.erresse-shop.it\/fr\/wp-json\/wp\/v2\/product"}],"about":[{"href":"https:\/\/dev6.erresse-shop.it\/fr\/wp-json\/wp\/v2\/types\/product"}],"wp:featuredmedia":[{"embeddable":true,"href":"https:\/\/dev6.erresse-shop.it\/fr\/wp-json\/wp\/v2\/media\/6328006"}],"wp:attachment":[{"href":"https:\/\/dev6.erresse-shop.it\/fr\/wp-json\/wp\/v2\/media?parent=64825"}],"wp:term":[{"taxonomy":"product_cat","embeddable":true,"href":"https:\/\/dev6.erresse-shop.it\/fr\/wp-json\/wp\/v2\/product_cat?post=64825"},{"taxonomy":"product_tag","embeddable":true,"href":"https:\/\/dev6.erresse-shop.it\/fr\/wp-json\/wp\/v2\/product_tag?post=64825"}],"curies":[{"name":"wp","href":"https:\/\/api.w.org\/{rel}","templated":true}]}}