{"id":64813,"date":"2026-04-12T11:40:15","date_gmt":"2026-04-12T09:40:15","guid":{"rendered":"https:\/\/dev6.erresse-shop.it\/shop\/non%20class\u00e9\/boska-set-a-fondue-electrique-pro-12-pieces\/"},"modified":"2025-11-22T18:03:18","modified_gmt":"2025-11-22T17:03:18","slug":"boska-set-a-fondue-electrique-pro-12-pieces","status":"publish","type":"product","link":"https:\/\/dev6.erresse-shop.it\/fr\/shop\/cuisine\/boska-set-a-fondue-electrique-pro-12-pieces\/","title":{"rendered":"BOSKA Set \u00e0 fondue \u00e9lectrique Pro 12 pi\u00e8ces"},"content":{"rendered":"<p>Ce service \u00e0 fondue \u00e9l\u00e9gant et durable (220 V) est id\u00e9al pour tous les types de fondues (chocolat, fromage, bouillon ou bourguignonne). De plus, vous n\u2019avez pas besoin de r\u00e9chaud, le caquelon se chauffe tout seul. Le caquelon \u00e9lectrique en fonte avec rev\u00eatement en \u00e9mail antiadh\u00e9sif a une capacit\u00e9 de 2,15 litres. Gr\u00e2ce au rechaud avec r\u00e9glage pratique de la temp\u00e9rature, vous trouverez toujours la temp\u00e9rature id\u00e9ale pour votre soir\u00e9e fondue. L\u2019appareil maintient la temp\u00e9rature s\u00e9lectionn\u00e9e et vous garantit des heures de plaisir sans souci. L\u2019ensemble comprend \u00e9galement 8 fourchettes \u00e0 fondue en acier inoxydable avec manches en ch\u00eane, 1 protection contre les \u00e9claboussures et un sous-plat en ch\u00eane.<\/p>\n<p>Caract\u00e9ristiques techniques<\/p>\n<p>Couleur : Noir<br \/>\nMat\u00e9riau : fonte, ch\u00eane<br \/>\nDimensions du produit : \u00d840\u00d728,5 cm<\/p>\n","protected":false},"excerpt":{"rendered":"<p>Ce service \u00e0 fondue \u00e9l\u00e9gant et durable (220 V) est id\u00e9al pour tous les types de fondues (chocolat, fromage, bouillon ou bourguignonne). De plus, vous n\u2019avez pas besoin de r\u00e9chaud, le caquelon se chauffe tout seul. Le caquelon \u00e9lectrique en fonte avec rev\u00eatement en \u00e9mail antiadh\u00e9sif a une capacit\u00e9 de 2,15 litres. Gr\u00e2ce au rechaud [&hellip;]<\/p>\n","protected":false},"featured_media":6369590,"template":"","meta":{"_acf_changed":false},"product_cat":[11992],"product_tag":[],"class_list":{"0":"post-64813","1":"product","2":"type-product","3":"status-publish","4":"has-post-thumbnail","6":"product_cat-cuisine","8":"first","9":"instock","10":"sale","11":"taxable","12":"shipping-taxable","13":"purchasable","14":"product-type-simple","swatches":"rey-swatches","show_selected":"","stretch_labels":"rey-swatches--stretch-labels"},"acf":[],"yoast_head":"<!-- This site is optimized with the Yoast SEO plugin v25.4 - https:\/\/yoast.com\/wordpress\/plugins\/seo\/ -->\n<title>BOSKA Set \u00e0 fondue \u00e9lectrique Pro 12 pi\u00e8ces - dev6 Erresse<\/title>\n<meta name=\"description\" content=\"Ce service \u00e0 fondue \u00e9l\u00e9gant et durable (220 V) est id\u00e9al pour tous les types de fondues (chocolat, fromage, bouillon ou bourguignonne). De plus, vous\" \/>\n<meta name=\"robots\" content=\"noindex, follow, max-snippet:-1, max-image-preview:large, max-video-preview:-1\" \/>\n<meta property=\"og:locale\" content=\"fr_FR\" \/>\n<meta property=\"og:type\" content=\"article\" \/>\n<meta property=\"og:title\" content=\"BOSKA Set \u00e0 fondue \u00e9lectrique Pro 12 pi\u00e8ces - dev6 Erresse\" \/>\n<meta property=\"og:description\" content=\"Ce service \u00e0 fondue \u00e9l\u00e9gant et durable (220 V) est id\u00e9al pour tous les types de fondues (chocolat, fromage, bouillon ou bourguignonne). De plus, vous\" \/>\n<meta property=\"og:url\" content=\"https:\/\/dev6.erresse-shop.it\/fr\/shop\/cuisine\/boska-set-a-fondue-electrique-pro-12-pieces\/\" \/>\n<meta property=\"og:site_name\" content=\"dev6 Erresse\" \/>\n<meta property=\"og:image\" content=\"https:\/\/interpim.erresse-shop.it\/Import\/Prodotti\/boska-set-fonduta-elettrico-pro-12-pezzi.jpg\" \/><meta property=\"og:image\" content=\"https:\/\/interpim.erresse-shop.it\/Import\/Prodotti\/boska-set-fonduta-elettrico-pro-12-pezzi.jpg\" \/>\n\t<meta property=\"og:image:width\" content=\"1024\" \/>\n\t<meta property=\"og:image:height\" content=\"1024\" \/>\n\t<meta property=\"og:image:type\" content=\"image\/jpeg\" \/>\n<meta name=\"twitter:card\" content=\"summary_large_image\" \/>\n<meta name=\"twitter:image\" content=\"https:\/\/interpim.erresse-shop.it\/Import\/Prodotti\/boska-set-fonduta-elettrico-pro-12-pezzi.jpg\" \/>\n<script type=\"application\/ld+json\" class=\"yoast-schema-graph\">{\"@context\":\"https:\/\/schema.org\",\"@graph\":[{\"@type\":\"WebPage\",\"@id\":\"https:\/\/dev6.erresse-shop.it\/fr\/shop\/cuisine\/boska-set-a-fondue-electrique-pro-12-pieces\/\",\"url\":\"https:\/\/dev6.erresse-shop.it\/fr\/shop\/cuisine\/boska-set-a-fondue-electrique-pro-12-pieces\/\",\"name\":\"BOSKA Set \u00e0 fondue \u00e9lectrique Pro 12 pi\u00e8ces - dev6 Erresse\",\"isPartOf\":{\"@id\":\"https:\/\/dev6.erresse-shop.it\/#website\"},\"primaryImageOfPage\":{\"@id\":\"https:\/\/dev6.erresse-shop.it\/fr\/shop\/cuisine\/boska-set-a-fondue-electrique-pro-12-pieces\/#primaryimage\"},\"image\":{\"@id\":\"https:\/\/dev6.erresse-shop.it\/fr\/shop\/cuisine\/boska-set-a-fondue-electrique-pro-12-pieces\/#primaryimage\"},\"thumbnailUrl\":\"https:\/\/i1.wp.com\/interpim.erresse-shop.it\/Import\/Prodotti\/boska-set-fonduta-elettrico-pro-12-pezzi.jpg?ssl=1\",\"datePublished\":\"2026-04-12T09:40:15+00:00\",\"description\":\"Ce service \u00e0 fondue \u00e9l\u00e9gant et durable (220 V) est id\u00e9al pour tous les types de fondues (chocolat, fromage, bouillon ou bourguignonne). De plus, vous\",\"breadcrumb\":{\"@id\":\"https:\/\/dev6.erresse-shop.it\/fr\/shop\/cuisine\/boska-set-a-fondue-electrique-pro-12-pieces\/#breadcrumb\"},\"inLanguage\":\"fr-FR\",\"potentialAction\":[{\"@type\":\"ReadAction\",\"target\":[\"https:\/\/dev6.erresse-shop.it\/fr\/shop\/cuisine\/boska-set-a-fondue-electrique-pro-12-pieces\/\"]}]},{\"@type\":\"ImageObject\",\"inLanguage\":\"fr-FR\",\"@id\":\"https:\/\/dev6.erresse-shop.it\/fr\/shop\/cuisine\/boska-set-a-fondue-electrique-pro-12-pieces\/#primaryimage\",\"url\":\"https:\/\/i1.wp.com\/interpim.erresse-shop.it\/Import\/Prodotti\/boska-set-fonduta-elettrico-pro-12-pezzi.jpg?ssl=1\",\"contentUrl\":\"https:\/\/i1.wp.com\/interpim.erresse-shop.it\/Import\/Prodotti\/boska-set-fonduta-elettrico-pro-12-pezzi.jpg?ssl=1\"},{\"@type\":\"BreadcrumbList\",\"@id\":\"https:\/\/dev6.erresse-shop.it\/fr\/shop\/cuisine\/boska-set-a-fondue-electrique-pro-12-pieces\/#breadcrumb\",\"itemListElement\":[{\"@type\":\"ListItem\",\"position\":1,\"name\":\"Home\",\"item\":\"https:\/\/dev6.erresse-shop.it\/\"},{\"@type\":\"ListItem\",\"position\":2,\"name\":\"Boutique\",\"item\":\"https:\/\/dev6.erresse-shop.it\/shop\/\"},{\"@type\":\"ListItem\",\"position\":3,\"name\":\"BOSKA Set \u00e0 fondue \u00e9lectrique Pro 12 pi\u00e8ces\"}]},{\"@type\":\"WebSite\",\"@id\":\"https:\/\/dev6.erresse-shop.it\/#website\",\"url\":\"https:\/\/dev6.erresse-shop.it\/\",\"name\":\"Erresse Shop\",\"description\":\"\",\"publisher\":{\"@id\":\"https:\/\/dev6.erresse-shop.it\/#organization\"},\"potentialAction\":[{\"@type\":\"SearchAction\",\"target\":{\"@type\":\"EntryPoint\",\"urlTemplate\":\"https:\/\/dev6.erresse-shop.it\/?s={search_term_string}\"},\"query-input\":{\"@type\":\"PropertyValueSpecification\",\"valueRequired\":true,\"valueName\":\"search_term_string\"}}],\"inLanguage\":\"fr-FR\"},{\"@type\":\"Organization\",\"@id\":\"https:\/\/dev6.erresse-shop.it\/#organization\",\"name\":\"Erresse Shop\",\"url\":\"https:\/\/dev6.erresse-shop.it\/\",\"logo\":{\"@type\":\"ImageObject\",\"inLanguage\":\"fr-FR\",\"@id\":\"https:\/\/dev6.erresse-shop.it\/#\/schema\/logo\/image\/\",\"url\":\"https:\/\/dev6.erresse-shop.it\/wp-content\/uploads\/2025\/01\/LOGO-ERRESSE-CLASSICO.svg\",\"contentUrl\":\"https:\/\/dev6.erresse-shop.it\/wp-content\/uploads\/2025\/01\/LOGO-ERRESSE-CLASSICO.svg\",\"caption\":\"Erresse Shop\"},\"image\":{\"@id\":\"https:\/\/dev6.erresse-shop.it\/#\/schema\/logo\/image\/\"}}]}<\/script>\n<!-- \/ Yoast SEO plugin. -->","yoast_head_json":{"title":"BOSKA Set \u00e0 fondue \u00e9lectrique Pro 12 pi\u00e8ces - dev6 Erresse","description":"Ce service \u00e0 fondue \u00e9l\u00e9gant et durable (220 V) est id\u00e9al pour tous les types de fondues (chocolat, fromage, bouillon ou bourguignonne). De plus, vous","robots":{"index":"noindex","follow":"follow","max-snippet":"max-snippet:-1","max-image-preview":"max-image-preview:large","max-video-preview":"max-video-preview:-1"},"og_locale":"fr_FR","og_type":"article","og_title":"BOSKA Set \u00e0 fondue \u00e9lectrique Pro 12 pi\u00e8ces - dev6 Erresse","og_description":"Ce service \u00e0 fondue \u00e9l\u00e9gant et durable (220 V) est id\u00e9al pour tous les types de fondues (chocolat, fromage, bouillon ou bourguignonne). De plus, vous","og_url":"https:\/\/dev6.erresse-shop.it\/fr\/shop\/cuisine\/boska-set-a-fondue-electrique-pro-12-pieces\/","og_site_name":"dev6 Erresse","og_image":[{"url":"https:\/\/interpim.erresse-shop.it\/Import\/Prodotti\/boska-set-fonduta-elettrico-pro-12-pezzi.jpg","type":"","width":"","height":""},{"url":"https:\/\/interpim.erresse-shop.it\/Import\/Prodotti\/boska-set-fonduta-elettrico-pro-12-pezzi.jpg","width":1024,"height":1024,"type":"image\/jpeg"}],"twitter_card":"summary_large_image","twitter_image":"https:\/\/interpim.erresse-shop.it\/Import\/Prodotti\/boska-set-fonduta-elettrico-pro-12-pezzi.jpg","schema":{"@context":"https:\/\/schema.org","@graph":[{"@type":"WebPage","@id":"https:\/\/dev6.erresse-shop.it\/fr\/shop\/cuisine\/boska-set-a-fondue-electrique-pro-12-pieces\/","url":"https:\/\/dev6.erresse-shop.it\/fr\/shop\/cuisine\/boska-set-a-fondue-electrique-pro-12-pieces\/","name":"BOSKA Set \u00e0 fondue \u00e9lectrique Pro 12 pi\u00e8ces - dev6 Erresse","isPartOf":{"@id":"https:\/\/dev6.erresse-shop.it\/#website"},"primaryImageOfPage":{"@id":"https:\/\/dev6.erresse-shop.it\/fr\/shop\/cuisine\/boska-set-a-fondue-electrique-pro-12-pieces\/#primaryimage"},"image":{"@id":"https:\/\/dev6.erresse-shop.it\/fr\/shop\/cuisine\/boska-set-a-fondue-electrique-pro-12-pieces\/#primaryimage"},"thumbnailUrl":"https:\/\/i1.wp.com\/interpim.erresse-shop.it\/Import\/Prodotti\/boska-set-fonduta-elettrico-pro-12-pezzi.jpg?ssl=1","datePublished":"2026-04-12T09:40:15+00:00","description":"Ce service \u00e0 fondue \u00e9l\u00e9gant et durable (220 V) est id\u00e9al pour tous les types de fondues (chocolat, fromage, bouillon ou bourguignonne). De plus, vous","breadcrumb":{"@id":"https:\/\/dev6.erresse-shop.it\/fr\/shop\/cuisine\/boska-set-a-fondue-electrique-pro-12-pieces\/#breadcrumb"},"inLanguage":"fr-FR","potentialAction":[{"@type":"ReadAction","target":["https:\/\/dev6.erresse-shop.it\/fr\/shop\/cuisine\/boska-set-a-fondue-electrique-pro-12-pieces\/"]}]},{"@type":"ImageObject","inLanguage":"fr-FR","@id":"https:\/\/dev6.erresse-shop.it\/fr\/shop\/cuisine\/boska-set-a-fondue-electrique-pro-12-pieces\/#primaryimage","url":"https:\/\/i1.wp.com\/interpim.erresse-shop.it\/Import\/Prodotti\/boska-set-fonduta-elettrico-pro-12-pezzi.jpg?ssl=1","contentUrl":"https:\/\/i1.wp.com\/interpim.erresse-shop.it\/Import\/Prodotti\/boska-set-fonduta-elettrico-pro-12-pezzi.jpg?ssl=1"},{"@type":"BreadcrumbList","@id":"https:\/\/dev6.erresse-shop.it\/fr\/shop\/cuisine\/boska-set-a-fondue-electrique-pro-12-pieces\/#breadcrumb","itemListElement":[{"@type":"ListItem","position":1,"name":"Home","item":"https:\/\/dev6.erresse-shop.it\/"},{"@type":"ListItem","position":2,"name":"Boutique","item":"https:\/\/dev6.erresse-shop.it\/shop\/"},{"@type":"ListItem","position":3,"name":"BOSKA Set \u00e0 fondue \u00e9lectrique Pro 12 pi\u00e8ces"}]},{"@type":"WebSite","@id":"https:\/\/dev6.erresse-shop.it\/#website","url":"https:\/\/dev6.erresse-shop.it\/","name":"Erresse Shop","description":"","publisher":{"@id":"https:\/\/dev6.erresse-shop.it\/#organization"},"potentialAction":[{"@type":"SearchAction","target":{"@type":"EntryPoint","urlTemplate":"https:\/\/dev6.erresse-shop.it\/?s={search_term_string}"},"query-input":{"@type":"PropertyValueSpecification","valueRequired":true,"valueName":"search_term_string"}}],"inLanguage":"fr-FR"},{"@type":"Organization","@id":"https:\/\/dev6.erresse-shop.it\/#organization","name":"Erresse Shop","url":"https:\/\/dev6.erresse-shop.it\/","logo":{"@type":"ImageObject","inLanguage":"fr-FR","@id":"https:\/\/dev6.erresse-shop.it\/#\/schema\/logo\/image\/","url":"https:\/\/dev6.erresse-shop.it\/wp-content\/uploads\/2025\/01\/LOGO-ERRESSE-CLASSICO.svg","contentUrl":"https:\/\/dev6.erresse-shop.it\/wp-content\/uploads\/2025\/01\/LOGO-ERRESSE-CLASSICO.svg","caption":"Erresse Shop"},"image":{"@id":"https:\/\/dev6.erresse-shop.it\/#\/schema\/logo\/image\/"}}]}},"df_price":179,"df_sale_price":179,"df_regular_price":219,"df_image_link":"https:\/\/i1.wp.com\/interpim.erresse-shop.it\/Import\/Prodotti\/boska-set-fonduta-elettrico-pro-12-pezzi.jpg?resize=300,300&ssl=1","fifu_image_url":"https:\/\/interpim.erresse-shop.it\/Import\/Prodotti\/boska-set-fonduta-elettrico-pro-12-pezzi.jpg","_links":{"self":[{"href":"https:\/\/dev6.erresse-shop.it\/fr\/wp-json\/wp\/v2\/product\/64813","targetHints":{"allow":["GET"]}}],"collection":[{"href":"https:\/\/dev6.erresse-shop.it\/fr\/wp-json\/wp\/v2\/product"}],"about":[{"href":"https:\/\/dev6.erresse-shop.it\/fr\/wp-json\/wp\/v2\/types\/product"}],"wp:featuredmedia":[{"embeddable":true,"href":"https:\/\/dev6.erresse-shop.it\/fr\/wp-json\/wp\/v2\/media\/6369590"}],"wp:attachment":[{"href":"https:\/\/dev6.erresse-shop.it\/fr\/wp-json\/wp\/v2\/media?parent=64813"}],"wp:term":[{"taxonomy":"product_cat","embeddable":true,"href":"https:\/\/dev6.erresse-shop.it\/fr\/wp-json\/wp\/v2\/product_cat?post=64813"},{"taxonomy":"product_tag","embeddable":true,"href":"https:\/\/dev6.erresse-shop.it\/fr\/wp-json\/wp\/v2\/product_tag?post=64813"}],"curies":[{"name":"wp","href":"https:\/\/api.w.org\/{rel}","templated":true}]}}