{"id":64787,"date":"2026-04-12T11:38:01","date_gmt":"2026-04-12T09:38:01","guid":{"rendered":"https:\/\/dev6.erresse-shop.it\/shop\/non%20class\u00e9\/joseph-joseph-space-casserole-antiadhesive-avec-couvercle-et-poignee-pliante-28-cm-bleu\/"},"modified":"2025-12-08T17:51:39","modified_gmt":"2025-12-08T16:51:39","slug":"joseph-joseph-space-casserole-antiadhesive-avec-couvercle-et-poignee-pliante-28-cm-bleu","status":"publish","type":"product","link":"https:\/\/dev6.erresse-shop.it\/fr\/shop\/poeles-pots\/casseroles\/joseph-joseph-space-casserole-antiadhesive-avec-couvercle-et-poignee-pliante-28-cm-bleu\/","title":{"rendered":"JOSEPH JOSEPH Space Casserole antiadh\u00e9sive avec couvercle et poign\u00e9e pliante 28 cm Bleu"},"content":{"rendered":"<p>Tous les ustensiles de cuisine ne sont pas identiques. Nous vous pr\u00e9sentons Space, notre gamme r\u00e9volutionnaire d\u2019ustensiles de cuisine de qualit\u00e9 professionnelle, finis en bleu nuit, une couleur haut de gamme.<\/p>\n<p>Poign\u00e9es repliables en acier inoxydable pour un gain de place.<br \/>\nCorps en aluminium \u00e9pais de qualit\u00e9 professionnelle, r\u00e9sistant au four jusqu\u2019\u00e0 232\u00baC\/450\u00baF.<br \/>\nRev\u00eatement c\u00e9ramique antiadh\u00e9sif non toxique, sans PTFE, PFAS, PFOA, plomb ni cadmium.<br \/>\nConvient \u00e0 toutes les plaques de cuisson, y compris l\u2019induction.<br \/>\nLivr\u00e9e avec un couvercle en verre tremp\u00e9 et une poign\u00e9e pliante en acier inoxydable.<br \/>\nCocotte basse de 28 cm avec couvercle, id\u00e9ale pour les repas en une seule fois, la cuisson lente et le braisage.<\/p>\n<p>Entretien et utilisation :<\/p>\n<p>La casserole peut \u00eatre lav\u00e9e au lave-vaisselle, mais il est recommand\u00e9 de la laver \u00e0 la main pour prolonger sa dur\u00e9e de vie.<br \/>\nLa casserole peut \u00eatre mise au four jusqu\u2019\u00e0 232\u02daC (450\u02daF), thermostat 8.<br \/>\nLe couvercle peut \u00eatre mis au four jusqu\u2019\u00e0 200\u02daC (392\u02daF), niveau de gaz 6.<\/p>\n<p>Dimensions :<\/p>\n<p>Enti\u00e8rement d\u00e9pli\u00e9e (avec couvercle) : H14.8 x W41.1 x D29 cm (H5.79 x W16.2 x D11.4 inches)<\/p>\n<p>Enti\u00e8rement pli\u00e9 (sans couvercle) : H10.7 x L31.6 x P29 cm (H4.2 x L12.4 x P11.4 pouces)<\/p>\n","protected":false},"excerpt":{"rendered":"<p>Tous les ustensiles de cuisine ne sont pas identiques. Nous vous pr\u00e9sentons Space, notre gamme r\u00e9volutionnaire d\u2019ustensiles de cuisine de qualit\u00e9 professionnelle, finis en bleu nuit, une couleur haut de gamme. Poign\u00e9es repliables en acier inoxydable pour un gain de place. Corps en aluminium \u00e9pais de qualit\u00e9 professionnelle, r\u00e9sistant au four jusqu\u2019\u00e0 232\u00baC\/450\u00baF. Rev\u00eatement c\u00e9ramique [&hellip;]<\/p>\n","protected":false},"featured_media":6369551,"template":"","meta":{"_acf_changed":false},"product_cat":[12001,11668,11992],"product_tag":[],"class_list":{"0":"post-64787","1":"product","2":"type-product","3":"status-publish","4":"has-post-thumbnail","6":"product_cat-casseroles","7":"product_cat-cucina","8":"product_cat-cuisine","10":"first","11":"instock","12":"sale","13":"taxable","14":"shipping-taxable","15":"purchasable","16":"product-type-simple","swatches":"rey-swatches","show_selected":"","stretch_labels":"rey-swatches--stretch-labels"},"acf":[],"yoast_head":"<!-- This site is optimized with the Yoast SEO plugin v25.4 - https:\/\/yoast.com\/wordpress\/plugins\/seo\/ -->\n<title>JOSEPH JOSEPH Space Casserole antiadh\u00e9sive avec couvercle et poign\u00e9e pliante 28 cm Bleu - dev6 Erresse<\/title>\n<meta name=\"description\" content=\"Tous les ustensiles de cuisine ne sont pas identiques. Nous vous pr\u00e9sentons Space, notre gamme r\u00e9volutionnaire d\u2019ustensiles de cuisine de qualit\u00e9\" \/>\n<meta name=\"robots\" content=\"noindex, follow, max-snippet:-1, max-image-preview:large, max-video-preview:-1\" \/>\n<meta property=\"og:locale\" content=\"fr_FR\" \/>\n<meta property=\"og:type\" content=\"article\" \/>\n<meta property=\"og:title\" content=\"JOSEPH JOSEPH Space Casserole antiadh\u00e9sive avec couvercle et poign\u00e9e pliante 28 cm Bleu - dev6 Erresse\" \/>\n<meta property=\"og:description\" content=\"Tous les ustensiles de cuisine ne sont pas identiques. Nous vous pr\u00e9sentons Space, notre gamme r\u00e9volutionnaire d\u2019ustensiles de cuisine de qualit\u00e9\" \/>\n<meta property=\"og:url\" content=\"https:\/\/dev6.erresse-shop.it\/fr\/shop\/poeles-pots\/casseroles\/joseph-joseph-space-casserole-antiadhesive-avec-couvercle-et-poignee-pliante-28-cm-bleu\/\" \/>\n<meta property=\"og:site_name\" content=\"dev6 Erresse\" \/>\n<meta property=\"og:image\" content=\"https:\/\/interpim.erresse-shop.it\/Import\/Prodotti\/joseph-joseph-space-casseruola-antiaderente-e-coperchio-con-manico-pieghevole-28-cm-blu.png\" \/><meta property=\"og:image\" content=\"https:\/\/interpim.erresse-shop.it\/Import\/Prodotti\/joseph-joseph-space-casseruola-antiaderente-e-coperchio-con-manico-pieghevole-28-cm-blu.png\" \/>\n\t<meta property=\"og:image:width\" content=\"1024\" \/>\n\t<meta property=\"og:image:height\" content=\"1024\" \/>\n\t<meta property=\"og:image:type\" content=\"image\/jpeg\" \/>\n<meta name=\"twitter:card\" content=\"summary_large_image\" \/>\n<meta name=\"twitter:image\" content=\"https:\/\/interpim.erresse-shop.it\/Import\/Prodotti\/joseph-joseph-space-casseruola-antiaderente-e-coperchio-con-manico-pieghevole-28-cm-blu.png\" \/>\n<script type=\"application\/ld+json\" class=\"yoast-schema-graph\">{\"@context\":\"https:\/\/schema.org\",\"@graph\":[{\"@type\":\"WebPage\",\"@id\":\"https:\/\/dev6.erresse-shop.it\/fr\/shop\/poeles-pots\/casseroles\/joseph-joseph-space-casserole-antiadhesive-avec-couvercle-et-poignee-pliante-28-cm-bleu\/\",\"url\":\"https:\/\/dev6.erresse-shop.it\/fr\/shop\/poeles-pots\/casseroles\/joseph-joseph-space-casserole-antiadhesive-avec-couvercle-et-poignee-pliante-28-cm-bleu\/\",\"name\":\"JOSEPH JOSEPH Space Casserole antiadh\u00e9sive avec couvercle et poign\u00e9e pliante 28 cm Bleu - dev6 Erresse\",\"isPartOf\":{\"@id\":\"https:\/\/dev6.erresse-shop.it\/#website\"},\"primaryImageOfPage\":{\"@id\":\"https:\/\/dev6.erresse-shop.it\/fr\/shop\/poeles-pots\/casseroles\/joseph-joseph-space-casserole-antiadhesive-avec-couvercle-et-poignee-pliante-28-cm-bleu\/#primaryimage\"},\"image\":{\"@id\":\"https:\/\/dev6.erresse-shop.it\/fr\/shop\/poeles-pots\/casseroles\/joseph-joseph-space-casserole-antiadhesive-avec-couvercle-et-poignee-pliante-28-cm-bleu\/#primaryimage\"},\"thumbnailUrl\":\"https:\/\/i2.wp.com\/interpim.erresse-shop.it\/Import\/Prodotti\/joseph-joseph-space-casseruola-antiaderente-e-coperchio-con-manico-pieghevole-28-cm-blu.png?ssl=1\",\"datePublished\":\"2026-04-12T09:38:01+00:00\",\"description\":\"Tous les ustensiles de cuisine ne sont pas identiques. Nous vous pr\u00e9sentons Space, notre gamme r\u00e9volutionnaire d\u2019ustensiles de cuisine de qualit\u00e9\",\"breadcrumb\":{\"@id\":\"https:\/\/dev6.erresse-shop.it\/fr\/shop\/poeles-pots\/casseroles\/joseph-joseph-space-casserole-antiadhesive-avec-couvercle-et-poignee-pliante-28-cm-bleu\/#breadcrumb\"},\"inLanguage\":\"fr-FR\",\"potentialAction\":[{\"@type\":\"ReadAction\",\"target\":[\"https:\/\/dev6.erresse-shop.it\/fr\/shop\/poeles-pots\/casseroles\/joseph-joseph-space-casserole-antiadhesive-avec-couvercle-et-poignee-pliante-28-cm-bleu\/\"]}]},{\"@type\":\"ImageObject\",\"inLanguage\":\"fr-FR\",\"@id\":\"https:\/\/dev6.erresse-shop.it\/fr\/shop\/poeles-pots\/casseroles\/joseph-joseph-space-casserole-antiadhesive-avec-couvercle-et-poignee-pliante-28-cm-bleu\/#primaryimage\",\"url\":\"https:\/\/i2.wp.com\/interpim.erresse-shop.it\/Import\/Prodotti\/joseph-joseph-space-casseruola-antiaderente-e-coperchio-con-manico-pieghevole-28-cm-blu.png?ssl=1\",\"contentUrl\":\"https:\/\/i2.wp.com\/interpim.erresse-shop.it\/Import\/Prodotti\/joseph-joseph-space-casseruola-antiaderente-e-coperchio-con-manico-pieghevole-28-cm-blu.png?ssl=1\"},{\"@type\":\"BreadcrumbList\",\"@id\":\"https:\/\/dev6.erresse-shop.it\/fr\/shop\/poeles-pots\/casseroles\/joseph-joseph-space-casserole-antiadhesive-avec-couvercle-et-poignee-pliante-28-cm-bleu\/#breadcrumb\",\"itemListElement\":[{\"@type\":\"ListItem\",\"position\":1,\"name\":\"Home\",\"item\":\"https:\/\/dev6.erresse-shop.it\/\"},{\"@type\":\"ListItem\",\"position\":2,\"name\":\"Boutique\",\"item\":\"https:\/\/dev6.erresse-shop.it\/shop\/\"},{\"@type\":\"ListItem\",\"position\":3,\"name\":\"JOSEPH JOSEPH Space Casserole antiadh\u00e9sive avec couvercle et poign\u00e9e pliante 28 cm Bleu\"}]},{\"@type\":\"WebSite\",\"@id\":\"https:\/\/dev6.erresse-shop.it\/#website\",\"url\":\"https:\/\/dev6.erresse-shop.it\/\",\"name\":\"Erresse Shop\",\"description\":\"\",\"publisher\":{\"@id\":\"https:\/\/dev6.erresse-shop.it\/#organization\"},\"potentialAction\":[{\"@type\":\"SearchAction\",\"target\":{\"@type\":\"EntryPoint\",\"urlTemplate\":\"https:\/\/dev6.erresse-shop.it\/?s={search_term_string}\"},\"query-input\":{\"@type\":\"PropertyValueSpecification\",\"valueRequired\":true,\"valueName\":\"search_term_string\"}}],\"inLanguage\":\"fr-FR\"},{\"@type\":\"Organization\",\"@id\":\"https:\/\/dev6.erresse-shop.it\/#organization\",\"name\":\"Erresse Shop\",\"url\":\"https:\/\/dev6.erresse-shop.it\/\",\"logo\":{\"@type\":\"ImageObject\",\"inLanguage\":\"fr-FR\",\"@id\":\"https:\/\/dev6.erresse-shop.it\/#\/schema\/logo\/image\/\",\"url\":\"https:\/\/dev6.erresse-shop.it\/wp-content\/uploads\/2025\/01\/LOGO-ERRESSE-CLASSICO.svg\",\"contentUrl\":\"https:\/\/dev6.erresse-shop.it\/wp-content\/uploads\/2025\/01\/LOGO-ERRESSE-CLASSICO.svg\",\"caption\":\"Erresse Shop\"},\"image\":{\"@id\":\"https:\/\/dev6.erresse-shop.it\/#\/schema\/logo\/image\/\"}}]}<\/script>\n<!-- \/ Yoast SEO plugin. -->","yoast_head_json":{"title":"JOSEPH JOSEPH Space Casserole antiadh\u00e9sive avec couvercle et poign\u00e9e pliante 28 cm Bleu - dev6 Erresse","description":"Tous les ustensiles de cuisine ne sont pas identiques. Nous vous pr\u00e9sentons Space, notre gamme r\u00e9volutionnaire d\u2019ustensiles de cuisine de qualit\u00e9","robots":{"index":"noindex","follow":"follow","max-snippet":"max-snippet:-1","max-image-preview":"max-image-preview:large","max-video-preview":"max-video-preview:-1"},"og_locale":"fr_FR","og_type":"article","og_title":"JOSEPH JOSEPH Space Casserole antiadh\u00e9sive avec couvercle et poign\u00e9e pliante 28 cm Bleu - dev6 Erresse","og_description":"Tous les ustensiles de cuisine ne sont pas identiques. Nous vous pr\u00e9sentons Space, notre gamme r\u00e9volutionnaire d\u2019ustensiles de cuisine de qualit\u00e9","og_url":"https:\/\/dev6.erresse-shop.it\/fr\/shop\/poeles-pots\/casseroles\/joseph-joseph-space-casserole-antiadhesive-avec-couvercle-et-poignee-pliante-28-cm-bleu\/","og_site_name":"dev6 Erresse","og_image":[{"url":"https:\/\/interpim.erresse-shop.it\/Import\/Prodotti\/joseph-joseph-space-casseruola-antiaderente-e-coperchio-con-manico-pieghevole-28-cm-blu.png","type":"","width":"","height":""},{"url":"https:\/\/interpim.erresse-shop.it\/Import\/Prodotti\/joseph-joseph-space-casseruola-antiaderente-e-coperchio-con-manico-pieghevole-28-cm-blu.png","width":1024,"height":1024,"type":"image\/jpeg"}],"twitter_card":"summary_large_image","twitter_image":"https:\/\/interpim.erresse-shop.it\/Import\/Prodotti\/joseph-joseph-space-casseruola-antiaderente-e-coperchio-con-manico-pieghevole-28-cm-blu.png","schema":{"@context":"https:\/\/schema.org","@graph":[{"@type":"WebPage","@id":"https:\/\/dev6.erresse-shop.it\/fr\/shop\/poeles-pots\/casseroles\/joseph-joseph-space-casserole-antiadhesive-avec-couvercle-et-poignee-pliante-28-cm-bleu\/","url":"https:\/\/dev6.erresse-shop.it\/fr\/shop\/poeles-pots\/casseroles\/joseph-joseph-space-casserole-antiadhesive-avec-couvercle-et-poignee-pliante-28-cm-bleu\/","name":"JOSEPH JOSEPH Space Casserole antiadh\u00e9sive avec couvercle et poign\u00e9e pliante 28 cm Bleu - dev6 Erresse","isPartOf":{"@id":"https:\/\/dev6.erresse-shop.it\/#website"},"primaryImageOfPage":{"@id":"https:\/\/dev6.erresse-shop.it\/fr\/shop\/poeles-pots\/casseroles\/joseph-joseph-space-casserole-antiadhesive-avec-couvercle-et-poignee-pliante-28-cm-bleu\/#primaryimage"},"image":{"@id":"https:\/\/dev6.erresse-shop.it\/fr\/shop\/poeles-pots\/casseroles\/joseph-joseph-space-casserole-antiadhesive-avec-couvercle-et-poignee-pliante-28-cm-bleu\/#primaryimage"},"thumbnailUrl":"https:\/\/i2.wp.com\/interpim.erresse-shop.it\/Import\/Prodotti\/joseph-joseph-space-casseruola-antiaderente-e-coperchio-con-manico-pieghevole-28-cm-blu.png?ssl=1","datePublished":"2026-04-12T09:38:01+00:00","description":"Tous les ustensiles de cuisine ne sont pas identiques. Nous vous pr\u00e9sentons Space, notre gamme r\u00e9volutionnaire d\u2019ustensiles de cuisine de qualit\u00e9","breadcrumb":{"@id":"https:\/\/dev6.erresse-shop.it\/fr\/shop\/poeles-pots\/casseroles\/joseph-joseph-space-casserole-antiadhesive-avec-couvercle-et-poignee-pliante-28-cm-bleu\/#breadcrumb"},"inLanguage":"fr-FR","potentialAction":[{"@type":"ReadAction","target":["https:\/\/dev6.erresse-shop.it\/fr\/shop\/poeles-pots\/casseroles\/joseph-joseph-space-casserole-antiadhesive-avec-couvercle-et-poignee-pliante-28-cm-bleu\/"]}]},{"@type":"ImageObject","inLanguage":"fr-FR","@id":"https:\/\/dev6.erresse-shop.it\/fr\/shop\/poeles-pots\/casseroles\/joseph-joseph-space-casserole-antiadhesive-avec-couvercle-et-poignee-pliante-28-cm-bleu\/#primaryimage","url":"https:\/\/i2.wp.com\/interpim.erresse-shop.it\/Import\/Prodotti\/joseph-joseph-space-casseruola-antiaderente-e-coperchio-con-manico-pieghevole-28-cm-blu.png?ssl=1","contentUrl":"https:\/\/i2.wp.com\/interpim.erresse-shop.it\/Import\/Prodotti\/joseph-joseph-space-casseruola-antiaderente-e-coperchio-con-manico-pieghevole-28-cm-blu.png?ssl=1"},{"@type":"BreadcrumbList","@id":"https:\/\/dev6.erresse-shop.it\/fr\/shop\/poeles-pots\/casseroles\/joseph-joseph-space-casserole-antiadhesive-avec-couvercle-et-poignee-pliante-28-cm-bleu\/#breadcrumb","itemListElement":[{"@type":"ListItem","position":1,"name":"Home","item":"https:\/\/dev6.erresse-shop.it\/"},{"@type":"ListItem","position":2,"name":"Boutique","item":"https:\/\/dev6.erresse-shop.it\/shop\/"},{"@type":"ListItem","position":3,"name":"JOSEPH JOSEPH Space Casserole antiadh\u00e9sive avec couvercle et poign\u00e9e pliante 28 cm Bleu"}]},{"@type":"WebSite","@id":"https:\/\/dev6.erresse-shop.it\/#website","url":"https:\/\/dev6.erresse-shop.it\/","name":"Erresse Shop","description":"","publisher":{"@id":"https:\/\/dev6.erresse-shop.it\/#organization"},"potentialAction":[{"@type":"SearchAction","target":{"@type":"EntryPoint","urlTemplate":"https:\/\/dev6.erresse-shop.it\/?s={search_term_string}"},"query-input":{"@type":"PropertyValueSpecification","valueRequired":true,"valueName":"search_term_string"}}],"inLanguage":"fr-FR"},{"@type":"Organization","@id":"https:\/\/dev6.erresse-shop.it\/#organization","name":"Erresse Shop","url":"https:\/\/dev6.erresse-shop.it\/","logo":{"@type":"ImageObject","inLanguage":"fr-FR","@id":"https:\/\/dev6.erresse-shop.it\/#\/schema\/logo\/image\/","url":"https:\/\/dev6.erresse-shop.it\/wp-content\/uploads\/2025\/01\/LOGO-ERRESSE-CLASSICO.svg","contentUrl":"https:\/\/dev6.erresse-shop.it\/wp-content\/uploads\/2025\/01\/LOGO-ERRESSE-CLASSICO.svg","caption":"Erresse Shop"},"image":{"@id":"https:\/\/dev6.erresse-shop.it\/#\/schema\/logo\/image\/"}}]}},"df_price":114,"df_sale_price":114,"df_regular_price":154.99,"df_image_link":"https:\/\/i2.wp.com\/interpim.erresse-shop.it\/Import\/Prodotti\/joseph-joseph-space-casseruola-antiaderente-e-coperchio-con-manico-pieghevole-28-cm-blu.png?resize=300,300&ssl=1","fifu_image_url":"https:\/\/interpim.erresse-shop.it\/Import\/Prodotti\/joseph-joseph-space-casseruola-antiaderente-e-coperchio-con-manico-pieghevole-28-cm-blu.png","_links":{"self":[{"href":"https:\/\/dev6.erresse-shop.it\/fr\/wp-json\/wp\/v2\/product\/64787","targetHints":{"allow":["GET"]}}],"collection":[{"href":"https:\/\/dev6.erresse-shop.it\/fr\/wp-json\/wp\/v2\/product"}],"about":[{"href":"https:\/\/dev6.erresse-shop.it\/fr\/wp-json\/wp\/v2\/types\/product"}],"wp:featuredmedia":[{"embeddable":true,"href":"https:\/\/dev6.erresse-shop.it\/fr\/wp-json\/wp\/v2\/media\/6369551"}],"wp:attachment":[{"href":"https:\/\/dev6.erresse-shop.it\/fr\/wp-json\/wp\/v2\/media?parent=64787"}],"wp:term":[{"taxonomy":"product_cat","embeddable":true,"href":"https:\/\/dev6.erresse-shop.it\/fr\/wp-json\/wp\/v2\/product_cat?post=64787"},{"taxonomy":"product_tag","embeddable":true,"href":"https:\/\/dev6.erresse-shop.it\/fr\/wp-json\/wp\/v2\/product_tag?post=64787"}],"curies":[{"name":"wp","href":"https:\/\/api.w.org\/{rel}","templated":true}]}}