{"id":64779,"date":"2026-04-04T11:35:21","date_gmt":"2026-04-04T09:35:21","guid":{"rendered":"https:\/\/dev6.erresse-shop.it\/shop\/non%20class\u00e9\/joseph-joseph-space-poele-a-frire-antiadhesive-avec-poignee-pliante-20-cm-bleu\/"},"modified":"2025-12-08T17:51:32","modified_gmt":"2025-12-08T16:51:32","slug":"joseph-joseph-space-poele-a-frire-antiadhesive-avec-poignee-pliante-20-cm-bleu","status":"publish","type":"product","link":"https:\/\/dev6.erresse-shop.it\/fr\/shop\/poeles-pots\/poeles\/joseph-joseph-space-poele-a-frire-antiadhesive-avec-poignee-pliante-20-cm-bleu\/","title":{"rendered":"JOSEPH JOSEPH Space Po\u00eale \u00e0 frire antiadh\u00e9sive avec poign\u00e9e pliante 20 cm Bleu"},"content":{"rendered":"<p>Toutes les casseroles ne sont pas les m\u00eames. Voici Space, notre gamme r\u00e9volutionnaire d\u2019ustensiles de cuisine de qualit\u00e9 professionnelle, finie dans la couleur premium Midnight Blue.<\/p>\n<p>Les poign\u00e9es pliantes en acier inoxydable sont dot\u00e9es de la technologie SwingLock\u2122, test\u00e9e pendant 20 ans.<br \/>\nElle permet d\u2019\u00e9conomiser jusqu\u2019\u00e0 50 % d\u2019espace suppl\u00e9mentaire par rapport aux casseroles standard.<br \/>\nCorps en aluminium \u00e9pais de qualit\u00e9 professionnelle, r\u00e9sistant au four jusqu\u2019\u00e0 232\u00baC\/450\u00baF.<br \/>\nRev\u00eatement c\u00e9ramique antiadh\u00e9sif non toxique, sans PTFE, PFAS, PFOA, plomb ni cadmium.<br \/>\nConvient \u00e0 toutes les plaques de cuisson, y compris l\u2019induction.<br \/>\nPo\u00eale de 20 cm id\u00e9ale pour frire, saisir et sauter.<\/p>\n<p>Entretien et utilisation :<\/p>\n<p>Peut \u00eatre lav\u00e9e au lave-vaisselle, mais il est recommand\u00e9 de la laver \u00e0 la main pour prolonger sa dur\u00e9e de vie.<br \/>\nConvient pour le four jusqu\u2019\u00e0 232\u02daC (450\u02daF), Gas Mark 8.<\/p>\n<p>Dimensions :<\/p>\n<p>Enti\u00e8rement d\u00e9pli\u00e9e : H8,63 x L39 x P20,8 cm (H3,4 x L15,4 x P8,19 pouces).<\/p>\n<p>Enti\u00e8rement pli\u00e9 : H5.9 x W23.1 x D20.8 cm (H2.3 x L9.1 x D8.19 pouces)<\/p>\n","protected":false},"excerpt":{"rendered":"<p>Toutes les casseroles ne sont pas les m\u00eames. Voici Space, notre gamme r\u00e9volutionnaire d\u2019ustensiles de cuisine de qualit\u00e9 professionnelle, finie dans la couleur premium Midnight Blue. Les poign\u00e9es pliantes en acier inoxydable sont dot\u00e9es de la technologie SwingLock\u2122, test\u00e9e pendant 20 ans. Elle permet d\u2019\u00e9conomiser jusqu\u2019\u00e0 50 % d\u2019espace suppl\u00e9mentaire par rapport aux casseroles standard. [&hellip;]<\/p>\n","protected":false},"featured_media":6286259,"template":"","meta":{"_acf_changed":false},"product_cat":[11668,11992,12011],"product_tag":[],"class_list":{"0":"post-64779","1":"product","2":"type-product","3":"status-publish","4":"has-post-thumbnail","6":"product_cat-cucina","7":"product_cat-cuisine","8":"product_cat-poeles","10":"first","11":"instock","12":"sale","13":"taxable","14":"shipping-taxable","15":"purchasable","16":"product-type-simple","swatches":"rey-swatches","show_selected":"","stretch_labels":"rey-swatches--stretch-labels"},"acf":[],"yoast_head":"<!-- This site is optimized with the Yoast SEO plugin v25.4 - https:\/\/yoast.com\/wordpress\/plugins\/seo\/ -->\n<title>JOSEPH JOSEPH Space Po\u00eale \u00e0 frire antiadh\u00e9sive avec poign\u00e9e pliante 20 cm Bleu - dev6 Erresse<\/title>\n<meta name=\"description\" content=\"Toutes les casseroles ne sont pas les m\u00eames. Voici Space, notre gamme r\u00e9volutionnaire d\u2019ustensiles de cuisine de qualit\u00e9 professionnelle, finie dans la\" \/>\n<meta name=\"robots\" content=\"noindex, follow, max-snippet:-1, max-image-preview:large, max-video-preview:-1\" \/>\n<meta property=\"og:locale\" content=\"fr_FR\" \/>\n<meta property=\"og:type\" content=\"article\" \/>\n<meta property=\"og:title\" content=\"JOSEPH JOSEPH Space Po\u00eale \u00e0 frire antiadh\u00e9sive avec poign\u00e9e pliante 20 cm Bleu - dev6 Erresse\" \/>\n<meta property=\"og:description\" content=\"Toutes les casseroles ne sont pas les m\u00eames. Voici Space, notre gamme r\u00e9volutionnaire d\u2019ustensiles de cuisine de qualit\u00e9 professionnelle, finie dans la\" \/>\n<meta property=\"og:url\" content=\"https:\/\/dev6.erresse-shop.it\/fr\/shop\/poeles-pots\/poeles\/joseph-joseph-space-poele-a-frire-antiadhesive-avec-poignee-pliante-20-cm-bleu\/\" \/>\n<meta property=\"og:site_name\" content=\"dev6 Erresse\" \/>\n<meta property=\"og:image\" content=\"https:\/\/interpim.erresse-shop.it\/Import\/Prodotti\/joseph-joseph-space-padella-antiaderente-con-manico-pieghevole-20-cm-blu.png\" \/><meta property=\"og:image\" content=\"https:\/\/interpim.erresse-shop.it\/Import\/Prodotti\/joseph-joseph-space-padella-antiaderente-con-manico-pieghevole-20-cm-blu.png\" \/>\n\t<meta property=\"og:image:width\" content=\"1024\" \/>\n\t<meta property=\"og:image:height\" content=\"1024\" \/>\n\t<meta property=\"og:image:type\" content=\"image\/jpeg\" \/>\n<meta name=\"twitter:card\" content=\"summary_large_image\" \/>\n<meta name=\"twitter:image\" content=\"https:\/\/interpim.erresse-shop.it\/Import\/Prodotti\/joseph-joseph-space-padella-antiaderente-con-manico-pieghevole-20-cm-blu.png\" \/>\n<script type=\"application\/ld+json\" class=\"yoast-schema-graph\">{\"@context\":\"https:\/\/schema.org\",\"@graph\":[{\"@type\":\"WebPage\",\"@id\":\"https:\/\/dev6.erresse-shop.it\/fr\/shop\/poeles-pots\/poeles\/joseph-joseph-space-poele-a-frire-antiadhesive-avec-poignee-pliante-20-cm-bleu\/\",\"url\":\"https:\/\/dev6.erresse-shop.it\/fr\/shop\/poeles-pots\/poeles\/joseph-joseph-space-poele-a-frire-antiadhesive-avec-poignee-pliante-20-cm-bleu\/\",\"name\":\"JOSEPH JOSEPH Space Po\u00eale \u00e0 frire antiadh\u00e9sive avec poign\u00e9e pliante 20 cm Bleu - dev6 Erresse\",\"isPartOf\":{\"@id\":\"https:\/\/dev6.erresse-shop.it\/#website\"},\"primaryImageOfPage\":{\"@id\":\"https:\/\/dev6.erresse-shop.it\/fr\/shop\/poeles-pots\/poeles\/joseph-joseph-space-poele-a-frire-antiadhesive-avec-poignee-pliante-20-cm-bleu\/#primaryimage\"},\"image\":{\"@id\":\"https:\/\/dev6.erresse-shop.it\/fr\/shop\/poeles-pots\/poeles\/joseph-joseph-space-poele-a-frire-antiadhesive-avec-poignee-pliante-20-cm-bleu\/#primaryimage\"},\"thumbnailUrl\":\"https:\/\/i1.wp.com\/interpim.erresse-shop.it\/Import\/Prodotti\/joseph-joseph-space-padella-antiaderente-con-manico-pieghevole-20-cm-blu.png?ssl=1\",\"datePublished\":\"2026-04-04T09:35:21+00:00\",\"description\":\"Toutes les casseroles ne sont pas les m\u00eames. Voici Space, notre gamme r\u00e9volutionnaire d\u2019ustensiles de cuisine de qualit\u00e9 professionnelle, finie dans la\",\"breadcrumb\":{\"@id\":\"https:\/\/dev6.erresse-shop.it\/fr\/shop\/poeles-pots\/poeles\/joseph-joseph-space-poele-a-frire-antiadhesive-avec-poignee-pliante-20-cm-bleu\/#breadcrumb\"},\"inLanguage\":\"fr-FR\",\"potentialAction\":[{\"@type\":\"ReadAction\",\"target\":[\"https:\/\/dev6.erresse-shop.it\/fr\/shop\/poeles-pots\/poeles\/joseph-joseph-space-poele-a-frire-antiadhesive-avec-poignee-pliante-20-cm-bleu\/\"]}]},{\"@type\":\"ImageObject\",\"inLanguage\":\"fr-FR\",\"@id\":\"https:\/\/dev6.erresse-shop.it\/fr\/shop\/poeles-pots\/poeles\/joseph-joseph-space-poele-a-frire-antiadhesive-avec-poignee-pliante-20-cm-bleu\/#primaryimage\",\"url\":\"https:\/\/i1.wp.com\/interpim.erresse-shop.it\/Import\/Prodotti\/joseph-joseph-space-padella-antiaderente-con-manico-pieghevole-20-cm-blu.png?ssl=1\",\"contentUrl\":\"https:\/\/i1.wp.com\/interpim.erresse-shop.it\/Import\/Prodotti\/joseph-joseph-space-padella-antiaderente-con-manico-pieghevole-20-cm-blu.png?ssl=1\"},{\"@type\":\"BreadcrumbList\",\"@id\":\"https:\/\/dev6.erresse-shop.it\/fr\/shop\/poeles-pots\/poeles\/joseph-joseph-space-poele-a-frire-antiadhesive-avec-poignee-pliante-20-cm-bleu\/#breadcrumb\",\"itemListElement\":[{\"@type\":\"ListItem\",\"position\":1,\"name\":\"Home\",\"item\":\"https:\/\/dev6.erresse-shop.it\/\"},{\"@type\":\"ListItem\",\"position\":2,\"name\":\"Boutique\",\"item\":\"https:\/\/dev6.erresse-shop.it\/shop\/\"},{\"@type\":\"ListItem\",\"position\":3,\"name\":\"JOSEPH JOSEPH Space Po\u00eale \u00e0 frire antiadh\u00e9sive avec poign\u00e9e pliante 20 cm Bleu\"}]},{\"@type\":\"WebSite\",\"@id\":\"https:\/\/dev6.erresse-shop.it\/#website\",\"url\":\"https:\/\/dev6.erresse-shop.it\/\",\"name\":\"Erresse Shop\",\"description\":\"\",\"publisher\":{\"@id\":\"https:\/\/dev6.erresse-shop.it\/#organization\"},\"potentialAction\":[{\"@type\":\"SearchAction\",\"target\":{\"@type\":\"EntryPoint\",\"urlTemplate\":\"https:\/\/dev6.erresse-shop.it\/?s={search_term_string}\"},\"query-input\":{\"@type\":\"PropertyValueSpecification\",\"valueRequired\":true,\"valueName\":\"search_term_string\"}}],\"inLanguage\":\"fr-FR\"},{\"@type\":\"Organization\",\"@id\":\"https:\/\/dev6.erresse-shop.it\/#organization\",\"name\":\"Erresse Shop\",\"url\":\"https:\/\/dev6.erresse-shop.it\/\",\"logo\":{\"@type\":\"ImageObject\",\"inLanguage\":\"fr-FR\",\"@id\":\"https:\/\/dev6.erresse-shop.it\/#\/schema\/logo\/image\/\",\"url\":\"https:\/\/dev6.erresse-shop.it\/wp-content\/uploads\/2025\/01\/LOGO-ERRESSE-CLASSICO.svg\",\"contentUrl\":\"https:\/\/dev6.erresse-shop.it\/wp-content\/uploads\/2025\/01\/LOGO-ERRESSE-CLASSICO.svg\",\"caption\":\"Erresse Shop\"},\"image\":{\"@id\":\"https:\/\/dev6.erresse-shop.it\/#\/schema\/logo\/image\/\"}}]}<\/script>\n<!-- \/ Yoast SEO plugin. -->","yoast_head_json":{"title":"JOSEPH JOSEPH Space Po\u00eale \u00e0 frire antiadh\u00e9sive avec poign\u00e9e pliante 20 cm Bleu - dev6 Erresse","description":"Toutes les casseroles ne sont pas les m\u00eames. Voici Space, notre gamme r\u00e9volutionnaire d\u2019ustensiles de cuisine de qualit\u00e9 professionnelle, finie dans la","robots":{"index":"noindex","follow":"follow","max-snippet":"max-snippet:-1","max-image-preview":"max-image-preview:large","max-video-preview":"max-video-preview:-1"},"og_locale":"fr_FR","og_type":"article","og_title":"JOSEPH JOSEPH Space Po\u00eale \u00e0 frire antiadh\u00e9sive avec poign\u00e9e pliante 20 cm Bleu - dev6 Erresse","og_description":"Toutes les casseroles ne sont pas les m\u00eames. Voici Space, notre gamme r\u00e9volutionnaire d\u2019ustensiles de cuisine de qualit\u00e9 professionnelle, finie dans la","og_url":"https:\/\/dev6.erresse-shop.it\/fr\/shop\/poeles-pots\/poeles\/joseph-joseph-space-poele-a-frire-antiadhesive-avec-poignee-pliante-20-cm-bleu\/","og_site_name":"dev6 Erresse","og_image":[{"url":"https:\/\/interpim.erresse-shop.it\/Import\/Prodotti\/joseph-joseph-space-padella-antiaderente-con-manico-pieghevole-20-cm-blu.png","type":"","width":"","height":""},{"url":"https:\/\/interpim.erresse-shop.it\/Import\/Prodotti\/joseph-joseph-space-padella-antiaderente-con-manico-pieghevole-20-cm-blu.png","width":1024,"height":1024,"type":"image\/jpeg"}],"twitter_card":"summary_large_image","twitter_image":"https:\/\/interpim.erresse-shop.it\/Import\/Prodotti\/joseph-joseph-space-padella-antiaderente-con-manico-pieghevole-20-cm-blu.png","schema":{"@context":"https:\/\/schema.org","@graph":[{"@type":"WebPage","@id":"https:\/\/dev6.erresse-shop.it\/fr\/shop\/poeles-pots\/poeles\/joseph-joseph-space-poele-a-frire-antiadhesive-avec-poignee-pliante-20-cm-bleu\/","url":"https:\/\/dev6.erresse-shop.it\/fr\/shop\/poeles-pots\/poeles\/joseph-joseph-space-poele-a-frire-antiadhesive-avec-poignee-pliante-20-cm-bleu\/","name":"JOSEPH JOSEPH Space Po\u00eale \u00e0 frire antiadh\u00e9sive avec poign\u00e9e pliante 20 cm Bleu - dev6 Erresse","isPartOf":{"@id":"https:\/\/dev6.erresse-shop.it\/#website"},"primaryImageOfPage":{"@id":"https:\/\/dev6.erresse-shop.it\/fr\/shop\/poeles-pots\/poeles\/joseph-joseph-space-poele-a-frire-antiadhesive-avec-poignee-pliante-20-cm-bleu\/#primaryimage"},"image":{"@id":"https:\/\/dev6.erresse-shop.it\/fr\/shop\/poeles-pots\/poeles\/joseph-joseph-space-poele-a-frire-antiadhesive-avec-poignee-pliante-20-cm-bleu\/#primaryimage"},"thumbnailUrl":"https:\/\/i1.wp.com\/interpim.erresse-shop.it\/Import\/Prodotti\/joseph-joseph-space-padella-antiaderente-con-manico-pieghevole-20-cm-blu.png?ssl=1","datePublished":"2026-04-04T09:35:21+00:00","description":"Toutes les casseroles ne sont pas les m\u00eames. Voici Space, notre gamme r\u00e9volutionnaire d\u2019ustensiles de cuisine de qualit\u00e9 professionnelle, finie dans la","breadcrumb":{"@id":"https:\/\/dev6.erresse-shop.it\/fr\/shop\/poeles-pots\/poeles\/joseph-joseph-space-poele-a-frire-antiadhesive-avec-poignee-pliante-20-cm-bleu\/#breadcrumb"},"inLanguage":"fr-FR","potentialAction":[{"@type":"ReadAction","target":["https:\/\/dev6.erresse-shop.it\/fr\/shop\/poeles-pots\/poeles\/joseph-joseph-space-poele-a-frire-antiadhesive-avec-poignee-pliante-20-cm-bleu\/"]}]},{"@type":"ImageObject","inLanguage":"fr-FR","@id":"https:\/\/dev6.erresse-shop.it\/fr\/shop\/poeles-pots\/poeles\/joseph-joseph-space-poele-a-frire-antiadhesive-avec-poignee-pliante-20-cm-bleu\/#primaryimage","url":"https:\/\/i1.wp.com\/interpim.erresse-shop.it\/Import\/Prodotti\/joseph-joseph-space-padella-antiaderente-con-manico-pieghevole-20-cm-blu.png?ssl=1","contentUrl":"https:\/\/i1.wp.com\/interpim.erresse-shop.it\/Import\/Prodotti\/joseph-joseph-space-padella-antiaderente-con-manico-pieghevole-20-cm-blu.png?ssl=1"},{"@type":"BreadcrumbList","@id":"https:\/\/dev6.erresse-shop.it\/fr\/shop\/poeles-pots\/poeles\/joseph-joseph-space-poele-a-frire-antiadhesive-avec-poignee-pliante-20-cm-bleu\/#breadcrumb","itemListElement":[{"@type":"ListItem","position":1,"name":"Home","item":"https:\/\/dev6.erresse-shop.it\/"},{"@type":"ListItem","position":2,"name":"Boutique","item":"https:\/\/dev6.erresse-shop.it\/shop\/"},{"@type":"ListItem","position":3,"name":"JOSEPH JOSEPH Space Po\u00eale \u00e0 frire antiadh\u00e9sive avec poign\u00e9e pliante 20 cm Bleu"}]},{"@type":"WebSite","@id":"https:\/\/dev6.erresse-shop.it\/#website","url":"https:\/\/dev6.erresse-shop.it\/","name":"Erresse Shop","description":"","publisher":{"@id":"https:\/\/dev6.erresse-shop.it\/#organization"},"potentialAction":[{"@type":"SearchAction","target":{"@type":"EntryPoint","urlTemplate":"https:\/\/dev6.erresse-shop.it\/?s={search_term_string}"},"query-input":{"@type":"PropertyValueSpecification","valueRequired":true,"valueName":"search_term_string"}}],"inLanguage":"fr-FR"},{"@type":"Organization","@id":"https:\/\/dev6.erresse-shop.it\/#organization","name":"Erresse Shop","url":"https:\/\/dev6.erresse-shop.it\/","logo":{"@type":"ImageObject","inLanguage":"fr-FR","@id":"https:\/\/dev6.erresse-shop.it\/#\/schema\/logo\/image\/","url":"https:\/\/dev6.erresse-shop.it\/wp-content\/uploads\/2025\/01\/LOGO-ERRESSE-CLASSICO.svg","contentUrl":"https:\/\/dev6.erresse-shop.it\/wp-content\/uploads\/2025\/01\/LOGO-ERRESSE-CLASSICO.svg","caption":"Erresse Shop"},"image":{"@id":"https:\/\/dev6.erresse-shop.it\/#\/schema\/logo\/image\/"}}]}},"df_price":79.95,"df_sale_price":79.95,"df_regular_price":94.99,"df_image_link":"https:\/\/i1.wp.com\/interpim.erresse-shop.it\/Import\/Prodotti\/joseph-joseph-space-padella-antiaderente-con-manico-pieghevole-20-cm-blu.png?resize=300,300&ssl=1","fifu_image_url":"https:\/\/interpim.erresse-shop.it\/Import\/Prodotti\/joseph-joseph-space-padella-antiaderente-con-manico-pieghevole-20-cm-blu.png","_links":{"self":[{"href":"https:\/\/dev6.erresse-shop.it\/fr\/wp-json\/wp\/v2\/product\/64779","targetHints":{"allow":["GET"]}}],"collection":[{"href":"https:\/\/dev6.erresse-shop.it\/fr\/wp-json\/wp\/v2\/product"}],"about":[{"href":"https:\/\/dev6.erresse-shop.it\/fr\/wp-json\/wp\/v2\/types\/product"}],"wp:featuredmedia":[{"embeddable":true,"href":"https:\/\/dev6.erresse-shop.it\/fr\/wp-json\/wp\/v2\/media\/6286259"}],"wp:attachment":[{"href":"https:\/\/dev6.erresse-shop.it\/fr\/wp-json\/wp\/v2\/media?parent=64779"}],"wp:term":[{"taxonomy":"product_cat","embeddable":true,"href":"https:\/\/dev6.erresse-shop.it\/fr\/wp-json\/wp\/v2\/product_cat?post=64779"},{"taxonomy":"product_tag","embeddable":true,"href":"https:\/\/dev6.erresse-shop.it\/fr\/wp-json\/wp\/v2\/product_tag?post=64779"}],"curies":[{"name":"wp","href":"https:\/\/api.w.org\/{rel}","templated":true}]}}