{"id":64765,"date":"2026-04-12T11:38:01","date_gmt":"2026-04-12T09:38:01","guid":{"rendered":"https:\/\/dev6.erresse-shop.it\/shop\/non%20class\u00e9\/zwilling-set-de-3-couteaux-profesional-s\/"},"modified":"2026-01-16T22:16:10","modified_gmt":"2026-01-16T21:16:10","slug":"zwilling-set-de-3-couteaux-profesional-s","status":"publish","type":"product","link":"https:\/\/dev6.erresse-shop.it\/fr\/shop\/cuisine\/couteaux\/couteaux-de-cuisine\/zwilling-set-de-3-couteaux-profesional-s\/","title":{"rendered":"ZWILLING Set de 3 couteaux Profesional S"},"content":{"rendered":"<p>Les chefs professionnels du monde entier appr\u00e9cient la haute qualit\u00e9 et la commodit\u00e9 offertes par l\u2019ensemble de trois couteaux ZWILLING. Maintenant, vous aussi pouvez profiter de tout ce que la s\u00e9rie de couteaux PROFESSIONAL \u00ab S \u00bb a \u00e0 offrir. Cet ensemble de couteaux de haute qualit\u00e9 peut \u00eatre utilis\u00e9 pour couper, couper en d\u00e9s ou \u00e9plucher des fruits, des l\u00e9gumes, de la viande et d\u2019autres ingr\u00e9dients et comprend un couteau d\u2019office court et polyvalent, un couteau \u00e0 viande fin et robuste et un grand couteau de chef \u00e0 lame large. Avec les trois couteaux polyvalents de ce coffret de haute qualit\u00e9, chaque cuisine, qu\u2019elle soit professionnelle ou domestique, sera pr\u00eate \u00e0 affronter toutes les situations. Chaque couteau est fabriqu\u00e9 dans un alliage d\u2019acier sp\u00e9cial, ce qui garantit la durabilit\u00e9 de la lame m\u00eame apr\u00e8s une utilisation fr\u00e9quente. Chaque lame SIGMAFORGE\u00ae est forg\u00e9e \u00e0 partir d\u2019une seule pi\u00e8ce d\u2019acier et est soumise \u00e0 un proc\u00e9d\u00e9 innovant de durcissement cryog\u00e9nique, qui la rend flexible, r\u00e9sistante \u00e0 la corrosion et capable de conserver son tranchant. Le manche synth\u00e9tique au design classique \u00e0 trois rivets comporte un n\u0153ud qui emp\u00eache les doigts de glisser sur la lame. La continuit\u00e9 entre le n\u0153ud et le manche augmente la facilit\u00e9 d\u2019utilisation et garantit une prise en main toujours confortable du couteau, quelle que soit la technique de coupe utilis\u00e9e. Cr\u00e9ez une cuisine de niveau professionnel dans votre maison avec cet ensemble de couteaux innovant en trois pi\u00e8ces de ZWILLING. Le set comprend 1 couteau d\u2019office (10 cm), 1 couteau \u00e0 viande (16 cm), 1 couteau de chef (20 cm).<\/p>\n<p>Lame trait\u00e9e avec le durcissement cryog\u00e9nique FRIODUR\u00ae pour une r\u00e9tention exceptionnelle des bords et une r\u00e9sistance \u00e0 la corrosion<br \/>\nAcier inoxydable dans la formule sp\u00e9ciale ZWILLING pour des couteaux robustes, r\u00e9sistants \u00e0 la corrosion et flexibles<br \/>\nCouteau SIGMAFORGE\u00ae forg\u00e9 avec pr\u00e9cision \u00e0 partir d\u2019une seule pi\u00e8ce d\u2019acier<br \/>\nAbsence de joints entre manche et lame<br \/>\nManche ergonomique en mati\u00e8re synth\u00e9tique avec trois rivets, pour une utilisation s\u00fbre et confortable du couteau<\/p>\n","protected":false},"excerpt":{"rendered":"<p>Les chefs professionnels du monde entier appr\u00e9cient la haute qualit\u00e9 et la commodit\u00e9 offertes par l\u2019ensemble de trois couteaux ZWILLING. Maintenant, vous aussi pouvez profiter de tout ce que la s\u00e9rie de couteaux PROFESSIONAL \u00ab S \u00bb a \u00e0 offrir. Cet ensemble de couteaux de haute qualit\u00e9 peut \u00eatre utilis\u00e9 pour couper, couper en d\u00e9s [&hellip;]<\/p>\n","protected":false},"featured_media":6369470,"template":"","meta":{"_acf_changed":false},"product_cat":[11997],"product_tag":[],"class_list":{"0":"post-64765","1":"product","2":"type-product","3":"status-publish","4":"has-post-thumbnail","6":"product_cat-couteaux-de-cuisine","8":"first","9":"instock","10":"sale","11":"taxable","12":"shipping-taxable","13":"purchasable","14":"product-type-simple","swatches":"rey-swatches","show_selected":"","stretch_labels":"rey-swatches--stretch-labels"},"acf":[],"yoast_head":"<!-- This site is optimized with the Yoast SEO plugin v25.4 - https:\/\/yoast.com\/wordpress\/plugins\/seo\/ -->\n<title>ZWILLING Set de 3 couteaux Profesional S - dev6 Erresse<\/title>\n<meta name=\"description\" content=\"Les chefs professionnels du monde entier appr\u00e9cient la haute qualit\u00e9 et la commodit\u00e9 offertes par l\u2019ensemble de trois couteaux ZWILLING. Maintenant, vous\" \/>\n<meta name=\"robots\" content=\"noindex, follow, max-snippet:-1, max-image-preview:large, max-video-preview:-1\" \/>\n<meta property=\"og:locale\" content=\"fr_FR\" \/>\n<meta property=\"og:type\" content=\"article\" \/>\n<meta property=\"og:title\" content=\"ZWILLING Set de 3 couteaux Profesional S - dev6 Erresse\" \/>\n<meta property=\"og:description\" content=\"Les chefs professionnels du monde entier appr\u00e9cient la haute qualit\u00e9 et la commodit\u00e9 offertes par l\u2019ensemble de trois couteaux ZWILLING. Maintenant, vous\" \/>\n<meta property=\"og:url\" content=\"https:\/\/dev6.erresse-shop.it\/fr\/shop\/cuisine\/couteaux\/couteaux-de-cuisine\/zwilling-set-de-3-couteaux-profesional-s\/\" \/>\n<meta property=\"og:site_name\" content=\"dev6 Erresse\" \/>\n<meta property=\"og:image\" content=\"https:\/\/interpim.erresse-shop.it\/Import\/Prodotti\/zwilling-set-3-1.jpg\" \/><meta property=\"og:image\" content=\"https:\/\/interpim.erresse-shop.it\/Import\/Prodotti\/zwilling-set-3-1.jpg\" \/>\n\t<meta property=\"og:image:width\" content=\"1024\" \/>\n\t<meta property=\"og:image:height\" content=\"1024\" \/>\n\t<meta property=\"og:image:type\" content=\"image\/jpeg\" \/>\n<meta name=\"twitter:card\" content=\"summary_large_image\" \/>\n<meta name=\"twitter:image\" content=\"https:\/\/interpim.erresse-shop.it\/Import\/Prodotti\/zwilling-set-3-1.jpg\" \/>\n<script type=\"application\/ld+json\" class=\"yoast-schema-graph\">{\"@context\":\"https:\/\/schema.org\",\"@graph\":[{\"@type\":\"WebPage\",\"@id\":\"https:\/\/dev6.erresse-shop.it\/fr\/shop\/cuisine\/couteaux\/couteaux-de-cuisine\/zwilling-set-de-3-couteaux-profesional-s\/\",\"url\":\"https:\/\/dev6.erresse-shop.it\/fr\/shop\/cuisine\/couteaux\/couteaux-de-cuisine\/zwilling-set-de-3-couteaux-profesional-s\/\",\"name\":\"ZWILLING Set de 3 couteaux Profesional S - dev6 Erresse\",\"isPartOf\":{\"@id\":\"https:\/\/dev6.erresse-shop.it\/#website\"},\"primaryImageOfPage\":{\"@id\":\"https:\/\/dev6.erresse-shop.it\/fr\/shop\/cuisine\/couteaux\/couteaux-de-cuisine\/zwilling-set-de-3-couteaux-profesional-s\/#primaryimage\"},\"image\":{\"@id\":\"https:\/\/dev6.erresse-shop.it\/fr\/shop\/cuisine\/couteaux\/couteaux-de-cuisine\/zwilling-set-de-3-couteaux-profesional-s\/#primaryimage\"},\"thumbnailUrl\":\"https:\/\/i1.wp.com\/interpim.erresse-shop.it\/Import\/Prodotti\/zwilling-set-3-1.jpg?ssl=1\",\"datePublished\":\"2026-04-12T09:38:01+00:00\",\"description\":\"Les chefs professionnels du monde entier appr\u00e9cient la haute qualit\u00e9 et la commodit\u00e9 offertes par l\u2019ensemble de trois couteaux ZWILLING. Maintenant, vous\",\"breadcrumb\":{\"@id\":\"https:\/\/dev6.erresse-shop.it\/fr\/shop\/cuisine\/couteaux\/couteaux-de-cuisine\/zwilling-set-de-3-couteaux-profesional-s\/#breadcrumb\"},\"inLanguage\":\"fr-FR\",\"potentialAction\":[{\"@type\":\"ReadAction\",\"target\":[\"https:\/\/dev6.erresse-shop.it\/fr\/shop\/cuisine\/couteaux\/couteaux-de-cuisine\/zwilling-set-de-3-couteaux-profesional-s\/\"]}]},{\"@type\":\"ImageObject\",\"inLanguage\":\"fr-FR\",\"@id\":\"https:\/\/dev6.erresse-shop.it\/fr\/shop\/cuisine\/couteaux\/couteaux-de-cuisine\/zwilling-set-de-3-couteaux-profesional-s\/#primaryimage\",\"url\":\"https:\/\/i1.wp.com\/interpim.erresse-shop.it\/Import\/Prodotti\/zwilling-set-3-1.jpg?ssl=1\",\"contentUrl\":\"https:\/\/i1.wp.com\/interpim.erresse-shop.it\/Import\/Prodotti\/zwilling-set-3-1.jpg?ssl=1\"},{\"@type\":\"BreadcrumbList\",\"@id\":\"https:\/\/dev6.erresse-shop.it\/fr\/shop\/cuisine\/couteaux\/couteaux-de-cuisine\/zwilling-set-de-3-couteaux-profesional-s\/#breadcrumb\",\"itemListElement\":[{\"@type\":\"ListItem\",\"position\":1,\"name\":\"Home\",\"item\":\"https:\/\/dev6.erresse-shop.it\/\"},{\"@type\":\"ListItem\",\"position\":2,\"name\":\"Boutique\",\"item\":\"https:\/\/dev6.erresse-shop.it\/shop\/\"},{\"@type\":\"ListItem\",\"position\":3,\"name\":\"ZWILLING Set de 3 couteaux Profesional S\"}]},{\"@type\":\"WebSite\",\"@id\":\"https:\/\/dev6.erresse-shop.it\/#website\",\"url\":\"https:\/\/dev6.erresse-shop.it\/\",\"name\":\"Erresse Shop\",\"description\":\"\",\"publisher\":{\"@id\":\"https:\/\/dev6.erresse-shop.it\/#organization\"},\"potentialAction\":[{\"@type\":\"SearchAction\",\"target\":{\"@type\":\"EntryPoint\",\"urlTemplate\":\"https:\/\/dev6.erresse-shop.it\/?s={search_term_string}\"},\"query-input\":{\"@type\":\"PropertyValueSpecification\",\"valueRequired\":true,\"valueName\":\"search_term_string\"}}],\"inLanguage\":\"fr-FR\"},{\"@type\":\"Organization\",\"@id\":\"https:\/\/dev6.erresse-shop.it\/#organization\",\"name\":\"Erresse Shop\",\"url\":\"https:\/\/dev6.erresse-shop.it\/\",\"logo\":{\"@type\":\"ImageObject\",\"inLanguage\":\"fr-FR\",\"@id\":\"https:\/\/dev6.erresse-shop.it\/#\/schema\/logo\/image\/\",\"url\":\"https:\/\/dev6.erresse-shop.it\/wp-content\/uploads\/2025\/01\/LOGO-ERRESSE-CLASSICO.svg\",\"contentUrl\":\"https:\/\/dev6.erresse-shop.it\/wp-content\/uploads\/2025\/01\/LOGO-ERRESSE-CLASSICO.svg\",\"caption\":\"Erresse Shop\"},\"image\":{\"@id\":\"https:\/\/dev6.erresse-shop.it\/#\/schema\/logo\/image\/\"}}]}<\/script>\n<!-- \/ Yoast SEO plugin. -->","yoast_head_json":{"title":"ZWILLING Set de 3 couteaux Profesional S - dev6 Erresse","description":"Les chefs professionnels du monde entier appr\u00e9cient la haute qualit\u00e9 et la commodit\u00e9 offertes par l\u2019ensemble de trois couteaux ZWILLING. Maintenant, vous","robots":{"index":"noindex","follow":"follow","max-snippet":"max-snippet:-1","max-image-preview":"max-image-preview:large","max-video-preview":"max-video-preview:-1"},"og_locale":"fr_FR","og_type":"article","og_title":"ZWILLING Set de 3 couteaux Profesional S - dev6 Erresse","og_description":"Les chefs professionnels du monde entier appr\u00e9cient la haute qualit\u00e9 et la commodit\u00e9 offertes par l\u2019ensemble de trois couteaux ZWILLING. Maintenant, vous","og_url":"https:\/\/dev6.erresse-shop.it\/fr\/shop\/cuisine\/couteaux\/couteaux-de-cuisine\/zwilling-set-de-3-couteaux-profesional-s\/","og_site_name":"dev6 Erresse","og_image":[{"url":"https:\/\/interpim.erresse-shop.it\/Import\/Prodotti\/zwilling-set-3-1.jpg","type":"","width":"","height":""},{"url":"https:\/\/interpim.erresse-shop.it\/Import\/Prodotti\/zwilling-set-3-1.jpg","width":1024,"height":1024,"type":"image\/jpeg"}],"twitter_card":"summary_large_image","twitter_image":"https:\/\/interpim.erresse-shop.it\/Import\/Prodotti\/zwilling-set-3-1.jpg","schema":{"@context":"https:\/\/schema.org","@graph":[{"@type":"WebPage","@id":"https:\/\/dev6.erresse-shop.it\/fr\/shop\/cuisine\/couteaux\/couteaux-de-cuisine\/zwilling-set-de-3-couteaux-profesional-s\/","url":"https:\/\/dev6.erresse-shop.it\/fr\/shop\/cuisine\/couteaux\/couteaux-de-cuisine\/zwilling-set-de-3-couteaux-profesional-s\/","name":"ZWILLING Set de 3 couteaux Profesional S - dev6 Erresse","isPartOf":{"@id":"https:\/\/dev6.erresse-shop.it\/#website"},"primaryImageOfPage":{"@id":"https:\/\/dev6.erresse-shop.it\/fr\/shop\/cuisine\/couteaux\/couteaux-de-cuisine\/zwilling-set-de-3-couteaux-profesional-s\/#primaryimage"},"image":{"@id":"https:\/\/dev6.erresse-shop.it\/fr\/shop\/cuisine\/couteaux\/couteaux-de-cuisine\/zwilling-set-de-3-couteaux-profesional-s\/#primaryimage"},"thumbnailUrl":"https:\/\/i1.wp.com\/interpim.erresse-shop.it\/Import\/Prodotti\/zwilling-set-3-1.jpg?ssl=1","datePublished":"2026-04-12T09:38:01+00:00","description":"Les chefs professionnels du monde entier appr\u00e9cient la haute qualit\u00e9 et la commodit\u00e9 offertes par l\u2019ensemble de trois couteaux ZWILLING. Maintenant, vous","breadcrumb":{"@id":"https:\/\/dev6.erresse-shop.it\/fr\/shop\/cuisine\/couteaux\/couteaux-de-cuisine\/zwilling-set-de-3-couteaux-profesional-s\/#breadcrumb"},"inLanguage":"fr-FR","potentialAction":[{"@type":"ReadAction","target":["https:\/\/dev6.erresse-shop.it\/fr\/shop\/cuisine\/couteaux\/couteaux-de-cuisine\/zwilling-set-de-3-couteaux-profesional-s\/"]}]},{"@type":"ImageObject","inLanguage":"fr-FR","@id":"https:\/\/dev6.erresse-shop.it\/fr\/shop\/cuisine\/couteaux\/couteaux-de-cuisine\/zwilling-set-de-3-couteaux-profesional-s\/#primaryimage","url":"https:\/\/i1.wp.com\/interpim.erresse-shop.it\/Import\/Prodotti\/zwilling-set-3-1.jpg?ssl=1","contentUrl":"https:\/\/i1.wp.com\/interpim.erresse-shop.it\/Import\/Prodotti\/zwilling-set-3-1.jpg?ssl=1"},{"@type":"BreadcrumbList","@id":"https:\/\/dev6.erresse-shop.it\/fr\/shop\/cuisine\/couteaux\/couteaux-de-cuisine\/zwilling-set-de-3-couteaux-profesional-s\/#breadcrumb","itemListElement":[{"@type":"ListItem","position":1,"name":"Home","item":"https:\/\/dev6.erresse-shop.it\/"},{"@type":"ListItem","position":2,"name":"Boutique","item":"https:\/\/dev6.erresse-shop.it\/shop\/"},{"@type":"ListItem","position":3,"name":"ZWILLING Set de 3 couteaux Profesional S"}]},{"@type":"WebSite","@id":"https:\/\/dev6.erresse-shop.it\/#website","url":"https:\/\/dev6.erresse-shop.it\/","name":"Erresse Shop","description":"","publisher":{"@id":"https:\/\/dev6.erresse-shop.it\/#organization"},"potentialAction":[{"@type":"SearchAction","target":{"@type":"EntryPoint","urlTemplate":"https:\/\/dev6.erresse-shop.it\/?s={search_term_string}"},"query-input":{"@type":"PropertyValueSpecification","valueRequired":true,"valueName":"search_term_string"}}],"inLanguage":"fr-FR"},{"@type":"Organization","@id":"https:\/\/dev6.erresse-shop.it\/#organization","name":"Erresse Shop","url":"https:\/\/dev6.erresse-shop.it\/","logo":{"@type":"ImageObject","inLanguage":"fr-FR","@id":"https:\/\/dev6.erresse-shop.it\/#\/schema\/logo\/image\/","url":"https:\/\/dev6.erresse-shop.it\/wp-content\/uploads\/2025\/01\/LOGO-ERRESSE-CLASSICO.svg","contentUrl":"https:\/\/dev6.erresse-shop.it\/wp-content\/uploads\/2025\/01\/LOGO-ERRESSE-CLASSICO.svg","caption":"Erresse Shop"},"image":{"@id":"https:\/\/dev6.erresse-shop.it\/#\/schema\/logo\/image\/"}}]}},"df_price":124.9,"df_sale_price":124.9,"df_regular_price":199,"df_image_link":"https:\/\/i1.wp.com\/interpim.erresse-shop.it\/Import\/Prodotti\/zwilling-set-3-1.jpg?resize=300,300&ssl=1","fifu_image_url":"https:\/\/interpim.erresse-shop.it\/Import\/Prodotti\/zwilling-set-3-1.jpg","_links":{"self":[{"href":"https:\/\/dev6.erresse-shop.it\/fr\/wp-json\/wp\/v2\/product\/64765","targetHints":{"allow":["GET"]}}],"collection":[{"href":"https:\/\/dev6.erresse-shop.it\/fr\/wp-json\/wp\/v2\/product"}],"about":[{"href":"https:\/\/dev6.erresse-shop.it\/fr\/wp-json\/wp\/v2\/types\/product"}],"wp:featuredmedia":[{"embeddable":true,"href":"https:\/\/dev6.erresse-shop.it\/fr\/wp-json\/wp\/v2\/media\/6369470"}],"wp:attachment":[{"href":"https:\/\/dev6.erresse-shop.it\/fr\/wp-json\/wp\/v2\/media?parent=64765"}],"wp:term":[{"taxonomy":"product_cat","embeddable":true,"href":"https:\/\/dev6.erresse-shop.it\/fr\/wp-json\/wp\/v2\/product_cat?post=64765"},{"taxonomy":"product_tag","embeddable":true,"href":"https:\/\/dev6.erresse-shop.it\/fr\/wp-json\/wp\/v2\/product_tag?post=64765"}],"curies":[{"name":"wp","href":"https:\/\/api.w.org\/{rel}","templated":true}]}}