{"id":64757,"date":"2026-04-12T11:38:01","date_gmt":"2026-04-12T09:38:01","guid":{"rendered":"https:\/\/dev6.erresse-shop.it\/shop\/non%20class\u00e9\/zwilling-pro-louche-de-service-en-silicone\/"},"modified":"2025-09-14T05:50:01","modified_gmt":"2025-09-14T03:50:01","slug":"zwilling-pro-louche-de-service-en-silicone","status":"publish","type":"product","link":"https:\/\/dev6.erresse-shop.it\/fr\/shop\/cuisine\/outils\/zwilling-pro-louche-de-service-en-silicone\/","title":{"rendered":"ZWILLING PRO Louche de service en silicone"},"content":{"rendered":"<p>Un d\u00eener r\u00e9ussi commence par un service \u00e9l\u00e9gant. Avec cette louche de service en silicone de la collection ZWILLING Pro, vous pouvez servir des plats et pr\u00e9senter des salades avec style. Cet accessoire de cuisine a un design intemporel et exceptionnellement \u00e9l\u00e9gant. L\u2019ustensile est fabriqu\u00e9 en acier inoxydable de haute qualit\u00e9 et en silicone alimentaire r\u00e9sistant \u00e0 la chaleur. Il en r\u00e9sulte une louche qui peut \u00eatre utilis\u00e9e dans les casseroles antiadh\u00e9sives et les po\u00eales aux surfaces les plus d\u00e9licates. Une partie de l\u2019ustensile est en acier inoxydable mat, ce qui cr\u00e9e un merveilleux jeu avec les parties super brillantes. Une ligne d\u00e9corative d\u00e9coup\u00e9e au laser sur le manche ergonomique accentue le design minimaliste qui caract\u00e9rise toute la collection ZWILLING Pro. Le design est l\u2019\u0153uvre de Matteo et Antonio Rodriguez, r\u00e9put\u00e9s pour leurs cr\u00e9ations pratiques et \u00e9l\u00e9gantes. La louche est r\u00e9sistante \u00e0 la corrosion et particuli\u00e8rement facile \u00e0 nettoyer, m\u00eame au lave-vaisselle si n\u00e9cessaire.<\/p>\n<p>Design minimaliste de Matteo Thun et Antonio Rodriguez<br \/>\nFabriqu\u00e9e en acier inoxydable de haute qualit\u00e9<br \/>\nPoign\u00e9es ergonomiques pour un travail sans fatigue, avec transition continue<br \/>\nvers la tige pour une hygi\u00e8ne maximale<br \/>\nLavable au lave-vaisselle<br \/>\nId\u00e9al pour servir et m\u00e9langer les salades et les vinaigrettes<\/p>\n","protected":false},"excerpt":{"rendered":"<p>Un d\u00eener r\u00e9ussi commence par un service \u00e9l\u00e9gant. Avec cette louche de service en silicone de la collection ZWILLING Pro, vous pouvez servir des plats et pr\u00e9senter des salades avec style. Cet accessoire de cuisine a un design intemporel et exceptionnellement \u00e9l\u00e9gant. L\u2019ustensile est fabriqu\u00e9 en acier inoxydable de haute qualit\u00e9 et en silicone alimentaire [&hellip;]<\/p>\n","protected":false},"featured_media":6369446,"template":"","meta":{"_acf_changed":false},"product_cat":[11668,11992,12008],"product_tag":[],"class_list":{"0":"post-64757","1":"product","2":"type-product","3":"status-publish","4":"has-post-thumbnail","6":"product_cat-cucina","7":"product_cat-cuisine","8":"product_cat-outils","10":"first","11":"instock","12":"taxable","13":"shipping-taxable","14":"purchasable","15":"product-type-simple","swatches":"rey-swatches","show_selected":"","stretch_labels":"rey-swatches--stretch-labels"},"acf":[],"yoast_head":"<!-- This site is optimized with the Yoast SEO plugin v25.4 - https:\/\/yoast.com\/wordpress\/plugins\/seo\/ -->\n<title>ZWILLING PRO Louche de service en silicone - dev6 Erresse<\/title>\n<meta name=\"description\" content=\"Un d\u00eener r\u00e9ussi commence par un service \u00e9l\u00e9gant. Avec cette louche de service en silicone de la collection ZWILLING Pro, vous pouvez servir des plats et\" \/>\n<meta name=\"robots\" content=\"noindex, follow, max-snippet:-1, max-image-preview:large, max-video-preview:-1\" \/>\n<meta property=\"og:locale\" content=\"fr_FR\" \/>\n<meta property=\"og:type\" content=\"article\" \/>\n<meta property=\"og:title\" content=\"ZWILLING PRO Louche de service en silicone - dev6 Erresse\" \/>\n<meta property=\"og:description\" content=\"Un d\u00eener r\u00e9ussi commence par un service \u00e9l\u00e9gant. Avec cette louche de service en silicone de la collection ZWILLING Pro, vous pouvez servir des plats et\" \/>\n<meta property=\"og:url\" content=\"https:\/\/dev6.erresse-shop.it\/fr\/shop\/cuisine\/outils\/zwilling-pro-louche-de-service-en-silicone\/\" \/>\n<meta property=\"og:site_name\" content=\"dev6 Erresse\" \/>\n<meta property=\"og:image\" content=\"https:\/\/interpim.erresse-shop.it\/img-catalogo\/zwilling\/zwilling-pro-mestolo-servizio-silicone.png\" \/><meta property=\"og:image\" content=\"https:\/\/interpim.erresse-shop.it\/img-catalogo\/zwilling\/zwilling-pro-mestolo-servizio-silicone.png\" \/>\n\t<meta property=\"og:image:width\" content=\"1024\" \/>\n\t<meta property=\"og:image:height\" content=\"1024\" \/>\n\t<meta property=\"og:image:type\" content=\"image\/jpeg\" \/>\n<meta name=\"twitter:card\" content=\"summary_large_image\" \/>\n<meta name=\"twitter:image\" content=\"https:\/\/interpim.erresse-shop.it\/img-catalogo\/zwilling\/zwilling-pro-mestolo-servizio-silicone.png\" \/>\n<script type=\"application\/ld+json\" class=\"yoast-schema-graph\">{\"@context\":\"https:\/\/schema.org\",\"@graph\":[{\"@type\":\"WebPage\",\"@id\":\"https:\/\/dev6.erresse-shop.it\/fr\/shop\/cuisine\/outils\/zwilling-pro-louche-de-service-en-silicone\/\",\"url\":\"https:\/\/dev6.erresse-shop.it\/fr\/shop\/cuisine\/outils\/zwilling-pro-louche-de-service-en-silicone\/\",\"name\":\"ZWILLING PRO Louche de service en silicone - dev6 Erresse\",\"isPartOf\":{\"@id\":\"https:\/\/dev6.erresse-shop.it\/#website\"},\"primaryImageOfPage\":{\"@id\":\"https:\/\/dev6.erresse-shop.it\/fr\/shop\/cuisine\/outils\/zwilling-pro-louche-de-service-en-silicone\/#primaryimage\"},\"image\":{\"@id\":\"https:\/\/dev6.erresse-shop.it\/fr\/shop\/cuisine\/outils\/zwilling-pro-louche-de-service-en-silicone\/#primaryimage\"},\"thumbnailUrl\":\"https:\/\/i2.wp.com\/interpim.erresse-shop.it\/img-catalogo\/zwilling\/zwilling-pro-mestolo-servizio-silicone.png?ssl=1\",\"datePublished\":\"2026-04-12T09:38:01+00:00\",\"description\":\"Un d\u00eener r\u00e9ussi commence par un service \u00e9l\u00e9gant. Avec cette louche de service en silicone de la collection ZWILLING Pro, vous pouvez servir des plats et\",\"breadcrumb\":{\"@id\":\"https:\/\/dev6.erresse-shop.it\/fr\/shop\/cuisine\/outils\/zwilling-pro-louche-de-service-en-silicone\/#breadcrumb\"},\"inLanguage\":\"fr-FR\",\"potentialAction\":[{\"@type\":\"ReadAction\",\"target\":[\"https:\/\/dev6.erresse-shop.it\/fr\/shop\/cuisine\/outils\/zwilling-pro-louche-de-service-en-silicone\/\"]}]},{\"@type\":\"ImageObject\",\"inLanguage\":\"fr-FR\",\"@id\":\"https:\/\/dev6.erresse-shop.it\/fr\/shop\/cuisine\/outils\/zwilling-pro-louche-de-service-en-silicone\/#primaryimage\",\"url\":\"https:\/\/i2.wp.com\/interpim.erresse-shop.it\/img-catalogo\/zwilling\/zwilling-pro-mestolo-servizio-silicone.png?ssl=1\",\"contentUrl\":\"https:\/\/i2.wp.com\/interpim.erresse-shop.it\/img-catalogo\/zwilling\/zwilling-pro-mestolo-servizio-silicone.png?ssl=1\"},{\"@type\":\"BreadcrumbList\",\"@id\":\"https:\/\/dev6.erresse-shop.it\/fr\/shop\/cuisine\/outils\/zwilling-pro-louche-de-service-en-silicone\/#breadcrumb\",\"itemListElement\":[{\"@type\":\"ListItem\",\"position\":1,\"name\":\"Home\",\"item\":\"https:\/\/dev6.erresse-shop.it\/\"},{\"@type\":\"ListItem\",\"position\":2,\"name\":\"Boutique\",\"item\":\"https:\/\/dev6.erresse-shop.it\/shop\/\"},{\"@type\":\"ListItem\",\"position\":3,\"name\":\"ZWILLING PRO Louche de service en silicone\"}]},{\"@type\":\"WebSite\",\"@id\":\"https:\/\/dev6.erresse-shop.it\/#website\",\"url\":\"https:\/\/dev6.erresse-shop.it\/\",\"name\":\"Erresse Shop\",\"description\":\"\",\"publisher\":{\"@id\":\"https:\/\/dev6.erresse-shop.it\/#organization\"},\"potentialAction\":[{\"@type\":\"SearchAction\",\"target\":{\"@type\":\"EntryPoint\",\"urlTemplate\":\"https:\/\/dev6.erresse-shop.it\/?s={search_term_string}\"},\"query-input\":{\"@type\":\"PropertyValueSpecification\",\"valueRequired\":true,\"valueName\":\"search_term_string\"}}],\"inLanguage\":\"fr-FR\"},{\"@type\":\"Organization\",\"@id\":\"https:\/\/dev6.erresse-shop.it\/#organization\",\"name\":\"Erresse Shop\",\"url\":\"https:\/\/dev6.erresse-shop.it\/\",\"logo\":{\"@type\":\"ImageObject\",\"inLanguage\":\"fr-FR\",\"@id\":\"https:\/\/dev6.erresse-shop.it\/#\/schema\/logo\/image\/\",\"url\":\"https:\/\/dev6.erresse-shop.it\/wp-content\/uploads\/2025\/01\/LOGO-ERRESSE-CLASSICO.svg\",\"contentUrl\":\"https:\/\/dev6.erresse-shop.it\/wp-content\/uploads\/2025\/01\/LOGO-ERRESSE-CLASSICO.svg\",\"caption\":\"Erresse Shop\"},\"image\":{\"@id\":\"https:\/\/dev6.erresse-shop.it\/#\/schema\/logo\/image\/\"}}]}<\/script>\n<!-- \/ Yoast SEO plugin. -->","yoast_head_json":{"title":"ZWILLING PRO Louche de service en silicone - dev6 Erresse","description":"Un d\u00eener r\u00e9ussi commence par un service \u00e9l\u00e9gant. Avec cette louche de service en silicone de la collection ZWILLING Pro, vous pouvez servir des plats et","robots":{"index":"noindex","follow":"follow","max-snippet":"max-snippet:-1","max-image-preview":"max-image-preview:large","max-video-preview":"max-video-preview:-1"},"og_locale":"fr_FR","og_type":"article","og_title":"ZWILLING PRO Louche de service en silicone - dev6 Erresse","og_description":"Un d\u00eener r\u00e9ussi commence par un service \u00e9l\u00e9gant. Avec cette louche de service en silicone de la collection ZWILLING Pro, vous pouvez servir des plats et","og_url":"https:\/\/dev6.erresse-shop.it\/fr\/shop\/cuisine\/outils\/zwilling-pro-louche-de-service-en-silicone\/","og_site_name":"dev6 Erresse","og_image":[{"url":"https:\/\/interpim.erresse-shop.it\/img-catalogo\/zwilling\/zwilling-pro-mestolo-servizio-silicone.png","type":"","width":"","height":""},{"url":"https:\/\/interpim.erresse-shop.it\/img-catalogo\/zwilling\/zwilling-pro-mestolo-servizio-silicone.png","width":1024,"height":1024,"type":"image\/jpeg"}],"twitter_card":"summary_large_image","twitter_image":"https:\/\/interpim.erresse-shop.it\/img-catalogo\/zwilling\/zwilling-pro-mestolo-servizio-silicone.png","schema":{"@context":"https:\/\/schema.org","@graph":[{"@type":"WebPage","@id":"https:\/\/dev6.erresse-shop.it\/fr\/shop\/cuisine\/outils\/zwilling-pro-louche-de-service-en-silicone\/","url":"https:\/\/dev6.erresse-shop.it\/fr\/shop\/cuisine\/outils\/zwilling-pro-louche-de-service-en-silicone\/","name":"ZWILLING PRO Louche de service en silicone - dev6 Erresse","isPartOf":{"@id":"https:\/\/dev6.erresse-shop.it\/#website"},"primaryImageOfPage":{"@id":"https:\/\/dev6.erresse-shop.it\/fr\/shop\/cuisine\/outils\/zwilling-pro-louche-de-service-en-silicone\/#primaryimage"},"image":{"@id":"https:\/\/dev6.erresse-shop.it\/fr\/shop\/cuisine\/outils\/zwilling-pro-louche-de-service-en-silicone\/#primaryimage"},"thumbnailUrl":"https:\/\/i2.wp.com\/interpim.erresse-shop.it\/img-catalogo\/zwilling\/zwilling-pro-mestolo-servizio-silicone.png?ssl=1","datePublished":"2026-04-12T09:38:01+00:00","description":"Un d\u00eener r\u00e9ussi commence par un service \u00e9l\u00e9gant. Avec cette louche de service en silicone de la collection ZWILLING Pro, vous pouvez servir des plats et","breadcrumb":{"@id":"https:\/\/dev6.erresse-shop.it\/fr\/shop\/cuisine\/outils\/zwilling-pro-louche-de-service-en-silicone\/#breadcrumb"},"inLanguage":"fr-FR","potentialAction":[{"@type":"ReadAction","target":["https:\/\/dev6.erresse-shop.it\/fr\/shop\/cuisine\/outils\/zwilling-pro-louche-de-service-en-silicone\/"]}]},{"@type":"ImageObject","inLanguage":"fr-FR","@id":"https:\/\/dev6.erresse-shop.it\/fr\/shop\/cuisine\/outils\/zwilling-pro-louche-de-service-en-silicone\/#primaryimage","url":"https:\/\/i2.wp.com\/interpim.erresse-shop.it\/img-catalogo\/zwilling\/zwilling-pro-mestolo-servizio-silicone.png?ssl=1","contentUrl":"https:\/\/i2.wp.com\/interpim.erresse-shop.it\/img-catalogo\/zwilling\/zwilling-pro-mestolo-servizio-silicone.png?ssl=1"},{"@type":"BreadcrumbList","@id":"https:\/\/dev6.erresse-shop.it\/fr\/shop\/cuisine\/outils\/zwilling-pro-louche-de-service-en-silicone\/#breadcrumb","itemListElement":[{"@type":"ListItem","position":1,"name":"Home","item":"https:\/\/dev6.erresse-shop.it\/"},{"@type":"ListItem","position":2,"name":"Boutique","item":"https:\/\/dev6.erresse-shop.it\/shop\/"},{"@type":"ListItem","position":3,"name":"ZWILLING PRO Louche de service en silicone"}]},{"@type":"WebSite","@id":"https:\/\/dev6.erresse-shop.it\/#website","url":"https:\/\/dev6.erresse-shop.it\/","name":"Erresse Shop","description":"","publisher":{"@id":"https:\/\/dev6.erresse-shop.it\/#organization"},"potentialAction":[{"@type":"SearchAction","target":{"@type":"EntryPoint","urlTemplate":"https:\/\/dev6.erresse-shop.it\/?s={search_term_string}"},"query-input":{"@type":"PropertyValueSpecification","valueRequired":true,"valueName":"search_term_string"}}],"inLanguage":"fr-FR"},{"@type":"Organization","@id":"https:\/\/dev6.erresse-shop.it\/#organization","name":"Erresse Shop","url":"https:\/\/dev6.erresse-shop.it\/","logo":{"@type":"ImageObject","inLanguage":"fr-FR","@id":"https:\/\/dev6.erresse-shop.it\/#\/schema\/logo\/image\/","url":"https:\/\/dev6.erresse-shop.it\/wp-content\/uploads\/2025\/01\/LOGO-ERRESSE-CLASSICO.svg","contentUrl":"https:\/\/dev6.erresse-shop.it\/wp-content\/uploads\/2025\/01\/LOGO-ERRESSE-CLASSICO.svg","caption":"Erresse Shop"},"image":{"@id":"https:\/\/dev6.erresse-shop.it\/#\/schema\/logo\/image\/"}}]}},"df_price":29.95,"df_sale_price":"","df_regular_price":29.95,"df_image_link":"https:\/\/i2.wp.com\/interpim.erresse-shop.it\/img-catalogo\/zwilling\/zwilling-pro-mestolo-servizio-silicone.png?resize=300,300&ssl=1","fifu_image_url":"https:\/\/interpim.erresse-shop.it\/img-catalogo\/zwilling\/zwilling-pro-mestolo-servizio-silicone.png","_links":{"self":[{"href":"https:\/\/dev6.erresse-shop.it\/fr\/wp-json\/wp\/v2\/product\/64757","targetHints":{"allow":["GET"]}}],"collection":[{"href":"https:\/\/dev6.erresse-shop.it\/fr\/wp-json\/wp\/v2\/product"}],"about":[{"href":"https:\/\/dev6.erresse-shop.it\/fr\/wp-json\/wp\/v2\/types\/product"}],"wp:featuredmedia":[{"embeddable":true,"href":"https:\/\/dev6.erresse-shop.it\/fr\/wp-json\/wp\/v2\/media\/6369446"}],"wp:attachment":[{"href":"https:\/\/dev6.erresse-shop.it\/fr\/wp-json\/wp\/v2\/media?parent=64757"}],"wp:term":[{"taxonomy":"product_cat","embeddable":true,"href":"https:\/\/dev6.erresse-shop.it\/fr\/wp-json\/wp\/v2\/product_cat?post=64757"},{"taxonomy":"product_tag","embeddable":true,"href":"https:\/\/dev6.erresse-shop.it\/fr\/wp-json\/wp\/v2\/product_tag?post=64757"}],"curies":[{"name":"wp","href":"https:\/\/api.w.org\/{rel}","templated":true}]}}