{"id":64753,"date":"2026-04-12T11:38:01","date_gmt":"2026-04-12T09:38:01","guid":{"rendered":"https:\/\/dev6.erresse-shop.it\/shop\/non%20class\u00e9\/zwilling-pro-ouvre-boite\/"},"modified":"2025-09-14T05:49:51","modified_gmt":"2025-09-14T03:49:51","slug":"zwilling-pro-ouvre-boite","status":"publish","type":"product","link":"https:\/\/dev6.erresse-shop.it\/fr\/shop\/cuisine\/outils\/zwilling-pro-ouvre-boite\/","title":{"rendered":"ZWILLING PRO Ouvre-bo\u00eete"},"content":{"rendered":"<p>De nombreux ingr\u00e9dients sont stock\u00e9s dans des bo\u00eetes de conserve. L\u2019ouvre-bo\u00eete de la collection ZWILLING Pro est l\u2019accessoire de cuisine id\u00e9al pour les ouvrir facilement et en toute s\u00e9curit\u00e9. La poign\u00e9e ergonomique est antid\u00e9rapante, ce qui permet de le tenir fermement dans la main. L\u2019ouverture des bo\u00eetes est incroyablement facile et ne demande qu\u2019un minimum d\u2019effort gr\u00e2ce au mouvement fluide de la grande manivelle. La conception sp\u00e9ciale du c\u00f4t\u00e9 coupant emp\u00eache l\u2019ouvre-bo\u00eete d\u2019entrer en contact avec le contenu de la bo\u00eete. Outre l\u2019avantage hygi\u00e9nique de cette solution, l\u2019importance de la garantie de s\u00e9curit\u00e9 ne doit pas \u00eatre sous-estim\u00e9e. L\u2019ouvre-bo\u00eete enl\u00e8ve le couvercle avec une coupe pr\u00e9cise qui ne laisse pas d\u2019ar\u00eates vives. Les accessoires de cuisine modernes ne peuvent toutefois pas se contenter d\u2019\u00eatre fonctionnels. En effet, la cuisine n\u2019est plus seulement un espace de travail. Les deux designers Matteo Thun et Antonio Rodriguez ont consacr\u00e9 beaucoup de temps \u00e0 l\u2019\u00e9laboration de cette collection afin de cr\u00e9er un design qui soit percutant et contemporain, mais qui le reste au fil du temps. Le r\u00e9sultat est une collection au look minimaliste qui red\u00e9finit les normes de fonctionnalit\u00e9 et d\u2019\u00e9l\u00e9gance formelle.<\/p>\n<p>Design minimaliste de Matteo Thun et Antonio Rodriguez<br \/>\nFabriqu\u00e9 en acier inoxydable de premi\u00e8re qualit\u00e9<br \/>\nConception ergonomique avec des lignes continues pour garantir une hygi\u00e8ne<br \/>\nmaximale et une fatigue minimale pendant l\u2019utilisation<br \/>\nPeut \u00eatre lav\u00e9 au lave-vaisselle<br \/>\nD\u00e9coupe nette et pr\u00e9cise du couvercle le long du bord ext\u00e9rieur<\/p>\n","protected":false},"excerpt":{"rendered":"<p>De nombreux ingr\u00e9dients sont stock\u00e9s dans des bo\u00eetes de conserve. L\u2019ouvre-bo\u00eete de la collection ZWILLING Pro est l\u2019accessoire de cuisine id\u00e9al pour les ouvrir facilement et en toute s\u00e9curit\u00e9. La poign\u00e9e ergonomique est antid\u00e9rapante, ce qui permet de le tenir fermement dans la main. L\u2019ouverture des bo\u00eetes est incroyablement facile et ne demande qu\u2019un minimum [&hellip;]<\/p>\n","protected":false},"featured_media":6369441,"template":"","meta":{"_acf_changed":false},"product_cat":[11668,11992,12008],"product_tag":[],"class_list":{"0":"post-64753","1":"product","2":"type-product","3":"status-publish","4":"has-post-thumbnail","6":"product_cat-cucina","7":"product_cat-cuisine","8":"product_cat-outils","10":"first","11":"instock","12":"taxable","13":"shipping-taxable","14":"purchasable","15":"product-type-simple","swatches":"rey-swatches","show_selected":"","stretch_labels":"rey-swatches--stretch-labels"},"acf":[],"yoast_head":"<!-- This site is optimized with the Yoast SEO plugin v25.4 - https:\/\/yoast.com\/wordpress\/plugins\/seo\/ -->\n<title>ZWILLING PRO Ouvre-bo\u00eete - dev6 Erresse<\/title>\n<meta name=\"description\" content=\"De nombreux ingr\u00e9dients sont stock\u00e9s dans des bo\u00eetes de conserve. L\u2019ouvre-bo\u00eete de la collection ZWILLING Pro est l\u2019accessoire de cuisine id\u00e9al pour les\" \/>\n<meta name=\"robots\" content=\"noindex, follow, max-snippet:-1, max-image-preview:large, max-video-preview:-1\" \/>\n<meta property=\"og:locale\" content=\"fr_FR\" \/>\n<meta property=\"og:type\" content=\"article\" \/>\n<meta property=\"og:title\" content=\"ZWILLING PRO Ouvre-bo\u00eete - dev6 Erresse\" \/>\n<meta property=\"og:description\" content=\"De nombreux ingr\u00e9dients sont stock\u00e9s dans des bo\u00eetes de conserve. L\u2019ouvre-bo\u00eete de la collection ZWILLING Pro est l\u2019accessoire de cuisine id\u00e9al pour les\" \/>\n<meta property=\"og:url\" content=\"https:\/\/dev6.erresse-shop.it\/fr\/shop\/cuisine\/outils\/zwilling-pro-ouvre-boite\/\" \/>\n<meta property=\"og:site_name\" content=\"dev6 Erresse\" \/>\n<meta property=\"og:image\" content=\"https:\/\/interpim.erresse-shop.it\/wp-content\/uploads\/2024\/08\/ZWILLING-PRO-Apriscatole.jpg\/zwilling-pro-apriscatole.jpg\" \/><meta property=\"og:image\" content=\"https:\/\/interpim.erresse-shop.it\/wp-content\/uploads\/2024\/08\/ZWILLING-PRO-Apriscatole.jpg\/zwilling-pro-apriscatole.jpg\" \/>\n\t<meta property=\"og:image:width\" content=\"1024\" \/>\n\t<meta property=\"og:image:height\" content=\"1024\" \/>\n\t<meta property=\"og:image:type\" content=\"image\/jpeg\" \/>\n<meta name=\"twitter:card\" content=\"summary_large_image\" \/>\n<meta name=\"twitter:image\" content=\"https:\/\/interpim.erresse-shop.it\/wp-content\/uploads\/2024\/08\/ZWILLING-PRO-Apriscatole.jpg\/zwilling-pro-apriscatole.jpg\" \/>\n<script type=\"application\/ld+json\" class=\"yoast-schema-graph\">{\"@context\":\"https:\/\/schema.org\",\"@graph\":[{\"@type\":\"WebPage\",\"@id\":\"https:\/\/dev6.erresse-shop.it\/fr\/shop\/cuisine\/outils\/zwilling-pro-ouvre-boite\/\",\"url\":\"https:\/\/dev6.erresse-shop.it\/fr\/shop\/cuisine\/outils\/zwilling-pro-ouvre-boite\/\",\"name\":\"ZWILLING PRO Ouvre-bo\u00eete - dev6 Erresse\",\"isPartOf\":{\"@id\":\"https:\/\/dev6.erresse-shop.it\/#website\"},\"primaryImageOfPage\":{\"@id\":\"https:\/\/dev6.erresse-shop.it\/fr\/shop\/cuisine\/outils\/zwilling-pro-ouvre-boite\/#primaryimage\"},\"image\":{\"@id\":\"https:\/\/dev6.erresse-shop.it\/fr\/shop\/cuisine\/outils\/zwilling-pro-ouvre-boite\/#primaryimage\"},\"thumbnailUrl\":\"https:\/\/i0.wp.com\/interpim.erresse-shop.it\/wp-content\/uploads\/2024\/08\/ZWILLING-PRO-Apriscatole.jpg\/zwilling-pro-apriscatole.jpg?ssl=1\",\"datePublished\":\"2026-04-12T09:38:01+00:00\",\"description\":\"De nombreux ingr\u00e9dients sont stock\u00e9s dans des bo\u00eetes de conserve. L\u2019ouvre-bo\u00eete de la collection ZWILLING Pro est l\u2019accessoire de cuisine id\u00e9al pour les\",\"breadcrumb\":{\"@id\":\"https:\/\/dev6.erresse-shop.it\/fr\/shop\/cuisine\/outils\/zwilling-pro-ouvre-boite\/#breadcrumb\"},\"inLanguage\":\"fr-FR\",\"potentialAction\":[{\"@type\":\"ReadAction\",\"target\":[\"https:\/\/dev6.erresse-shop.it\/fr\/shop\/cuisine\/outils\/zwilling-pro-ouvre-boite\/\"]}]},{\"@type\":\"ImageObject\",\"inLanguage\":\"fr-FR\",\"@id\":\"https:\/\/dev6.erresse-shop.it\/fr\/shop\/cuisine\/outils\/zwilling-pro-ouvre-boite\/#primaryimage\",\"url\":\"https:\/\/i0.wp.com\/interpim.erresse-shop.it\/wp-content\/uploads\/2024\/08\/ZWILLING-PRO-Apriscatole.jpg\/zwilling-pro-apriscatole.jpg?ssl=1\",\"contentUrl\":\"https:\/\/i0.wp.com\/interpim.erresse-shop.it\/wp-content\/uploads\/2024\/08\/ZWILLING-PRO-Apriscatole.jpg\/zwilling-pro-apriscatole.jpg?ssl=1\"},{\"@type\":\"BreadcrumbList\",\"@id\":\"https:\/\/dev6.erresse-shop.it\/fr\/shop\/cuisine\/outils\/zwilling-pro-ouvre-boite\/#breadcrumb\",\"itemListElement\":[{\"@type\":\"ListItem\",\"position\":1,\"name\":\"Home\",\"item\":\"https:\/\/dev6.erresse-shop.it\/\"},{\"@type\":\"ListItem\",\"position\":2,\"name\":\"Boutique\",\"item\":\"https:\/\/dev6.erresse-shop.it\/shop\/\"},{\"@type\":\"ListItem\",\"position\":3,\"name\":\"ZWILLING PRO Ouvre-bo\u00eete\"}]},{\"@type\":\"WebSite\",\"@id\":\"https:\/\/dev6.erresse-shop.it\/#website\",\"url\":\"https:\/\/dev6.erresse-shop.it\/\",\"name\":\"Erresse Shop\",\"description\":\"\",\"publisher\":{\"@id\":\"https:\/\/dev6.erresse-shop.it\/#organization\"},\"potentialAction\":[{\"@type\":\"SearchAction\",\"target\":{\"@type\":\"EntryPoint\",\"urlTemplate\":\"https:\/\/dev6.erresse-shop.it\/?s={search_term_string}\"},\"query-input\":{\"@type\":\"PropertyValueSpecification\",\"valueRequired\":true,\"valueName\":\"search_term_string\"}}],\"inLanguage\":\"fr-FR\"},{\"@type\":\"Organization\",\"@id\":\"https:\/\/dev6.erresse-shop.it\/#organization\",\"name\":\"Erresse Shop\",\"url\":\"https:\/\/dev6.erresse-shop.it\/\",\"logo\":{\"@type\":\"ImageObject\",\"inLanguage\":\"fr-FR\",\"@id\":\"https:\/\/dev6.erresse-shop.it\/#\/schema\/logo\/image\/\",\"url\":\"https:\/\/dev6.erresse-shop.it\/wp-content\/uploads\/2025\/01\/LOGO-ERRESSE-CLASSICO.svg\",\"contentUrl\":\"https:\/\/dev6.erresse-shop.it\/wp-content\/uploads\/2025\/01\/LOGO-ERRESSE-CLASSICO.svg\",\"caption\":\"Erresse Shop\"},\"image\":{\"@id\":\"https:\/\/dev6.erresse-shop.it\/#\/schema\/logo\/image\/\"}}]}<\/script>\n<!-- \/ Yoast SEO plugin. -->","yoast_head_json":{"title":"ZWILLING PRO Ouvre-bo\u00eete - dev6 Erresse","description":"De nombreux ingr\u00e9dients sont stock\u00e9s dans des bo\u00eetes de conserve. L\u2019ouvre-bo\u00eete de la collection ZWILLING Pro est l\u2019accessoire de cuisine id\u00e9al pour les","robots":{"index":"noindex","follow":"follow","max-snippet":"max-snippet:-1","max-image-preview":"max-image-preview:large","max-video-preview":"max-video-preview:-1"},"og_locale":"fr_FR","og_type":"article","og_title":"ZWILLING PRO Ouvre-bo\u00eete - dev6 Erresse","og_description":"De nombreux ingr\u00e9dients sont stock\u00e9s dans des bo\u00eetes de conserve. L\u2019ouvre-bo\u00eete de la collection ZWILLING Pro est l\u2019accessoire de cuisine id\u00e9al pour les","og_url":"https:\/\/dev6.erresse-shop.it\/fr\/shop\/cuisine\/outils\/zwilling-pro-ouvre-boite\/","og_site_name":"dev6 Erresse","og_image":[{"url":"https:\/\/interpim.erresse-shop.it\/wp-content\/uploads\/2024\/08\/ZWILLING-PRO-Apriscatole.jpg\/zwilling-pro-apriscatole.jpg","type":"","width":"","height":""},{"url":"https:\/\/interpim.erresse-shop.it\/wp-content\/uploads\/2024\/08\/ZWILLING-PRO-Apriscatole.jpg\/zwilling-pro-apriscatole.jpg","width":1024,"height":1024,"type":"image\/jpeg"}],"twitter_card":"summary_large_image","twitter_image":"https:\/\/interpim.erresse-shop.it\/wp-content\/uploads\/2024\/08\/ZWILLING-PRO-Apriscatole.jpg\/zwilling-pro-apriscatole.jpg","schema":{"@context":"https:\/\/schema.org","@graph":[{"@type":"WebPage","@id":"https:\/\/dev6.erresse-shop.it\/fr\/shop\/cuisine\/outils\/zwilling-pro-ouvre-boite\/","url":"https:\/\/dev6.erresse-shop.it\/fr\/shop\/cuisine\/outils\/zwilling-pro-ouvre-boite\/","name":"ZWILLING PRO Ouvre-bo\u00eete - dev6 Erresse","isPartOf":{"@id":"https:\/\/dev6.erresse-shop.it\/#website"},"primaryImageOfPage":{"@id":"https:\/\/dev6.erresse-shop.it\/fr\/shop\/cuisine\/outils\/zwilling-pro-ouvre-boite\/#primaryimage"},"image":{"@id":"https:\/\/dev6.erresse-shop.it\/fr\/shop\/cuisine\/outils\/zwilling-pro-ouvre-boite\/#primaryimage"},"thumbnailUrl":"https:\/\/i0.wp.com\/interpim.erresse-shop.it\/wp-content\/uploads\/2024\/08\/ZWILLING-PRO-Apriscatole.jpg\/zwilling-pro-apriscatole.jpg?ssl=1","datePublished":"2026-04-12T09:38:01+00:00","description":"De nombreux ingr\u00e9dients sont stock\u00e9s dans des bo\u00eetes de conserve. L\u2019ouvre-bo\u00eete de la collection ZWILLING Pro est l\u2019accessoire de cuisine id\u00e9al pour les","breadcrumb":{"@id":"https:\/\/dev6.erresse-shop.it\/fr\/shop\/cuisine\/outils\/zwilling-pro-ouvre-boite\/#breadcrumb"},"inLanguage":"fr-FR","potentialAction":[{"@type":"ReadAction","target":["https:\/\/dev6.erresse-shop.it\/fr\/shop\/cuisine\/outils\/zwilling-pro-ouvre-boite\/"]}]},{"@type":"ImageObject","inLanguage":"fr-FR","@id":"https:\/\/dev6.erresse-shop.it\/fr\/shop\/cuisine\/outils\/zwilling-pro-ouvre-boite\/#primaryimage","url":"https:\/\/i0.wp.com\/interpim.erresse-shop.it\/wp-content\/uploads\/2024\/08\/ZWILLING-PRO-Apriscatole.jpg\/zwilling-pro-apriscatole.jpg?ssl=1","contentUrl":"https:\/\/i0.wp.com\/interpim.erresse-shop.it\/wp-content\/uploads\/2024\/08\/ZWILLING-PRO-Apriscatole.jpg\/zwilling-pro-apriscatole.jpg?ssl=1"},{"@type":"BreadcrumbList","@id":"https:\/\/dev6.erresse-shop.it\/fr\/shop\/cuisine\/outils\/zwilling-pro-ouvre-boite\/#breadcrumb","itemListElement":[{"@type":"ListItem","position":1,"name":"Home","item":"https:\/\/dev6.erresse-shop.it\/"},{"@type":"ListItem","position":2,"name":"Boutique","item":"https:\/\/dev6.erresse-shop.it\/shop\/"},{"@type":"ListItem","position":3,"name":"ZWILLING PRO Ouvre-bo\u00eete"}]},{"@type":"WebSite","@id":"https:\/\/dev6.erresse-shop.it\/#website","url":"https:\/\/dev6.erresse-shop.it\/","name":"Erresse Shop","description":"","publisher":{"@id":"https:\/\/dev6.erresse-shop.it\/#organization"},"potentialAction":[{"@type":"SearchAction","target":{"@type":"EntryPoint","urlTemplate":"https:\/\/dev6.erresse-shop.it\/?s={search_term_string}"},"query-input":{"@type":"PropertyValueSpecification","valueRequired":true,"valueName":"search_term_string"}}],"inLanguage":"fr-FR"},{"@type":"Organization","@id":"https:\/\/dev6.erresse-shop.it\/#organization","name":"Erresse Shop","url":"https:\/\/dev6.erresse-shop.it\/","logo":{"@type":"ImageObject","inLanguage":"fr-FR","@id":"https:\/\/dev6.erresse-shop.it\/#\/schema\/logo\/image\/","url":"https:\/\/dev6.erresse-shop.it\/wp-content\/uploads\/2025\/01\/LOGO-ERRESSE-CLASSICO.svg","contentUrl":"https:\/\/dev6.erresse-shop.it\/wp-content\/uploads\/2025\/01\/LOGO-ERRESSE-CLASSICO.svg","caption":"Erresse Shop"},"image":{"@id":"https:\/\/dev6.erresse-shop.it\/#\/schema\/logo\/image\/"}}]}},"df_price":29.95,"df_sale_price":"","df_regular_price":29.95,"df_image_link":"https:\/\/i0.wp.com\/interpim.erresse-shop.it\/wp-content\/uploads\/2024\/08\/ZWILLING-PRO-Apriscatole.jpg\/zwilling-pro-apriscatole.jpg?resize=300,300&ssl=1","fifu_image_url":"https:\/\/interpim.erresse-shop.it\/wp-content\/uploads\/2024\/08\/ZWILLING-PRO-Apriscatole.jpg\/zwilling-pro-apriscatole.jpg","_links":{"self":[{"href":"https:\/\/dev6.erresse-shop.it\/fr\/wp-json\/wp\/v2\/product\/64753","targetHints":{"allow":["GET"]}}],"collection":[{"href":"https:\/\/dev6.erresse-shop.it\/fr\/wp-json\/wp\/v2\/product"}],"about":[{"href":"https:\/\/dev6.erresse-shop.it\/fr\/wp-json\/wp\/v2\/types\/product"}],"wp:featuredmedia":[{"embeddable":true,"href":"https:\/\/dev6.erresse-shop.it\/fr\/wp-json\/wp\/v2\/media\/6369441"}],"wp:attachment":[{"href":"https:\/\/dev6.erresse-shop.it\/fr\/wp-json\/wp\/v2\/media?parent=64753"}],"wp:term":[{"taxonomy":"product_cat","embeddable":true,"href":"https:\/\/dev6.erresse-shop.it\/fr\/wp-json\/wp\/v2\/product_cat?post=64753"},{"taxonomy":"product_tag","embeddable":true,"href":"https:\/\/dev6.erresse-shop.it\/fr\/wp-json\/wp\/v2\/product_tag?post=64753"}],"curies":[{"name":"wp","href":"https:\/\/api.w.org\/{rel}","templated":true}]}}