{"id":64751,"date":"2026-04-12T11:38:01","date_gmt":"2026-04-12T09:38:01","guid":{"rendered":"https:\/\/dev6.erresse-shop.it\/shop\/non%20class\u00e9\/zwilling-enfinigy-ouvre-bouteille-electrique-noir\/"},"modified":"2025-09-14T05:49:46","modified_gmt":"2025-09-14T03:49:46","slug":"zwilling-enfinigy-ouvre-bouteille-electrique-noir","status":"publish","type":"product","link":"https:\/\/dev6.erresse-shop.it\/fr\/shop\/table-fr-2\/vin\/tire-bouchons\/zwilling-enfinigy-ouvre-bouteille-electrique-noir\/","title":{"rendered":"ZWILLING Enfinigy Ouvre-bouteille \u00e9lectrique Noir"},"content":{"rendered":"<p>Un produit indispensable pour tous les amateurs de vin : l\u2019ouvre-bouteille \u00e9lectrique ZWILLING ENFINIGY permet d\u2019ouvrir les bouteilles de vin sans effort, sur simple pression d\u2019un bouton. Gr\u00e2ce \u00e0 une seule touche, vous pouvez retirer la capsule et le bouchon des bouteilles de votre vin pr\u00e9f\u00e9r\u00e9 en un clin d\u2019\u0153il ! La batterie puissante vous permet d\u2019ouvrir jusqu\u2019\u00e0 50 bouteilles, tandis que le coupe-feu int\u00e9gr\u00e9 et l\u2019\u00e9clairage LED en font un accessoire complet et sophistiqu\u00e9. De plus, son \u00e9l\u00e9gant design italien fait de ce d\u00e9capsuleur \u00e9lectrique l\u2019accessoire parfait pour toute cuisine ou tout bar. Avec l\u2019ENFINIGY de ZWILLING, vous b\u00e9n\u00e9ficiez d\u2019un confort maximal lorsque vous servez et buvez du vin \u2013 la fa\u00e7on id\u00e9ale de savourer votre prochain verre de vin !<\/p>\n<p>Ouvre les bouteilles de vin d\u2019un simple clic<br \/>\nUne seule charge de batterie suffit pour servir jusqu\u2019\u00e0 50 bouteilles<br \/>\nRev\u00eatement en silicone sans PTFE<br \/>\nCoupe-papier int\u00e9gr\u00e9<br \/>\nLampe LED int\u00e9gr\u00e9e<br \/>\nCon\u00e7u par Matteo Thun et Antonio Rodriguez<\/p>\n<p>Couleur : noir<br \/>\nMat\u00e9riau : plastique<br \/>\nTension : 7,4 V<br \/>\nFr\u00e9quence : 50\/60 Hz<br \/>\nType de moteur : moteur \u00e0 courant continu<\/p>\n","protected":false},"excerpt":{"rendered":"<p>Un produit indispensable pour tous les amateurs de vin : l\u2019ouvre-bouteille \u00e9lectrique ZWILLING ENFINIGY permet d\u2019ouvrir les bouteilles de vin sans effort, sur simple pression d\u2019un bouton. Gr\u00e2ce \u00e0 une seule touche, vous pouvez retirer la capsule et le bouchon des bouteilles de votre vin pr\u00e9f\u00e9r\u00e9 en un clin d\u2019\u0153il ! La batterie puissante vous [&hellip;]<\/p>\n","protected":false},"featured_media":6369430,"template":"","meta":{"_acf_changed":false},"product_cat":[11995,12080,12069],"product_tag":[],"class_list":{"0":"post-64751","1":"product","2":"type-product","3":"status-publish","4":"has-post-thumbnail","6":"product_cat-table-fr-2","7":"product_cat-tire-bouchons","8":"product_cat-vin","10":"first","11":"instock","12":"taxable","13":"shipping-taxable","14":"purchasable","15":"product-type-simple","swatches":"rey-swatches","show_selected":"","stretch_labels":"rey-swatches--stretch-labels"},"acf":[],"yoast_head":"<!-- This site is optimized with the Yoast SEO plugin v25.4 - https:\/\/yoast.com\/wordpress\/plugins\/seo\/ -->\n<title>ZWILLING Enfinigy Ouvre-bouteille \u00e9lectrique Noir - dev6 Erresse<\/title>\n<meta name=\"description\" content=\"Un produit indispensable pour tous les amateurs de vin : l\u2019ouvre-bouteille \u00e9lectrique ZWILLING ENFINIGY permet d\u2019ouvrir les bouteilles de vin sans effort,\" \/>\n<meta name=\"robots\" content=\"noindex, follow, max-snippet:-1, max-image-preview:large, max-video-preview:-1\" \/>\n<meta property=\"og:locale\" content=\"fr_FR\" \/>\n<meta property=\"og:type\" content=\"article\" \/>\n<meta property=\"og:title\" content=\"ZWILLING Enfinigy Ouvre-bouteille \u00e9lectrique Noir - dev6 Erresse\" \/>\n<meta property=\"og:description\" content=\"Un produit indispensable pour tous les amateurs de vin : l\u2019ouvre-bouteille \u00e9lectrique ZWILLING ENFINIGY permet d\u2019ouvrir les bouteilles de vin sans effort,\" \/>\n<meta property=\"og:url\" content=\"https:\/\/dev6.erresse-shop.it\/fr\/shop\/table-fr-2\/vin\/tire-bouchons\/zwilling-enfinigy-ouvre-bouteille-electrique-noir\/\" \/>\n<meta property=\"og:site_name\" content=\"dev6 Erresse\" \/>\n<meta property=\"og:image\" content=\"https:\/\/interpim.erresse-shop.it\/wp-content\/uploads\/2024\/08\/ZWILLING-Enfinigy-Apribottiglie-Vino-Elettrico-Nero.jpg\/zwilling-enfinigy-apribottiglie-vino-elettrico-nero.jpg\" \/><meta property=\"og:image\" content=\"https:\/\/interpim.erresse-shop.it\/wp-content\/uploads\/2024\/08\/ZWILLING-Enfinigy-Apribottiglie-Vino-Elettrico-Nero.jpg\/zwilling-enfinigy-apribottiglie-vino-elettrico-nero.jpg\" \/>\n\t<meta property=\"og:image:width\" content=\"1024\" \/>\n\t<meta property=\"og:image:height\" content=\"1024\" \/>\n\t<meta property=\"og:image:type\" content=\"image\/jpeg\" \/>\n<meta name=\"twitter:card\" content=\"summary_large_image\" \/>\n<meta name=\"twitter:image\" content=\"https:\/\/interpim.erresse-shop.it\/wp-content\/uploads\/2024\/08\/ZWILLING-Enfinigy-Apribottiglie-Vino-Elettrico-Nero.jpg\/zwilling-enfinigy-apribottiglie-vino-elettrico-nero.jpg\" \/>\n<script type=\"application\/ld+json\" class=\"yoast-schema-graph\">{\"@context\":\"https:\/\/schema.org\",\"@graph\":[{\"@type\":\"WebPage\",\"@id\":\"https:\/\/dev6.erresse-shop.it\/fr\/shop\/table-fr-2\/vin\/tire-bouchons\/zwilling-enfinigy-ouvre-bouteille-electrique-noir\/\",\"url\":\"https:\/\/dev6.erresse-shop.it\/fr\/shop\/table-fr-2\/vin\/tire-bouchons\/zwilling-enfinigy-ouvre-bouteille-electrique-noir\/\",\"name\":\"ZWILLING Enfinigy Ouvre-bouteille \u00e9lectrique Noir - dev6 Erresse\",\"isPartOf\":{\"@id\":\"https:\/\/dev6.erresse-shop.it\/#website\"},\"primaryImageOfPage\":{\"@id\":\"https:\/\/dev6.erresse-shop.it\/fr\/shop\/table-fr-2\/vin\/tire-bouchons\/zwilling-enfinigy-ouvre-bouteille-electrique-noir\/#primaryimage\"},\"image\":{\"@id\":\"https:\/\/dev6.erresse-shop.it\/fr\/shop\/table-fr-2\/vin\/tire-bouchons\/zwilling-enfinigy-ouvre-bouteille-electrique-noir\/#primaryimage\"},\"thumbnailUrl\":\"https:\/\/i0.wp.com\/interpim.erresse-shop.it\/wp-content\/uploads\/2024\/08\/ZWILLING-Enfinigy-Apribottiglie-Vino-Elettrico-Nero.jpg\/zwilling-enfinigy-apribottiglie-vino-elettrico-nero.jpg?ssl=1\",\"datePublished\":\"2026-04-12T09:38:01+00:00\",\"description\":\"Un produit indispensable pour tous les amateurs de vin : l\u2019ouvre-bouteille \u00e9lectrique ZWILLING ENFINIGY permet d\u2019ouvrir les bouteilles de vin sans effort,\",\"breadcrumb\":{\"@id\":\"https:\/\/dev6.erresse-shop.it\/fr\/shop\/table-fr-2\/vin\/tire-bouchons\/zwilling-enfinigy-ouvre-bouteille-electrique-noir\/#breadcrumb\"},\"inLanguage\":\"fr-FR\",\"potentialAction\":[{\"@type\":\"ReadAction\",\"target\":[\"https:\/\/dev6.erresse-shop.it\/fr\/shop\/table-fr-2\/vin\/tire-bouchons\/zwilling-enfinigy-ouvre-bouteille-electrique-noir\/\"]}]},{\"@type\":\"ImageObject\",\"inLanguage\":\"fr-FR\",\"@id\":\"https:\/\/dev6.erresse-shop.it\/fr\/shop\/table-fr-2\/vin\/tire-bouchons\/zwilling-enfinigy-ouvre-bouteille-electrique-noir\/#primaryimage\",\"url\":\"https:\/\/i0.wp.com\/interpim.erresse-shop.it\/wp-content\/uploads\/2024\/08\/ZWILLING-Enfinigy-Apribottiglie-Vino-Elettrico-Nero.jpg\/zwilling-enfinigy-apribottiglie-vino-elettrico-nero.jpg?ssl=1\",\"contentUrl\":\"https:\/\/i0.wp.com\/interpim.erresse-shop.it\/wp-content\/uploads\/2024\/08\/ZWILLING-Enfinigy-Apribottiglie-Vino-Elettrico-Nero.jpg\/zwilling-enfinigy-apribottiglie-vino-elettrico-nero.jpg?ssl=1\"},{\"@type\":\"BreadcrumbList\",\"@id\":\"https:\/\/dev6.erresse-shop.it\/fr\/shop\/table-fr-2\/vin\/tire-bouchons\/zwilling-enfinigy-ouvre-bouteille-electrique-noir\/#breadcrumb\",\"itemListElement\":[{\"@type\":\"ListItem\",\"position\":1,\"name\":\"Home\",\"item\":\"https:\/\/dev6.erresse-shop.it\/\"},{\"@type\":\"ListItem\",\"position\":2,\"name\":\"Boutique\",\"item\":\"https:\/\/dev6.erresse-shop.it\/shop\/\"},{\"@type\":\"ListItem\",\"position\":3,\"name\":\"ZWILLING Enfinigy Ouvre-bouteille \u00e9lectrique Noir\"}]},{\"@type\":\"WebSite\",\"@id\":\"https:\/\/dev6.erresse-shop.it\/#website\",\"url\":\"https:\/\/dev6.erresse-shop.it\/\",\"name\":\"Erresse Shop\",\"description\":\"\",\"publisher\":{\"@id\":\"https:\/\/dev6.erresse-shop.it\/#organization\"},\"potentialAction\":[{\"@type\":\"SearchAction\",\"target\":{\"@type\":\"EntryPoint\",\"urlTemplate\":\"https:\/\/dev6.erresse-shop.it\/?s={search_term_string}\"},\"query-input\":{\"@type\":\"PropertyValueSpecification\",\"valueRequired\":true,\"valueName\":\"search_term_string\"}}],\"inLanguage\":\"fr-FR\"},{\"@type\":\"Organization\",\"@id\":\"https:\/\/dev6.erresse-shop.it\/#organization\",\"name\":\"Erresse Shop\",\"url\":\"https:\/\/dev6.erresse-shop.it\/\",\"logo\":{\"@type\":\"ImageObject\",\"inLanguage\":\"fr-FR\",\"@id\":\"https:\/\/dev6.erresse-shop.it\/#\/schema\/logo\/image\/\",\"url\":\"https:\/\/dev6.erresse-shop.it\/wp-content\/uploads\/2025\/01\/LOGO-ERRESSE-CLASSICO.svg\",\"contentUrl\":\"https:\/\/dev6.erresse-shop.it\/wp-content\/uploads\/2025\/01\/LOGO-ERRESSE-CLASSICO.svg\",\"caption\":\"Erresse Shop\"},\"image\":{\"@id\":\"https:\/\/dev6.erresse-shop.it\/#\/schema\/logo\/image\/\"}}]}<\/script>\n<!-- \/ Yoast SEO plugin. -->","yoast_head_json":{"title":"ZWILLING Enfinigy Ouvre-bouteille \u00e9lectrique Noir - dev6 Erresse","description":"Un produit indispensable pour tous les amateurs de vin : l\u2019ouvre-bouteille \u00e9lectrique ZWILLING ENFINIGY permet d\u2019ouvrir les bouteilles de vin sans effort,","robots":{"index":"noindex","follow":"follow","max-snippet":"max-snippet:-1","max-image-preview":"max-image-preview:large","max-video-preview":"max-video-preview:-1"},"og_locale":"fr_FR","og_type":"article","og_title":"ZWILLING Enfinigy Ouvre-bouteille \u00e9lectrique Noir - dev6 Erresse","og_description":"Un produit indispensable pour tous les amateurs de vin : l\u2019ouvre-bouteille \u00e9lectrique ZWILLING ENFINIGY permet d\u2019ouvrir les bouteilles de vin sans effort,","og_url":"https:\/\/dev6.erresse-shop.it\/fr\/shop\/table-fr-2\/vin\/tire-bouchons\/zwilling-enfinigy-ouvre-bouteille-electrique-noir\/","og_site_name":"dev6 Erresse","og_image":[{"url":"https:\/\/interpim.erresse-shop.it\/wp-content\/uploads\/2024\/08\/ZWILLING-Enfinigy-Apribottiglie-Vino-Elettrico-Nero.jpg\/zwilling-enfinigy-apribottiglie-vino-elettrico-nero.jpg","type":"","width":"","height":""},{"url":"https:\/\/interpim.erresse-shop.it\/wp-content\/uploads\/2024\/08\/ZWILLING-Enfinigy-Apribottiglie-Vino-Elettrico-Nero.jpg\/zwilling-enfinigy-apribottiglie-vino-elettrico-nero.jpg","width":1024,"height":1024,"type":"image\/jpeg"}],"twitter_card":"summary_large_image","twitter_image":"https:\/\/interpim.erresse-shop.it\/wp-content\/uploads\/2024\/08\/ZWILLING-Enfinigy-Apribottiglie-Vino-Elettrico-Nero.jpg\/zwilling-enfinigy-apribottiglie-vino-elettrico-nero.jpg","schema":{"@context":"https:\/\/schema.org","@graph":[{"@type":"WebPage","@id":"https:\/\/dev6.erresse-shop.it\/fr\/shop\/table-fr-2\/vin\/tire-bouchons\/zwilling-enfinigy-ouvre-bouteille-electrique-noir\/","url":"https:\/\/dev6.erresse-shop.it\/fr\/shop\/table-fr-2\/vin\/tire-bouchons\/zwilling-enfinigy-ouvre-bouteille-electrique-noir\/","name":"ZWILLING Enfinigy Ouvre-bouteille \u00e9lectrique Noir - dev6 Erresse","isPartOf":{"@id":"https:\/\/dev6.erresse-shop.it\/#website"},"primaryImageOfPage":{"@id":"https:\/\/dev6.erresse-shop.it\/fr\/shop\/table-fr-2\/vin\/tire-bouchons\/zwilling-enfinigy-ouvre-bouteille-electrique-noir\/#primaryimage"},"image":{"@id":"https:\/\/dev6.erresse-shop.it\/fr\/shop\/table-fr-2\/vin\/tire-bouchons\/zwilling-enfinigy-ouvre-bouteille-electrique-noir\/#primaryimage"},"thumbnailUrl":"https:\/\/i0.wp.com\/interpim.erresse-shop.it\/wp-content\/uploads\/2024\/08\/ZWILLING-Enfinigy-Apribottiglie-Vino-Elettrico-Nero.jpg\/zwilling-enfinigy-apribottiglie-vino-elettrico-nero.jpg?ssl=1","datePublished":"2026-04-12T09:38:01+00:00","description":"Un produit indispensable pour tous les amateurs de vin : l\u2019ouvre-bouteille \u00e9lectrique ZWILLING ENFINIGY permet d\u2019ouvrir les bouteilles de vin sans effort,","breadcrumb":{"@id":"https:\/\/dev6.erresse-shop.it\/fr\/shop\/table-fr-2\/vin\/tire-bouchons\/zwilling-enfinigy-ouvre-bouteille-electrique-noir\/#breadcrumb"},"inLanguage":"fr-FR","potentialAction":[{"@type":"ReadAction","target":["https:\/\/dev6.erresse-shop.it\/fr\/shop\/table-fr-2\/vin\/tire-bouchons\/zwilling-enfinigy-ouvre-bouteille-electrique-noir\/"]}]},{"@type":"ImageObject","inLanguage":"fr-FR","@id":"https:\/\/dev6.erresse-shop.it\/fr\/shop\/table-fr-2\/vin\/tire-bouchons\/zwilling-enfinigy-ouvre-bouteille-electrique-noir\/#primaryimage","url":"https:\/\/i0.wp.com\/interpim.erresse-shop.it\/wp-content\/uploads\/2024\/08\/ZWILLING-Enfinigy-Apribottiglie-Vino-Elettrico-Nero.jpg\/zwilling-enfinigy-apribottiglie-vino-elettrico-nero.jpg?ssl=1","contentUrl":"https:\/\/i0.wp.com\/interpim.erresse-shop.it\/wp-content\/uploads\/2024\/08\/ZWILLING-Enfinigy-Apribottiglie-Vino-Elettrico-Nero.jpg\/zwilling-enfinigy-apribottiglie-vino-elettrico-nero.jpg?ssl=1"},{"@type":"BreadcrumbList","@id":"https:\/\/dev6.erresse-shop.it\/fr\/shop\/table-fr-2\/vin\/tire-bouchons\/zwilling-enfinigy-ouvre-bouteille-electrique-noir\/#breadcrumb","itemListElement":[{"@type":"ListItem","position":1,"name":"Home","item":"https:\/\/dev6.erresse-shop.it\/"},{"@type":"ListItem","position":2,"name":"Boutique","item":"https:\/\/dev6.erresse-shop.it\/shop\/"},{"@type":"ListItem","position":3,"name":"ZWILLING Enfinigy Ouvre-bouteille \u00e9lectrique Noir"}]},{"@type":"WebSite","@id":"https:\/\/dev6.erresse-shop.it\/#website","url":"https:\/\/dev6.erresse-shop.it\/","name":"Erresse Shop","description":"","publisher":{"@id":"https:\/\/dev6.erresse-shop.it\/#organization"},"potentialAction":[{"@type":"SearchAction","target":{"@type":"EntryPoint","urlTemplate":"https:\/\/dev6.erresse-shop.it\/?s={search_term_string}"},"query-input":{"@type":"PropertyValueSpecification","valueRequired":true,"valueName":"search_term_string"}}],"inLanguage":"fr-FR"},{"@type":"Organization","@id":"https:\/\/dev6.erresse-shop.it\/#organization","name":"Erresse Shop","url":"https:\/\/dev6.erresse-shop.it\/","logo":{"@type":"ImageObject","inLanguage":"fr-FR","@id":"https:\/\/dev6.erresse-shop.it\/#\/schema\/logo\/image\/","url":"https:\/\/dev6.erresse-shop.it\/wp-content\/uploads\/2025\/01\/LOGO-ERRESSE-CLASSICO.svg","contentUrl":"https:\/\/dev6.erresse-shop.it\/wp-content\/uploads\/2025\/01\/LOGO-ERRESSE-CLASSICO.svg","caption":"Erresse Shop"},"image":{"@id":"https:\/\/dev6.erresse-shop.it\/#\/schema\/logo\/image\/"}}]}},"df_price":49.95,"df_sale_price":"","df_regular_price":49.95,"df_image_link":"https:\/\/i0.wp.com\/interpim.erresse-shop.it\/wp-content\/uploads\/2024\/08\/ZWILLING-Enfinigy-Apribottiglie-Vino-Elettrico-Nero.jpg\/zwilling-enfinigy-apribottiglie-vino-elettrico-nero.jpg?resize=300,300&ssl=1","fifu_image_url":"https:\/\/interpim.erresse-shop.it\/wp-content\/uploads\/2024\/08\/ZWILLING-Enfinigy-Apribottiglie-Vino-Elettrico-Nero.jpg\/zwilling-enfinigy-apribottiglie-vino-elettrico-nero.jpg","_links":{"self":[{"href":"https:\/\/dev6.erresse-shop.it\/fr\/wp-json\/wp\/v2\/product\/64751","targetHints":{"allow":["GET"]}}],"collection":[{"href":"https:\/\/dev6.erresse-shop.it\/fr\/wp-json\/wp\/v2\/product"}],"about":[{"href":"https:\/\/dev6.erresse-shop.it\/fr\/wp-json\/wp\/v2\/types\/product"}],"wp:featuredmedia":[{"embeddable":true,"href":"https:\/\/dev6.erresse-shop.it\/fr\/wp-json\/wp\/v2\/media\/6369430"}],"wp:attachment":[{"href":"https:\/\/dev6.erresse-shop.it\/fr\/wp-json\/wp\/v2\/media?parent=64751"}],"wp:term":[{"taxonomy":"product_cat","embeddable":true,"href":"https:\/\/dev6.erresse-shop.it\/fr\/wp-json\/wp\/v2\/product_cat?post=64751"},{"taxonomy":"product_tag","embeddable":true,"href":"https:\/\/dev6.erresse-shop.it\/fr\/wp-json\/wp\/v2\/product_tag?post=64751"}],"curies":[{"name":"wp","href":"https:\/\/api.w.org\/{rel}","templated":true}]}}