{"id":64747,"date":"2026-04-12T11:38:01","date_gmt":"2026-04-12T09:38:01","guid":{"rendered":"https:\/\/dev6.erresse-shop.it\/shop\/non%20class\u00e9\/zwilling-set-de-2-couteaux-profesional-s\/"},"modified":"2025-09-14T05:49:42","modified_gmt":"2025-09-14T03:49:42","slug":"zwilling-set-de-2-couteaux-profesional-s","status":"publish","type":"product","link":"https:\/\/dev6.erresse-shop.it\/fr\/shop\/cuisine\/couteaux\/couteaux-de-cuisine\/zwilling-set-de-2-couteaux-profesional-s\/","title":{"rendered":"ZWILLING Set de 2 couteaux Profesional S"},"content":{"rendered":"<p>Ce lot de 2 couteaux ZWILLING de la collection PROFESSIONAL \u00ab S \u00bb est le couple id\u00e9al en cuisine pour r\u00e9aliser pratiquement toutes les t\u00e2ches. L\u2019ensemble se compose d\u2019un couteau d\u2019office avec une lame de 10 cm et d\u2019un couteau Santoku avec une lame typique extr\u00eamement tranchante de 18 cm de large. En optant pour cette s\u00e9rie, vous choisirez un v\u00e9ritable classique, con\u00e7u pour les chefs les plus ambitieux. Avec sa lame fine \u00e0 pointe moyenne, le couteau d\u2019office, petit et l\u00e9ger, est id\u00e9al pour \u00e9plucher, nettoyer et couper les fruits et l\u00e9gumes, pr\u00e9parer les viandes ou d\u00e9corer les plats. Le couteau Santoku, quant \u00e0 lui, vous aidera \u00e0 pr\u00e9parer les l\u00e9gumes, la viande et le poisson, vous permettant de couper, \u00e9mincer et hacher sans effort. Les deux couteaux sont fabriqu\u00e9s en acier inoxydable sp\u00e9cial ZWILLING et sont forg\u00e9s avec pr\u00e9cision \u00e0 partir d\u2019une seule pi\u00e8ce d\u2019acier. Finies avec un durcissement cryog\u00e9nique sp\u00e9cial, ces lames FRIODUR\u00ae conservent longtemps leur tranchant et sont particuli\u00e8rement r\u00e9sistantes \u00e0 la corrosion. La construction pleine soie et la finition sans bord assurent l\u2019\u00e9quilibre et la s\u00e9curit\u00e9 fonctionnelle. La poign\u00e9e synth\u00e9tique ergonomique est confortable \u00e0 tenir et le design classique \u00e0 trois rivets conf\u00e8re \u00e0 la collection un attrait intemporel. Gr\u00e2ce au couteau d\u2019office polyvalent et au couteau Santoku, vous aurez pratiquement tout ce dont vous avez besoin en cuisine pour chaque besoin de coupe.<\/p>\n<p>Lame trait\u00e9e avec le durcissement cryog\u00e9nique FRIODUR\u00ae pour une r\u00e9tention exceptionnelle des bords et une r\u00e9sistance \u00e0 la corrosion<br \/>\nAcier inoxydable dans la formule sp\u00e9ciale ZWILLING pour des couteaux robustes, r\u00e9sistants \u00e0 la corrosion et flexibles<br \/>\nCouteau SIGMAFORGE\u00ae forg\u00e9 avec pr\u00e9cision \u00e0 partir d\u2019une seule pi\u00e8ce d\u2019acier<br \/>\nAbsence de joints entre manche et lame<br \/>\nManche ergonomique en mati\u00e8re synth\u00e9tique avec trois rivets, pour une utilisation s\u00fbre et confortable du couteau<\/p>\n","protected":false},"excerpt":{"rendered":"<p>Ce lot de 2 couteaux ZWILLING de la collection PROFESSIONAL \u00ab S \u00bb est le couple id\u00e9al en cuisine pour r\u00e9aliser pratiquement toutes les t\u00e2ches. L\u2019ensemble se compose d\u2019un couteau d\u2019office avec une lame de 10 cm et d\u2019un couteau Santoku avec une lame typique extr\u00eamement tranchante de 18 cm de large. En optant pour [&hellip;]<\/p>\n","protected":false},"featured_media":6369420,"template":"","meta":{"_acf_changed":false},"product_cat":[11997],"product_tag":[],"class_list":{"0":"post-64747","1":"product","2":"type-product","3":"status-publish","4":"has-post-thumbnail","6":"product_cat-couteaux-de-cuisine","8":"first","9":"instock","10":"sale","11":"taxable","12":"shipping-taxable","13":"purchasable","14":"product-type-simple","swatches":"rey-swatches","show_selected":"","stretch_labels":"rey-swatches--stretch-labels"},"acf":[],"yoast_head":"<!-- This site is optimized with the Yoast SEO plugin v25.4 - https:\/\/yoast.com\/wordpress\/plugins\/seo\/ -->\n<title>ZWILLING Set de 2 couteaux Profesional S - dev6 Erresse<\/title>\n<meta name=\"description\" content=\"Ce lot de 2 couteaux ZWILLING de la collection PROFESSIONAL \u00ab S \u00bb est le couple id\u00e9al en cuisine pour r\u00e9aliser pratiquement toutes les t\u00e2ches. L\u2019ensemble\" \/>\n<meta name=\"robots\" content=\"noindex, follow, max-snippet:-1, max-image-preview:large, max-video-preview:-1\" \/>\n<meta property=\"og:locale\" content=\"fr_FR\" \/>\n<meta property=\"og:type\" content=\"article\" \/>\n<meta property=\"og:title\" content=\"ZWILLING Set de 2 couteaux Profesional S - dev6 Erresse\" \/>\n<meta property=\"og:description\" content=\"Ce lot de 2 couteaux ZWILLING de la collection PROFESSIONAL \u00ab S \u00bb est le couple id\u00e9al en cuisine pour r\u00e9aliser pratiquement toutes les t\u00e2ches. L\u2019ensemble\" \/>\n<meta property=\"og:url\" content=\"https:\/\/dev6.erresse-shop.it\/fr\/shop\/cuisine\/couteaux\/couteaux-de-cuisine\/zwilling-set-de-2-couteaux-profesional-s\/\" \/>\n<meta property=\"og:site_name\" content=\"dev6 Erresse\" \/>\n<meta property=\"og:image\" content=\"https:\/\/interpim.erresse-shop.it\/img-catalogo\/zwilling\/zwilling-set-2-coltelli-professional-s.png\" \/><meta property=\"og:image\" content=\"https:\/\/interpim.erresse-shop.it\/img-catalogo\/zwilling\/zwilling-set-2-coltelli-professional-s.png\" \/>\n\t<meta property=\"og:image:width\" content=\"1024\" \/>\n\t<meta property=\"og:image:height\" content=\"1024\" \/>\n\t<meta property=\"og:image:type\" content=\"image\/jpeg\" \/>\n<meta name=\"twitter:card\" content=\"summary_large_image\" \/>\n<meta name=\"twitter:image\" content=\"https:\/\/interpim.erresse-shop.it\/img-catalogo\/zwilling\/zwilling-set-2-coltelli-professional-s.png\" \/>\n<script type=\"application\/ld+json\" class=\"yoast-schema-graph\">{\"@context\":\"https:\/\/schema.org\",\"@graph\":[{\"@type\":\"WebPage\",\"@id\":\"https:\/\/dev6.erresse-shop.it\/fr\/shop\/cuisine\/couteaux\/couteaux-de-cuisine\/zwilling-set-de-2-couteaux-profesional-s\/\",\"url\":\"https:\/\/dev6.erresse-shop.it\/fr\/shop\/cuisine\/couteaux\/couteaux-de-cuisine\/zwilling-set-de-2-couteaux-profesional-s\/\",\"name\":\"ZWILLING Set de 2 couteaux Profesional S - dev6 Erresse\",\"isPartOf\":{\"@id\":\"https:\/\/dev6.erresse-shop.it\/#website\"},\"primaryImageOfPage\":{\"@id\":\"https:\/\/dev6.erresse-shop.it\/fr\/shop\/cuisine\/couteaux\/couteaux-de-cuisine\/zwilling-set-de-2-couteaux-profesional-s\/#primaryimage\"},\"image\":{\"@id\":\"https:\/\/dev6.erresse-shop.it\/fr\/shop\/cuisine\/couteaux\/couteaux-de-cuisine\/zwilling-set-de-2-couteaux-profesional-s\/#primaryimage\"},\"thumbnailUrl\":\"https:\/\/i2.wp.com\/interpim.erresse-shop.it\/img-catalogo\/zwilling\/zwilling-set-2-coltelli-professional-s.png?ssl=1\",\"datePublished\":\"2026-04-12T09:38:01+00:00\",\"description\":\"Ce lot de 2 couteaux ZWILLING de la collection PROFESSIONAL \u00ab S \u00bb est le couple id\u00e9al en cuisine pour r\u00e9aliser pratiquement toutes les t\u00e2ches. L\u2019ensemble\",\"breadcrumb\":{\"@id\":\"https:\/\/dev6.erresse-shop.it\/fr\/shop\/cuisine\/couteaux\/couteaux-de-cuisine\/zwilling-set-de-2-couteaux-profesional-s\/#breadcrumb\"},\"inLanguage\":\"fr-FR\",\"potentialAction\":[{\"@type\":\"ReadAction\",\"target\":[\"https:\/\/dev6.erresse-shop.it\/fr\/shop\/cuisine\/couteaux\/couteaux-de-cuisine\/zwilling-set-de-2-couteaux-profesional-s\/\"]}]},{\"@type\":\"ImageObject\",\"inLanguage\":\"fr-FR\",\"@id\":\"https:\/\/dev6.erresse-shop.it\/fr\/shop\/cuisine\/couteaux\/couteaux-de-cuisine\/zwilling-set-de-2-couteaux-profesional-s\/#primaryimage\",\"url\":\"https:\/\/i2.wp.com\/interpim.erresse-shop.it\/img-catalogo\/zwilling\/zwilling-set-2-coltelli-professional-s.png?ssl=1\",\"contentUrl\":\"https:\/\/i2.wp.com\/interpim.erresse-shop.it\/img-catalogo\/zwilling\/zwilling-set-2-coltelli-professional-s.png?ssl=1\"},{\"@type\":\"BreadcrumbList\",\"@id\":\"https:\/\/dev6.erresse-shop.it\/fr\/shop\/cuisine\/couteaux\/couteaux-de-cuisine\/zwilling-set-de-2-couteaux-profesional-s\/#breadcrumb\",\"itemListElement\":[{\"@type\":\"ListItem\",\"position\":1,\"name\":\"Home\",\"item\":\"https:\/\/dev6.erresse-shop.it\/\"},{\"@type\":\"ListItem\",\"position\":2,\"name\":\"Boutique\",\"item\":\"https:\/\/dev6.erresse-shop.it\/shop\/\"},{\"@type\":\"ListItem\",\"position\":3,\"name\":\"ZWILLING Set de 2 couteaux Profesional S\"}]},{\"@type\":\"WebSite\",\"@id\":\"https:\/\/dev6.erresse-shop.it\/#website\",\"url\":\"https:\/\/dev6.erresse-shop.it\/\",\"name\":\"Erresse Shop\",\"description\":\"\",\"publisher\":{\"@id\":\"https:\/\/dev6.erresse-shop.it\/#organization\"},\"potentialAction\":[{\"@type\":\"SearchAction\",\"target\":{\"@type\":\"EntryPoint\",\"urlTemplate\":\"https:\/\/dev6.erresse-shop.it\/?s={search_term_string}\"},\"query-input\":{\"@type\":\"PropertyValueSpecification\",\"valueRequired\":true,\"valueName\":\"search_term_string\"}}],\"inLanguage\":\"fr-FR\"},{\"@type\":\"Organization\",\"@id\":\"https:\/\/dev6.erresse-shop.it\/#organization\",\"name\":\"Erresse Shop\",\"url\":\"https:\/\/dev6.erresse-shop.it\/\",\"logo\":{\"@type\":\"ImageObject\",\"inLanguage\":\"fr-FR\",\"@id\":\"https:\/\/dev6.erresse-shop.it\/#\/schema\/logo\/image\/\",\"url\":\"https:\/\/dev6.erresse-shop.it\/wp-content\/uploads\/2025\/01\/LOGO-ERRESSE-CLASSICO.svg\",\"contentUrl\":\"https:\/\/dev6.erresse-shop.it\/wp-content\/uploads\/2025\/01\/LOGO-ERRESSE-CLASSICO.svg\",\"caption\":\"Erresse Shop\"},\"image\":{\"@id\":\"https:\/\/dev6.erresse-shop.it\/#\/schema\/logo\/image\/\"}}]}<\/script>\n<!-- \/ Yoast SEO plugin. -->","yoast_head_json":{"title":"ZWILLING Set de 2 couteaux Profesional S - dev6 Erresse","description":"Ce lot de 2 couteaux ZWILLING de la collection PROFESSIONAL \u00ab S \u00bb est le couple id\u00e9al en cuisine pour r\u00e9aliser pratiquement toutes les t\u00e2ches. L\u2019ensemble","robots":{"index":"noindex","follow":"follow","max-snippet":"max-snippet:-1","max-image-preview":"max-image-preview:large","max-video-preview":"max-video-preview:-1"},"og_locale":"fr_FR","og_type":"article","og_title":"ZWILLING Set de 2 couteaux Profesional S - dev6 Erresse","og_description":"Ce lot de 2 couteaux ZWILLING de la collection PROFESSIONAL \u00ab S \u00bb est le couple id\u00e9al en cuisine pour r\u00e9aliser pratiquement toutes les t\u00e2ches. L\u2019ensemble","og_url":"https:\/\/dev6.erresse-shop.it\/fr\/shop\/cuisine\/couteaux\/couteaux-de-cuisine\/zwilling-set-de-2-couteaux-profesional-s\/","og_site_name":"dev6 Erresse","og_image":[{"url":"https:\/\/interpim.erresse-shop.it\/img-catalogo\/zwilling\/zwilling-set-2-coltelli-professional-s.png","type":"","width":"","height":""},{"url":"https:\/\/interpim.erresse-shop.it\/img-catalogo\/zwilling\/zwilling-set-2-coltelli-professional-s.png","width":1024,"height":1024,"type":"image\/jpeg"}],"twitter_card":"summary_large_image","twitter_image":"https:\/\/interpim.erresse-shop.it\/img-catalogo\/zwilling\/zwilling-set-2-coltelli-professional-s.png","schema":{"@context":"https:\/\/schema.org","@graph":[{"@type":"WebPage","@id":"https:\/\/dev6.erresse-shop.it\/fr\/shop\/cuisine\/couteaux\/couteaux-de-cuisine\/zwilling-set-de-2-couteaux-profesional-s\/","url":"https:\/\/dev6.erresse-shop.it\/fr\/shop\/cuisine\/couteaux\/couteaux-de-cuisine\/zwilling-set-de-2-couteaux-profesional-s\/","name":"ZWILLING Set de 2 couteaux Profesional S - dev6 Erresse","isPartOf":{"@id":"https:\/\/dev6.erresse-shop.it\/#website"},"primaryImageOfPage":{"@id":"https:\/\/dev6.erresse-shop.it\/fr\/shop\/cuisine\/couteaux\/couteaux-de-cuisine\/zwilling-set-de-2-couteaux-profesional-s\/#primaryimage"},"image":{"@id":"https:\/\/dev6.erresse-shop.it\/fr\/shop\/cuisine\/couteaux\/couteaux-de-cuisine\/zwilling-set-de-2-couteaux-profesional-s\/#primaryimage"},"thumbnailUrl":"https:\/\/i2.wp.com\/interpim.erresse-shop.it\/img-catalogo\/zwilling\/zwilling-set-2-coltelli-professional-s.png?ssl=1","datePublished":"2026-04-12T09:38:01+00:00","description":"Ce lot de 2 couteaux ZWILLING de la collection PROFESSIONAL \u00ab S \u00bb est le couple id\u00e9al en cuisine pour r\u00e9aliser pratiquement toutes les t\u00e2ches. L\u2019ensemble","breadcrumb":{"@id":"https:\/\/dev6.erresse-shop.it\/fr\/shop\/cuisine\/couteaux\/couteaux-de-cuisine\/zwilling-set-de-2-couteaux-profesional-s\/#breadcrumb"},"inLanguage":"fr-FR","potentialAction":[{"@type":"ReadAction","target":["https:\/\/dev6.erresse-shop.it\/fr\/shop\/cuisine\/couteaux\/couteaux-de-cuisine\/zwilling-set-de-2-couteaux-profesional-s\/"]}]},{"@type":"ImageObject","inLanguage":"fr-FR","@id":"https:\/\/dev6.erresse-shop.it\/fr\/shop\/cuisine\/couteaux\/couteaux-de-cuisine\/zwilling-set-de-2-couteaux-profesional-s\/#primaryimage","url":"https:\/\/i2.wp.com\/interpim.erresse-shop.it\/img-catalogo\/zwilling\/zwilling-set-2-coltelli-professional-s.png?ssl=1","contentUrl":"https:\/\/i2.wp.com\/interpim.erresse-shop.it\/img-catalogo\/zwilling\/zwilling-set-2-coltelli-professional-s.png?ssl=1"},{"@type":"BreadcrumbList","@id":"https:\/\/dev6.erresse-shop.it\/fr\/shop\/cuisine\/couteaux\/couteaux-de-cuisine\/zwilling-set-de-2-couteaux-profesional-s\/#breadcrumb","itemListElement":[{"@type":"ListItem","position":1,"name":"Home","item":"https:\/\/dev6.erresse-shop.it\/"},{"@type":"ListItem","position":2,"name":"Boutique","item":"https:\/\/dev6.erresse-shop.it\/shop\/"},{"@type":"ListItem","position":3,"name":"ZWILLING Set de 2 couteaux Profesional S"}]},{"@type":"WebSite","@id":"https:\/\/dev6.erresse-shop.it\/#website","url":"https:\/\/dev6.erresse-shop.it\/","name":"Erresse Shop","description":"","publisher":{"@id":"https:\/\/dev6.erresse-shop.it\/#organization"},"potentialAction":[{"@type":"SearchAction","target":{"@type":"EntryPoint","urlTemplate":"https:\/\/dev6.erresse-shop.it\/?s={search_term_string}"},"query-input":{"@type":"PropertyValueSpecification","valueRequired":true,"valueName":"search_term_string"}}],"inLanguage":"fr-FR"},{"@type":"Organization","@id":"https:\/\/dev6.erresse-shop.it\/#organization","name":"Erresse Shop","url":"https:\/\/dev6.erresse-shop.it\/","logo":{"@type":"ImageObject","inLanguage":"fr-FR","@id":"https:\/\/dev6.erresse-shop.it\/#\/schema\/logo\/image\/","url":"https:\/\/dev6.erresse-shop.it\/wp-content\/uploads\/2025\/01\/LOGO-ERRESSE-CLASSICO.svg","contentUrl":"https:\/\/dev6.erresse-shop.it\/wp-content\/uploads\/2025\/01\/LOGO-ERRESSE-CLASSICO.svg","caption":"Erresse Shop"},"image":{"@id":"https:\/\/dev6.erresse-shop.it\/#\/schema\/logo\/image\/"}}]}},"df_price":99.95,"df_sale_price":99.95,"df_regular_price":149,"df_image_link":"https:\/\/i2.wp.com\/interpim.erresse-shop.it\/img-catalogo\/zwilling\/zwilling-set-2-coltelli-professional-s.png?resize=300,300&ssl=1","fifu_image_url":"https:\/\/interpim.erresse-shop.it\/img-catalogo\/zwilling\/zwilling-set-2-coltelli-professional-s.png","_links":{"self":[{"href":"https:\/\/dev6.erresse-shop.it\/fr\/wp-json\/wp\/v2\/product\/64747","targetHints":{"allow":["GET"]}}],"collection":[{"href":"https:\/\/dev6.erresse-shop.it\/fr\/wp-json\/wp\/v2\/product"}],"about":[{"href":"https:\/\/dev6.erresse-shop.it\/fr\/wp-json\/wp\/v2\/types\/product"}],"wp:featuredmedia":[{"embeddable":true,"href":"https:\/\/dev6.erresse-shop.it\/fr\/wp-json\/wp\/v2\/media\/6369420"}],"wp:attachment":[{"href":"https:\/\/dev6.erresse-shop.it\/fr\/wp-json\/wp\/v2\/media?parent=64747"}],"wp:term":[{"taxonomy":"product_cat","embeddable":true,"href":"https:\/\/dev6.erresse-shop.it\/fr\/wp-json\/wp\/v2\/product_cat?post=64747"},{"taxonomy":"product_tag","embeddable":true,"href":"https:\/\/dev6.erresse-shop.it\/fr\/wp-json\/wp\/v2\/product_tag?post=64747"}],"curies":[{"name":"wp","href":"https:\/\/api.w.org\/{rel}","templated":true}]}}