{"id":64743,"date":"2026-04-12T11:35:48","date_gmt":"2026-04-12T09:35:48","guid":{"rendered":"https:\/\/dev6.erresse-shop.it\/shop\/non%20class\u00e9\/villeroy-boch-rock-set-de-3-tasses-a-sauce\/"},"modified":"2025-07-04T18:27:01","modified_gmt":"2025-07-04T16:27:01","slug":"villeroy-boch-rock-set-de-3-tasses-a-sauce","status":"publish","type":"product","link":"https:\/\/dev6.erresse-shop.it\/fr\/shop\/table-fr-2\/recipients-et-bols\/villeroy-boch-rock-set-de-3-tasses-a-sauce\/","title":{"rendered":"VILLEROY &#038; BOCH Rock Set de 3 tasses \u00e0 sauce"},"content":{"rendered":"<p>Un look ardoise tr\u00e8s tendance<br \/>\nManufacture Rock est quelque chose de tr\u00e8s sp\u00e9cial : une utilisation innovante des mat\u00e9riaux, des surfaces en porcelaine avec une finition mate et un noir expressif donnent \u00e0 la gamme tendance embl\u00e9matique son aspect ardoise unique et sa sensation exceptionnelle. Les combinaisons au sein de l\u2019ensemble de la s\u00e9rie Manufacture sont int\u00e9ressantes. Qu\u2019il s\u2019agisse de hors-d\u2019\u0153uvre, de petits en-cas ou de sauces savoureuses, ce set de 4 petits bols vous permettra de faire forte impression. Faites-vous plaisir avec un design plein de caract\u00e8re.<\/p>\n<p>L\u2019ensemble se compose de :<\/p>\n<p>1 Plateau de service, 28 cm x 16,9 cm<br \/>\n3 bols \u00e0 sauce, 60 ml<\/p>\n","protected":false},"excerpt":{"rendered":"<p>Un look ardoise tr\u00e8s tendance Manufacture Rock est quelque chose de tr\u00e8s sp\u00e9cial : une utilisation innovante des mat\u00e9riaux, des surfaces en porcelaine avec une finition mate et un noir expressif donnent \u00e0 la gamme tendance embl\u00e9matique son aspect ardoise unique et sa sensation exceptionnelle. Les combinaisons au sein de l\u2019ensemble de la s\u00e9rie Manufacture [&hellip;]<\/p>\n","protected":false},"featured_media":6369401,"template":"","meta":{"_acf_changed":false},"product_cat":[12015,11995,11671],"product_tag":[],"class_list":{"0":"post-64743","1":"product","2":"type-product","3":"status-publish","4":"has-post-thumbnail","6":"product_cat-recipients-et-bols","7":"product_cat-table-fr-2","8":"product_cat-tavola","10":"first","11":"instock","12":"sale","13":"taxable","14":"shipping-taxable","15":"purchasable","16":"product-type-simple","swatches":"rey-swatches","show_selected":"","stretch_labels":"rey-swatches--stretch-labels"},"acf":[],"yoast_head":"<!-- This site is optimized with the Yoast SEO plugin v25.4 - https:\/\/yoast.com\/wordpress\/plugins\/seo\/ -->\n<title>VILLEROY &#038; BOCH Rock Set de 3 tasses \u00e0 sauce - dev6 Erresse<\/title>\n<meta name=\"description\" content=\"Un look ardoise tr\u00e8s tendance Manufacture Rock est quelque chose de tr\u00e8s sp\u00e9cial : une utilisation innovante des mat\u00e9riaux, des surfaces en porcelaine\" \/>\n<meta name=\"robots\" content=\"noindex, follow, max-snippet:-1, max-image-preview:large, max-video-preview:-1\" \/>\n<meta property=\"og:locale\" content=\"fr_FR\" \/>\n<meta property=\"og:type\" content=\"article\" \/>\n<meta property=\"og:title\" content=\"VILLEROY &#038; BOCH Rock Set de 3 tasses \u00e0 sauce - dev6 Erresse\" \/>\n<meta property=\"og:description\" content=\"Un look ardoise tr\u00e8s tendance Manufacture Rock est quelque chose de tr\u00e8s sp\u00e9cial : une utilisation innovante des mat\u00e9riaux, des surfaces en porcelaine\" \/>\n<meta property=\"og:url\" content=\"https:\/\/dev6.erresse-shop.it\/fr\/shop\/table-fr-2\/recipients-et-bols\/villeroy-boch-rock-set-de-3-tasses-a-sauce\/\" \/>\n<meta property=\"og:site_name\" content=\"dev6 Erresse\" \/>\n<meta property=\"og:image\" content=\"https:\/\/interpim.erresse-shop.it\/wp-content\/uploads\/2024\/08\/VILLEROY-BOCH-Rock-Set-3-Coppette-Salsa.jpg\/villeroy-boch-rock-set-3-coppette-salsa.jpg\" \/><meta property=\"og:image\" content=\"https:\/\/interpim.erresse-shop.it\/wp-content\/uploads\/2024\/08\/VILLEROY-BOCH-Rock-Set-3-Coppette-Salsa.jpg\/villeroy-boch-rock-set-3-coppette-salsa.jpg\" \/>\n\t<meta property=\"og:image:width\" content=\"1024\" \/>\n\t<meta property=\"og:image:height\" content=\"1024\" \/>\n\t<meta property=\"og:image:type\" content=\"image\/jpeg\" \/>\n<meta name=\"twitter:card\" content=\"summary_large_image\" \/>\n<meta name=\"twitter:image\" content=\"https:\/\/interpim.erresse-shop.it\/wp-content\/uploads\/2024\/08\/VILLEROY-BOCH-Rock-Set-3-Coppette-Salsa.jpg\/villeroy-boch-rock-set-3-coppette-salsa.jpg\" \/>\n<script type=\"application\/ld+json\" class=\"yoast-schema-graph\">{\"@context\":\"https:\/\/schema.org\",\"@graph\":[{\"@type\":\"WebPage\",\"@id\":\"https:\/\/dev6.erresse-shop.it\/fr\/shop\/table-fr-2\/recipients-et-bols\/villeroy-boch-rock-set-de-3-tasses-a-sauce\/\",\"url\":\"https:\/\/dev6.erresse-shop.it\/fr\/shop\/table-fr-2\/recipients-et-bols\/villeroy-boch-rock-set-de-3-tasses-a-sauce\/\",\"name\":\"VILLEROY &#038; BOCH Rock Set de 3 tasses \u00e0 sauce - dev6 Erresse\",\"isPartOf\":{\"@id\":\"https:\/\/dev6.erresse-shop.it\/#website\"},\"primaryImageOfPage\":{\"@id\":\"https:\/\/dev6.erresse-shop.it\/fr\/shop\/table-fr-2\/recipients-et-bols\/villeroy-boch-rock-set-de-3-tasses-a-sauce\/#primaryimage\"},\"image\":{\"@id\":\"https:\/\/dev6.erresse-shop.it\/fr\/shop\/table-fr-2\/recipients-et-bols\/villeroy-boch-rock-set-de-3-tasses-a-sauce\/#primaryimage\"},\"thumbnailUrl\":\"https:\/\/i1.wp.com\/interpim.erresse-shop.it\/wp-content\/uploads\/2024\/08\/VILLEROY-BOCH-Rock-Set-3-Coppette-Salsa.jpg\/villeroy-boch-rock-set-3-coppette-salsa.jpg?ssl=1\",\"datePublished\":\"2026-04-12T09:35:48+00:00\",\"description\":\"Un look ardoise tr\u00e8s tendance Manufacture Rock est quelque chose de tr\u00e8s sp\u00e9cial : une utilisation innovante des mat\u00e9riaux, des surfaces en porcelaine\",\"breadcrumb\":{\"@id\":\"https:\/\/dev6.erresse-shop.it\/fr\/shop\/table-fr-2\/recipients-et-bols\/villeroy-boch-rock-set-de-3-tasses-a-sauce\/#breadcrumb\"},\"inLanguage\":\"fr-FR\",\"potentialAction\":[{\"@type\":\"ReadAction\",\"target\":[\"https:\/\/dev6.erresse-shop.it\/fr\/shop\/table-fr-2\/recipients-et-bols\/villeroy-boch-rock-set-de-3-tasses-a-sauce\/\"]}]},{\"@type\":\"ImageObject\",\"inLanguage\":\"fr-FR\",\"@id\":\"https:\/\/dev6.erresse-shop.it\/fr\/shop\/table-fr-2\/recipients-et-bols\/villeroy-boch-rock-set-de-3-tasses-a-sauce\/#primaryimage\",\"url\":\"https:\/\/i1.wp.com\/interpim.erresse-shop.it\/wp-content\/uploads\/2024\/08\/VILLEROY-BOCH-Rock-Set-3-Coppette-Salsa.jpg\/villeroy-boch-rock-set-3-coppette-salsa.jpg?ssl=1\",\"contentUrl\":\"https:\/\/i1.wp.com\/interpim.erresse-shop.it\/wp-content\/uploads\/2024\/08\/VILLEROY-BOCH-Rock-Set-3-Coppette-Salsa.jpg\/villeroy-boch-rock-set-3-coppette-salsa.jpg?ssl=1\"},{\"@type\":\"BreadcrumbList\",\"@id\":\"https:\/\/dev6.erresse-shop.it\/fr\/shop\/table-fr-2\/recipients-et-bols\/villeroy-boch-rock-set-de-3-tasses-a-sauce\/#breadcrumb\",\"itemListElement\":[{\"@type\":\"ListItem\",\"position\":1,\"name\":\"Home\",\"item\":\"https:\/\/dev6.erresse-shop.it\/\"},{\"@type\":\"ListItem\",\"position\":2,\"name\":\"Boutique\",\"item\":\"https:\/\/dev6.erresse-shop.it\/shop\/\"},{\"@type\":\"ListItem\",\"position\":3,\"name\":\"VILLEROY &#038; BOCH Rock Set de 3 tasses \u00e0 sauce\"}]},{\"@type\":\"WebSite\",\"@id\":\"https:\/\/dev6.erresse-shop.it\/#website\",\"url\":\"https:\/\/dev6.erresse-shop.it\/\",\"name\":\"Erresse Shop\",\"description\":\"\",\"publisher\":{\"@id\":\"https:\/\/dev6.erresse-shop.it\/#organization\"},\"potentialAction\":[{\"@type\":\"SearchAction\",\"target\":{\"@type\":\"EntryPoint\",\"urlTemplate\":\"https:\/\/dev6.erresse-shop.it\/?s={search_term_string}\"},\"query-input\":{\"@type\":\"PropertyValueSpecification\",\"valueRequired\":true,\"valueName\":\"search_term_string\"}}],\"inLanguage\":\"fr-FR\"},{\"@type\":\"Organization\",\"@id\":\"https:\/\/dev6.erresse-shop.it\/#organization\",\"name\":\"Erresse Shop\",\"url\":\"https:\/\/dev6.erresse-shop.it\/\",\"logo\":{\"@type\":\"ImageObject\",\"inLanguage\":\"fr-FR\",\"@id\":\"https:\/\/dev6.erresse-shop.it\/#\/schema\/logo\/image\/\",\"url\":\"https:\/\/dev6.erresse-shop.it\/wp-content\/uploads\/2025\/01\/LOGO-ERRESSE-CLASSICO.svg\",\"contentUrl\":\"https:\/\/dev6.erresse-shop.it\/wp-content\/uploads\/2025\/01\/LOGO-ERRESSE-CLASSICO.svg\",\"caption\":\"Erresse Shop\"},\"image\":{\"@id\":\"https:\/\/dev6.erresse-shop.it\/#\/schema\/logo\/image\/\"}}]}<\/script>\n<!-- \/ Yoast SEO plugin. -->","yoast_head_json":{"title":"VILLEROY &#038; BOCH Rock Set de 3 tasses \u00e0 sauce - dev6 Erresse","description":"Un look ardoise tr\u00e8s tendance Manufacture Rock est quelque chose de tr\u00e8s sp\u00e9cial : une utilisation innovante des mat\u00e9riaux, des surfaces en porcelaine","robots":{"index":"noindex","follow":"follow","max-snippet":"max-snippet:-1","max-image-preview":"max-image-preview:large","max-video-preview":"max-video-preview:-1"},"og_locale":"fr_FR","og_type":"article","og_title":"VILLEROY &#038; BOCH Rock Set de 3 tasses \u00e0 sauce - dev6 Erresse","og_description":"Un look ardoise tr\u00e8s tendance Manufacture Rock est quelque chose de tr\u00e8s sp\u00e9cial : une utilisation innovante des mat\u00e9riaux, des surfaces en porcelaine","og_url":"https:\/\/dev6.erresse-shop.it\/fr\/shop\/table-fr-2\/recipients-et-bols\/villeroy-boch-rock-set-de-3-tasses-a-sauce\/","og_site_name":"dev6 Erresse","og_image":[{"url":"https:\/\/interpim.erresse-shop.it\/wp-content\/uploads\/2024\/08\/VILLEROY-BOCH-Rock-Set-3-Coppette-Salsa.jpg\/villeroy-boch-rock-set-3-coppette-salsa.jpg","type":"","width":"","height":""},{"url":"https:\/\/interpim.erresse-shop.it\/wp-content\/uploads\/2024\/08\/VILLEROY-BOCH-Rock-Set-3-Coppette-Salsa.jpg\/villeroy-boch-rock-set-3-coppette-salsa.jpg","width":1024,"height":1024,"type":"image\/jpeg"}],"twitter_card":"summary_large_image","twitter_image":"https:\/\/interpim.erresse-shop.it\/wp-content\/uploads\/2024\/08\/VILLEROY-BOCH-Rock-Set-3-Coppette-Salsa.jpg\/villeroy-boch-rock-set-3-coppette-salsa.jpg","schema":{"@context":"https:\/\/schema.org","@graph":[{"@type":"WebPage","@id":"https:\/\/dev6.erresse-shop.it\/fr\/shop\/table-fr-2\/recipients-et-bols\/villeroy-boch-rock-set-de-3-tasses-a-sauce\/","url":"https:\/\/dev6.erresse-shop.it\/fr\/shop\/table-fr-2\/recipients-et-bols\/villeroy-boch-rock-set-de-3-tasses-a-sauce\/","name":"VILLEROY &#038; BOCH Rock Set de 3 tasses \u00e0 sauce - dev6 Erresse","isPartOf":{"@id":"https:\/\/dev6.erresse-shop.it\/#website"},"primaryImageOfPage":{"@id":"https:\/\/dev6.erresse-shop.it\/fr\/shop\/table-fr-2\/recipients-et-bols\/villeroy-boch-rock-set-de-3-tasses-a-sauce\/#primaryimage"},"image":{"@id":"https:\/\/dev6.erresse-shop.it\/fr\/shop\/table-fr-2\/recipients-et-bols\/villeroy-boch-rock-set-de-3-tasses-a-sauce\/#primaryimage"},"thumbnailUrl":"https:\/\/i1.wp.com\/interpim.erresse-shop.it\/wp-content\/uploads\/2024\/08\/VILLEROY-BOCH-Rock-Set-3-Coppette-Salsa.jpg\/villeroy-boch-rock-set-3-coppette-salsa.jpg?ssl=1","datePublished":"2026-04-12T09:35:48+00:00","description":"Un look ardoise tr\u00e8s tendance Manufacture Rock est quelque chose de tr\u00e8s sp\u00e9cial : une utilisation innovante des mat\u00e9riaux, des surfaces en porcelaine","breadcrumb":{"@id":"https:\/\/dev6.erresse-shop.it\/fr\/shop\/table-fr-2\/recipients-et-bols\/villeroy-boch-rock-set-de-3-tasses-a-sauce\/#breadcrumb"},"inLanguage":"fr-FR","potentialAction":[{"@type":"ReadAction","target":["https:\/\/dev6.erresse-shop.it\/fr\/shop\/table-fr-2\/recipients-et-bols\/villeroy-boch-rock-set-de-3-tasses-a-sauce\/"]}]},{"@type":"ImageObject","inLanguage":"fr-FR","@id":"https:\/\/dev6.erresse-shop.it\/fr\/shop\/table-fr-2\/recipients-et-bols\/villeroy-boch-rock-set-de-3-tasses-a-sauce\/#primaryimage","url":"https:\/\/i1.wp.com\/interpim.erresse-shop.it\/wp-content\/uploads\/2024\/08\/VILLEROY-BOCH-Rock-Set-3-Coppette-Salsa.jpg\/villeroy-boch-rock-set-3-coppette-salsa.jpg?ssl=1","contentUrl":"https:\/\/i1.wp.com\/interpim.erresse-shop.it\/wp-content\/uploads\/2024\/08\/VILLEROY-BOCH-Rock-Set-3-Coppette-Salsa.jpg\/villeroy-boch-rock-set-3-coppette-salsa.jpg?ssl=1"},{"@type":"BreadcrumbList","@id":"https:\/\/dev6.erresse-shop.it\/fr\/shop\/table-fr-2\/recipients-et-bols\/villeroy-boch-rock-set-de-3-tasses-a-sauce\/#breadcrumb","itemListElement":[{"@type":"ListItem","position":1,"name":"Home","item":"https:\/\/dev6.erresse-shop.it\/"},{"@type":"ListItem","position":2,"name":"Boutique","item":"https:\/\/dev6.erresse-shop.it\/shop\/"},{"@type":"ListItem","position":3,"name":"VILLEROY &#038; BOCH Rock Set de 3 tasses \u00e0 sauce"}]},{"@type":"WebSite","@id":"https:\/\/dev6.erresse-shop.it\/#website","url":"https:\/\/dev6.erresse-shop.it\/","name":"Erresse Shop","description":"","publisher":{"@id":"https:\/\/dev6.erresse-shop.it\/#organization"},"potentialAction":[{"@type":"SearchAction","target":{"@type":"EntryPoint","urlTemplate":"https:\/\/dev6.erresse-shop.it\/?s={search_term_string}"},"query-input":{"@type":"PropertyValueSpecification","valueRequired":true,"valueName":"search_term_string"}}],"inLanguage":"fr-FR"},{"@type":"Organization","@id":"https:\/\/dev6.erresse-shop.it\/#organization","name":"Erresse Shop","url":"https:\/\/dev6.erresse-shop.it\/","logo":{"@type":"ImageObject","inLanguage":"fr-FR","@id":"https:\/\/dev6.erresse-shop.it\/#\/schema\/logo\/image\/","url":"https:\/\/dev6.erresse-shop.it\/wp-content\/uploads\/2025\/01\/LOGO-ERRESSE-CLASSICO.svg","contentUrl":"https:\/\/dev6.erresse-shop.it\/wp-content\/uploads\/2025\/01\/LOGO-ERRESSE-CLASSICO.svg","caption":"Erresse Shop"},"image":{"@id":"https:\/\/dev6.erresse-shop.it\/#\/schema\/logo\/image\/"}}]}},"df_price":69,"df_sale_price":69,"df_regular_price":72.6,"df_image_link":"https:\/\/i1.wp.com\/interpim.erresse-shop.it\/wp-content\/uploads\/2024\/08\/VILLEROY-BOCH-Rock-Set-3-Coppette-Salsa.jpg\/villeroy-boch-rock-set-3-coppette-salsa.jpg?resize=300,300&ssl=1","fifu_image_url":"https:\/\/interpim.erresse-shop.it\/wp-content\/uploads\/2024\/08\/VILLEROY-BOCH-Rock-Set-3-Coppette-Salsa.jpg\/villeroy-boch-rock-set-3-coppette-salsa.jpg","_links":{"self":[{"href":"https:\/\/dev6.erresse-shop.it\/fr\/wp-json\/wp\/v2\/product\/64743","targetHints":{"allow":["GET"]}}],"collection":[{"href":"https:\/\/dev6.erresse-shop.it\/fr\/wp-json\/wp\/v2\/product"}],"about":[{"href":"https:\/\/dev6.erresse-shop.it\/fr\/wp-json\/wp\/v2\/types\/product"}],"wp:featuredmedia":[{"embeddable":true,"href":"https:\/\/dev6.erresse-shop.it\/fr\/wp-json\/wp\/v2\/media\/6369401"}],"wp:attachment":[{"href":"https:\/\/dev6.erresse-shop.it\/fr\/wp-json\/wp\/v2\/media?parent=64743"}],"wp:term":[{"taxonomy":"product_cat","embeddable":true,"href":"https:\/\/dev6.erresse-shop.it\/fr\/wp-json\/wp\/v2\/product_cat?post=64743"},{"taxonomy":"product_tag","embeddable":true,"href":"https:\/\/dev6.erresse-shop.it\/fr\/wp-json\/wp\/v2\/product_tag?post=64743"}],"curies":[{"name":"wp","href":"https:\/\/api.w.org\/{rel}","templated":true}]}}