{"id":64737,"date":"2026-04-12T11:35:48","date_gmt":"2026-04-12T09:35:48","guid":{"rendered":"https:\/\/dev6.erresse-shop.it\/shop\/non%20class\u00e9\/guzzini-feeling-set-de-couverts-24-pieces-emeraude\/"},"modified":"2025-09-14T05:49:28","modified_gmt":"2025-09-14T03:49:28","slug":"guzzini-feeling-set-de-couverts-24-pieces-emeraude","status":"publish","type":"product","link":"https:\/\/dev6.erresse-shop.it\/fr\/shop\/table-fr-2\/couverts\/guzzini-feeling-set-de-couverts-24-pieces-emeraude\/","title":{"rendered":"GUZZINI Feeling Set de couverts 24 pi\u00e8ces \u00c9meraude"},"content":{"rendered":"<p>La combinaison parfaite de l\u2019acier et du plastique est repr\u00e9sent\u00e9e dans cet ensemble de 24 couverts, 6 pi\u00e8ces par type (cuill\u00e8res, couteaux, fourchettes, cuill\u00e8res \u00e0 caf\u00e9). L\u2019acier inoxydable de la plus haute qualit\u00e9 parcourt toute la longueur des couverts, sur le manche desquels sont appliqu\u00e9s les pr\u00e9cieux \u00e9l\u00e9ments en plastique bicolore.<\/p>\n<p>Con\u00e7us pour r\u00e9sister \u00e0 des milliers de lavages au lave-vaisselle, ils garantissent une hygi\u00e8ne mat\u00e9rielle maximale.<\/p>\n<p>Contenu :<\/p>\n<p>6 couteaux de table<br \/>\n6 fourchettes de table<br \/>\n6 cuill\u00e8res de table<br \/>\n6 cuill\u00e8res \u00e0 caf\u00e9<\/p>\n","protected":false},"excerpt":{"rendered":"<p>La combinaison parfaite de l\u2019acier et du plastique est repr\u00e9sent\u00e9e dans cet ensemble de 24 couverts, 6 pi\u00e8ces par type (cuill\u00e8res, couteaux, fourchettes, cuill\u00e8res \u00e0 caf\u00e9). L\u2019acier inoxydable de la plus haute qualit\u00e9 parcourt toute la longueur des couverts, sur le manche desquels sont appliqu\u00e9s les pr\u00e9cieux \u00e9l\u00e9ments en plastique bicolore. Con\u00e7us pour r\u00e9sister \u00e0 [&hellip;]<\/p>\n","protected":false},"featured_media":6369392,"template":"","meta":{"_acf_changed":false},"product_cat":[11996,11995,11671],"product_tag":[],"class_list":{"0":"post-64737","1":"product","2":"type-product","3":"status-publish","4":"has-post-thumbnail","6":"product_cat-couverts","7":"product_cat-table-fr-2","8":"product_cat-tavola","10":"first","11":"instock","12":"sale","13":"taxable","14":"shipping-taxable","15":"purchasable","16":"product-type-simple","swatches":"rey-swatches","show_selected":"","stretch_labels":"rey-swatches--stretch-labels"},"acf":[],"yoast_head":"<!-- This site is optimized with the Yoast SEO plugin v25.4 - https:\/\/yoast.com\/wordpress\/plugins\/seo\/ -->\n<title>GUZZINI Feeling Set de couverts 24 pi\u00e8ces \u00c9meraude - dev6 Erresse<\/title>\n<meta name=\"description\" content=\"La combinaison parfaite de l\u2019acier et du plastique est repr\u00e9sent\u00e9e dans cet ensemble de 24 couverts, 6 pi\u00e8ces par type (cuill\u00e8res, couteaux, fourchettes,\" \/>\n<meta name=\"robots\" content=\"noindex, follow, max-snippet:-1, max-image-preview:large, max-video-preview:-1\" \/>\n<meta property=\"og:locale\" content=\"fr_FR\" \/>\n<meta property=\"og:type\" content=\"article\" \/>\n<meta property=\"og:title\" content=\"GUZZINI Feeling Set de couverts 24 pi\u00e8ces \u00c9meraude - dev6 Erresse\" \/>\n<meta property=\"og:description\" content=\"La combinaison parfaite de l\u2019acier et du plastique est repr\u00e9sent\u00e9e dans cet ensemble de 24 couverts, 6 pi\u00e8ces par type (cuill\u00e8res, couteaux, fourchettes,\" \/>\n<meta property=\"og:url\" content=\"https:\/\/dev6.erresse-shop.it\/fr\/shop\/table-fr-2\/couverts\/guzzini-feeling-set-de-couverts-24-pieces-emeraude\/\" \/>\n<meta property=\"og:site_name\" content=\"dev6 Erresse\" \/>\n<meta property=\"og:image\" content=\"https:\/\/interpim.erresse-shop.it\/Import\/Prodotti\/guzzini-feeling-set-posate-24-pezzi-smeraldo.jpg\" \/><meta property=\"og:image\" content=\"https:\/\/interpim.erresse-shop.it\/Import\/Prodotti\/guzzini-feeling-set-posate-24-pezzi-smeraldo.jpg\" \/>\n\t<meta property=\"og:image:width\" content=\"1024\" \/>\n\t<meta property=\"og:image:height\" content=\"1024\" \/>\n\t<meta property=\"og:image:type\" content=\"image\/jpeg\" \/>\n<meta name=\"twitter:card\" content=\"summary_large_image\" \/>\n<meta name=\"twitter:image\" content=\"https:\/\/interpim.erresse-shop.it\/Import\/Prodotti\/guzzini-feeling-set-posate-24-pezzi-smeraldo.jpg\" \/>\n<script type=\"application\/ld+json\" class=\"yoast-schema-graph\">{\"@context\":\"https:\/\/schema.org\",\"@graph\":[{\"@type\":\"WebPage\",\"@id\":\"https:\/\/dev6.erresse-shop.it\/fr\/shop\/table-fr-2\/couverts\/guzzini-feeling-set-de-couverts-24-pieces-emeraude\/\",\"url\":\"https:\/\/dev6.erresse-shop.it\/fr\/shop\/table-fr-2\/couverts\/guzzini-feeling-set-de-couverts-24-pieces-emeraude\/\",\"name\":\"GUZZINI Feeling Set de couverts 24 pi\u00e8ces \u00c9meraude - dev6 Erresse\",\"isPartOf\":{\"@id\":\"https:\/\/dev6.erresse-shop.it\/#website\"},\"primaryImageOfPage\":{\"@id\":\"https:\/\/dev6.erresse-shop.it\/fr\/shop\/table-fr-2\/couverts\/guzzini-feeling-set-de-couverts-24-pieces-emeraude\/#primaryimage\"},\"image\":{\"@id\":\"https:\/\/dev6.erresse-shop.it\/fr\/shop\/table-fr-2\/couverts\/guzzini-feeling-set-de-couverts-24-pieces-emeraude\/#primaryimage\"},\"thumbnailUrl\":\"https:\/\/i2.wp.com\/interpim.erresse-shop.it\/Import\/Prodotti\/guzzini-feeling-set-posate-24-pezzi-smeraldo.jpg?ssl=1\",\"datePublished\":\"2026-04-12T09:35:48+00:00\",\"description\":\"La combinaison parfaite de l\u2019acier et du plastique est repr\u00e9sent\u00e9e dans cet ensemble de 24 couverts, 6 pi\u00e8ces par type (cuill\u00e8res, couteaux, fourchettes,\",\"breadcrumb\":{\"@id\":\"https:\/\/dev6.erresse-shop.it\/fr\/shop\/table-fr-2\/couverts\/guzzini-feeling-set-de-couverts-24-pieces-emeraude\/#breadcrumb\"},\"inLanguage\":\"fr-FR\",\"potentialAction\":[{\"@type\":\"ReadAction\",\"target\":[\"https:\/\/dev6.erresse-shop.it\/fr\/shop\/table-fr-2\/couverts\/guzzini-feeling-set-de-couverts-24-pieces-emeraude\/\"]}]},{\"@type\":\"ImageObject\",\"inLanguage\":\"fr-FR\",\"@id\":\"https:\/\/dev6.erresse-shop.it\/fr\/shop\/table-fr-2\/couverts\/guzzini-feeling-set-de-couverts-24-pieces-emeraude\/#primaryimage\",\"url\":\"https:\/\/i2.wp.com\/interpim.erresse-shop.it\/Import\/Prodotti\/guzzini-feeling-set-posate-24-pezzi-smeraldo.jpg?ssl=1\",\"contentUrl\":\"https:\/\/i2.wp.com\/interpim.erresse-shop.it\/Import\/Prodotti\/guzzini-feeling-set-posate-24-pezzi-smeraldo.jpg?ssl=1\"},{\"@type\":\"BreadcrumbList\",\"@id\":\"https:\/\/dev6.erresse-shop.it\/fr\/shop\/table-fr-2\/couverts\/guzzini-feeling-set-de-couverts-24-pieces-emeraude\/#breadcrumb\",\"itemListElement\":[{\"@type\":\"ListItem\",\"position\":1,\"name\":\"Home\",\"item\":\"https:\/\/dev6.erresse-shop.it\/\"},{\"@type\":\"ListItem\",\"position\":2,\"name\":\"Boutique\",\"item\":\"https:\/\/dev6.erresse-shop.it\/shop\/\"},{\"@type\":\"ListItem\",\"position\":3,\"name\":\"GUZZINI Feeling Set de couverts 24 pi\u00e8ces \u00c9meraude\"}]},{\"@type\":\"WebSite\",\"@id\":\"https:\/\/dev6.erresse-shop.it\/#website\",\"url\":\"https:\/\/dev6.erresse-shop.it\/\",\"name\":\"Erresse Shop\",\"description\":\"\",\"publisher\":{\"@id\":\"https:\/\/dev6.erresse-shop.it\/#organization\"},\"potentialAction\":[{\"@type\":\"SearchAction\",\"target\":{\"@type\":\"EntryPoint\",\"urlTemplate\":\"https:\/\/dev6.erresse-shop.it\/?s={search_term_string}\"},\"query-input\":{\"@type\":\"PropertyValueSpecification\",\"valueRequired\":true,\"valueName\":\"search_term_string\"}}],\"inLanguage\":\"fr-FR\"},{\"@type\":\"Organization\",\"@id\":\"https:\/\/dev6.erresse-shop.it\/#organization\",\"name\":\"Erresse Shop\",\"url\":\"https:\/\/dev6.erresse-shop.it\/\",\"logo\":{\"@type\":\"ImageObject\",\"inLanguage\":\"fr-FR\",\"@id\":\"https:\/\/dev6.erresse-shop.it\/#\/schema\/logo\/image\/\",\"url\":\"https:\/\/dev6.erresse-shop.it\/wp-content\/uploads\/2025\/01\/LOGO-ERRESSE-CLASSICO.svg\",\"contentUrl\":\"https:\/\/dev6.erresse-shop.it\/wp-content\/uploads\/2025\/01\/LOGO-ERRESSE-CLASSICO.svg\",\"caption\":\"Erresse Shop\"},\"image\":{\"@id\":\"https:\/\/dev6.erresse-shop.it\/#\/schema\/logo\/image\/\"}}]}<\/script>\n<!-- \/ Yoast SEO plugin. -->","yoast_head_json":{"title":"GUZZINI Feeling Set de couverts 24 pi\u00e8ces \u00c9meraude - dev6 Erresse","description":"La combinaison parfaite de l\u2019acier et du plastique est repr\u00e9sent\u00e9e dans cet ensemble de 24 couverts, 6 pi\u00e8ces par type (cuill\u00e8res, couteaux, fourchettes,","robots":{"index":"noindex","follow":"follow","max-snippet":"max-snippet:-1","max-image-preview":"max-image-preview:large","max-video-preview":"max-video-preview:-1"},"og_locale":"fr_FR","og_type":"article","og_title":"GUZZINI Feeling Set de couverts 24 pi\u00e8ces \u00c9meraude - dev6 Erresse","og_description":"La combinaison parfaite de l\u2019acier et du plastique est repr\u00e9sent\u00e9e dans cet ensemble de 24 couverts, 6 pi\u00e8ces par type (cuill\u00e8res, couteaux, fourchettes,","og_url":"https:\/\/dev6.erresse-shop.it\/fr\/shop\/table-fr-2\/couverts\/guzzini-feeling-set-de-couverts-24-pieces-emeraude\/","og_site_name":"dev6 Erresse","og_image":[{"url":"https:\/\/interpim.erresse-shop.it\/Import\/Prodotti\/guzzini-feeling-set-posate-24-pezzi-smeraldo.jpg","type":"","width":"","height":""},{"url":"https:\/\/interpim.erresse-shop.it\/Import\/Prodotti\/guzzini-feeling-set-posate-24-pezzi-smeraldo.jpg","width":1024,"height":1024,"type":"image\/jpeg"}],"twitter_card":"summary_large_image","twitter_image":"https:\/\/interpim.erresse-shop.it\/Import\/Prodotti\/guzzini-feeling-set-posate-24-pezzi-smeraldo.jpg","schema":{"@context":"https:\/\/schema.org","@graph":[{"@type":"WebPage","@id":"https:\/\/dev6.erresse-shop.it\/fr\/shop\/table-fr-2\/couverts\/guzzini-feeling-set-de-couverts-24-pieces-emeraude\/","url":"https:\/\/dev6.erresse-shop.it\/fr\/shop\/table-fr-2\/couverts\/guzzini-feeling-set-de-couverts-24-pieces-emeraude\/","name":"GUZZINI Feeling Set de couverts 24 pi\u00e8ces \u00c9meraude - dev6 Erresse","isPartOf":{"@id":"https:\/\/dev6.erresse-shop.it\/#website"},"primaryImageOfPage":{"@id":"https:\/\/dev6.erresse-shop.it\/fr\/shop\/table-fr-2\/couverts\/guzzini-feeling-set-de-couverts-24-pieces-emeraude\/#primaryimage"},"image":{"@id":"https:\/\/dev6.erresse-shop.it\/fr\/shop\/table-fr-2\/couverts\/guzzini-feeling-set-de-couverts-24-pieces-emeraude\/#primaryimage"},"thumbnailUrl":"https:\/\/i2.wp.com\/interpim.erresse-shop.it\/Import\/Prodotti\/guzzini-feeling-set-posate-24-pezzi-smeraldo.jpg?ssl=1","datePublished":"2026-04-12T09:35:48+00:00","description":"La combinaison parfaite de l\u2019acier et du plastique est repr\u00e9sent\u00e9e dans cet ensemble de 24 couverts, 6 pi\u00e8ces par type (cuill\u00e8res, couteaux, fourchettes,","breadcrumb":{"@id":"https:\/\/dev6.erresse-shop.it\/fr\/shop\/table-fr-2\/couverts\/guzzini-feeling-set-de-couverts-24-pieces-emeraude\/#breadcrumb"},"inLanguage":"fr-FR","potentialAction":[{"@type":"ReadAction","target":["https:\/\/dev6.erresse-shop.it\/fr\/shop\/table-fr-2\/couverts\/guzzini-feeling-set-de-couverts-24-pieces-emeraude\/"]}]},{"@type":"ImageObject","inLanguage":"fr-FR","@id":"https:\/\/dev6.erresse-shop.it\/fr\/shop\/table-fr-2\/couverts\/guzzini-feeling-set-de-couverts-24-pieces-emeraude\/#primaryimage","url":"https:\/\/i2.wp.com\/interpim.erresse-shop.it\/Import\/Prodotti\/guzzini-feeling-set-posate-24-pezzi-smeraldo.jpg?ssl=1","contentUrl":"https:\/\/i2.wp.com\/interpim.erresse-shop.it\/Import\/Prodotti\/guzzini-feeling-set-posate-24-pezzi-smeraldo.jpg?ssl=1"},{"@type":"BreadcrumbList","@id":"https:\/\/dev6.erresse-shop.it\/fr\/shop\/table-fr-2\/couverts\/guzzini-feeling-set-de-couverts-24-pieces-emeraude\/#breadcrumb","itemListElement":[{"@type":"ListItem","position":1,"name":"Home","item":"https:\/\/dev6.erresse-shop.it\/"},{"@type":"ListItem","position":2,"name":"Boutique","item":"https:\/\/dev6.erresse-shop.it\/shop\/"},{"@type":"ListItem","position":3,"name":"GUZZINI Feeling Set de couverts 24 pi\u00e8ces \u00c9meraude"}]},{"@type":"WebSite","@id":"https:\/\/dev6.erresse-shop.it\/#website","url":"https:\/\/dev6.erresse-shop.it\/","name":"Erresse Shop","description":"","publisher":{"@id":"https:\/\/dev6.erresse-shop.it\/#organization"},"potentialAction":[{"@type":"SearchAction","target":{"@type":"EntryPoint","urlTemplate":"https:\/\/dev6.erresse-shop.it\/?s={search_term_string}"},"query-input":{"@type":"PropertyValueSpecification","valueRequired":true,"valueName":"search_term_string"}}],"inLanguage":"fr-FR"},{"@type":"Organization","@id":"https:\/\/dev6.erresse-shop.it\/#organization","name":"Erresse Shop","url":"https:\/\/dev6.erresse-shop.it\/","logo":{"@type":"ImageObject","inLanguage":"fr-FR","@id":"https:\/\/dev6.erresse-shop.it\/#\/schema\/logo\/image\/","url":"https:\/\/dev6.erresse-shop.it\/wp-content\/uploads\/2025\/01\/LOGO-ERRESSE-CLASSICO.svg","contentUrl":"https:\/\/dev6.erresse-shop.it\/wp-content\/uploads\/2025\/01\/LOGO-ERRESSE-CLASSICO.svg","caption":"Erresse Shop"},"image":{"@id":"https:\/\/dev6.erresse-shop.it\/#\/schema\/logo\/image\/"}}]}},"df_price":89.95,"df_sale_price":89.95,"df_regular_price":119,"df_image_link":"https:\/\/i2.wp.com\/interpim.erresse-shop.it\/Import\/Prodotti\/guzzini-feeling-set-posate-24-pezzi-smeraldo.jpg?resize=300,300&ssl=1","fifu_image_url":"https:\/\/interpim.erresse-shop.it\/Import\/Prodotti\/guzzini-feeling-set-posate-24-pezzi-smeraldo.jpg","_links":{"self":[{"href":"https:\/\/dev6.erresse-shop.it\/fr\/wp-json\/wp\/v2\/product\/64737","targetHints":{"allow":["GET"]}}],"collection":[{"href":"https:\/\/dev6.erresse-shop.it\/fr\/wp-json\/wp\/v2\/product"}],"about":[{"href":"https:\/\/dev6.erresse-shop.it\/fr\/wp-json\/wp\/v2\/types\/product"}],"wp:featuredmedia":[{"embeddable":true,"href":"https:\/\/dev6.erresse-shop.it\/fr\/wp-json\/wp\/v2\/media\/6369392"}],"wp:attachment":[{"href":"https:\/\/dev6.erresse-shop.it\/fr\/wp-json\/wp\/v2\/media?parent=64737"}],"wp:term":[{"taxonomy":"product_cat","embeddable":true,"href":"https:\/\/dev6.erresse-shop.it\/fr\/wp-json\/wp\/v2\/product_cat?post=64737"},{"taxonomy":"product_tag","embeddable":true,"href":"https:\/\/dev6.erresse-shop.it\/fr\/wp-json\/wp\/v2\/product_tag?post=64737"}],"curies":[{"name":"wp","href":"https:\/\/api.w.org\/{rel}","templated":true}]}}