{"id":64701,"date":"2026-04-12T11:33:37","date_gmt":"2026-04-12T09:33:37","guid":{"rendered":"https:\/\/dev6.erresse-shop.it\/shop\/non%20class\u00e9\/wusthof-classic-ikon-couteau-a-eplucher-7-cm\/"},"modified":"2025-11-22T18:02:53","modified_gmt":"2025-11-22T17:02:53","slug":"wusthof-classic-ikon-couteau-a-eplucher-7-cm","status":"publish","type":"product","link":"https:\/\/dev6.erresse-shop.it\/fr\/shop\/cuisine\/couteaux\/couteaux-de-cuisine\/wusthof-classic-ikon-couteau-a-eplucher-7-cm\/","title":{"rendered":"WUSTHOF Classic Ikon Couteau \u00e0 \u00e9plucher 7 cm"},"content":{"rendered":"<p>Particuli\u00e8rement utile pour \u00e9plucher et nettoyer les fruits et l\u00e9gumes ronds : ce petit couteau \u00e0 \u00e9plucher pratique \u2013 \u00e9galement appel\u00e9 couteau d\u2019office ou couteau de Tourne \u2013 permet, gr\u00e2ce \u00e0 sa lame courte et incurv\u00e9e en forme de bec d\u2019oiseau, d\u2019\u00e9plucher rapidement des produits tels que les pommes de terre ou les pommes, tout en pr\u00e9servant les pr\u00e9cieuses vitamines directement sous la peau. Le bord lisse de l\u2019\u00e9plucheur\/couteau de Tourne permet des coupes tr\u00e8s pr\u00e9cises, ce qui en fait l\u2019outil id\u00e9al pour \u00e9vider et d\u00e9corer les fruits et les l\u00e9gumes.<\/p>\n<p>D\u00e9tails du produit :<\/p>\n<p>Lame en acier inoxydable<br \/>\nExcellente ergonomie.<br \/>\nEquilibre parfait pour une coupe sans effort.<br \/>\nAucun espace entre le manche et la lame pour une hygi\u00e8ne parfaite.<br \/>\nManche noir en mati\u00e8re synth\u00e9tique sp\u00e9ciale.<br \/>\nTranchant constant dans le temps, gr\u00e2ce \u00e0 la technologie PEtec \u2013 Precision Edge de W\u00dcSTHOF.<\/p>\n","protected":false},"excerpt":{"rendered":"<p>Particuli\u00e8rement utile pour \u00e9plucher et nettoyer les fruits et l\u00e9gumes ronds : ce petit couteau \u00e0 \u00e9plucher pratique \u2013 \u00e9galement appel\u00e9 couteau d\u2019office ou couteau de Tourne \u2013 permet, gr\u00e2ce \u00e0 sa lame courte et incurv\u00e9e en forme de bec d\u2019oiseau, d\u2019\u00e9plucher rapidement des produits tels que les pommes de terre ou les pommes, tout [&hellip;]<\/p>\n","protected":false},"featured_media":6369302,"template":"","meta":{"_acf_changed":false},"product_cat":[11997],"product_tag":[],"class_list":{"0":"post-64701","1":"product","2":"type-product","3":"status-publish","4":"has-post-thumbnail","6":"product_cat-couteaux-de-cuisine","8":"first","9":"instock","10":"sale","11":"taxable","12":"shipping-taxable","13":"purchasable","14":"product-type-simple","swatches":"rey-swatches","show_selected":"","stretch_labels":"rey-swatches--stretch-labels"},"acf":[],"yoast_head":"<!-- This site is optimized with the Yoast SEO plugin v25.4 - https:\/\/yoast.com\/wordpress\/plugins\/seo\/ -->\n<title>WUSTHOF Classic Ikon Couteau \u00e0 \u00e9plucher 7 cm - dev6 Erresse<\/title>\n<meta name=\"description\" content=\"Particuli\u00e8rement utile pour \u00e9plucher et nettoyer les fruits et l\u00e9gumes ronds : ce petit couteau \u00e0 \u00e9plucher pratique \u2013 \u00e9galement appel\u00e9 couteau d\u2019office ou\" \/>\n<meta name=\"robots\" content=\"noindex, follow, max-snippet:-1, max-image-preview:large, max-video-preview:-1\" \/>\n<meta property=\"og:locale\" content=\"fr_FR\" \/>\n<meta property=\"og:type\" content=\"article\" \/>\n<meta property=\"og:title\" content=\"WUSTHOF Classic Ikon Couteau \u00e0 \u00e9plucher 7 cm - dev6 Erresse\" \/>\n<meta property=\"og:description\" content=\"Particuli\u00e8rement utile pour \u00e9plucher et nettoyer les fruits et l\u00e9gumes ronds : ce petit couteau \u00e0 \u00e9plucher pratique \u2013 \u00e9galement appel\u00e9 couteau d\u2019office ou\" \/>\n<meta property=\"og:url\" content=\"https:\/\/dev6.erresse-shop.it\/fr\/shop\/cuisine\/couteaux\/couteaux-de-cuisine\/wusthof-classic-ikon-couteau-a-eplucher-7-cm\/\" \/>\n<meta property=\"og:site_name\" content=\"dev6 Erresse\" \/>\n<meta property=\"og:image\" content=\"https:\/\/interpim.erresse-shop.it\/img-catalogo\/wusthof\/wusthof-classic-ikon-coltello-per-sbucciare-7-cm.png\" \/><meta property=\"og:image\" content=\"https:\/\/interpim.erresse-shop.it\/img-catalogo\/wusthof\/wusthof-classic-ikon-coltello-per-sbucciare-7-cm.png\" \/>\n\t<meta property=\"og:image:width\" content=\"1024\" \/>\n\t<meta property=\"og:image:height\" content=\"1024\" \/>\n\t<meta property=\"og:image:type\" content=\"image\/jpeg\" \/>\n<meta name=\"twitter:card\" content=\"summary_large_image\" \/>\n<meta name=\"twitter:image\" content=\"https:\/\/interpim.erresse-shop.it\/img-catalogo\/wusthof\/wusthof-classic-ikon-coltello-per-sbucciare-7-cm.png\" \/>\n<script type=\"application\/ld+json\" class=\"yoast-schema-graph\">{\"@context\":\"https:\/\/schema.org\",\"@graph\":[{\"@type\":\"WebPage\",\"@id\":\"https:\/\/dev6.erresse-shop.it\/fr\/shop\/cuisine\/couteaux\/couteaux-de-cuisine\/wusthof-classic-ikon-couteau-a-eplucher-7-cm\/\",\"url\":\"https:\/\/dev6.erresse-shop.it\/fr\/shop\/cuisine\/couteaux\/couteaux-de-cuisine\/wusthof-classic-ikon-couteau-a-eplucher-7-cm\/\",\"name\":\"WUSTHOF Classic Ikon Couteau \u00e0 \u00e9plucher 7 cm - dev6 Erresse\",\"isPartOf\":{\"@id\":\"https:\/\/dev6.erresse-shop.it\/#website\"},\"primaryImageOfPage\":{\"@id\":\"https:\/\/dev6.erresse-shop.it\/fr\/shop\/cuisine\/couteaux\/couteaux-de-cuisine\/wusthof-classic-ikon-couteau-a-eplucher-7-cm\/#primaryimage\"},\"image\":{\"@id\":\"https:\/\/dev6.erresse-shop.it\/fr\/shop\/cuisine\/couteaux\/couteaux-de-cuisine\/wusthof-classic-ikon-couteau-a-eplucher-7-cm\/#primaryimage\"},\"thumbnailUrl\":\"https:\/\/i2.wp.com\/interpim.erresse-shop.it\/img-catalogo\/wusthof\/wusthof-classic-ikon-coltello-per-sbucciare-7-cm.png?ssl=1\",\"datePublished\":\"2026-04-12T09:33:37+00:00\",\"description\":\"Particuli\u00e8rement utile pour \u00e9plucher et nettoyer les fruits et l\u00e9gumes ronds : ce petit couteau \u00e0 \u00e9plucher pratique \u2013 \u00e9galement appel\u00e9 couteau d\u2019office ou\",\"breadcrumb\":{\"@id\":\"https:\/\/dev6.erresse-shop.it\/fr\/shop\/cuisine\/couteaux\/couteaux-de-cuisine\/wusthof-classic-ikon-couteau-a-eplucher-7-cm\/#breadcrumb\"},\"inLanguage\":\"fr-FR\",\"potentialAction\":[{\"@type\":\"ReadAction\",\"target\":[\"https:\/\/dev6.erresse-shop.it\/fr\/shop\/cuisine\/couteaux\/couteaux-de-cuisine\/wusthof-classic-ikon-couteau-a-eplucher-7-cm\/\"]}]},{\"@type\":\"ImageObject\",\"inLanguage\":\"fr-FR\",\"@id\":\"https:\/\/dev6.erresse-shop.it\/fr\/shop\/cuisine\/couteaux\/couteaux-de-cuisine\/wusthof-classic-ikon-couteau-a-eplucher-7-cm\/#primaryimage\",\"url\":\"https:\/\/i2.wp.com\/interpim.erresse-shop.it\/img-catalogo\/wusthof\/wusthof-classic-ikon-coltello-per-sbucciare-7-cm.png?ssl=1\",\"contentUrl\":\"https:\/\/i2.wp.com\/interpim.erresse-shop.it\/img-catalogo\/wusthof\/wusthof-classic-ikon-coltello-per-sbucciare-7-cm.png?ssl=1\"},{\"@type\":\"BreadcrumbList\",\"@id\":\"https:\/\/dev6.erresse-shop.it\/fr\/shop\/cuisine\/couteaux\/couteaux-de-cuisine\/wusthof-classic-ikon-couteau-a-eplucher-7-cm\/#breadcrumb\",\"itemListElement\":[{\"@type\":\"ListItem\",\"position\":1,\"name\":\"Home\",\"item\":\"https:\/\/dev6.erresse-shop.it\/\"},{\"@type\":\"ListItem\",\"position\":2,\"name\":\"Boutique\",\"item\":\"https:\/\/dev6.erresse-shop.it\/shop\/\"},{\"@type\":\"ListItem\",\"position\":3,\"name\":\"WUSTHOF Classic Ikon Couteau \u00e0 \u00e9plucher 7 cm\"}]},{\"@type\":\"WebSite\",\"@id\":\"https:\/\/dev6.erresse-shop.it\/#website\",\"url\":\"https:\/\/dev6.erresse-shop.it\/\",\"name\":\"Erresse Shop\",\"description\":\"\",\"publisher\":{\"@id\":\"https:\/\/dev6.erresse-shop.it\/#organization\"},\"potentialAction\":[{\"@type\":\"SearchAction\",\"target\":{\"@type\":\"EntryPoint\",\"urlTemplate\":\"https:\/\/dev6.erresse-shop.it\/?s={search_term_string}\"},\"query-input\":{\"@type\":\"PropertyValueSpecification\",\"valueRequired\":true,\"valueName\":\"search_term_string\"}}],\"inLanguage\":\"fr-FR\"},{\"@type\":\"Organization\",\"@id\":\"https:\/\/dev6.erresse-shop.it\/#organization\",\"name\":\"Erresse Shop\",\"url\":\"https:\/\/dev6.erresse-shop.it\/\",\"logo\":{\"@type\":\"ImageObject\",\"inLanguage\":\"fr-FR\",\"@id\":\"https:\/\/dev6.erresse-shop.it\/#\/schema\/logo\/image\/\",\"url\":\"https:\/\/dev6.erresse-shop.it\/wp-content\/uploads\/2025\/01\/LOGO-ERRESSE-CLASSICO.svg\",\"contentUrl\":\"https:\/\/dev6.erresse-shop.it\/wp-content\/uploads\/2025\/01\/LOGO-ERRESSE-CLASSICO.svg\",\"caption\":\"Erresse Shop\"},\"image\":{\"@id\":\"https:\/\/dev6.erresse-shop.it\/#\/schema\/logo\/image\/\"}}]}<\/script>\n<!-- \/ Yoast SEO plugin. -->","yoast_head_json":{"title":"WUSTHOF Classic Ikon Couteau \u00e0 \u00e9plucher 7 cm - dev6 Erresse","description":"Particuli\u00e8rement utile pour \u00e9plucher et nettoyer les fruits et l\u00e9gumes ronds : ce petit couteau \u00e0 \u00e9plucher pratique \u2013 \u00e9galement appel\u00e9 couteau d\u2019office ou","robots":{"index":"noindex","follow":"follow","max-snippet":"max-snippet:-1","max-image-preview":"max-image-preview:large","max-video-preview":"max-video-preview:-1"},"og_locale":"fr_FR","og_type":"article","og_title":"WUSTHOF Classic Ikon Couteau \u00e0 \u00e9plucher 7 cm - dev6 Erresse","og_description":"Particuli\u00e8rement utile pour \u00e9plucher et nettoyer les fruits et l\u00e9gumes ronds : ce petit couteau \u00e0 \u00e9plucher pratique \u2013 \u00e9galement appel\u00e9 couteau d\u2019office ou","og_url":"https:\/\/dev6.erresse-shop.it\/fr\/shop\/cuisine\/couteaux\/couteaux-de-cuisine\/wusthof-classic-ikon-couteau-a-eplucher-7-cm\/","og_site_name":"dev6 Erresse","og_image":[{"url":"https:\/\/interpim.erresse-shop.it\/img-catalogo\/wusthof\/wusthof-classic-ikon-coltello-per-sbucciare-7-cm.png","type":"","width":"","height":""},{"url":"https:\/\/interpim.erresse-shop.it\/img-catalogo\/wusthof\/wusthof-classic-ikon-coltello-per-sbucciare-7-cm.png","width":1024,"height":1024,"type":"image\/jpeg"}],"twitter_card":"summary_large_image","twitter_image":"https:\/\/interpim.erresse-shop.it\/img-catalogo\/wusthof\/wusthof-classic-ikon-coltello-per-sbucciare-7-cm.png","schema":{"@context":"https:\/\/schema.org","@graph":[{"@type":"WebPage","@id":"https:\/\/dev6.erresse-shop.it\/fr\/shop\/cuisine\/couteaux\/couteaux-de-cuisine\/wusthof-classic-ikon-couteau-a-eplucher-7-cm\/","url":"https:\/\/dev6.erresse-shop.it\/fr\/shop\/cuisine\/couteaux\/couteaux-de-cuisine\/wusthof-classic-ikon-couteau-a-eplucher-7-cm\/","name":"WUSTHOF Classic Ikon Couteau \u00e0 \u00e9plucher 7 cm - dev6 Erresse","isPartOf":{"@id":"https:\/\/dev6.erresse-shop.it\/#website"},"primaryImageOfPage":{"@id":"https:\/\/dev6.erresse-shop.it\/fr\/shop\/cuisine\/couteaux\/couteaux-de-cuisine\/wusthof-classic-ikon-couteau-a-eplucher-7-cm\/#primaryimage"},"image":{"@id":"https:\/\/dev6.erresse-shop.it\/fr\/shop\/cuisine\/couteaux\/couteaux-de-cuisine\/wusthof-classic-ikon-couteau-a-eplucher-7-cm\/#primaryimage"},"thumbnailUrl":"https:\/\/i2.wp.com\/interpim.erresse-shop.it\/img-catalogo\/wusthof\/wusthof-classic-ikon-coltello-per-sbucciare-7-cm.png?ssl=1","datePublished":"2026-04-12T09:33:37+00:00","description":"Particuli\u00e8rement utile pour \u00e9plucher et nettoyer les fruits et l\u00e9gumes ronds : ce petit couteau \u00e0 \u00e9plucher pratique \u2013 \u00e9galement appel\u00e9 couteau d\u2019office ou","breadcrumb":{"@id":"https:\/\/dev6.erresse-shop.it\/fr\/shop\/cuisine\/couteaux\/couteaux-de-cuisine\/wusthof-classic-ikon-couteau-a-eplucher-7-cm\/#breadcrumb"},"inLanguage":"fr-FR","potentialAction":[{"@type":"ReadAction","target":["https:\/\/dev6.erresse-shop.it\/fr\/shop\/cuisine\/couteaux\/couteaux-de-cuisine\/wusthof-classic-ikon-couteau-a-eplucher-7-cm\/"]}]},{"@type":"ImageObject","inLanguage":"fr-FR","@id":"https:\/\/dev6.erresse-shop.it\/fr\/shop\/cuisine\/couteaux\/couteaux-de-cuisine\/wusthof-classic-ikon-couteau-a-eplucher-7-cm\/#primaryimage","url":"https:\/\/i2.wp.com\/interpim.erresse-shop.it\/img-catalogo\/wusthof\/wusthof-classic-ikon-coltello-per-sbucciare-7-cm.png?ssl=1","contentUrl":"https:\/\/i2.wp.com\/interpim.erresse-shop.it\/img-catalogo\/wusthof\/wusthof-classic-ikon-coltello-per-sbucciare-7-cm.png?ssl=1"},{"@type":"BreadcrumbList","@id":"https:\/\/dev6.erresse-shop.it\/fr\/shop\/cuisine\/couteaux\/couteaux-de-cuisine\/wusthof-classic-ikon-couteau-a-eplucher-7-cm\/#breadcrumb","itemListElement":[{"@type":"ListItem","position":1,"name":"Home","item":"https:\/\/dev6.erresse-shop.it\/"},{"@type":"ListItem","position":2,"name":"Boutique","item":"https:\/\/dev6.erresse-shop.it\/shop\/"},{"@type":"ListItem","position":3,"name":"WUSTHOF Classic Ikon Couteau \u00e0 \u00e9plucher 7 cm"}]},{"@type":"WebSite","@id":"https:\/\/dev6.erresse-shop.it\/#website","url":"https:\/\/dev6.erresse-shop.it\/","name":"Erresse Shop","description":"","publisher":{"@id":"https:\/\/dev6.erresse-shop.it\/#organization"},"potentialAction":[{"@type":"SearchAction","target":{"@type":"EntryPoint","urlTemplate":"https:\/\/dev6.erresse-shop.it\/?s={search_term_string}"},"query-input":{"@type":"PropertyValueSpecification","valueRequired":true,"valueName":"search_term_string"}}],"inLanguage":"fr-FR"},{"@type":"Organization","@id":"https:\/\/dev6.erresse-shop.it\/#organization","name":"Erresse Shop","url":"https:\/\/dev6.erresse-shop.it\/","logo":{"@type":"ImageObject","inLanguage":"fr-FR","@id":"https:\/\/dev6.erresse-shop.it\/#\/schema\/logo\/image\/","url":"https:\/\/dev6.erresse-shop.it\/wp-content\/uploads\/2025\/01\/LOGO-ERRESSE-CLASSICO.svg","contentUrl":"https:\/\/dev6.erresse-shop.it\/wp-content\/uploads\/2025\/01\/LOGO-ERRESSE-CLASSICO.svg","caption":"Erresse Shop"},"image":{"@id":"https:\/\/dev6.erresse-shop.it\/#\/schema\/logo\/image\/"}}]}},"df_price":99,"df_sale_price":99,"df_regular_price":115,"df_image_link":"https:\/\/i2.wp.com\/interpim.erresse-shop.it\/img-catalogo\/wusthof\/wusthof-classic-ikon-coltello-per-sbucciare-7-cm.png?resize=300,300&ssl=1","fifu_image_url":"https:\/\/interpim.erresse-shop.it\/img-catalogo\/wusthof\/wusthof-classic-ikon-coltello-per-sbucciare-7-cm.png","_links":{"self":[{"href":"https:\/\/dev6.erresse-shop.it\/fr\/wp-json\/wp\/v2\/product\/64701","targetHints":{"allow":["GET"]}}],"collection":[{"href":"https:\/\/dev6.erresse-shop.it\/fr\/wp-json\/wp\/v2\/product"}],"about":[{"href":"https:\/\/dev6.erresse-shop.it\/fr\/wp-json\/wp\/v2\/types\/product"}],"wp:featuredmedia":[{"embeddable":true,"href":"https:\/\/dev6.erresse-shop.it\/fr\/wp-json\/wp\/v2\/media\/6369302"}],"wp:attachment":[{"href":"https:\/\/dev6.erresse-shop.it\/fr\/wp-json\/wp\/v2\/media?parent=64701"}],"wp:term":[{"taxonomy":"product_cat","embeddable":true,"href":"https:\/\/dev6.erresse-shop.it\/fr\/wp-json\/wp\/v2\/product_cat?post=64701"},{"taxonomy":"product_tag","embeddable":true,"href":"https:\/\/dev6.erresse-shop.it\/fr\/wp-json\/wp\/v2\/product_tag?post=64701"}],"curies":[{"name":"wp","href":"https:\/\/api.w.org\/{rel}","templated":true}]}}