{"id":64679,"date":"2026-04-12T11:33:37","date_gmt":"2026-04-12T09:33:37","guid":{"rendered":"https:\/\/dev6.erresse-shop.it\/shop\/non%20class\u00e9\/wusthof-classic-ikon-couteau-de-chef-16-cm\/"},"modified":"2025-11-22T18:02:30","modified_gmt":"2025-11-22T17:02:30","slug":"wusthof-classic-ikon-couteau-de-chef-16-cm","status":"publish","type":"product","link":"https:\/\/dev6.erresse-shop.it\/fr\/shop\/cuisine\/couteaux\/couteaux-de-cuisine\/wusthof-classic-ikon-couteau-de-chef-16-cm\/","title":{"rendered":"WUSTHOF Classic Ikon Couteau de chef 16 cm"},"content":{"rendered":"<p>Le couteau \u00e0 tout faire : pour hacher, \u00e9mincer ou couper la viande, le poisson, les fruits et les l\u00e9gumes. Ce couteau de chef participe activement \u00e0 de nombreuses t\u00e2ches en cuisine, rend la pr\u00e9paration des aliments agr\u00e9able et fait partie de l\u2019\u00e9quipement de base de tout cuisinier professionnel ou amateur. La demi-mitre, jointure entre le manche et la lame, r\u00e9duit le poids du couteau, ce qui le rend plus facile \u00e0 manipuler. Elle facilite \u00e9galement l\u2019aiguisage de toute la lame.<\/p>\n<p>D\u00e9tails du produit :<\/p>\n<p>Lame en acier inoxydable<br \/>\nExcellente ergonomie.<br \/>\nEquilibre parfait pour une coupe sans effort.<br \/>\nAucun espace entre le manche et la lame pour une hygi\u00e8ne parfaite.<br \/>\nManche noir en mati\u00e8re synth\u00e9tique sp\u00e9ciale.<br \/>\nTranchant constant dans le temps, gr\u00e2ce \u00e0 la technologie PEtec \u2013 Precision Edge de W\u00dcSTHOF.<\/p>\n","protected":false},"excerpt":{"rendered":"<p>Le couteau \u00e0 tout faire : pour hacher, \u00e9mincer ou couper la viande, le poisson, les fruits et les l\u00e9gumes. Ce couteau de chef participe activement \u00e0 de nombreuses t\u00e2ches en cuisine, rend la pr\u00e9paration des aliments agr\u00e9able et fait partie de l\u2019\u00e9quipement de base de tout cuisinier professionnel ou amateur. La demi-mitre, jointure entre [&hellip;]<\/p>\n","protected":false},"featured_media":6369256,"template":"","meta":{"_acf_changed":false},"product_cat":[11997],"product_tag":[],"class_list":{"0":"post-64679","1":"product","2":"type-product","3":"status-publish","4":"has-post-thumbnail","6":"product_cat-couteaux-de-cuisine","8":"first","9":"instock","10":"sale","11":"taxable","12":"shipping-taxable","13":"purchasable","14":"product-type-simple","swatches":"rey-swatches","show_selected":"","stretch_labels":"rey-swatches--stretch-labels"},"acf":[],"yoast_head":"<!-- This site is optimized with the Yoast SEO plugin v25.4 - https:\/\/yoast.com\/wordpress\/plugins\/seo\/ -->\n<title>WUSTHOF Classic Ikon Couteau de chef 16 cm - dev6 Erresse<\/title>\n<meta name=\"description\" content=\"Le couteau \u00e0 tout faire : pour hacher, \u00e9mincer ou couper la viande, le poisson, les fruits et les l\u00e9gumes. Ce couteau de chef participe activement \u00e0 de\" \/>\n<meta name=\"robots\" content=\"noindex, follow, max-snippet:-1, max-image-preview:large, max-video-preview:-1\" \/>\n<meta property=\"og:locale\" content=\"fr_FR\" \/>\n<meta property=\"og:type\" content=\"article\" \/>\n<meta property=\"og:title\" content=\"WUSTHOF Classic Ikon Couteau de chef 16 cm - dev6 Erresse\" \/>\n<meta property=\"og:description\" content=\"Le couteau \u00e0 tout faire : pour hacher, \u00e9mincer ou couper la viande, le poisson, les fruits et les l\u00e9gumes. Ce couteau de chef participe activement \u00e0 de\" \/>\n<meta property=\"og:url\" content=\"https:\/\/dev6.erresse-shop.it\/fr\/shop\/cuisine\/couteaux\/couteaux-de-cuisine\/wusthof-classic-ikon-couteau-de-chef-16-cm\/\" \/>\n<meta property=\"og:site_name\" content=\"dev6 Erresse\" \/>\n<meta property=\"og:image\" content=\"https:\/\/interpim.erresse-shop.it\/img-catalogo\/wusthof\/wusthof-classic-ikon-coltello-chef-16-cm.jpg\" \/><meta property=\"og:image\" content=\"https:\/\/interpim.erresse-shop.it\/img-catalogo\/wusthof\/wusthof-classic-ikon-coltello-chef-16-cm.jpg\" \/>\n\t<meta property=\"og:image:width\" content=\"1024\" \/>\n\t<meta property=\"og:image:height\" content=\"1024\" \/>\n\t<meta property=\"og:image:type\" content=\"image\/jpeg\" \/>\n<meta name=\"twitter:card\" content=\"summary_large_image\" \/>\n<meta name=\"twitter:image\" content=\"https:\/\/interpim.erresse-shop.it\/img-catalogo\/wusthof\/wusthof-classic-ikon-coltello-chef-16-cm.jpg\" \/>\n<script type=\"application\/ld+json\" class=\"yoast-schema-graph\">{\"@context\":\"https:\/\/schema.org\",\"@graph\":[{\"@type\":\"WebPage\",\"@id\":\"https:\/\/dev6.erresse-shop.it\/fr\/shop\/cuisine\/couteaux\/couteaux-de-cuisine\/wusthof-classic-ikon-couteau-de-chef-16-cm\/\",\"url\":\"https:\/\/dev6.erresse-shop.it\/fr\/shop\/cuisine\/couteaux\/couteaux-de-cuisine\/wusthof-classic-ikon-couteau-de-chef-16-cm\/\",\"name\":\"WUSTHOF Classic Ikon Couteau de chef 16 cm - dev6 Erresse\",\"isPartOf\":{\"@id\":\"https:\/\/dev6.erresse-shop.it\/#website\"},\"primaryImageOfPage\":{\"@id\":\"https:\/\/dev6.erresse-shop.it\/fr\/shop\/cuisine\/couteaux\/couteaux-de-cuisine\/wusthof-classic-ikon-couteau-de-chef-16-cm\/#primaryimage\"},\"image\":{\"@id\":\"https:\/\/dev6.erresse-shop.it\/fr\/shop\/cuisine\/couteaux\/couteaux-de-cuisine\/wusthof-classic-ikon-couteau-de-chef-16-cm\/#primaryimage\"},\"thumbnailUrl\":\"https:\/\/i2.wp.com\/interpim.erresse-shop.it\/img-catalogo\/wusthof\/wusthof-classic-ikon-coltello-chef-16-cm.jpg?ssl=1\",\"datePublished\":\"2026-04-12T09:33:37+00:00\",\"description\":\"Le couteau \u00e0 tout faire : pour hacher, \u00e9mincer ou couper la viande, le poisson, les fruits et les l\u00e9gumes. Ce couteau de chef participe activement \u00e0 de\",\"breadcrumb\":{\"@id\":\"https:\/\/dev6.erresse-shop.it\/fr\/shop\/cuisine\/couteaux\/couteaux-de-cuisine\/wusthof-classic-ikon-couteau-de-chef-16-cm\/#breadcrumb\"},\"inLanguage\":\"fr-FR\",\"potentialAction\":[{\"@type\":\"ReadAction\",\"target\":[\"https:\/\/dev6.erresse-shop.it\/fr\/shop\/cuisine\/couteaux\/couteaux-de-cuisine\/wusthof-classic-ikon-couteau-de-chef-16-cm\/\"]}]},{\"@type\":\"ImageObject\",\"inLanguage\":\"fr-FR\",\"@id\":\"https:\/\/dev6.erresse-shop.it\/fr\/shop\/cuisine\/couteaux\/couteaux-de-cuisine\/wusthof-classic-ikon-couteau-de-chef-16-cm\/#primaryimage\",\"url\":\"https:\/\/i2.wp.com\/interpim.erresse-shop.it\/img-catalogo\/wusthof\/wusthof-classic-ikon-coltello-chef-16-cm.jpg?ssl=1\",\"contentUrl\":\"https:\/\/i2.wp.com\/interpim.erresse-shop.it\/img-catalogo\/wusthof\/wusthof-classic-ikon-coltello-chef-16-cm.jpg?ssl=1\"},{\"@type\":\"BreadcrumbList\",\"@id\":\"https:\/\/dev6.erresse-shop.it\/fr\/shop\/cuisine\/couteaux\/couteaux-de-cuisine\/wusthof-classic-ikon-couteau-de-chef-16-cm\/#breadcrumb\",\"itemListElement\":[{\"@type\":\"ListItem\",\"position\":1,\"name\":\"Home\",\"item\":\"https:\/\/dev6.erresse-shop.it\/\"},{\"@type\":\"ListItem\",\"position\":2,\"name\":\"Boutique\",\"item\":\"https:\/\/dev6.erresse-shop.it\/shop\/\"},{\"@type\":\"ListItem\",\"position\":3,\"name\":\"WUSTHOF Classic Ikon Couteau de chef 16 cm\"}]},{\"@type\":\"WebSite\",\"@id\":\"https:\/\/dev6.erresse-shop.it\/#website\",\"url\":\"https:\/\/dev6.erresse-shop.it\/\",\"name\":\"Erresse Shop\",\"description\":\"\",\"publisher\":{\"@id\":\"https:\/\/dev6.erresse-shop.it\/#organization\"},\"potentialAction\":[{\"@type\":\"SearchAction\",\"target\":{\"@type\":\"EntryPoint\",\"urlTemplate\":\"https:\/\/dev6.erresse-shop.it\/?s={search_term_string}\"},\"query-input\":{\"@type\":\"PropertyValueSpecification\",\"valueRequired\":true,\"valueName\":\"search_term_string\"}}],\"inLanguage\":\"fr-FR\"},{\"@type\":\"Organization\",\"@id\":\"https:\/\/dev6.erresse-shop.it\/#organization\",\"name\":\"Erresse Shop\",\"url\":\"https:\/\/dev6.erresse-shop.it\/\",\"logo\":{\"@type\":\"ImageObject\",\"inLanguage\":\"fr-FR\",\"@id\":\"https:\/\/dev6.erresse-shop.it\/#\/schema\/logo\/image\/\",\"url\":\"https:\/\/dev6.erresse-shop.it\/wp-content\/uploads\/2025\/01\/LOGO-ERRESSE-CLASSICO.svg\",\"contentUrl\":\"https:\/\/dev6.erresse-shop.it\/wp-content\/uploads\/2025\/01\/LOGO-ERRESSE-CLASSICO.svg\",\"caption\":\"Erresse Shop\"},\"image\":{\"@id\":\"https:\/\/dev6.erresse-shop.it\/#\/schema\/logo\/image\/\"}}]}<\/script>\n<!-- \/ Yoast SEO plugin. -->","yoast_head_json":{"title":"WUSTHOF Classic Ikon Couteau de chef 16 cm - dev6 Erresse","description":"Le couteau \u00e0 tout faire : pour hacher, \u00e9mincer ou couper la viande, le poisson, les fruits et les l\u00e9gumes. Ce couteau de chef participe activement \u00e0 de","robots":{"index":"noindex","follow":"follow","max-snippet":"max-snippet:-1","max-image-preview":"max-image-preview:large","max-video-preview":"max-video-preview:-1"},"og_locale":"fr_FR","og_type":"article","og_title":"WUSTHOF Classic Ikon Couteau de chef 16 cm - dev6 Erresse","og_description":"Le couteau \u00e0 tout faire : pour hacher, \u00e9mincer ou couper la viande, le poisson, les fruits et les l\u00e9gumes. Ce couteau de chef participe activement \u00e0 de","og_url":"https:\/\/dev6.erresse-shop.it\/fr\/shop\/cuisine\/couteaux\/couteaux-de-cuisine\/wusthof-classic-ikon-couteau-de-chef-16-cm\/","og_site_name":"dev6 Erresse","og_image":[{"url":"https:\/\/interpim.erresse-shop.it\/img-catalogo\/wusthof\/wusthof-classic-ikon-coltello-chef-16-cm.jpg","type":"","width":"","height":""},{"url":"https:\/\/interpim.erresse-shop.it\/img-catalogo\/wusthof\/wusthof-classic-ikon-coltello-chef-16-cm.jpg","width":1024,"height":1024,"type":"image\/jpeg"}],"twitter_card":"summary_large_image","twitter_image":"https:\/\/interpim.erresse-shop.it\/img-catalogo\/wusthof\/wusthof-classic-ikon-coltello-chef-16-cm.jpg","schema":{"@context":"https:\/\/schema.org","@graph":[{"@type":"WebPage","@id":"https:\/\/dev6.erresse-shop.it\/fr\/shop\/cuisine\/couteaux\/couteaux-de-cuisine\/wusthof-classic-ikon-couteau-de-chef-16-cm\/","url":"https:\/\/dev6.erresse-shop.it\/fr\/shop\/cuisine\/couteaux\/couteaux-de-cuisine\/wusthof-classic-ikon-couteau-de-chef-16-cm\/","name":"WUSTHOF Classic Ikon Couteau de chef 16 cm - dev6 Erresse","isPartOf":{"@id":"https:\/\/dev6.erresse-shop.it\/#website"},"primaryImageOfPage":{"@id":"https:\/\/dev6.erresse-shop.it\/fr\/shop\/cuisine\/couteaux\/couteaux-de-cuisine\/wusthof-classic-ikon-couteau-de-chef-16-cm\/#primaryimage"},"image":{"@id":"https:\/\/dev6.erresse-shop.it\/fr\/shop\/cuisine\/couteaux\/couteaux-de-cuisine\/wusthof-classic-ikon-couteau-de-chef-16-cm\/#primaryimage"},"thumbnailUrl":"https:\/\/i2.wp.com\/interpim.erresse-shop.it\/img-catalogo\/wusthof\/wusthof-classic-ikon-coltello-chef-16-cm.jpg?ssl=1","datePublished":"2026-04-12T09:33:37+00:00","description":"Le couteau \u00e0 tout faire : pour hacher, \u00e9mincer ou couper la viande, le poisson, les fruits et les l\u00e9gumes. Ce couteau de chef participe activement \u00e0 de","breadcrumb":{"@id":"https:\/\/dev6.erresse-shop.it\/fr\/shop\/cuisine\/couteaux\/couteaux-de-cuisine\/wusthof-classic-ikon-couteau-de-chef-16-cm\/#breadcrumb"},"inLanguage":"fr-FR","potentialAction":[{"@type":"ReadAction","target":["https:\/\/dev6.erresse-shop.it\/fr\/shop\/cuisine\/couteaux\/couteaux-de-cuisine\/wusthof-classic-ikon-couteau-de-chef-16-cm\/"]}]},{"@type":"ImageObject","inLanguage":"fr-FR","@id":"https:\/\/dev6.erresse-shop.it\/fr\/shop\/cuisine\/couteaux\/couteaux-de-cuisine\/wusthof-classic-ikon-couteau-de-chef-16-cm\/#primaryimage","url":"https:\/\/i2.wp.com\/interpim.erresse-shop.it\/img-catalogo\/wusthof\/wusthof-classic-ikon-coltello-chef-16-cm.jpg?ssl=1","contentUrl":"https:\/\/i2.wp.com\/interpim.erresse-shop.it\/img-catalogo\/wusthof\/wusthof-classic-ikon-coltello-chef-16-cm.jpg?ssl=1"},{"@type":"BreadcrumbList","@id":"https:\/\/dev6.erresse-shop.it\/fr\/shop\/cuisine\/couteaux\/couteaux-de-cuisine\/wusthof-classic-ikon-couteau-de-chef-16-cm\/#breadcrumb","itemListElement":[{"@type":"ListItem","position":1,"name":"Home","item":"https:\/\/dev6.erresse-shop.it\/"},{"@type":"ListItem","position":2,"name":"Boutique","item":"https:\/\/dev6.erresse-shop.it\/shop\/"},{"@type":"ListItem","position":3,"name":"WUSTHOF Classic Ikon Couteau de chef 16 cm"}]},{"@type":"WebSite","@id":"https:\/\/dev6.erresse-shop.it\/#website","url":"https:\/\/dev6.erresse-shop.it\/","name":"Erresse Shop","description":"","publisher":{"@id":"https:\/\/dev6.erresse-shop.it\/#organization"},"potentialAction":[{"@type":"SearchAction","target":{"@type":"EntryPoint","urlTemplate":"https:\/\/dev6.erresse-shop.it\/?s={search_term_string}"},"query-input":{"@type":"PropertyValueSpecification","valueRequired":true,"valueName":"search_term_string"}}],"inLanguage":"fr-FR"},{"@type":"Organization","@id":"https:\/\/dev6.erresse-shop.it\/#organization","name":"Erresse Shop","url":"https:\/\/dev6.erresse-shop.it\/","logo":{"@type":"ImageObject","inLanguage":"fr-FR","@id":"https:\/\/dev6.erresse-shop.it\/#\/schema\/logo\/image\/","url":"https:\/\/dev6.erresse-shop.it\/wp-content\/uploads\/2025\/01\/LOGO-ERRESSE-CLASSICO.svg","contentUrl":"https:\/\/dev6.erresse-shop.it\/wp-content\/uploads\/2025\/01\/LOGO-ERRESSE-CLASSICO.svg","caption":"Erresse Shop"},"image":{"@id":"https:\/\/dev6.erresse-shop.it\/#\/schema\/logo\/image\/"}}]}},"df_price":116.1,"df_sale_price":116.1,"df_regular_price":129,"df_image_link":"https:\/\/i2.wp.com\/interpim.erresse-shop.it\/img-catalogo\/wusthof\/wusthof-classic-ikon-coltello-chef-16-cm.jpg?resize=300,300&ssl=1","fifu_image_url":"https:\/\/interpim.erresse-shop.it\/img-catalogo\/wusthof\/wusthof-classic-ikon-coltello-chef-16-cm.jpg","_links":{"self":[{"href":"https:\/\/dev6.erresse-shop.it\/fr\/wp-json\/wp\/v2\/product\/64679","targetHints":{"allow":["GET"]}}],"collection":[{"href":"https:\/\/dev6.erresse-shop.it\/fr\/wp-json\/wp\/v2\/product"}],"about":[{"href":"https:\/\/dev6.erresse-shop.it\/fr\/wp-json\/wp\/v2\/types\/product"}],"wp:featuredmedia":[{"embeddable":true,"href":"https:\/\/dev6.erresse-shop.it\/fr\/wp-json\/wp\/v2\/media\/6369256"}],"wp:attachment":[{"href":"https:\/\/dev6.erresse-shop.it\/fr\/wp-json\/wp\/v2\/media?parent=64679"}],"wp:term":[{"taxonomy":"product_cat","embeddable":true,"href":"https:\/\/dev6.erresse-shop.it\/fr\/wp-json\/wp\/v2\/product_cat?post=64679"},{"taxonomy":"product_tag","embeddable":true,"href":"https:\/\/dev6.erresse-shop.it\/fr\/wp-json\/wp\/v2\/product_tag?post=64679"}],"curies":[{"name":"wp","href":"https:\/\/api.w.org\/{rel}","templated":true}]}}