{"id":64639,"date":"2026-04-10T12:09:57","date_gmt":"2026-04-10T10:09:57","guid":{"rendered":"https:\/\/dev6.erresse-shop.it\/shop\/non%20class\u00e9\/imperia-machine-pour-pates-ipasta-rouge\/"},"modified":"2025-09-14T05:46:09","modified_gmt":"2025-09-14T03:46:09","slug":"imperia-machine-pour-pates-ipasta-rouge","status":"publish","type":"product","link":"https:\/\/dev6.erresse-shop.it\/fr\/shop\/cuisine\/machines-pour-pates\/imperia-machine-pour-pates-ipasta-rouge\/","title":{"rendered":"IMPERIA Machine pour P\u00e2tes iPasta Rouge"},"content":{"rendered":"<p>L\u2019iPasta Classica est une v\u00e9ritable incarnation de l\u2019excellence italienne en mati\u00e8re de production de p\u00e2tes. Cette machine est m\u00e9ticuleusement fabriqu\u00e9e en acier chrom\u00e9 pour garantir son \u00e9l\u00e9gance et sa durabilit\u00e9. Fabriqu\u00e9e en Italie, elle t\u00e9moigne du savoir-faire et de l\u2019attention port\u00e9s \u00e0 sa production. L\u2019iPasta Classica est \u00e9quip\u00e9e de rouleaux r\u00e9glables avec six \u00e9paisseurs, garantissant polyvalence et pr\u00e9cision pour diff\u00e9rentes \u00e9paisseurs de p\u00e2te. Elle est \u00e9galement \u00e9quip\u00e9e du coupeur Duplex, qui permet de cr\u00e9er facilement deux formes de p\u00e2tes populaires : les tagliatelles et les fettuccines. Con\u00e7ue pour un maximum de commodit\u00e9, elle comprend une pince de plan de travail pour une utilisation en toute s\u00e9curit\u00e9 et une tr\u00e9mie pour une alimentation rationnelle en p\u00e2tes. Cette machine allie les techniques traditionnelles de fabrication des p\u00e2tes \u00e0 une fonctionnalit\u00e9 moderne, ce qui en fait un outil indispensable pour tous les amateurs de p\u00e2tes.<\/p>\n<p>Caract\u00e9ristiques principales :<\/p>\n<p>Couleur : Rouge Imperia classique<br \/>\nQualit\u00e9 de fabrication : La construction en acier chrom\u00e9 et le savoir-faire italien garantissent une longue dur\u00e9e de vie.<br \/>\nCouteau double : permet de faire des tagliatelles et des fettuccine.<br \/>\nConception conviviale : comprend une pince pour le plan de travail et une tr\u00e9mie pour faciliter l\u2019utilisation.<\/p>\n","protected":false},"excerpt":{"rendered":"<p>L\u2019iPasta Classica est une v\u00e9ritable incarnation de l\u2019excellence italienne en mati\u00e8re de production de p\u00e2tes. Cette machine est m\u00e9ticuleusement fabriqu\u00e9e en acier chrom\u00e9 pour garantir son \u00e9l\u00e9gance et sa durabilit\u00e9. Fabriqu\u00e9e en Italie, elle t\u00e9moigne du savoir-faire et de l\u2019attention port\u00e9s \u00e0 sa production. L\u2019iPasta Classica est \u00e9quip\u00e9e de rouleaux r\u00e9glables avec six \u00e9paisseurs, garantissant [&hellip;]<\/p>\n","protected":false},"featured_media":6327532,"template":"","meta":{"_acf_changed":false},"product_cat":[11668,11992,12052],"product_tag":[],"class_list":{"0":"post-64639","1":"product","2":"type-product","3":"status-publish","4":"has-post-thumbnail","6":"product_cat-cucina","7":"product_cat-cuisine","8":"product_cat-machines-pour-pates","10":"first","11":"instock","12":"sale","13":"taxable","14":"shipping-taxable","15":"purchasable","16":"product-type-simple","swatches":"rey-swatches","show_selected":"","stretch_labels":"rey-swatches--stretch-labels"},"acf":[],"yoast_head":"<!-- This site is optimized with the Yoast SEO plugin v25.4 - https:\/\/yoast.com\/wordpress\/plugins\/seo\/ -->\n<title>IMPERIA Machine pour P\u00e2tes iPasta Rouge - dev6 Erresse<\/title>\n<meta name=\"description\" content=\"L\u2019iPasta Classica est une v\u00e9ritable incarnation de l\u2019excellence italienne en mati\u00e8re de production de p\u00e2tes. Cette machine est m\u00e9ticuleusement fabriqu\u00e9e\" \/>\n<meta name=\"robots\" content=\"noindex, follow, max-snippet:-1, max-image-preview:large, max-video-preview:-1\" \/>\n<meta property=\"og:locale\" content=\"fr_FR\" \/>\n<meta property=\"og:type\" content=\"article\" \/>\n<meta property=\"og:title\" content=\"IMPERIA Machine pour P\u00e2tes iPasta Rouge - dev6 Erresse\" \/>\n<meta property=\"og:description\" content=\"L\u2019iPasta Classica est une v\u00e9ritable incarnation de l\u2019excellence italienne en mati\u00e8re de production de p\u00e2tes. Cette machine est m\u00e9ticuleusement fabriqu\u00e9e\" \/>\n<meta property=\"og:url\" content=\"https:\/\/dev6.erresse-shop.it\/fr\/shop\/cuisine\/machines-pour-pates\/imperia-machine-pour-pates-ipasta-rouge\/\" \/>\n<meta property=\"og:site_name\" content=\"dev6 Erresse\" \/>\n<meta property=\"og:image\" content=\"https:\/\/interpim.erresse-shop.it\/Import\/Prodotti\/imperia-macchina-per-pasta-ipasta-rosso.jpg\" \/><meta property=\"og:image\" content=\"https:\/\/interpim.erresse-shop.it\/Import\/Prodotti\/imperia-macchina-per-pasta-ipasta-rosso.jpg\" \/>\n\t<meta property=\"og:image:width\" content=\"1024\" \/>\n\t<meta property=\"og:image:height\" content=\"1024\" \/>\n\t<meta property=\"og:image:type\" content=\"image\/jpeg\" \/>\n<meta name=\"twitter:card\" content=\"summary_large_image\" \/>\n<meta name=\"twitter:image\" content=\"https:\/\/interpim.erresse-shop.it\/Import\/Prodotti\/imperia-macchina-per-pasta-ipasta-rosso.jpg\" \/>\n<script type=\"application\/ld+json\" class=\"yoast-schema-graph\">{\"@context\":\"https:\/\/schema.org\",\"@graph\":[{\"@type\":\"WebPage\",\"@id\":\"https:\/\/dev6.erresse-shop.it\/fr\/shop\/cuisine\/machines-pour-pates\/imperia-machine-pour-pates-ipasta-rouge\/\",\"url\":\"https:\/\/dev6.erresse-shop.it\/fr\/shop\/cuisine\/machines-pour-pates\/imperia-machine-pour-pates-ipasta-rouge\/\",\"name\":\"IMPERIA Machine pour P\u00e2tes iPasta Rouge - dev6 Erresse\",\"isPartOf\":{\"@id\":\"https:\/\/dev6.erresse-shop.it\/#website\"},\"primaryImageOfPage\":{\"@id\":\"https:\/\/dev6.erresse-shop.it\/fr\/shop\/cuisine\/machines-pour-pates\/imperia-machine-pour-pates-ipasta-rouge\/#primaryimage\"},\"image\":{\"@id\":\"https:\/\/dev6.erresse-shop.it\/fr\/shop\/cuisine\/machines-pour-pates\/imperia-machine-pour-pates-ipasta-rouge\/#primaryimage\"},\"thumbnailUrl\":\"https:\/\/i0.wp.com\/interpim.erresse-shop.it\/Import\/Prodotti\/imperia-macchina-per-pasta-ipasta-rosso.jpg?ssl=1\",\"datePublished\":\"2026-04-10T10:09:57+00:00\",\"description\":\"L\u2019iPasta Classica est une v\u00e9ritable incarnation de l\u2019excellence italienne en mati\u00e8re de production de p\u00e2tes. Cette machine est m\u00e9ticuleusement fabriqu\u00e9e\",\"breadcrumb\":{\"@id\":\"https:\/\/dev6.erresse-shop.it\/fr\/shop\/cuisine\/machines-pour-pates\/imperia-machine-pour-pates-ipasta-rouge\/#breadcrumb\"},\"inLanguage\":\"fr-FR\",\"potentialAction\":[{\"@type\":\"ReadAction\",\"target\":[\"https:\/\/dev6.erresse-shop.it\/fr\/shop\/cuisine\/machines-pour-pates\/imperia-machine-pour-pates-ipasta-rouge\/\"]}]},{\"@type\":\"ImageObject\",\"inLanguage\":\"fr-FR\",\"@id\":\"https:\/\/dev6.erresse-shop.it\/fr\/shop\/cuisine\/machines-pour-pates\/imperia-machine-pour-pates-ipasta-rouge\/#primaryimage\",\"url\":\"https:\/\/i0.wp.com\/interpim.erresse-shop.it\/Import\/Prodotti\/imperia-macchina-per-pasta-ipasta-rosso.jpg?ssl=1\",\"contentUrl\":\"https:\/\/i0.wp.com\/interpim.erresse-shop.it\/Import\/Prodotti\/imperia-macchina-per-pasta-ipasta-rosso.jpg?ssl=1\"},{\"@type\":\"BreadcrumbList\",\"@id\":\"https:\/\/dev6.erresse-shop.it\/fr\/shop\/cuisine\/machines-pour-pates\/imperia-machine-pour-pates-ipasta-rouge\/#breadcrumb\",\"itemListElement\":[{\"@type\":\"ListItem\",\"position\":1,\"name\":\"Home\",\"item\":\"https:\/\/dev6.erresse-shop.it\/\"},{\"@type\":\"ListItem\",\"position\":2,\"name\":\"Boutique\",\"item\":\"https:\/\/dev6.erresse-shop.it\/shop\/\"},{\"@type\":\"ListItem\",\"position\":3,\"name\":\"IMPERIA Machine pour P\u00e2tes iPasta Rouge\"}]},{\"@type\":\"WebSite\",\"@id\":\"https:\/\/dev6.erresse-shop.it\/#website\",\"url\":\"https:\/\/dev6.erresse-shop.it\/\",\"name\":\"Erresse Shop\",\"description\":\"\",\"publisher\":{\"@id\":\"https:\/\/dev6.erresse-shop.it\/#organization\"},\"potentialAction\":[{\"@type\":\"SearchAction\",\"target\":{\"@type\":\"EntryPoint\",\"urlTemplate\":\"https:\/\/dev6.erresse-shop.it\/?s={search_term_string}\"},\"query-input\":{\"@type\":\"PropertyValueSpecification\",\"valueRequired\":true,\"valueName\":\"search_term_string\"}}],\"inLanguage\":\"fr-FR\"},{\"@type\":\"Organization\",\"@id\":\"https:\/\/dev6.erresse-shop.it\/#organization\",\"name\":\"Erresse Shop\",\"url\":\"https:\/\/dev6.erresse-shop.it\/\",\"logo\":{\"@type\":\"ImageObject\",\"inLanguage\":\"fr-FR\",\"@id\":\"https:\/\/dev6.erresse-shop.it\/#\/schema\/logo\/image\/\",\"url\":\"https:\/\/dev6.erresse-shop.it\/wp-content\/uploads\/2025\/01\/LOGO-ERRESSE-CLASSICO.svg\",\"contentUrl\":\"https:\/\/dev6.erresse-shop.it\/wp-content\/uploads\/2025\/01\/LOGO-ERRESSE-CLASSICO.svg\",\"caption\":\"Erresse Shop\"},\"image\":{\"@id\":\"https:\/\/dev6.erresse-shop.it\/#\/schema\/logo\/image\/\"}}]}<\/script>\n<!-- \/ Yoast SEO plugin. -->","yoast_head_json":{"title":"IMPERIA Machine pour P\u00e2tes iPasta Rouge - dev6 Erresse","description":"L\u2019iPasta Classica est une v\u00e9ritable incarnation de l\u2019excellence italienne en mati\u00e8re de production de p\u00e2tes. Cette machine est m\u00e9ticuleusement fabriqu\u00e9e","robots":{"index":"noindex","follow":"follow","max-snippet":"max-snippet:-1","max-image-preview":"max-image-preview:large","max-video-preview":"max-video-preview:-1"},"og_locale":"fr_FR","og_type":"article","og_title":"IMPERIA Machine pour P\u00e2tes iPasta Rouge - dev6 Erresse","og_description":"L\u2019iPasta Classica est une v\u00e9ritable incarnation de l\u2019excellence italienne en mati\u00e8re de production de p\u00e2tes. Cette machine est m\u00e9ticuleusement fabriqu\u00e9e","og_url":"https:\/\/dev6.erresse-shop.it\/fr\/shop\/cuisine\/machines-pour-pates\/imperia-machine-pour-pates-ipasta-rouge\/","og_site_name":"dev6 Erresse","og_image":[{"url":"https:\/\/interpim.erresse-shop.it\/Import\/Prodotti\/imperia-macchina-per-pasta-ipasta-rosso.jpg","type":"","width":"","height":""},{"url":"https:\/\/interpim.erresse-shop.it\/Import\/Prodotti\/imperia-macchina-per-pasta-ipasta-rosso.jpg","width":1024,"height":1024,"type":"image\/jpeg"}],"twitter_card":"summary_large_image","twitter_image":"https:\/\/interpim.erresse-shop.it\/Import\/Prodotti\/imperia-macchina-per-pasta-ipasta-rosso.jpg","schema":{"@context":"https:\/\/schema.org","@graph":[{"@type":"WebPage","@id":"https:\/\/dev6.erresse-shop.it\/fr\/shop\/cuisine\/machines-pour-pates\/imperia-machine-pour-pates-ipasta-rouge\/","url":"https:\/\/dev6.erresse-shop.it\/fr\/shop\/cuisine\/machines-pour-pates\/imperia-machine-pour-pates-ipasta-rouge\/","name":"IMPERIA Machine pour P\u00e2tes iPasta Rouge - dev6 Erresse","isPartOf":{"@id":"https:\/\/dev6.erresse-shop.it\/#website"},"primaryImageOfPage":{"@id":"https:\/\/dev6.erresse-shop.it\/fr\/shop\/cuisine\/machines-pour-pates\/imperia-machine-pour-pates-ipasta-rouge\/#primaryimage"},"image":{"@id":"https:\/\/dev6.erresse-shop.it\/fr\/shop\/cuisine\/machines-pour-pates\/imperia-machine-pour-pates-ipasta-rouge\/#primaryimage"},"thumbnailUrl":"https:\/\/i0.wp.com\/interpim.erresse-shop.it\/Import\/Prodotti\/imperia-macchina-per-pasta-ipasta-rosso.jpg?ssl=1","datePublished":"2026-04-10T10:09:57+00:00","description":"L\u2019iPasta Classica est une v\u00e9ritable incarnation de l\u2019excellence italienne en mati\u00e8re de production de p\u00e2tes. Cette machine est m\u00e9ticuleusement fabriqu\u00e9e","breadcrumb":{"@id":"https:\/\/dev6.erresse-shop.it\/fr\/shop\/cuisine\/machines-pour-pates\/imperia-machine-pour-pates-ipasta-rouge\/#breadcrumb"},"inLanguage":"fr-FR","potentialAction":[{"@type":"ReadAction","target":["https:\/\/dev6.erresse-shop.it\/fr\/shop\/cuisine\/machines-pour-pates\/imperia-machine-pour-pates-ipasta-rouge\/"]}]},{"@type":"ImageObject","inLanguage":"fr-FR","@id":"https:\/\/dev6.erresse-shop.it\/fr\/shop\/cuisine\/machines-pour-pates\/imperia-machine-pour-pates-ipasta-rouge\/#primaryimage","url":"https:\/\/i0.wp.com\/interpim.erresse-shop.it\/Import\/Prodotti\/imperia-macchina-per-pasta-ipasta-rosso.jpg?ssl=1","contentUrl":"https:\/\/i0.wp.com\/interpim.erresse-shop.it\/Import\/Prodotti\/imperia-macchina-per-pasta-ipasta-rosso.jpg?ssl=1"},{"@type":"BreadcrumbList","@id":"https:\/\/dev6.erresse-shop.it\/fr\/shop\/cuisine\/machines-pour-pates\/imperia-machine-pour-pates-ipasta-rouge\/#breadcrumb","itemListElement":[{"@type":"ListItem","position":1,"name":"Home","item":"https:\/\/dev6.erresse-shop.it\/"},{"@type":"ListItem","position":2,"name":"Boutique","item":"https:\/\/dev6.erresse-shop.it\/shop\/"},{"@type":"ListItem","position":3,"name":"IMPERIA Machine pour P\u00e2tes iPasta Rouge"}]},{"@type":"WebSite","@id":"https:\/\/dev6.erresse-shop.it\/#website","url":"https:\/\/dev6.erresse-shop.it\/","name":"Erresse Shop","description":"","publisher":{"@id":"https:\/\/dev6.erresse-shop.it\/#organization"},"potentialAction":[{"@type":"SearchAction","target":{"@type":"EntryPoint","urlTemplate":"https:\/\/dev6.erresse-shop.it\/?s={search_term_string}"},"query-input":{"@type":"PropertyValueSpecification","valueRequired":true,"valueName":"search_term_string"}}],"inLanguage":"fr-FR"},{"@type":"Organization","@id":"https:\/\/dev6.erresse-shop.it\/#organization","name":"Erresse Shop","url":"https:\/\/dev6.erresse-shop.it\/","logo":{"@type":"ImageObject","inLanguage":"fr-FR","@id":"https:\/\/dev6.erresse-shop.it\/#\/schema\/logo\/image\/","url":"https:\/\/dev6.erresse-shop.it\/wp-content\/uploads\/2025\/01\/LOGO-ERRESSE-CLASSICO.svg","contentUrl":"https:\/\/dev6.erresse-shop.it\/wp-content\/uploads\/2025\/01\/LOGO-ERRESSE-CLASSICO.svg","caption":"Erresse Shop"},"image":{"@id":"https:\/\/dev6.erresse-shop.it\/#\/schema\/logo\/image\/"}}]}},"df_price":59,"df_sale_price":59,"df_regular_price":89.9,"df_image_link":"https:\/\/i0.wp.com\/interpim.erresse-shop.it\/Import\/Prodotti\/imperia-macchina-per-pasta-ipasta-rosso.jpg?resize=300,300&ssl=1","fifu_image_url":"https:\/\/interpim.erresse-shop.it\/Import\/Prodotti\/imperia-macchina-per-pasta-ipasta-rosso.jpg","_links":{"self":[{"href":"https:\/\/dev6.erresse-shop.it\/fr\/wp-json\/wp\/v2\/product\/64639","targetHints":{"allow":["GET"]}}],"collection":[{"href":"https:\/\/dev6.erresse-shop.it\/fr\/wp-json\/wp\/v2\/product"}],"about":[{"href":"https:\/\/dev6.erresse-shop.it\/fr\/wp-json\/wp\/v2\/types\/product"}],"wp:featuredmedia":[{"embeddable":true,"href":"https:\/\/dev6.erresse-shop.it\/fr\/wp-json\/wp\/v2\/media\/6327532"}],"wp:attachment":[{"href":"https:\/\/dev6.erresse-shop.it\/fr\/wp-json\/wp\/v2\/media?parent=64639"}],"wp:term":[{"taxonomy":"product_cat","embeddable":true,"href":"https:\/\/dev6.erresse-shop.it\/fr\/wp-json\/wp\/v2\/product_cat?post=64639"},{"taxonomy":"product_tag","embeddable":true,"href":"https:\/\/dev6.erresse-shop.it\/fr\/wp-json\/wp\/v2\/product_tag?post=64639"}],"curies":[{"name":"wp","href":"https:\/\/api.w.org\/{rel}","templated":true}]}}