{"id":64635,"date":"2026-04-12T11:31:25","date_gmt":"2026-04-12T09:31:25","guid":{"rendered":"https:\/\/dev6.erresse-shop.it\/shop\/non%20class\u00e9\/imperia-machine-pour-pates-pastapresto-gourmet-gris-argente\/"},"modified":"2025-07-04T18:22:35","modified_gmt":"2025-07-04T16:22:35","slug":"imperia-machine-pour-pates-pastapresto-gourmet-gris-argente","status":"publish","type":"product","link":"https:\/\/dev6.erresse-shop.it\/fr\/shop\/cuisine\/machines-pour-pates\/imperia-machine-pour-pates-pastapresto-gourmet-gris-argente\/","title":{"rendered":"IMPERIA Machine pour P\u00e2tes Pastapresto Gourmet Gris argent\u00e9"},"content":{"rendered":"<p>Imperia Pasta Presto red\u00e9finit l\u2019art de la fabrication des p\u00e2tes gr\u00e2ce \u00e0 son design sophistiqu\u00e9 et efficace. Cette machine \u00e0 p\u00e2tes, de couleur gris argent\u00e9, est sp\u00e9cialis\u00e9e dans la production de feuilles de p\u00e2tes \u00e0 la texture rugueuse unique, id\u00e9ale pour absorber les sauces. Ses r\u00e9glages pr\u00e9cis d\u2019\u00e9paisseur, de 6,5 \u00e0 12 mm, lui permettent de s\u2019adapter \u00e0 une grande vari\u00e9t\u00e9 de plats de p\u00e2tes, incarnant ainsi l\u2019essence de la tradition culinaire italienne.<\/p>\n<p>Caract\u00e9ristiques principales :<\/p>\n<p>R\u00e9glable : Passez en douceur de 6,5 \u00e0 12 mm pour obtenir la largeur de p\u00e2te souhait\u00e9e.<br \/>\n\u00c9l\u00e9gante et durable : Une finition robuste gris argent\u00e9 qui allie style et durabilit\u00e9.<br \/>\nTexture rugueuse : cr\u00e9e une texture unique pour les p\u00e2tes afin d\u2019am\u00e9liorer l\u2019absorption de la sauce.<\/p>\n<p>Veuillez noter que ce produit est con\u00e7u pour une utilisation en 110V. Il se peut qu\u2019il ne puisse pas \u00eatre utilis\u00e9 dans d\u2019autres pays en raison de la compatibilit\u00e9 des tensions et des normes r\u00e9glementaires.<\/p>\n","protected":false},"excerpt":{"rendered":"<p>Imperia Pasta Presto red\u00e9finit l\u2019art de la fabrication des p\u00e2tes gr\u00e2ce \u00e0 son design sophistiqu\u00e9 et efficace. Cette machine \u00e0 p\u00e2tes, de couleur gris argent\u00e9, est sp\u00e9cialis\u00e9e dans la production de feuilles de p\u00e2tes \u00e0 la texture rugueuse unique, id\u00e9ale pour absorber les sauces. Ses r\u00e9glages pr\u00e9cis d\u2019\u00e9paisseur, de 6,5 \u00e0 12 mm, lui permettent [&hellip;]<\/p>\n","protected":false},"featured_media":6369161,"template":"","meta":{"_acf_changed":false},"product_cat":[11668,11992,12052],"product_tag":[],"class_list":{"0":"post-64635","1":"product","2":"type-product","3":"status-publish","4":"has-post-thumbnail","6":"product_cat-cucina","7":"product_cat-cuisine","8":"product_cat-machines-pour-pates","10":"first","11":"instock","12":"sale","13":"taxable","14":"shipping-taxable","15":"purchasable","16":"product-type-simple","swatches":"rey-swatches","show_selected":"","stretch_labels":"rey-swatches--stretch-labels"},"acf":[],"yoast_head":"<!-- This site is optimized with the Yoast SEO plugin v25.4 - https:\/\/yoast.com\/wordpress\/plugins\/seo\/ -->\n<title>IMPERIA Machine pour P\u00e2tes Pastapresto Gourmet Gris argent\u00e9 - dev6 Erresse<\/title>\n<meta name=\"description\" content=\"Imperia Pasta Presto red\u00e9finit l\u2019art de la fabrication des p\u00e2tes gr\u00e2ce \u00e0 son design sophistiqu\u00e9 et efficace. Cette machine \u00e0 p\u00e2tes, de couleur gris\" \/>\n<meta name=\"robots\" content=\"noindex, follow, max-snippet:-1, max-image-preview:large, max-video-preview:-1\" \/>\n<meta property=\"og:locale\" content=\"fr_FR\" \/>\n<meta property=\"og:type\" content=\"article\" \/>\n<meta property=\"og:title\" content=\"IMPERIA Machine pour P\u00e2tes Pastapresto Gourmet Gris argent\u00e9 - dev6 Erresse\" \/>\n<meta property=\"og:description\" content=\"Imperia Pasta Presto red\u00e9finit l\u2019art de la fabrication des p\u00e2tes gr\u00e2ce \u00e0 son design sophistiqu\u00e9 et efficace. Cette machine \u00e0 p\u00e2tes, de couleur gris\" \/>\n<meta property=\"og:url\" content=\"https:\/\/dev6.erresse-shop.it\/fr\/shop\/cuisine\/machines-pour-pates\/imperia-machine-pour-pates-pastapresto-gourmet-gris-argente\/\" \/>\n<meta property=\"og:site_name\" content=\"dev6 Erresse\" \/>\n<meta property=\"og:image\" content=\"https:\/\/interpim.erresse-shop.it\/Import\/Prodotti\/imperia-macchina-per-pasta-pastapresto-gourmet-grigio-argento.jpg\" \/><meta property=\"og:image\" content=\"https:\/\/interpim.erresse-shop.it\/Import\/Prodotti\/imperia-macchina-per-pasta-pastapresto-gourmet-grigio-argento.jpg\" \/>\n\t<meta property=\"og:image:width\" content=\"1024\" \/>\n\t<meta property=\"og:image:height\" content=\"1024\" \/>\n\t<meta property=\"og:image:type\" content=\"image\/jpeg\" \/>\n<meta name=\"twitter:card\" content=\"summary_large_image\" \/>\n<meta name=\"twitter:image\" content=\"https:\/\/interpim.erresse-shop.it\/Import\/Prodotti\/imperia-macchina-per-pasta-pastapresto-gourmet-grigio-argento.jpg\" \/>\n<script type=\"application\/ld+json\" class=\"yoast-schema-graph\">{\"@context\":\"https:\/\/schema.org\",\"@graph\":[{\"@type\":\"WebPage\",\"@id\":\"https:\/\/dev6.erresse-shop.it\/fr\/shop\/cuisine\/machines-pour-pates\/imperia-machine-pour-pates-pastapresto-gourmet-gris-argente\/\",\"url\":\"https:\/\/dev6.erresse-shop.it\/fr\/shop\/cuisine\/machines-pour-pates\/imperia-machine-pour-pates-pastapresto-gourmet-gris-argente\/\",\"name\":\"IMPERIA Machine pour P\u00e2tes Pastapresto Gourmet Gris argent\u00e9 - dev6 Erresse\",\"isPartOf\":{\"@id\":\"https:\/\/dev6.erresse-shop.it\/#website\"},\"primaryImageOfPage\":{\"@id\":\"https:\/\/dev6.erresse-shop.it\/fr\/shop\/cuisine\/machines-pour-pates\/imperia-machine-pour-pates-pastapresto-gourmet-gris-argente\/#primaryimage\"},\"image\":{\"@id\":\"https:\/\/dev6.erresse-shop.it\/fr\/shop\/cuisine\/machines-pour-pates\/imperia-machine-pour-pates-pastapresto-gourmet-gris-argente\/#primaryimage\"},\"thumbnailUrl\":\"https:\/\/i3.wp.com\/interpim.erresse-shop.it\/Import\/Prodotti\/imperia-macchina-per-pasta-pastapresto-gourmet-grigio-argento.jpg?ssl=1\",\"datePublished\":\"2026-04-12T09:31:25+00:00\",\"description\":\"Imperia Pasta Presto red\u00e9finit l\u2019art de la fabrication des p\u00e2tes gr\u00e2ce \u00e0 son design sophistiqu\u00e9 et efficace. Cette machine \u00e0 p\u00e2tes, de couleur gris\",\"breadcrumb\":{\"@id\":\"https:\/\/dev6.erresse-shop.it\/fr\/shop\/cuisine\/machines-pour-pates\/imperia-machine-pour-pates-pastapresto-gourmet-gris-argente\/#breadcrumb\"},\"inLanguage\":\"fr-FR\",\"potentialAction\":[{\"@type\":\"ReadAction\",\"target\":[\"https:\/\/dev6.erresse-shop.it\/fr\/shop\/cuisine\/machines-pour-pates\/imperia-machine-pour-pates-pastapresto-gourmet-gris-argente\/\"]}]},{\"@type\":\"ImageObject\",\"inLanguage\":\"fr-FR\",\"@id\":\"https:\/\/dev6.erresse-shop.it\/fr\/shop\/cuisine\/machines-pour-pates\/imperia-machine-pour-pates-pastapresto-gourmet-gris-argente\/#primaryimage\",\"url\":\"https:\/\/i3.wp.com\/interpim.erresse-shop.it\/Import\/Prodotti\/imperia-macchina-per-pasta-pastapresto-gourmet-grigio-argento.jpg?ssl=1\",\"contentUrl\":\"https:\/\/i3.wp.com\/interpim.erresse-shop.it\/Import\/Prodotti\/imperia-macchina-per-pasta-pastapresto-gourmet-grigio-argento.jpg?ssl=1\"},{\"@type\":\"BreadcrumbList\",\"@id\":\"https:\/\/dev6.erresse-shop.it\/fr\/shop\/cuisine\/machines-pour-pates\/imperia-machine-pour-pates-pastapresto-gourmet-gris-argente\/#breadcrumb\",\"itemListElement\":[{\"@type\":\"ListItem\",\"position\":1,\"name\":\"Home\",\"item\":\"https:\/\/dev6.erresse-shop.it\/\"},{\"@type\":\"ListItem\",\"position\":2,\"name\":\"Boutique\",\"item\":\"https:\/\/dev6.erresse-shop.it\/shop\/\"},{\"@type\":\"ListItem\",\"position\":3,\"name\":\"IMPERIA Machine pour P\u00e2tes Pastapresto Gourmet Gris argent\u00e9\"}]},{\"@type\":\"WebSite\",\"@id\":\"https:\/\/dev6.erresse-shop.it\/#website\",\"url\":\"https:\/\/dev6.erresse-shop.it\/\",\"name\":\"Erresse Shop\",\"description\":\"\",\"publisher\":{\"@id\":\"https:\/\/dev6.erresse-shop.it\/#organization\"},\"potentialAction\":[{\"@type\":\"SearchAction\",\"target\":{\"@type\":\"EntryPoint\",\"urlTemplate\":\"https:\/\/dev6.erresse-shop.it\/?s={search_term_string}\"},\"query-input\":{\"@type\":\"PropertyValueSpecification\",\"valueRequired\":true,\"valueName\":\"search_term_string\"}}],\"inLanguage\":\"fr-FR\"},{\"@type\":\"Organization\",\"@id\":\"https:\/\/dev6.erresse-shop.it\/#organization\",\"name\":\"Erresse Shop\",\"url\":\"https:\/\/dev6.erresse-shop.it\/\",\"logo\":{\"@type\":\"ImageObject\",\"inLanguage\":\"fr-FR\",\"@id\":\"https:\/\/dev6.erresse-shop.it\/#\/schema\/logo\/image\/\",\"url\":\"https:\/\/dev6.erresse-shop.it\/wp-content\/uploads\/2025\/01\/LOGO-ERRESSE-CLASSICO.svg\",\"contentUrl\":\"https:\/\/dev6.erresse-shop.it\/wp-content\/uploads\/2025\/01\/LOGO-ERRESSE-CLASSICO.svg\",\"caption\":\"Erresse Shop\"},\"image\":{\"@id\":\"https:\/\/dev6.erresse-shop.it\/#\/schema\/logo\/image\/\"}}]}<\/script>\n<!-- \/ Yoast SEO plugin. -->","yoast_head_json":{"title":"IMPERIA Machine pour P\u00e2tes Pastapresto Gourmet Gris argent\u00e9 - dev6 Erresse","description":"Imperia Pasta Presto red\u00e9finit l\u2019art de la fabrication des p\u00e2tes gr\u00e2ce \u00e0 son design sophistiqu\u00e9 et efficace. Cette machine \u00e0 p\u00e2tes, de couleur gris","robots":{"index":"noindex","follow":"follow","max-snippet":"max-snippet:-1","max-image-preview":"max-image-preview:large","max-video-preview":"max-video-preview:-1"},"og_locale":"fr_FR","og_type":"article","og_title":"IMPERIA Machine pour P\u00e2tes Pastapresto Gourmet Gris argent\u00e9 - dev6 Erresse","og_description":"Imperia Pasta Presto red\u00e9finit l\u2019art de la fabrication des p\u00e2tes gr\u00e2ce \u00e0 son design sophistiqu\u00e9 et efficace. Cette machine \u00e0 p\u00e2tes, de couleur gris","og_url":"https:\/\/dev6.erresse-shop.it\/fr\/shop\/cuisine\/machines-pour-pates\/imperia-machine-pour-pates-pastapresto-gourmet-gris-argente\/","og_site_name":"dev6 Erresse","og_image":[{"url":"https:\/\/interpim.erresse-shop.it\/Import\/Prodotti\/imperia-macchina-per-pasta-pastapresto-gourmet-grigio-argento.jpg","type":"","width":"","height":""},{"url":"https:\/\/interpim.erresse-shop.it\/Import\/Prodotti\/imperia-macchina-per-pasta-pastapresto-gourmet-grigio-argento.jpg","width":1024,"height":1024,"type":"image\/jpeg"}],"twitter_card":"summary_large_image","twitter_image":"https:\/\/interpim.erresse-shop.it\/Import\/Prodotti\/imperia-macchina-per-pasta-pastapresto-gourmet-grigio-argento.jpg","schema":{"@context":"https:\/\/schema.org","@graph":[{"@type":"WebPage","@id":"https:\/\/dev6.erresse-shop.it\/fr\/shop\/cuisine\/machines-pour-pates\/imperia-machine-pour-pates-pastapresto-gourmet-gris-argente\/","url":"https:\/\/dev6.erresse-shop.it\/fr\/shop\/cuisine\/machines-pour-pates\/imperia-machine-pour-pates-pastapresto-gourmet-gris-argente\/","name":"IMPERIA Machine pour P\u00e2tes Pastapresto Gourmet Gris argent\u00e9 - dev6 Erresse","isPartOf":{"@id":"https:\/\/dev6.erresse-shop.it\/#website"},"primaryImageOfPage":{"@id":"https:\/\/dev6.erresse-shop.it\/fr\/shop\/cuisine\/machines-pour-pates\/imperia-machine-pour-pates-pastapresto-gourmet-gris-argente\/#primaryimage"},"image":{"@id":"https:\/\/dev6.erresse-shop.it\/fr\/shop\/cuisine\/machines-pour-pates\/imperia-machine-pour-pates-pastapresto-gourmet-gris-argente\/#primaryimage"},"thumbnailUrl":"https:\/\/i3.wp.com\/interpim.erresse-shop.it\/Import\/Prodotti\/imperia-macchina-per-pasta-pastapresto-gourmet-grigio-argento.jpg?ssl=1","datePublished":"2026-04-12T09:31:25+00:00","description":"Imperia Pasta Presto red\u00e9finit l\u2019art de la fabrication des p\u00e2tes gr\u00e2ce \u00e0 son design sophistiqu\u00e9 et efficace. Cette machine \u00e0 p\u00e2tes, de couleur gris","breadcrumb":{"@id":"https:\/\/dev6.erresse-shop.it\/fr\/shop\/cuisine\/machines-pour-pates\/imperia-machine-pour-pates-pastapresto-gourmet-gris-argente\/#breadcrumb"},"inLanguage":"fr-FR","potentialAction":[{"@type":"ReadAction","target":["https:\/\/dev6.erresse-shop.it\/fr\/shop\/cuisine\/machines-pour-pates\/imperia-machine-pour-pates-pastapresto-gourmet-gris-argente\/"]}]},{"@type":"ImageObject","inLanguage":"fr-FR","@id":"https:\/\/dev6.erresse-shop.it\/fr\/shop\/cuisine\/machines-pour-pates\/imperia-machine-pour-pates-pastapresto-gourmet-gris-argente\/#primaryimage","url":"https:\/\/i3.wp.com\/interpim.erresse-shop.it\/Import\/Prodotti\/imperia-macchina-per-pasta-pastapresto-gourmet-grigio-argento.jpg?ssl=1","contentUrl":"https:\/\/i3.wp.com\/interpim.erresse-shop.it\/Import\/Prodotti\/imperia-macchina-per-pasta-pastapresto-gourmet-grigio-argento.jpg?ssl=1"},{"@type":"BreadcrumbList","@id":"https:\/\/dev6.erresse-shop.it\/fr\/shop\/cuisine\/machines-pour-pates\/imperia-machine-pour-pates-pastapresto-gourmet-gris-argente\/#breadcrumb","itemListElement":[{"@type":"ListItem","position":1,"name":"Home","item":"https:\/\/dev6.erresse-shop.it\/"},{"@type":"ListItem","position":2,"name":"Boutique","item":"https:\/\/dev6.erresse-shop.it\/shop\/"},{"@type":"ListItem","position":3,"name":"IMPERIA Machine pour P\u00e2tes Pastapresto Gourmet Gris argent\u00e9"}]},{"@type":"WebSite","@id":"https:\/\/dev6.erresse-shop.it\/#website","url":"https:\/\/dev6.erresse-shop.it\/","name":"Erresse Shop","description":"","publisher":{"@id":"https:\/\/dev6.erresse-shop.it\/#organization"},"potentialAction":[{"@type":"SearchAction","target":{"@type":"EntryPoint","urlTemplate":"https:\/\/dev6.erresse-shop.it\/?s={search_term_string}"},"query-input":{"@type":"PropertyValueSpecification","valueRequired":true,"valueName":"search_term_string"}}],"inLanguage":"fr-FR"},{"@type":"Organization","@id":"https:\/\/dev6.erresse-shop.it\/#organization","name":"Erresse Shop","url":"https:\/\/dev6.erresse-shop.it\/","logo":{"@type":"ImageObject","inLanguage":"fr-FR","@id":"https:\/\/dev6.erresse-shop.it\/#\/schema\/logo\/image\/","url":"https:\/\/dev6.erresse-shop.it\/wp-content\/uploads\/2025\/01\/LOGO-ERRESSE-CLASSICO.svg","contentUrl":"https:\/\/dev6.erresse-shop.it\/wp-content\/uploads\/2025\/01\/LOGO-ERRESSE-CLASSICO.svg","caption":"Erresse Shop"},"image":{"@id":"https:\/\/dev6.erresse-shop.it\/#\/schema\/logo\/image\/"}}]}},"df_price":159.95,"df_sale_price":159.95,"df_regular_price":350,"df_image_link":"https:\/\/i3.wp.com\/interpim.erresse-shop.it\/Import\/Prodotti\/imperia-macchina-per-pasta-pastapresto-gourmet-grigio-argento.jpg?resize=300,300&ssl=1","fifu_image_url":"https:\/\/interpim.erresse-shop.it\/Import\/Prodotti\/imperia-macchina-per-pasta-pastapresto-gourmet-grigio-argento.jpg","_links":{"self":[{"href":"https:\/\/dev6.erresse-shop.it\/fr\/wp-json\/wp\/v2\/product\/64635","targetHints":{"allow":["GET"]}}],"collection":[{"href":"https:\/\/dev6.erresse-shop.it\/fr\/wp-json\/wp\/v2\/product"}],"about":[{"href":"https:\/\/dev6.erresse-shop.it\/fr\/wp-json\/wp\/v2\/types\/product"}],"wp:featuredmedia":[{"embeddable":true,"href":"https:\/\/dev6.erresse-shop.it\/fr\/wp-json\/wp\/v2\/media\/6369161"}],"wp:attachment":[{"href":"https:\/\/dev6.erresse-shop.it\/fr\/wp-json\/wp\/v2\/media?parent=64635"}],"wp:term":[{"taxonomy":"product_cat","embeddable":true,"href":"https:\/\/dev6.erresse-shop.it\/fr\/wp-json\/wp\/v2\/product_cat?post=64635"},{"taxonomy":"product_tag","embeddable":true,"href":"https:\/\/dev6.erresse-shop.it\/fr\/wp-json\/wp\/v2\/product_tag?post=64635"}],"curies":[{"name":"wp","href":"https:\/\/api.w.org\/{rel}","templated":true}]}}