{"id":64633,"date":"2026-04-12T11:31:25","date_gmt":"2026-04-12T09:31:25","guid":{"rendered":"https:\/\/dev6.erresse-shop.it\/shop\/non%20class\u00e9\/imperia-machine-pour-pates-pastapresto-gourmet-gris-anthracite\/"},"modified":"2025-09-14T05:46:01","modified_gmt":"2025-09-14T03:46:01","slug":"imperia-machine-pour-pates-pastapresto-gourmet-gris-anthracite","status":"publish","type":"product","link":"https:\/\/dev6.erresse-shop.it\/fr\/shop\/cuisine\/machines-pour-pates\/imperia-machine-pour-pates-pastapresto-gourmet-gris-anthracite\/","title":{"rendered":"IMPERIA Machine pour P\u00e2tes Pastapresto Gourmet Gris anthracite"},"content":{"rendered":"<p>Imperia Pasta Presto est une machine \u00e0 p\u00e2tes motoris\u00e9e au design exclusif et \u00e9l\u00e9gant qui offre une combinaison parfaite de fonctionnalit\u00e9, de tradition et d\u2019innovation. Cette machine se distingue par son design \u00e9l\u00e9gant et convivial, qui rend la pr\u00e9paration des p\u00e2tes facile et agr\u00e9able. Pasta Presto n\u2019est pas seulement robuste, elle est \u00e9galement dot\u00e9e de fonctions avanc\u00e9es, dont la capacit\u00e9 unique de cr\u00e9er des p\u00e2tes \u00e0 la texture rustique, id\u00e9ale pour am\u00e9liorer l\u2019adh\u00e9rence de la sauce et donner une nouvelle dimension aux plats.<\/p>\n<p>Le processus simplifi\u00e9 de la machine vous permet de cr\u00e9er diff\u00e9rents types de p\u00e2tes, en conservant la sensation et le go\u00fbt authentiques des p\u00e2tes italiennes traditionnelles, mais avec l\u2019ajout d\u2019une surface textur\u00e9e. Id\u00e9ale pour les d\u00e9butants comme pour les cuisiniers exp\u00e9riment\u00e9s, Imperia Pasta Presto est un outil indispensable pour tous ceux qui appr\u00e9cient la qualit\u00e9, l\u2019h\u00e9ritage et l\u2019innovation des p\u00e2tes faites maison.<\/p>\n<p>Caract\u00e9ristiques principales :<\/p>\n<p>Couleur : gris fonc\u00e9 opaque<br \/>\nDesign \u00e9l\u00e9gant et efficace : allie l\u2019esth\u00e9tique moderne \u00e0 la fonctionnalit\u00e9 pratique<br \/>\nCommodit\u00e9 motoris\u00e9e : simplifie la pr\u00e9paration des p\u00e2tes en offrant facilit\u00e9 et efficacit\u00e9.<br \/>\nExp\u00e9rience authentique des p\u00e2tes : pr\u00e9serve la tradition des p\u00e2tes italiennes faites maison en permettant de cr\u00e9er des p\u00e2tes rustiques et textur\u00e9es.<br \/>\n230V<\/p>\n","protected":false},"excerpt":{"rendered":"<p>Imperia Pasta Presto est une machine \u00e0 p\u00e2tes motoris\u00e9e au design exclusif et \u00e9l\u00e9gant qui offre une combinaison parfaite de fonctionnalit\u00e9, de tradition et d\u2019innovation. Cette machine se distingue par son design \u00e9l\u00e9gant et convivial, qui rend la pr\u00e9paration des p\u00e2tes facile et agr\u00e9able. Pasta Presto n\u2019est pas seulement robuste, elle est \u00e9galement dot\u00e9e de [&hellip;]<\/p>\n","protected":false},"featured_media":6369158,"template":"","meta":{"_acf_changed":false},"product_cat":[11668,11992,12052],"product_tag":[],"class_list":{"0":"post-64633","1":"product","2":"type-product","3":"status-publish","4":"has-post-thumbnail","6":"product_cat-cucina","7":"product_cat-cuisine","8":"product_cat-machines-pour-pates","10":"first","11":"instock","12":"sale","13":"taxable","14":"shipping-taxable","15":"purchasable","16":"product-type-simple","swatches":"rey-swatches","show_selected":"","stretch_labels":"rey-swatches--stretch-labels"},"acf":[],"yoast_head":"<!-- This site is optimized with the Yoast SEO plugin v25.4 - https:\/\/yoast.com\/wordpress\/plugins\/seo\/ -->\n<title>IMPERIA Machine pour P\u00e2tes Pastapresto Gourmet Gris anthracite - dev6 Erresse<\/title>\n<meta name=\"description\" content=\"Imperia Pasta Presto est une machine \u00e0 p\u00e2tes motoris\u00e9e au design exclusif et \u00e9l\u00e9gant qui offre une combinaison parfaite de fonctionnalit\u00e9, de tradition et\" \/>\n<meta name=\"robots\" content=\"noindex, follow, max-snippet:-1, max-image-preview:large, max-video-preview:-1\" \/>\n<meta property=\"og:locale\" content=\"fr_FR\" \/>\n<meta property=\"og:type\" content=\"article\" \/>\n<meta property=\"og:title\" content=\"IMPERIA Machine pour P\u00e2tes Pastapresto Gourmet Gris anthracite - dev6 Erresse\" \/>\n<meta property=\"og:description\" content=\"Imperia Pasta Presto est une machine \u00e0 p\u00e2tes motoris\u00e9e au design exclusif et \u00e9l\u00e9gant qui offre une combinaison parfaite de fonctionnalit\u00e9, de tradition et\" \/>\n<meta property=\"og:url\" content=\"https:\/\/dev6.erresse-shop.it\/fr\/shop\/cuisine\/machines-pour-pates\/imperia-machine-pour-pates-pastapresto-gourmet-gris-anthracite\/\" \/>\n<meta property=\"og:site_name\" content=\"dev6 Erresse\" \/>\n<meta property=\"og:image\" content=\"https:\/\/interpim.erresse-shop.it\/Import\/Prodotti\/imperia-macchina-per-pasta-pastapresto-gourmet-grigio-antracite.jpg\" \/><meta property=\"og:image\" content=\"https:\/\/interpim.erresse-shop.it\/Import\/Prodotti\/imperia-macchina-per-pasta-pastapresto-gourmet-grigio-antracite.jpg\" \/>\n\t<meta property=\"og:image:width\" content=\"1024\" \/>\n\t<meta property=\"og:image:height\" content=\"1024\" \/>\n\t<meta property=\"og:image:type\" content=\"image\/jpeg\" \/>\n<meta name=\"twitter:card\" content=\"summary_large_image\" \/>\n<meta name=\"twitter:image\" content=\"https:\/\/interpim.erresse-shop.it\/Import\/Prodotti\/imperia-macchina-per-pasta-pastapresto-gourmet-grigio-antracite.jpg\" \/>\n<script type=\"application\/ld+json\" class=\"yoast-schema-graph\">{\"@context\":\"https:\/\/schema.org\",\"@graph\":[{\"@type\":\"WebPage\",\"@id\":\"https:\/\/dev6.erresse-shop.it\/fr\/shop\/cuisine\/machines-pour-pates\/imperia-machine-pour-pates-pastapresto-gourmet-gris-anthracite\/\",\"url\":\"https:\/\/dev6.erresse-shop.it\/fr\/shop\/cuisine\/machines-pour-pates\/imperia-machine-pour-pates-pastapresto-gourmet-gris-anthracite\/\",\"name\":\"IMPERIA Machine pour P\u00e2tes Pastapresto Gourmet Gris anthracite - dev6 Erresse\",\"isPartOf\":{\"@id\":\"https:\/\/dev6.erresse-shop.it\/#website\"},\"primaryImageOfPage\":{\"@id\":\"https:\/\/dev6.erresse-shop.it\/fr\/shop\/cuisine\/machines-pour-pates\/imperia-machine-pour-pates-pastapresto-gourmet-gris-anthracite\/#primaryimage\"},\"image\":{\"@id\":\"https:\/\/dev6.erresse-shop.it\/fr\/shop\/cuisine\/machines-pour-pates\/imperia-machine-pour-pates-pastapresto-gourmet-gris-anthracite\/#primaryimage\"},\"thumbnailUrl\":\"https:\/\/i0.wp.com\/interpim.erresse-shop.it\/Import\/Prodotti\/imperia-macchina-per-pasta-pastapresto-gourmet-grigio-antracite.jpg?ssl=1\",\"datePublished\":\"2026-04-12T09:31:25+00:00\",\"description\":\"Imperia Pasta Presto est une machine \u00e0 p\u00e2tes motoris\u00e9e au design exclusif et \u00e9l\u00e9gant qui offre une combinaison parfaite de fonctionnalit\u00e9, de tradition et\",\"breadcrumb\":{\"@id\":\"https:\/\/dev6.erresse-shop.it\/fr\/shop\/cuisine\/machines-pour-pates\/imperia-machine-pour-pates-pastapresto-gourmet-gris-anthracite\/#breadcrumb\"},\"inLanguage\":\"fr-FR\",\"potentialAction\":[{\"@type\":\"ReadAction\",\"target\":[\"https:\/\/dev6.erresse-shop.it\/fr\/shop\/cuisine\/machines-pour-pates\/imperia-machine-pour-pates-pastapresto-gourmet-gris-anthracite\/\"]}]},{\"@type\":\"ImageObject\",\"inLanguage\":\"fr-FR\",\"@id\":\"https:\/\/dev6.erresse-shop.it\/fr\/shop\/cuisine\/machines-pour-pates\/imperia-machine-pour-pates-pastapresto-gourmet-gris-anthracite\/#primaryimage\",\"url\":\"https:\/\/i0.wp.com\/interpim.erresse-shop.it\/Import\/Prodotti\/imperia-macchina-per-pasta-pastapresto-gourmet-grigio-antracite.jpg?ssl=1\",\"contentUrl\":\"https:\/\/i0.wp.com\/interpim.erresse-shop.it\/Import\/Prodotti\/imperia-macchina-per-pasta-pastapresto-gourmet-grigio-antracite.jpg?ssl=1\"},{\"@type\":\"BreadcrumbList\",\"@id\":\"https:\/\/dev6.erresse-shop.it\/fr\/shop\/cuisine\/machines-pour-pates\/imperia-machine-pour-pates-pastapresto-gourmet-gris-anthracite\/#breadcrumb\",\"itemListElement\":[{\"@type\":\"ListItem\",\"position\":1,\"name\":\"Home\",\"item\":\"https:\/\/dev6.erresse-shop.it\/\"},{\"@type\":\"ListItem\",\"position\":2,\"name\":\"Boutique\",\"item\":\"https:\/\/dev6.erresse-shop.it\/shop\/\"},{\"@type\":\"ListItem\",\"position\":3,\"name\":\"IMPERIA Machine pour P\u00e2tes Pastapresto Gourmet Gris anthracite\"}]},{\"@type\":\"WebSite\",\"@id\":\"https:\/\/dev6.erresse-shop.it\/#website\",\"url\":\"https:\/\/dev6.erresse-shop.it\/\",\"name\":\"Erresse Shop\",\"description\":\"\",\"publisher\":{\"@id\":\"https:\/\/dev6.erresse-shop.it\/#organization\"},\"potentialAction\":[{\"@type\":\"SearchAction\",\"target\":{\"@type\":\"EntryPoint\",\"urlTemplate\":\"https:\/\/dev6.erresse-shop.it\/?s={search_term_string}\"},\"query-input\":{\"@type\":\"PropertyValueSpecification\",\"valueRequired\":true,\"valueName\":\"search_term_string\"}}],\"inLanguage\":\"fr-FR\"},{\"@type\":\"Organization\",\"@id\":\"https:\/\/dev6.erresse-shop.it\/#organization\",\"name\":\"Erresse Shop\",\"url\":\"https:\/\/dev6.erresse-shop.it\/\",\"logo\":{\"@type\":\"ImageObject\",\"inLanguage\":\"fr-FR\",\"@id\":\"https:\/\/dev6.erresse-shop.it\/#\/schema\/logo\/image\/\",\"url\":\"https:\/\/dev6.erresse-shop.it\/wp-content\/uploads\/2025\/01\/LOGO-ERRESSE-CLASSICO.svg\",\"contentUrl\":\"https:\/\/dev6.erresse-shop.it\/wp-content\/uploads\/2025\/01\/LOGO-ERRESSE-CLASSICO.svg\",\"caption\":\"Erresse Shop\"},\"image\":{\"@id\":\"https:\/\/dev6.erresse-shop.it\/#\/schema\/logo\/image\/\"}}]}<\/script>\n<!-- \/ Yoast SEO plugin. -->","yoast_head_json":{"title":"IMPERIA Machine pour P\u00e2tes Pastapresto Gourmet Gris anthracite - dev6 Erresse","description":"Imperia Pasta Presto est une machine \u00e0 p\u00e2tes motoris\u00e9e au design exclusif et \u00e9l\u00e9gant qui offre une combinaison parfaite de fonctionnalit\u00e9, de tradition et","robots":{"index":"noindex","follow":"follow","max-snippet":"max-snippet:-1","max-image-preview":"max-image-preview:large","max-video-preview":"max-video-preview:-1"},"og_locale":"fr_FR","og_type":"article","og_title":"IMPERIA Machine pour P\u00e2tes Pastapresto Gourmet Gris anthracite - dev6 Erresse","og_description":"Imperia Pasta Presto est une machine \u00e0 p\u00e2tes motoris\u00e9e au design exclusif et \u00e9l\u00e9gant qui offre une combinaison parfaite de fonctionnalit\u00e9, de tradition et","og_url":"https:\/\/dev6.erresse-shop.it\/fr\/shop\/cuisine\/machines-pour-pates\/imperia-machine-pour-pates-pastapresto-gourmet-gris-anthracite\/","og_site_name":"dev6 Erresse","og_image":[{"url":"https:\/\/interpim.erresse-shop.it\/Import\/Prodotti\/imperia-macchina-per-pasta-pastapresto-gourmet-grigio-antracite.jpg","type":"","width":"","height":""},{"url":"https:\/\/interpim.erresse-shop.it\/Import\/Prodotti\/imperia-macchina-per-pasta-pastapresto-gourmet-grigio-antracite.jpg","width":1024,"height":1024,"type":"image\/jpeg"}],"twitter_card":"summary_large_image","twitter_image":"https:\/\/interpim.erresse-shop.it\/Import\/Prodotti\/imperia-macchina-per-pasta-pastapresto-gourmet-grigio-antracite.jpg","schema":{"@context":"https:\/\/schema.org","@graph":[{"@type":"WebPage","@id":"https:\/\/dev6.erresse-shop.it\/fr\/shop\/cuisine\/machines-pour-pates\/imperia-machine-pour-pates-pastapresto-gourmet-gris-anthracite\/","url":"https:\/\/dev6.erresse-shop.it\/fr\/shop\/cuisine\/machines-pour-pates\/imperia-machine-pour-pates-pastapresto-gourmet-gris-anthracite\/","name":"IMPERIA Machine pour P\u00e2tes Pastapresto Gourmet Gris anthracite - dev6 Erresse","isPartOf":{"@id":"https:\/\/dev6.erresse-shop.it\/#website"},"primaryImageOfPage":{"@id":"https:\/\/dev6.erresse-shop.it\/fr\/shop\/cuisine\/machines-pour-pates\/imperia-machine-pour-pates-pastapresto-gourmet-gris-anthracite\/#primaryimage"},"image":{"@id":"https:\/\/dev6.erresse-shop.it\/fr\/shop\/cuisine\/machines-pour-pates\/imperia-machine-pour-pates-pastapresto-gourmet-gris-anthracite\/#primaryimage"},"thumbnailUrl":"https:\/\/i0.wp.com\/interpim.erresse-shop.it\/Import\/Prodotti\/imperia-macchina-per-pasta-pastapresto-gourmet-grigio-antracite.jpg?ssl=1","datePublished":"2026-04-12T09:31:25+00:00","description":"Imperia Pasta Presto est une machine \u00e0 p\u00e2tes motoris\u00e9e au design exclusif et \u00e9l\u00e9gant qui offre une combinaison parfaite de fonctionnalit\u00e9, de tradition et","breadcrumb":{"@id":"https:\/\/dev6.erresse-shop.it\/fr\/shop\/cuisine\/machines-pour-pates\/imperia-machine-pour-pates-pastapresto-gourmet-gris-anthracite\/#breadcrumb"},"inLanguage":"fr-FR","potentialAction":[{"@type":"ReadAction","target":["https:\/\/dev6.erresse-shop.it\/fr\/shop\/cuisine\/machines-pour-pates\/imperia-machine-pour-pates-pastapresto-gourmet-gris-anthracite\/"]}]},{"@type":"ImageObject","inLanguage":"fr-FR","@id":"https:\/\/dev6.erresse-shop.it\/fr\/shop\/cuisine\/machines-pour-pates\/imperia-machine-pour-pates-pastapresto-gourmet-gris-anthracite\/#primaryimage","url":"https:\/\/i0.wp.com\/interpim.erresse-shop.it\/Import\/Prodotti\/imperia-macchina-per-pasta-pastapresto-gourmet-grigio-antracite.jpg?ssl=1","contentUrl":"https:\/\/i0.wp.com\/interpim.erresse-shop.it\/Import\/Prodotti\/imperia-macchina-per-pasta-pastapresto-gourmet-grigio-antracite.jpg?ssl=1"},{"@type":"BreadcrumbList","@id":"https:\/\/dev6.erresse-shop.it\/fr\/shop\/cuisine\/machines-pour-pates\/imperia-machine-pour-pates-pastapresto-gourmet-gris-anthracite\/#breadcrumb","itemListElement":[{"@type":"ListItem","position":1,"name":"Home","item":"https:\/\/dev6.erresse-shop.it\/"},{"@type":"ListItem","position":2,"name":"Boutique","item":"https:\/\/dev6.erresse-shop.it\/shop\/"},{"@type":"ListItem","position":3,"name":"IMPERIA Machine pour P\u00e2tes Pastapresto Gourmet Gris anthracite"}]},{"@type":"WebSite","@id":"https:\/\/dev6.erresse-shop.it\/#website","url":"https:\/\/dev6.erresse-shop.it\/","name":"Erresse Shop","description":"","publisher":{"@id":"https:\/\/dev6.erresse-shop.it\/#organization"},"potentialAction":[{"@type":"SearchAction","target":{"@type":"EntryPoint","urlTemplate":"https:\/\/dev6.erresse-shop.it\/?s={search_term_string}"},"query-input":{"@type":"PropertyValueSpecification","valueRequired":true,"valueName":"search_term_string"}}],"inLanguage":"fr-FR"},{"@type":"Organization","@id":"https:\/\/dev6.erresse-shop.it\/#organization","name":"Erresse Shop","url":"https:\/\/dev6.erresse-shop.it\/","logo":{"@type":"ImageObject","inLanguage":"fr-FR","@id":"https:\/\/dev6.erresse-shop.it\/#\/schema\/logo\/image\/","url":"https:\/\/dev6.erresse-shop.it\/wp-content\/uploads\/2025\/01\/LOGO-ERRESSE-CLASSICO.svg","contentUrl":"https:\/\/dev6.erresse-shop.it\/wp-content\/uploads\/2025\/01\/LOGO-ERRESSE-CLASSICO.svg","caption":"Erresse Shop"},"image":{"@id":"https:\/\/dev6.erresse-shop.it\/#\/schema\/logo\/image\/"}}]}},"df_price":159.95,"df_sale_price":159.95,"df_regular_price":350,"df_image_link":"https:\/\/i0.wp.com\/interpim.erresse-shop.it\/Import\/Prodotti\/imperia-macchina-per-pasta-pastapresto-gourmet-grigio-antracite.jpg?resize=300,300&ssl=1","fifu_image_url":"https:\/\/interpim.erresse-shop.it\/Import\/Prodotti\/imperia-macchina-per-pasta-pastapresto-gourmet-grigio-antracite.jpg","_links":{"self":[{"href":"https:\/\/dev6.erresse-shop.it\/fr\/wp-json\/wp\/v2\/product\/64633","targetHints":{"allow":["GET"]}}],"collection":[{"href":"https:\/\/dev6.erresse-shop.it\/fr\/wp-json\/wp\/v2\/product"}],"about":[{"href":"https:\/\/dev6.erresse-shop.it\/fr\/wp-json\/wp\/v2\/types\/product"}],"wp:featuredmedia":[{"embeddable":true,"href":"https:\/\/dev6.erresse-shop.it\/fr\/wp-json\/wp\/v2\/media\/6369158"}],"wp:attachment":[{"href":"https:\/\/dev6.erresse-shop.it\/fr\/wp-json\/wp\/v2\/media?parent=64633"}],"wp:term":[{"taxonomy":"product_cat","embeddable":true,"href":"https:\/\/dev6.erresse-shop.it\/fr\/wp-json\/wp\/v2\/product_cat?post=64633"},{"taxonomy":"product_tag","embeddable":true,"href":"https:\/\/dev6.erresse-shop.it\/fr\/wp-json\/wp\/v2\/product_tag?post=64633"}],"curies":[{"name":"wp","href":"https:\/\/api.w.org\/{rel}","templated":true}]}}