{"id":64625,"date":"2026-04-12T11:29:15","date_gmt":"2026-04-12T09:29:15","guid":{"rendered":"https:\/\/dev6.erresse-shop.it\/shop\/non%20class\u00e9\/kitchenaid-pince-a-grille-pain\/"},"modified":"2025-09-14T05:45:48","modified_gmt":"2025-09-14T03:45:48","slug":"kitchenaid-pince-a-grille-pain","status":"publish","type":"product","link":"https:\/\/dev6.erresse-shop.it\/fr\/shop\/petits-electromenagers\/grille-pains\/kitchenaid-pince-a-grille-pain\/","title":{"rendered":"KITCHENAID Pince \u00e0 grille-pain"},"content":{"rendered":"<p>La pince \u00e0 toasts vous permet de pr\u00e9parer de d\u00e9licieux toasts tout en minimisant les risques de d\u00e9bordement gr\u00e2ce \u00e0 un syst\u00e8me de blocage int\u00e9gr\u00e9.<br \/>\nIl suffit de l\u2019ouvrir et de placer le pain \u00e0 l\u2019int\u00e9rieur, garni de fines tranches de fromage, de charcuterie ou d\u2019autres ingr\u00e9dients.<br \/>\nGr\u00e2ce \u00e0 sa poign\u00e9e confortable, la manipulation est facile et s\u00fbre.<\/p>\n<p>Mat\u00e9riau : acier inoxydable<br \/>\nPeut \u00eatre lav\u00e9 au lave-vaisselle<br \/>\nCompatible avec tous les mod\u00e8les de grille-pain KitchenAid<\/p>\n","protected":false},"excerpt":{"rendered":"<p>La pince \u00e0 toasts vous permet de pr\u00e9parer de d\u00e9licieux toasts tout en minimisant les risques de d\u00e9bordement gr\u00e2ce \u00e0 un syst\u00e8me de blocage int\u00e9gr\u00e9. Il suffit de l\u2019ouvrir et de placer le pain \u00e0 l\u2019int\u00e9rieur, garni de fines tranches de fromage, de charcuterie ou d\u2019autres ingr\u00e9dients. Gr\u00e2ce \u00e0 sa poign\u00e9e confortable, la manipulation est [&hellip;]<\/p>\n","protected":false},"featured_media":6369152,"template":"","meta":{"_acf_changed":false},"product_cat":[12068,12055],"product_tag":[],"class_list":{"0":"post-64625","1":"product","2":"type-product","3":"status-publish","4":"has-post-thumbnail","6":"product_cat-grille-pains","7":"product_cat-petits-electromenagers","9":"first","10":"instock","11":"taxable","12":"shipping-taxable","13":"purchasable","14":"product-type-simple","swatches":"rey-swatches","show_selected":"","stretch_labels":"rey-swatches--stretch-labels"},"acf":[],"yoast_head":"<!-- This site is optimized with the Yoast SEO plugin v25.4 - https:\/\/yoast.com\/wordpress\/plugins\/seo\/ -->\n<title>KITCHENAID Pince \u00e0 grille-pain - dev6 Erresse<\/title>\n<meta name=\"description\" content=\"La pince \u00e0 toasts vous permet de pr\u00e9parer de d\u00e9licieux toasts tout en minimisant les risques de d\u00e9bordement gr\u00e2ce \u00e0 un syst\u00e8me de blocage int\u00e9gr\u00e9. Il\" \/>\n<meta name=\"robots\" content=\"noindex, follow, max-snippet:-1, max-image-preview:large, max-video-preview:-1\" \/>\n<meta property=\"og:locale\" content=\"fr_FR\" \/>\n<meta property=\"og:type\" content=\"article\" \/>\n<meta property=\"og:title\" content=\"KITCHENAID Pince \u00e0 grille-pain - dev6 Erresse\" \/>\n<meta property=\"og:description\" content=\"La pince \u00e0 toasts vous permet de pr\u00e9parer de d\u00e9licieux toasts tout en minimisant les risques de d\u00e9bordement gr\u00e2ce \u00e0 un syst\u00e8me de blocage int\u00e9gr\u00e9. Il\" \/>\n<meta property=\"og:url\" content=\"https:\/\/dev6.erresse-shop.it\/fr\/shop\/petits-electromenagers\/grille-pains\/kitchenaid-pince-a-grille-pain\/\" \/>\n<meta property=\"og:site_name\" content=\"dev6 Erresse\" \/>\n<meta property=\"og:image\" content=\"https:\/\/interpim.erresse-shop.it\/Import\/Prodotti\/kitchenaid-pinze-per-tostapane.png\" \/><meta property=\"og:image\" content=\"https:\/\/interpim.erresse-shop.it\/Import\/Prodotti\/kitchenaid-pinze-per-tostapane.png\" \/>\n\t<meta property=\"og:image:width\" content=\"1024\" \/>\n\t<meta property=\"og:image:height\" content=\"1024\" \/>\n\t<meta property=\"og:image:type\" content=\"image\/jpeg\" \/>\n<meta name=\"twitter:card\" content=\"summary_large_image\" \/>\n<meta name=\"twitter:image\" content=\"https:\/\/interpim.erresse-shop.it\/Import\/Prodotti\/kitchenaid-pinze-per-tostapane.png\" \/>\n<script type=\"application\/ld+json\" class=\"yoast-schema-graph\">{\"@context\":\"https:\/\/schema.org\",\"@graph\":[{\"@type\":\"WebPage\",\"@id\":\"https:\/\/dev6.erresse-shop.it\/fr\/shop\/petits-electromenagers\/grille-pains\/kitchenaid-pince-a-grille-pain\/\",\"url\":\"https:\/\/dev6.erresse-shop.it\/fr\/shop\/petits-electromenagers\/grille-pains\/kitchenaid-pince-a-grille-pain\/\",\"name\":\"KITCHENAID Pince \u00e0 grille-pain - dev6 Erresse\",\"isPartOf\":{\"@id\":\"https:\/\/dev6.erresse-shop.it\/#website\"},\"primaryImageOfPage\":{\"@id\":\"https:\/\/dev6.erresse-shop.it\/fr\/shop\/petits-electromenagers\/grille-pains\/kitchenaid-pince-a-grille-pain\/#primaryimage\"},\"image\":{\"@id\":\"https:\/\/dev6.erresse-shop.it\/fr\/shop\/petits-electromenagers\/grille-pains\/kitchenaid-pince-a-grille-pain\/#primaryimage\"},\"thumbnailUrl\":\"https:\/\/i1.wp.com\/interpim.erresse-shop.it\/Import\/Prodotti\/kitchenaid-pinze-per-tostapane.png?ssl=1\",\"datePublished\":\"2026-04-12T09:29:15+00:00\",\"description\":\"La pince \u00e0 toasts vous permet de pr\u00e9parer de d\u00e9licieux toasts tout en minimisant les risques de d\u00e9bordement gr\u00e2ce \u00e0 un syst\u00e8me de blocage int\u00e9gr\u00e9. Il\",\"breadcrumb\":{\"@id\":\"https:\/\/dev6.erresse-shop.it\/fr\/shop\/petits-electromenagers\/grille-pains\/kitchenaid-pince-a-grille-pain\/#breadcrumb\"},\"inLanguage\":\"fr-FR\",\"potentialAction\":[{\"@type\":\"ReadAction\",\"target\":[\"https:\/\/dev6.erresse-shop.it\/fr\/shop\/petits-electromenagers\/grille-pains\/kitchenaid-pince-a-grille-pain\/\"]}]},{\"@type\":\"ImageObject\",\"inLanguage\":\"fr-FR\",\"@id\":\"https:\/\/dev6.erresse-shop.it\/fr\/shop\/petits-electromenagers\/grille-pains\/kitchenaid-pince-a-grille-pain\/#primaryimage\",\"url\":\"https:\/\/i1.wp.com\/interpim.erresse-shop.it\/Import\/Prodotti\/kitchenaid-pinze-per-tostapane.png?ssl=1\",\"contentUrl\":\"https:\/\/i1.wp.com\/interpim.erresse-shop.it\/Import\/Prodotti\/kitchenaid-pinze-per-tostapane.png?ssl=1\"},{\"@type\":\"BreadcrumbList\",\"@id\":\"https:\/\/dev6.erresse-shop.it\/fr\/shop\/petits-electromenagers\/grille-pains\/kitchenaid-pince-a-grille-pain\/#breadcrumb\",\"itemListElement\":[{\"@type\":\"ListItem\",\"position\":1,\"name\":\"Home\",\"item\":\"https:\/\/dev6.erresse-shop.it\/\"},{\"@type\":\"ListItem\",\"position\":2,\"name\":\"Boutique\",\"item\":\"https:\/\/dev6.erresse-shop.it\/shop\/\"},{\"@type\":\"ListItem\",\"position\":3,\"name\":\"KITCHENAID Pince \u00e0 grille-pain\"}]},{\"@type\":\"WebSite\",\"@id\":\"https:\/\/dev6.erresse-shop.it\/#website\",\"url\":\"https:\/\/dev6.erresse-shop.it\/\",\"name\":\"Erresse Shop\",\"description\":\"\",\"publisher\":{\"@id\":\"https:\/\/dev6.erresse-shop.it\/#organization\"},\"potentialAction\":[{\"@type\":\"SearchAction\",\"target\":{\"@type\":\"EntryPoint\",\"urlTemplate\":\"https:\/\/dev6.erresse-shop.it\/?s={search_term_string}\"},\"query-input\":{\"@type\":\"PropertyValueSpecification\",\"valueRequired\":true,\"valueName\":\"search_term_string\"}}],\"inLanguage\":\"fr-FR\"},{\"@type\":\"Organization\",\"@id\":\"https:\/\/dev6.erresse-shop.it\/#organization\",\"name\":\"Erresse Shop\",\"url\":\"https:\/\/dev6.erresse-shop.it\/\",\"logo\":{\"@type\":\"ImageObject\",\"inLanguage\":\"fr-FR\",\"@id\":\"https:\/\/dev6.erresse-shop.it\/#\/schema\/logo\/image\/\",\"url\":\"https:\/\/dev6.erresse-shop.it\/wp-content\/uploads\/2025\/01\/LOGO-ERRESSE-CLASSICO.svg\",\"contentUrl\":\"https:\/\/dev6.erresse-shop.it\/wp-content\/uploads\/2025\/01\/LOGO-ERRESSE-CLASSICO.svg\",\"caption\":\"Erresse Shop\"},\"image\":{\"@id\":\"https:\/\/dev6.erresse-shop.it\/#\/schema\/logo\/image\/\"}}]}<\/script>\n<!-- \/ Yoast SEO plugin. -->","yoast_head_json":{"title":"KITCHENAID Pince \u00e0 grille-pain - dev6 Erresse","description":"La pince \u00e0 toasts vous permet de pr\u00e9parer de d\u00e9licieux toasts tout en minimisant les risques de d\u00e9bordement gr\u00e2ce \u00e0 un syst\u00e8me de blocage int\u00e9gr\u00e9. Il","robots":{"index":"noindex","follow":"follow","max-snippet":"max-snippet:-1","max-image-preview":"max-image-preview:large","max-video-preview":"max-video-preview:-1"},"og_locale":"fr_FR","og_type":"article","og_title":"KITCHENAID Pince \u00e0 grille-pain - dev6 Erresse","og_description":"La pince \u00e0 toasts vous permet de pr\u00e9parer de d\u00e9licieux toasts tout en minimisant les risques de d\u00e9bordement gr\u00e2ce \u00e0 un syst\u00e8me de blocage int\u00e9gr\u00e9. Il","og_url":"https:\/\/dev6.erresse-shop.it\/fr\/shop\/petits-electromenagers\/grille-pains\/kitchenaid-pince-a-grille-pain\/","og_site_name":"dev6 Erresse","og_image":[{"url":"https:\/\/interpim.erresse-shop.it\/Import\/Prodotti\/kitchenaid-pinze-per-tostapane.png","type":"","width":"","height":""},{"url":"https:\/\/interpim.erresse-shop.it\/Import\/Prodotti\/kitchenaid-pinze-per-tostapane.png","width":1024,"height":1024,"type":"image\/jpeg"}],"twitter_card":"summary_large_image","twitter_image":"https:\/\/interpim.erresse-shop.it\/Import\/Prodotti\/kitchenaid-pinze-per-tostapane.png","schema":{"@context":"https:\/\/schema.org","@graph":[{"@type":"WebPage","@id":"https:\/\/dev6.erresse-shop.it\/fr\/shop\/petits-electromenagers\/grille-pains\/kitchenaid-pince-a-grille-pain\/","url":"https:\/\/dev6.erresse-shop.it\/fr\/shop\/petits-electromenagers\/grille-pains\/kitchenaid-pince-a-grille-pain\/","name":"KITCHENAID Pince \u00e0 grille-pain - dev6 Erresse","isPartOf":{"@id":"https:\/\/dev6.erresse-shop.it\/#website"},"primaryImageOfPage":{"@id":"https:\/\/dev6.erresse-shop.it\/fr\/shop\/petits-electromenagers\/grille-pains\/kitchenaid-pince-a-grille-pain\/#primaryimage"},"image":{"@id":"https:\/\/dev6.erresse-shop.it\/fr\/shop\/petits-electromenagers\/grille-pains\/kitchenaid-pince-a-grille-pain\/#primaryimage"},"thumbnailUrl":"https:\/\/i1.wp.com\/interpim.erresse-shop.it\/Import\/Prodotti\/kitchenaid-pinze-per-tostapane.png?ssl=1","datePublished":"2026-04-12T09:29:15+00:00","description":"La pince \u00e0 toasts vous permet de pr\u00e9parer de d\u00e9licieux toasts tout en minimisant les risques de d\u00e9bordement gr\u00e2ce \u00e0 un syst\u00e8me de blocage int\u00e9gr\u00e9. Il","breadcrumb":{"@id":"https:\/\/dev6.erresse-shop.it\/fr\/shop\/petits-electromenagers\/grille-pains\/kitchenaid-pince-a-grille-pain\/#breadcrumb"},"inLanguage":"fr-FR","potentialAction":[{"@type":"ReadAction","target":["https:\/\/dev6.erresse-shop.it\/fr\/shop\/petits-electromenagers\/grille-pains\/kitchenaid-pince-a-grille-pain\/"]}]},{"@type":"ImageObject","inLanguage":"fr-FR","@id":"https:\/\/dev6.erresse-shop.it\/fr\/shop\/petits-electromenagers\/grille-pains\/kitchenaid-pince-a-grille-pain\/#primaryimage","url":"https:\/\/i1.wp.com\/interpim.erresse-shop.it\/Import\/Prodotti\/kitchenaid-pinze-per-tostapane.png?ssl=1","contentUrl":"https:\/\/i1.wp.com\/interpim.erresse-shop.it\/Import\/Prodotti\/kitchenaid-pinze-per-tostapane.png?ssl=1"},{"@type":"BreadcrumbList","@id":"https:\/\/dev6.erresse-shop.it\/fr\/shop\/petits-electromenagers\/grille-pains\/kitchenaid-pince-a-grille-pain\/#breadcrumb","itemListElement":[{"@type":"ListItem","position":1,"name":"Home","item":"https:\/\/dev6.erresse-shop.it\/"},{"@type":"ListItem","position":2,"name":"Boutique","item":"https:\/\/dev6.erresse-shop.it\/shop\/"},{"@type":"ListItem","position":3,"name":"KITCHENAID Pince \u00e0 grille-pain"}]},{"@type":"WebSite","@id":"https:\/\/dev6.erresse-shop.it\/#website","url":"https:\/\/dev6.erresse-shop.it\/","name":"Erresse Shop","description":"","publisher":{"@id":"https:\/\/dev6.erresse-shop.it\/#organization"},"potentialAction":[{"@type":"SearchAction","target":{"@type":"EntryPoint","urlTemplate":"https:\/\/dev6.erresse-shop.it\/?s={search_term_string}"},"query-input":{"@type":"PropertyValueSpecification","valueRequired":true,"valueName":"search_term_string"}}],"inLanguage":"fr-FR"},{"@type":"Organization","@id":"https:\/\/dev6.erresse-shop.it\/#organization","name":"Erresse Shop","url":"https:\/\/dev6.erresse-shop.it\/","logo":{"@type":"ImageObject","inLanguage":"fr-FR","@id":"https:\/\/dev6.erresse-shop.it\/#\/schema\/logo\/image\/","url":"https:\/\/dev6.erresse-shop.it\/wp-content\/uploads\/2025\/01\/LOGO-ERRESSE-CLASSICO.svg","contentUrl":"https:\/\/dev6.erresse-shop.it\/wp-content\/uploads\/2025\/01\/LOGO-ERRESSE-CLASSICO.svg","caption":"Erresse Shop"},"image":{"@id":"https:\/\/dev6.erresse-shop.it\/#\/schema\/logo\/image\/"}}]}},"df_price":39,"df_sale_price":"","df_regular_price":39,"df_image_link":"https:\/\/i1.wp.com\/interpim.erresse-shop.it\/Import\/Prodotti\/kitchenaid-pinze-per-tostapane.png?resize=300,300&ssl=1","fifu_image_url":"https:\/\/interpim.erresse-shop.it\/Import\/Prodotti\/kitchenaid-pinze-per-tostapane.png","_links":{"self":[{"href":"https:\/\/dev6.erresse-shop.it\/fr\/wp-json\/wp\/v2\/product\/64625","targetHints":{"allow":["GET"]}}],"collection":[{"href":"https:\/\/dev6.erresse-shop.it\/fr\/wp-json\/wp\/v2\/product"}],"about":[{"href":"https:\/\/dev6.erresse-shop.it\/fr\/wp-json\/wp\/v2\/types\/product"}],"wp:featuredmedia":[{"embeddable":true,"href":"https:\/\/dev6.erresse-shop.it\/fr\/wp-json\/wp\/v2\/media\/6369152"}],"wp:attachment":[{"href":"https:\/\/dev6.erresse-shop.it\/fr\/wp-json\/wp\/v2\/media?parent=64625"}],"wp:term":[{"taxonomy":"product_cat","embeddable":true,"href":"https:\/\/dev6.erresse-shop.it\/fr\/wp-json\/wp\/v2\/product_cat?post=64625"},{"taxonomy":"product_tag","embeddable":true,"href":"https:\/\/dev6.erresse-shop.it\/fr\/wp-json\/wp\/v2\/product_tag?post=64625"}],"curies":[{"name":"wp","href":"https:\/\/api.w.org\/{rel}","templated":true}]}}