{"id":64617,"date":"2026-04-12T11:29:15","date_gmt":"2026-04-12T09:29:15","guid":{"rendered":"https:\/\/dev6.erresse-shop.it\/shop\/non%20class\u00e9\/kitchenaid-artisan-grille-pain-4-tranches-rouge-pomme\/"},"modified":"2025-09-14T05:45:33","modified_gmt":"2025-09-14T03:45:33","slug":"kitchenaid-artisan-grille-pain-4-tranches-rouge-pomme","status":"publish","type":"product","link":"https:\/\/dev6.erresse-shop.it\/fr\/shop\/petits-electromenagers\/grille-pains\/kitchenaid-artisan-grille-pain-4-tranches-rouge-pomme\/","title":{"rendered":"KITCHENAID Artisan Grille-pain 4 tranches Rouge pomme"},"content":{"rendered":"<p>Grille-pain 4 tranches au design r\u00e9tro avec 4 compartiments ind\u00e9pendants extra-larges.<br \/>\nId\u00e9al pour une utilisation quotidienne afin de griller \u00e0 la perfection le pain, les bagels et bien d\u2019autres aliments.<br \/>\nPince \u00e0 griller pratique incluse dans l\u2019emballage.<\/p>\n<p>Corps en m\u00e9tal moul\u00e9<br \/>\n7 r\u00e9glages de brunissement diff\u00e9rents<br \/>\nCompte \u00e0 rebours par LED<br \/>\nMont\u00e9e et descente automatique<br \/>\nMaintien de la temp\u00e9rature<br \/>\nMode d\u00e9cong\u00e9lation<br \/>\nMode bagel<br \/>\nBac \u00e0 miettes<\/p>\n","protected":false},"excerpt":{"rendered":"<p>Grille-pain 4 tranches au design r\u00e9tro avec 4 compartiments ind\u00e9pendants extra-larges. Id\u00e9al pour une utilisation quotidienne afin de griller \u00e0 la perfection le pain, les bagels et bien d\u2019autres aliments. Pince \u00e0 griller pratique incluse dans l\u2019emballage. Corps en m\u00e9tal moul\u00e9 7 r\u00e9glages de brunissement diff\u00e9rents Compte \u00e0 rebours par LED Mont\u00e9e et descente automatique [&hellip;]<\/p>\n","protected":false},"featured_media":6369121,"template":"","meta":{"_acf_changed":false},"product_cat":[12068,12055],"product_tag":[],"class_list":{"0":"post-64617","1":"product","2":"type-product","3":"status-publish","4":"has-post-thumbnail","6":"product_cat-grille-pains","7":"product_cat-petits-electromenagers","9":"first","10":"instock","11":"sale","12":"taxable","13":"shipping-taxable","14":"purchasable","15":"product-type-simple","swatches":"rey-swatches","show_selected":"","stretch_labels":"rey-swatches--stretch-labels"},"acf":[],"yoast_head":"<!-- This site is optimized with the Yoast SEO plugin v25.4 - https:\/\/yoast.com\/wordpress\/plugins\/seo\/ -->\n<title>KITCHENAID Artisan Grille-pain 4 tranches Rouge pomme - dev6 Erresse<\/title>\n<meta name=\"description\" content=\"Grille-pain 4 tranches au design r\u00e9tro avec 4 compartiments ind\u00e9pendants extra-larges. Id\u00e9al pour une utilisation quotidienne afin de griller \u00e0 la\" \/>\n<meta name=\"robots\" content=\"noindex, follow, max-snippet:-1, max-image-preview:large, max-video-preview:-1\" \/>\n<meta property=\"og:locale\" content=\"fr_FR\" \/>\n<meta property=\"og:type\" content=\"article\" \/>\n<meta property=\"og:title\" content=\"KITCHENAID Artisan Grille-pain 4 tranches Rouge pomme - dev6 Erresse\" \/>\n<meta property=\"og:description\" content=\"Grille-pain 4 tranches au design r\u00e9tro avec 4 compartiments ind\u00e9pendants extra-larges. Id\u00e9al pour une utilisation quotidienne afin de griller \u00e0 la\" \/>\n<meta property=\"og:url\" content=\"https:\/\/dev6.erresse-shop.it\/fr\/shop\/petits-electromenagers\/grille-pains\/kitchenaid-artisan-grille-pain-4-tranches-rouge-pomme\/\" \/>\n<meta property=\"og:site_name\" content=\"dev6 Erresse\" \/>\n<meta property=\"og:image\" content=\"https:\/\/interpim.erresse-shop.it\/Import\/Prodotti\/kitchenaid-artisan-tostapane-4-fette-rosso-mela.jpg\" \/><meta property=\"og:image\" content=\"https:\/\/interpim.erresse-shop.it\/Import\/Prodotti\/kitchenaid-artisan-tostapane-4-fette-rosso-mela.jpg\" \/>\n\t<meta property=\"og:image:width\" content=\"1024\" \/>\n\t<meta property=\"og:image:height\" content=\"1024\" \/>\n\t<meta property=\"og:image:type\" content=\"image\/jpeg\" \/>\n<meta name=\"twitter:card\" content=\"summary_large_image\" \/>\n<meta name=\"twitter:image\" content=\"https:\/\/interpim.erresse-shop.it\/Import\/Prodotti\/kitchenaid-artisan-tostapane-4-fette-rosso-mela.jpg\" \/>\n<script type=\"application\/ld+json\" class=\"yoast-schema-graph\">{\"@context\":\"https:\/\/schema.org\",\"@graph\":[{\"@type\":\"WebPage\",\"@id\":\"https:\/\/dev6.erresse-shop.it\/fr\/shop\/petits-electromenagers\/grille-pains\/kitchenaid-artisan-grille-pain-4-tranches-rouge-pomme\/\",\"url\":\"https:\/\/dev6.erresse-shop.it\/fr\/shop\/petits-electromenagers\/grille-pains\/kitchenaid-artisan-grille-pain-4-tranches-rouge-pomme\/\",\"name\":\"KITCHENAID Artisan Grille-pain 4 tranches Rouge pomme - dev6 Erresse\",\"isPartOf\":{\"@id\":\"https:\/\/dev6.erresse-shop.it\/#website\"},\"primaryImageOfPage\":{\"@id\":\"https:\/\/dev6.erresse-shop.it\/fr\/shop\/petits-electromenagers\/grille-pains\/kitchenaid-artisan-grille-pain-4-tranches-rouge-pomme\/#primaryimage\"},\"image\":{\"@id\":\"https:\/\/dev6.erresse-shop.it\/fr\/shop\/petits-electromenagers\/grille-pains\/kitchenaid-artisan-grille-pain-4-tranches-rouge-pomme\/#primaryimage\"},\"thumbnailUrl\":\"https:\/\/i2.wp.com\/interpim.erresse-shop.it\/Import\/Prodotti\/kitchenaid-artisan-tostapane-4-fette-rosso-mela.jpg?ssl=1\",\"datePublished\":\"2026-04-12T09:29:15+00:00\",\"description\":\"Grille-pain 4 tranches au design r\u00e9tro avec 4 compartiments ind\u00e9pendants extra-larges. Id\u00e9al pour une utilisation quotidienne afin de griller \u00e0 la\",\"breadcrumb\":{\"@id\":\"https:\/\/dev6.erresse-shop.it\/fr\/shop\/petits-electromenagers\/grille-pains\/kitchenaid-artisan-grille-pain-4-tranches-rouge-pomme\/#breadcrumb\"},\"inLanguage\":\"fr-FR\",\"potentialAction\":[{\"@type\":\"ReadAction\",\"target\":[\"https:\/\/dev6.erresse-shop.it\/fr\/shop\/petits-electromenagers\/grille-pains\/kitchenaid-artisan-grille-pain-4-tranches-rouge-pomme\/\"]}]},{\"@type\":\"ImageObject\",\"inLanguage\":\"fr-FR\",\"@id\":\"https:\/\/dev6.erresse-shop.it\/fr\/shop\/petits-electromenagers\/grille-pains\/kitchenaid-artisan-grille-pain-4-tranches-rouge-pomme\/#primaryimage\",\"url\":\"https:\/\/i2.wp.com\/interpim.erresse-shop.it\/Import\/Prodotti\/kitchenaid-artisan-tostapane-4-fette-rosso-mela.jpg?ssl=1\",\"contentUrl\":\"https:\/\/i2.wp.com\/interpim.erresse-shop.it\/Import\/Prodotti\/kitchenaid-artisan-tostapane-4-fette-rosso-mela.jpg?ssl=1\"},{\"@type\":\"BreadcrumbList\",\"@id\":\"https:\/\/dev6.erresse-shop.it\/fr\/shop\/petits-electromenagers\/grille-pains\/kitchenaid-artisan-grille-pain-4-tranches-rouge-pomme\/#breadcrumb\",\"itemListElement\":[{\"@type\":\"ListItem\",\"position\":1,\"name\":\"Home\",\"item\":\"https:\/\/dev6.erresse-shop.it\/\"},{\"@type\":\"ListItem\",\"position\":2,\"name\":\"Boutique\",\"item\":\"https:\/\/dev6.erresse-shop.it\/shop\/\"},{\"@type\":\"ListItem\",\"position\":3,\"name\":\"KITCHENAID Artisan Grille-pain 4 tranches Rouge pomme\"}]},{\"@type\":\"WebSite\",\"@id\":\"https:\/\/dev6.erresse-shop.it\/#website\",\"url\":\"https:\/\/dev6.erresse-shop.it\/\",\"name\":\"Erresse Shop\",\"description\":\"\",\"publisher\":{\"@id\":\"https:\/\/dev6.erresse-shop.it\/#organization\"},\"potentialAction\":[{\"@type\":\"SearchAction\",\"target\":{\"@type\":\"EntryPoint\",\"urlTemplate\":\"https:\/\/dev6.erresse-shop.it\/?s={search_term_string}\"},\"query-input\":{\"@type\":\"PropertyValueSpecification\",\"valueRequired\":true,\"valueName\":\"search_term_string\"}}],\"inLanguage\":\"fr-FR\"},{\"@type\":\"Organization\",\"@id\":\"https:\/\/dev6.erresse-shop.it\/#organization\",\"name\":\"Erresse Shop\",\"url\":\"https:\/\/dev6.erresse-shop.it\/\",\"logo\":{\"@type\":\"ImageObject\",\"inLanguage\":\"fr-FR\",\"@id\":\"https:\/\/dev6.erresse-shop.it\/#\/schema\/logo\/image\/\",\"url\":\"https:\/\/dev6.erresse-shop.it\/wp-content\/uploads\/2025\/01\/LOGO-ERRESSE-CLASSICO.svg\",\"contentUrl\":\"https:\/\/dev6.erresse-shop.it\/wp-content\/uploads\/2025\/01\/LOGO-ERRESSE-CLASSICO.svg\",\"caption\":\"Erresse Shop\"},\"image\":{\"@id\":\"https:\/\/dev6.erresse-shop.it\/#\/schema\/logo\/image\/\"}}]}<\/script>\n<!-- \/ Yoast SEO plugin. -->","yoast_head_json":{"title":"KITCHENAID Artisan Grille-pain 4 tranches Rouge pomme - dev6 Erresse","description":"Grille-pain 4 tranches au design r\u00e9tro avec 4 compartiments ind\u00e9pendants extra-larges. Id\u00e9al pour une utilisation quotidienne afin de griller \u00e0 la","robots":{"index":"noindex","follow":"follow","max-snippet":"max-snippet:-1","max-image-preview":"max-image-preview:large","max-video-preview":"max-video-preview:-1"},"og_locale":"fr_FR","og_type":"article","og_title":"KITCHENAID Artisan Grille-pain 4 tranches Rouge pomme - dev6 Erresse","og_description":"Grille-pain 4 tranches au design r\u00e9tro avec 4 compartiments ind\u00e9pendants extra-larges. Id\u00e9al pour une utilisation quotidienne afin de griller \u00e0 la","og_url":"https:\/\/dev6.erresse-shop.it\/fr\/shop\/petits-electromenagers\/grille-pains\/kitchenaid-artisan-grille-pain-4-tranches-rouge-pomme\/","og_site_name":"dev6 Erresse","og_image":[{"url":"https:\/\/interpim.erresse-shop.it\/Import\/Prodotti\/kitchenaid-artisan-tostapane-4-fette-rosso-mela.jpg","type":"","width":"","height":""},{"url":"https:\/\/interpim.erresse-shop.it\/Import\/Prodotti\/kitchenaid-artisan-tostapane-4-fette-rosso-mela.jpg","width":1024,"height":1024,"type":"image\/jpeg"}],"twitter_card":"summary_large_image","twitter_image":"https:\/\/interpim.erresse-shop.it\/Import\/Prodotti\/kitchenaid-artisan-tostapane-4-fette-rosso-mela.jpg","schema":{"@context":"https:\/\/schema.org","@graph":[{"@type":"WebPage","@id":"https:\/\/dev6.erresse-shop.it\/fr\/shop\/petits-electromenagers\/grille-pains\/kitchenaid-artisan-grille-pain-4-tranches-rouge-pomme\/","url":"https:\/\/dev6.erresse-shop.it\/fr\/shop\/petits-electromenagers\/grille-pains\/kitchenaid-artisan-grille-pain-4-tranches-rouge-pomme\/","name":"KITCHENAID Artisan Grille-pain 4 tranches Rouge pomme - dev6 Erresse","isPartOf":{"@id":"https:\/\/dev6.erresse-shop.it\/#website"},"primaryImageOfPage":{"@id":"https:\/\/dev6.erresse-shop.it\/fr\/shop\/petits-electromenagers\/grille-pains\/kitchenaid-artisan-grille-pain-4-tranches-rouge-pomme\/#primaryimage"},"image":{"@id":"https:\/\/dev6.erresse-shop.it\/fr\/shop\/petits-electromenagers\/grille-pains\/kitchenaid-artisan-grille-pain-4-tranches-rouge-pomme\/#primaryimage"},"thumbnailUrl":"https:\/\/i2.wp.com\/interpim.erresse-shop.it\/Import\/Prodotti\/kitchenaid-artisan-tostapane-4-fette-rosso-mela.jpg?ssl=1","datePublished":"2026-04-12T09:29:15+00:00","description":"Grille-pain 4 tranches au design r\u00e9tro avec 4 compartiments ind\u00e9pendants extra-larges. Id\u00e9al pour une utilisation quotidienne afin de griller \u00e0 la","breadcrumb":{"@id":"https:\/\/dev6.erresse-shop.it\/fr\/shop\/petits-electromenagers\/grille-pains\/kitchenaid-artisan-grille-pain-4-tranches-rouge-pomme\/#breadcrumb"},"inLanguage":"fr-FR","potentialAction":[{"@type":"ReadAction","target":["https:\/\/dev6.erresse-shop.it\/fr\/shop\/petits-electromenagers\/grille-pains\/kitchenaid-artisan-grille-pain-4-tranches-rouge-pomme\/"]}]},{"@type":"ImageObject","inLanguage":"fr-FR","@id":"https:\/\/dev6.erresse-shop.it\/fr\/shop\/petits-electromenagers\/grille-pains\/kitchenaid-artisan-grille-pain-4-tranches-rouge-pomme\/#primaryimage","url":"https:\/\/i2.wp.com\/interpim.erresse-shop.it\/Import\/Prodotti\/kitchenaid-artisan-tostapane-4-fette-rosso-mela.jpg?ssl=1","contentUrl":"https:\/\/i2.wp.com\/interpim.erresse-shop.it\/Import\/Prodotti\/kitchenaid-artisan-tostapane-4-fette-rosso-mela.jpg?ssl=1"},{"@type":"BreadcrumbList","@id":"https:\/\/dev6.erresse-shop.it\/fr\/shop\/petits-electromenagers\/grille-pains\/kitchenaid-artisan-grille-pain-4-tranches-rouge-pomme\/#breadcrumb","itemListElement":[{"@type":"ListItem","position":1,"name":"Home","item":"https:\/\/dev6.erresse-shop.it\/"},{"@type":"ListItem","position":2,"name":"Boutique","item":"https:\/\/dev6.erresse-shop.it\/shop\/"},{"@type":"ListItem","position":3,"name":"KITCHENAID Artisan Grille-pain 4 tranches Rouge pomme"}]},{"@type":"WebSite","@id":"https:\/\/dev6.erresse-shop.it\/#website","url":"https:\/\/dev6.erresse-shop.it\/","name":"Erresse Shop","description":"","publisher":{"@id":"https:\/\/dev6.erresse-shop.it\/#organization"},"potentialAction":[{"@type":"SearchAction","target":{"@type":"EntryPoint","urlTemplate":"https:\/\/dev6.erresse-shop.it\/?s={search_term_string}"},"query-input":{"@type":"PropertyValueSpecification","valueRequired":true,"valueName":"search_term_string"}}],"inLanguage":"fr-FR"},{"@type":"Organization","@id":"https:\/\/dev6.erresse-shop.it\/#organization","name":"Erresse Shop","url":"https:\/\/dev6.erresse-shop.it\/","logo":{"@type":"ImageObject","inLanguage":"fr-FR","@id":"https:\/\/dev6.erresse-shop.it\/#\/schema\/logo\/image\/","url":"https:\/\/dev6.erresse-shop.it\/wp-content\/uploads\/2025\/01\/LOGO-ERRESSE-CLASSICO.svg","contentUrl":"https:\/\/dev6.erresse-shop.it\/wp-content\/uploads\/2025\/01\/LOGO-ERRESSE-CLASSICO.svg","caption":"Erresse Shop"},"image":{"@id":"https:\/\/dev6.erresse-shop.it\/#\/schema\/logo\/image\/"}}]}},"df_price":329.95,"df_sale_price":329.95,"df_regular_price":429,"df_image_link":"https:\/\/i2.wp.com\/interpim.erresse-shop.it\/Import\/Prodotti\/kitchenaid-artisan-tostapane-4-fette-rosso-mela.jpg?resize=300,300&ssl=1","fifu_image_url":"https:\/\/interpim.erresse-shop.it\/Import\/Prodotti\/kitchenaid-artisan-tostapane-4-fette-rosso-mela.jpg","_links":{"self":[{"href":"https:\/\/dev6.erresse-shop.it\/fr\/wp-json\/wp\/v2\/product\/64617","targetHints":{"allow":["GET"]}}],"collection":[{"href":"https:\/\/dev6.erresse-shop.it\/fr\/wp-json\/wp\/v2\/product"}],"about":[{"href":"https:\/\/dev6.erresse-shop.it\/fr\/wp-json\/wp\/v2\/types\/product"}],"wp:featuredmedia":[{"embeddable":true,"href":"https:\/\/dev6.erresse-shop.it\/fr\/wp-json\/wp\/v2\/media\/6369121"}],"wp:attachment":[{"href":"https:\/\/dev6.erresse-shop.it\/fr\/wp-json\/wp\/v2\/media?parent=64617"}],"wp:term":[{"taxonomy":"product_cat","embeddable":true,"href":"https:\/\/dev6.erresse-shop.it\/fr\/wp-json\/wp\/v2\/product_cat?post=64617"},{"taxonomy":"product_tag","embeddable":true,"href":"https:\/\/dev6.erresse-shop.it\/fr\/wp-json\/wp\/v2\/product_tag?post=64617"}],"curies":[{"name":"wp","href":"https:\/\/api.w.org\/{rel}","templated":true}]}}