{"id":64595,"date":"2026-04-04T14:49:46","date_gmt":"2026-04-04T12:49:46","guid":{"rendered":"https:\/\/dev6.erresse-shop.it\/shop\/non%20class\u00e9\/joseph-joseph-compo-4-conteneur-a-dechets-alimentaires-gris\/"},"modified":"2025-09-14T07:14:04","modified_gmt":"2025-09-14T05:14:04","slug":"joseph-joseph-compo-4-conteneur-a-dechets-alimentaires-gris","status":"publish","type":"product","link":"https:\/\/dev6.erresse-shop.it\/fr\/shop\/cuisine\/accessoires-fr\/joseph-joseph-compo-4-conteneur-a-dechets-alimentaires-gris\/","title":{"rendered":"JOSEPH JOSEPH Compo 4 Conteneur \u00e0 d\u00e9chets alimentaires Gris"},"content":{"rendered":"<p>Cette poubelle mince est con\u00e7ue pour faciliter la collecte des restes alimentaires, gr\u00e2ce \u00e0 son couvercle rabattable pratique et \u00e0 sa tr\u00e8s large ouverture.<\/p>\n<p>La large ouverture permet de racler facilement les aliments sur les assiettes.<br \/>\nOrifice d\u2019a\u00e9ration r\u00e9glable : ouvert \u2013 aide \u00e0 r\u00e9duire l\u2019accumulation d\u2019humidit\u00e9 et d\u2019odeurs ; ferm\u00e9 \u2013 constitue une barri\u00e8re pour les insectes<br \/>\nDesign mince \u2013 parfait pour le rangement sur les plans de travail ou \u00e0 l\u2019int\u00e9rieur des armoires<br \/>\nSupport de montage pour porte inclus<br \/>\nCapacit\u00e9 : 4 litres<\/p>\n<p>Entretien et utilisation :<\/p>\n<p>Laver et s\u00e9cher \u00e0 la main<br \/>\nPeut \u00eatre utilis\u00e9 avec les sacs personnalis\u00e9s IW2 (peut \u00e9galement \u00eatre utilis\u00e9 avec les sacs standard)<br \/>\nSans BPA<\/p>\n<p>Dimensions : H17,3 x L29,7 x P12cm H17.3 x W29.7 x D12cm (H7 x W11\u00be x D4\u00be inches)<\/p>\n<p>Poids:\u00a00,65 kg<\/p>\n<p>Concepteur:\u00a0PearsonLloyd<\/p>\n","protected":false},"excerpt":{"rendered":"<p>Cette poubelle mince est con\u00e7ue pour faciliter la collecte des restes alimentaires, gr\u00e2ce \u00e0 son couvercle rabattable pratique et \u00e0 sa tr\u00e8s large ouverture. La large ouverture permet de racler facilement les aliments sur les assiettes. Orifice d\u2019a\u00e9ration r\u00e9glable : ouvert \u2013 aide \u00e0 r\u00e9duire l\u2019accumulation d\u2019humidit\u00e9 et d\u2019odeurs ; ferm\u00e9 \u2013 constitue une barri\u00e8re [&hellip;]<\/p>\n","protected":false},"featured_media":6298189,"template":"","meta":{"_acf_changed":false},"product_cat":[12057,11733,11668,11992],"product_tag":[],"class_list":{"0":"post-64595","1":"product","2":"type-product","3":"status-publish","4":"has-post-thumbnail","6":"product_cat-accessoires-fr","7":"product_cat-accessori-cucina","8":"product_cat-cucina","9":"product_cat-cuisine","11":"first","12":"instock","13":"sale","14":"taxable","15":"shipping-taxable","16":"purchasable","17":"product-type-simple","swatches":"rey-swatches","show_selected":"","stretch_labels":"rey-swatches--stretch-labels"},"acf":[],"yoast_head":"<!-- This site is optimized with the Yoast SEO plugin v25.4 - https:\/\/yoast.com\/wordpress\/plugins\/seo\/ -->\n<title>JOSEPH JOSEPH Compo 4 Conteneur \u00e0 d\u00e9chets alimentaires Gris - dev6 Erresse<\/title>\n<meta name=\"description\" content=\"Cette poubelle mince est con\u00e7ue pour faciliter la collecte des restes alimentaires, gr\u00e2ce \u00e0 son couvercle rabattable pratique et \u00e0 sa tr\u00e8s large\" \/>\n<meta name=\"robots\" content=\"noindex, follow, max-snippet:-1, max-image-preview:large, max-video-preview:-1\" \/>\n<meta property=\"og:locale\" content=\"fr_FR\" \/>\n<meta property=\"og:type\" content=\"article\" \/>\n<meta property=\"og:title\" content=\"JOSEPH JOSEPH Compo 4 Conteneur \u00e0 d\u00e9chets alimentaires Gris - dev6 Erresse\" \/>\n<meta property=\"og:description\" content=\"Cette poubelle mince est con\u00e7ue pour faciliter la collecte des restes alimentaires, gr\u00e2ce \u00e0 son couvercle rabattable pratique et \u00e0 sa tr\u00e8s large\" \/>\n<meta property=\"og:url\" content=\"https:\/\/dev6.erresse-shop.it\/fr\/shop\/cuisine\/accessoires-fr\/joseph-joseph-compo-4-conteneur-a-dechets-alimentaires-gris\/\" \/>\n<meta property=\"og:site_name\" content=\"dev6 Erresse\" \/>\n<meta property=\"og:image\" content=\"https:\/\/interpim.erresse-shop.it\/Import\/Prodotti\/joseph-joseph-compo-4-contenitore-rifiuti-alimentari-grigio.webp\" \/><meta property=\"og:image\" content=\"https:\/\/interpim.erresse-shop.it\/Import\/Prodotti\/joseph-joseph-compo-4-contenitore-rifiuti-alimentari-grigio.webp\" \/>\n\t<meta property=\"og:image:width\" content=\"1024\" \/>\n\t<meta property=\"og:image:height\" content=\"1024\" \/>\n\t<meta property=\"og:image:type\" content=\"image\/jpeg\" \/>\n<meta name=\"twitter:card\" content=\"summary_large_image\" \/>\n<meta name=\"twitter:image\" content=\"https:\/\/interpim.erresse-shop.it\/Import\/Prodotti\/joseph-joseph-compo-4-contenitore-rifiuti-alimentari-grigio.webp\" \/>\n<script type=\"application\/ld+json\" class=\"yoast-schema-graph\">{\"@context\":\"https:\/\/schema.org\",\"@graph\":[{\"@type\":\"WebPage\",\"@id\":\"https:\/\/dev6.erresse-shop.it\/fr\/shop\/cuisine\/accessoires-fr\/joseph-joseph-compo-4-conteneur-a-dechets-alimentaires-gris\/\",\"url\":\"https:\/\/dev6.erresse-shop.it\/fr\/shop\/cuisine\/accessoires-fr\/joseph-joseph-compo-4-conteneur-a-dechets-alimentaires-gris\/\",\"name\":\"JOSEPH JOSEPH Compo 4 Conteneur \u00e0 d\u00e9chets alimentaires Gris - dev6 Erresse\",\"isPartOf\":{\"@id\":\"https:\/\/dev6.erresse-shop.it\/#website\"},\"primaryImageOfPage\":{\"@id\":\"https:\/\/dev6.erresse-shop.it\/fr\/shop\/cuisine\/accessoires-fr\/joseph-joseph-compo-4-conteneur-a-dechets-alimentaires-gris\/#primaryimage\"},\"image\":{\"@id\":\"https:\/\/dev6.erresse-shop.it\/fr\/shop\/cuisine\/accessoires-fr\/joseph-joseph-compo-4-conteneur-a-dechets-alimentaires-gris\/#primaryimage\"},\"thumbnailUrl\":\"https:\/\/i0.wp.com\/interpim.erresse-shop.it\/Import\/Prodotti\/joseph-joseph-compo-4-contenitore-rifiuti-alimentari-grigio.webp?ssl=1\",\"datePublished\":\"2026-04-04T12:49:46+00:00\",\"description\":\"Cette poubelle mince est con\u00e7ue pour faciliter la collecte des restes alimentaires, gr\u00e2ce \u00e0 son couvercle rabattable pratique et \u00e0 sa tr\u00e8s large\",\"breadcrumb\":{\"@id\":\"https:\/\/dev6.erresse-shop.it\/fr\/shop\/cuisine\/accessoires-fr\/joseph-joseph-compo-4-conteneur-a-dechets-alimentaires-gris\/#breadcrumb\"},\"inLanguage\":\"fr-FR\",\"potentialAction\":[{\"@type\":\"ReadAction\",\"target\":[\"https:\/\/dev6.erresse-shop.it\/fr\/shop\/cuisine\/accessoires-fr\/joseph-joseph-compo-4-conteneur-a-dechets-alimentaires-gris\/\"]}]},{\"@type\":\"ImageObject\",\"inLanguage\":\"fr-FR\",\"@id\":\"https:\/\/dev6.erresse-shop.it\/fr\/shop\/cuisine\/accessoires-fr\/joseph-joseph-compo-4-conteneur-a-dechets-alimentaires-gris\/#primaryimage\",\"url\":\"https:\/\/i0.wp.com\/interpim.erresse-shop.it\/Import\/Prodotti\/joseph-joseph-compo-4-contenitore-rifiuti-alimentari-grigio.webp?ssl=1\",\"contentUrl\":\"https:\/\/i0.wp.com\/interpim.erresse-shop.it\/Import\/Prodotti\/joseph-joseph-compo-4-contenitore-rifiuti-alimentari-grigio.webp?ssl=1\"},{\"@type\":\"BreadcrumbList\",\"@id\":\"https:\/\/dev6.erresse-shop.it\/fr\/shop\/cuisine\/accessoires-fr\/joseph-joseph-compo-4-conteneur-a-dechets-alimentaires-gris\/#breadcrumb\",\"itemListElement\":[{\"@type\":\"ListItem\",\"position\":1,\"name\":\"Home\",\"item\":\"https:\/\/dev6.erresse-shop.it\/\"},{\"@type\":\"ListItem\",\"position\":2,\"name\":\"Boutique\",\"item\":\"https:\/\/dev6.erresse-shop.it\/shop\/\"},{\"@type\":\"ListItem\",\"position\":3,\"name\":\"JOSEPH JOSEPH Compo 4 Conteneur \u00e0 d\u00e9chets alimentaires Gris\"}]},{\"@type\":\"WebSite\",\"@id\":\"https:\/\/dev6.erresse-shop.it\/#website\",\"url\":\"https:\/\/dev6.erresse-shop.it\/\",\"name\":\"Erresse Shop\",\"description\":\"\",\"publisher\":{\"@id\":\"https:\/\/dev6.erresse-shop.it\/#organization\"},\"potentialAction\":[{\"@type\":\"SearchAction\",\"target\":{\"@type\":\"EntryPoint\",\"urlTemplate\":\"https:\/\/dev6.erresse-shop.it\/?s={search_term_string}\"},\"query-input\":{\"@type\":\"PropertyValueSpecification\",\"valueRequired\":true,\"valueName\":\"search_term_string\"}}],\"inLanguage\":\"fr-FR\"},{\"@type\":\"Organization\",\"@id\":\"https:\/\/dev6.erresse-shop.it\/#organization\",\"name\":\"Erresse Shop\",\"url\":\"https:\/\/dev6.erresse-shop.it\/\",\"logo\":{\"@type\":\"ImageObject\",\"inLanguage\":\"fr-FR\",\"@id\":\"https:\/\/dev6.erresse-shop.it\/#\/schema\/logo\/image\/\",\"url\":\"https:\/\/dev6.erresse-shop.it\/wp-content\/uploads\/2025\/01\/LOGO-ERRESSE-CLASSICO.svg\",\"contentUrl\":\"https:\/\/dev6.erresse-shop.it\/wp-content\/uploads\/2025\/01\/LOGO-ERRESSE-CLASSICO.svg\",\"caption\":\"Erresse Shop\"},\"image\":{\"@id\":\"https:\/\/dev6.erresse-shop.it\/#\/schema\/logo\/image\/\"}}]}<\/script>\n<!-- \/ Yoast SEO plugin. -->","yoast_head_json":{"title":"JOSEPH JOSEPH Compo 4 Conteneur \u00e0 d\u00e9chets alimentaires Gris - dev6 Erresse","description":"Cette poubelle mince est con\u00e7ue pour faciliter la collecte des restes alimentaires, gr\u00e2ce \u00e0 son couvercle rabattable pratique et \u00e0 sa tr\u00e8s large","robots":{"index":"noindex","follow":"follow","max-snippet":"max-snippet:-1","max-image-preview":"max-image-preview:large","max-video-preview":"max-video-preview:-1"},"og_locale":"fr_FR","og_type":"article","og_title":"JOSEPH JOSEPH Compo 4 Conteneur \u00e0 d\u00e9chets alimentaires Gris - dev6 Erresse","og_description":"Cette poubelle mince est con\u00e7ue pour faciliter la collecte des restes alimentaires, gr\u00e2ce \u00e0 son couvercle rabattable pratique et \u00e0 sa tr\u00e8s large","og_url":"https:\/\/dev6.erresse-shop.it\/fr\/shop\/cuisine\/accessoires-fr\/joseph-joseph-compo-4-conteneur-a-dechets-alimentaires-gris\/","og_site_name":"dev6 Erresse","og_image":[{"url":"https:\/\/interpim.erresse-shop.it\/Import\/Prodotti\/joseph-joseph-compo-4-contenitore-rifiuti-alimentari-grigio.webp","type":"","width":"","height":""},{"url":"https:\/\/interpim.erresse-shop.it\/Import\/Prodotti\/joseph-joseph-compo-4-contenitore-rifiuti-alimentari-grigio.webp","width":1024,"height":1024,"type":"image\/jpeg"}],"twitter_card":"summary_large_image","twitter_image":"https:\/\/interpim.erresse-shop.it\/Import\/Prodotti\/joseph-joseph-compo-4-contenitore-rifiuti-alimentari-grigio.webp","schema":{"@context":"https:\/\/schema.org","@graph":[{"@type":"WebPage","@id":"https:\/\/dev6.erresse-shop.it\/fr\/shop\/cuisine\/accessoires-fr\/joseph-joseph-compo-4-conteneur-a-dechets-alimentaires-gris\/","url":"https:\/\/dev6.erresse-shop.it\/fr\/shop\/cuisine\/accessoires-fr\/joseph-joseph-compo-4-conteneur-a-dechets-alimentaires-gris\/","name":"JOSEPH JOSEPH Compo 4 Conteneur \u00e0 d\u00e9chets alimentaires Gris - dev6 Erresse","isPartOf":{"@id":"https:\/\/dev6.erresse-shop.it\/#website"},"primaryImageOfPage":{"@id":"https:\/\/dev6.erresse-shop.it\/fr\/shop\/cuisine\/accessoires-fr\/joseph-joseph-compo-4-conteneur-a-dechets-alimentaires-gris\/#primaryimage"},"image":{"@id":"https:\/\/dev6.erresse-shop.it\/fr\/shop\/cuisine\/accessoires-fr\/joseph-joseph-compo-4-conteneur-a-dechets-alimentaires-gris\/#primaryimage"},"thumbnailUrl":"https:\/\/i0.wp.com\/interpim.erresse-shop.it\/Import\/Prodotti\/joseph-joseph-compo-4-contenitore-rifiuti-alimentari-grigio.webp?ssl=1","datePublished":"2026-04-04T12:49:46+00:00","description":"Cette poubelle mince est con\u00e7ue pour faciliter la collecte des restes alimentaires, gr\u00e2ce \u00e0 son couvercle rabattable pratique et \u00e0 sa tr\u00e8s large","breadcrumb":{"@id":"https:\/\/dev6.erresse-shop.it\/fr\/shop\/cuisine\/accessoires-fr\/joseph-joseph-compo-4-conteneur-a-dechets-alimentaires-gris\/#breadcrumb"},"inLanguage":"fr-FR","potentialAction":[{"@type":"ReadAction","target":["https:\/\/dev6.erresse-shop.it\/fr\/shop\/cuisine\/accessoires-fr\/joseph-joseph-compo-4-conteneur-a-dechets-alimentaires-gris\/"]}]},{"@type":"ImageObject","inLanguage":"fr-FR","@id":"https:\/\/dev6.erresse-shop.it\/fr\/shop\/cuisine\/accessoires-fr\/joseph-joseph-compo-4-conteneur-a-dechets-alimentaires-gris\/#primaryimage","url":"https:\/\/i0.wp.com\/interpim.erresse-shop.it\/Import\/Prodotti\/joseph-joseph-compo-4-contenitore-rifiuti-alimentari-grigio.webp?ssl=1","contentUrl":"https:\/\/i0.wp.com\/interpim.erresse-shop.it\/Import\/Prodotti\/joseph-joseph-compo-4-contenitore-rifiuti-alimentari-grigio.webp?ssl=1"},{"@type":"BreadcrumbList","@id":"https:\/\/dev6.erresse-shop.it\/fr\/shop\/cuisine\/accessoires-fr\/joseph-joseph-compo-4-conteneur-a-dechets-alimentaires-gris\/#breadcrumb","itemListElement":[{"@type":"ListItem","position":1,"name":"Home","item":"https:\/\/dev6.erresse-shop.it\/"},{"@type":"ListItem","position":2,"name":"Boutique","item":"https:\/\/dev6.erresse-shop.it\/shop\/"},{"@type":"ListItem","position":3,"name":"JOSEPH JOSEPH Compo 4 Conteneur \u00e0 d\u00e9chets alimentaires Gris"}]},{"@type":"WebSite","@id":"https:\/\/dev6.erresse-shop.it\/#website","url":"https:\/\/dev6.erresse-shop.it\/","name":"Erresse Shop","description":"","publisher":{"@id":"https:\/\/dev6.erresse-shop.it\/#organization"},"potentialAction":[{"@type":"SearchAction","target":{"@type":"EntryPoint","urlTemplate":"https:\/\/dev6.erresse-shop.it\/?s={search_term_string}"},"query-input":{"@type":"PropertyValueSpecification","valueRequired":true,"valueName":"search_term_string"}}],"inLanguage":"fr-FR"},{"@type":"Organization","@id":"https:\/\/dev6.erresse-shop.it\/#organization","name":"Erresse Shop","url":"https:\/\/dev6.erresse-shop.it\/","logo":{"@type":"ImageObject","inLanguage":"fr-FR","@id":"https:\/\/dev6.erresse-shop.it\/#\/schema\/logo\/image\/","url":"https:\/\/dev6.erresse-shop.it\/wp-content\/uploads\/2025\/01\/LOGO-ERRESSE-CLASSICO.svg","contentUrl":"https:\/\/dev6.erresse-shop.it\/wp-content\/uploads\/2025\/01\/LOGO-ERRESSE-CLASSICO.svg","caption":"Erresse Shop"},"image":{"@id":"https:\/\/dev6.erresse-shop.it\/#\/schema\/logo\/image\/"}}]}},"df_price":34.9,"df_sale_price":34.9,"df_regular_price":34.99,"df_image_link":"https:\/\/i0.wp.com\/interpim.erresse-shop.it\/Import\/Prodotti\/joseph-joseph-compo-4-contenitore-rifiuti-alimentari-grigio.webp?resize=300,300&ssl=1","fifu_image_url":"https:\/\/interpim.erresse-shop.it\/Import\/Prodotti\/joseph-joseph-compo-4-contenitore-rifiuti-alimentari-grigio.webp","_links":{"self":[{"href":"https:\/\/dev6.erresse-shop.it\/fr\/wp-json\/wp\/v2\/product\/64595","targetHints":{"allow":["GET"]}}],"collection":[{"href":"https:\/\/dev6.erresse-shop.it\/fr\/wp-json\/wp\/v2\/product"}],"about":[{"href":"https:\/\/dev6.erresse-shop.it\/fr\/wp-json\/wp\/v2\/types\/product"}],"wp:featuredmedia":[{"embeddable":true,"href":"https:\/\/dev6.erresse-shop.it\/fr\/wp-json\/wp\/v2\/media\/6298189"}],"wp:attachment":[{"href":"https:\/\/dev6.erresse-shop.it\/fr\/wp-json\/wp\/v2\/media?parent=64595"}],"wp:term":[{"taxonomy":"product_cat","embeddable":true,"href":"https:\/\/dev6.erresse-shop.it\/fr\/wp-json\/wp\/v2\/product_cat?post=64595"},{"taxonomy":"product_tag","embeddable":true,"href":"https:\/\/dev6.erresse-shop.it\/fr\/wp-json\/wp\/v2\/product_tag?post=64595"}],"curies":[{"name":"wp","href":"https:\/\/api.w.org\/{rel}","templated":true}]}}