{"id":64589,"date":"2026-04-12T14:52:25","date_gmt":"2026-04-12T12:52:25","guid":{"rendered":"https:\/\/dev6.erresse-shop.it\/shop\/non%20class\u00e9\/joseph-joseph-stack-4-conteneur-a-dechets-alimentaires-pierre\/"},"modified":"2025-09-14T07:13:46","modified_gmt":"2025-09-14T05:13:46","slug":"joseph-joseph-stack-4-conteneur-a-dechets-alimentaires-pierre","status":"publish","type":"product","link":"https:\/\/dev6.erresse-shop.it\/fr\/shop\/cuisine\/accessoires-fr\/joseph-joseph-stack-4-conteneur-a-dechets-alimentaires-pierre\/","title":{"rendered":"JOSEPH JOSEPH Stack 4 Conteneur \u00e0 d\u00e9chets alimentaires Pierre"},"content":{"rendered":"<p>La conception unique et ventil\u00e9e de ce conteneur \u00e0 d\u00e9chets alimentaires permet de r\u00e9duire les odeurs dues \u00e0 la d\u00e9composition des aliments.<\/p>\n<p>La conception ventil\u00e9e r\u00e9duit l\u2019humidit\u00e9 et les odeurs<br \/>\nFiltre \u00e0 odeurs rempla\u00e7able dans le couvercle<br \/>\nCouvercle \u00e0 rabat facile d\u2019acc\u00e8s<br \/>\nCorps en polypropyl\u00e8ne facile \u00e0 nettoyer et poign\u00e9e de transport en acier inoxydable<br \/>\nTrou interne pour ranger le sac.<\/p>\n<p>Entretien et utilisation :<\/p>\n<p>Nettoyer avec un chiffon humide et s\u00e9cher avec un chiffon doux et sec.<br \/>\nNe pas utiliser de chiffons abrasifs ou de nettoyants chimiques puissants.<br \/>\nSans BPA<br \/>\nPour des performances optimales, nous recommandons de remplacer le filtre anti-odeurs tous les 3 mois.<\/p>\n<p>Dimensions de l\u2019appareil : H16,1 x L23,5 x P19,7 cm (H6\u00bd x L9\u00bc x D7\u00be pouces)<\/p>\n<p>Poids : 0,78 kg<\/p>\n<p>Cr\u00e9ateur : PearsonLloyd<\/p>\n","protected":false},"excerpt":{"rendered":"<p>La conception unique et ventil\u00e9e de ce conteneur \u00e0 d\u00e9chets alimentaires permet de r\u00e9duire les odeurs dues \u00e0 la d\u00e9composition des aliments. La conception ventil\u00e9e r\u00e9duit l\u2019humidit\u00e9 et les odeurs Filtre \u00e0 odeurs rempla\u00e7able dans le couvercle Couvercle \u00e0 rabat facile d\u2019acc\u00e8s Corps en polypropyl\u00e8ne facile \u00e0 nettoyer et poign\u00e9e de transport en acier inoxydable [&hellip;]<\/p>\n","protected":false},"featured_media":6381428,"template":"","meta":{"_acf_changed":false},"product_cat":[12057,11733,11668,11992],"product_tag":[],"class_list":{"0":"post-64589","1":"product","2":"type-product","3":"status-publish","4":"has-post-thumbnail","6":"product_cat-accessoires-fr","7":"product_cat-accessori-cucina","8":"product_cat-cucina","9":"product_cat-cuisine","11":"first","12":"instock","13":"taxable","14":"shipping-taxable","15":"purchasable","16":"product-type-simple","swatches":"rey-swatches","show_selected":"","stretch_labels":"rey-swatches--stretch-labels"},"acf":[],"yoast_head":"<!-- This site is optimized with the Yoast SEO plugin v25.4 - https:\/\/yoast.com\/wordpress\/plugins\/seo\/ -->\n<title>JOSEPH JOSEPH Stack 4 Conteneur \u00e0 d\u00e9chets alimentaires Pierre - dev6 Erresse<\/title>\n<meta name=\"description\" content=\"La conception unique et ventil\u00e9e de ce conteneur \u00e0 d\u00e9chets alimentaires permet de r\u00e9duire les odeurs dues \u00e0 la d\u00e9composition des aliments. La conception\" \/>\n<meta name=\"robots\" content=\"noindex, follow, max-snippet:-1, max-image-preview:large, max-video-preview:-1\" \/>\n<meta property=\"og:locale\" content=\"fr_FR\" \/>\n<meta property=\"og:type\" content=\"article\" \/>\n<meta property=\"og:title\" content=\"JOSEPH JOSEPH Stack 4 Conteneur \u00e0 d\u00e9chets alimentaires Pierre - dev6 Erresse\" \/>\n<meta property=\"og:description\" content=\"La conception unique et ventil\u00e9e de ce conteneur \u00e0 d\u00e9chets alimentaires permet de r\u00e9duire les odeurs dues \u00e0 la d\u00e9composition des aliments. La conception\" \/>\n<meta property=\"og:url\" content=\"https:\/\/dev6.erresse-shop.it\/fr\/shop\/cuisine\/accessoires-fr\/joseph-joseph-stack-4-conteneur-a-dechets-alimentaires-pierre\/\" \/>\n<meta property=\"og:site_name\" content=\"dev6 Erresse\" \/>\n<meta property=\"og:image\" content=\"https:\/\/interpim.erresse-shop.it\/Import\/Prodotti\/joseph-joseph-stack-4-contenitore-rifiuti-alimentari-pietra.webp\" \/><meta property=\"og:image\" content=\"https:\/\/interpim.erresse-shop.it\/Import\/Prodotti\/joseph-joseph-stack-4-contenitore-rifiuti-alimentari-pietra.webp\" \/>\n\t<meta property=\"og:image:width\" content=\"1024\" \/>\n\t<meta property=\"og:image:height\" content=\"1024\" \/>\n\t<meta property=\"og:image:type\" content=\"image\/jpeg\" \/>\n<meta name=\"twitter:card\" content=\"summary_large_image\" \/>\n<meta name=\"twitter:image\" content=\"https:\/\/interpim.erresse-shop.it\/Import\/Prodotti\/joseph-joseph-stack-4-contenitore-rifiuti-alimentari-pietra.webp\" \/>\n<script type=\"application\/ld+json\" class=\"yoast-schema-graph\">{\"@context\":\"https:\/\/schema.org\",\"@graph\":[{\"@type\":\"WebPage\",\"@id\":\"https:\/\/dev6.erresse-shop.it\/fr\/shop\/cuisine\/accessoires-fr\/joseph-joseph-stack-4-conteneur-a-dechets-alimentaires-pierre\/\",\"url\":\"https:\/\/dev6.erresse-shop.it\/fr\/shop\/cuisine\/accessoires-fr\/joseph-joseph-stack-4-conteneur-a-dechets-alimentaires-pierre\/\",\"name\":\"JOSEPH JOSEPH Stack 4 Conteneur \u00e0 d\u00e9chets alimentaires Pierre - dev6 Erresse\",\"isPartOf\":{\"@id\":\"https:\/\/dev6.erresse-shop.it\/#website\"},\"primaryImageOfPage\":{\"@id\":\"https:\/\/dev6.erresse-shop.it\/fr\/shop\/cuisine\/accessoires-fr\/joseph-joseph-stack-4-conteneur-a-dechets-alimentaires-pierre\/#primaryimage\"},\"image\":{\"@id\":\"https:\/\/dev6.erresse-shop.it\/fr\/shop\/cuisine\/accessoires-fr\/joseph-joseph-stack-4-conteneur-a-dechets-alimentaires-pierre\/#primaryimage\"},\"thumbnailUrl\":\"https:\/\/i3.wp.com\/interpim.erresse-shop.it\/Import\/Prodotti\/joseph-joseph-stack-4-contenitore-rifiuti-alimentari-pietra.webp?ssl=1\",\"datePublished\":\"2026-04-12T12:52:25+00:00\",\"description\":\"La conception unique et ventil\u00e9e de ce conteneur \u00e0 d\u00e9chets alimentaires permet de r\u00e9duire les odeurs dues \u00e0 la d\u00e9composition des aliments. La conception\",\"breadcrumb\":{\"@id\":\"https:\/\/dev6.erresse-shop.it\/fr\/shop\/cuisine\/accessoires-fr\/joseph-joseph-stack-4-conteneur-a-dechets-alimentaires-pierre\/#breadcrumb\"},\"inLanguage\":\"fr-FR\",\"potentialAction\":[{\"@type\":\"ReadAction\",\"target\":[\"https:\/\/dev6.erresse-shop.it\/fr\/shop\/cuisine\/accessoires-fr\/joseph-joseph-stack-4-conteneur-a-dechets-alimentaires-pierre\/\"]}]},{\"@type\":\"ImageObject\",\"inLanguage\":\"fr-FR\",\"@id\":\"https:\/\/dev6.erresse-shop.it\/fr\/shop\/cuisine\/accessoires-fr\/joseph-joseph-stack-4-conteneur-a-dechets-alimentaires-pierre\/#primaryimage\",\"url\":\"https:\/\/i3.wp.com\/interpim.erresse-shop.it\/Import\/Prodotti\/joseph-joseph-stack-4-contenitore-rifiuti-alimentari-pietra.webp?ssl=1\",\"contentUrl\":\"https:\/\/i3.wp.com\/interpim.erresse-shop.it\/Import\/Prodotti\/joseph-joseph-stack-4-contenitore-rifiuti-alimentari-pietra.webp?ssl=1\"},{\"@type\":\"BreadcrumbList\",\"@id\":\"https:\/\/dev6.erresse-shop.it\/fr\/shop\/cuisine\/accessoires-fr\/joseph-joseph-stack-4-conteneur-a-dechets-alimentaires-pierre\/#breadcrumb\",\"itemListElement\":[{\"@type\":\"ListItem\",\"position\":1,\"name\":\"Home\",\"item\":\"https:\/\/dev6.erresse-shop.it\/\"},{\"@type\":\"ListItem\",\"position\":2,\"name\":\"Boutique\",\"item\":\"https:\/\/dev6.erresse-shop.it\/shop\/\"},{\"@type\":\"ListItem\",\"position\":3,\"name\":\"JOSEPH JOSEPH Stack 4 Conteneur \u00e0 d\u00e9chets alimentaires Pierre\"}]},{\"@type\":\"WebSite\",\"@id\":\"https:\/\/dev6.erresse-shop.it\/#website\",\"url\":\"https:\/\/dev6.erresse-shop.it\/\",\"name\":\"Erresse Shop\",\"description\":\"\",\"publisher\":{\"@id\":\"https:\/\/dev6.erresse-shop.it\/#organization\"},\"potentialAction\":[{\"@type\":\"SearchAction\",\"target\":{\"@type\":\"EntryPoint\",\"urlTemplate\":\"https:\/\/dev6.erresse-shop.it\/?s={search_term_string}\"},\"query-input\":{\"@type\":\"PropertyValueSpecification\",\"valueRequired\":true,\"valueName\":\"search_term_string\"}}],\"inLanguage\":\"fr-FR\"},{\"@type\":\"Organization\",\"@id\":\"https:\/\/dev6.erresse-shop.it\/#organization\",\"name\":\"Erresse Shop\",\"url\":\"https:\/\/dev6.erresse-shop.it\/\",\"logo\":{\"@type\":\"ImageObject\",\"inLanguage\":\"fr-FR\",\"@id\":\"https:\/\/dev6.erresse-shop.it\/#\/schema\/logo\/image\/\",\"url\":\"https:\/\/dev6.erresse-shop.it\/wp-content\/uploads\/2025\/01\/LOGO-ERRESSE-CLASSICO.svg\",\"contentUrl\":\"https:\/\/dev6.erresse-shop.it\/wp-content\/uploads\/2025\/01\/LOGO-ERRESSE-CLASSICO.svg\",\"caption\":\"Erresse Shop\"},\"image\":{\"@id\":\"https:\/\/dev6.erresse-shop.it\/#\/schema\/logo\/image\/\"}}]}<\/script>\n<!-- \/ Yoast SEO plugin. -->","yoast_head_json":{"title":"JOSEPH JOSEPH Stack 4 Conteneur \u00e0 d\u00e9chets alimentaires Pierre - dev6 Erresse","description":"La conception unique et ventil\u00e9e de ce conteneur \u00e0 d\u00e9chets alimentaires permet de r\u00e9duire les odeurs dues \u00e0 la d\u00e9composition des aliments. La conception","robots":{"index":"noindex","follow":"follow","max-snippet":"max-snippet:-1","max-image-preview":"max-image-preview:large","max-video-preview":"max-video-preview:-1"},"og_locale":"fr_FR","og_type":"article","og_title":"JOSEPH JOSEPH Stack 4 Conteneur \u00e0 d\u00e9chets alimentaires Pierre - dev6 Erresse","og_description":"La conception unique et ventil\u00e9e de ce conteneur \u00e0 d\u00e9chets alimentaires permet de r\u00e9duire les odeurs dues \u00e0 la d\u00e9composition des aliments. La conception","og_url":"https:\/\/dev6.erresse-shop.it\/fr\/shop\/cuisine\/accessoires-fr\/joseph-joseph-stack-4-conteneur-a-dechets-alimentaires-pierre\/","og_site_name":"dev6 Erresse","og_image":[{"url":"https:\/\/interpim.erresse-shop.it\/Import\/Prodotti\/joseph-joseph-stack-4-contenitore-rifiuti-alimentari-pietra.webp","type":"","width":"","height":""},{"url":"https:\/\/interpim.erresse-shop.it\/Import\/Prodotti\/joseph-joseph-stack-4-contenitore-rifiuti-alimentari-pietra.webp","width":1024,"height":1024,"type":"image\/jpeg"}],"twitter_card":"summary_large_image","twitter_image":"https:\/\/interpim.erresse-shop.it\/Import\/Prodotti\/joseph-joseph-stack-4-contenitore-rifiuti-alimentari-pietra.webp","schema":{"@context":"https:\/\/schema.org","@graph":[{"@type":"WebPage","@id":"https:\/\/dev6.erresse-shop.it\/fr\/shop\/cuisine\/accessoires-fr\/joseph-joseph-stack-4-conteneur-a-dechets-alimentaires-pierre\/","url":"https:\/\/dev6.erresse-shop.it\/fr\/shop\/cuisine\/accessoires-fr\/joseph-joseph-stack-4-conteneur-a-dechets-alimentaires-pierre\/","name":"JOSEPH JOSEPH Stack 4 Conteneur \u00e0 d\u00e9chets alimentaires Pierre - dev6 Erresse","isPartOf":{"@id":"https:\/\/dev6.erresse-shop.it\/#website"},"primaryImageOfPage":{"@id":"https:\/\/dev6.erresse-shop.it\/fr\/shop\/cuisine\/accessoires-fr\/joseph-joseph-stack-4-conteneur-a-dechets-alimentaires-pierre\/#primaryimage"},"image":{"@id":"https:\/\/dev6.erresse-shop.it\/fr\/shop\/cuisine\/accessoires-fr\/joseph-joseph-stack-4-conteneur-a-dechets-alimentaires-pierre\/#primaryimage"},"thumbnailUrl":"https:\/\/i3.wp.com\/interpim.erresse-shop.it\/Import\/Prodotti\/joseph-joseph-stack-4-contenitore-rifiuti-alimentari-pietra.webp?ssl=1","datePublished":"2026-04-12T12:52:25+00:00","description":"La conception unique et ventil\u00e9e de ce conteneur \u00e0 d\u00e9chets alimentaires permet de r\u00e9duire les odeurs dues \u00e0 la d\u00e9composition des aliments. La conception","breadcrumb":{"@id":"https:\/\/dev6.erresse-shop.it\/fr\/shop\/cuisine\/accessoires-fr\/joseph-joseph-stack-4-conteneur-a-dechets-alimentaires-pierre\/#breadcrumb"},"inLanguage":"fr-FR","potentialAction":[{"@type":"ReadAction","target":["https:\/\/dev6.erresse-shop.it\/fr\/shop\/cuisine\/accessoires-fr\/joseph-joseph-stack-4-conteneur-a-dechets-alimentaires-pierre\/"]}]},{"@type":"ImageObject","inLanguage":"fr-FR","@id":"https:\/\/dev6.erresse-shop.it\/fr\/shop\/cuisine\/accessoires-fr\/joseph-joseph-stack-4-conteneur-a-dechets-alimentaires-pierre\/#primaryimage","url":"https:\/\/i3.wp.com\/interpim.erresse-shop.it\/Import\/Prodotti\/joseph-joseph-stack-4-contenitore-rifiuti-alimentari-pietra.webp?ssl=1","contentUrl":"https:\/\/i3.wp.com\/interpim.erresse-shop.it\/Import\/Prodotti\/joseph-joseph-stack-4-contenitore-rifiuti-alimentari-pietra.webp?ssl=1"},{"@type":"BreadcrumbList","@id":"https:\/\/dev6.erresse-shop.it\/fr\/shop\/cuisine\/accessoires-fr\/joseph-joseph-stack-4-conteneur-a-dechets-alimentaires-pierre\/#breadcrumb","itemListElement":[{"@type":"ListItem","position":1,"name":"Home","item":"https:\/\/dev6.erresse-shop.it\/"},{"@type":"ListItem","position":2,"name":"Boutique","item":"https:\/\/dev6.erresse-shop.it\/shop\/"},{"@type":"ListItem","position":3,"name":"JOSEPH JOSEPH Stack 4 Conteneur \u00e0 d\u00e9chets alimentaires Pierre"}]},{"@type":"WebSite","@id":"https:\/\/dev6.erresse-shop.it\/#website","url":"https:\/\/dev6.erresse-shop.it\/","name":"Erresse Shop","description":"","publisher":{"@id":"https:\/\/dev6.erresse-shop.it\/#organization"},"potentialAction":[{"@type":"SearchAction","target":{"@type":"EntryPoint","urlTemplate":"https:\/\/dev6.erresse-shop.it\/?s={search_term_string}"},"query-input":{"@type":"PropertyValueSpecification","valueRequired":true,"valueName":"search_term_string"}}],"inLanguage":"fr-FR"},{"@type":"Organization","@id":"https:\/\/dev6.erresse-shop.it\/#organization","name":"Erresse Shop","url":"https:\/\/dev6.erresse-shop.it\/","logo":{"@type":"ImageObject","inLanguage":"fr-FR","@id":"https:\/\/dev6.erresse-shop.it\/#\/schema\/logo\/image\/","url":"https:\/\/dev6.erresse-shop.it\/wp-content\/uploads\/2025\/01\/LOGO-ERRESSE-CLASSICO.svg","contentUrl":"https:\/\/dev6.erresse-shop.it\/wp-content\/uploads\/2025\/01\/LOGO-ERRESSE-CLASSICO.svg","caption":"Erresse Shop"},"image":{"@id":"https:\/\/dev6.erresse-shop.it\/#\/schema\/logo\/image\/"}}]}},"df_price":39.99,"df_sale_price":"","df_regular_price":39.99,"df_image_link":"https:\/\/i3.wp.com\/interpim.erresse-shop.it\/Import\/Prodotti\/joseph-joseph-stack-4-contenitore-rifiuti-alimentari-pietra.webp?resize=300,300&ssl=1","fifu_image_url":"https:\/\/interpim.erresse-shop.it\/Import\/Prodotti\/joseph-joseph-stack-4-contenitore-rifiuti-alimentari-pietra.webp","_links":{"self":[{"href":"https:\/\/dev6.erresse-shop.it\/fr\/wp-json\/wp\/v2\/product\/64589","targetHints":{"allow":["GET"]}}],"collection":[{"href":"https:\/\/dev6.erresse-shop.it\/fr\/wp-json\/wp\/v2\/product"}],"about":[{"href":"https:\/\/dev6.erresse-shop.it\/fr\/wp-json\/wp\/v2\/types\/product"}],"wp:featuredmedia":[{"embeddable":true,"href":"https:\/\/dev6.erresse-shop.it\/fr\/wp-json\/wp\/v2\/media\/6381428"}],"wp:attachment":[{"href":"https:\/\/dev6.erresse-shop.it\/fr\/wp-json\/wp\/v2\/media?parent=64589"}],"wp:term":[{"taxonomy":"product_cat","embeddable":true,"href":"https:\/\/dev6.erresse-shop.it\/fr\/wp-json\/wp\/v2\/product_cat?post=64589"},{"taxonomy":"product_tag","embeddable":true,"href":"https:\/\/dev6.erresse-shop.it\/fr\/wp-json\/wp\/v2\/product_tag?post=64589"}],"curies":[{"name":"wp","href":"https:\/\/api.w.org\/{rel}","templated":true}]}}