{"id":64585,"date":"2026-04-12T11:29:15","date_gmt":"2026-04-12T09:29:15","guid":{"rendered":"https:\/\/dev6.erresse-shop.it\/shop\/non%20class\u00e9\/joseph-joseph-elevate-carousel-set-6-outils-avec-pince-gris\/"},"modified":"2025-12-08T17:51:21","modified_gmt":"2025-12-08T16:51:21","slug":"joseph-joseph-elevate-carousel-set-6-outils-avec-pince-gris","status":"publish","type":"product","link":"https:\/\/dev6.erresse-shop.it\/fr\/shop\/cuisine\/outils\/joseph-joseph-elevate-carousel-set-6-outils-avec-pince-gris\/","title":{"rendered":"JOSEPH JOSEPH Elevate Carousel Set 6 Outils avec Pince Gris"},"content":{"rendered":"<p>Cet \u00e9l\u00e9gant set de 6 pi\u00e8ces comprend un ensemble d\u2019ustensiles de cuisine essentiels, une paire de pinces en acier inoxydable avec des embouts en silicone r\u00e9sistant \u00e0 la chaleur et un support rotatif \u00e9l\u00e9gant avec une base antid\u00e9rapante.<\/p>\n<p>Les poign\u00e9es lest\u00e9es et les porte-outils int\u00e9gr\u00e9s emp\u00eachent les t\u00eates des ustensiles de toucher le plan de travail lorsqu\u2019ils sont au repos.<br \/>\nT\u00eates d\u2019outils en nylon r\u00e9sistantes \u00e0 la chaleur jusqu\u2019\u00e0 200\u00b0C (392\u00b0F)<br \/>\nPoign\u00e9es ergonomiques en silicone r\u00e9sistant \u00e0 la chaleur jusqu\u2019\u00e0 270\u00b0C (520\u00b0F)<br \/>\nLe carrousel est dot\u00e9 d\u2019une base antid\u00e9rapante et tourne en douceur pour faciliter la s\u00e9lection des outils.<br \/>\nConvient \u00e0 tous les types d\u2019ustensiles de cuisine<br \/>\nL\u2019ensemble comprend : une cuill\u00e8re solide, une pince en acier inoxydable, une cuill\u00e8re \u00e0 fente, un rouet flexible, une louche et une cuill\u00e8re \u00e0 fente.<\/p>\n<p>Entretien et utilisation :<\/p>\n<p>Outils \u2013 lavables au lave-vaisselle<br \/>\nCarrousel \u2013 nettoyer avec un chiffon humide<br \/>\nNe pas laisser les ustensiles dans les casseroles pendant la cuisson<br \/>\nPour \u00e9viter les taches, ne pas utiliser de colorants puissants tels que le curcuma.<br \/>\nSans BPA<\/p>\n<p>Dimensions :<\/p>\n<p>H34 x L23 x P23cm (H13\u00bd x L9 x D9 pouces)<\/p>\n<p>Cr\u00e9ateur : Derek Roberts<\/p>\n","protected":false},"excerpt":{"rendered":"<p>Cet \u00e9l\u00e9gant set de 6 pi\u00e8ces comprend un ensemble d\u2019ustensiles de cuisine essentiels, une paire de pinces en acier inoxydable avec des embouts en silicone r\u00e9sistant \u00e0 la chaleur et un support rotatif \u00e9l\u00e9gant avec une base antid\u00e9rapante. Les poign\u00e9es lest\u00e9es et les porte-outils int\u00e9gr\u00e9s emp\u00eachent les t\u00eates des ustensiles de toucher le plan de [&hellip;]<\/p>\n","protected":false},"featured_media":6369040,"template":"","meta":{"_acf_changed":false},"product_cat":[11668,11992,12008],"product_tag":[],"class_list":{"0":"post-64585","1":"product","2":"type-product","3":"status-publish","4":"has-post-thumbnail","6":"product_cat-cucina","7":"product_cat-cuisine","8":"product_cat-outils","10":"first","11":"instock","12":"sale","13":"taxable","14":"shipping-taxable","15":"purchasable","16":"product-type-simple","swatches":"rey-swatches","show_selected":"","stretch_labels":"rey-swatches--stretch-labels"},"acf":[],"yoast_head":"<!-- This site is optimized with the Yoast SEO plugin v25.4 - https:\/\/yoast.com\/wordpress\/plugins\/seo\/ -->\n<title>JOSEPH JOSEPH Elevate Carousel Set 6 Outils avec Pince Gris - dev6 Erresse<\/title>\n<meta name=\"description\" content=\"Cet \u00e9l\u00e9gant set de 6 pi\u00e8ces comprend un ensemble d\u2019ustensiles de cuisine essentiels, une paire de pinces en acier inoxydable avec des embouts en silicone\" \/>\n<meta name=\"robots\" content=\"noindex, follow, max-snippet:-1, max-image-preview:large, max-video-preview:-1\" \/>\n<meta property=\"og:locale\" content=\"fr_FR\" \/>\n<meta property=\"og:type\" content=\"article\" \/>\n<meta property=\"og:title\" content=\"JOSEPH JOSEPH Elevate Carousel Set 6 Outils avec Pince Gris - dev6 Erresse\" \/>\n<meta property=\"og:description\" content=\"Cet \u00e9l\u00e9gant set de 6 pi\u00e8ces comprend un ensemble d\u2019ustensiles de cuisine essentiels, une paire de pinces en acier inoxydable avec des embouts en silicone\" \/>\n<meta property=\"og:url\" content=\"https:\/\/dev6.erresse-shop.it\/fr\/shop\/cuisine\/outils\/joseph-joseph-elevate-carousel-set-6-outils-avec-pince-gris\/\" \/>\n<meta property=\"og:site_name\" content=\"dev6 Erresse\" \/>\n<meta property=\"og:image\" content=\"https:\/\/interpim.erresse-shop.it\/Import\/Prodotti\/joseph-joseph-elevate-carousel-set-6-utensili-con-pinze-grigio.jpg\" \/><meta property=\"og:image\" content=\"https:\/\/interpim.erresse-shop.it\/Import\/Prodotti\/joseph-joseph-elevate-carousel-set-6-utensili-con-pinze-grigio.jpg\" \/>\n\t<meta property=\"og:image:width\" content=\"1024\" \/>\n\t<meta property=\"og:image:height\" content=\"1024\" \/>\n\t<meta property=\"og:image:type\" content=\"image\/jpeg\" \/>\n<meta name=\"twitter:card\" content=\"summary_large_image\" \/>\n<meta name=\"twitter:image\" content=\"https:\/\/interpim.erresse-shop.it\/Import\/Prodotti\/joseph-joseph-elevate-carousel-set-6-utensili-con-pinze-grigio.jpg\" \/>\n<script type=\"application\/ld+json\" class=\"yoast-schema-graph\">{\"@context\":\"https:\/\/schema.org\",\"@graph\":[{\"@type\":\"WebPage\",\"@id\":\"https:\/\/dev6.erresse-shop.it\/fr\/shop\/cuisine\/outils\/joseph-joseph-elevate-carousel-set-6-outils-avec-pince-gris\/\",\"url\":\"https:\/\/dev6.erresse-shop.it\/fr\/shop\/cuisine\/outils\/joseph-joseph-elevate-carousel-set-6-outils-avec-pince-gris\/\",\"name\":\"JOSEPH JOSEPH Elevate Carousel Set 6 Outils avec Pince Gris - dev6 Erresse\",\"isPartOf\":{\"@id\":\"https:\/\/dev6.erresse-shop.it\/#website\"},\"primaryImageOfPage\":{\"@id\":\"https:\/\/dev6.erresse-shop.it\/fr\/shop\/cuisine\/outils\/joseph-joseph-elevate-carousel-set-6-outils-avec-pince-gris\/#primaryimage\"},\"image\":{\"@id\":\"https:\/\/dev6.erresse-shop.it\/fr\/shop\/cuisine\/outils\/joseph-joseph-elevate-carousel-set-6-outils-avec-pince-gris\/#primaryimage\"},\"thumbnailUrl\":\"https:\/\/i3.wp.com\/interpim.erresse-shop.it\/Import\/Prodotti\/joseph-joseph-elevate-carousel-set-6-utensili-con-pinze-grigio.jpg?ssl=1\",\"datePublished\":\"2026-04-12T09:29:15+00:00\",\"description\":\"Cet \u00e9l\u00e9gant set de 6 pi\u00e8ces comprend un ensemble d\u2019ustensiles de cuisine essentiels, une paire de pinces en acier inoxydable avec des embouts en silicone\",\"breadcrumb\":{\"@id\":\"https:\/\/dev6.erresse-shop.it\/fr\/shop\/cuisine\/outils\/joseph-joseph-elevate-carousel-set-6-outils-avec-pince-gris\/#breadcrumb\"},\"inLanguage\":\"fr-FR\",\"potentialAction\":[{\"@type\":\"ReadAction\",\"target\":[\"https:\/\/dev6.erresse-shop.it\/fr\/shop\/cuisine\/outils\/joseph-joseph-elevate-carousel-set-6-outils-avec-pince-gris\/\"]}]},{\"@type\":\"ImageObject\",\"inLanguage\":\"fr-FR\",\"@id\":\"https:\/\/dev6.erresse-shop.it\/fr\/shop\/cuisine\/outils\/joseph-joseph-elevate-carousel-set-6-outils-avec-pince-gris\/#primaryimage\",\"url\":\"https:\/\/i3.wp.com\/interpim.erresse-shop.it\/Import\/Prodotti\/joseph-joseph-elevate-carousel-set-6-utensili-con-pinze-grigio.jpg?ssl=1\",\"contentUrl\":\"https:\/\/i3.wp.com\/interpim.erresse-shop.it\/Import\/Prodotti\/joseph-joseph-elevate-carousel-set-6-utensili-con-pinze-grigio.jpg?ssl=1\"},{\"@type\":\"BreadcrumbList\",\"@id\":\"https:\/\/dev6.erresse-shop.it\/fr\/shop\/cuisine\/outils\/joseph-joseph-elevate-carousel-set-6-outils-avec-pince-gris\/#breadcrumb\",\"itemListElement\":[{\"@type\":\"ListItem\",\"position\":1,\"name\":\"Home\",\"item\":\"https:\/\/dev6.erresse-shop.it\/\"},{\"@type\":\"ListItem\",\"position\":2,\"name\":\"Boutique\",\"item\":\"https:\/\/dev6.erresse-shop.it\/shop\/\"},{\"@type\":\"ListItem\",\"position\":3,\"name\":\"JOSEPH JOSEPH Elevate Carousel Set 6 Outils avec Pince Gris\"}]},{\"@type\":\"WebSite\",\"@id\":\"https:\/\/dev6.erresse-shop.it\/#website\",\"url\":\"https:\/\/dev6.erresse-shop.it\/\",\"name\":\"Erresse Shop\",\"description\":\"\",\"publisher\":{\"@id\":\"https:\/\/dev6.erresse-shop.it\/#organization\"},\"potentialAction\":[{\"@type\":\"SearchAction\",\"target\":{\"@type\":\"EntryPoint\",\"urlTemplate\":\"https:\/\/dev6.erresse-shop.it\/?s={search_term_string}\"},\"query-input\":{\"@type\":\"PropertyValueSpecification\",\"valueRequired\":true,\"valueName\":\"search_term_string\"}}],\"inLanguage\":\"fr-FR\"},{\"@type\":\"Organization\",\"@id\":\"https:\/\/dev6.erresse-shop.it\/#organization\",\"name\":\"Erresse Shop\",\"url\":\"https:\/\/dev6.erresse-shop.it\/\",\"logo\":{\"@type\":\"ImageObject\",\"inLanguage\":\"fr-FR\",\"@id\":\"https:\/\/dev6.erresse-shop.it\/#\/schema\/logo\/image\/\",\"url\":\"https:\/\/dev6.erresse-shop.it\/wp-content\/uploads\/2025\/01\/LOGO-ERRESSE-CLASSICO.svg\",\"contentUrl\":\"https:\/\/dev6.erresse-shop.it\/wp-content\/uploads\/2025\/01\/LOGO-ERRESSE-CLASSICO.svg\",\"caption\":\"Erresse Shop\"},\"image\":{\"@id\":\"https:\/\/dev6.erresse-shop.it\/#\/schema\/logo\/image\/\"}}]}<\/script>\n<!-- \/ Yoast SEO plugin. -->","yoast_head_json":{"title":"JOSEPH JOSEPH Elevate Carousel Set 6 Outils avec Pince Gris - dev6 Erresse","description":"Cet \u00e9l\u00e9gant set de 6 pi\u00e8ces comprend un ensemble d\u2019ustensiles de cuisine essentiels, une paire de pinces en acier inoxydable avec des embouts en silicone","robots":{"index":"noindex","follow":"follow","max-snippet":"max-snippet:-1","max-image-preview":"max-image-preview:large","max-video-preview":"max-video-preview:-1"},"og_locale":"fr_FR","og_type":"article","og_title":"JOSEPH JOSEPH Elevate Carousel Set 6 Outils avec Pince Gris - dev6 Erresse","og_description":"Cet \u00e9l\u00e9gant set de 6 pi\u00e8ces comprend un ensemble d\u2019ustensiles de cuisine essentiels, une paire de pinces en acier inoxydable avec des embouts en silicone","og_url":"https:\/\/dev6.erresse-shop.it\/fr\/shop\/cuisine\/outils\/joseph-joseph-elevate-carousel-set-6-outils-avec-pince-gris\/","og_site_name":"dev6 Erresse","og_image":[{"url":"https:\/\/interpim.erresse-shop.it\/Import\/Prodotti\/joseph-joseph-elevate-carousel-set-6-utensili-con-pinze-grigio.jpg","type":"","width":"","height":""},{"url":"https:\/\/interpim.erresse-shop.it\/Import\/Prodotti\/joseph-joseph-elevate-carousel-set-6-utensili-con-pinze-grigio.jpg","width":1024,"height":1024,"type":"image\/jpeg"}],"twitter_card":"summary_large_image","twitter_image":"https:\/\/interpim.erresse-shop.it\/Import\/Prodotti\/joseph-joseph-elevate-carousel-set-6-utensili-con-pinze-grigio.jpg","schema":{"@context":"https:\/\/schema.org","@graph":[{"@type":"WebPage","@id":"https:\/\/dev6.erresse-shop.it\/fr\/shop\/cuisine\/outils\/joseph-joseph-elevate-carousel-set-6-outils-avec-pince-gris\/","url":"https:\/\/dev6.erresse-shop.it\/fr\/shop\/cuisine\/outils\/joseph-joseph-elevate-carousel-set-6-outils-avec-pince-gris\/","name":"JOSEPH JOSEPH Elevate Carousel Set 6 Outils avec Pince Gris - dev6 Erresse","isPartOf":{"@id":"https:\/\/dev6.erresse-shop.it\/#website"},"primaryImageOfPage":{"@id":"https:\/\/dev6.erresse-shop.it\/fr\/shop\/cuisine\/outils\/joseph-joseph-elevate-carousel-set-6-outils-avec-pince-gris\/#primaryimage"},"image":{"@id":"https:\/\/dev6.erresse-shop.it\/fr\/shop\/cuisine\/outils\/joseph-joseph-elevate-carousel-set-6-outils-avec-pince-gris\/#primaryimage"},"thumbnailUrl":"https:\/\/i3.wp.com\/interpim.erresse-shop.it\/Import\/Prodotti\/joseph-joseph-elevate-carousel-set-6-utensili-con-pinze-grigio.jpg?ssl=1","datePublished":"2026-04-12T09:29:15+00:00","description":"Cet \u00e9l\u00e9gant set de 6 pi\u00e8ces comprend un ensemble d\u2019ustensiles de cuisine essentiels, une paire de pinces en acier inoxydable avec des embouts en silicone","breadcrumb":{"@id":"https:\/\/dev6.erresse-shop.it\/fr\/shop\/cuisine\/outils\/joseph-joseph-elevate-carousel-set-6-outils-avec-pince-gris\/#breadcrumb"},"inLanguage":"fr-FR","potentialAction":[{"@type":"ReadAction","target":["https:\/\/dev6.erresse-shop.it\/fr\/shop\/cuisine\/outils\/joseph-joseph-elevate-carousel-set-6-outils-avec-pince-gris\/"]}]},{"@type":"ImageObject","inLanguage":"fr-FR","@id":"https:\/\/dev6.erresse-shop.it\/fr\/shop\/cuisine\/outils\/joseph-joseph-elevate-carousel-set-6-outils-avec-pince-gris\/#primaryimage","url":"https:\/\/i3.wp.com\/interpim.erresse-shop.it\/Import\/Prodotti\/joseph-joseph-elevate-carousel-set-6-utensili-con-pinze-grigio.jpg?ssl=1","contentUrl":"https:\/\/i3.wp.com\/interpim.erresse-shop.it\/Import\/Prodotti\/joseph-joseph-elevate-carousel-set-6-utensili-con-pinze-grigio.jpg?ssl=1"},{"@type":"BreadcrumbList","@id":"https:\/\/dev6.erresse-shop.it\/fr\/shop\/cuisine\/outils\/joseph-joseph-elevate-carousel-set-6-outils-avec-pince-gris\/#breadcrumb","itemListElement":[{"@type":"ListItem","position":1,"name":"Home","item":"https:\/\/dev6.erresse-shop.it\/"},{"@type":"ListItem","position":2,"name":"Boutique","item":"https:\/\/dev6.erresse-shop.it\/shop\/"},{"@type":"ListItem","position":3,"name":"JOSEPH JOSEPH Elevate Carousel Set 6 Outils avec Pince Gris"}]},{"@type":"WebSite","@id":"https:\/\/dev6.erresse-shop.it\/#website","url":"https:\/\/dev6.erresse-shop.it\/","name":"Erresse Shop","description":"","publisher":{"@id":"https:\/\/dev6.erresse-shop.it\/#organization"},"potentialAction":[{"@type":"SearchAction","target":{"@type":"EntryPoint","urlTemplate":"https:\/\/dev6.erresse-shop.it\/?s={search_term_string}"},"query-input":{"@type":"PropertyValueSpecification","valueRequired":true,"valueName":"search_term_string"}}],"inLanguage":"fr-FR"},{"@type":"Organization","@id":"https:\/\/dev6.erresse-shop.it\/#organization","name":"Erresse Shop","url":"https:\/\/dev6.erresse-shop.it\/","logo":{"@type":"ImageObject","inLanguage":"fr-FR","@id":"https:\/\/dev6.erresse-shop.it\/#\/schema\/logo\/image\/","url":"https:\/\/dev6.erresse-shop.it\/wp-content\/uploads\/2025\/01\/LOGO-ERRESSE-CLASSICO.svg","contentUrl":"https:\/\/dev6.erresse-shop.it\/wp-content\/uploads\/2025\/01\/LOGO-ERRESSE-CLASSICO.svg","caption":"Erresse Shop"},"image":{"@id":"https:\/\/dev6.erresse-shop.it\/#\/schema\/logo\/image\/"}}]}},"df_price":74.95,"df_sale_price":74.95,"df_regular_price":94.99,"df_image_link":"https:\/\/i3.wp.com\/interpim.erresse-shop.it\/Import\/Prodotti\/joseph-joseph-elevate-carousel-set-6-utensili-con-pinze-grigio.jpg?resize=300,300&ssl=1","fifu_image_url":"https:\/\/interpim.erresse-shop.it\/Import\/Prodotti\/joseph-joseph-elevate-carousel-set-6-utensili-con-pinze-grigio.jpg","_links":{"self":[{"href":"https:\/\/dev6.erresse-shop.it\/fr\/wp-json\/wp\/v2\/product\/64585","targetHints":{"allow":["GET"]}}],"collection":[{"href":"https:\/\/dev6.erresse-shop.it\/fr\/wp-json\/wp\/v2\/product"}],"about":[{"href":"https:\/\/dev6.erresse-shop.it\/fr\/wp-json\/wp\/v2\/types\/product"}],"wp:featuredmedia":[{"embeddable":true,"href":"https:\/\/dev6.erresse-shop.it\/fr\/wp-json\/wp\/v2\/media\/6369040"}],"wp:attachment":[{"href":"https:\/\/dev6.erresse-shop.it\/fr\/wp-json\/wp\/v2\/media?parent=64585"}],"wp:term":[{"taxonomy":"product_cat","embeddable":true,"href":"https:\/\/dev6.erresse-shop.it\/fr\/wp-json\/wp\/v2\/product_cat?post=64585"},{"taxonomy":"product_tag","embeddable":true,"href":"https:\/\/dev6.erresse-shop.it\/fr\/wp-json\/wp\/v2\/product_tag?post=64585"}],"curies":[{"name":"wp","href":"https:\/\/api.w.org\/{rel}","templated":true}]}}