{"id":64583,"date":"2026-04-12T11:29:15","date_gmt":"2026-04-12T09:29:15","guid":{"rendered":"https:\/\/dev6.erresse-shop.it\/shop\/non%20class\u00e9\/joseph-joseph-elevate-carousel-set-6-outils-multicolore\/"},"modified":"2025-12-08T17:51:20","modified_gmt":"2025-12-08T16:51:20","slug":"joseph-joseph-elevate-carousel-set-6-outils-multicolore","status":"publish","type":"product","link":"https:\/\/dev6.erresse-shop.it\/fr\/shop\/cuisine\/outils\/joseph-joseph-elevate-carousel-set-6-outils-multicolore\/","title":{"rendered":"JOSEPH JOSEPH Elevate Carousel Set 6 Outils Multicolore"},"content":{"rendered":"<p>Ce set d\u2019ustensiles se compose de 6 ustensiles de cuisine avec des t\u00eates en nylon et des porte-ustensiles int\u00e9gr\u00e9s dans les manches.<\/p>\n<p>L\u2019ensemble comprend : une cuill\u00e8re \u00e0 fente, un bol \u00e0 spaghetti, une cuill\u00e8re solide, une cuill\u00e8re \u00e0 fente, une cuill\u00e8re flexible et une louche.<br \/>\nLes poign\u00e9es lest\u00e9es et les repose-ustensiles int\u00e9gr\u00e9s emp\u00eachent les t\u00eates des ustensiles de toucher le plan de travail lorsqu\u2019ils sont soutenus.<br \/>\nT\u00eates d\u2019ustensiles en nylon r\u00e9sistant \u00e0 la chaleur jusqu\u2019\u00e0 200\u00b0C (392\u00b0F)<br \/>\nPoign\u00e9es ergonomiques en silicone r\u00e9sistant \u00e0 la chaleur jusqu\u2019\u00e0 270\u00b0C (520\u00b0F)<br \/>\nLe carrousel est dot\u00e9 d\u2019une base antid\u00e9rapante et d\u2019une tige l\u00e9g\u00e8rement rotative pour faciliter la s\u00e9lection des ustensiles.<br \/>\nConvient \u00e0 tous les types d\u2019ustensiles de cuisine<\/p>\n<p>Entretien et utilisation :<\/p>\n<p>Outils : lavables au lave-vaisselle<br \/>\nCarrousel : nettoyer avec un chiffon humide<br \/>\nNe pas laisser les ustensiles dans les casseroles pendant la cuisson.<br \/>\nPour \u00e9viter les taches, ne pas utiliser de colorants puissants tels que le curcuma.<br \/>\nSans BPA<\/p>\n<p>Dimensions de l\u2019ustensile :<\/p>\n<p>H16.5 x W35 x D16.5 cm (H6\u00bd x W13\u00be x D6\u00bd inches)<\/p>\n<p>Cr\u00e9ateur : Derek Roberts<\/p>\n","protected":false},"excerpt":{"rendered":"<p>Ce set d\u2019ustensiles se compose de 6 ustensiles de cuisine avec des t\u00eates en nylon et des porte-ustensiles int\u00e9gr\u00e9s dans les manches. L\u2019ensemble comprend : une cuill\u00e8re \u00e0 fente, un bol \u00e0 spaghetti, une cuill\u00e8re solide, une cuill\u00e8re \u00e0 fente, une cuill\u00e8re flexible et une louche. Les poign\u00e9es lest\u00e9es et les repose-ustensiles int\u00e9gr\u00e9s emp\u00eachent les [&hellip;]<\/p>\n","protected":false},"featured_media":6369033,"template":"","meta":{"_acf_changed":false},"product_cat":[11668,11992,12008],"product_tag":[],"class_list":{"0":"post-64583","1":"product","2":"type-product","3":"status-publish","4":"has-post-thumbnail","6":"product_cat-cucina","7":"product_cat-cuisine","8":"product_cat-outils","10":"first","11":"instock","12":"sale","13":"taxable","14":"shipping-taxable","15":"purchasable","16":"product-type-simple","swatches":"rey-swatches","show_selected":"","stretch_labels":"rey-swatches--stretch-labels"},"acf":[],"yoast_head":"<!-- This site is optimized with the Yoast SEO plugin v25.4 - https:\/\/yoast.com\/wordpress\/plugins\/seo\/ -->\n<title>JOSEPH JOSEPH Elevate Carousel Set 6 Outils Multicolore - dev6 Erresse<\/title>\n<meta name=\"description\" content=\"Ce set d\u2019ustensiles se compose de 6 ustensiles de cuisine avec des t\u00eates en nylon et des porte-ustensiles int\u00e9gr\u00e9s dans les manches. L\u2019ensemble comprend :\" \/>\n<meta name=\"robots\" content=\"noindex, follow, max-snippet:-1, max-image-preview:large, max-video-preview:-1\" \/>\n<meta property=\"og:locale\" content=\"fr_FR\" \/>\n<meta property=\"og:type\" content=\"article\" \/>\n<meta property=\"og:title\" content=\"JOSEPH JOSEPH Elevate Carousel Set 6 Outils Multicolore - dev6 Erresse\" \/>\n<meta property=\"og:description\" content=\"Ce set d\u2019ustensiles se compose de 6 ustensiles de cuisine avec des t\u00eates en nylon et des porte-ustensiles int\u00e9gr\u00e9s dans les manches. L\u2019ensemble comprend :\" \/>\n<meta property=\"og:url\" content=\"https:\/\/dev6.erresse-shop.it\/fr\/shop\/cuisine\/outils\/joseph-joseph-elevate-carousel-set-6-outils-multicolore\/\" \/>\n<meta property=\"og:site_name\" content=\"dev6 Erresse\" \/>\n<meta property=\"og:image\" content=\"https:\/\/interpim.erresse-shop.it\/Import\/Prodotti\/joseph-joseph-elevate-carousel-set-6-utensili-multicolore.jpg\" \/><meta property=\"og:image\" content=\"https:\/\/interpim.erresse-shop.it\/Import\/Prodotti\/joseph-joseph-elevate-carousel-set-6-utensili-multicolore.jpg\" \/>\n\t<meta property=\"og:image:width\" content=\"1024\" \/>\n\t<meta property=\"og:image:height\" content=\"1024\" \/>\n\t<meta property=\"og:image:type\" content=\"image\/jpeg\" \/>\n<meta name=\"twitter:card\" content=\"summary_large_image\" \/>\n<meta name=\"twitter:image\" content=\"https:\/\/interpim.erresse-shop.it\/Import\/Prodotti\/joseph-joseph-elevate-carousel-set-6-utensili-multicolore.jpg\" \/>\n<script type=\"application\/ld+json\" class=\"yoast-schema-graph\">{\"@context\":\"https:\/\/schema.org\",\"@graph\":[{\"@type\":\"WebPage\",\"@id\":\"https:\/\/dev6.erresse-shop.it\/fr\/shop\/cuisine\/outils\/joseph-joseph-elevate-carousel-set-6-outils-multicolore\/\",\"url\":\"https:\/\/dev6.erresse-shop.it\/fr\/shop\/cuisine\/outils\/joseph-joseph-elevate-carousel-set-6-outils-multicolore\/\",\"name\":\"JOSEPH JOSEPH Elevate Carousel Set 6 Outils Multicolore - dev6 Erresse\",\"isPartOf\":{\"@id\":\"https:\/\/dev6.erresse-shop.it\/#website\"},\"primaryImageOfPage\":{\"@id\":\"https:\/\/dev6.erresse-shop.it\/fr\/shop\/cuisine\/outils\/joseph-joseph-elevate-carousel-set-6-outils-multicolore\/#primaryimage\"},\"image\":{\"@id\":\"https:\/\/dev6.erresse-shop.it\/fr\/shop\/cuisine\/outils\/joseph-joseph-elevate-carousel-set-6-outils-multicolore\/#primaryimage\"},\"thumbnailUrl\":\"https:\/\/i2.wp.com\/interpim.erresse-shop.it\/Import\/Prodotti\/joseph-joseph-elevate-carousel-set-6-utensili-multicolore.jpg?ssl=1\",\"datePublished\":\"2026-04-12T09:29:15+00:00\",\"description\":\"Ce set d\u2019ustensiles se compose de 6 ustensiles de cuisine avec des t\u00eates en nylon et des porte-ustensiles int\u00e9gr\u00e9s dans les manches. L\u2019ensemble comprend :\",\"breadcrumb\":{\"@id\":\"https:\/\/dev6.erresse-shop.it\/fr\/shop\/cuisine\/outils\/joseph-joseph-elevate-carousel-set-6-outils-multicolore\/#breadcrumb\"},\"inLanguage\":\"fr-FR\",\"potentialAction\":[{\"@type\":\"ReadAction\",\"target\":[\"https:\/\/dev6.erresse-shop.it\/fr\/shop\/cuisine\/outils\/joseph-joseph-elevate-carousel-set-6-outils-multicolore\/\"]}]},{\"@type\":\"ImageObject\",\"inLanguage\":\"fr-FR\",\"@id\":\"https:\/\/dev6.erresse-shop.it\/fr\/shop\/cuisine\/outils\/joseph-joseph-elevate-carousel-set-6-outils-multicolore\/#primaryimage\",\"url\":\"https:\/\/i2.wp.com\/interpim.erresse-shop.it\/Import\/Prodotti\/joseph-joseph-elevate-carousel-set-6-utensili-multicolore.jpg?ssl=1\",\"contentUrl\":\"https:\/\/i2.wp.com\/interpim.erresse-shop.it\/Import\/Prodotti\/joseph-joseph-elevate-carousel-set-6-utensili-multicolore.jpg?ssl=1\"},{\"@type\":\"BreadcrumbList\",\"@id\":\"https:\/\/dev6.erresse-shop.it\/fr\/shop\/cuisine\/outils\/joseph-joseph-elevate-carousel-set-6-outils-multicolore\/#breadcrumb\",\"itemListElement\":[{\"@type\":\"ListItem\",\"position\":1,\"name\":\"Home\",\"item\":\"https:\/\/dev6.erresse-shop.it\/\"},{\"@type\":\"ListItem\",\"position\":2,\"name\":\"Boutique\",\"item\":\"https:\/\/dev6.erresse-shop.it\/shop\/\"},{\"@type\":\"ListItem\",\"position\":3,\"name\":\"JOSEPH JOSEPH Elevate Carousel Set 6 Outils Multicolore\"}]},{\"@type\":\"WebSite\",\"@id\":\"https:\/\/dev6.erresse-shop.it\/#website\",\"url\":\"https:\/\/dev6.erresse-shop.it\/\",\"name\":\"Erresse Shop\",\"description\":\"\",\"publisher\":{\"@id\":\"https:\/\/dev6.erresse-shop.it\/#organization\"},\"potentialAction\":[{\"@type\":\"SearchAction\",\"target\":{\"@type\":\"EntryPoint\",\"urlTemplate\":\"https:\/\/dev6.erresse-shop.it\/?s={search_term_string}\"},\"query-input\":{\"@type\":\"PropertyValueSpecification\",\"valueRequired\":true,\"valueName\":\"search_term_string\"}}],\"inLanguage\":\"fr-FR\"},{\"@type\":\"Organization\",\"@id\":\"https:\/\/dev6.erresse-shop.it\/#organization\",\"name\":\"Erresse Shop\",\"url\":\"https:\/\/dev6.erresse-shop.it\/\",\"logo\":{\"@type\":\"ImageObject\",\"inLanguage\":\"fr-FR\",\"@id\":\"https:\/\/dev6.erresse-shop.it\/#\/schema\/logo\/image\/\",\"url\":\"https:\/\/dev6.erresse-shop.it\/wp-content\/uploads\/2025\/01\/LOGO-ERRESSE-CLASSICO.svg\",\"contentUrl\":\"https:\/\/dev6.erresse-shop.it\/wp-content\/uploads\/2025\/01\/LOGO-ERRESSE-CLASSICO.svg\",\"caption\":\"Erresse Shop\"},\"image\":{\"@id\":\"https:\/\/dev6.erresse-shop.it\/#\/schema\/logo\/image\/\"}}]}<\/script>\n<!-- \/ Yoast SEO plugin. -->","yoast_head_json":{"title":"JOSEPH JOSEPH Elevate Carousel Set 6 Outils Multicolore - dev6 Erresse","description":"Ce set d\u2019ustensiles se compose de 6 ustensiles de cuisine avec des t\u00eates en nylon et des porte-ustensiles int\u00e9gr\u00e9s dans les manches. L\u2019ensemble comprend :","robots":{"index":"noindex","follow":"follow","max-snippet":"max-snippet:-1","max-image-preview":"max-image-preview:large","max-video-preview":"max-video-preview:-1"},"og_locale":"fr_FR","og_type":"article","og_title":"JOSEPH JOSEPH Elevate Carousel Set 6 Outils Multicolore - dev6 Erresse","og_description":"Ce set d\u2019ustensiles se compose de 6 ustensiles de cuisine avec des t\u00eates en nylon et des porte-ustensiles int\u00e9gr\u00e9s dans les manches. L\u2019ensemble comprend :","og_url":"https:\/\/dev6.erresse-shop.it\/fr\/shop\/cuisine\/outils\/joseph-joseph-elevate-carousel-set-6-outils-multicolore\/","og_site_name":"dev6 Erresse","og_image":[{"url":"https:\/\/interpim.erresse-shop.it\/Import\/Prodotti\/joseph-joseph-elevate-carousel-set-6-utensili-multicolore.jpg","type":"","width":"","height":""},{"url":"https:\/\/interpim.erresse-shop.it\/Import\/Prodotti\/joseph-joseph-elevate-carousel-set-6-utensili-multicolore.jpg","width":1024,"height":1024,"type":"image\/jpeg"}],"twitter_card":"summary_large_image","twitter_image":"https:\/\/interpim.erresse-shop.it\/Import\/Prodotti\/joseph-joseph-elevate-carousel-set-6-utensili-multicolore.jpg","schema":{"@context":"https:\/\/schema.org","@graph":[{"@type":"WebPage","@id":"https:\/\/dev6.erresse-shop.it\/fr\/shop\/cuisine\/outils\/joseph-joseph-elevate-carousel-set-6-outils-multicolore\/","url":"https:\/\/dev6.erresse-shop.it\/fr\/shop\/cuisine\/outils\/joseph-joseph-elevate-carousel-set-6-outils-multicolore\/","name":"JOSEPH JOSEPH Elevate Carousel Set 6 Outils Multicolore - dev6 Erresse","isPartOf":{"@id":"https:\/\/dev6.erresse-shop.it\/#website"},"primaryImageOfPage":{"@id":"https:\/\/dev6.erresse-shop.it\/fr\/shop\/cuisine\/outils\/joseph-joseph-elevate-carousel-set-6-outils-multicolore\/#primaryimage"},"image":{"@id":"https:\/\/dev6.erresse-shop.it\/fr\/shop\/cuisine\/outils\/joseph-joseph-elevate-carousel-set-6-outils-multicolore\/#primaryimage"},"thumbnailUrl":"https:\/\/i2.wp.com\/interpim.erresse-shop.it\/Import\/Prodotti\/joseph-joseph-elevate-carousel-set-6-utensili-multicolore.jpg?ssl=1","datePublished":"2026-04-12T09:29:15+00:00","description":"Ce set d\u2019ustensiles se compose de 6 ustensiles de cuisine avec des t\u00eates en nylon et des porte-ustensiles int\u00e9gr\u00e9s dans les manches. L\u2019ensemble comprend :","breadcrumb":{"@id":"https:\/\/dev6.erresse-shop.it\/fr\/shop\/cuisine\/outils\/joseph-joseph-elevate-carousel-set-6-outils-multicolore\/#breadcrumb"},"inLanguage":"fr-FR","potentialAction":[{"@type":"ReadAction","target":["https:\/\/dev6.erresse-shop.it\/fr\/shop\/cuisine\/outils\/joseph-joseph-elevate-carousel-set-6-outils-multicolore\/"]}]},{"@type":"ImageObject","inLanguage":"fr-FR","@id":"https:\/\/dev6.erresse-shop.it\/fr\/shop\/cuisine\/outils\/joseph-joseph-elevate-carousel-set-6-outils-multicolore\/#primaryimage","url":"https:\/\/i2.wp.com\/interpim.erresse-shop.it\/Import\/Prodotti\/joseph-joseph-elevate-carousel-set-6-utensili-multicolore.jpg?ssl=1","contentUrl":"https:\/\/i2.wp.com\/interpim.erresse-shop.it\/Import\/Prodotti\/joseph-joseph-elevate-carousel-set-6-utensili-multicolore.jpg?ssl=1"},{"@type":"BreadcrumbList","@id":"https:\/\/dev6.erresse-shop.it\/fr\/shop\/cuisine\/outils\/joseph-joseph-elevate-carousel-set-6-outils-multicolore\/#breadcrumb","itemListElement":[{"@type":"ListItem","position":1,"name":"Home","item":"https:\/\/dev6.erresse-shop.it\/"},{"@type":"ListItem","position":2,"name":"Boutique","item":"https:\/\/dev6.erresse-shop.it\/shop\/"},{"@type":"ListItem","position":3,"name":"JOSEPH JOSEPH Elevate Carousel Set 6 Outils Multicolore"}]},{"@type":"WebSite","@id":"https:\/\/dev6.erresse-shop.it\/#website","url":"https:\/\/dev6.erresse-shop.it\/","name":"Erresse Shop","description":"","publisher":{"@id":"https:\/\/dev6.erresse-shop.it\/#organization"},"potentialAction":[{"@type":"SearchAction","target":{"@type":"EntryPoint","urlTemplate":"https:\/\/dev6.erresse-shop.it\/?s={search_term_string}"},"query-input":{"@type":"PropertyValueSpecification","valueRequired":true,"valueName":"search_term_string"}}],"inLanguage":"fr-FR"},{"@type":"Organization","@id":"https:\/\/dev6.erresse-shop.it\/#organization","name":"Erresse Shop","url":"https:\/\/dev6.erresse-shop.it\/","logo":{"@type":"ImageObject","inLanguage":"fr-FR","@id":"https:\/\/dev6.erresse-shop.it\/#\/schema\/logo\/image\/","url":"https:\/\/dev6.erresse-shop.it\/wp-content\/uploads\/2025\/01\/LOGO-ERRESSE-CLASSICO.svg","contentUrl":"https:\/\/dev6.erresse-shop.it\/wp-content\/uploads\/2025\/01\/LOGO-ERRESSE-CLASSICO.svg","caption":"Erresse Shop"},"image":{"@id":"https:\/\/dev6.erresse-shop.it\/#\/schema\/logo\/image\/"}}]}},"df_price":82.95,"df_sale_price":82.95,"df_regular_price":89.99,"df_image_link":"https:\/\/i2.wp.com\/interpim.erresse-shop.it\/Import\/Prodotti\/joseph-joseph-elevate-carousel-set-6-utensili-multicolore.jpg?resize=300,300&ssl=1","fifu_image_url":"https:\/\/interpim.erresse-shop.it\/Import\/Prodotti\/joseph-joseph-elevate-carousel-set-6-utensili-multicolore.jpg","_links":{"self":[{"href":"https:\/\/dev6.erresse-shop.it\/fr\/wp-json\/wp\/v2\/product\/64583","targetHints":{"allow":["GET"]}}],"collection":[{"href":"https:\/\/dev6.erresse-shop.it\/fr\/wp-json\/wp\/v2\/product"}],"about":[{"href":"https:\/\/dev6.erresse-shop.it\/fr\/wp-json\/wp\/v2\/types\/product"}],"wp:featuredmedia":[{"embeddable":true,"href":"https:\/\/dev6.erresse-shop.it\/fr\/wp-json\/wp\/v2\/media\/6369033"}],"wp:attachment":[{"href":"https:\/\/dev6.erresse-shop.it\/fr\/wp-json\/wp\/v2\/media?parent=64583"}],"wp:term":[{"taxonomy":"product_cat","embeddable":true,"href":"https:\/\/dev6.erresse-shop.it\/fr\/wp-json\/wp\/v2\/product_cat?post=64583"},{"taxonomy":"product_tag","embeddable":true,"href":"https:\/\/dev6.erresse-shop.it\/fr\/wp-json\/wp\/v2\/product_tag?post=64583"}],"curies":[{"name":"wp","href":"https:\/\/api.w.org\/{rel}","templated":true}]}}