{"id":64580,"date":"2026-04-12T11:29:15","date_gmt":"2026-04-12T09:29:15","guid":{"rendered":"https:\/\/dev6.erresse-shop.it\/shop\/non%20class\u00e9\/joseph-joseph-elevate-carousel-steel-tool-set\/"},"modified":"2025-12-08T17:51:18","modified_gmt":"2025-12-08T16:51:18","slug":"joseph-joseph-elevate-carousel-steel-tool-set","status":"publish","type":"product","link":"https:\/\/dev6.erresse-shop.it\/fr\/shop\/cuisine\/outils\/joseph-joseph-elevate-carousel-steel-tool-set\/","title":{"rendered":"JOSEPH JOSEPH Elevate Carousel Steel Tool Set"},"content":{"rendered":"<p>Con\u00e7us avec des poign\u00e9es lest\u00e9es et des repose-ustensiles int\u00e9gr\u00e9s, nos ustensiles Elevate\u2122 minimisent l\u2019encombrement dans la cuisine en maintenant la t\u00eate de l\u2019ustensile sur\u00e9lev\u00e9e lorsqu\u2019il est pos\u00e9. Le carrousel Elevate\u2122 Steel comprend une cuill\u00e8re \u00e0 fente, un plateau tournant \u00e0 fente, une pince \u00e0 spaghetti, une cuill\u00e8re solide, une louche et une \u00e9cumoire, tous fabriqu\u00e9s en acier inoxydable durable et en silicone r\u00e9sistant \u00e0 la chaleur sur les poign\u00e9es. Le carrousel rotatif permet de saisir facilement chaque ustensile en cas de besoin.<\/p>\n<p>L\u2019ensemble comprend une cuill\u00e8re \u00e0 fente, une pince \u00e0 spaghetti, une cuill\u00e8re solide, une louche, une \u00e9cumoire et un carrousel rotatif.<br \/>\nLa technologie Elevate\u2122 est con\u00e7ue pour am\u00e9liorer l\u2019hygi\u00e8ne et r\u00e9duire le d\u00e9sordre.<br \/>\nLes poign\u00e9es lest\u00e9es et les repose-ustensiles int\u00e9gr\u00e9s emp\u00eachent la t\u00eate de l\u2019ustensile de toucher le plan de travail lorsqu\u2019elle est pos\u00e9e.<br \/>\nT\u00eates en acier inoxydable durables et r\u00e9sistantes \u00e0 la chaleur<br \/>\nPoign\u00e9es en silicone r\u00e9sistant \u00e0 la chaleur jusqu\u2019\u00e0 270\u00b0C \/ 520\u00b0F<\/p>\n<p>Entretien et utilisation :<\/p>\n<p>Lavable au lave-vaisselle<br \/>\nNe pas laisser les ustensiles dans les casseroles pendant la cuisson.<\/p>\n<p>Dimensions : H35 x L21,5 x P21cm :<\/p>\n<p>H35 x L21.5 x P21cm (H11 x L9 x D8\u00bd inches)<\/p>\n<p>Designer : Derek Roberts<\/p>\n","protected":false},"excerpt":{"rendered":"<p>Con\u00e7us avec des poign\u00e9es lest\u00e9es et des repose-ustensiles int\u00e9gr\u00e9s, nos ustensiles Elevate\u2122 minimisent l\u2019encombrement dans la cuisine en maintenant la t\u00eate de l\u2019ustensile sur\u00e9lev\u00e9e lorsqu\u2019il est pos\u00e9. Le carrousel Elevate\u2122 Steel comprend une cuill\u00e8re \u00e0 fente, un plateau tournant \u00e0 fente, une pince \u00e0 spaghetti, une cuill\u00e8re solide, une louche et une \u00e9cumoire, tous fabriqu\u00e9s [&hellip;]<\/p>\n","protected":false},"featured_media":6369025,"template":"","meta":{"_acf_changed":false},"product_cat":[11668,11992,12008],"product_tag":[],"class_list":{"0":"post-64580","1":"product","2":"type-product","3":"status-publish","4":"has-post-thumbnail","6":"product_cat-cucina","7":"product_cat-cuisine","8":"product_cat-outils","10":"first","11":"instock","12":"sale","13":"taxable","14":"shipping-taxable","15":"purchasable","16":"product-type-simple","swatches":"rey-swatches","show_selected":"","stretch_labels":"rey-swatches--stretch-labels"},"acf":[],"yoast_head":"<!-- This site is optimized with the Yoast SEO plugin v25.4 - https:\/\/yoast.com\/wordpress\/plugins\/seo\/ -->\n<title>JOSEPH JOSEPH Elevate Carousel Steel Tool Set - dev6 Erresse<\/title>\n<meta name=\"description\" content=\"Con\u00e7us avec des poign\u00e9es lest\u00e9es et des repose-ustensiles int\u00e9gr\u00e9s, nos ustensiles Elevate\u2122 minimisent l\u2019encombrement dans la cuisine en maintenant la\" \/>\n<meta name=\"robots\" content=\"noindex, follow, max-snippet:-1, max-image-preview:large, max-video-preview:-1\" \/>\n<meta property=\"og:locale\" content=\"fr_FR\" \/>\n<meta property=\"og:type\" content=\"article\" \/>\n<meta property=\"og:title\" content=\"JOSEPH JOSEPH Elevate Carousel Steel Tool Set - dev6 Erresse\" \/>\n<meta property=\"og:description\" content=\"Con\u00e7us avec des poign\u00e9es lest\u00e9es et des repose-ustensiles int\u00e9gr\u00e9s, nos ustensiles Elevate\u2122 minimisent l\u2019encombrement dans la cuisine en maintenant la\" \/>\n<meta property=\"og:url\" content=\"https:\/\/dev6.erresse-shop.it\/fr\/shop\/cuisine\/outils\/joseph-joseph-elevate-carousel-steel-tool-set\/\" \/>\n<meta property=\"og:site_name\" content=\"dev6 Erresse\" \/>\n<meta property=\"og:image\" content=\"https:\/\/interpim.erresse-shop.it\/Import\/Prodotti\/joseph-joseph-elevate-carousel-set-utensili-in-acciaio.jpg\" \/><meta property=\"og:image\" content=\"https:\/\/interpim.erresse-shop.it\/Import\/Prodotti\/joseph-joseph-elevate-carousel-set-utensili-in-acciaio.jpg\" \/>\n\t<meta property=\"og:image:width\" content=\"1024\" \/>\n\t<meta property=\"og:image:height\" content=\"1024\" \/>\n\t<meta property=\"og:image:type\" content=\"image\/jpeg\" \/>\n<meta name=\"twitter:card\" content=\"summary_large_image\" \/>\n<meta name=\"twitter:image\" content=\"https:\/\/interpim.erresse-shop.it\/Import\/Prodotti\/joseph-joseph-elevate-carousel-set-utensili-in-acciaio.jpg\" \/>\n<script type=\"application\/ld+json\" class=\"yoast-schema-graph\">{\"@context\":\"https:\/\/schema.org\",\"@graph\":[{\"@type\":\"WebPage\",\"@id\":\"https:\/\/dev6.erresse-shop.it\/fr\/shop\/cuisine\/outils\/joseph-joseph-elevate-carousel-steel-tool-set\/\",\"url\":\"https:\/\/dev6.erresse-shop.it\/fr\/shop\/cuisine\/outils\/joseph-joseph-elevate-carousel-steel-tool-set\/\",\"name\":\"JOSEPH JOSEPH Elevate Carousel Steel Tool Set - dev6 Erresse\",\"isPartOf\":{\"@id\":\"https:\/\/dev6.erresse-shop.it\/#website\"},\"primaryImageOfPage\":{\"@id\":\"https:\/\/dev6.erresse-shop.it\/fr\/shop\/cuisine\/outils\/joseph-joseph-elevate-carousel-steel-tool-set\/#primaryimage\"},\"image\":{\"@id\":\"https:\/\/dev6.erresse-shop.it\/fr\/shop\/cuisine\/outils\/joseph-joseph-elevate-carousel-steel-tool-set\/#primaryimage\"},\"thumbnailUrl\":\"https:\/\/i2.wp.com\/interpim.erresse-shop.it\/Import\/Prodotti\/joseph-joseph-elevate-carousel-set-utensili-in-acciaio.jpg?ssl=1\",\"datePublished\":\"2026-04-12T09:29:15+00:00\",\"description\":\"Con\u00e7us avec des poign\u00e9es lest\u00e9es et des repose-ustensiles int\u00e9gr\u00e9s, nos ustensiles Elevate\u2122 minimisent l\u2019encombrement dans la cuisine en maintenant la\",\"breadcrumb\":{\"@id\":\"https:\/\/dev6.erresse-shop.it\/fr\/shop\/cuisine\/outils\/joseph-joseph-elevate-carousel-steel-tool-set\/#breadcrumb\"},\"inLanguage\":\"fr-FR\",\"potentialAction\":[{\"@type\":\"ReadAction\",\"target\":[\"https:\/\/dev6.erresse-shop.it\/fr\/shop\/cuisine\/outils\/joseph-joseph-elevate-carousel-steel-tool-set\/\"]}]},{\"@type\":\"ImageObject\",\"inLanguage\":\"fr-FR\",\"@id\":\"https:\/\/dev6.erresse-shop.it\/fr\/shop\/cuisine\/outils\/joseph-joseph-elevate-carousel-steel-tool-set\/#primaryimage\",\"url\":\"https:\/\/i2.wp.com\/interpim.erresse-shop.it\/Import\/Prodotti\/joseph-joseph-elevate-carousel-set-utensili-in-acciaio.jpg?ssl=1\",\"contentUrl\":\"https:\/\/i2.wp.com\/interpim.erresse-shop.it\/Import\/Prodotti\/joseph-joseph-elevate-carousel-set-utensili-in-acciaio.jpg?ssl=1\"},{\"@type\":\"BreadcrumbList\",\"@id\":\"https:\/\/dev6.erresse-shop.it\/fr\/shop\/cuisine\/outils\/joseph-joseph-elevate-carousel-steel-tool-set\/#breadcrumb\",\"itemListElement\":[{\"@type\":\"ListItem\",\"position\":1,\"name\":\"Home\",\"item\":\"https:\/\/dev6.erresse-shop.it\/\"},{\"@type\":\"ListItem\",\"position\":2,\"name\":\"Boutique\",\"item\":\"https:\/\/dev6.erresse-shop.it\/shop\/\"},{\"@type\":\"ListItem\",\"position\":3,\"name\":\"JOSEPH JOSEPH Elevate Carousel Steel Tool Set\"}]},{\"@type\":\"WebSite\",\"@id\":\"https:\/\/dev6.erresse-shop.it\/#website\",\"url\":\"https:\/\/dev6.erresse-shop.it\/\",\"name\":\"Erresse Shop\",\"description\":\"\",\"publisher\":{\"@id\":\"https:\/\/dev6.erresse-shop.it\/#organization\"},\"potentialAction\":[{\"@type\":\"SearchAction\",\"target\":{\"@type\":\"EntryPoint\",\"urlTemplate\":\"https:\/\/dev6.erresse-shop.it\/?s={search_term_string}\"},\"query-input\":{\"@type\":\"PropertyValueSpecification\",\"valueRequired\":true,\"valueName\":\"search_term_string\"}}],\"inLanguage\":\"fr-FR\"},{\"@type\":\"Organization\",\"@id\":\"https:\/\/dev6.erresse-shop.it\/#organization\",\"name\":\"Erresse Shop\",\"url\":\"https:\/\/dev6.erresse-shop.it\/\",\"logo\":{\"@type\":\"ImageObject\",\"inLanguage\":\"fr-FR\",\"@id\":\"https:\/\/dev6.erresse-shop.it\/#\/schema\/logo\/image\/\",\"url\":\"https:\/\/dev6.erresse-shop.it\/wp-content\/uploads\/2025\/01\/LOGO-ERRESSE-CLASSICO.svg\",\"contentUrl\":\"https:\/\/dev6.erresse-shop.it\/wp-content\/uploads\/2025\/01\/LOGO-ERRESSE-CLASSICO.svg\",\"caption\":\"Erresse Shop\"},\"image\":{\"@id\":\"https:\/\/dev6.erresse-shop.it\/#\/schema\/logo\/image\/\"}}]}<\/script>\n<!-- \/ Yoast SEO plugin. -->","yoast_head_json":{"title":"JOSEPH JOSEPH Elevate Carousel Steel Tool Set - dev6 Erresse","description":"Con\u00e7us avec des poign\u00e9es lest\u00e9es et des repose-ustensiles int\u00e9gr\u00e9s, nos ustensiles Elevate\u2122 minimisent l\u2019encombrement dans la cuisine en maintenant la","robots":{"index":"noindex","follow":"follow","max-snippet":"max-snippet:-1","max-image-preview":"max-image-preview:large","max-video-preview":"max-video-preview:-1"},"og_locale":"fr_FR","og_type":"article","og_title":"JOSEPH JOSEPH Elevate Carousel Steel Tool Set - dev6 Erresse","og_description":"Con\u00e7us avec des poign\u00e9es lest\u00e9es et des repose-ustensiles int\u00e9gr\u00e9s, nos ustensiles Elevate\u2122 minimisent l\u2019encombrement dans la cuisine en maintenant la","og_url":"https:\/\/dev6.erresse-shop.it\/fr\/shop\/cuisine\/outils\/joseph-joseph-elevate-carousel-steel-tool-set\/","og_site_name":"dev6 Erresse","og_image":[{"url":"https:\/\/interpim.erresse-shop.it\/Import\/Prodotti\/joseph-joseph-elevate-carousel-set-utensili-in-acciaio.jpg","type":"","width":"","height":""},{"url":"https:\/\/interpim.erresse-shop.it\/Import\/Prodotti\/joseph-joseph-elevate-carousel-set-utensili-in-acciaio.jpg","width":1024,"height":1024,"type":"image\/jpeg"}],"twitter_card":"summary_large_image","twitter_image":"https:\/\/interpim.erresse-shop.it\/Import\/Prodotti\/joseph-joseph-elevate-carousel-set-utensili-in-acciaio.jpg","schema":{"@context":"https:\/\/schema.org","@graph":[{"@type":"WebPage","@id":"https:\/\/dev6.erresse-shop.it\/fr\/shop\/cuisine\/outils\/joseph-joseph-elevate-carousel-steel-tool-set\/","url":"https:\/\/dev6.erresse-shop.it\/fr\/shop\/cuisine\/outils\/joseph-joseph-elevate-carousel-steel-tool-set\/","name":"JOSEPH JOSEPH Elevate Carousel Steel Tool Set - dev6 Erresse","isPartOf":{"@id":"https:\/\/dev6.erresse-shop.it\/#website"},"primaryImageOfPage":{"@id":"https:\/\/dev6.erresse-shop.it\/fr\/shop\/cuisine\/outils\/joseph-joseph-elevate-carousel-steel-tool-set\/#primaryimage"},"image":{"@id":"https:\/\/dev6.erresse-shop.it\/fr\/shop\/cuisine\/outils\/joseph-joseph-elevate-carousel-steel-tool-set\/#primaryimage"},"thumbnailUrl":"https:\/\/i2.wp.com\/interpim.erresse-shop.it\/Import\/Prodotti\/joseph-joseph-elevate-carousel-set-utensili-in-acciaio.jpg?ssl=1","datePublished":"2026-04-12T09:29:15+00:00","description":"Con\u00e7us avec des poign\u00e9es lest\u00e9es et des repose-ustensiles int\u00e9gr\u00e9s, nos ustensiles Elevate\u2122 minimisent l\u2019encombrement dans la cuisine en maintenant la","breadcrumb":{"@id":"https:\/\/dev6.erresse-shop.it\/fr\/shop\/cuisine\/outils\/joseph-joseph-elevate-carousel-steel-tool-set\/#breadcrumb"},"inLanguage":"fr-FR","potentialAction":[{"@type":"ReadAction","target":["https:\/\/dev6.erresse-shop.it\/fr\/shop\/cuisine\/outils\/joseph-joseph-elevate-carousel-steel-tool-set\/"]}]},{"@type":"ImageObject","inLanguage":"fr-FR","@id":"https:\/\/dev6.erresse-shop.it\/fr\/shop\/cuisine\/outils\/joseph-joseph-elevate-carousel-steel-tool-set\/#primaryimage","url":"https:\/\/i2.wp.com\/interpim.erresse-shop.it\/Import\/Prodotti\/joseph-joseph-elevate-carousel-set-utensili-in-acciaio.jpg?ssl=1","contentUrl":"https:\/\/i2.wp.com\/interpim.erresse-shop.it\/Import\/Prodotti\/joseph-joseph-elevate-carousel-set-utensili-in-acciaio.jpg?ssl=1"},{"@type":"BreadcrumbList","@id":"https:\/\/dev6.erresse-shop.it\/fr\/shop\/cuisine\/outils\/joseph-joseph-elevate-carousel-steel-tool-set\/#breadcrumb","itemListElement":[{"@type":"ListItem","position":1,"name":"Home","item":"https:\/\/dev6.erresse-shop.it\/"},{"@type":"ListItem","position":2,"name":"Boutique","item":"https:\/\/dev6.erresse-shop.it\/shop\/"},{"@type":"ListItem","position":3,"name":"JOSEPH JOSEPH Elevate Carousel Steel Tool Set"}]},{"@type":"WebSite","@id":"https:\/\/dev6.erresse-shop.it\/#website","url":"https:\/\/dev6.erresse-shop.it\/","name":"Erresse Shop","description":"","publisher":{"@id":"https:\/\/dev6.erresse-shop.it\/#organization"},"potentialAction":[{"@type":"SearchAction","target":{"@type":"EntryPoint","urlTemplate":"https:\/\/dev6.erresse-shop.it\/?s={search_term_string}"},"query-input":{"@type":"PropertyValueSpecification","valueRequired":true,"valueName":"search_term_string"}}],"inLanguage":"fr-FR"},{"@type":"Organization","@id":"https:\/\/dev6.erresse-shop.it\/#organization","name":"Erresse Shop","url":"https:\/\/dev6.erresse-shop.it\/","logo":{"@type":"ImageObject","inLanguage":"fr-FR","@id":"https:\/\/dev6.erresse-shop.it\/#\/schema\/logo\/image\/","url":"https:\/\/dev6.erresse-shop.it\/wp-content\/uploads\/2025\/01\/LOGO-ERRESSE-CLASSICO.svg","contentUrl":"https:\/\/dev6.erresse-shop.it\/wp-content\/uploads\/2025\/01\/LOGO-ERRESSE-CLASSICO.svg","caption":"Erresse Shop"},"image":{"@id":"https:\/\/dev6.erresse-shop.it\/#\/schema\/logo\/image\/"}}]}},"df_price":119.95,"df_sale_price":119.95,"df_regular_price":149.99,"df_image_link":"https:\/\/i2.wp.com\/interpim.erresse-shop.it\/Import\/Prodotti\/joseph-joseph-elevate-carousel-set-utensili-in-acciaio.jpg?resize=300,300&ssl=1","fifu_image_url":"https:\/\/interpim.erresse-shop.it\/Import\/Prodotti\/joseph-joseph-elevate-carousel-set-utensili-in-acciaio.jpg","_links":{"self":[{"href":"https:\/\/dev6.erresse-shop.it\/fr\/wp-json\/wp\/v2\/product\/64580","targetHints":{"allow":["GET"]}}],"collection":[{"href":"https:\/\/dev6.erresse-shop.it\/fr\/wp-json\/wp\/v2\/product"}],"about":[{"href":"https:\/\/dev6.erresse-shop.it\/fr\/wp-json\/wp\/v2\/types\/product"}],"wp:featuredmedia":[{"embeddable":true,"href":"https:\/\/dev6.erresse-shop.it\/fr\/wp-json\/wp\/v2\/media\/6369025"}],"wp:attachment":[{"href":"https:\/\/dev6.erresse-shop.it\/fr\/wp-json\/wp\/v2\/media?parent=64580"}],"wp:term":[{"taxonomy":"product_cat","embeddable":true,"href":"https:\/\/dev6.erresse-shop.it\/fr\/wp-json\/wp\/v2\/product_cat?post=64580"},{"taxonomy":"product_tag","embeddable":true,"href":"https:\/\/dev6.erresse-shop.it\/fr\/wp-json\/wp\/v2\/product_tag?post=64580"}],"curies":[{"name":"wp","href":"https:\/\/api.w.org\/{rel}","templated":true}]}}