{"id":64577,"date":"2026-04-12T11:27:21","date_gmt":"2026-04-12T09:27:21","guid":{"rendered":"https:\/\/dev6.erresse-shop.it\/shop\/non%20class\u00e9\/joseph-joseph-barstar-tire-bouchon-3-en-1-gris\/"},"modified":"2025-09-14T05:44:44","modified_gmt":"2025-09-14T03:44:44","slug":"joseph-joseph-barstar-tire-bouchon-3-en-1-gris","status":"publish","type":"product","link":"https:\/\/dev6.erresse-shop.it\/fr\/shop\/table-fr-2\/vin\/tire-bouchons\/joseph-joseph-barstar-tire-bouchon-3-en-1-gris\/","title":{"rendered":"JOSEPH JOSEPH BarStar Tire-bouchon 3 en 1 Gris"},"content":{"rendered":"<p>Ce gadget pratique comprend un tire-bouchon, un d\u00e9capsuleur et un coupe-feuilles amovible, le tout dans un design compact et peu encombrant.<\/p>\n<p>Trois outils d\u2019ouverture de bouteille en un<br \/>\nTire-bouchon \u00e0 ouverture facile<br \/>\nCoupe-papier amovible<br \/>\nD\u00e9capsuleur<br \/>\nPeu encombrant<\/p>\n<p>Entretien et utilisation :<\/p>\n<p>Nettoyer avec un chiffon humide<br \/>\nAttention : pointe ac\u00e9r\u00e9e, \u00e0 manipuler avec pr\u00e9caution.<\/p>\n<p>Comment utiliser le tire-bouchon :<\/p>\n<p>Placez le coupe-bouchon sur le goulot de la bouteille, serrez les c\u00f4t\u00e9s et tournez pour couper.<br \/>\nRetirez la vis, poussez le support vers le bas sur le goulot de la bouteille et saisissez fermement les c\u00f4t\u00e9s.<br \/>\nReplacez la vis dans le support, poussez vers le bas et tournez dans le sens des aiguilles d\u2019une montre pour ins\u00e9rer le bouchon.<br \/>\nPour retirer le bouchon du support, serrez les c\u00f4t\u00e9s et tournez dans le sens inverse des aiguilles d\u2019une montre.<\/p>\n<p>Dimensions :<\/p>\n<p>H18.5 x L6 x P5cm (H7\u00bd x L2\u00bd x D2 pouces)<\/p>\n","protected":false},"excerpt":{"rendered":"<p>Ce gadget pratique comprend un tire-bouchon, un d\u00e9capsuleur et un coupe-feuilles amovible, le tout dans un design compact et peu encombrant. Trois outils d\u2019ouverture de bouteille en un Tire-bouchon \u00e0 ouverture facile Coupe-papier amovible D\u00e9capsuleur Peu encombrant Entretien et utilisation : Nettoyer avec un chiffon humide Attention : pointe ac\u00e9r\u00e9e, \u00e0 manipuler avec pr\u00e9caution. Comment [&hellip;]<\/p>\n","protected":false},"featured_media":6369007,"template":"","meta":{"_acf_changed":false},"product_cat":[11995,12080,12069],"product_tag":[],"class_list":{"0":"post-64577","1":"product","2":"type-product","3":"status-publish","4":"has-post-thumbnail","6":"product_cat-table-fr-2","7":"product_cat-tire-bouchons","8":"product_cat-vin","10":"first","11":"instock","12":"taxable","13":"shipping-taxable","14":"purchasable","15":"product-type-simple","swatches":"rey-swatches","show_selected":"","stretch_labels":"rey-swatches--stretch-labels"},"acf":[],"yoast_head":"<!-- This site is optimized with the Yoast SEO plugin v25.4 - https:\/\/yoast.com\/wordpress\/plugins\/seo\/ -->\n<title>JOSEPH JOSEPH BarStar Tire-bouchon 3 en 1 Gris - dev6 Erresse<\/title>\n<meta name=\"description\" content=\"Ce gadget pratique comprend un tire-bouchon, un d\u00e9capsuleur et un coupe-feuilles amovible, le tout dans un design compact et peu encombrant. Trois outils\" \/>\n<meta name=\"robots\" content=\"noindex, follow, max-snippet:-1, max-image-preview:large, max-video-preview:-1\" \/>\n<meta property=\"og:locale\" content=\"fr_FR\" \/>\n<meta property=\"og:type\" content=\"article\" \/>\n<meta property=\"og:title\" content=\"JOSEPH JOSEPH BarStar Tire-bouchon 3 en 1 Gris - dev6 Erresse\" \/>\n<meta property=\"og:description\" content=\"Ce gadget pratique comprend un tire-bouchon, un d\u00e9capsuleur et un coupe-feuilles amovible, le tout dans un design compact et peu encombrant. Trois outils\" \/>\n<meta property=\"og:url\" content=\"https:\/\/dev6.erresse-shop.it\/fr\/shop\/table-fr-2\/vin\/tire-bouchons\/joseph-joseph-barstar-tire-bouchon-3-en-1-gris\/\" \/>\n<meta property=\"og:site_name\" content=\"dev6 Erresse\" \/>\n<meta property=\"og:image\" content=\"https:\/\/interpim.erresse-shop.it\/Import\/Prodotti\/joseph-joseph-barstar.jpg\" \/><meta property=\"og:image\" content=\"https:\/\/interpim.erresse-shop.it\/Import\/Prodotti\/joseph-joseph-barstar.jpg\" \/>\n\t<meta property=\"og:image:width\" content=\"1024\" \/>\n\t<meta property=\"og:image:height\" content=\"1024\" \/>\n\t<meta property=\"og:image:type\" content=\"image\/jpeg\" \/>\n<meta name=\"twitter:card\" content=\"summary_large_image\" \/>\n<meta name=\"twitter:image\" content=\"https:\/\/interpim.erresse-shop.it\/Import\/Prodotti\/joseph-joseph-barstar.jpg\" \/>\n<script type=\"application\/ld+json\" class=\"yoast-schema-graph\">{\"@context\":\"https:\/\/schema.org\",\"@graph\":[{\"@type\":\"WebPage\",\"@id\":\"https:\/\/dev6.erresse-shop.it\/fr\/shop\/table-fr-2\/vin\/tire-bouchons\/joseph-joseph-barstar-tire-bouchon-3-en-1-gris\/\",\"url\":\"https:\/\/dev6.erresse-shop.it\/fr\/shop\/table-fr-2\/vin\/tire-bouchons\/joseph-joseph-barstar-tire-bouchon-3-en-1-gris\/\",\"name\":\"JOSEPH JOSEPH BarStar Tire-bouchon 3 en 1 Gris - dev6 Erresse\",\"isPartOf\":{\"@id\":\"https:\/\/dev6.erresse-shop.it\/#website\"},\"primaryImageOfPage\":{\"@id\":\"https:\/\/dev6.erresse-shop.it\/fr\/shop\/table-fr-2\/vin\/tire-bouchons\/joseph-joseph-barstar-tire-bouchon-3-en-1-gris\/#primaryimage\"},\"image\":{\"@id\":\"https:\/\/dev6.erresse-shop.it\/fr\/shop\/table-fr-2\/vin\/tire-bouchons\/joseph-joseph-barstar-tire-bouchon-3-en-1-gris\/#primaryimage\"},\"thumbnailUrl\":\"https:\/\/i1.wp.com\/interpim.erresse-shop.it\/Import\/Prodotti\/joseph-joseph-barstar.jpg?ssl=1\",\"datePublished\":\"2026-04-12T09:27:21+00:00\",\"description\":\"Ce gadget pratique comprend un tire-bouchon, un d\u00e9capsuleur et un coupe-feuilles amovible, le tout dans un design compact et peu encombrant. Trois outils\",\"breadcrumb\":{\"@id\":\"https:\/\/dev6.erresse-shop.it\/fr\/shop\/table-fr-2\/vin\/tire-bouchons\/joseph-joseph-barstar-tire-bouchon-3-en-1-gris\/#breadcrumb\"},\"inLanguage\":\"fr-FR\",\"potentialAction\":[{\"@type\":\"ReadAction\",\"target\":[\"https:\/\/dev6.erresse-shop.it\/fr\/shop\/table-fr-2\/vin\/tire-bouchons\/joseph-joseph-barstar-tire-bouchon-3-en-1-gris\/\"]}]},{\"@type\":\"ImageObject\",\"inLanguage\":\"fr-FR\",\"@id\":\"https:\/\/dev6.erresse-shop.it\/fr\/shop\/table-fr-2\/vin\/tire-bouchons\/joseph-joseph-barstar-tire-bouchon-3-en-1-gris\/#primaryimage\",\"url\":\"https:\/\/i1.wp.com\/interpim.erresse-shop.it\/Import\/Prodotti\/joseph-joseph-barstar.jpg?ssl=1\",\"contentUrl\":\"https:\/\/i1.wp.com\/interpim.erresse-shop.it\/Import\/Prodotti\/joseph-joseph-barstar.jpg?ssl=1\"},{\"@type\":\"BreadcrumbList\",\"@id\":\"https:\/\/dev6.erresse-shop.it\/fr\/shop\/table-fr-2\/vin\/tire-bouchons\/joseph-joseph-barstar-tire-bouchon-3-en-1-gris\/#breadcrumb\",\"itemListElement\":[{\"@type\":\"ListItem\",\"position\":1,\"name\":\"Home\",\"item\":\"https:\/\/dev6.erresse-shop.it\/\"},{\"@type\":\"ListItem\",\"position\":2,\"name\":\"Boutique\",\"item\":\"https:\/\/dev6.erresse-shop.it\/shop\/\"},{\"@type\":\"ListItem\",\"position\":3,\"name\":\"JOSEPH JOSEPH BarStar Tire-bouchon 3 en 1 Gris\"}]},{\"@type\":\"WebSite\",\"@id\":\"https:\/\/dev6.erresse-shop.it\/#website\",\"url\":\"https:\/\/dev6.erresse-shop.it\/\",\"name\":\"Erresse Shop\",\"description\":\"\",\"publisher\":{\"@id\":\"https:\/\/dev6.erresse-shop.it\/#organization\"},\"potentialAction\":[{\"@type\":\"SearchAction\",\"target\":{\"@type\":\"EntryPoint\",\"urlTemplate\":\"https:\/\/dev6.erresse-shop.it\/?s={search_term_string}\"},\"query-input\":{\"@type\":\"PropertyValueSpecification\",\"valueRequired\":true,\"valueName\":\"search_term_string\"}}],\"inLanguage\":\"fr-FR\"},{\"@type\":\"Organization\",\"@id\":\"https:\/\/dev6.erresse-shop.it\/#organization\",\"name\":\"Erresse Shop\",\"url\":\"https:\/\/dev6.erresse-shop.it\/\",\"logo\":{\"@type\":\"ImageObject\",\"inLanguage\":\"fr-FR\",\"@id\":\"https:\/\/dev6.erresse-shop.it\/#\/schema\/logo\/image\/\",\"url\":\"https:\/\/dev6.erresse-shop.it\/wp-content\/uploads\/2025\/01\/LOGO-ERRESSE-CLASSICO.svg\",\"contentUrl\":\"https:\/\/dev6.erresse-shop.it\/wp-content\/uploads\/2025\/01\/LOGO-ERRESSE-CLASSICO.svg\",\"caption\":\"Erresse Shop\"},\"image\":{\"@id\":\"https:\/\/dev6.erresse-shop.it\/#\/schema\/logo\/image\/\"}}]}<\/script>\n<!-- \/ Yoast SEO plugin. -->","yoast_head_json":{"title":"JOSEPH JOSEPH BarStar Tire-bouchon 3 en 1 Gris - dev6 Erresse","description":"Ce gadget pratique comprend un tire-bouchon, un d\u00e9capsuleur et un coupe-feuilles amovible, le tout dans un design compact et peu encombrant. Trois outils","robots":{"index":"noindex","follow":"follow","max-snippet":"max-snippet:-1","max-image-preview":"max-image-preview:large","max-video-preview":"max-video-preview:-1"},"og_locale":"fr_FR","og_type":"article","og_title":"JOSEPH JOSEPH BarStar Tire-bouchon 3 en 1 Gris - dev6 Erresse","og_description":"Ce gadget pratique comprend un tire-bouchon, un d\u00e9capsuleur et un coupe-feuilles amovible, le tout dans un design compact et peu encombrant. Trois outils","og_url":"https:\/\/dev6.erresse-shop.it\/fr\/shop\/table-fr-2\/vin\/tire-bouchons\/joseph-joseph-barstar-tire-bouchon-3-en-1-gris\/","og_site_name":"dev6 Erresse","og_image":[{"url":"https:\/\/interpim.erresse-shop.it\/Import\/Prodotti\/joseph-joseph-barstar.jpg","type":"","width":"","height":""},{"url":"https:\/\/interpim.erresse-shop.it\/Import\/Prodotti\/joseph-joseph-barstar.jpg","width":1024,"height":1024,"type":"image\/jpeg"}],"twitter_card":"summary_large_image","twitter_image":"https:\/\/interpim.erresse-shop.it\/Import\/Prodotti\/joseph-joseph-barstar.jpg","schema":{"@context":"https:\/\/schema.org","@graph":[{"@type":"WebPage","@id":"https:\/\/dev6.erresse-shop.it\/fr\/shop\/table-fr-2\/vin\/tire-bouchons\/joseph-joseph-barstar-tire-bouchon-3-en-1-gris\/","url":"https:\/\/dev6.erresse-shop.it\/fr\/shop\/table-fr-2\/vin\/tire-bouchons\/joseph-joseph-barstar-tire-bouchon-3-en-1-gris\/","name":"JOSEPH JOSEPH BarStar Tire-bouchon 3 en 1 Gris - dev6 Erresse","isPartOf":{"@id":"https:\/\/dev6.erresse-shop.it\/#website"},"primaryImageOfPage":{"@id":"https:\/\/dev6.erresse-shop.it\/fr\/shop\/table-fr-2\/vin\/tire-bouchons\/joseph-joseph-barstar-tire-bouchon-3-en-1-gris\/#primaryimage"},"image":{"@id":"https:\/\/dev6.erresse-shop.it\/fr\/shop\/table-fr-2\/vin\/tire-bouchons\/joseph-joseph-barstar-tire-bouchon-3-en-1-gris\/#primaryimage"},"thumbnailUrl":"https:\/\/i1.wp.com\/interpim.erresse-shop.it\/Import\/Prodotti\/joseph-joseph-barstar.jpg?ssl=1","datePublished":"2026-04-12T09:27:21+00:00","description":"Ce gadget pratique comprend un tire-bouchon, un d\u00e9capsuleur et un coupe-feuilles amovible, le tout dans un design compact et peu encombrant. Trois outils","breadcrumb":{"@id":"https:\/\/dev6.erresse-shop.it\/fr\/shop\/table-fr-2\/vin\/tire-bouchons\/joseph-joseph-barstar-tire-bouchon-3-en-1-gris\/#breadcrumb"},"inLanguage":"fr-FR","potentialAction":[{"@type":"ReadAction","target":["https:\/\/dev6.erresse-shop.it\/fr\/shop\/table-fr-2\/vin\/tire-bouchons\/joseph-joseph-barstar-tire-bouchon-3-en-1-gris\/"]}]},{"@type":"ImageObject","inLanguage":"fr-FR","@id":"https:\/\/dev6.erresse-shop.it\/fr\/shop\/table-fr-2\/vin\/tire-bouchons\/joseph-joseph-barstar-tire-bouchon-3-en-1-gris\/#primaryimage","url":"https:\/\/i1.wp.com\/interpim.erresse-shop.it\/Import\/Prodotti\/joseph-joseph-barstar.jpg?ssl=1","contentUrl":"https:\/\/i1.wp.com\/interpim.erresse-shop.it\/Import\/Prodotti\/joseph-joseph-barstar.jpg?ssl=1"},{"@type":"BreadcrumbList","@id":"https:\/\/dev6.erresse-shop.it\/fr\/shop\/table-fr-2\/vin\/tire-bouchons\/joseph-joseph-barstar-tire-bouchon-3-en-1-gris\/#breadcrumb","itemListElement":[{"@type":"ListItem","position":1,"name":"Home","item":"https:\/\/dev6.erresse-shop.it\/"},{"@type":"ListItem","position":2,"name":"Boutique","item":"https:\/\/dev6.erresse-shop.it\/shop\/"},{"@type":"ListItem","position":3,"name":"JOSEPH JOSEPH BarStar Tire-bouchon 3 en 1 Gris"}]},{"@type":"WebSite","@id":"https:\/\/dev6.erresse-shop.it\/#website","url":"https:\/\/dev6.erresse-shop.it\/","name":"Erresse Shop","description":"","publisher":{"@id":"https:\/\/dev6.erresse-shop.it\/#organization"},"potentialAction":[{"@type":"SearchAction","target":{"@type":"EntryPoint","urlTemplate":"https:\/\/dev6.erresse-shop.it\/?s={search_term_string}"},"query-input":{"@type":"PropertyValueSpecification","valueRequired":true,"valueName":"search_term_string"}}],"inLanguage":"fr-FR"},{"@type":"Organization","@id":"https:\/\/dev6.erresse-shop.it\/#organization","name":"Erresse Shop","url":"https:\/\/dev6.erresse-shop.it\/","logo":{"@type":"ImageObject","inLanguage":"fr-FR","@id":"https:\/\/dev6.erresse-shop.it\/#\/schema\/logo\/image\/","url":"https:\/\/dev6.erresse-shop.it\/wp-content\/uploads\/2025\/01\/LOGO-ERRESSE-CLASSICO.svg","contentUrl":"https:\/\/dev6.erresse-shop.it\/wp-content\/uploads\/2025\/01\/LOGO-ERRESSE-CLASSICO.svg","caption":"Erresse Shop"},"image":{"@id":"https:\/\/dev6.erresse-shop.it\/#\/schema\/logo\/image\/"}}]}},"df_price":14.99,"df_sale_price":"","df_regular_price":14.99,"df_image_link":"https:\/\/i1.wp.com\/interpim.erresse-shop.it\/Import\/Prodotti\/joseph-joseph-barstar.jpg?resize=300,300&ssl=1","fifu_image_url":"https:\/\/interpim.erresse-shop.it\/Import\/Prodotti\/joseph-joseph-barstar.jpg","_links":{"self":[{"href":"https:\/\/dev6.erresse-shop.it\/fr\/wp-json\/wp\/v2\/product\/64577","targetHints":{"allow":["GET"]}}],"collection":[{"href":"https:\/\/dev6.erresse-shop.it\/fr\/wp-json\/wp\/v2\/product"}],"about":[{"href":"https:\/\/dev6.erresse-shop.it\/fr\/wp-json\/wp\/v2\/types\/product"}],"wp:featuredmedia":[{"embeddable":true,"href":"https:\/\/dev6.erresse-shop.it\/fr\/wp-json\/wp\/v2\/media\/6369007"}],"wp:attachment":[{"href":"https:\/\/dev6.erresse-shop.it\/fr\/wp-json\/wp\/v2\/media?parent=64577"}],"wp:term":[{"taxonomy":"product_cat","embeddable":true,"href":"https:\/\/dev6.erresse-shop.it\/fr\/wp-json\/wp\/v2\/product_cat?post=64577"},{"taxonomy":"product_tag","embeddable":true,"href":"https:\/\/dev6.erresse-shop.it\/fr\/wp-json\/wp\/v2\/product_tag?post=64577"}],"curies":[{"name":"wp","href":"https:\/\/api.w.org\/{rel}","templated":true}]}}