{"id":64576,"date":"2026-04-12T11:27:21","date_gmt":"2026-04-12T09:27:21","guid":{"rendered":"https:\/\/dev6.erresse-shop.it\/shop\/non%20class\u00e9\/joseph-joseph-rocker-broyeur-dail-vert\/"},"modified":"2025-09-14T05:44:40","modified_gmt":"2025-09-14T03:44:40","slug":"joseph-joseph-rocker-broyeur-dail-vert","status":"publish","type":"product","link":"https:\/\/dev6.erresse-shop.it\/fr\/shop\/cuisine\/outils\/joseph-joseph-rocker-broyeur-dail-vert\/","title":{"rendered":"JOSEPH JOSEPH Rocker\u2122 Broyeur d&#8217;ail vert"},"content":{"rendered":"<p>Gr\u00e2ce \u00e0 une pression vers le bas et \u00e0 un mouvement de bascule, cet outil \u00e9l\u00e9gant \u00e9crase les gousses d\u2019ail rapidement et facilement, sans laisser d\u2019odeur d\u2019ail sur vos mains.<\/p>\n<p>\u00c9crase l\u2019ail en poussant et en balan\u00e7ant d\u2019avant en arri\u00e8re sur les gousses.<br \/>\nL\u2019ail \u00e9cras\u00e9 est recueilli dans un bol<br \/>\nPeut \u00eatre facilement vers\u00e9 dans la casserole<br \/>\nFacile \u00e0 nettoyer<\/p>\n<p>Entretien et utilisation :<\/p>\n<p>Lavable au lave-vaisselle<br \/>\nSans BPA<\/p>\n<p>Dimensions :<\/p>\n<p>H3 x L18.5 x P4cm (H\u00be x L7\u00bc x D1\u00bd pouces)<\/p>\n<p>Cr\u00e9ateur : Goodwin Hartshorn<\/p>\n","protected":false},"excerpt":{"rendered":"<p>Gr\u00e2ce \u00e0 une pression vers le bas et \u00e0 un mouvement de bascule, cet outil \u00e9l\u00e9gant \u00e9crase les gousses d\u2019ail rapidement et facilement, sans laisser d\u2019odeur d\u2019ail sur vos mains. \u00c9crase l\u2019ail en poussant et en balan\u00e7ant d\u2019avant en arri\u00e8re sur les gousses. L\u2019ail \u00e9cras\u00e9 est recueilli dans un bol Peut \u00eatre facilement vers\u00e9 dans [&hellip;]<\/p>\n","protected":false},"featured_media":6368994,"template":"","meta":{"_acf_changed":false},"product_cat":[11668,11992,12008],"product_tag":[],"class_list":{"0":"post-64576","1":"product","2":"type-product","3":"status-publish","4":"has-post-thumbnail","6":"product_cat-cucina","7":"product_cat-cuisine","8":"product_cat-outils","10":"first","11":"instock","12":"taxable","13":"shipping-taxable","14":"purchasable","15":"product-type-simple","swatches":"rey-swatches","show_selected":"","stretch_labels":"rey-swatches--stretch-labels"},"acf":[],"yoast_head":"<!-- This site is optimized with the Yoast SEO plugin v25.4 - https:\/\/yoast.com\/wordpress\/plugins\/seo\/ -->\n<title>JOSEPH JOSEPH Rocker\u2122 Broyeur d&#8217;ail vert - dev6 Erresse<\/title>\n<meta name=\"description\" content=\"Gr\u00e2ce \u00e0 une pression vers le bas et \u00e0 un mouvement de bascule, cet outil \u00e9l\u00e9gant \u00e9crase les gousses d\u2019ail rapidement et facilement, sans laisser d\u2019odeur\" \/>\n<meta name=\"robots\" content=\"noindex, follow, max-snippet:-1, max-image-preview:large, max-video-preview:-1\" \/>\n<meta property=\"og:locale\" content=\"fr_FR\" \/>\n<meta property=\"og:type\" content=\"article\" \/>\n<meta property=\"og:title\" content=\"JOSEPH JOSEPH Rocker\u2122 Broyeur d&#8217;ail vert - dev6 Erresse\" \/>\n<meta property=\"og:description\" content=\"Gr\u00e2ce \u00e0 une pression vers le bas et \u00e0 un mouvement de bascule, cet outil \u00e9l\u00e9gant \u00e9crase les gousses d\u2019ail rapidement et facilement, sans laisser d\u2019odeur\" \/>\n<meta property=\"og:url\" content=\"https:\/\/dev6.erresse-shop.it\/fr\/shop\/cuisine\/outils\/joseph-joseph-rocker-broyeur-dail-vert\/\" \/>\n<meta property=\"og:site_name\" content=\"dev6 Erresse\" \/>\n<meta property=\"og:image\" content=\"https:\/\/interpim.erresse-shop.it\/wp-content\/uploads\/2024\/07\/JOSEPH-JOSEPH-Rocker\u2122-Schiaccia-Aglio-Verde.png\/joseph-joseph-rocker-e2-84-a2-schiaccia-aglio-verde.png\" \/><meta property=\"og:image\" content=\"https:\/\/interpim.erresse-shop.it\/wp-content\/uploads\/2024\/07\/JOSEPH-JOSEPH-Rocker\u2122-Schiaccia-Aglio-Verde.png\/joseph-joseph-rocker-e2-84-a2-schiaccia-aglio-verde.png\" \/>\n\t<meta property=\"og:image:width\" content=\"1024\" \/>\n\t<meta property=\"og:image:height\" content=\"1024\" \/>\n\t<meta property=\"og:image:type\" content=\"image\/jpeg\" \/>\n<meta name=\"twitter:card\" content=\"summary_large_image\" \/>\n<meta name=\"twitter:image\" content=\"https:\/\/interpim.erresse-shop.it\/wp-content\/uploads\/2024\/07\/JOSEPH-JOSEPH-Rocker\u2122-Schiaccia-Aglio-Verde.png\/joseph-joseph-rocker-e2-84-a2-schiaccia-aglio-verde.png\" \/>\n<script type=\"application\/ld+json\" class=\"yoast-schema-graph\">{\"@context\":\"https:\/\/schema.org\",\"@graph\":[{\"@type\":\"WebPage\",\"@id\":\"https:\/\/dev6.erresse-shop.it\/fr\/shop\/cuisine\/outils\/joseph-joseph-rocker-broyeur-dail-vert\/\",\"url\":\"https:\/\/dev6.erresse-shop.it\/fr\/shop\/cuisine\/outils\/joseph-joseph-rocker-broyeur-dail-vert\/\",\"name\":\"JOSEPH JOSEPH Rocker\u2122 Broyeur d&#8217;ail vert - dev6 Erresse\",\"isPartOf\":{\"@id\":\"https:\/\/dev6.erresse-shop.it\/#website\"},\"primaryImageOfPage\":{\"@id\":\"https:\/\/dev6.erresse-shop.it\/fr\/shop\/cuisine\/outils\/joseph-joseph-rocker-broyeur-dail-vert\/#primaryimage\"},\"image\":{\"@id\":\"https:\/\/dev6.erresse-shop.it\/fr\/shop\/cuisine\/outils\/joseph-joseph-rocker-broyeur-dail-vert\/#primaryimage\"},\"thumbnailUrl\":\"https:\/\/i2.wp.com\/interpim.erresse-shop.it\/wp-content\/uploads\/2024\/07\/JOSEPH-JOSEPH-Rocker\u2122-Schiaccia-Aglio-Verde.png\/joseph-joseph-rocker-e2-84-a2-schiaccia-aglio-verde.png?ssl=1\",\"datePublished\":\"2026-04-12T09:27:21+00:00\",\"description\":\"Gr\u00e2ce \u00e0 une pression vers le bas et \u00e0 un mouvement de bascule, cet outil \u00e9l\u00e9gant \u00e9crase les gousses d\u2019ail rapidement et facilement, sans laisser d\u2019odeur\",\"breadcrumb\":{\"@id\":\"https:\/\/dev6.erresse-shop.it\/fr\/shop\/cuisine\/outils\/joseph-joseph-rocker-broyeur-dail-vert\/#breadcrumb\"},\"inLanguage\":\"fr-FR\",\"potentialAction\":[{\"@type\":\"ReadAction\",\"target\":[\"https:\/\/dev6.erresse-shop.it\/fr\/shop\/cuisine\/outils\/joseph-joseph-rocker-broyeur-dail-vert\/\"]}]},{\"@type\":\"ImageObject\",\"inLanguage\":\"fr-FR\",\"@id\":\"https:\/\/dev6.erresse-shop.it\/fr\/shop\/cuisine\/outils\/joseph-joseph-rocker-broyeur-dail-vert\/#primaryimage\",\"url\":\"https:\/\/i2.wp.com\/interpim.erresse-shop.it\/wp-content\/uploads\/2024\/07\/JOSEPH-JOSEPH-Rocker\u2122-Schiaccia-Aglio-Verde.png\/joseph-joseph-rocker-e2-84-a2-schiaccia-aglio-verde.png?ssl=1\",\"contentUrl\":\"https:\/\/i2.wp.com\/interpim.erresse-shop.it\/wp-content\/uploads\/2024\/07\/JOSEPH-JOSEPH-Rocker\u2122-Schiaccia-Aglio-Verde.png\/joseph-joseph-rocker-e2-84-a2-schiaccia-aglio-verde.png?ssl=1\"},{\"@type\":\"BreadcrumbList\",\"@id\":\"https:\/\/dev6.erresse-shop.it\/fr\/shop\/cuisine\/outils\/joseph-joseph-rocker-broyeur-dail-vert\/#breadcrumb\",\"itemListElement\":[{\"@type\":\"ListItem\",\"position\":1,\"name\":\"Home\",\"item\":\"https:\/\/dev6.erresse-shop.it\/\"},{\"@type\":\"ListItem\",\"position\":2,\"name\":\"Boutique\",\"item\":\"https:\/\/dev6.erresse-shop.it\/shop\/\"},{\"@type\":\"ListItem\",\"position\":3,\"name\":\"JOSEPH JOSEPH Rocker\u2122 Broyeur d&#8217;ail vert\"}]},{\"@type\":\"WebSite\",\"@id\":\"https:\/\/dev6.erresse-shop.it\/#website\",\"url\":\"https:\/\/dev6.erresse-shop.it\/\",\"name\":\"Erresse Shop\",\"description\":\"\",\"publisher\":{\"@id\":\"https:\/\/dev6.erresse-shop.it\/#organization\"},\"potentialAction\":[{\"@type\":\"SearchAction\",\"target\":{\"@type\":\"EntryPoint\",\"urlTemplate\":\"https:\/\/dev6.erresse-shop.it\/?s={search_term_string}\"},\"query-input\":{\"@type\":\"PropertyValueSpecification\",\"valueRequired\":true,\"valueName\":\"search_term_string\"}}],\"inLanguage\":\"fr-FR\"},{\"@type\":\"Organization\",\"@id\":\"https:\/\/dev6.erresse-shop.it\/#organization\",\"name\":\"Erresse Shop\",\"url\":\"https:\/\/dev6.erresse-shop.it\/\",\"logo\":{\"@type\":\"ImageObject\",\"inLanguage\":\"fr-FR\",\"@id\":\"https:\/\/dev6.erresse-shop.it\/#\/schema\/logo\/image\/\",\"url\":\"https:\/\/dev6.erresse-shop.it\/wp-content\/uploads\/2025\/01\/LOGO-ERRESSE-CLASSICO.svg\",\"contentUrl\":\"https:\/\/dev6.erresse-shop.it\/wp-content\/uploads\/2025\/01\/LOGO-ERRESSE-CLASSICO.svg\",\"caption\":\"Erresse Shop\"},\"image\":{\"@id\":\"https:\/\/dev6.erresse-shop.it\/#\/schema\/logo\/image\/\"}}]}<\/script>\n<!-- \/ Yoast SEO plugin. -->","yoast_head_json":{"title":"JOSEPH JOSEPH Rocker\u2122 Broyeur d&#8217;ail vert - dev6 Erresse","description":"Gr\u00e2ce \u00e0 une pression vers le bas et \u00e0 un mouvement de bascule, cet outil \u00e9l\u00e9gant \u00e9crase les gousses d\u2019ail rapidement et facilement, sans laisser d\u2019odeur","robots":{"index":"noindex","follow":"follow","max-snippet":"max-snippet:-1","max-image-preview":"max-image-preview:large","max-video-preview":"max-video-preview:-1"},"og_locale":"fr_FR","og_type":"article","og_title":"JOSEPH JOSEPH Rocker\u2122 Broyeur d&#8217;ail vert - dev6 Erresse","og_description":"Gr\u00e2ce \u00e0 une pression vers le bas et \u00e0 un mouvement de bascule, cet outil \u00e9l\u00e9gant \u00e9crase les gousses d\u2019ail rapidement et facilement, sans laisser d\u2019odeur","og_url":"https:\/\/dev6.erresse-shop.it\/fr\/shop\/cuisine\/outils\/joseph-joseph-rocker-broyeur-dail-vert\/","og_site_name":"dev6 Erresse","og_image":[{"url":"https:\/\/interpim.erresse-shop.it\/wp-content\/uploads\/2024\/07\/JOSEPH-JOSEPH-Rocker\u2122-Schiaccia-Aglio-Verde.png\/joseph-joseph-rocker-e2-84-a2-schiaccia-aglio-verde.png","type":"","width":"","height":""},{"url":"https:\/\/interpim.erresse-shop.it\/wp-content\/uploads\/2024\/07\/JOSEPH-JOSEPH-Rocker\u2122-Schiaccia-Aglio-Verde.png\/joseph-joseph-rocker-e2-84-a2-schiaccia-aglio-verde.png","width":1024,"height":1024,"type":"image\/jpeg"}],"twitter_card":"summary_large_image","twitter_image":"https:\/\/interpim.erresse-shop.it\/wp-content\/uploads\/2024\/07\/JOSEPH-JOSEPH-Rocker\u2122-Schiaccia-Aglio-Verde.png\/joseph-joseph-rocker-e2-84-a2-schiaccia-aglio-verde.png","schema":{"@context":"https:\/\/schema.org","@graph":[{"@type":"WebPage","@id":"https:\/\/dev6.erresse-shop.it\/fr\/shop\/cuisine\/outils\/joseph-joseph-rocker-broyeur-dail-vert\/","url":"https:\/\/dev6.erresse-shop.it\/fr\/shop\/cuisine\/outils\/joseph-joseph-rocker-broyeur-dail-vert\/","name":"JOSEPH JOSEPH Rocker\u2122 Broyeur d&#8217;ail vert - dev6 Erresse","isPartOf":{"@id":"https:\/\/dev6.erresse-shop.it\/#website"},"primaryImageOfPage":{"@id":"https:\/\/dev6.erresse-shop.it\/fr\/shop\/cuisine\/outils\/joseph-joseph-rocker-broyeur-dail-vert\/#primaryimage"},"image":{"@id":"https:\/\/dev6.erresse-shop.it\/fr\/shop\/cuisine\/outils\/joseph-joseph-rocker-broyeur-dail-vert\/#primaryimage"},"thumbnailUrl":"https:\/\/i2.wp.com\/interpim.erresse-shop.it\/wp-content\/uploads\/2024\/07\/JOSEPH-JOSEPH-Rocker\u2122-Schiaccia-Aglio-Verde.png\/joseph-joseph-rocker-e2-84-a2-schiaccia-aglio-verde.png?ssl=1","datePublished":"2026-04-12T09:27:21+00:00","description":"Gr\u00e2ce \u00e0 une pression vers le bas et \u00e0 un mouvement de bascule, cet outil \u00e9l\u00e9gant \u00e9crase les gousses d\u2019ail rapidement et facilement, sans laisser d\u2019odeur","breadcrumb":{"@id":"https:\/\/dev6.erresse-shop.it\/fr\/shop\/cuisine\/outils\/joseph-joseph-rocker-broyeur-dail-vert\/#breadcrumb"},"inLanguage":"fr-FR","potentialAction":[{"@type":"ReadAction","target":["https:\/\/dev6.erresse-shop.it\/fr\/shop\/cuisine\/outils\/joseph-joseph-rocker-broyeur-dail-vert\/"]}]},{"@type":"ImageObject","inLanguage":"fr-FR","@id":"https:\/\/dev6.erresse-shop.it\/fr\/shop\/cuisine\/outils\/joseph-joseph-rocker-broyeur-dail-vert\/#primaryimage","url":"https:\/\/i2.wp.com\/interpim.erresse-shop.it\/wp-content\/uploads\/2024\/07\/JOSEPH-JOSEPH-Rocker\u2122-Schiaccia-Aglio-Verde.png\/joseph-joseph-rocker-e2-84-a2-schiaccia-aglio-verde.png?ssl=1","contentUrl":"https:\/\/i2.wp.com\/interpim.erresse-shop.it\/wp-content\/uploads\/2024\/07\/JOSEPH-JOSEPH-Rocker\u2122-Schiaccia-Aglio-Verde.png\/joseph-joseph-rocker-e2-84-a2-schiaccia-aglio-verde.png?ssl=1"},{"@type":"BreadcrumbList","@id":"https:\/\/dev6.erresse-shop.it\/fr\/shop\/cuisine\/outils\/joseph-joseph-rocker-broyeur-dail-vert\/#breadcrumb","itemListElement":[{"@type":"ListItem","position":1,"name":"Home","item":"https:\/\/dev6.erresse-shop.it\/"},{"@type":"ListItem","position":2,"name":"Boutique","item":"https:\/\/dev6.erresse-shop.it\/shop\/"},{"@type":"ListItem","position":3,"name":"JOSEPH JOSEPH Rocker\u2122 Broyeur d&#8217;ail vert"}]},{"@type":"WebSite","@id":"https:\/\/dev6.erresse-shop.it\/#website","url":"https:\/\/dev6.erresse-shop.it\/","name":"Erresse Shop","description":"","publisher":{"@id":"https:\/\/dev6.erresse-shop.it\/#organization"},"potentialAction":[{"@type":"SearchAction","target":{"@type":"EntryPoint","urlTemplate":"https:\/\/dev6.erresse-shop.it\/?s={search_term_string}"},"query-input":{"@type":"PropertyValueSpecification","valueRequired":true,"valueName":"search_term_string"}}],"inLanguage":"fr-FR"},{"@type":"Organization","@id":"https:\/\/dev6.erresse-shop.it\/#organization","name":"Erresse Shop","url":"https:\/\/dev6.erresse-shop.it\/","logo":{"@type":"ImageObject","inLanguage":"fr-FR","@id":"https:\/\/dev6.erresse-shop.it\/#\/schema\/logo\/image\/","url":"https:\/\/dev6.erresse-shop.it\/wp-content\/uploads\/2025\/01\/LOGO-ERRESSE-CLASSICO.svg","contentUrl":"https:\/\/dev6.erresse-shop.it\/wp-content\/uploads\/2025\/01\/LOGO-ERRESSE-CLASSICO.svg","caption":"Erresse Shop"},"image":{"@id":"https:\/\/dev6.erresse-shop.it\/#\/schema\/logo\/image\/"}}]}},"df_price":14.99,"df_sale_price":"","df_regular_price":14.99,"df_image_link":"https:\/\/i2.wp.com\/interpim.erresse-shop.it\/wp-content\/uploads\/2024\/07\/JOSEPH-JOSEPH-Rocker\u2122-Schiaccia-Aglio-Verde.png\/joseph-joseph-rocker-e2-84-a2-schiaccia-aglio-verde.png?resize=300,300&ssl=1","fifu_image_url":"https:\/\/interpim.erresse-shop.it\/wp-content\/uploads\/2024\/07\/JOSEPH-JOSEPH-Rocker\u2122-Schiaccia-Aglio-Verde.png\/joseph-joseph-rocker-e2-84-a2-schiaccia-aglio-verde.png","_links":{"self":[{"href":"https:\/\/dev6.erresse-shop.it\/fr\/wp-json\/wp\/v2\/product\/64576","targetHints":{"allow":["GET"]}}],"collection":[{"href":"https:\/\/dev6.erresse-shop.it\/fr\/wp-json\/wp\/v2\/product"}],"about":[{"href":"https:\/\/dev6.erresse-shop.it\/fr\/wp-json\/wp\/v2\/types\/product"}],"wp:featuredmedia":[{"embeddable":true,"href":"https:\/\/dev6.erresse-shop.it\/fr\/wp-json\/wp\/v2\/media\/6368994"}],"wp:attachment":[{"href":"https:\/\/dev6.erresse-shop.it\/fr\/wp-json\/wp\/v2\/media?parent=64576"}],"wp:term":[{"taxonomy":"product_cat","embeddable":true,"href":"https:\/\/dev6.erresse-shop.it\/fr\/wp-json\/wp\/v2\/product_cat?post=64576"},{"taxonomy":"product_tag","embeddable":true,"href":"https:\/\/dev6.erresse-shop.it\/fr\/wp-json\/wp\/v2\/product_tag?post=64576"}],"curies":[{"name":"wp","href":"https:\/\/api.w.org\/{rel}","templated":true}]}}