{"id":64575,"date":"2026-04-04T11:24:43","date_gmt":"2026-04-04T09:24:43","guid":{"rendered":"https:\/\/dev6.erresse-shop.it\/shop\/non%20class\u00e9\/joseph-joseph-goavocado-3-in-1-avocado-tool-vert\/"},"modified":"2025-09-14T05:44:36","modified_gmt":"2025-09-14T03:44:36","slug":"joseph-joseph-goavocado-3-in-1-avocado-tool-vert","status":"publish","type":"product","link":"https:\/\/dev6.erresse-shop.it\/fr\/shop\/cuisine\/outils\/joseph-joseph-goavocado-3-in-1-avocado-tool-vert\/","title":{"rendered":"JOSEPH JOSEPH GoAvocado\u2122 3-in-1 Avocado Tool Vert"},"content":{"rendered":"<p>Cet outil pour avocats vous permet de couper, d\u00e9noyauter, trancher et \u00e9mincer les avocats en toute s\u00e9curit\u00e9, le tout dans un seul gadget pratique.<\/p>\n<p>Couper, d\u00e9noyauter et trancher en un seul outil<br \/>\nT\u00eate polyvalente permettant de trancher et d\u2019\u00e9vider<br \/>\nPince en acier inoxydable pour retirer le noyau en toute s\u00e9curit\u00e9<br \/>\nLame en plastique pliable pour un rangement s\u00fbr<br \/>\nPoign\u00e9e ergonomique \u00e0 prise souple<\/p>\n<p>Entretien et utilisation :<\/p>\n<p>Lavable au lave-vaisselle<br \/>\nSans BPA<\/p>\n<p>Dimensions :\u00a0<\/p>\n<p>H18 x W6.6 x D1.8 cm (H7 x W2\u00be x D\u00be inches)<\/p>\n","protected":false},"excerpt":{"rendered":"<p>Cet outil pour avocats vous permet de couper, d\u00e9noyauter, trancher et \u00e9mincer les avocats en toute s\u00e9curit\u00e9, le tout dans un seul gadget pratique. Couper, d\u00e9noyauter et trancher en un seul outil T\u00eate polyvalente permettant de trancher et d\u2019\u00e9vider Pince en acier inoxydable pour retirer le noyau en toute s\u00e9curit\u00e9 Lame en plastique pliable pour [&hellip;]<\/p>\n","protected":false},"featured_media":6285714,"template":"","meta":{"_acf_changed":false},"product_cat":[11668,11992,12008],"product_tag":[],"class_list":{"0":"post-64575","1":"product","2":"type-product","3":"status-publish","4":"has-post-thumbnail","6":"product_cat-cucina","7":"product_cat-cuisine","8":"product_cat-outils","10":"first","11":"instock","12":"taxable","13":"shipping-taxable","14":"purchasable","15":"product-type-simple","swatches":"rey-swatches","show_selected":"","stretch_labels":"rey-swatches--stretch-labels"},"acf":[],"yoast_head":"<!-- This site is optimized with the Yoast SEO plugin v25.4 - https:\/\/yoast.com\/wordpress\/plugins\/seo\/ -->\n<title>JOSEPH JOSEPH GoAvocado\u2122 3-in-1 Avocado Tool Vert - dev6 Erresse<\/title>\n<meta name=\"description\" content=\"Cet outil pour avocats vous permet de couper, d\u00e9noyauter, trancher et \u00e9mincer les avocats en toute s\u00e9curit\u00e9, le tout dans un seul gadget pratique. Couper,\" \/>\n<meta name=\"robots\" content=\"noindex, follow, max-snippet:-1, max-image-preview:large, max-video-preview:-1\" \/>\n<meta property=\"og:locale\" content=\"fr_FR\" \/>\n<meta property=\"og:type\" content=\"article\" \/>\n<meta property=\"og:title\" content=\"JOSEPH JOSEPH GoAvocado\u2122 3-in-1 Avocado Tool Vert - dev6 Erresse\" \/>\n<meta property=\"og:description\" content=\"Cet outil pour avocats vous permet de couper, d\u00e9noyauter, trancher et \u00e9mincer les avocats en toute s\u00e9curit\u00e9, le tout dans un seul gadget pratique. Couper,\" \/>\n<meta property=\"og:url\" content=\"https:\/\/dev6.erresse-shop.it\/fr\/shop\/cuisine\/outils\/joseph-joseph-goavocado-3-in-1-avocado-tool-vert\/\" \/>\n<meta property=\"og:site_name\" content=\"dev6 Erresse\" \/>\n<meta property=\"og:image\" content=\"https:\/\/interpim.erresse-shop.it\/wp-content\/uploads\/2024\/07\/JOSEPH-JOSEPH-GoAvocado\u2122-Strumento-3-in-1-per-Avocado-Verde.jpg\/joseph-joseph-goavocado-e2-84-a2-strumento-3-in-1-per-avocado-verde.jpg\" \/><meta property=\"og:image\" content=\"https:\/\/interpim.erresse-shop.it\/wp-content\/uploads\/2024\/07\/JOSEPH-JOSEPH-GoAvocado\u2122-Strumento-3-in-1-per-Avocado-Verde.jpg\/joseph-joseph-goavocado-e2-84-a2-strumento-3-in-1-per-avocado-verde.jpg\" \/>\n\t<meta property=\"og:image:width\" content=\"1024\" \/>\n\t<meta property=\"og:image:height\" content=\"1024\" \/>\n\t<meta property=\"og:image:type\" content=\"image\/jpeg\" \/>\n<meta name=\"twitter:card\" content=\"summary_large_image\" \/>\n<meta name=\"twitter:image\" content=\"https:\/\/interpim.erresse-shop.it\/wp-content\/uploads\/2024\/07\/JOSEPH-JOSEPH-GoAvocado\u2122-Strumento-3-in-1-per-Avocado-Verde.jpg\/joseph-joseph-goavocado-e2-84-a2-strumento-3-in-1-per-avocado-verde.jpg\" \/>\n<script type=\"application\/ld+json\" class=\"yoast-schema-graph\">{\"@context\":\"https:\/\/schema.org\",\"@graph\":[{\"@type\":\"WebPage\",\"@id\":\"https:\/\/dev6.erresse-shop.it\/fr\/shop\/cuisine\/outils\/joseph-joseph-goavocado-3-in-1-avocado-tool-vert\/\",\"url\":\"https:\/\/dev6.erresse-shop.it\/fr\/shop\/cuisine\/outils\/joseph-joseph-goavocado-3-in-1-avocado-tool-vert\/\",\"name\":\"JOSEPH JOSEPH GoAvocado\u2122 3-in-1 Avocado Tool Vert - dev6 Erresse\",\"isPartOf\":{\"@id\":\"https:\/\/dev6.erresse-shop.it\/#website\"},\"primaryImageOfPage\":{\"@id\":\"https:\/\/dev6.erresse-shop.it\/fr\/shop\/cuisine\/outils\/joseph-joseph-goavocado-3-in-1-avocado-tool-vert\/#primaryimage\"},\"image\":{\"@id\":\"https:\/\/dev6.erresse-shop.it\/fr\/shop\/cuisine\/outils\/joseph-joseph-goavocado-3-in-1-avocado-tool-vert\/#primaryimage\"},\"thumbnailUrl\":\"https:\/\/i0.wp.com\/interpim.erresse-shop.it\/wp-content\/uploads\/2024\/07\/JOSEPH-JOSEPH-GoAvocado\u2122-Strumento-3-in-1-per-Avocado-Verde.jpg\/joseph-joseph-goavocado-e2-84-a2-strumento-3-in-1-per-avocado-verde.jpg?ssl=1\",\"datePublished\":\"2026-04-04T09:24:43+00:00\",\"description\":\"Cet outil pour avocats vous permet de couper, d\u00e9noyauter, trancher et \u00e9mincer les avocats en toute s\u00e9curit\u00e9, le tout dans un seul gadget pratique. Couper,\",\"breadcrumb\":{\"@id\":\"https:\/\/dev6.erresse-shop.it\/fr\/shop\/cuisine\/outils\/joseph-joseph-goavocado-3-in-1-avocado-tool-vert\/#breadcrumb\"},\"inLanguage\":\"fr-FR\",\"potentialAction\":[{\"@type\":\"ReadAction\",\"target\":[\"https:\/\/dev6.erresse-shop.it\/fr\/shop\/cuisine\/outils\/joseph-joseph-goavocado-3-in-1-avocado-tool-vert\/\"]}]},{\"@type\":\"ImageObject\",\"inLanguage\":\"fr-FR\",\"@id\":\"https:\/\/dev6.erresse-shop.it\/fr\/shop\/cuisine\/outils\/joseph-joseph-goavocado-3-in-1-avocado-tool-vert\/#primaryimage\",\"url\":\"https:\/\/i0.wp.com\/interpim.erresse-shop.it\/wp-content\/uploads\/2024\/07\/JOSEPH-JOSEPH-GoAvocado\u2122-Strumento-3-in-1-per-Avocado-Verde.jpg\/joseph-joseph-goavocado-e2-84-a2-strumento-3-in-1-per-avocado-verde.jpg?ssl=1\",\"contentUrl\":\"https:\/\/i0.wp.com\/interpim.erresse-shop.it\/wp-content\/uploads\/2024\/07\/JOSEPH-JOSEPH-GoAvocado\u2122-Strumento-3-in-1-per-Avocado-Verde.jpg\/joseph-joseph-goavocado-e2-84-a2-strumento-3-in-1-per-avocado-verde.jpg?ssl=1\"},{\"@type\":\"BreadcrumbList\",\"@id\":\"https:\/\/dev6.erresse-shop.it\/fr\/shop\/cuisine\/outils\/joseph-joseph-goavocado-3-in-1-avocado-tool-vert\/#breadcrumb\",\"itemListElement\":[{\"@type\":\"ListItem\",\"position\":1,\"name\":\"Home\",\"item\":\"https:\/\/dev6.erresse-shop.it\/\"},{\"@type\":\"ListItem\",\"position\":2,\"name\":\"Boutique\",\"item\":\"https:\/\/dev6.erresse-shop.it\/shop\/\"},{\"@type\":\"ListItem\",\"position\":3,\"name\":\"JOSEPH JOSEPH GoAvocado\u2122 3-in-1 Avocado Tool Vert\"}]},{\"@type\":\"WebSite\",\"@id\":\"https:\/\/dev6.erresse-shop.it\/#website\",\"url\":\"https:\/\/dev6.erresse-shop.it\/\",\"name\":\"Erresse Shop\",\"description\":\"\",\"publisher\":{\"@id\":\"https:\/\/dev6.erresse-shop.it\/#organization\"},\"potentialAction\":[{\"@type\":\"SearchAction\",\"target\":{\"@type\":\"EntryPoint\",\"urlTemplate\":\"https:\/\/dev6.erresse-shop.it\/?s={search_term_string}\"},\"query-input\":{\"@type\":\"PropertyValueSpecification\",\"valueRequired\":true,\"valueName\":\"search_term_string\"}}],\"inLanguage\":\"fr-FR\"},{\"@type\":\"Organization\",\"@id\":\"https:\/\/dev6.erresse-shop.it\/#organization\",\"name\":\"Erresse Shop\",\"url\":\"https:\/\/dev6.erresse-shop.it\/\",\"logo\":{\"@type\":\"ImageObject\",\"inLanguage\":\"fr-FR\",\"@id\":\"https:\/\/dev6.erresse-shop.it\/#\/schema\/logo\/image\/\",\"url\":\"https:\/\/dev6.erresse-shop.it\/wp-content\/uploads\/2025\/01\/LOGO-ERRESSE-CLASSICO.svg\",\"contentUrl\":\"https:\/\/dev6.erresse-shop.it\/wp-content\/uploads\/2025\/01\/LOGO-ERRESSE-CLASSICO.svg\",\"caption\":\"Erresse Shop\"},\"image\":{\"@id\":\"https:\/\/dev6.erresse-shop.it\/#\/schema\/logo\/image\/\"}}]}<\/script>\n<!-- \/ Yoast SEO plugin. -->","yoast_head_json":{"title":"JOSEPH JOSEPH GoAvocado\u2122 3-in-1 Avocado Tool Vert - dev6 Erresse","description":"Cet outil pour avocats vous permet de couper, d\u00e9noyauter, trancher et \u00e9mincer les avocats en toute s\u00e9curit\u00e9, le tout dans un seul gadget pratique. Couper,","robots":{"index":"noindex","follow":"follow","max-snippet":"max-snippet:-1","max-image-preview":"max-image-preview:large","max-video-preview":"max-video-preview:-1"},"og_locale":"fr_FR","og_type":"article","og_title":"JOSEPH JOSEPH GoAvocado\u2122 3-in-1 Avocado Tool Vert - dev6 Erresse","og_description":"Cet outil pour avocats vous permet de couper, d\u00e9noyauter, trancher et \u00e9mincer les avocats en toute s\u00e9curit\u00e9, le tout dans un seul gadget pratique. Couper,","og_url":"https:\/\/dev6.erresse-shop.it\/fr\/shop\/cuisine\/outils\/joseph-joseph-goavocado-3-in-1-avocado-tool-vert\/","og_site_name":"dev6 Erresse","og_image":[{"url":"https:\/\/interpim.erresse-shop.it\/wp-content\/uploads\/2024\/07\/JOSEPH-JOSEPH-GoAvocado\u2122-Strumento-3-in-1-per-Avocado-Verde.jpg\/joseph-joseph-goavocado-e2-84-a2-strumento-3-in-1-per-avocado-verde.jpg","type":"","width":"","height":""},{"url":"https:\/\/interpim.erresse-shop.it\/wp-content\/uploads\/2024\/07\/JOSEPH-JOSEPH-GoAvocado\u2122-Strumento-3-in-1-per-Avocado-Verde.jpg\/joseph-joseph-goavocado-e2-84-a2-strumento-3-in-1-per-avocado-verde.jpg","width":1024,"height":1024,"type":"image\/jpeg"}],"twitter_card":"summary_large_image","twitter_image":"https:\/\/interpim.erresse-shop.it\/wp-content\/uploads\/2024\/07\/JOSEPH-JOSEPH-GoAvocado\u2122-Strumento-3-in-1-per-Avocado-Verde.jpg\/joseph-joseph-goavocado-e2-84-a2-strumento-3-in-1-per-avocado-verde.jpg","schema":{"@context":"https:\/\/schema.org","@graph":[{"@type":"WebPage","@id":"https:\/\/dev6.erresse-shop.it\/fr\/shop\/cuisine\/outils\/joseph-joseph-goavocado-3-in-1-avocado-tool-vert\/","url":"https:\/\/dev6.erresse-shop.it\/fr\/shop\/cuisine\/outils\/joseph-joseph-goavocado-3-in-1-avocado-tool-vert\/","name":"JOSEPH JOSEPH GoAvocado\u2122 3-in-1 Avocado Tool Vert - dev6 Erresse","isPartOf":{"@id":"https:\/\/dev6.erresse-shop.it\/#website"},"primaryImageOfPage":{"@id":"https:\/\/dev6.erresse-shop.it\/fr\/shop\/cuisine\/outils\/joseph-joseph-goavocado-3-in-1-avocado-tool-vert\/#primaryimage"},"image":{"@id":"https:\/\/dev6.erresse-shop.it\/fr\/shop\/cuisine\/outils\/joseph-joseph-goavocado-3-in-1-avocado-tool-vert\/#primaryimage"},"thumbnailUrl":"https:\/\/i0.wp.com\/interpim.erresse-shop.it\/wp-content\/uploads\/2024\/07\/JOSEPH-JOSEPH-GoAvocado\u2122-Strumento-3-in-1-per-Avocado-Verde.jpg\/joseph-joseph-goavocado-e2-84-a2-strumento-3-in-1-per-avocado-verde.jpg?ssl=1","datePublished":"2026-04-04T09:24:43+00:00","description":"Cet outil pour avocats vous permet de couper, d\u00e9noyauter, trancher et \u00e9mincer les avocats en toute s\u00e9curit\u00e9, le tout dans un seul gadget pratique. Couper,","breadcrumb":{"@id":"https:\/\/dev6.erresse-shop.it\/fr\/shop\/cuisine\/outils\/joseph-joseph-goavocado-3-in-1-avocado-tool-vert\/#breadcrumb"},"inLanguage":"fr-FR","potentialAction":[{"@type":"ReadAction","target":["https:\/\/dev6.erresse-shop.it\/fr\/shop\/cuisine\/outils\/joseph-joseph-goavocado-3-in-1-avocado-tool-vert\/"]}]},{"@type":"ImageObject","inLanguage":"fr-FR","@id":"https:\/\/dev6.erresse-shop.it\/fr\/shop\/cuisine\/outils\/joseph-joseph-goavocado-3-in-1-avocado-tool-vert\/#primaryimage","url":"https:\/\/i0.wp.com\/interpim.erresse-shop.it\/wp-content\/uploads\/2024\/07\/JOSEPH-JOSEPH-GoAvocado\u2122-Strumento-3-in-1-per-Avocado-Verde.jpg\/joseph-joseph-goavocado-e2-84-a2-strumento-3-in-1-per-avocado-verde.jpg?ssl=1","contentUrl":"https:\/\/i0.wp.com\/interpim.erresse-shop.it\/wp-content\/uploads\/2024\/07\/JOSEPH-JOSEPH-GoAvocado\u2122-Strumento-3-in-1-per-Avocado-Verde.jpg\/joseph-joseph-goavocado-e2-84-a2-strumento-3-in-1-per-avocado-verde.jpg?ssl=1"},{"@type":"BreadcrumbList","@id":"https:\/\/dev6.erresse-shop.it\/fr\/shop\/cuisine\/outils\/joseph-joseph-goavocado-3-in-1-avocado-tool-vert\/#breadcrumb","itemListElement":[{"@type":"ListItem","position":1,"name":"Home","item":"https:\/\/dev6.erresse-shop.it\/"},{"@type":"ListItem","position":2,"name":"Boutique","item":"https:\/\/dev6.erresse-shop.it\/shop\/"},{"@type":"ListItem","position":3,"name":"JOSEPH JOSEPH GoAvocado\u2122 3-in-1 Avocado Tool Vert"}]},{"@type":"WebSite","@id":"https:\/\/dev6.erresse-shop.it\/#website","url":"https:\/\/dev6.erresse-shop.it\/","name":"Erresse Shop","description":"","publisher":{"@id":"https:\/\/dev6.erresse-shop.it\/#organization"},"potentialAction":[{"@type":"SearchAction","target":{"@type":"EntryPoint","urlTemplate":"https:\/\/dev6.erresse-shop.it\/?s={search_term_string}"},"query-input":{"@type":"PropertyValueSpecification","valueRequired":true,"valueName":"search_term_string"}}],"inLanguage":"fr-FR"},{"@type":"Organization","@id":"https:\/\/dev6.erresse-shop.it\/#organization","name":"Erresse Shop","url":"https:\/\/dev6.erresse-shop.it\/","logo":{"@type":"ImageObject","inLanguage":"fr-FR","@id":"https:\/\/dev6.erresse-shop.it\/#\/schema\/logo\/image\/","url":"https:\/\/dev6.erresse-shop.it\/wp-content\/uploads\/2025\/01\/LOGO-ERRESSE-CLASSICO.svg","contentUrl":"https:\/\/dev6.erresse-shop.it\/wp-content\/uploads\/2025\/01\/LOGO-ERRESSE-CLASSICO.svg","caption":"Erresse Shop"},"image":{"@id":"https:\/\/dev6.erresse-shop.it\/#\/schema\/logo\/image\/"}}]}},"df_price":9.99,"df_sale_price":"","df_regular_price":9.99,"df_image_link":"https:\/\/i0.wp.com\/interpim.erresse-shop.it\/wp-content\/uploads\/2024\/07\/JOSEPH-JOSEPH-GoAvocado\u2122-Strumento-3-in-1-per-Avocado-Verde.jpg\/joseph-joseph-goavocado-e2-84-a2-strumento-3-in-1-per-avocado-verde.jpg?resize=300,300&ssl=1","fifu_image_url":"https:\/\/interpim.erresse-shop.it\/wp-content\/uploads\/2024\/07\/JOSEPH-JOSEPH-GoAvocado\u2122-Strumento-3-in-1-per-Avocado-Verde.jpg\/joseph-joseph-goavocado-e2-84-a2-strumento-3-in-1-per-avocado-verde.jpg","_links":{"self":[{"href":"https:\/\/dev6.erresse-shop.it\/fr\/wp-json\/wp\/v2\/product\/64575","targetHints":{"allow":["GET"]}}],"collection":[{"href":"https:\/\/dev6.erresse-shop.it\/fr\/wp-json\/wp\/v2\/product"}],"about":[{"href":"https:\/\/dev6.erresse-shop.it\/fr\/wp-json\/wp\/v2\/types\/product"}],"wp:featuredmedia":[{"embeddable":true,"href":"https:\/\/dev6.erresse-shop.it\/fr\/wp-json\/wp\/v2\/media\/6285714"}],"wp:attachment":[{"href":"https:\/\/dev6.erresse-shop.it\/fr\/wp-json\/wp\/v2\/media?parent=64575"}],"wp:term":[{"taxonomy":"product_cat","embeddable":true,"href":"https:\/\/dev6.erresse-shop.it\/fr\/wp-json\/wp\/v2\/product_cat?post=64575"},{"taxonomy":"product_tag","embeddable":true,"href":"https:\/\/dev6.erresse-shop.it\/fr\/wp-json\/wp\/v2\/product_tag?post=64575"}],"curies":[{"name":"wp","href":"https:\/\/api.w.org\/{rel}","templated":true}]}}