{"id":64570,"date":"2026-04-12T14:52:25","date_gmt":"2026-04-12T12:52:25","guid":{"rendered":"https:\/\/dev6.erresse-shop.it\/shop\/non%20class\u00e9\/joseph-joseph-multi-prep-salad-prep-set-4-pieces-multicolour\/"},"modified":"2025-12-08T17:52:21","modified_gmt":"2025-12-08T16:52:21","slug":"joseph-joseph-multi-prep-salad-prep-set-4-pieces-multicolour","status":"publish","type":"product","link":"https:\/\/dev6.erresse-shop.it\/fr\/shop\/cuisine\/accessoires-fr\/joseph-joseph-multi-prep-salad-prep-set-4-pieces-multicolour\/","title":{"rendered":"JOSEPH JOSEPH Multi-Prep\u2122 Salad Prep Set 4 Pieces Multicolour"},"content":{"rendered":"<p>Multi-Prep\u2122 r\u00e9unit tout ce dont vous avez besoin pour cr\u00e9er de d\u00e9licieuses salades dans un design intelligent. Il comprend quatre disques interchangeables pour diff\u00e9rentes t\u00e2ches de pr\u00e9paration de salades, notamment l\u2019essorage, la spiralisation, le r\u00e2page et le tranchage. Une fois la pr\u00e9paration termin\u00e9e, tout s\u2019empile proprement dans le bol pour un rangement compact.<\/p>\n<p>Comprend quatre disques interchangeables pour diff\u00e9rentes t\u00e2ches : essoreuse \u00e0 salade, spiraliseur, \u00e9minceur et r\u00e2pe.<br \/>\nIl suffit d\u2019ins\u00e9rer le disque souhait\u00e9 dans le couvercle<br \/>\nComprend un prot\u00e8ge-doigts pour trancher et couper en spirale en toute s\u00e9curit\u00e9.<br \/>\nBase antid\u00e9rapante<br \/>\nLes accessoires s\u2019empilent dans le bol principal pour un rangement compact.<\/p>\n<p>Entretien et utilisation :<\/p>\n<p>Lavage \u00e0 la main uniquement<br \/>\nAttention : lames tranchantes \u2013 \u00e0 manipuler avec pr\u00e9caution<br \/>\nNe pas approcher les doigts des lames pendant l\u2019utilisation et le nettoyage<br \/>\nTenir hors de port\u00e9e des enfants<br \/>\nPour la pr\u00e9paration des aliments uniquement \u2013 ne convient pas au stockage des aliments<br \/>\nNe convient pas \u00e0 la cuisson au micro-ondes<br \/>\nSans BPA<\/p>\n<p>Dimensions :\u00a0<\/p>\n<p>H15.5 x L24 x P24 cm (H6\u00bc x L9\u00bd x D9\u00bd pouces)<\/p>\n","protected":false},"excerpt":{"rendered":"<p>Multi-Prep\u2122 r\u00e9unit tout ce dont vous avez besoin pour cr\u00e9er de d\u00e9licieuses salades dans un design intelligent. Il comprend quatre disques interchangeables pour diff\u00e9rentes t\u00e2ches de pr\u00e9paration de salades, notamment l\u2019essorage, la spiralisation, le r\u00e2page et le tranchage. Une fois la pr\u00e9paration termin\u00e9e, tout s\u2019empile proprement dans le bol pour un rangement compact. Comprend quatre [&hellip;]<\/p>\n","protected":false},"featured_media":6381416,"template":"","meta":{"_acf_changed":false},"product_cat":[12057,11733,11668,11992],"product_tag":[],"class_list":{"0":"post-64570","1":"product","2":"type-product","3":"status-publish","4":"has-post-thumbnail","6":"product_cat-accessoires-fr","7":"product_cat-accessori-cucina","8":"product_cat-cucina","9":"product_cat-cuisine","11":"first","12":"instock","13":"sale","14":"taxable","15":"shipping-taxable","16":"purchasable","17":"product-type-simple","swatches":"rey-swatches","show_selected":"","stretch_labels":"rey-swatches--stretch-labels"},"acf":[],"yoast_head":"<!-- This site is optimized with the Yoast SEO plugin v25.4 - https:\/\/yoast.com\/wordpress\/plugins\/seo\/ -->\n<title>JOSEPH JOSEPH Multi-Prep\u2122 Salad Prep Set 4 Pieces Multicolour - dev6 Erresse<\/title>\n<meta name=\"description\" content=\"Multi-Prep\u2122 r\u00e9unit tout ce dont vous avez besoin pour cr\u00e9er de d\u00e9licieuses salades dans un design intelligent. Il comprend quatre disques interchangeables\" \/>\n<meta name=\"robots\" content=\"noindex, follow, max-snippet:-1, max-image-preview:large, max-video-preview:-1\" \/>\n<meta property=\"og:locale\" content=\"fr_FR\" \/>\n<meta property=\"og:type\" content=\"article\" \/>\n<meta property=\"og:title\" content=\"JOSEPH JOSEPH Multi-Prep\u2122 Salad Prep Set 4 Pieces Multicolour - dev6 Erresse\" \/>\n<meta property=\"og:description\" content=\"Multi-Prep\u2122 r\u00e9unit tout ce dont vous avez besoin pour cr\u00e9er de d\u00e9licieuses salades dans un design intelligent. Il comprend quatre disques interchangeables\" \/>\n<meta property=\"og:url\" content=\"https:\/\/dev6.erresse-shop.it\/fr\/shop\/cuisine\/accessoires-fr\/joseph-joseph-multi-prep-salad-prep-set-4-pieces-multicolour\/\" \/>\n<meta property=\"og:site_name\" content=\"dev6 Erresse\" \/>\n<meta property=\"og:image\" content=\"https:\/\/interpim.erresse-shop.it\/wp-content\/uploads\/2024\/07\/JOSEPH-JOSEPH-Multi-Prep\u2122-Set-4-Pezzi-Preparazione-Insalata-Multicolore.jpg\/joseph-joseph-multi-prep-e2-84-a2-set-4-pezzi-preparazione-insalata-multicolore.jpg\" \/><meta property=\"og:image\" content=\"https:\/\/interpim.erresse-shop.it\/wp-content\/uploads\/2024\/07\/JOSEPH-JOSEPH-Multi-Prep\u2122-Set-4-Pezzi-Preparazione-Insalata-Multicolore.jpg\/joseph-joseph-multi-prep-e2-84-a2-set-4-pezzi-preparazione-insalata-multicolore.jpg\" \/>\n\t<meta property=\"og:image:width\" content=\"1024\" \/>\n\t<meta property=\"og:image:height\" content=\"1024\" \/>\n\t<meta property=\"og:image:type\" content=\"image\/jpeg\" \/>\n<meta name=\"twitter:card\" content=\"summary_large_image\" \/>\n<meta name=\"twitter:image\" content=\"https:\/\/interpim.erresse-shop.it\/wp-content\/uploads\/2024\/07\/JOSEPH-JOSEPH-Multi-Prep\u2122-Set-4-Pezzi-Preparazione-Insalata-Multicolore.jpg\/joseph-joseph-multi-prep-e2-84-a2-set-4-pezzi-preparazione-insalata-multicolore.jpg\" \/>\n<script type=\"application\/ld+json\" class=\"yoast-schema-graph\">{\"@context\":\"https:\/\/schema.org\",\"@graph\":[{\"@type\":\"WebPage\",\"@id\":\"https:\/\/dev6.erresse-shop.it\/fr\/shop\/cuisine\/accessoires-fr\/joseph-joseph-multi-prep-salad-prep-set-4-pieces-multicolour\/\",\"url\":\"https:\/\/dev6.erresse-shop.it\/fr\/shop\/cuisine\/accessoires-fr\/joseph-joseph-multi-prep-salad-prep-set-4-pieces-multicolour\/\",\"name\":\"JOSEPH JOSEPH Multi-Prep\u2122 Salad Prep Set 4 Pieces Multicolour - dev6 Erresse\",\"isPartOf\":{\"@id\":\"https:\/\/dev6.erresse-shop.it\/#website\"},\"primaryImageOfPage\":{\"@id\":\"https:\/\/dev6.erresse-shop.it\/fr\/shop\/cuisine\/accessoires-fr\/joseph-joseph-multi-prep-salad-prep-set-4-pieces-multicolour\/#primaryimage\"},\"image\":{\"@id\":\"https:\/\/dev6.erresse-shop.it\/fr\/shop\/cuisine\/accessoires-fr\/joseph-joseph-multi-prep-salad-prep-set-4-pieces-multicolour\/#primaryimage\"},\"thumbnailUrl\":\"https:\/\/i3.wp.com\/interpim.erresse-shop.it\/wp-content\/uploads\/2024\/07\/JOSEPH-JOSEPH-Multi-Prep\u2122-Set-4-Pezzi-Preparazione-Insalata-Multicolore.jpg\/joseph-joseph-multi-prep-e2-84-a2-set-4-pezzi-preparazione-insalata-multicolore.jpg?ssl=1\",\"datePublished\":\"2026-04-12T12:52:25+00:00\",\"description\":\"Multi-Prep\u2122 r\u00e9unit tout ce dont vous avez besoin pour cr\u00e9er de d\u00e9licieuses salades dans un design intelligent. Il comprend quatre disques interchangeables\",\"breadcrumb\":{\"@id\":\"https:\/\/dev6.erresse-shop.it\/fr\/shop\/cuisine\/accessoires-fr\/joseph-joseph-multi-prep-salad-prep-set-4-pieces-multicolour\/#breadcrumb\"},\"inLanguage\":\"fr-FR\",\"potentialAction\":[{\"@type\":\"ReadAction\",\"target\":[\"https:\/\/dev6.erresse-shop.it\/fr\/shop\/cuisine\/accessoires-fr\/joseph-joseph-multi-prep-salad-prep-set-4-pieces-multicolour\/\"]}]},{\"@type\":\"ImageObject\",\"inLanguage\":\"fr-FR\",\"@id\":\"https:\/\/dev6.erresse-shop.it\/fr\/shop\/cuisine\/accessoires-fr\/joseph-joseph-multi-prep-salad-prep-set-4-pieces-multicolour\/#primaryimage\",\"url\":\"https:\/\/i3.wp.com\/interpim.erresse-shop.it\/wp-content\/uploads\/2024\/07\/JOSEPH-JOSEPH-Multi-Prep\u2122-Set-4-Pezzi-Preparazione-Insalata-Multicolore.jpg\/joseph-joseph-multi-prep-e2-84-a2-set-4-pezzi-preparazione-insalata-multicolore.jpg?ssl=1\",\"contentUrl\":\"https:\/\/i3.wp.com\/interpim.erresse-shop.it\/wp-content\/uploads\/2024\/07\/JOSEPH-JOSEPH-Multi-Prep\u2122-Set-4-Pezzi-Preparazione-Insalata-Multicolore.jpg\/joseph-joseph-multi-prep-e2-84-a2-set-4-pezzi-preparazione-insalata-multicolore.jpg?ssl=1\"},{\"@type\":\"BreadcrumbList\",\"@id\":\"https:\/\/dev6.erresse-shop.it\/fr\/shop\/cuisine\/accessoires-fr\/joseph-joseph-multi-prep-salad-prep-set-4-pieces-multicolour\/#breadcrumb\",\"itemListElement\":[{\"@type\":\"ListItem\",\"position\":1,\"name\":\"Home\",\"item\":\"https:\/\/dev6.erresse-shop.it\/\"},{\"@type\":\"ListItem\",\"position\":2,\"name\":\"Boutique\",\"item\":\"https:\/\/dev6.erresse-shop.it\/shop\/\"},{\"@type\":\"ListItem\",\"position\":3,\"name\":\"JOSEPH JOSEPH Multi-Prep\u2122 Salad Prep Set 4 Pieces Multicolour\"}]},{\"@type\":\"WebSite\",\"@id\":\"https:\/\/dev6.erresse-shop.it\/#website\",\"url\":\"https:\/\/dev6.erresse-shop.it\/\",\"name\":\"Erresse Shop\",\"description\":\"\",\"publisher\":{\"@id\":\"https:\/\/dev6.erresse-shop.it\/#organization\"},\"potentialAction\":[{\"@type\":\"SearchAction\",\"target\":{\"@type\":\"EntryPoint\",\"urlTemplate\":\"https:\/\/dev6.erresse-shop.it\/?s={search_term_string}\"},\"query-input\":{\"@type\":\"PropertyValueSpecification\",\"valueRequired\":true,\"valueName\":\"search_term_string\"}}],\"inLanguage\":\"fr-FR\"},{\"@type\":\"Organization\",\"@id\":\"https:\/\/dev6.erresse-shop.it\/#organization\",\"name\":\"Erresse Shop\",\"url\":\"https:\/\/dev6.erresse-shop.it\/\",\"logo\":{\"@type\":\"ImageObject\",\"inLanguage\":\"fr-FR\",\"@id\":\"https:\/\/dev6.erresse-shop.it\/#\/schema\/logo\/image\/\",\"url\":\"https:\/\/dev6.erresse-shop.it\/wp-content\/uploads\/2025\/01\/LOGO-ERRESSE-CLASSICO.svg\",\"contentUrl\":\"https:\/\/dev6.erresse-shop.it\/wp-content\/uploads\/2025\/01\/LOGO-ERRESSE-CLASSICO.svg\",\"caption\":\"Erresse Shop\"},\"image\":{\"@id\":\"https:\/\/dev6.erresse-shop.it\/#\/schema\/logo\/image\/\"}}]}<\/script>\n<!-- \/ Yoast SEO plugin. -->","yoast_head_json":{"title":"JOSEPH JOSEPH Multi-Prep\u2122 Salad Prep Set 4 Pieces Multicolour - dev6 Erresse","description":"Multi-Prep\u2122 r\u00e9unit tout ce dont vous avez besoin pour cr\u00e9er de d\u00e9licieuses salades dans un design intelligent. Il comprend quatre disques interchangeables","robots":{"index":"noindex","follow":"follow","max-snippet":"max-snippet:-1","max-image-preview":"max-image-preview:large","max-video-preview":"max-video-preview:-1"},"og_locale":"fr_FR","og_type":"article","og_title":"JOSEPH JOSEPH Multi-Prep\u2122 Salad Prep Set 4 Pieces Multicolour - dev6 Erresse","og_description":"Multi-Prep\u2122 r\u00e9unit tout ce dont vous avez besoin pour cr\u00e9er de d\u00e9licieuses salades dans un design intelligent. Il comprend quatre disques interchangeables","og_url":"https:\/\/dev6.erresse-shop.it\/fr\/shop\/cuisine\/accessoires-fr\/joseph-joseph-multi-prep-salad-prep-set-4-pieces-multicolour\/","og_site_name":"dev6 Erresse","og_image":[{"url":"https:\/\/interpim.erresse-shop.it\/wp-content\/uploads\/2024\/07\/JOSEPH-JOSEPH-Multi-Prep\u2122-Set-4-Pezzi-Preparazione-Insalata-Multicolore.jpg\/joseph-joseph-multi-prep-e2-84-a2-set-4-pezzi-preparazione-insalata-multicolore.jpg","type":"","width":"","height":""},{"url":"https:\/\/interpim.erresse-shop.it\/wp-content\/uploads\/2024\/07\/JOSEPH-JOSEPH-Multi-Prep\u2122-Set-4-Pezzi-Preparazione-Insalata-Multicolore.jpg\/joseph-joseph-multi-prep-e2-84-a2-set-4-pezzi-preparazione-insalata-multicolore.jpg","width":1024,"height":1024,"type":"image\/jpeg"}],"twitter_card":"summary_large_image","twitter_image":"https:\/\/interpim.erresse-shop.it\/wp-content\/uploads\/2024\/07\/JOSEPH-JOSEPH-Multi-Prep\u2122-Set-4-Pezzi-Preparazione-Insalata-Multicolore.jpg\/joseph-joseph-multi-prep-e2-84-a2-set-4-pezzi-preparazione-insalata-multicolore.jpg","schema":{"@context":"https:\/\/schema.org","@graph":[{"@type":"WebPage","@id":"https:\/\/dev6.erresse-shop.it\/fr\/shop\/cuisine\/accessoires-fr\/joseph-joseph-multi-prep-salad-prep-set-4-pieces-multicolour\/","url":"https:\/\/dev6.erresse-shop.it\/fr\/shop\/cuisine\/accessoires-fr\/joseph-joseph-multi-prep-salad-prep-set-4-pieces-multicolour\/","name":"JOSEPH JOSEPH Multi-Prep\u2122 Salad Prep Set 4 Pieces Multicolour - dev6 Erresse","isPartOf":{"@id":"https:\/\/dev6.erresse-shop.it\/#website"},"primaryImageOfPage":{"@id":"https:\/\/dev6.erresse-shop.it\/fr\/shop\/cuisine\/accessoires-fr\/joseph-joseph-multi-prep-salad-prep-set-4-pieces-multicolour\/#primaryimage"},"image":{"@id":"https:\/\/dev6.erresse-shop.it\/fr\/shop\/cuisine\/accessoires-fr\/joseph-joseph-multi-prep-salad-prep-set-4-pieces-multicolour\/#primaryimage"},"thumbnailUrl":"https:\/\/i3.wp.com\/interpim.erresse-shop.it\/wp-content\/uploads\/2024\/07\/JOSEPH-JOSEPH-Multi-Prep\u2122-Set-4-Pezzi-Preparazione-Insalata-Multicolore.jpg\/joseph-joseph-multi-prep-e2-84-a2-set-4-pezzi-preparazione-insalata-multicolore.jpg?ssl=1","datePublished":"2026-04-12T12:52:25+00:00","description":"Multi-Prep\u2122 r\u00e9unit tout ce dont vous avez besoin pour cr\u00e9er de d\u00e9licieuses salades dans un design intelligent. Il comprend quatre disques interchangeables","breadcrumb":{"@id":"https:\/\/dev6.erresse-shop.it\/fr\/shop\/cuisine\/accessoires-fr\/joseph-joseph-multi-prep-salad-prep-set-4-pieces-multicolour\/#breadcrumb"},"inLanguage":"fr-FR","potentialAction":[{"@type":"ReadAction","target":["https:\/\/dev6.erresse-shop.it\/fr\/shop\/cuisine\/accessoires-fr\/joseph-joseph-multi-prep-salad-prep-set-4-pieces-multicolour\/"]}]},{"@type":"ImageObject","inLanguage":"fr-FR","@id":"https:\/\/dev6.erresse-shop.it\/fr\/shop\/cuisine\/accessoires-fr\/joseph-joseph-multi-prep-salad-prep-set-4-pieces-multicolour\/#primaryimage","url":"https:\/\/i3.wp.com\/interpim.erresse-shop.it\/wp-content\/uploads\/2024\/07\/JOSEPH-JOSEPH-Multi-Prep\u2122-Set-4-Pezzi-Preparazione-Insalata-Multicolore.jpg\/joseph-joseph-multi-prep-e2-84-a2-set-4-pezzi-preparazione-insalata-multicolore.jpg?ssl=1","contentUrl":"https:\/\/i3.wp.com\/interpim.erresse-shop.it\/wp-content\/uploads\/2024\/07\/JOSEPH-JOSEPH-Multi-Prep\u2122-Set-4-Pezzi-Preparazione-Insalata-Multicolore.jpg\/joseph-joseph-multi-prep-e2-84-a2-set-4-pezzi-preparazione-insalata-multicolore.jpg?ssl=1"},{"@type":"BreadcrumbList","@id":"https:\/\/dev6.erresse-shop.it\/fr\/shop\/cuisine\/accessoires-fr\/joseph-joseph-multi-prep-salad-prep-set-4-pieces-multicolour\/#breadcrumb","itemListElement":[{"@type":"ListItem","position":1,"name":"Home","item":"https:\/\/dev6.erresse-shop.it\/"},{"@type":"ListItem","position":2,"name":"Boutique","item":"https:\/\/dev6.erresse-shop.it\/shop\/"},{"@type":"ListItem","position":3,"name":"JOSEPH JOSEPH Multi-Prep\u2122 Salad Prep Set 4 Pieces Multicolour"}]},{"@type":"WebSite","@id":"https:\/\/dev6.erresse-shop.it\/#website","url":"https:\/\/dev6.erresse-shop.it\/","name":"Erresse Shop","description":"","publisher":{"@id":"https:\/\/dev6.erresse-shop.it\/#organization"},"potentialAction":[{"@type":"SearchAction","target":{"@type":"EntryPoint","urlTemplate":"https:\/\/dev6.erresse-shop.it\/?s={search_term_string}"},"query-input":{"@type":"PropertyValueSpecification","valueRequired":true,"valueName":"search_term_string"}}],"inLanguage":"fr-FR"},{"@type":"Organization","@id":"https:\/\/dev6.erresse-shop.it\/#organization","name":"Erresse Shop","url":"https:\/\/dev6.erresse-shop.it\/","logo":{"@type":"ImageObject","inLanguage":"fr-FR","@id":"https:\/\/dev6.erresse-shop.it\/#\/schema\/logo\/image\/","url":"https:\/\/dev6.erresse-shop.it\/wp-content\/uploads\/2025\/01\/LOGO-ERRESSE-CLASSICO.svg","contentUrl":"https:\/\/dev6.erresse-shop.it\/wp-content\/uploads\/2025\/01\/LOGO-ERRESSE-CLASSICO.svg","caption":"Erresse Shop"},"image":{"@id":"https:\/\/dev6.erresse-shop.it\/#\/schema\/logo\/image\/"}}]}},"df_price":49.9,"df_sale_price":49.9,"df_regular_price":59.99,"df_image_link":"https:\/\/i3.wp.com\/interpim.erresse-shop.it\/wp-content\/uploads\/2024\/07\/JOSEPH-JOSEPH-Multi-Prep\u2122-Set-4-Pezzi-Preparazione-Insalata-Multicolore.jpg\/joseph-joseph-multi-prep-e2-84-a2-set-4-pezzi-preparazione-insalata-multicolore.jpg?resize=300,300&ssl=1","fifu_image_url":"https:\/\/interpim.erresse-shop.it\/wp-content\/uploads\/2024\/07\/JOSEPH-JOSEPH-Multi-Prep\u2122-Set-4-Pezzi-Preparazione-Insalata-Multicolore.jpg\/joseph-joseph-multi-prep-e2-84-a2-set-4-pezzi-preparazione-insalata-multicolore.jpg","_links":{"self":[{"href":"https:\/\/dev6.erresse-shop.it\/fr\/wp-json\/wp\/v2\/product\/64570","targetHints":{"allow":["GET"]}}],"collection":[{"href":"https:\/\/dev6.erresse-shop.it\/fr\/wp-json\/wp\/v2\/product"}],"about":[{"href":"https:\/\/dev6.erresse-shop.it\/fr\/wp-json\/wp\/v2\/types\/product"}],"wp:featuredmedia":[{"embeddable":true,"href":"https:\/\/dev6.erresse-shop.it\/fr\/wp-json\/wp\/v2\/media\/6381416"}],"wp:attachment":[{"href":"https:\/\/dev6.erresse-shop.it\/fr\/wp-json\/wp\/v2\/media?parent=64570"}],"wp:term":[{"taxonomy":"product_cat","embeddable":true,"href":"https:\/\/dev6.erresse-shop.it\/fr\/wp-json\/wp\/v2\/product_cat?post=64570"},{"taxonomy":"product_tag","embeddable":true,"href":"https:\/\/dev6.erresse-shop.it\/fr\/wp-json\/wp\/v2\/product_tag?post=64570"}],"curies":[{"name":"wp","href":"https:\/\/api.w.org\/{rel}","templated":true}]}}