{"id":64569,"date":"2026-04-12T11:27:21","date_gmt":"2026-04-12T09:27:21","guid":{"rendered":"https:\/\/dev6.erresse-shop.it\/shop\/non%20class\u00e9\/joseph-joseph-elevate-fusion-set-3-ustensiles-de-cuisine-en-acier-inoxydable\/"},"modified":"2025-12-08T17:51:16","modified_gmt":"2025-12-08T16:51:16","slug":"joseph-joseph-elevate-fusion-set-3-ustensiles-de-cuisine-en-acier-inoxydable","status":"publish","type":"product","link":"https:\/\/dev6.erresse-shop.it\/fr\/shop\/cuisine\/outils\/joseph-joseph-elevate-fusion-set-3-ustensiles-de-cuisine-en-acier-inoxydable\/","title":{"rendered":"JOSEPH JOSEPH Elevate\u2122 Fusion Set 3 ustensiles de cuisine en acier inoxydable"},"content":{"rendered":"<p>Technologie Elevate con\u00e7ue pour am\u00e9liorer l\u2019hygi\u00e8ne et r\u00e9duire l\u2019encombrement<br \/>\nLes poign\u00e9es en acier lest\u00e9es et les porte-outils int\u00e9gr\u00e9s emp\u00eachent les t\u00eates d\u2019outils de toucher la surface de travail lorsqu\u2019elles sont plac\u00e9es dessus.<br \/>\nLes t\u00eates d\u2019outils en silicone r\u00e9sistent \u00e0 la chaleur jusqu\u2019\u00e0 210\u02daC\/410\u02daF<br \/>\nLes pointes des pinces en silicone r\u00e9sistent \u00e0 la chaleur jusqu\u2019\u00e0 270\u02daC\/520\u02daF<br \/>\nConvient aux ustensiles de cuisine antiadh\u00e9sifs<br \/>\nSupport compact pour le rangement<br \/>\nL\u2019ensemble comprend un plateau tournant robuste, une louche et une pince.<\/p>\n<p>Entretien et utilisation :<\/p>\n<p>Ustensiles : Lavables au lave-vaisselle.<br \/>\nStockage : Nettoyer avec un chiffon humide.<br \/>\nAttention : Ne pas laisser les ustensiles dans les casseroles pendant la cuisson.<br \/>\nPour \u00e9viter les taches, ne pas utiliser de colorants puissants tels que le curcuma.<\/p>\n<p>Dimensions de l\u2019ustensile :<\/p>\n<p>H31,5 x L15 x P15 cm (H12,4 x L5,9 x P5,9 pouces)<\/p>\n","protected":false},"excerpt":{"rendered":"<p>Technologie Elevate con\u00e7ue pour am\u00e9liorer l\u2019hygi\u00e8ne et r\u00e9duire l\u2019encombrement Les poign\u00e9es en acier lest\u00e9es et les porte-outils int\u00e9gr\u00e9s emp\u00eachent les t\u00eates d\u2019outils de toucher la surface de travail lorsqu\u2019elles sont plac\u00e9es dessus. Les t\u00eates d\u2019outils en silicone r\u00e9sistent \u00e0 la chaleur jusqu\u2019\u00e0 210\u02daC\/410\u02daF Les pointes des pinces en silicone r\u00e9sistent \u00e0 la chaleur jusqu\u2019\u00e0 270\u02daC\/520\u02daF [&hellip;]<\/p>\n","protected":false},"featured_media":6368942,"template":"","meta":{"_acf_changed":false},"product_cat":[11668,11992,12008],"product_tag":[],"class_list":{"0":"post-64569","1":"product","2":"type-product","3":"status-publish","4":"has-post-thumbnail","6":"product_cat-cucina","7":"product_cat-cuisine","8":"product_cat-outils","10":"first","11":"instock","12":"sale","13":"taxable","14":"shipping-taxable","15":"purchasable","16":"product-type-simple","swatches":"rey-swatches","show_selected":"","stretch_labels":"rey-swatches--stretch-labels"},"acf":[],"yoast_head":"<!-- This site is optimized with the Yoast SEO plugin v25.4 - https:\/\/yoast.com\/wordpress\/plugins\/seo\/ -->\n<title>JOSEPH JOSEPH Elevate\u2122 Fusion Set 3 ustensiles de cuisine en acier inoxydable - dev6 Erresse<\/title>\n<meta name=\"description\" content=\"Technologie Elevate con\u00e7ue pour am\u00e9liorer l\u2019hygi\u00e8ne et r\u00e9duire l\u2019encombrement Les poign\u00e9es en acier lest\u00e9es et les porte-outils int\u00e9gr\u00e9s emp\u00eachent les\" \/>\n<meta name=\"robots\" content=\"noindex, follow, max-snippet:-1, max-image-preview:large, max-video-preview:-1\" \/>\n<meta property=\"og:locale\" content=\"fr_FR\" \/>\n<meta property=\"og:type\" content=\"article\" \/>\n<meta property=\"og:title\" content=\"JOSEPH JOSEPH Elevate\u2122 Fusion Set 3 ustensiles de cuisine en acier inoxydable - dev6 Erresse\" \/>\n<meta property=\"og:description\" content=\"Technologie Elevate con\u00e7ue pour am\u00e9liorer l\u2019hygi\u00e8ne et r\u00e9duire l\u2019encombrement Les poign\u00e9es en acier lest\u00e9es et les porte-outils int\u00e9gr\u00e9s emp\u00eachent les\" \/>\n<meta property=\"og:url\" content=\"https:\/\/dev6.erresse-shop.it\/fr\/shop\/cuisine\/outils\/joseph-joseph-elevate-fusion-set-3-ustensiles-de-cuisine-en-acier-inoxydable\/\" \/>\n<meta property=\"og:site_name\" content=\"dev6 Erresse\" \/>\n<meta property=\"og:image\" content=\"https:\/\/interpim.erresse-shop.it\/wp-content\/uploads\/2024\/07\/JOSEPH-JOSEPH-Elevate\u2122-Fusion-Set-3-Utensili-da-Cucina-Acciaio-Inossidabile.jpg\/joseph-joseph-elevate-e2-84-a2-fusion-set-3-utensili-da-cucina-acciaio-inossidabile.jpg\" \/><meta property=\"og:image\" content=\"https:\/\/interpim.erresse-shop.it\/wp-content\/uploads\/2024\/07\/JOSEPH-JOSEPH-Elevate\u2122-Fusion-Set-3-Utensili-da-Cucina-Acciaio-Inossidabile.jpg\/joseph-joseph-elevate-e2-84-a2-fusion-set-3-utensili-da-cucina-acciaio-inossidabile.jpg\" \/>\n\t<meta property=\"og:image:width\" content=\"1024\" \/>\n\t<meta property=\"og:image:height\" content=\"1024\" \/>\n\t<meta property=\"og:image:type\" content=\"image\/jpeg\" \/>\n<meta name=\"twitter:card\" content=\"summary_large_image\" \/>\n<meta name=\"twitter:image\" content=\"https:\/\/interpim.erresse-shop.it\/wp-content\/uploads\/2024\/07\/JOSEPH-JOSEPH-Elevate\u2122-Fusion-Set-3-Utensili-da-Cucina-Acciaio-Inossidabile.jpg\/joseph-joseph-elevate-e2-84-a2-fusion-set-3-utensili-da-cucina-acciaio-inossidabile.jpg\" \/>\n<script type=\"application\/ld+json\" class=\"yoast-schema-graph\">{\"@context\":\"https:\/\/schema.org\",\"@graph\":[{\"@type\":\"WebPage\",\"@id\":\"https:\/\/dev6.erresse-shop.it\/fr\/shop\/cuisine\/outils\/joseph-joseph-elevate-fusion-set-3-ustensiles-de-cuisine-en-acier-inoxydable\/\",\"url\":\"https:\/\/dev6.erresse-shop.it\/fr\/shop\/cuisine\/outils\/joseph-joseph-elevate-fusion-set-3-ustensiles-de-cuisine-en-acier-inoxydable\/\",\"name\":\"JOSEPH JOSEPH Elevate\u2122 Fusion Set 3 ustensiles de cuisine en acier inoxydable - dev6 Erresse\",\"isPartOf\":{\"@id\":\"https:\/\/dev6.erresse-shop.it\/#website\"},\"primaryImageOfPage\":{\"@id\":\"https:\/\/dev6.erresse-shop.it\/fr\/shop\/cuisine\/outils\/joseph-joseph-elevate-fusion-set-3-ustensiles-de-cuisine-en-acier-inoxydable\/#primaryimage\"},\"image\":{\"@id\":\"https:\/\/dev6.erresse-shop.it\/fr\/shop\/cuisine\/outils\/joseph-joseph-elevate-fusion-set-3-ustensiles-de-cuisine-en-acier-inoxydable\/#primaryimage\"},\"thumbnailUrl\":\"https:\/\/i2.wp.com\/interpim.erresse-shop.it\/wp-content\/uploads\/2024\/07\/JOSEPH-JOSEPH-Elevate\u2122-Fusion-Set-3-Utensili-da-Cucina-Acciaio-Inossidabile.jpg\/joseph-joseph-elevate-e2-84-a2-fusion-set-3-utensili-da-cucina-acciaio-inossidabile.jpg?ssl=1\",\"datePublished\":\"2026-04-12T09:27:21+00:00\",\"description\":\"Technologie Elevate con\u00e7ue pour am\u00e9liorer l\u2019hygi\u00e8ne et r\u00e9duire l\u2019encombrement Les poign\u00e9es en acier lest\u00e9es et les porte-outils int\u00e9gr\u00e9s emp\u00eachent les\",\"breadcrumb\":{\"@id\":\"https:\/\/dev6.erresse-shop.it\/fr\/shop\/cuisine\/outils\/joseph-joseph-elevate-fusion-set-3-ustensiles-de-cuisine-en-acier-inoxydable\/#breadcrumb\"},\"inLanguage\":\"fr-FR\",\"potentialAction\":[{\"@type\":\"ReadAction\",\"target\":[\"https:\/\/dev6.erresse-shop.it\/fr\/shop\/cuisine\/outils\/joseph-joseph-elevate-fusion-set-3-ustensiles-de-cuisine-en-acier-inoxydable\/\"]}]},{\"@type\":\"ImageObject\",\"inLanguage\":\"fr-FR\",\"@id\":\"https:\/\/dev6.erresse-shop.it\/fr\/shop\/cuisine\/outils\/joseph-joseph-elevate-fusion-set-3-ustensiles-de-cuisine-en-acier-inoxydable\/#primaryimage\",\"url\":\"https:\/\/i2.wp.com\/interpim.erresse-shop.it\/wp-content\/uploads\/2024\/07\/JOSEPH-JOSEPH-Elevate\u2122-Fusion-Set-3-Utensili-da-Cucina-Acciaio-Inossidabile.jpg\/joseph-joseph-elevate-e2-84-a2-fusion-set-3-utensili-da-cucina-acciaio-inossidabile.jpg?ssl=1\",\"contentUrl\":\"https:\/\/i2.wp.com\/interpim.erresse-shop.it\/wp-content\/uploads\/2024\/07\/JOSEPH-JOSEPH-Elevate\u2122-Fusion-Set-3-Utensili-da-Cucina-Acciaio-Inossidabile.jpg\/joseph-joseph-elevate-e2-84-a2-fusion-set-3-utensili-da-cucina-acciaio-inossidabile.jpg?ssl=1\"},{\"@type\":\"BreadcrumbList\",\"@id\":\"https:\/\/dev6.erresse-shop.it\/fr\/shop\/cuisine\/outils\/joseph-joseph-elevate-fusion-set-3-ustensiles-de-cuisine-en-acier-inoxydable\/#breadcrumb\",\"itemListElement\":[{\"@type\":\"ListItem\",\"position\":1,\"name\":\"Home\",\"item\":\"https:\/\/dev6.erresse-shop.it\/\"},{\"@type\":\"ListItem\",\"position\":2,\"name\":\"Boutique\",\"item\":\"https:\/\/dev6.erresse-shop.it\/shop\/\"},{\"@type\":\"ListItem\",\"position\":3,\"name\":\"JOSEPH JOSEPH Elevate\u2122 Fusion Set 3 ustensiles de cuisine en acier inoxydable\"}]},{\"@type\":\"WebSite\",\"@id\":\"https:\/\/dev6.erresse-shop.it\/#website\",\"url\":\"https:\/\/dev6.erresse-shop.it\/\",\"name\":\"Erresse Shop\",\"description\":\"\",\"publisher\":{\"@id\":\"https:\/\/dev6.erresse-shop.it\/#organization\"},\"potentialAction\":[{\"@type\":\"SearchAction\",\"target\":{\"@type\":\"EntryPoint\",\"urlTemplate\":\"https:\/\/dev6.erresse-shop.it\/?s={search_term_string}\"},\"query-input\":{\"@type\":\"PropertyValueSpecification\",\"valueRequired\":true,\"valueName\":\"search_term_string\"}}],\"inLanguage\":\"fr-FR\"},{\"@type\":\"Organization\",\"@id\":\"https:\/\/dev6.erresse-shop.it\/#organization\",\"name\":\"Erresse Shop\",\"url\":\"https:\/\/dev6.erresse-shop.it\/\",\"logo\":{\"@type\":\"ImageObject\",\"inLanguage\":\"fr-FR\",\"@id\":\"https:\/\/dev6.erresse-shop.it\/#\/schema\/logo\/image\/\",\"url\":\"https:\/\/dev6.erresse-shop.it\/wp-content\/uploads\/2025\/01\/LOGO-ERRESSE-CLASSICO.svg\",\"contentUrl\":\"https:\/\/dev6.erresse-shop.it\/wp-content\/uploads\/2025\/01\/LOGO-ERRESSE-CLASSICO.svg\",\"caption\":\"Erresse Shop\"},\"image\":{\"@id\":\"https:\/\/dev6.erresse-shop.it\/#\/schema\/logo\/image\/\"}}]}<\/script>\n<!-- \/ Yoast SEO plugin. -->","yoast_head_json":{"title":"JOSEPH JOSEPH Elevate\u2122 Fusion Set 3 ustensiles de cuisine en acier inoxydable - dev6 Erresse","description":"Technologie Elevate con\u00e7ue pour am\u00e9liorer l\u2019hygi\u00e8ne et r\u00e9duire l\u2019encombrement Les poign\u00e9es en acier lest\u00e9es et les porte-outils int\u00e9gr\u00e9s emp\u00eachent les","robots":{"index":"noindex","follow":"follow","max-snippet":"max-snippet:-1","max-image-preview":"max-image-preview:large","max-video-preview":"max-video-preview:-1"},"og_locale":"fr_FR","og_type":"article","og_title":"JOSEPH JOSEPH Elevate\u2122 Fusion Set 3 ustensiles de cuisine en acier inoxydable - dev6 Erresse","og_description":"Technologie Elevate con\u00e7ue pour am\u00e9liorer l\u2019hygi\u00e8ne et r\u00e9duire l\u2019encombrement Les poign\u00e9es en acier lest\u00e9es et les porte-outils int\u00e9gr\u00e9s emp\u00eachent les","og_url":"https:\/\/dev6.erresse-shop.it\/fr\/shop\/cuisine\/outils\/joseph-joseph-elevate-fusion-set-3-ustensiles-de-cuisine-en-acier-inoxydable\/","og_site_name":"dev6 Erresse","og_image":[{"url":"https:\/\/interpim.erresse-shop.it\/wp-content\/uploads\/2024\/07\/JOSEPH-JOSEPH-Elevate\u2122-Fusion-Set-3-Utensili-da-Cucina-Acciaio-Inossidabile.jpg\/joseph-joseph-elevate-e2-84-a2-fusion-set-3-utensili-da-cucina-acciaio-inossidabile.jpg","type":"","width":"","height":""},{"url":"https:\/\/interpim.erresse-shop.it\/wp-content\/uploads\/2024\/07\/JOSEPH-JOSEPH-Elevate\u2122-Fusion-Set-3-Utensili-da-Cucina-Acciaio-Inossidabile.jpg\/joseph-joseph-elevate-e2-84-a2-fusion-set-3-utensili-da-cucina-acciaio-inossidabile.jpg","width":1024,"height":1024,"type":"image\/jpeg"}],"twitter_card":"summary_large_image","twitter_image":"https:\/\/interpim.erresse-shop.it\/wp-content\/uploads\/2024\/07\/JOSEPH-JOSEPH-Elevate\u2122-Fusion-Set-3-Utensili-da-Cucina-Acciaio-Inossidabile.jpg\/joseph-joseph-elevate-e2-84-a2-fusion-set-3-utensili-da-cucina-acciaio-inossidabile.jpg","schema":{"@context":"https:\/\/schema.org","@graph":[{"@type":"WebPage","@id":"https:\/\/dev6.erresse-shop.it\/fr\/shop\/cuisine\/outils\/joseph-joseph-elevate-fusion-set-3-ustensiles-de-cuisine-en-acier-inoxydable\/","url":"https:\/\/dev6.erresse-shop.it\/fr\/shop\/cuisine\/outils\/joseph-joseph-elevate-fusion-set-3-ustensiles-de-cuisine-en-acier-inoxydable\/","name":"JOSEPH JOSEPH Elevate\u2122 Fusion Set 3 ustensiles de cuisine en acier inoxydable - dev6 Erresse","isPartOf":{"@id":"https:\/\/dev6.erresse-shop.it\/#website"},"primaryImageOfPage":{"@id":"https:\/\/dev6.erresse-shop.it\/fr\/shop\/cuisine\/outils\/joseph-joseph-elevate-fusion-set-3-ustensiles-de-cuisine-en-acier-inoxydable\/#primaryimage"},"image":{"@id":"https:\/\/dev6.erresse-shop.it\/fr\/shop\/cuisine\/outils\/joseph-joseph-elevate-fusion-set-3-ustensiles-de-cuisine-en-acier-inoxydable\/#primaryimage"},"thumbnailUrl":"https:\/\/i2.wp.com\/interpim.erresse-shop.it\/wp-content\/uploads\/2024\/07\/JOSEPH-JOSEPH-Elevate\u2122-Fusion-Set-3-Utensili-da-Cucina-Acciaio-Inossidabile.jpg\/joseph-joseph-elevate-e2-84-a2-fusion-set-3-utensili-da-cucina-acciaio-inossidabile.jpg?ssl=1","datePublished":"2026-04-12T09:27:21+00:00","description":"Technologie Elevate con\u00e7ue pour am\u00e9liorer l\u2019hygi\u00e8ne et r\u00e9duire l\u2019encombrement Les poign\u00e9es en acier lest\u00e9es et les porte-outils int\u00e9gr\u00e9s emp\u00eachent les","breadcrumb":{"@id":"https:\/\/dev6.erresse-shop.it\/fr\/shop\/cuisine\/outils\/joseph-joseph-elevate-fusion-set-3-ustensiles-de-cuisine-en-acier-inoxydable\/#breadcrumb"},"inLanguage":"fr-FR","potentialAction":[{"@type":"ReadAction","target":["https:\/\/dev6.erresse-shop.it\/fr\/shop\/cuisine\/outils\/joseph-joseph-elevate-fusion-set-3-ustensiles-de-cuisine-en-acier-inoxydable\/"]}]},{"@type":"ImageObject","inLanguage":"fr-FR","@id":"https:\/\/dev6.erresse-shop.it\/fr\/shop\/cuisine\/outils\/joseph-joseph-elevate-fusion-set-3-ustensiles-de-cuisine-en-acier-inoxydable\/#primaryimage","url":"https:\/\/i2.wp.com\/interpim.erresse-shop.it\/wp-content\/uploads\/2024\/07\/JOSEPH-JOSEPH-Elevate\u2122-Fusion-Set-3-Utensili-da-Cucina-Acciaio-Inossidabile.jpg\/joseph-joseph-elevate-e2-84-a2-fusion-set-3-utensili-da-cucina-acciaio-inossidabile.jpg?ssl=1","contentUrl":"https:\/\/i2.wp.com\/interpim.erresse-shop.it\/wp-content\/uploads\/2024\/07\/JOSEPH-JOSEPH-Elevate\u2122-Fusion-Set-3-Utensili-da-Cucina-Acciaio-Inossidabile.jpg\/joseph-joseph-elevate-e2-84-a2-fusion-set-3-utensili-da-cucina-acciaio-inossidabile.jpg?ssl=1"},{"@type":"BreadcrumbList","@id":"https:\/\/dev6.erresse-shop.it\/fr\/shop\/cuisine\/outils\/joseph-joseph-elevate-fusion-set-3-ustensiles-de-cuisine-en-acier-inoxydable\/#breadcrumb","itemListElement":[{"@type":"ListItem","position":1,"name":"Home","item":"https:\/\/dev6.erresse-shop.it\/"},{"@type":"ListItem","position":2,"name":"Boutique","item":"https:\/\/dev6.erresse-shop.it\/shop\/"},{"@type":"ListItem","position":3,"name":"JOSEPH JOSEPH Elevate\u2122 Fusion Set 3 ustensiles de cuisine en acier inoxydable"}]},{"@type":"WebSite","@id":"https:\/\/dev6.erresse-shop.it\/#website","url":"https:\/\/dev6.erresse-shop.it\/","name":"Erresse Shop","description":"","publisher":{"@id":"https:\/\/dev6.erresse-shop.it\/#organization"},"potentialAction":[{"@type":"SearchAction","target":{"@type":"EntryPoint","urlTemplate":"https:\/\/dev6.erresse-shop.it\/?s={search_term_string}"},"query-input":{"@type":"PropertyValueSpecification","valueRequired":true,"valueName":"search_term_string"}}],"inLanguage":"fr-FR"},{"@type":"Organization","@id":"https:\/\/dev6.erresse-shop.it\/#organization","name":"Erresse Shop","url":"https:\/\/dev6.erresse-shop.it\/","logo":{"@type":"ImageObject","inLanguage":"fr-FR","@id":"https:\/\/dev6.erresse-shop.it\/#\/schema\/logo\/image\/","url":"https:\/\/dev6.erresse-shop.it\/wp-content\/uploads\/2025\/01\/LOGO-ERRESSE-CLASSICO.svg","contentUrl":"https:\/\/dev6.erresse-shop.it\/wp-content\/uploads\/2025\/01\/LOGO-ERRESSE-CLASSICO.svg","caption":"Erresse Shop"},"image":{"@id":"https:\/\/dev6.erresse-shop.it\/#\/schema\/logo\/image\/"}}]}},"df_price":42.95,"df_sale_price":42.95,"df_regular_price":49.99,"df_image_link":"https:\/\/i2.wp.com\/interpim.erresse-shop.it\/wp-content\/uploads\/2024\/07\/JOSEPH-JOSEPH-Elevate\u2122-Fusion-Set-3-Utensili-da-Cucina-Acciaio-Inossidabile.jpg\/joseph-joseph-elevate-e2-84-a2-fusion-set-3-utensili-da-cucina-acciaio-inossidabile.jpg?resize=300,300&ssl=1","fifu_image_url":"https:\/\/interpim.erresse-shop.it\/wp-content\/uploads\/2024\/07\/JOSEPH-JOSEPH-Elevate\u2122-Fusion-Set-3-Utensili-da-Cucina-Acciaio-Inossidabile.jpg\/joseph-joseph-elevate-e2-84-a2-fusion-set-3-utensili-da-cucina-acciaio-inossidabile.jpg","_links":{"self":[{"href":"https:\/\/dev6.erresse-shop.it\/fr\/wp-json\/wp\/v2\/product\/64569","targetHints":{"allow":["GET"]}}],"collection":[{"href":"https:\/\/dev6.erresse-shop.it\/fr\/wp-json\/wp\/v2\/product"}],"about":[{"href":"https:\/\/dev6.erresse-shop.it\/fr\/wp-json\/wp\/v2\/types\/product"}],"wp:featuredmedia":[{"embeddable":true,"href":"https:\/\/dev6.erresse-shop.it\/fr\/wp-json\/wp\/v2\/media\/6368942"}],"wp:attachment":[{"href":"https:\/\/dev6.erresse-shop.it\/fr\/wp-json\/wp\/v2\/media?parent=64569"}],"wp:term":[{"taxonomy":"product_cat","embeddable":true,"href":"https:\/\/dev6.erresse-shop.it\/fr\/wp-json\/wp\/v2\/product_cat?post=64569"},{"taxonomy":"product_tag","embeddable":true,"href":"https:\/\/dev6.erresse-shop.it\/fr\/wp-json\/wp\/v2\/product_tag?post=64569"}],"curies":[{"name":"wp","href":"https:\/\/api.w.org\/{rel}","templated":true}]}}