{"id":64567,"date":"2026-04-12T11:27:21","date_gmt":"2026-04-12T09:27:21","guid":{"rendered":"https:\/\/dev6.erresse-shop.it\/shop\/non%20class\u00e9\/joseph-joseph-mandoline-plus-rape-a-poignees-multiples-blanc\/"},"modified":"2025-12-08T17:51:12","modified_gmt":"2025-12-08T16:51:12","slug":"joseph-joseph-mandoline-plus-rape-a-poignees-multiples-blanc","status":"publish","type":"product","link":"https:\/\/dev6.erresse-shop.it\/fr\/shop\/cuisine\/outils\/joseph-joseph-mandoline-plus-rape-a-poignees-multiples-blanc\/","title":{"rendered":"JOSEPH JOSEPH Mandoline\u2122 Plus R\u00e2pe \u00e0 poign\u00e9es multiples Blanc"},"content":{"rendered":"<p>Tranche une grande vari\u00e9t\u00e9 de fruits et de l\u00e9gumes de mani\u00e8re s\u00fbre et r\u00e9guli\u00e8re.<br \/>\nLa poign\u00e9e de pr\u00e9cision prot\u00e8ge les doigts et offre trois types de prise : une prise en pince pour les petits objets, une prise centrale pour les tranches rondes et une prise plate pour les tranches plus longues.<br \/>\nLames tranchantes en acier inoxydable<br \/>\nR\u00e9glable sur trois \u00e9paisseurs de tranches et deux \u00e9paisseurs de julienne<br \/>\nPieds antid\u00e9rapants avec poign\u00e9e pliante facile \u00e0 saisir<\/p>\n<p>Entretien et manipulation :<\/p>\n<p>Ne passe pas au lave-vaisselle<br \/>\nLaver \u00e0 la main avec une brosse \u00e0 vaisselle<br \/>\nAttention : Lames tranchantes. Ne pas approcher les doigts de la lame pendant l\u2019utilisation et le nettoyage. Verrouillez toujours la lame pour la ranger en toute s\u00e9curit\u00e9. Tenir hors de port\u00e9e des enfants.<br \/>\nSans BPA<\/p>\n<p>Dimensions :\u00a0<\/p>\n<p>H6,5 x L38,4 x P14,2 cm (H2,5 x L15,1 x P5,6 pouces)<\/p>\n","protected":false},"excerpt":{"rendered":"<p>Tranche une grande vari\u00e9t\u00e9 de fruits et de l\u00e9gumes de mani\u00e8re s\u00fbre et r\u00e9guli\u00e8re. La poign\u00e9e de pr\u00e9cision prot\u00e8ge les doigts et offre trois types de prise : une prise en pince pour les petits objets, une prise centrale pour les tranches rondes et une prise plate pour les tranches plus longues. Lames tranchantes en [&hellip;]<\/p>\n","protected":false},"featured_media":6368916,"template":"","meta":{"_acf_changed":false},"product_cat":[11668,11992,12008],"product_tag":[],"class_list":{"0":"post-64567","1":"product","2":"type-product","3":"status-publish","4":"has-post-thumbnail","6":"product_cat-cucina","7":"product_cat-cuisine","8":"product_cat-outils","10":"first","11":"instock","12":"sale","13":"taxable","14":"shipping-taxable","15":"purchasable","16":"product-type-simple","swatches":"rey-swatches","show_selected":"","stretch_labels":"rey-swatches--stretch-labels"},"acf":[],"yoast_head":"<!-- This site is optimized with the Yoast SEO plugin v25.4 - https:\/\/yoast.com\/wordpress\/plugins\/seo\/ -->\n<title>JOSEPH JOSEPH Mandoline\u2122 Plus R\u00e2pe \u00e0 poign\u00e9es multiples Blanc - dev6 Erresse<\/title>\n<meta name=\"description\" content=\"Tranche une grande vari\u00e9t\u00e9 de fruits et de l\u00e9gumes de mani\u00e8re s\u00fbre et r\u00e9guli\u00e8re. La poign\u00e9e de pr\u00e9cision prot\u00e8ge les doigts et offre trois types de prise\" \/>\n<meta name=\"robots\" content=\"noindex, follow, max-snippet:-1, max-image-preview:large, max-video-preview:-1\" \/>\n<meta property=\"og:locale\" content=\"fr_FR\" \/>\n<meta property=\"og:type\" content=\"article\" \/>\n<meta property=\"og:title\" content=\"JOSEPH JOSEPH Mandoline\u2122 Plus R\u00e2pe \u00e0 poign\u00e9es multiples Blanc - dev6 Erresse\" \/>\n<meta property=\"og:description\" content=\"Tranche une grande vari\u00e9t\u00e9 de fruits et de l\u00e9gumes de mani\u00e8re s\u00fbre et r\u00e9guli\u00e8re. La poign\u00e9e de pr\u00e9cision prot\u00e8ge les doigts et offre trois types de prise\" \/>\n<meta property=\"og:url\" content=\"https:\/\/dev6.erresse-shop.it\/fr\/shop\/cuisine\/outils\/joseph-joseph-mandoline-plus-rape-a-poignees-multiples-blanc\/\" \/>\n<meta property=\"og:site_name\" content=\"dev6 Erresse\" \/>\n<meta property=\"og:image\" content=\"https:\/\/interpim.erresse-shop.it\/wp-content\/uploads\/2024\/07\/JOSEPH-JOSEPH-Mandoline\u2122-Plus-Grattugia-Impugnatura-Multipla-Bianco.jpg\/joseph-joseph-mandoline-e2-84-a2-plus-grattugia-impugnatura-multipla-bianco.jpg\" \/><meta property=\"og:image\" content=\"https:\/\/interpim.erresse-shop.it\/wp-content\/uploads\/2024\/07\/JOSEPH-JOSEPH-Mandoline\u2122-Plus-Grattugia-Impugnatura-Multipla-Bianco.jpg\/joseph-joseph-mandoline-e2-84-a2-plus-grattugia-impugnatura-multipla-bianco.jpg\" \/>\n\t<meta property=\"og:image:width\" content=\"1024\" \/>\n\t<meta property=\"og:image:height\" content=\"1024\" \/>\n\t<meta property=\"og:image:type\" content=\"image\/jpeg\" \/>\n<meta name=\"twitter:card\" content=\"summary_large_image\" \/>\n<meta name=\"twitter:image\" content=\"https:\/\/interpim.erresse-shop.it\/wp-content\/uploads\/2024\/07\/JOSEPH-JOSEPH-Mandoline\u2122-Plus-Grattugia-Impugnatura-Multipla-Bianco.jpg\/joseph-joseph-mandoline-e2-84-a2-plus-grattugia-impugnatura-multipla-bianco.jpg\" \/>\n<script type=\"application\/ld+json\" class=\"yoast-schema-graph\">{\"@context\":\"https:\/\/schema.org\",\"@graph\":[{\"@type\":\"WebPage\",\"@id\":\"https:\/\/dev6.erresse-shop.it\/fr\/shop\/cuisine\/outils\/joseph-joseph-mandoline-plus-rape-a-poignees-multiples-blanc\/\",\"url\":\"https:\/\/dev6.erresse-shop.it\/fr\/shop\/cuisine\/outils\/joseph-joseph-mandoline-plus-rape-a-poignees-multiples-blanc\/\",\"name\":\"JOSEPH JOSEPH Mandoline\u2122 Plus R\u00e2pe \u00e0 poign\u00e9es multiples Blanc - dev6 Erresse\",\"isPartOf\":{\"@id\":\"https:\/\/dev6.erresse-shop.it\/#website\"},\"primaryImageOfPage\":{\"@id\":\"https:\/\/dev6.erresse-shop.it\/fr\/shop\/cuisine\/outils\/joseph-joseph-mandoline-plus-rape-a-poignees-multiples-blanc\/#primaryimage\"},\"image\":{\"@id\":\"https:\/\/dev6.erresse-shop.it\/fr\/shop\/cuisine\/outils\/joseph-joseph-mandoline-plus-rape-a-poignees-multiples-blanc\/#primaryimage\"},\"thumbnailUrl\":\"https:\/\/i1.wp.com\/interpim.erresse-shop.it\/wp-content\/uploads\/2024\/07\/JOSEPH-JOSEPH-Mandoline\u2122-Plus-Grattugia-Impugnatura-Multipla-Bianco.jpg\/joseph-joseph-mandoline-e2-84-a2-plus-grattugia-impugnatura-multipla-bianco.jpg?ssl=1\",\"datePublished\":\"2026-04-12T09:27:21+00:00\",\"description\":\"Tranche une grande vari\u00e9t\u00e9 de fruits et de l\u00e9gumes de mani\u00e8re s\u00fbre et r\u00e9guli\u00e8re. La poign\u00e9e de pr\u00e9cision prot\u00e8ge les doigts et offre trois types de prise\",\"breadcrumb\":{\"@id\":\"https:\/\/dev6.erresse-shop.it\/fr\/shop\/cuisine\/outils\/joseph-joseph-mandoline-plus-rape-a-poignees-multiples-blanc\/#breadcrumb\"},\"inLanguage\":\"fr-FR\",\"potentialAction\":[{\"@type\":\"ReadAction\",\"target\":[\"https:\/\/dev6.erresse-shop.it\/fr\/shop\/cuisine\/outils\/joseph-joseph-mandoline-plus-rape-a-poignees-multiples-blanc\/\"]}]},{\"@type\":\"ImageObject\",\"inLanguage\":\"fr-FR\",\"@id\":\"https:\/\/dev6.erresse-shop.it\/fr\/shop\/cuisine\/outils\/joseph-joseph-mandoline-plus-rape-a-poignees-multiples-blanc\/#primaryimage\",\"url\":\"https:\/\/i1.wp.com\/interpim.erresse-shop.it\/wp-content\/uploads\/2024\/07\/JOSEPH-JOSEPH-Mandoline\u2122-Plus-Grattugia-Impugnatura-Multipla-Bianco.jpg\/joseph-joseph-mandoline-e2-84-a2-plus-grattugia-impugnatura-multipla-bianco.jpg?ssl=1\",\"contentUrl\":\"https:\/\/i1.wp.com\/interpim.erresse-shop.it\/wp-content\/uploads\/2024\/07\/JOSEPH-JOSEPH-Mandoline\u2122-Plus-Grattugia-Impugnatura-Multipla-Bianco.jpg\/joseph-joseph-mandoline-e2-84-a2-plus-grattugia-impugnatura-multipla-bianco.jpg?ssl=1\"},{\"@type\":\"BreadcrumbList\",\"@id\":\"https:\/\/dev6.erresse-shop.it\/fr\/shop\/cuisine\/outils\/joseph-joseph-mandoline-plus-rape-a-poignees-multiples-blanc\/#breadcrumb\",\"itemListElement\":[{\"@type\":\"ListItem\",\"position\":1,\"name\":\"Home\",\"item\":\"https:\/\/dev6.erresse-shop.it\/\"},{\"@type\":\"ListItem\",\"position\":2,\"name\":\"Boutique\",\"item\":\"https:\/\/dev6.erresse-shop.it\/shop\/\"},{\"@type\":\"ListItem\",\"position\":3,\"name\":\"JOSEPH JOSEPH Mandoline\u2122 Plus R\u00e2pe \u00e0 poign\u00e9es multiples Blanc\"}]},{\"@type\":\"WebSite\",\"@id\":\"https:\/\/dev6.erresse-shop.it\/#website\",\"url\":\"https:\/\/dev6.erresse-shop.it\/\",\"name\":\"Erresse Shop\",\"description\":\"\",\"publisher\":{\"@id\":\"https:\/\/dev6.erresse-shop.it\/#organization\"},\"potentialAction\":[{\"@type\":\"SearchAction\",\"target\":{\"@type\":\"EntryPoint\",\"urlTemplate\":\"https:\/\/dev6.erresse-shop.it\/?s={search_term_string}\"},\"query-input\":{\"@type\":\"PropertyValueSpecification\",\"valueRequired\":true,\"valueName\":\"search_term_string\"}}],\"inLanguage\":\"fr-FR\"},{\"@type\":\"Organization\",\"@id\":\"https:\/\/dev6.erresse-shop.it\/#organization\",\"name\":\"Erresse Shop\",\"url\":\"https:\/\/dev6.erresse-shop.it\/\",\"logo\":{\"@type\":\"ImageObject\",\"inLanguage\":\"fr-FR\",\"@id\":\"https:\/\/dev6.erresse-shop.it\/#\/schema\/logo\/image\/\",\"url\":\"https:\/\/dev6.erresse-shop.it\/wp-content\/uploads\/2025\/01\/LOGO-ERRESSE-CLASSICO.svg\",\"contentUrl\":\"https:\/\/dev6.erresse-shop.it\/wp-content\/uploads\/2025\/01\/LOGO-ERRESSE-CLASSICO.svg\",\"caption\":\"Erresse Shop\"},\"image\":{\"@id\":\"https:\/\/dev6.erresse-shop.it\/#\/schema\/logo\/image\/\"}}]}<\/script>\n<!-- \/ Yoast SEO plugin. -->","yoast_head_json":{"title":"JOSEPH JOSEPH Mandoline\u2122 Plus R\u00e2pe \u00e0 poign\u00e9es multiples Blanc - dev6 Erresse","description":"Tranche une grande vari\u00e9t\u00e9 de fruits et de l\u00e9gumes de mani\u00e8re s\u00fbre et r\u00e9guli\u00e8re. La poign\u00e9e de pr\u00e9cision prot\u00e8ge les doigts et offre trois types de prise","robots":{"index":"noindex","follow":"follow","max-snippet":"max-snippet:-1","max-image-preview":"max-image-preview:large","max-video-preview":"max-video-preview:-1"},"og_locale":"fr_FR","og_type":"article","og_title":"JOSEPH JOSEPH Mandoline\u2122 Plus R\u00e2pe \u00e0 poign\u00e9es multiples Blanc - dev6 Erresse","og_description":"Tranche une grande vari\u00e9t\u00e9 de fruits et de l\u00e9gumes de mani\u00e8re s\u00fbre et r\u00e9guli\u00e8re. La poign\u00e9e de pr\u00e9cision prot\u00e8ge les doigts et offre trois types de prise","og_url":"https:\/\/dev6.erresse-shop.it\/fr\/shop\/cuisine\/outils\/joseph-joseph-mandoline-plus-rape-a-poignees-multiples-blanc\/","og_site_name":"dev6 Erresse","og_image":[{"url":"https:\/\/interpim.erresse-shop.it\/wp-content\/uploads\/2024\/07\/JOSEPH-JOSEPH-Mandoline\u2122-Plus-Grattugia-Impugnatura-Multipla-Bianco.jpg\/joseph-joseph-mandoline-e2-84-a2-plus-grattugia-impugnatura-multipla-bianco.jpg","type":"","width":"","height":""},{"url":"https:\/\/interpim.erresse-shop.it\/wp-content\/uploads\/2024\/07\/JOSEPH-JOSEPH-Mandoline\u2122-Plus-Grattugia-Impugnatura-Multipla-Bianco.jpg\/joseph-joseph-mandoline-e2-84-a2-plus-grattugia-impugnatura-multipla-bianco.jpg","width":1024,"height":1024,"type":"image\/jpeg"}],"twitter_card":"summary_large_image","twitter_image":"https:\/\/interpim.erresse-shop.it\/wp-content\/uploads\/2024\/07\/JOSEPH-JOSEPH-Mandoline\u2122-Plus-Grattugia-Impugnatura-Multipla-Bianco.jpg\/joseph-joseph-mandoline-e2-84-a2-plus-grattugia-impugnatura-multipla-bianco.jpg","schema":{"@context":"https:\/\/schema.org","@graph":[{"@type":"WebPage","@id":"https:\/\/dev6.erresse-shop.it\/fr\/shop\/cuisine\/outils\/joseph-joseph-mandoline-plus-rape-a-poignees-multiples-blanc\/","url":"https:\/\/dev6.erresse-shop.it\/fr\/shop\/cuisine\/outils\/joseph-joseph-mandoline-plus-rape-a-poignees-multiples-blanc\/","name":"JOSEPH JOSEPH Mandoline\u2122 Plus R\u00e2pe \u00e0 poign\u00e9es multiples Blanc - dev6 Erresse","isPartOf":{"@id":"https:\/\/dev6.erresse-shop.it\/#website"},"primaryImageOfPage":{"@id":"https:\/\/dev6.erresse-shop.it\/fr\/shop\/cuisine\/outils\/joseph-joseph-mandoline-plus-rape-a-poignees-multiples-blanc\/#primaryimage"},"image":{"@id":"https:\/\/dev6.erresse-shop.it\/fr\/shop\/cuisine\/outils\/joseph-joseph-mandoline-plus-rape-a-poignees-multiples-blanc\/#primaryimage"},"thumbnailUrl":"https:\/\/i1.wp.com\/interpim.erresse-shop.it\/wp-content\/uploads\/2024\/07\/JOSEPH-JOSEPH-Mandoline\u2122-Plus-Grattugia-Impugnatura-Multipla-Bianco.jpg\/joseph-joseph-mandoline-e2-84-a2-plus-grattugia-impugnatura-multipla-bianco.jpg?ssl=1","datePublished":"2026-04-12T09:27:21+00:00","description":"Tranche une grande vari\u00e9t\u00e9 de fruits et de l\u00e9gumes de mani\u00e8re s\u00fbre et r\u00e9guli\u00e8re. La poign\u00e9e de pr\u00e9cision prot\u00e8ge les doigts et offre trois types de prise","breadcrumb":{"@id":"https:\/\/dev6.erresse-shop.it\/fr\/shop\/cuisine\/outils\/joseph-joseph-mandoline-plus-rape-a-poignees-multiples-blanc\/#breadcrumb"},"inLanguage":"fr-FR","potentialAction":[{"@type":"ReadAction","target":["https:\/\/dev6.erresse-shop.it\/fr\/shop\/cuisine\/outils\/joseph-joseph-mandoline-plus-rape-a-poignees-multiples-blanc\/"]}]},{"@type":"ImageObject","inLanguage":"fr-FR","@id":"https:\/\/dev6.erresse-shop.it\/fr\/shop\/cuisine\/outils\/joseph-joseph-mandoline-plus-rape-a-poignees-multiples-blanc\/#primaryimage","url":"https:\/\/i1.wp.com\/interpim.erresse-shop.it\/wp-content\/uploads\/2024\/07\/JOSEPH-JOSEPH-Mandoline\u2122-Plus-Grattugia-Impugnatura-Multipla-Bianco.jpg\/joseph-joseph-mandoline-e2-84-a2-plus-grattugia-impugnatura-multipla-bianco.jpg?ssl=1","contentUrl":"https:\/\/i1.wp.com\/interpim.erresse-shop.it\/wp-content\/uploads\/2024\/07\/JOSEPH-JOSEPH-Mandoline\u2122-Plus-Grattugia-Impugnatura-Multipla-Bianco.jpg\/joseph-joseph-mandoline-e2-84-a2-plus-grattugia-impugnatura-multipla-bianco.jpg?ssl=1"},{"@type":"BreadcrumbList","@id":"https:\/\/dev6.erresse-shop.it\/fr\/shop\/cuisine\/outils\/joseph-joseph-mandoline-plus-rape-a-poignees-multiples-blanc\/#breadcrumb","itemListElement":[{"@type":"ListItem","position":1,"name":"Home","item":"https:\/\/dev6.erresse-shop.it\/"},{"@type":"ListItem","position":2,"name":"Boutique","item":"https:\/\/dev6.erresse-shop.it\/shop\/"},{"@type":"ListItem","position":3,"name":"JOSEPH JOSEPH Mandoline\u2122 Plus R\u00e2pe \u00e0 poign\u00e9es multiples Blanc"}]},{"@type":"WebSite","@id":"https:\/\/dev6.erresse-shop.it\/#website","url":"https:\/\/dev6.erresse-shop.it\/","name":"Erresse Shop","description":"","publisher":{"@id":"https:\/\/dev6.erresse-shop.it\/#organization"},"potentialAction":[{"@type":"SearchAction","target":{"@type":"EntryPoint","urlTemplate":"https:\/\/dev6.erresse-shop.it\/?s={search_term_string}"},"query-input":{"@type":"PropertyValueSpecification","valueRequired":true,"valueName":"search_term_string"}}],"inLanguage":"fr-FR"},{"@type":"Organization","@id":"https:\/\/dev6.erresse-shop.it\/#organization","name":"Erresse Shop","url":"https:\/\/dev6.erresse-shop.it\/","logo":{"@type":"ImageObject","inLanguage":"fr-FR","@id":"https:\/\/dev6.erresse-shop.it\/#\/schema\/logo\/image\/","url":"https:\/\/dev6.erresse-shop.it\/wp-content\/uploads\/2025\/01\/LOGO-ERRESSE-CLASSICO.svg","contentUrl":"https:\/\/dev6.erresse-shop.it\/wp-content\/uploads\/2025\/01\/LOGO-ERRESSE-CLASSICO.svg","caption":"Erresse Shop"},"image":{"@id":"https:\/\/dev6.erresse-shop.it\/#\/schema\/logo\/image\/"}}]}},"df_price":49,"df_sale_price":49,"df_regular_price":49.99,"df_image_link":"https:\/\/i1.wp.com\/interpim.erresse-shop.it\/wp-content\/uploads\/2024\/07\/JOSEPH-JOSEPH-Mandoline\u2122-Plus-Grattugia-Impugnatura-Multipla-Bianco.jpg\/joseph-joseph-mandoline-e2-84-a2-plus-grattugia-impugnatura-multipla-bianco.jpg?resize=300,300&ssl=1","fifu_image_url":"https:\/\/interpim.erresse-shop.it\/wp-content\/uploads\/2024\/07\/JOSEPH-JOSEPH-Mandoline\u2122-Plus-Grattugia-Impugnatura-Multipla-Bianco.jpg\/joseph-joseph-mandoline-e2-84-a2-plus-grattugia-impugnatura-multipla-bianco.jpg","_links":{"self":[{"href":"https:\/\/dev6.erresse-shop.it\/fr\/wp-json\/wp\/v2\/product\/64567","targetHints":{"allow":["GET"]}}],"collection":[{"href":"https:\/\/dev6.erresse-shop.it\/fr\/wp-json\/wp\/v2\/product"}],"about":[{"href":"https:\/\/dev6.erresse-shop.it\/fr\/wp-json\/wp\/v2\/types\/product"}],"wp:featuredmedia":[{"embeddable":true,"href":"https:\/\/dev6.erresse-shop.it\/fr\/wp-json\/wp\/v2\/media\/6368916"}],"wp:attachment":[{"href":"https:\/\/dev6.erresse-shop.it\/fr\/wp-json\/wp\/v2\/media?parent=64567"}],"wp:term":[{"taxonomy":"product_cat","embeddable":true,"href":"https:\/\/dev6.erresse-shop.it\/fr\/wp-json\/wp\/v2\/product_cat?post=64567"},{"taxonomy":"product_tag","embeddable":true,"href":"https:\/\/dev6.erresse-shop.it\/fr\/wp-json\/wp\/v2\/product_tag?post=64567"}],"curies":[{"name":"wp","href":"https:\/\/api.w.org\/{rel}","templated":true}]}}