{"id":64557,"date":"2026-04-12T11:27:21","date_gmt":"2026-04-12T09:27:21","guid":{"rendered":"https:\/\/dev6.erresse-shop.it\/shop\/non%20class\u00e9\/lavazza-80-capsules-qualita-rossa-compatibles-nespresso\/"},"modified":"2025-07-04T18:20:40","modified_gmt":"2025-07-04T16:20:40","slug":"lavazza-80-capsules-qualita-rossa-compatibles-nespresso","status":"publish","type":"product","link":"https:\/\/dev6.erresse-shop.it\/fr\/shop\/cafe\/dosettes-et-capsules-de-cafe\/lavazza-80-capsules-qualita-rossa-compatibles-nespresso\/","title":{"rendered":"LAVAZZA 80 capsules Qualit\u00e0 Rossa compatibles Nespresso"},"content":{"rendered":"<p>Imaginez d\u00e9guster un caf\u00e9 dans une capsule qui englobe tout le style de vie italien. Son ar\u00f4me intense et enveloppant vous captive d\u00e8s le premier instant, vous emmenant dans un voyage sensoriel \u00e0 la d\u00e9couverte des saveurs les plus authentiques de l\u2019Italie.<\/p>\n<p>En d\u00e9gustant votre caf\u00e9, vous ressentez l\u2019\u00e9quilibre parfait entre les fruits secs et le chocolat d\u00e9licat, se m\u00e9langeant dans une symphonie de saveurs. Vous pouvez imaginer \u00eatre \u00e0 Venise, en vous promenant sur les canaux romantiques et en admirant l\u2019architecture \u00e0 couper le souffle de la ville, ou dans un petit village immerg\u00e9 dans la campagne toscane, entour\u00e9 de collines verdoyantes et de champs de tournesols.<\/p>\n<p>Dans les deux cas, votre caf\u00e9 vous offre un moment de plaisir et de d\u00e9tente, vous accompagnant dans la d\u00e9couverte de nouvelles exp\u00e9riences et traditions italiennes. C\u2019est le go\u00fbt de l\u2019Italie enferm\u00e9 dans une seule capsule, pr\u00eate \u00e0 \u00eatre d\u00e9gust\u00e9e o\u00f9 que vous soyez, \u00e0 tout moment de la journ\u00e9e.<\/p>\n<p>De plus, les capsules sont fabriqu\u00e9es en aluminium de haute qualit\u00e9, ce qui garantit une pr\u00e9servation maximale du go\u00fbt et de l\u2019ar\u00f4me du caf\u00e9 italien. Gr\u00e2ce \u00e0 leur forme ergonomique et leur ouverture facile, vous pourrez d\u00e9guster votre caf\u00e9 facilement et confortablement, o\u00f9 que vous soyez.<\/p>\n<p>Imaginez ouvrir une de ces capsules et \u00eatre imm\u00e9diatement envelopp\u00e9 par l\u2019ar\u00f4me intense et incomparable du caf\u00e9 fra\u00eechement infus\u00e9. Vous pourrez le d\u00e9guster seul ou en compagnie, comme un vrai italien, et d\u00e9couvrir toutes les nuances de saveur que ce fin m\u00e9lange a \u00e0 vous offrir.<\/p>\n<p>Le caf\u00e9 en capsules en aluminium est le choix parfait pour ceux qui aiment la qualit\u00e9 et le go\u00fbt authentique du caf\u00e9 italien, \u00e0 d\u00e9guster \u00e0 tout moment de la journ\u00e9e. Que vous soyez \u00e0 la maison ou au bureau, en vacances ou en voyage, votre caf\u00e9 italien est toujours \u00e0 port\u00e9e de main, pr\u00eat \u00e0 vous offrir un moment de plaisir et de d\u00e9tente.<\/p>\n<p>D\u00e9tails du produit:<\/p>\n<p>Espresso \u00e9quilibr\u00e9 et cors\u00e9, avec un arri\u00e8re-go\u00fbt de fruits secs.<br \/>\nVue Cr\u00e8me Dor\u00e9e<br \/>\nAr\u00f4me \u00e9quilibr\u00e9<br \/>\nGo\u00fbt Plein et cors\u00e9<br \/>\nNotes aromatiques Chocolat, fruits secs<br \/>\nComposition Arabica et Robusta<br \/>\nOrigine Am\u00e9rique centrale et du Sud, Afrique et Asie du Sud-Est<br \/>\nTorr\u00e9faction moyenne<\/p>\n<p>\u00a0<\/p>\n<p>Lavazza n\u2019est pas affili\u00e9, promu ou sponsoris\u00e9 par Nespresso.<br \/>\nNescaf\u00e8\u00ae, Dolce Gusto\u00ae et Melody I sont des marques de tiers sans aucun lien avec Luigi Lavazza S.p.A.<\/p>\n","protected":false},"excerpt":{"rendered":"<p>Imaginez d\u00e9guster un caf\u00e9 dans une capsule qui englobe tout le style de vie italien. Son ar\u00f4me intense et enveloppant vous captive d\u00e8s le premier instant, vous emmenant dans un voyage sensoriel \u00e0 la d\u00e9couverte des saveurs les plus authentiques de l\u2019Italie. En d\u00e9gustant votre caf\u00e9, vous ressentez l\u2019\u00e9quilibre parfait entre les fruits secs et [&hellip;]<\/p>\n","protected":false},"featured_media":6368904,"template":"","meta":{"_acf_changed":false},"product_cat":[12039],"product_tag":[],"class_list":{"0":"post-64557","1":"product","2":"type-product","3":"status-publish","4":"has-post-thumbnail","6":"product_cat-dosettes-et-capsules-de-cafe","8":"first","9":"instock","10":"taxable","11":"shipping-taxable","12":"product-type-simple","swatches":"rey-swatches","show_selected":"","stretch_labels":"rey-swatches--stretch-labels"},"acf":[],"yoast_head":"<!-- This site is optimized with the Yoast SEO plugin v25.4 - https:\/\/yoast.com\/wordpress\/plugins\/seo\/ -->\n<title>LAVAZZA 80 capsules Qualit\u00e0 Rossa compatibles Nespresso - dev6 Erresse<\/title>\n<meta name=\"description\" content=\"Imaginez d\u00e9guster un caf\u00e9 dans une capsule qui englobe tout le style de vie italien. Son ar\u00f4me intense et enveloppant vous captive d\u00e8s le premier instant,\" \/>\n<meta name=\"robots\" content=\"noindex, follow, max-snippet:-1, max-image-preview:large, max-video-preview:-1\" \/>\n<meta property=\"og:locale\" content=\"fr_FR\" \/>\n<meta property=\"og:type\" content=\"article\" \/>\n<meta property=\"og:title\" content=\"LAVAZZA 80 capsules Qualit\u00e0 Rossa compatibles Nespresso - dev6 Erresse\" \/>\n<meta property=\"og:description\" content=\"Imaginez d\u00e9guster un caf\u00e9 dans une capsule qui englobe tout le style de vie italien. Son ar\u00f4me intense et enveloppant vous captive d\u00e8s le premier instant,\" \/>\n<meta property=\"og:url\" content=\"https:\/\/dev6.erresse-shop.it\/fr\/shop\/cafe\/dosettes-et-capsules-de-cafe\/lavazza-80-capsules-qualita-rossa-compatibles-nespresso\/\" \/>\n<meta property=\"og:site_name\" content=\"dev6 Erresse\" \/>\n<meta property=\"og:image\" content=\"https:\/\/interpim.erresse-shop.it\/wp-content\/uploads\/2024\/07\/LAVAZZA-80-capsule-Qualita-Rossa-compatibile-Nespresso.jpg\/lavazza-80-capsule-qualita-rossa-compatibile-nespresso.jpg\" \/><meta property=\"og:image\" content=\"https:\/\/interpim.erresse-shop.it\/wp-content\/uploads\/2024\/07\/LAVAZZA-80-capsule-Qualita-Rossa-compatibile-Nespresso.jpg\/lavazza-80-capsule-qualita-rossa-compatibile-nespresso.jpg\" \/>\n\t<meta property=\"og:image:width\" content=\"1024\" \/>\n\t<meta property=\"og:image:height\" content=\"1024\" \/>\n\t<meta property=\"og:image:type\" content=\"image\/jpeg\" \/>\n<meta name=\"twitter:card\" content=\"summary_large_image\" \/>\n<meta name=\"twitter:image\" content=\"https:\/\/interpim.erresse-shop.it\/wp-content\/uploads\/2024\/07\/LAVAZZA-80-capsule-Qualita-Rossa-compatibile-Nespresso.jpg\/lavazza-80-capsule-qualita-rossa-compatibile-nespresso.jpg\" \/>\n<script type=\"application\/ld+json\" class=\"yoast-schema-graph\">{\"@context\":\"https:\/\/schema.org\",\"@graph\":[{\"@type\":\"WebPage\",\"@id\":\"https:\/\/dev6.erresse-shop.it\/fr\/shop\/cafe\/dosettes-et-capsules-de-cafe\/lavazza-80-capsules-qualita-rossa-compatibles-nespresso\/\",\"url\":\"https:\/\/dev6.erresse-shop.it\/fr\/shop\/cafe\/dosettes-et-capsules-de-cafe\/lavazza-80-capsules-qualita-rossa-compatibles-nespresso\/\",\"name\":\"LAVAZZA 80 capsules Qualit\u00e0 Rossa compatibles Nespresso - dev6 Erresse\",\"isPartOf\":{\"@id\":\"https:\/\/dev6.erresse-shop.it\/#website\"},\"primaryImageOfPage\":{\"@id\":\"https:\/\/dev6.erresse-shop.it\/fr\/shop\/cafe\/dosettes-et-capsules-de-cafe\/lavazza-80-capsules-qualita-rossa-compatibles-nespresso\/#primaryimage\"},\"image\":{\"@id\":\"https:\/\/dev6.erresse-shop.it\/fr\/shop\/cafe\/dosettes-et-capsules-de-cafe\/lavazza-80-capsules-qualita-rossa-compatibles-nespresso\/#primaryimage\"},\"thumbnailUrl\":\"https:\/\/i3.wp.com\/interpim.erresse-shop.it\/wp-content\/uploads\/2024\/07\/LAVAZZA-80-capsule-Qualita-Rossa-compatibile-Nespresso.jpg\/lavazza-80-capsule-qualita-rossa-compatibile-nespresso.jpg?ssl=1\",\"datePublished\":\"2026-04-12T09:27:21+00:00\",\"description\":\"Imaginez d\u00e9guster un caf\u00e9 dans une capsule qui englobe tout le style de vie italien. Son ar\u00f4me intense et enveloppant vous captive d\u00e8s le premier instant,\",\"breadcrumb\":{\"@id\":\"https:\/\/dev6.erresse-shop.it\/fr\/shop\/cafe\/dosettes-et-capsules-de-cafe\/lavazza-80-capsules-qualita-rossa-compatibles-nespresso\/#breadcrumb\"},\"inLanguage\":\"fr-FR\",\"potentialAction\":[{\"@type\":\"ReadAction\",\"target\":[\"https:\/\/dev6.erresse-shop.it\/fr\/shop\/cafe\/dosettes-et-capsules-de-cafe\/lavazza-80-capsules-qualita-rossa-compatibles-nespresso\/\"]}]},{\"@type\":\"ImageObject\",\"inLanguage\":\"fr-FR\",\"@id\":\"https:\/\/dev6.erresse-shop.it\/fr\/shop\/cafe\/dosettes-et-capsules-de-cafe\/lavazza-80-capsules-qualita-rossa-compatibles-nespresso\/#primaryimage\",\"url\":\"https:\/\/i3.wp.com\/interpim.erresse-shop.it\/wp-content\/uploads\/2024\/07\/LAVAZZA-80-capsule-Qualita-Rossa-compatibile-Nespresso.jpg\/lavazza-80-capsule-qualita-rossa-compatibile-nespresso.jpg?ssl=1\",\"contentUrl\":\"https:\/\/i3.wp.com\/interpim.erresse-shop.it\/wp-content\/uploads\/2024\/07\/LAVAZZA-80-capsule-Qualita-Rossa-compatibile-Nespresso.jpg\/lavazza-80-capsule-qualita-rossa-compatibile-nespresso.jpg?ssl=1\"},{\"@type\":\"BreadcrumbList\",\"@id\":\"https:\/\/dev6.erresse-shop.it\/fr\/shop\/cafe\/dosettes-et-capsules-de-cafe\/lavazza-80-capsules-qualita-rossa-compatibles-nespresso\/#breadcrumb\",\"itemListElement\":[{\"@type\":\"ListItem\",\"position\":1,\"name\":\"Home\",\"item\":\"https:\/\/dev6.erresse-shop.it\/\"},{\"@type\":\"ListItem\",\"position\":2,\"name\":\"Boutique\",\"item\":\"https:\/\/dev6.erresse-shop.it\/shop\/\"},{\"@type\":\"ListItem\",\"position\":3,\"name\":\"LAVAZZA 80 capsules Qualit\u00e0 Rossa compatibles Nespresso\"}]},{\"@type\":\"WebSite\",\"@id\":\"https:\/\/dev6.erresse-shop.it\/#website\",\"url\":\"https:\/\/dev6.erresse-shop.it\/\",\"name\":\"Erresse Shop\",\"description\":\"\",\"publisher\":{\"@id\":\"https:\/\/dev6.erresse-shop.it\/#organization\"},\"potentialAction\":[{\"@type\":\"SearchAction\",\"target\":{\"@type\":\"EntryPoint\",\"urlTemplate\":\"https:\/\/dev6.erresse-shop.it\/?s={search_term_string}\"},\"query-input\":{\"@type\":\"PropertyValueSpecification\",\"valueRequired\":true,\"valueName\":\"search_term_string\"}}],\"inLanguage\":\"fr-FR\"},{\"@type\":\"Organization\",\"@id\":\"https:\/\/dev6.erresse-shop.it\/#organization\",\"name\":\"Erresse Shop\",\"url\":\"https:\/\/dev6.erresse-shop.it\/\",\"logo\":{\"@type\":\"ImageObject\",\"inLanguage\":\"fr-FR\",\"@id\":\"https:\/\/dev6.erresse-shop.it\/#\/schema\/logo\/image\/\",\"url\":\"https:\/\/dev6.erresse-shop.it\/wp-content\/uploads\/2025\/01\/LOGO-ERRESSE-CLASSICO.svg\",\"contentUrl\":\"https:\/\/dev6.erresse-shop.it\/wp-content\/uploads\/2025\/01\/LOGO-ERRESSE-CLASSICO.svg\",\"caption\":\"Erresse Shop\"},\"image\":{\"@id\":\"https:\/\/dev6.erresse-shop.it\/#\/schema\/logo\/image\/\"}}]}<\/script>\n<!-- \/ Yoast SEO plugin. -->","yoast_head_json":{"title":"LAVAZZA 80 capsules Qualit\u00e0 Rossa compatibles Nespresso - dev6 Erresse","description":"Imaginez d\u00e9guster un caf\u00e9 dans une capsule qui englobe tout le style de vie italien. Son ar\u00f4me intense et enveloppant vous captive d\u00e8s le premier instant,","robots":{"index":"noindex","follow":"follow","max-snippet":"max-snippet:-1","max-image-preview":"max-image-preview:large","max-video-preview":"max-video-preview:-1"},"og_locale":"fr_FR","og_type":"article","og_title":"LAVAZZA 80 capsules Qualit\u00e0 Rossa compatibles Nespresso - dev6 Erresse","og_description":"Imaginez d\u00e9guster un caf\u00e9 dans une capsule qui englobe tout le style de vie italien. Son ar\u00f4me intense et enveloppant vous captive d\u00e8s le premier instant,","og_url":"https:\/\/dev6.erresse-shop.it\/fr\/shop\/cafe\/dosettes-et-capsules-de-cafe\/lavazza-80-capsules-qualita-rossa-compatibles-nespresso\/","og_site_name":"dev6 Erresse","og_image":[{"url":"https:\/\/interpim.erresse-shop.it\/wp-content\/uploads\/2024\/07\/LAVAZZA-80-capsule-Qualita-Rossa-compatibile-Nespresso.jpg\/lavazza-80-capsule-qualita-rossa-compatibile-nespresso.jpg","type":"","width":"","height":""},{"url":"https:\/\/interpim.erresse-shop.it\/wp-content\/uploads\/2024\/07\/LAVAZZA-80-capsule-Qualita-Rossa-compatibile-Nespresso.jpg\/lavazza-80-capsule-qualita-rossa-compatibile-nespresso.jpg","width":1024,"height":1024,"type":"image\/jpeg"}],"twitter_card":"summary_large_image","twitter_image":"https:\/\/interpim.erresse-shop.it\/wp-content\/uploads\/2024\/07\/LAVAZZA-80-capsule-Qualita-Rossa-compatibile-Nespresso.jpg\/lavazza-80-capsule-qualita-rossa-compatibile-nespresso.jpg","schema":{"@context":"https:\/\/schema.org","@graph":[{"@type":"WebPage","@id":"https:\/\/dev6.erresse-shop.it\/fr\/shop\/cafe\/dosettes-et-capsules-de-cafe\/lavazza-80-capsules-qualita-rossa-compatibles-nespresso\/","url":"https:\/\/dev6.erresse-shop.it\/fr\/shop\/cafe\/dosettes-et-capsules-de-cafe\/lavazza-80-capsules-qualita-rossa-compatibles-nespresso\/","name":"LAVAZZA 80 capsules Qualit\u00e0 Rossa compatibles Nespresso - dev6 Erresse","isPartOf":{"@id":"https:\/\/dev6.erresse-shop.it\/#website"},"primaryImageOfPage":{"@id":"https:\/\/dev6.erresse-shop.it\/fr\/shop\/cafe\/dosettes-et-capsules-de-cafe\/lavazza-80-capsules-qualita-rossa-compatibles-nespresso\/#primaryimage"},"image":{"@id":"https:\/\/dev6.erresse-shop.it\/fr\/shop\/cafe\/dosettes-et-capsules-de-cafe\/lavazza-80-capsules-qualita-rossa-compatibles-nespresso\/#primaryimage"},"thumbnailUrl":"https:\/\/i3.wp.com\/interpim.erresse-shop.it\/wp-content\/uploads\/2024\/07\/LAVAZZA-80-capsule-Qualita-Rossa-compatibile-Nespresso.jpg\/lavazza-80-capsule-qualita-rossa-compatibile-nespresso.jpg?ssl=1","datePublished":"2026-04-12T09:27:21+00:00","description":"Imaginez d\u00e9guster un caf\u00e9 dans une capsule qui englobe tout le style de vie italien. Son ar\u00f4me intense et enveloppant vous captive d\u00e8s le premier instant,","breadcrumb":{"@id":"https:\/\/dev6.erresse-shop.it\/fr\/shop\/cafe\/dosettes-et-capsules-de-cafe\/lavazza-80-capsules-qualita-rossa-compatibles-nespresso\/#breadcrumb"},"inLanguage":"fr-FR","potentialAction":[{"@type":"ReadAction","target":["https:\/\/dev6.erresse-shop.it\/fr\/shop\/cafe\/dosettes-et-capsules-de-cafe\/lavazza-80-capsules-qualita-rossa-compatibles-nespresso\/"]}]},{"@type":"ImageObject","inLanguage":"fr-FR","@id":"https:\/\/dev6.erresse-shop.it\/fr\/shop\/cafe\/dosettes-et-capsules-de-cafe\/lavazza-80-capsules-qualita-rossa-compatibles-nespresso\/#primaryimage","url":"https:\/\/i3.wp.com\/interpim.erresse-shop.it\/wp-content\/uploads\/2024\/07\/LAVAZZA-80-capsule-Qualita-Rossa-compatibile-Nespresso.jpg\/lavazza-80-capsule-qualita-rossa-compatibile-nespresso.jpg?ssl=1","contentUrl":"https:\/\/i3.wp.com\/interpim.erresse-shop.it\/wp-content\/uploads\/2024\/07\/LAVAZZA-80-capsule-Qualita-Rossa-compatibile-Nespresso.jpg\/lavazza-80-capsule-qualita-rossa-compatibile-nespresso.jpg?ssl=1"},{"@type":"BreadcrumbList","@id":"https:\/\/dev6.erresse-shop.it\/fr\/shop\/cafe\/dosettes-et-capsules-de-cafe\/lavazza-80-capsules-qualita-rossa-compatibles-nespresso\/#breadcrumb","itemListElement":[{"@type":"ListItem","position":1,"name":"Home","item":"https:\/\/dev6.erresse-shop.it\/"},{"@type":"ListItem","position":2,"name":"Boutique","item":"https:\/\/dev6.erresse-shop.it\/shop\/"},{"@type":"ListItem","position":3,"name":"LAVAZZA 80 capsules Qualit\u00e0 Rossa compatibles Nespresso"}]},{"@type":"WebSite","@id":"https:\/\/dev6.erresse-shop.it\/#website","url":"https:\/\/dev6.erresse-shop.it\/","name":"Erresse Shop","description":"","publisher":{"@id":"https:\/\/dev6.erresse-shop.it\/#organization"},"potentialAction":[{"@type":"SearchAction","target":{"@type":"EntryPoint","urlTemplate":"https:\/\/dev6.erresse-shop.it\/?s={search_term_string}"},"query-input":{"@type":"PropertyValueSpecification","valueRequired":true,"valueName":"search_term_string"}}],"inLanguage":"fr-FR"},{"@type":"Organization","@id":"https:\/\/dev6.erresse-shop.it\/#organization","name":"Erresse Shop","url":"https:\/\/dev6.erresse-shop.it\/","logo":{"@type":"ImageObject","inLanguage":"fr-FR","@id":"https:\/\/dev6.erresse-shop.it\/#\/schema\/logo\/image\/","url":"https:\/\/dev6.erresse-shop.it\/wp-content\/uploads\/2025\/01\/LOGO-ERRESSE-CLASSICO.svg","contentUrl":"https:\/\/dev6.erresse-shop.it\/wp-content\/uploads\/2025\/01\/LOGO-ERRESSE-CLASSICO.svg","caption":"Erresse Shop"},"image":{"@id":"https:\/\/dev6.erresse-shop.it\/#\/schema\/logo\/image\/"}}]}},"df_price":"","df_sale_price":"","df_regular_price":"","df_image_link":"https:\/\/i3.wp.com\/interpim.erresse-shop.it\/wp-content\/uploads\/2024\/07\/LAVAZZA-80-capsule-Qualita-Rossa-compatibile-Nespresso.jpg\/lavazza-80-capsule-qualita-rossa-compatibile-nespresso.jpg?resize=300,300&ssl=1","fifu_image_url":"https:\/\/interpim.erresse-shop.it\/wp-content\/uploads\/2024\/07\/LAVAZZA-80-capsule-Qualita-Rossa-compatibile-Nespresso.jpg\/lavazza-80-capsule-qualita-rossa-compatibile-nespresso.jpg","_links":{"self":[{"href":"https:\/\/dev6.erresse-shop.it\/fr\/wp-json\/wp\/v2\/product\/64557","targetHints":{"allow":["GET"]}}],"collection":[{"href":"https:\/\/dev6.erresse-shop.it\/fr\/wp-json\/wp\/v2\/product"}],"about":[{"href":"https:\/\/dev6.erresse-shop.it\/fr\/wp-json\/wp\/v2\/types\/product"}],"wp:featuredmedia":[{"embeddable":true,"href":"https:\/\/dev6.erresse-shop.it\/fr\/wp-json\/wp\/v2\/media\/6368904"}],"wp:attachment":[{"href":"https:\/\/dev6.erresse-shop.it\/fr\/wp-json\/wp\/v2\/media?parent=64557"}],"wp:term":[{"taxonomy":"product_cat","embeddable":true,"href":"https:\/\/dev6.erresse-shop.it\/fr\/wp-json\/wp\/v2\/product_cat?post=64557"},{"taxonomy":"product_tag","embeddable":true,"href":"https:\/\/dev6.erresse-shop.it\/fr\/wp-json\/wp\/v2\/product_tag?post=64557"}],"curies":[{"name":"wp","href":"https:\/\/api.w.org\/{rel}","templated":true}]}}