{"id":64553,"date":"2026-04-12T11:27:21","date_gmt":"2026-04-12T09:27:21","guid":{"rendered":"https:\/\/dev6.erresse-shop.it\/shop\/non%20class\u00e9\/borbone-100-capsules-respresso-rouge\/"},"modified":"2025-07-04T18:20:34","modified_gmt":"2025-07-04T16:20:34","slug":"borbone-100-capsules-respresso-rouge","status":"publish","type":"product","link":"https:\/\/dev6.erresse-shop.it\/fr\/shop\/cafe\/dosettes-et-capsules-de-cafe\/borbone-100-capsules-respresso-rouge\/","title":{"rendered":"BORBONE 100 capsules REspresso Rouge"},"content":{"rendered":"<p>100 capsules Caff\u00e8 Borbone m\u00e9lange Respresso rouge, compatible avec les machines Nespresso domestiques.<\/p>\n<p>Avec les capsules compatibles Respresso Red Blend, vous pouvez d\u00e9guster un caf\u00e9 au caract\u00e8re fort et d\u00e9cisif, au go\u00fbt purement \u00e9nergique.<br \/>\nOffrez \u00e0 votre palais un plaisir intense et choisissez un espresso cr\u00e9meux \u00e0 la saveur d\u00e9licieusement persistante, impossible \u00e0 oublier.<\/p>\n<p>D\u00e9tails du produit<\/p>\n<p>Caf\u00e9 torr\u00e9fi\u00e9 et moulu<br \/>\nEmball\u00e9 sous atmosph\u00e8re protectrice<br \/>\n100% Robusta s\u00e9lectionn\u00e9<\/p>\n<p>\u00a0<\/p>\n<p>*Nespresso\u00ae et *Nescaf\u00e9\u00ae *Dolce Gusto\u00ae sont des marques d\u00e9pos\u00e9es de la Soci\u00e9t\u00e9 des Produits Nestl\u00e8\u00ae S.A. Caff\u00e8 Borbone Srl est un fabricant ind\u00e9pendant qui n\u2019est pas li\u00e9 \u00e0 la Soci\u00e9t\u00e9 des Produits Nestl\u00e8\u00ae S.A. Les capsules Caff\u00e8 Borbone sont compatibles avec les machines \u00e0 caf\u00e9 domestiques Nespresso\u00ae \u2013 Nescaf\u00e9\u00ae Dolce Gusto\u00ae.<\/p>\n","protected":false},"excerpt":{"rendered":"<p>100 capsules Caff\u00e8 Borbone m\u00e9lange Respresso rouge, compatible avec les machines Nespresso domestiques. Avec les capsules compatibles Respresso Red Blend, vous pouvez d\u00e9guster un caf\u00e9 au caract\u00e8re fort et d\u00e9cisif, au go\u00fbt purement \u00e9nergique. Offrez \u00e0 votre palais un plaisir intense et choisissez un espresso cr\u00e9meux \u00e0 la saveur d\u00e9licieusement persistante, impossible \u00e0 oublier. D\u00e9tails [&hellip;]<\/p>\n","protected":false},"featured_media":6368897,"template":"","meta":{"_acf_changed":false},"product_cat":[12039],"product_tag":[],"class_list":{"0":"post-64553","1":"product","2":"type-product","3":"status-publish","4":"has-post-thumbnail","6":"product_cat-dosettes-et-capsules-de-cafe","8":"first","9":"instock","10":"taxable","11":"shipping-taxable","12":"product-type-simple","swatches":"rey-swatches","show_selected":"","stretch_labels":"rey-swatches--stretch-labels"},"acf":[],"yoast_head":"<!-- This site is optimized with the Yoast SEO plugin v25.4 - https:\/\/yoast.com\/wordpress\/plugins\/seo\/ -->\n<title>BORBONE 100 capsules REspresso Rouge - dev6 Erresse<\/title>\n<meta name=\"description\" content=\"100 capsules Caff\u00e8 Borbone m\u00e9lange Respresso rouge, compatible avec les machines Nespresso domestiques. Avec les capsules compatibles Respresso Red Blend,\" \/>\n<meta name=\"robots\" content=\"noindex, follow, max-snippet:-1, max-image-preview:large, max-video-preview:-1\" \/>\n<meta property=\"og:locale\" content=\"fr_FR\" \/>\n<meta property=\"og:type\" content=\"article\" \/>\n<meta property=\"og:title\" content=\"BORBONE 100 capsules REspresso Rouge - dev6 Erresse\" \/>\n<meta property=\"og:description\" content=\"100 capsules Caff\u00e8 Borbone m\u00e9lange Respresso rouge, compatible avec les machines Nespresso domestiques. Avec les capsules compatibles Respresso Red Blend,\" \/>\n<meta property=\"og:url\" content=\"https:\/\/dev6.erresse-shop.it\/fr\/shop\/cafe\/dosettes-et-capsules-de-cafe\/borbone-100-capsules-respresso-rouge\/\" \/>\n<meta property=\"og:site_name\" content=\"dev6 Erresse\" \/>\n<meta property=\"og:image\" content=\"https:\/\/interpim.erresse-shop.it\/Import\/Prodotti\/borbone-100-capsule-respresso-rossa.jpg\" \/><meta property=\"og:image\" content=\"https:\/\/interpim.erresse-shop.it\/Import\/Prodotti\/borbone-100-capsule-respresso-rossa.jpg\" \/>\n\t<meta property=\"og:image:width\" content=\"1024\" \/>\n\t<meta property=\"og:image:height\" content=\"1024\" \/>\n\t<meta property=\"og:image:type\" content=\"image\/jpeg\" \/>\n<meta name=\"twitter:card\" content=\"summary_large_image\" \/>\n<meta name=\"twitter:image\" content=\"https:\/\/interpim.erresse-shop.it\/Import\/Prodotti\/borbone-100-capsule-respresso-rossa.jpg\" \/>\n<script type=\"application\/ld+json\" class=\"yoast-schema-graph\">{\"@context\":\"https:\/\/schema.org\",\"@graph\":[{\"@type\":\"WebPage\",\"@id\":\"https:\/\/dev6.erresse-shop.it\/fr\/shop\/cafe\/dosettes-et-capsules-de-cafe\/borbone-100-capsules-respresso-rouge\/\",\"url\":\"https:\/\/dev6.erresse-shop.it\/fr\/shop\/cafe\/dosettes-et-capsules-de-cafe\/borbone-100-capsules-respresso-rouge\/\",\"name\":\"BORBONE 100 capsules REspresso Rouge - dev6 Erresse\",\"isPartOf\":{\"@id\":\"https:\/\/dev6.erresse-shop.it\/#website\"},\"primaryImageOfPage\":{\"@id\":\"https:\/\/dev6.erresse-shop.it\/fr\/shop\/cafe\/dosettes-et-capsules-de-cafe\/borbone-100-capsules-respresso-rouge\/#primaryimage\"},\"image\":{\"@id\":\"https:\/\/dev6.erresse-shop.it\/fr\/shop\/cafe\/dosettes-et-capsules-de-cafe\/borbone-100-capsules-respresso-rouge\/#primaryimage\"},\"thumbnailUrl\":\"https:\/\/i3.wp.com\/interpim.erresse-shop.it\/Import\/Prodotti\/borbone-100-capsule-respresso-rossa.jpg?ssl=1\",\"datePublished\":\"2026-04-12T09:27:21+00:00\",\"description\":\"100 capsules Caff\u00e8 Borbone m\u00e9lange Respresso rouge, compatible avec les machines Nespresso domestiques. Avec les capsules compatibles Respresso Red Blend,\",\"breadcrumb\":{\"@id\":\"https:\/\/dev6.erresse-shop.it\/fr\/shop\/cafe\/dosettes-et-capsules-de-cafe\/borbone-100-capsules-respresso-rouge\/#breadcrumb\"},\"inLanguage\":\"fr-FR\",\"potentialAction\":[{\"@type\":\"ReadAction\",\"target\":[\"https:\/\/dev6.erresse-shop.it\/fr\/shop\/cafe\/dosettes-et-capsules-de-cafe\/borbone-100-capsules-respresso-rouge\/\"]}]},{\"@type\":\"ImageObject\",\"inLanguage\":\"fr-FR\",\"@id\":\"https:\/\/dev6.erresse-shop.it\/fr\/shop\/cafe\/dosettes-et-capsules-de-cafe\/borbone-100-capsules-respresso-rouge\/#primaryimage\",\"url\":\"https:\/\/i3.wp.com\/interpim.erresse-shop.it\/Import\/Prodotti\/borbone-100-capsule-respresso-rossa.jpg?ssl=1\",\"contentUrl\":\"https:\/\/i3.wp.com\/interpim.erresse-shop.it\/Import\/Prodotti\/borbone-100-capsule-respresso-rossa.jpg?ssl=1\"},{\"@type\":\"BreadcrumbList\",\"@id\":\"https:\/\/dev6.erresse-shop.it\/fr\/shop\/cafe\/dosettes-et-capsules-de-cafe\/borbone-100-capsules-respresso-rouge\/#breadcrumb\",\"itemListElement\":[{\"@type\":\"ListItem\",\"position\":1,\"name\":\"Home\",\"item\":\"https:\/\/dev6.erresse-shop.it\/\"},{\"@type\":\"ListItem\",\"position\":2,\"name\":\"Boutique\",\"item\":\"https:\/\/dev6.erresse-shop.it\/shop\/\"},{\"@type\":\"ListItem\",\"position\":3,\"name\":\"BORBONE 100 capsules REspresso Rouge\"}]},{\"@type\":\"WebSite\",\"@id\":\"https:\/\/dev6.erresse-shop.it\/#website\",\"url\":\"https:\/\/dev6.erresse-shop.it\/\",\"name\":\"Erresse Shop\",\"description\":\"\",\"publisher\":{\"@id\":\"https:\/\/dev6.erresse-shop.it\/#organization\"},\"potentialAction\":[{\"@type\":\"SearchAction\",\"target\":{\"@type\":\"EntryPoint\",\"urlTemplate\":\"https:\/\/dev6.erresse-shop.it\/?s={search_term_string}\"},\"query-input\":{\"@type\":\"PropertyValueSpecification\",\"valueRequired\":true,\"valueName\":\"search_term_string\"}}],\"inLanguage\":\"fr-FR\"},{\"@type\":\"Organization\",\"@id\":\"https:\/\/dev6.erresse-shop.it\/#organization\",\"name\":\"Erresse Shop\",\"url\":\"https:\/\/dev6.erresse-shop.it\/\",\"logo\":{\"@type\":\"ImageObject\",\"inLanguage\":\"fr-FR\",\"@id\":\"https:\/\/dev6.erresse-shop.it\/#\/schema\/logo\/image\/\",\"url\":\"https:\/\/dev6.erresse-shop.it\/wp-content\/uploads\/2025\/01\/LOGO-ERRESSE-CLASSICO.svg\",\"contentUrl\":\"https:\/\/dev6.erresse-shop.it\/wp-content\/uploads\/2025\/01\/LOGO-ERRESSE-CLASSICO.svg\",\"caption\":\"Erresse Shop\"},\"image\":{\"@id\":\"https:\/\/dev6.erresse-shop.it\/#\/schema\/logo\/image\/\"}}]}<\/script>\n<!-- \/ Yoast SEO plugin. -->","yoast_head_json":{"title":"BORBONE 100 capsules REspresso Rouge - dev6 Erresse","description":"100 capsules Caff\u00e8 Borbone m\u00e9lange Respresso rouge, compatible avec les machines Nespresso domestiques. Avec les capsules compatibles Respresso Red Blend,","robots":{"index":"noindex","follow":"follow","max-snippet":"max-snippet:-1","max-image-preview":"max-image-preview:large","max-video-preview":"max-video-preview:-1"},"og_locale":"fr_FR","og_type":"article","og_title":"BORBONE 100 capsules REspresso Rouge - dev6 Erresse","og_description":"100 capsules Caff\u00e8 Borbone m\u00e9lange Respresso rouge, compatible avec les machines Nespresso domestiques. Avec les capsules compatibles Respresso Red Blend,","og_url":"https:\/\/dev6.erresse-shop.it\/fr\/shop\/cafe\/dosettes-et-capsules-de-cafe\/borbone-100-capsules-respresso-rouge\/","og_site_name":"dev6 Erresse","og_image":[{"url":"https:\/\/interpim.erresse-shop.it\/Import\/Prodotti\/borbone-100-capsule-respresso-rossa.jpg","type":"","width":"","height":""},{"url":"https:\/\/interpim.erresse-shop.it\/Import\/Prodotti\/borbone-100-capsule-respresso-rossa.jpg","width":1024,"height":1024,"type":"image\/jpeg"}],"twitter_card":"summary_large_image","twitter_image":"https:\/\/interpim.erresse-shop.it\/Import\/Prodotti\/borbone-100-capsule-respresso-rossa.jpg","schema":{"@context":"https:\/\/schema.org","@graph":[{"@type":"WebPage","@id":"https:\/\/dev6.erresse-shop.it\/fr\/shop\/cafe\/dosettes-et-capsules-de-cafe\/borbone-100-capsules-respresso-rouge\/","url":"https:\/\/dev6.erresse-shop.it\/fr\/shop\/cafe\/dosettes-et-capsules-de-cafe\/borbone-100-capsules-respresso-rouge\/","name":"BORBONE 100 capsules REspresso Rouge - dev6 Erresse","isPartOf":{"@id":"https:\/\/dev6.erresse-shop.it\/#website"},"primaryImageOfPage":{"@id":"https:\/\/dev6.erresse-shop.it\/fr\/shop\/cafe\/dosettes-et-capsules-de-cafe\/borbone-100-capsules-respresso-rouge\/#primaryimage"},"image":{"@id":"https:\/\/dev6.erresse-shop.it\/fr\/shop\/cafe\/dosettes-et-capsules-de-cafe\/borbone-100-capsules-respresso-rouge\/#primaryimage"},"thumbnailUrl":"https:\/\/i3.wp.com\/interpim.erresse-shop.it\/Import\/Prodotti\/borbone-100-capsule-respresso-rossa.jpg?ssl=1","datePublished":"2026-04-12T09:27:21+00:00","description":"100 capsules Caff\u00e8 Borbone m\u00e9lange Respresso rouge, compatible avec les machines Nespresso domestiques. Avec les capsules compatibles Respresso Red Blend,","breadcrumb":{"@id":"https:\/\/dev6.erresse-shop.it\/fr\/shop\/cafe\/dosettes-et-capsules-de-cafe\/borbone-100-capsules-respresso-rouge\/#breadcrumb"},"inLanguage":"fr-FR","potentialAction":[{"@type":"ReadAction","target":["https:\/\/dev6.erresse-shop.it\/fr\/shop\/cafe\/dosettes-et-capsules-de-cafe\/borbone-100-capsules-respresso-rouge\/"]}]},{"@type":"ImageObject","inLanguage":"fr-FR","@id":"https:\/\/dev6.erresse-shop.it\/fr\/shop\/cafe\/dosettes-et-capsules-de-cafe\/borbone-100-capsules-respresso-rouge\/#primaryimage","url":"https:\/\/i3.wp.com\/interpim.erresse-shop.it\/Import\/Prodotti\/borbone-100-capsule-respresso-rossa.jpg?ssl=1","contentUrl":"https:\/\/i3.wp.com\/interpim.erresse-shop.it\/Import\/Prodotti\/borbone-100-capsule-respresso-rossa.jpg?ssl=1"},{"@type":"BreadcrumbList","@id":"https:\/\/dev6.erresse-shop.it\/fr\/shop\/cafe\/dosettes-et-capsules-de-cafe\/borbone-100-capsules-respresso-rouge\/#breadcrumb","itemListElement":[{"@type":"ListItem","position":1,"name":"Home","item":"https:\/\/dev6.erresse-shop.it\/"},{"@type":"ListItem","position":2,"name":"Boutique","item":"https:\/\/dev6.erresse-shop.it\/shop\/"},{"@type":"ListItem","position":3,"name":"BORBONE 100 capsules REspresso Rouge"}]},{"@type":"WebSite","@id":"https:\/\/dev6.erresse-shop.it\/#website","url":"https:\/\/dev6.erresse-shop.it\/","name":"Erresse Shop","description":"","publisher":{"@id":"https:\/\/dev6.erresse-shop.it\/#organization"},"potentialAction":[{"@type":"SearchAction","target":{"@type":"EntryPoint","urlTemplate":"https:\/\/dev6.erresse-shop.it\/?s={search_term_string}"},"query-input":{"@type":"PropertyValueSpecification","valueRequired":true,"valueName":"search_term_string"}}],"inLanguage":"fr-FR"},{"@type":"Organization","@id":"https:\/\/dev6.erresse-shop.it\/#organization","name":"Erresse Shop","url":"https:\/\/dev6.erresse-shop.it\/","logo":{"@type":"ImageObject","inLanguage":"fr-FR","@id":"https:\/\/dev6.erresse-shop.it\/#\/schema\/logo\/image\/","url":"https:\/\/dev6.erresse-shop.it\/wp-content\/uploads\/2025\/01\/LOGO-ERRESSE-CLASSICO.svg","contentUrl":"https:\/\/dev6.erresse-shop.it\/wp-content\/uploads\/2025\/01\/LOGO-ERRESSE-CLASSICO.svg","caption":"Erresse Shop"},"image":{"@id":"https:\/\/dev6.erresse-shop.it\/#\/schema\/logo\/image\/"}}]}},"df_price":"","df_sale_price":"","df_regular_price":"","df_image_link":"https:\/\/i3.wp.com\/interpim.erresse-shop.it\/Import\/Prodotti\/borbone-100-capsule-respresso-rossa.jpg?resize=300,300&ssl=1","fifu_image_url":"https:\/\/interpim.erresse-shop.it\/Import\/Prodotti\/borbone-100-capsule-respresso-rossa.jpg","_links":{"self":[{"href":"https:\/\/dev6.erresse-shop.it\/fr\/wp-json\/wp\/v2\/product\/64553","targetHints":{"allow":["GET"]}}],"collection":[{"href":"https:\/\/dev6.erresse-shop.it\/fr\/wp-json\/wp\/v2\/product"}],"about":[{"href":"https:\/\/dev6.erresse-shop.it\/fr\/wp-json\/wp\/v2\/types\/product"}],"wp:featuredmedia":[{"embeddable":true,"href":"https:\/\/dev6.erresse-shop.it\/fr\/wp-json\/wp\/v2\/media\/6368897"}],"wp:attachment":[{"href":"https:\/\/dev6.erresse-shop.it\/fr\/wp-json\/wp\/v2\/media?parent=64553"}],"wp:term":[{"taxonomy":"product_cat","embeddable":true,"href":"https:\/\/dev6.erresse-shop.it\/fr\/wp-json\/wp\/v2\/product_cat?post=64553"},{"taxonomy":"product_tag","embeddable":true,"href":"https:\/\/dev6.erresse-shop.it\/fr\/wp-json\/wp\/v2\/product_tag?post=64553"}],"curies":[{"name":"wp","href":"https:\/\/api.w.org\/{rel}","templated":true}]}}