{"id":64533,"date":"2026-04-12T11:25:18","date_gmt":"2026-04-12T09:25:18","guid":{"rendered":"https:\/\/dev6.erresse-shop.it\/shop\/non%20class\u00e9\/guzzini-flowerlemon-set-de-couverts-24-pieces-rouge-transparent\/"},"modified":"2025-09-14T05:43:51","modified_gmt":"2025-09-14T03:43:51","slug":"guzzini-flowerlemon-set-de-couverts-24-pieces-rouge-transparent","status":"publish","type":"product","link":"https:\/\/dev6.erresse-shop.it\/fr\/shop\/table-fr-2\/couverts\/guzzini-flowerlemon-set-de-couverts-24-pieces-rouge-transparent\/","title":{"rendered":"GUZZINI Flower&#038;Lemon Set de couverts 24 pi\u00e8ces Rouge transparent"},"content":{"rendered":"<p>Les couverts en acier avec manche en plastique d\u00e9cor\u00e9 \u201dFlower&amp;Lemon\u201d \u00e9voquent les senteurs et les couleurs des fleurs de printemps et des citrons, donnant \u00e0 la table une touche de fra\u00eecheur et de gaiet\u00e9.<\/p>\n<p>Trou de passage en acier inoxydable de haute qualit\u00e9<br \/>\nManche ergonomique en plastique d\u00e9cor\u00e9 pour une prise en main facile et s\u00fbre<br \/>\nFacile \u00e0 nettoyer, passe au lave-vaisselle<br \/>\n6 couverts : 6 fourchettes, 6 cuill\u00e8res, 6 couteaux<\/p>\n<p>Mat\u00e9riau : acier inoxydable<\/p>\n","protected":false},"excerpt":{"rendered":"<p>Les couverts en acier avec manche en plastique d\u00e9cor\u00e9 \u201dFlower&amp;Lemon\u201d \u00e9voquent les senteurs et les couleurs des fleurs de printemps et des citrons, donnant \u00e0 la table une touche de fra\u00eecheur et de gaiet\u00e9. Trou de passage en acier inoxydable de haute qualit\u00e9 Manche ergonomique en plastique d\u00e9cor\u00e9 pour une prise en main facile et [&hellip;]<\/p>\n","protected":false},"featured_media":6368861,"template":"","meta":{"_acf_changed":false},"product_cat":[11996,11995,11671],"product_tag":[],"class_list":{"0":"post-64533","1":"product","2":"type-product","3":"status-publish","4":"has-post-thumbnail","6":"product_cat-couverts","7":"product_cat-table-fr-2","8":"product_cat-tavola","10":"first","11":"instock","12":"sale","13":"taxable","14":"shipping-taxable","15":"purchasable","16":"product-type-simple","swatches":"rey-swatches","show_selected":"","stretch_labels":"rey-swatches--stretch-labels"},"acf":[],"yoast_head":"<!-- This site is optimized with the Yoast SEO plugin v25.4 - https:\/\/yoast.com\/wordpress\/plugins\/seo\/ -->\n<title>GUZZINI Flower&#038;Lemon Set de couverts 24 pi\u00e8ces Rouge transparent - dev6 Erresse<\/title>\n<meta name=\"description\" content=\"Les couverts en acier avec manche en plastique d\u00e9cor\u00e9 \u201dFlower&amp;Lemon\u201d \u00e9voquent les senteurs et les couleurs des fleurs de printemps et des citrons,\" \/>\n<meta name=\"robots\" content=\"noindex, follow, max-snippet:-1, max-image-preview:large, max-video-preview:-1\" \/>\n<meta property=\"og:locale\" content=\"fr_FR\" \/>\n<meta property=\"og:type\" content=\"article\" \/>\n<meta property=\"og:title\" content=\"GUZZINI Flower&#038;Lemon Set de couverts 24 pi\u00e8ces Rouge transparent - dev6 Erresse\" \/>\n<meta property=\"og:description\" content=\"Les couverts en acier avec manche en plastique d\u00e9cor\u00e9 \u201dFlower&amp;Lemon\u201d \u00e9voquent les senteurs et les couleurs des fleurs de printemps et des citrons,\" \/>\n<meta property=\"og:url\" content=\"https:\/\/dev6.erresse-shop.it\/fr\/shop\/table-fr-2\/couverts\/guzzini-flowerlemon-set-de-couverts-24-pieces-rouge-transparent\/\" \/>\n<meta property=\"og:site_name\" content=\"dev6 Erresse\" \/>\n<meta property=\"og:image\" content=\"https:\/\/interpim.erresse-shop.it\/Import\/Prodotti\/guzzini-flowerlemon-set-posate-24-pezzi-rosso-trasparente.jpg\" \/><meta property=\"og:image\" content=\"https:\/\/interpim.erresse-shop.it\/Import\/Prodotti\/guzzini-flowerlemon-set-posate-24-pezzi-rosso-trasparente.jpg\" \/>\n\t<meta property=\"og:image:width\" content=\"1024\" \/>\n\t<meta property=\"og:image:height\" content=\"1024\" \/>\n\t<meta property=\"og:image:type\" content=\"image\/jpeg\" \/>\n<meta name=\"twitter:card\" content=\"summary_large_image\" \/>\n<meta name=\"twitter:image\" content=\"https:\/\/interpim.erresse-shop.it\/Import\/Prodotti\/guzzini-flowerlemon-set-posate-24-pezzi-rosso-trasparente.jpg\" \/>\n<script type=\"application\/ld+json\" class=\"yoast-schema-graph\">{\"@context\":\"https:\/\/schema.org\",\"@graph\":[{\"@type\":\"WebPage\",\"@id\":\"https:\/\/dev6.erresse-shop.it\/fr\/shop\/table-fr-2\/couverts\/guzzini-flowerlemon-set-de-couverts-24-pieces-rouge-transparent\/\",\"url\":\"https:\/\/dev6.erresse-shop.it\/fr\/shop\/table-fr-2\/couverts\/guzzini-flowerlemon-set-de-couverts-24-pieces-rouge-transparent\/\",\"name\":\"GUZZINI Flower&#038;Lemon Set de couverts 24 pi\u00e8ces Rouge transparent - dev6 Erresse\",\"isPartOf\":{\"@id\":\"https:\/\/dev6.erresse-shop.it\/#website\"},\"primaryImageOfPage\":{\"@id\":\"https:\/\/dev6.erresse-shop.it\/fr\/shop\/table-fr-2\/couverts\/guzzini-flowerlemon-set-de-couverts-24-pieces-rouge-transparent\/#primaryimage\"},\"image\":{\"@id\":\"https:\/\/dev6.erresse-shop.it\/fr\/shop\/table-fr-2\/couverts\/guzzini-flowerlemon-set-de-couverts-24-pieces-rouge-transparent\/#primaryimage\"},\"thumbnailUrl\":\"https:\/\/i3.wp.com\/interpim.erresse-shop.it\/Import\/Prodotti\/guzzini-flowerlemon-set-posate-24-pezzi-rosso-trasparente.jpg?ssl=1\",\"datePublished\":\"2026-04-12T09:25:18+00:00\",\"description\":\"Les couverts en acier avec manche en plastique d\u00e9cor\u00e9 \u201dFlower&amp;Lemon\u201d \u00e9voquent les senteurs et les couleurs des fleurs de printemps et des citrons,\",\"breadcrumb\":{\"@id\":\"https:\/\/dev6.erresse-shop.it\/fr\/shop\/table-fr-2\/couverts\/guzzini-flowerlemon-set-de-couverts-24-pieces-rouge-transparent\/#breadcrumb\"},\"inLanguage\":\"fr-FR\",\"potentialAction\":[{\"@type\":\"ReadAction\",\"target\":[\"https:\/\/dev6.erresse-shop.it\/fr\/shop\/table-fr-2\/couverts\/guzzini-flowerlemon-set-de-couverts-24-pieces-rouge-transparent\/\"]}]},{\"@type\":\"ImageObject\",\"inLanguage\":\"fr-FR\",\"@id\":\"https:\/\/dev6.erresse-shop.it\/fr\/shop\/table-fr-2\/couverts\/guzzini-flowerlemon-set-de-couverts-24-pieces-rouge-transparent\/#primaryimage\",\"url\":\"https:\/\/i3.wp.com\/interpim.erresse-shop.it\/Import\/Prodotti\/guzzini-flowerlemon-set-posate-24-pezzi-rosso-trasparente.jpg?ssl=1\",\"contentUrl\":\"https:\/\/i3.wp.com\/interpim.erresse-shop.it\/Import\/Prodotti\/guzzini-flowerlemon-set-posate-24-pezzi-rosso-trasparente.jpg?ssl=1\"},{\"@type\":\"BreadcrumbList\",\"@id\":\"https:\/\/dev6.erresse-shop.it\/fr\/shop\/table-fr-2\/couverts\/guzzini-flowerlemon-set-de-couverts-24-pieces-rouge-transparent\/#breadcrumb\",\"itemListElement\":[{\"@type\":\"ListItem\",\"position\":1,\"name\":\"Home\",\"item\":\"https:\/\/dev6.erresse-shop.it\/\"},{\"@type\":\"ListItem\",\"position\":2,\"name\":\"Boutique\",\"item\":\"https:\/\/dev6.erresse-shop.it\/shop\/\"},{\"@type\":\"ListItem\",\"position\":3,\"name\":\"GUZZINI Flower&#038;Lemon Set de couverts 24 pi\u00e8ces Rouge transparent\"}]},{\"@type\":\"WebSite\",\"@id\":\"https:\/\/dev6.erresse-shop.it\/#website\",\"url\":\"https:\/\/dev6.erresse-shop.it\/\",\"name\":\"Erresse Shop\",\"description\":\"\",\"publisher\":{\"@id\":\"https:\/\/dev6.erresse-shop.it\/#organization\"},\"potentialAction\":[{\"@type\":\"SearchAction\",\"target\":{\"@type\":\"EntryPoint\",\"urlTemplate\":\"https:\/\/dev6.erresse-shop.it\/?s={search_term_string}\"},\"query-input\":{\"@type\":\"PropertyValueSpecification\",\"valueRequired\":true,\"valueName\":\"search_term_string\"}}],\"inLanguage\":\"fr-FR\"},{\"@type\":\"Organization\",\"@id\":\"https:\/\/dev6.erresse-shop.it\/#organization\",\"name\":\"Erresse Shop\",\"url\":\"https:\/\/dev6.erresse-shop.it\/\",\"logo\":{\"@type\":\"ImageObject\",\"inLanguage\":\"fr-FR\",\"@id\":\"https:\/\/dev6.erresse-shop.it\/#\/schema\/logo\/image\/\",\"url\":\"https:\/\/dev6.erresse-shop.it\/wp-content\/uploads\/2025\/01\/LOGO-ERRESSE-CLASSICO.svg\",\"contentUrl\":\"https:\/\/dev6.erresse-shop.it\/wp-content\/uploads\/2025\/01\/LOGO-ERRESSE-CLASSICO.svg\",\"caption\":\"Erresse Shop\"},\"image\":{\"@id\":\"https:\/\/dev6.erresse-shop.it\/#\/schema\/logo\/image\/\"}}]}<\/script>\n<!-- \/ Yoast SEO plugin. -->","yoast_head_json":{"title":"GUZZINI Flower&#038;Lemon Set de couverts 24 pi\u00e8ces Rouge transparent - dev6 Erresse","description":"Les couverts en acier avec manche en plastique d\u00e9cor\u00e9 \u201dFlower&amp;Lemon\u201d \u00e9voquent les senteurs et les couleurs des fleurs de printemps et des citrons,","robots":{"index":"noindex","follow":"follow","max-snippet":"max-snippet:-1","max-image-preview":"max-image-preview:large","max-video-preview":"max-video-preview:-1"},"og_locale":"fr_FR","og_type":"article","og_title":"GUZZINI Flower&#038;Lemon Set de couverts 24 pi\u00e8ces Rouge transparent - dev6 Erresse","og_description":"Les couverts en acier avec manche en plastique d\u00e9cor\u00e9 \u201dFlower&amp;Lemon\u201d \u00e9voquent les senteurs et les couleurs des fleurs de printemps et des citrons,","og_url":"https:\/\/dev6.erresse-shop.it\/fr\/shop\/table-fr-2\/couverts\/guzzini-flowerlemon-set-de-couverts-24-pieces-rouge-transparent\/","og_site_name":"dev6 Erresse","og_image":[{"url":"https:\/\/interpim.erresse-shop.it\/Import\/Prodotti\/guzzini-flowerlemon-set-posate-24-pezzi-rosso-trasparente.jpg","type":"","width":"","height":""},{"url":"https:\/\/interpim.erresse-shop.it\/Import\/Prodotti\/guzzini-flowerlemon-set-posate-24-pezzi-rosso-trasparente.jpg","width":1024,"height":1024,"type":"image\/jpeg"}],"twitter_card":"summary_large_image","twitter_image":"https:\/\/interpim.erresse-shop.it\/Import\/Prodotti\/guzzini-flowerlemon-set-posate-24-pezzi-rosso-trasparente.jpg","schema":{"@context":"https:\/\/schema.org","@graph":[{"@type":"WebPage","@id":"https:\/\/dev6.erresse-shop.it\/fr\/shop\/table-fr-2\/couverts\/guzzini-flowerlemon-set-de-couverts-24-pieces-rouge-transparent\/","url":"https:\/\/dev6.erresse-shop.it\/fr\/shop\/table-fr-2\/couverts\/guzzini-flowerlemon-set-de-couverts-24-pieces-rouge-transparent\/","name":"GUZZINI Flower&#038;Lemon Set de couverts 24 pi\u00e8ces Rouge transparent - dev6 Erresse","isPartOf":{"@id":"https:\/\/dev6.erresse-shop.it\/#website"},"primaryImageOfPage":{"@id":"https:\/\/dev6.erresse-shop.it\/fr\/shop\/table-fr-2\/couverts\/guzzini-flowerlemon-set-de-couverts-24-pieces-rouge-transparent\/#primaryimage"},"image":{"@id":"https:\/\/dev6.erresse-shop.it\/fr\/shop\/table-fr-2\/couverts\/guzzini-flowerlemon-set-de-couverts-24-pieces-rouge-transparent\/#primaryimage"},"thumbnailUrl":"https:\/\/i3.wp.com\/interpim.erresse-shop.it\/Import\/Prodotti\/guzzini-flowerlemon-set-posate-24-pezzi-rosso-trasparente.jpg?ssl=1","datePublished":"2026-04-12T09:25:18+00:00","description":"Les couverts en acier avec manche en plastique d\u00e9cor\u00e9 \u201dFlower&amp;Lemon\u201d \u00e9voquent les senteurs et les couleurs des fleurs de printemps et des citrons,","breadcrumb":{"@id":"https:\/\/dev6.erresse-shop.it\/fr\/shop\/table-fr-2\/couverts\/guzzini-flowerlemon-set-de-couverts-24-pieces-rouge-transparent\/#breadcrumb"},"inLanguage":"fr-FR","potentialAction":[{"@type":"ReadAction","target":["https:\/\/dev6.erresse-shop.it\/fr\/shop\/table-fr-2\/couverts\/guzzini-flowerlemon-set-de-couverts-24-pieces-rouge-transparent\/"]}]},{"@type":"ImageObject","inLanguage":"fr-FR","@id":"https:\/\/dev6.erresse-shop.it\/fr\/shop\/table-fr-2\/couverts\/guzzini-flowerlemon-set-de-couverts-24-pieces-rouge-transparent\/#primaryimage","url":"https:\/\/i3.wp.com\/interpim.erresse-shop.it\/Import\/Prodotti\/guzzini-flowerlemon-set-posate-24-pezzi-rosso-trasparente.jpg?ssl=1","contentUrl":"https:\/\/i3.wp.com\/interpim.erresse-shop.it\/Import\/Prodotti\/guzzini-flowerlemon-set-posate-24-pezzi-rosso-trasparente.jpg?ssl=1"},{"@type":"BreadcrumbList","@id":"https:\/\/dev6.erresse-shop.it\/fr\/shop\/table-fr-2\/couverts\/guzzini-flowerlemon-set-de-couverts-24-pieces-rouge-transparent\/#breadcrumb","itemListElement":[{"@type":"ListItem","position":1,"name":"Home","item":"https:\/\/dev6.erresse-shop.it\/"},{"@type":"ListItem","position":2,"name":"Boutique","item":"https:\/\/dev6.erresse-shop.it\/shop\/"},{"@type":"ListItem","position":3,"name":"GUZZINI Flower&#038;Lemon Set de couverts 24 pi\u00e8ces Rouge transparent"}]},{"@type":"WebSite","@id":"https:\/\/dev6.erresse-shop.it\/#website","url":"https:\/\/dev6.erresse-shop.it\/","name":"Erresse Shop","description":"","publisher":{"@id":"https:\/\/dev6.erresse-shop.it\/#organization"},"potentialAction":[{"@type":"SearchAction","target":{"@type":"EntryPoint","urlTemplate":"https:\/\/dev6.erresse-shop.it\/?s={search_term_string}"},"query-input":{"@type":"PropertyValueSpecification","valueRequired":true,"valueName":"search_term_string"}}],"inLanguage":"fr-FR"},{"@type":"Organization","@id":"https:\/\/dev6.erresse-shop.it\/#organization","name":"Erresse Shop","url":"https:\/\/dev6.erresse-shop.it\/","logo":{"@type":"ImageObject","inLanguage":"fr-FR","@id":"https:\/\/dev6.erresse-shop.it\/#\/schema\/logo\/image\/","url":"https:\/\/dev6.erresse-shop.it\/wp-content\/uploads\/2025\/01\/LOGO-ERRESSE-CLASSICO.svg","contentUrl":"https:\/\/dev6.erresse-shop.it\/wp-content\/uploads\/2025\/01\/LOGO-ERRESSE-CLASSICO.svg","caption":"Erresse Shop"},"image":{"@id":"https:\/\/dev6.erresse-shop.it\/#\/schema\/logo\/image\/"}}]}},"df_price":64.95,"df_sale_price":64.95,"df_regular_price":79.9,"df_image_link":"https:\/\/i3.wp.com\/interpim.erresse-shop.it\/Import\/Prodotti\/guzzini-flowerlemon-set-posate-24-pezzi-rosso-trasparente.jpg?resize=300,300&ssl=1","fifu_image_url":"https:\/\/interpim.erresse-shop.it\/Import\/Prodotti\/guzzini-flowerlemon-set-posate-24-pezzi-rosso-trasparente.jpg","_links":{"self":[{"href":"https:\/\/dev6.erresse-shop.it\/fr\/wp-json\/wp\/v2\/product\/64533","targetHints":{"allow":["GET"]}}],"collection":[{"href":"https:\/\/dev6.erresse-shop.it\/fr\/wp-json\/wp\/v2\/product"}],"about":[{"href":"https:\/\/dev6.erresse-shop.it\/fr\/wp-json\/wp\/v2\/types\/product"}],"wp:featuredmedia":[{"embeddable":true,"href":"https:\/\/dev6.erresse-shop.it\/fr\/wp-json\/wp\/v2\/media\/6368861"}],"wp:attachment":[{"href":"https:\/\/dev6.erresse-shop.it\/fr\/wp-json\/wp\/v2\/media?parent=64533"}],"wp:term":[{"taxonomy":"product_cat","embeddable":true,"href":"https:\/\/dev6.erresse-shop.it\/fr\/wp-json\/wp\/v2\/product_cat?post=64533"},{"taxonomy":"product_tag","embeddable":true,"href":"https:\/\/dev6.erresse-shop.it\/fr\/wp-json\/wp\/v2\/product_tag?post=64533"}],"curies":[{"name":"wp","href":"https:\/\/api.w.org\/{rel}","templated":true}]}}