{"id":64527,"date":"2026-04-12T11:25:18","date_gmt":"2026-04-12T09:25:18","guid":{"rendered":"https:\/\/dev6.erresse-shop.it\/shop\/non%20class\u00e9\/guzzini-blues-set-de-couverts-24-pieces-emeraude\/"},"modified":"2025-09-14T05:43:38","modified_gmt":"2025-09-14T03:43:38","slug":"guzzini-blues-set-de-couverts-24-pieces-emeraude","status":"publish","type":"product","link":"https:\/\/dev6.erresse-shop.it\/fr\/shop\/table-fr-2\/couverts\/guzzini-blues-set-de-couverts-24-pieces-emeraude\/","title":{"rendered":"GUZZINI Blues Set de couverts 24 pi\u00e8ces \u00e9meraude"},"content":{"rendered":"<p>Les couverts en acier avec manche en plastique d\u00e9cor\u00e9 \u201dBlues\u201d ajoutent une touche de couleur et de gaiet\u00e9 \u00e0 la table.<\/p>\n<p>Acier inoxydable de haute qualit\u00e9 \u00e0 travers<br \/>\nManche ergonomique en plastique d\u00e9cor\u00e9 pour une prise en main facile et s\u00fbre<br \/>\nFacile \u00e0 nettoyer, passe au lave-vaisselle<br \/>\nCombinaison \u00e9l\u00e9gante de fonctionnalit\u00e9 et de style<br \/>\n6 couverts : 6 fourchettes, 6 cuill\u00e8res, 6 couteaux<\/p>\n<p>Designer : Angeletti Ruzza<br \/>\nMat\u00e9riau : Acier inoxydable<\/p>\n","protected":false},"excerpt":{"rendered":"<p>Les couverts en acier avec manche en plastique d\u00e9cor\u00e9 \u201dBlues\u201d ajoutent une touche de couleur et de gaiet\u00e9 \u00e0 la table. Acier inoxydable de haute qualit\u00e9 \u00e0 travers Manche ergonomique en plastique d\u00e9cor\u00e9 pour une prise en main facile et s\u00fbre Facile \u00e0 nettoyer, passe au lave-vaisselle Combinaison \u00e9l\u00e9gante de fonctionnalit\u00e9 et de style 6 [&hellip;]<\/p>\n","protected":false},"featured_media":6368849,"template":"","meta":{"_acf_changed":false},"product_cat":[11996,11995,11671],"product_tag":[],"class_list":{"0":"post-64527","1":"product","2":"type-product","3":"status-publish","4":"has-post-thumbnail","6":"product_cat-couverts","7":"product_cat-table-fr-2","8":"product_cat-tavola","10":"first","11":"instock","12":"sale","13":"taxable","14":"shipping-taxable","15":"purchasable","16":"product-type-simple","swatches":"rey-swatches","show_selected":"","stretch_labels":"rey-swatches--stretch-labels"},"acf":[],"yoast_head":"<!-- This site is optimized with the Yoast SEO plugin v25.4 - https:\/\/yoast.com\/wordpress\/plugins\/seo\/ -->\n<title>GUZZINI Blues Set de couverts 24 pi\u00e8ces \u00e9meraude - dev6 Erresse<\/title>\n<meta name=\"description\" content=\"Les couverts en acier avec manche en plastique d\u00e9cor\u00e9 \u201dBlues\u201d ajoutent une touche de couleur et de gaiet\u00e9 \u00e0 la table. Acier inoxydable de haute qualit\u00e9 \u00e0\" \/>\n<meta name=\"robots\" content=\"noindex, follow, max-snippet:-1, max-image-preview:large, max-video-preview:-1\" \/>\n<meta property=\"og:locale\" content=\"fr_FR\" \/>\n<meta property=\"og:type\" content=\"article\" \/>\n<meta property=\"og:title\" content=\"GUZZINI Blues Set de couverts 24 pi\u00e8ces \u00e9meraude - dev6 Erresse\" \/>\n<meta property=\"og:description\" content=\"Les couverts en acier avec manche en plastique d\u00e9cor\u00e9 \u201dBlues\u201d ajoutent une touche de couleur et de gaiet\u00e9 \u00e0 la table. Acier inoxydable de haute qualit\u00e9 \u00e0\" \/>\n<meta property=\"og:url\" content=\"https:\/\/dev6.erresse-shop.it\/fr\/shop\/table-fr-2\/couverts\/guzzini-blues-set-de-couverts-24-pieces-emeraude\/\" \/>\n<meta property=\"og:site_name\" content=\"dev6 Erresse\" \/>\n<meta property=\"og:image\" content=\"https:\/\/interpim.erresse-shop.it\/Import\/Prodotti\/guzzini-blues-set-posate-24-pezzi-smeraldo.jpg\" \/><meta property=\"og:image\" content=\"https:\/\/interpim.erresse-shop.it\/Import\/Prodotti\/guzzini-blues-set-posate-24-pezzi-smeraldo.jpg\" \/>\n\t<meta property=\"og:image:width\" content=\"1024\" \/>\n\t<meta property=\"og:image:height\" content=\"1024\" \/>\n\t<meta property=\"og:image:type\" content=\"image\/jpeg\" \/>\n<meta name=\"twitter:card\" content=\"summary_large_image\" \/>\n<meta name=\"twitter:image\" content=\"https:\/\/interpim.erresse-shop.it\/Import\/Prodotti\/guzzini-blues-set-posate-24-pezzi-smeraldo.jpg\" \/>\n<script type=\"application\/ld+json\" class=\"yoast-schema-graph\">{\"@context\":\"https:\/\/schema.org\",\"@graph\":[{\"@type\":\"WebPage\",\"@id\":\"https:\/\/dev6.erresse-shop.it\/fr\/shop\/table-fr-2\/couverts\/guzzini-blues-set-de-couverts-24-pieces-emeraude\/\",\"url\":\"https:\/\/dev6.erresse-shop.it\/fr\/shop\/table-fr-2\/couverts\/guzzini-blues-set-de-couverts-24-pieces-emeraude\/\",\"name\":\"GUZZINI Blues Set de couverts 24 pi\u00e8ces \u00e9meraude - dev6 Erresse\",\"isPartOf\":{\"@id\":\"https:\/\/dev6.erresse-shop.it\/#website\"},\"primaryImageOfPage\":{\"@id\":\"https:\/\/dev6.erresse-shop.it\/fr\/shop\/table-fr-2\/couverts\/guzzini-blues-set-de-couverts-24-pieces-emeraude\/#primaryimage\"},\"image\":{\"@id\":\"https:\/\/dev6.erresse-shop.it\/fr\/shop\/table-fr-2\/couverts\/guzzini-blues-set-de-couverts-24-pieces-emeraude\/#primaryimage\"},\"thumbnailUrl\":\"https:\/\/i2.wp.com\/interpim.erresse-shop.it\/Import\/Prodotti\/guzzini-blues-set-posate-24-pezzi-smeraldo.jpg?ssl=1\",\"datePublished\":\"2026-04-12T09:25:18+00:00\",\"description\":\"Les couverts en acier avec manche en plastique d\u00e9cor\u00e9 \u201dBlues\u201d ajoutent une touche de couleur et de gaiet\u00e9 \u00e0 la table. Acier inoxydable de haute qualit\u00e9 \u00e0\",\"breadcrumb\":{\"@id\":\"https:\/\/dev6.erresse-shop.it\/fr\/shop\/table-fr-2\/couverts\/guzzini-blues-set-de-couverts-24-pieces-emeraude\/#breadcrumb\"},\"inLanguage\":\"fr-FR\",\"potentialAction\":[{\"@type\":\"ReadAction\",\"target\":[\"https:\/\/dev6.erresse-shop.it\/fr\/shop\/table-fr-2\/couverts\/guzzini-blues-set-de-couverts-24-pieces-emeraude\/\"]}]},{\"@type\":\"ImageObject\",\"inLanguage\":\"fr-FR\",\"@id\":\"https:\/\/dev6.erresse-shop.it\/fr\/shop\/table-fr-2\/couverts\/guzzini-blues-set-de-couverts-24-pieces-emeraude\/#primaryimage\",\"url\":\"https:\/\/i2.wp.com\/interpim.erresse-shop.it\/Import\/Prodotti\/guzzini-blues-set-posate-24-pezzi-smeraldo.jpg?ssl=1\",\"contentUrl\":\"https:\/\/i2.wp.com\/interpim.erresse-shop.it\/Import\/Prodotti\/guzzini-blues-set-posate-24-pezzi-smeraldo.jpg?ssl=1\"},{\"@type\":\"BreadcrumbList\",\"@id\":\"https:\/\/dev6.erresse-shop.it\/fr\/shop\/table-fr-2\/couverts\/guzzini-blues-set-de-couverts-24-pieces-emeraude\/#breadcrumb\",\"itemListElement\":[{\"@type\":\"ListItem\",\"position\":1,\"name\":\"Home\",\"item\":\"https:\/\/dev6.erresse-shop.it\/\"},{\"@type\":\"ListItem\",\"position\":2,\"name\":\"Boutique\",\"item\":\"https:\/\/dev6.erresse-shop.it\/shop\/\"},{\"@type\":\"ListItem\",\"position\":3,\"name\":\"GUZZINI Blues Set de couverts 24 pi\u00e8ces \u00e9meraude\"}]},{\"@type\":\"WebSite\",\"@id\":\"https:\/\/dev6.erresse-shop.it\/#website\",\"url\":\"https:\/\/dev6.erresse-shop.it\/\",\"name\":\"Erresse Shop\",\"description\":\"\",\"publisher\":{\"@id\":\"https:\/\/dev6.erresse-shop.it\/#organization\"},\"potentialAction\":[{\"@type\":\"SearchAction\",\"target\":{\"@type\":\"EntryPoint\",\"urlTemplate\":\"https:\/\/dev6.erresse-shop.it\/?s={search_term_string}\"},\"query-input\":{\"@type\":\"PropertyValueSpecification\",\"valueRequired\":true,\"valueName\":\"search_term_string\"}}],\"inLanguage\":\"fr-FR\"},{\"@type\":\"Organization\",\"@id\":\"https:\/\/dev6.erresse-shop.it\/#organization\",\"name\":\"Erresse Shop\",\"url\":\"https:\/\/dev6.erresse-shop.it\/\",\"logo\":{\"@type\":\"ImageObject\",\"inLanguage\":\"fr-FR\",\"@id\":\"https:\/\/dev6.erresse-shop.it\/#\/schema\/logo\/image\/\",\"url\":\"https:\/\/dev6.erresse-shop.it\/wp-content\/uploads\/2025\/01\/LOGO-ERRESSE-CLASSICO.svg\",\"contentUrl\":\"https:\/\/dev6.erresse-shop.it\/wp-content\/uploads\/2025\/01\/LOGO-ERRESSE-CLASSICO.svg\",\"caption\":\"Erresse Shop\"},\"image\":{\"@id\":\"https:\/\/dev6.erresse-shop.it\/#\/schema\/logo\/image\/\"}}]}<\/script>\n<!-- \/ Yoast SEO plugin. -->","yoast_head_json":{"title":"GUZZINI Blues Set de couverts 24 pi\u00e8ces \u00e9meraude - dev6 Erresse","description":"Les couverts en acier avec manche en plastique d\u00e9cor\u00e9 \u201dBlues\u201d ajoutent une touche de couleur et de gaiet\u00e9 \u00e0 la table. Acier inoxydable de haute qualit\u00e9 \u00e0","robots":{"index":"noindex","follow":"follow","max-snippet":"max-snippet:-1","max-image-preview":"max-image-preview:large","max-video-preview":"max-video-preview:-1"},"og_locale":"fr_FR","og_type":"article","og_title":"GUZZINI Blues Set de couverts 24 pi\u00e8ces \u00e9meraude - dev6 Erresse","og_description":"Les couverts en acier avec manche en plastique d\u00e9cor\u00e9 \u201dBlues\u201d ajoutent une touche de couleur et de gaiet\u00e9 \u00e0 la table. Acier inoxydable de haute qualit\u00e9 \u00e0","og_url":"https:\/\/dev6.erresse-shop.it\/fr\/shop\/table-fr-2\/couverts\/guzzini-blues-set-de-couverts-24-pieces-emeraude\/","og_site_name":"dev6 Erresse","og_image":[{"url":"https:\/\/interpim.erresse-shop.it\/Import\/Prodotti\/guzzini-blues-set-posate-24-pezzi-smeraldo.jpg","type":"","width":"","height":""},{"url":"https:\/\/interpim.erresse-shop.it\/Import\/Prodotti\/guzzini-blues-set-posate-24-pezzi-smeraldo.jpg","width":1024,"height":1024,"type":"image\/jpeg"}],"twitter_card":"summary_large_image","twitter_image":"https:\/\/interpim.erresse-shop.it\/Import\/Prodotti\/guzzini-blues-set-posate-24-pezzi-smeraldo.jpg","schema":{"@context":"https:\/\/schema.org","@graph":[{"@type":"WebPage","@id":"https:\/\/dev6.erresse-shop.it\/fr\/shop\/table-fr-2\/couverts\/guzzini-blues-set-de-couverts-24-pieces-emeraude\/","url":"https:\/\/dev6.erresse-shop.it\/fr\/shop\/table-fr-2\/couverts\/guzzini-blues-set-de-couverts-24-pieces-emeraude\/","name":"GUZZINI Blues Set de couverts 24 pi\u00e8ces \u00e9meraude - dev6 Erresse","isPartOf":{"@id":"https:\/\/dev6.erresse-shop.it\/#website"},"primaryImageOfPage":{"@id":"https:\/\/dev6.erresse-shop.it\/fr\/shop\/table-fr-2\/couverts\/guzzini-blues-set-de-couverts-24-pieces-emeraude\/#primaryimage"},"image":{"@id":"https:\/\/dev6.erresse-shop.it\/fr\/shop\/table-fr-2\/couverts\/guzzini-blues-set-de-couverts-24-pieces-emeraude\/#primaryimage"},"thumbnailUrl":"https:\/\/i2.wp.com\/interpim.erresse-shop.it\/Import\/Prodotti\/guzzini-blues-set-posate-24-pezzi-smeraldo.jpg?ssl=1","datePublished":"2026-04-12T09:25:18+00:00","description":"Les couverts en acier avec manche en plastique d\u00e9cor\u00e9 \u201dBlues\u201d ajoutent une touche de couleur et de gaiet\u00e9 \u00e0 la table. Acier inoxydable de haute qualit\u00e9 \u00e0","breadcrumb":{"@id":"https:\/\/dev6.erresse-shop.it\/fr\/shop\/table-fr-2\/couverts\/guzzini-blues-set-de-couverts-24-pieces-emeraude\/#breadcrumb"},"inLanguage":"fr-FR","potentialAction":[{"@type":"ReadAction","target":["https:\/\/dev6.erresse-shop.it\/fr\/shop\/table-fr-2\/couverts\/guzzini-blues-set-de-couverts-24-pieces-emeraude\/"]}]},{"@type":"ImageObject","inLanguage":"fr-FR","@id":"https:\/\/dev6.erresse-shop.it\/fr\/shop\/table-fr-2\/couverts\/guzzini-blues-set-de-couverts-24-pieces-emeraude\/#primaryimage","url":"https:\/\/i2.wp.com\/interpim.erresse-shop.it\/Import\/Prodotti\/guzzini-blues-set-posate-24-pezzi-smeraldo.jpg?ssl=1","contentUrl":"https:\/\/i2.wp.com\/interpim.erresse-shop.it\/Import\/Prodotti\/guzzini-blues-set-posate-24-pezzi-smeraldo.jpg?ssl=1"},{"@type":"BreadcrumbList","@id":"https:\/\/dev6.erresse-shop.it\/fr\/shop\/table-fr-2\/couverts\/guzzini-blues-set-de-couverts-24-pieces-emeraude\/#breadcrumb","itemListElement":[{"@type":"ListItem","position":1,"name":"Home","item":"https:\/\/dev6.erresse-shop.it\/"},{"@type":"ListItem","position":2,"name":"Boutique","item":"https:\/\/dev6.erresse-shop.it\/shop\/"},{"@type":"ListItem","position":3,"name":"GUZZINI Blues Set de couverts 24 pi\u00e8ces \u00e9meraude"}]},{"@type":"WebSite","@id":"https:\/\/dev6.erresse-shop.it\/#website","url":"https:\/\/dev6.erresse-shop.it\/","name":"Erresse Shop","description":"","publisher":{"@id":"https:\/\/dev6.erresse-shop.it\/#organization"},"potentialAction":[{"@type":"SearchAction","target":{"@type":"EntryPoint","urlTemplate":"https:\/\/dev6.erresse-shop.it\/?s={search_term_string}"},"query-input":{"@type":"PropertyValueSpecification","valueRequired":true,"valueName":"search_term_string"}}],"inLanguage":"fr-FR"},{"@type":"Organization","@id":"https:\/\/dev6.erresse-shop.it\/#organization","name":"Erresse Shop","url":"https:\/\/dev6.erresse-shop.it\/","logo":{"@type":"ImageObject","inLanguage":"fr-FR","@id":"https:\/\/dev6.erresse-shop.it\/#\/schema\/logo\/image\/","url":"https:\/\/dev6.erresse-shop.it\/wp-content\/uploads\/2025\/01\/LOGO-ERRESSE-CLASSICO.svg","contentUrl":"https:\/\/dev6.erresse-shop.it\/wp-content\/uploads\/2025\/01\/LOGO-ERRESSE-CLASSICO.svg","caption":"Erresse Shop"},"image":{"@id":"https:\/\/dev6.erresse-shop.it\/#\/schema\/logo\/image\/"}}]}},"df_price":64.95,"df_sale_price":64.95,"df_regular_price":79.9,"df_image_link":"https:\/\/i2.wp.com\/interpim.erresse-shop.it\/Import\/Prodotti\/guzzini-blues-set-posate-24-pezzi-smeraldo.jpg?resize=300,300&ssl=1","fifu_image_url":"https:\/\/interpim.erresse-shop.it\/Import\/Prodotti\/guzzini-blues-set-posate-24-pezzi-smeraldo.jpg","_links":{"self":[{"href":"https:\/\/dev6.erresse-shop.it\/fr\/wp-json\/wp\/v2\/product\/64527","targetHints":{"allow":["GET"]}}],"collection":[{"href":"https:\/\/dev6.erresse-shop.it\/fr\/wp-json\/wp\/v2\/product"}],"about":[{"href":"https:\/\/dev6.erresse-shop.it\/fr\/wp-json\/wp\/v2\/types\/product"}],"wp:featuredmedia":[{"embeddable":true,"href":"https:\/\/dev6.erresse-shop.it\/fr\/wp-json\/wp\/v2\/media\/6368849"}],"wp:attachment":[{"href":"https:\/\/dev6.erresse-shop.it\/fr\/wp-json\/wp\/v2\/media?parent=64527"}],"wp:term":[{"taxonomy":"product_cat","embeddable":true,"href":"https:\/\/dev6.erresse-shop.it\/fr\/wp-json\/wp\/v2\/product_cat?post=64527"},{"taxonomy":"product_tag","embeddable":true,"href":"https:\/\/dev6.erresse-shop.it\/fr\/wp-json\/wp\/v2\/product_tag?post=64527"}],"curies":[{"name":"wp","href":"https:\/\/api.w.org\/{rel}","templated":true}]}}