{"id":64519,"date":"2026-04-10T12:03:51","date_gmt":"2026-04-10T10:03:51","guid":{"rendered":"https:\/\/dev6.erresse-shop.it\/shop\/non%20class\u00e9\/guzzini-dolcevita-carafe-transparente-avec-couvercle\/"},"modified":"2025-09-14T05:43:21","modified_gmt":"2025-09-14T03:43:21","slug":"guzzini-dolcevita-carafe-transparente-avec-couvercle","status":"publish","type":"product","link":"https:\/\/dev6.erresse-shop.it\/fr\/shop\/table-fr-2\/carafes-bouteilles\/guzzini-dolcevita-carafe-transparente-avec-couvercle\/","title":{"rendered":"GUZZINI Dolcevita Carafe transparente avec couvercle"},"content":{"rendered":"<p>Pichet avec couvercle en mat\u00e9riau biosourc\u00e9* : un plastique biosourc\u00e9 moderne fabriqu\u00e9 \u00e0 partir de d\u00e9chets et de r\u00e9sidus de la biomasse v\u00e9g\u00e9tale, qui est donc renouvelable, non fossile et 100 % recyclable.<\/p>\n<p>*Le produit est compos\u00e9 \u00e0 60 % de plastique biosourc\u00e9. Le plastique peut \u00eatre retrac\u00e9 jusqu\u2019aux d\u00e9chets biologiques attribu\u00e9s \u00e0 ce produit via l\u2019approche du bilan de masse de l\u2019ISCC.<\/p>\n<p>Couvercle anti-poussi\u00e8re avec grille de retenue des gla\u00e7ons<br \/>\nBuse d\u2019\u00e9gouttage<br \/>\nExcellente ergonomie de la poign\u00e9e<br \/>\nFabriqu\u00e9 en plastique biosourc\u00e9* et 100 % recyclable<br \/>\nCapacit\u00e9 1,75 l<\/p>\n<p>Designer : Pio&amp;Tito Toso<\/p>\n","protected":false},"excerpt":{"rendered":"<p>Pichet avec couvercle en mat\u00e9riau biosourc\u00e9* : un plastique biosourc\u00e9 moderne fabriqu\u00e9 \u00e0 partir de d\u00e9chets et de r\u00e9sidus de la biomasse v\u00e9g\u00e9tale, qui est donc renouvelable, non fossile et 100 % recyclable. *Le produit est compos\u00e9 \u00e0 60 % de plastique biosourc\u00e9. Le plastique peut \u00eatre retrac\u00e9 jusqu\u2019aux d\u00e9chets biologiques attribu\u00e9s \u00e0 ce produit [&hellip;]<\/p>\n","protected":false},"featured_media":6327198,"template":"","meta":{"_acf_changed":false},"product_cat":[12007,11995,11671],"product_tag":[],"class_list":{"0":"post-64519","1":"product","2":"type-product","3":"status-publish","4":"has-post-thumbnail","6":"product_cat-carafes-bouteilles","7":"product_cat-table-fr-2","8":"product_cat-tavola","10":"first","11":"instock","12":"taxable","13":"shipping-taxable","14":"purchasable","15":"product-type-simple","swatches":"rey-swatches","show_selected":"","stretch_labels":"rey-swatches--stretch-labels"},"acf":[],"yoast_head":"<!-- This site is optimized with the Yoast SEO plugin v25.4 - https:\/\/yoast.com\/wordpress\/plugins\/seo\/ -->\n<title>GUZZINI Dolcevita Carafe transparente avec couvercle - dev6 Erresse<\/title>\n<meta name=\"description\" content=\"Pichet avec couvercle en mat\u00e9riau biosourc\u00e9* : un plastique biosourc\u00e9 moderne fabriqu\u00e9 \u00e0 partir de d\u00e9chets et de r\u00e9sidus de la biomasse v\u00e9g\u00e9tale, qui est\" \/>\n<meta name=\"robots\" content=\"noindex, follow, max-snippet:-1, max-image-preview:large, max-video-preview:-1\" \/>\n<meta property=\"og:locale\" content=\"fr_FR\" \/>\n<meta property=\"og:type\" content=\"article\" \/>\n<meta property=\"og:title\" content=\"GUZZINI Dolcevita Carafe transparente avec couvercle - dev6 Erresse\" \/>\n<meta property=\"og:description\" content=\"Pichet avec couvercle en mat\u00e9riau biosourc\u00e9* : un plastique biosourc\u00e9 moderne fabriqu\u00e9 \u00e0 partir de d\u00e9chets et de r\u00e9sidus de la biomasse v\u00e9g\u00e9tale, qui est\" \/>\n<meta property=\"og:url\" content=\"https:\/\/dev6.erresse-shop.it\/fr\/shop\/table-fr-2\/carafes-bouteilles\/guzzini-dolcevita-carafe-transparente-avec-couvercle\/\" \/>\n<meta property=\"og:site_name\" content=\"dev6 Erresse\" \/>\n<meta property=\"og:image\" content=\"https:\/\/interpim.erresse-shop.it\/Import\/Prodotti\/guzzini-dolcevita-caraffa-con-coperchio-trasparente.jpg\" \/><meta property=\"og:image\" content=\"https:\/\/interpim.erresse-shop.it\/Import\/Prodotti\/guzzini-dolcevita-caraffa-con-coperchio-trasparente.jpg\" \/>\n\t<meta property=\"og:image:width\" content=\"1024\" \/>\n\t<meta property=\"og:image:height\" content=\"1024\" \/>\n\t<meta property=\"og:image:type\" content=\"image\/jpeg\" \/>\n<meta name=\"twitter:card\" content=\"summary_large_image\" \/>\n<meta name=\"twitter:image\" content=\"https:\/\/interpim.erresse-shop.it\/Import\/Prodotti\/guzzini-dolcevita-caraffa-con-coperchio-trasparente.jpg\" \/>\n<script type=\"application\/ld+json\" class=\"yoast-schema-graph\">{\"@context\":\"https:\/\/schema.org\",\"@graph\":[{\"@type\":\"WebPage\",\"@id\":\"https:\/\/dev6.erresse-shop.it\/fr\/shop\/table-fr-2\/carafes-bouteilles\/guzzini-dolcevita-carafe-transparente-avec-couvercle\/\",\"url\":\"https:\/\/dev6.erresse-shop.it\/fr\/shop\/table-fr-2\/carafes-bouteilles\/guzzini-dolcevita-carafe-transparente-avec-couvercle\/\",\"name\":\"GUZZINI Dolcevita Carafe transparente avec couvercle - dev6 Erresse\",\"isPartOf\":{\"@id\":\"https:\/\/dev6.erresse-shop.it\/#website\"},\"primaryImageOfPage\":{\"@id\":\"https:\/\/dev6.erresse-shop.it\/fr\/shop\/table-fr-2\/carafes-bouteilles\/guzzini-dolcevita-carafe-transparente-avec-couvercle\/#primaryimage\"},\"image\":{\"@id\":\"https:\/\/dev6.erresse-shop.it\/fr\/shop\/table-fr-2\/carafes-bouteilles\/guzzini-dolcevita-carafe-transparente-avec-couvercle\/#primaryimage\"},\"thumbnailUrl\":\"https:\/\/i3.wp.com\/interpim.erresse-shop.it\/Import\/Prodotti\/guzzini-dolcevita-caraffa-con-coperchio-trasparente.jpg?ssl=1\",\"datePublished\":\"2026-04-10T10:03:51+00:00\",\"description\":\"Pichet avec couvercle en mat\u00e9riau biosourc\u00e9* : un plastique biosourc\u00e9 moderne fabriqu\u00e9 \u00e0 partir de d\u00e9chets et de r\u00e9sidus de la biomasse v\u00e9g\u00e9tale, qui est\",\"breadcrumb\":{\"@id\":\"https:\/\/dev6.erresse-shop.it\/fr\/shop\/table-fr-2\/carafes-bouteilles\/guzzini-dolcevita-carafe-transparente-avec-couvercle\/#breadcrumb\"},\"inLanguage\":\"fr-FR\",\"potentialAction\":[{\"@type\":\"ReadAction\",\"target\":[\"https:\/\/dev6.erresse-shop.it\/fr\/shop\/table-fr-2\/carafes-bouteilles\/guzzini-dolcevita-carafe-transparente-avec-couvercle\/\"]}]},{\"@type\":\"ImageObject\",\"inLanguage\":\"fr-FR\",\"@id\":\"https:\/\/dev6.erresse-shop.it\/fr\/shop\/table-fr-2\/carafes-bouteilles\/guzzini-dolcevita-carafe-transparente-avec-couvercle\/#primaryimage\",\"url\":\"https:\/\/i3.wp.com\/interpim.erresse-shop.it\/Import\/Prodotti\/guzzini-dolcevita-caraffa-con-coperchio-trasparente.jpg?ssl=1\",\"contentUrl\":\"https:\/\/i3.wp.com\/interpim.erresse-shop.it\/Import\/Prodotti\/guzzini-dolcevita-caraffa-con-coperchio-trasparente.jpg?ssl=1\"},{\"@type\":\"BreadcrumbList\",\"@id\":\"https:\/\/dev6.erresse-shop.it\/fr\/shop\/table-fr-2\/carafes-bouteilles\/guzzini-dolcevita-carafe-transparente-avec-couvercle\/#breadcrumb\",\"itemListElement\":[{\"@type\":\"ListItem\",\"position\":1,\"name\":\"Home\",\"item\":\"https:\/\/dev6.erresse-shop.it\/\"},{\"@type\":\"ListItem\",\"position\":2,\"name\":\"Boutique\",\"item\":\"https:\/\/dev6.erresse-shop.it\/shop\/\"},{\"@type\":\"ListItem\",\"position\":3,\"name\":\"GUZZINI Dolcevita Carafe transparente avec couvercle\"}]},{\"@type\":\"WebSite\",\"@id\":\"https:\/\/dev6.erresse-shop.it\/#website\",\"url\":\"https:\/\/dev6.erresse-shop.it\/\",\"name\":\"Erresse Shop\",\"description\":\"\",\"publisher\":{\"@id\":\"https:\/\/dev6.erresse-shop.it\/#organization\"},\"potentialAction\":[{\"@type\":\"SearchAction\",\"target\":{\"@type\":\"EntryPoint\",\"urlTemplate\":\"https:\/\/dev6.erresse-shop.it\/?s={search_term_string}\"},\"query-input\":{\"@type\":\"PropertyValueSpecification\",\"valueRequired\":true,\"valueName\":\"search_term_string\"}}],\"inLanguage\":\"fr-FR\"},{\"@type\":\"Organization\",\"@id\":\"https:\/\/dev6.erresse-shop.it\/#organization\",\"name\":\"Erresse Shop\",\"url\":\"https:\/\/dev6.erresse-shop.it\/\",\"logo\":{\"@type\":\"ImageObject\",\"inLanguage\":\"fr-FR\",\"@id\":\"https:\/\/dev6.erresse-shop.it\/#\/schema\/logo\/image\/\",\"url\":\"https:\/\/dev6.erresse-shop.it\/wp-content\/uploads\/2025\/01\/LOGO-ERRESSE-CLASSICO.svg\",\"contentUrl\":\"https:\/\/dev6.erresse-shop.it\/wp-content\/uploads\/2025\/01\/LOGO-ERRESSE-CLASSICO.svg\",\"caption\":\"Erresse Shop\"},\"image\":{\"@id\":\"https:\/\/dev6.erresse-shop.it\/#\/schema\/logo\/image\/\"}}]}<\/script>\n<!-- \/ Yoast SEO plugin. -->","yoast_head_json":{"title":"GUZZINI Dolcevita Carafe transparente avec couvercle - dev6 Erresse","description":"Pichet avec couvercle en mat\u00e9riau biosourc\u00e9* : un plastique biosourc\u00e9 moderne fabriqu\u00e9 \u00e0 partir de d\u00e9chets et de r\u00e9sidus de la biomasse v\u00e9g\u00e9tale, qui est","robots":{"index":"noindex","follow":"follow","max-snippet":"max-snippet:-1","max-image-preview":"max-image-preview:large","max-video-preview":"max-video-preview:-1"},"og_locale":"fr_FR","og_type":"article","og_title":"GUZZINI Dolcevita Carafe transparente avec couvercle - dev6 Erresse","og_description":"Pichet avec couvercle en mat\u00e9riau biosourc\u00e9* : un plastique biosourc\u00e9 moderne fabriqu\u00e9 \u00e0 partir de d\u00e9chets et de r\u00e9sidus de la biomasse v\u00e9g\u00e9tale, qui est","og_url":"https:\/\/dev6.erresse-shop.it\/fr\/shop\/table-fr-2\/carafes-bouteilles\/guzzini-dolcevita-carafe-transparente-avec-couvercle\/","og_site_name":"dev6 Erresse","og_image":[{"url":"https:\/\/interpim.erresse-shop.it\/Import\/Prodotti\/guzzini-dolcevita-caraffa-con-coperchio-trasparente.jpg","type":"","width":"","height":""},{"url":"https:\/\/interpim.erresse-shop.it\/Import\/Prodotti\/guzzini-dolcevita-caraffa-con-coperchio-trasparente.jpg","width":1024,"height":1024,"type":"image\/jpeg"}],"twitter_card":"summary_large_image","twitter_image":"https:\/\/interpim.erresse-shop.it\/Import\/Prodotti\/guzzini-dolcevita-caraffa-con-coperchio-trasparente.jpg","schema":{"@context":"https:\/\/schema.org","@graph":[{"@type":"WebPage","@id":"https:\/\/dev6.erresse-shop.it\/fr\/shop\/table-fr-2\/carafes-bouteilles\/guzzini-dolcevita-carafe-transparente-avec-couvercle\/","url":"https:\/\/dev6.erresse-shop.it\/fr\/shop\/table-fr-2\/carafes-bouteilles\/guzzini-dolcevita-carafe-transparente-avec-couvercle\/","name":"GUZZINI Dolcevita Carafe transparente avec couvercle - dev6 Erresse","isPartOf":{"@id":"https:\/\/dev6.erresse-shop.it\/#website"},"primaryImageOfPage":{"@id":"https:\/\/dev6.erresse-shop.it\/fr\/shop\/table-fr-2\/carafes-bouteilles\/guzzini-dolcevita-carafe-transparente-avec-couvercle\/#primaryimage"},"image":{"@id":"https:\/\/dev6.erresse-shop.it\/fr\/shop\/table-fr-2\/carafes-bouteilles\/guzzini-dolcevita-carafe-transparente-avec-couvercle\/#primaryimage"},"thumbnailUrl":"https:\/\/i3.wp.com\/interpim.erresse-shop.it\/Import\/Prodotti\/guzzini-dolcevita-caraffa-con-coperchio-trasparente.jpg?ssl=1","datePublished":"2026-04-10T10:03:51+00:00","description":"Pichet avec couvercle en mat\u00e9riau biosourc\u00e9* : un plastique biosourc\u00e9 moderne fabriqu\u00e9 \u00e0 partir de d\u00e9chets et de r\u00e9sidus de la biomasse v\u00e9g\u00e9tale, qui est","breadcrumb":{"@id":"https:\/\/dev6.erresse-shop.it\/fr\/shop\/table-fr-2\/carafes-bouteilles\/guzzini-dolcevita-carafe-transparente-avec-couvercle\/#breadcrumb"},"inLanguage":"fr-FR","potentialAction":[{"@type":"ReadAction","target":["https:\/\/dev6.erresse-shop.it\/fr\/shop\/table-fr-2\/carafes-bouteilles\/guzzini-dolcevita-carafe-transparente-avec-couvercle\/"]}]},{"@type":"ImageObject","inLanguage":"fr-FR","@id":"https:\/\/dev6.erresse-shop.it\/fr\/shop\/table-fr-2\/carafes-bouteilles\/guzzini-dolcevita-carafe-transparente-avec-couvercle\/#primaryimage","url":"https:\/\/i3.wp.com\/interpim.erresse-shop.it\/Import\/Prodotti\/guzzini-dolcevita-caraffa-con-coperchio-trasparente.jpg?ssl=1","contentUrl":"https:\/\/i3.wp.com\/interpim.erresse-shop.it\/Import\/Prodotti\/guzzini-dolcevita-caraffa-con-coperchio-trasparente.jpg?ssl=1"},{"@type":"BreadcrumbList","@id":"https:\/\/dev6.erresse-shop.it\/fr\/shop\/table-fr-2\/carafes-bouteilles\/guzzini-dolcevita-carafe-transparente-avec-couvercle\/#breadcrumb","itemListElement":[{"@type":"ListItem","position":1,"name":"Home","item":"https:\/\/dev6.erresse-shop.it\/"},{"@type":"ListItem","position":2,"name":"Boutique","item":"https:\/\/dev6.erresse-shop.it\/shop\/"},{"@type":"ListItem","position":3,"name":"GUZZINI Dolcevita Carafe transparente avec couvercle"}]},{"@type":"WebSite","@id":"https:\/\/dev6.erresse-shop.it\/#website","url":"https:\/\/dev6.erresse-shop.it\/","name":"Erresse Shop","description":"","publisher":{"@id":"https:\/\/dev6.erresse-shop.it\/#organization"},"potentialAction":[{"@type":"SearchAction","target":{"@type":"EntryPoint","urlTemplate":"https:\/\/dev6.erresse-shop.it\/?s={search_term_string}"},"query-input":{"@type":"PropertyValueSpecification","valueRequired":true,"valueName":"search_term_string"}}],"inLanguage":"fr-FR"},{"@type":"Organization","@id":"https:\/\/dev6.erresse-shop.it\/#organization","name":"Erresse Shop","url":"https:\/\/dev6.erresse-shop.it\/","logo":{"@type":"ImageObject","inLanguage":"fr-FR","@id":"https:\/\/dev6.erresse-shop.it\/#\/schema\/logo\/image\/","url":"https:\/\/dev6.erresse-shop.it\/wp-content\/uploads\/2025\/01\/LOGO-ERRESSE-CLASSICO.svg","contentUrl":"https:\/\/dev6.erresse-shop.it\/wp-content\/uploads\/2025\/01\/LOGO-ERRESSE-CLASSICO.svg","caption":"Erresse Shop"},"image":{"@id":"https:\/\/dev6.erresse-shop.it\/#\/schema\/logo\/image\/"}}]}},"df_price":36,"df_sale_price":"","df_regular_price":36,"df_image_link":"https:\/\/i3.wp.com\/interpim.erresse-shop.it\/Import\/Prodotti\/guzzini-dolcevita-caraffa-con-coperchio-trasparente.jpg?resize=300,300&ssl=1","fifu_image_url":"https:\/\/interpim.erresse-shop.it\/Import\/Prodotti\/guzzini-dolcevita-caraffa-con-coperchio-trasparente.jpg","_links":{"self":[{"href":"https:\/\/dev6.erresse-shop.it\/fr\/wp-json\/wp\/v2\/product\/64519","targetHints":{"allow":["GET"]}}],"collection":[{"href":"https:\/\/dev6.erresse-shop.it\/fr\/wp-json\/wp\/v2\/product"}],"about":[{"href":"https:\/\/dev6.erresse-shop.it\/fr\/wp-json\/wp\/v2\/types\/product"}],"wp:featuredmedia":[{"embeddable":true,"href":"https:\/\/dev6.erresse-shop.it\/fr\/wp-json\/wp\/v2\/media\/6327198"}],"wp:attachment":[{"href":"https:\/\/dev6.erresse-shop.it\/fr\/wp-json\/wp\/v2\/media?parent=64519"}],"wp:term":[{"taxonomy":"product_cat","embeddable":true,"href":"https:\/\/dev6.erresse-shop.it\/fr\/wp-json\/wp\/v2\/product_cat?post=64519"},{"taxonomy":"product_tag","embeddable":true,"href":"https:\/\/dev6.erresse-shop.it\/fr\/wp-json\/wp\/v2\/product_tag?post=64519"}],"curies":[{"name":"wp","href":"https:\/\/api.w.org\/{rel}","templated":true}]}}