{"id":64503,"date":"2026-04-12T11:25:18","date_gmt":"2026-04-12T09:25:18","guid":{"rendered":"https:\/\/dev6.erresse-shop.it\/shop\/non%20class\u00e9\/zwilling-sommelier-pompe-a-vide-pour-le-vin\/"},"modified":"2025-09-14T05:42:50","modified_gmt":"2025-09-14T03:42:50","slug":"zwilling-sommelier-pompe-a-vide-pour-le-vin","status":"publish","type":"product","link":"https:\/\/dev6.erresse-shop.it\/fr\/shop\/table-fr-2\/vin\/zwilling-sommelier-pompe-a-vide-pour-le-vin\/","title":{"rendered":"ZWILLING Sommelier Pompe \u00e0 vide pour le vin"},"content":{"rendered":"<p>La pompe \u00e9limine l\u2019oxyg\u00e8ne de la bouteille ouverte, ce qui permet de conserver une saveur optimale. Comprend deux bouchons en caoutchouc avec une valve de contr\u00f4le int\u00e9gr\u00e9e pour une utilisation facile.<\/p>\n<p>La pompe extrait l\u2019oxyg\u00e8ne de la bouteille ouverte, emp\u00eachant ainsi l\u2019oxydation du vin.<br \/>\nLe go\u00fbt et l\u2019ar\u00f4me du vin sont ainsi pr\u00e9serv\u00e9s dans la bouteille herm\u00e9tiquement ferm\u00e9e jusqu\u2019\u00e0 sept jours.<\/p>\n","protected":false},"excerpt":{"rendered":"<p>La pompe \u00e9limine l\u2019oxyg\u00e8ne de la bouteille ouverte, ce qui permet de conserver une saveur optimale. Comprend deux bouchons en caoutchouc avec une valve de contr\u00f4le int\u00e9gr\u00e9e pour une utilisation facile. La pompe extrait l\u2019oxyg\u00e8ne de la bouteille ouverte, emp\u00eachant ainsi l\u2019oxydation du vin. Le go\u00fbt et l\u2019ar\u00f4me du vin sont ainsi pr\u00e9serv\u00e9s dans la [&hellip;]<\/p>\n","protected":false},"featured_media":6368804,"template":"","meta":{"_acf_changed":false},"product_cat":[11995,12069],"product_tag":[],"class_list":{"0":"post-64503","1":"product","2":"type-product","3":"status-publish","4":"has-post-thumbnail","6":"product_cat-table-fr-2","7":"product_cat-vin","9":"first","10":"instock","11":"sale","12":"taxable","13":"shipping-taxable","14":"purchasable","15":"product-type-simple","swatches":"rey-swatches","show_selected":"","stretch_labels":"rey-swatches--stretch-labels"},"acf":[],"yoast_head":"<!-- This site is optimized with the Yoast SEO plugin v25.4 - https:\/\/yoast.com\/wordpress\/plugins\/seo\/ -->\n<title>ZWILLING Sommelier Pompe \u00e0 vide pour le vin - dev6 Erresse<\/title>\n<meta name=\"description\" content=\"La pompe \u00e9limine l\u2019oxyg\u00e8ne de la bouteille ouverte, ce qui permet de conserver une saveur optimale. Comprend deux bouchons en caoutchouc avec une valve de\" \/>\n<meta name=\"robots\" content=\"noindex, follow, max-snippet:-1, max-image-preview:large, max-video-preview:-1\" \/>\n<meta property=\"og:locale\" content=\"fr_FR\" \/>\n<meta property=\"og:type\" content=\"article\" \/>\n<meta property=\"og:title\" content=\"ZWILLING Sommelier Pompe \u00e0 vide pour le vin - dev6 Erresse\" \/>\n<meta property=\"og:description\" content=\"La pompe \u00e9limine l\u2019oxyg\u00e8ne de la bouteille ouverte, ce qui permet de conserver une saveur optimale. Comprend deux bouchons en caoutchouc avec une valve de\" \/>\n<meta property=\"og:url\" content=\"https:\/\/dev6.erresse-shop.it\/fr\/shop\/table-fr-2\/vin\/zwilling-sommelier-pompe-a-vide-pour-le-vin\/\" \/>\n<meta property=\"og:site_name\" content=\"dev6 Erresse\" \/>\n<meta property=\"og:image\" content=\"https:\/\/interpim.erresse-shop.it\/img-catalogo\/zwilling\/zwilling-sommelier-pompa-tappa-vino.png\" \/><meta property=\"og:image\" content=\"https:\/\/interpim.erresse-shop.it\/img-catalogo\/zwilling\/zwilling-sommelier-pompa-tappa-vino.png\" \/>\n\t<meta property=\"og:image:width\" content=\"1024\" \/>\n\t<meta property=\"og:image:height\" content=\"1024\" \/>\n\t<meta property=\"og:image:type\" content=\"image\/jpeg\" \/>\n<meta name=\"twitter:card\" content=\"summary_large_image\" \/>\n<meta name=\"twitter:image\" content=\"https:\/\/interpim.erresse-shop.it\/img-catalogo\/zwilling\/zwilling-sommelier-pompa-tappa-vino.png\" \/>\n<script type=\"application\/ld+json\" class=\"yoast-schema-graph\">{\"@context\":\"https:\/\/schema.org\",\"@graph\":[{\"@type\":\"WebPage\",\"@id\":\"https:\/\/dev6.erresse-shop.it\/fr\/shop\/table-fr-2\/vin\/zwilling-sommelier-pompe-a-vide-pour-le-vin\/\",\"url\":\"https:\/\/dev6.erresse-shop.it\/fr\/shop\/table-fr-2\/vin\/zwilling-sommelier-pompe-a-vide-pour-le-vin\/\",\"name\":\"ZWILLING Sommelier Pompe \u00e0 vide pour le vin - dev6 Erresse\",\"isPartOf\":{\"@id\":\"https:\/\/dev6.erresse-shop.it\/#website\"},\"primaryImageOfPage\":{\"@id\":\"https:\/\/dev6.erresse-shop.it\/fr\/shop\/table-fr-2\/vin\/zwilling-sommelier-pompe-a-vide-pour-le-vin\/#primaryimage\"},\"image\":{\"@id\":\"https:\/\/dev6.erresse-shop.it\/fr\/shop\/table-fr-2\/vin\/zwilling-sommelier-pompe-a-vide-pour-le-vin\/#primaryimage\"},\"thumbnailUrl\":\"https:\/\/i0.wp.com\/interpim.erresse-shop.it\/img-catalogo\/zwilling\/zwilling-sommelier-pompa-tappa-vino.png?ssl=1\",\"datePublished\":\"2026-04-12T09:25:18+00:00\",\"description\":\"La pompe \u00e9limine l\u2019oxyg\u00e8ne de la bouteille ouverte, ce qui permet de conserver une saveur optimale. Comprend deux bouchons en caoutchouc avec une valve de\",\"breadcrumb\":{\"@id\":\"https:\/\/dev6.erresse-shop.it\/fr\/shop\/table-fr-2\/vin\/zwilling-sommelier-pompe-a-vide-pour-le-vin\/#breadcrumb\"},\"inLanguage\":\"fr-FR\",\"potentialAction\":[{\"@type\":\"ReadAction\",\"target\":[\"https:\/\/dev6.erresse-shop.it\/fr\/shop\/table-fr-2\/vin\/zwilling-sommelier-pompe-a-vide-pour-le-vin\/\"]}]},{\"@type\":\"ImageObject\",\"inLanguage\":\"fr-FR\",\"@id\":\"https:\/\/dev6.erresse-shop.it\/fr\/shop\/table-fr-2\/vin\/zwilling-sommelier-pompe-a-vide-pour-le-vin\/#primaryimage\",\"url\":\"https:\/\/i0.wp.com\/interpim.erresse-shop.it\/img-catalogo\/zwilling\/zwilling-sommelier-pompa-tappa-vino.png?ssl=1\",\"contentUrl\":\"https:\/\/i0.wp.com\/interpim.erresse-shop.it\/img-catalogo\/zwilling\/zwilling-sommelier-pompa-tappa-vino.png?ssl=1\"},{\"@type\":\"BreadcrumbList\",\"@id\":\"https:\/\/dev6.erresse-shop.it\/fr\/shop\/table-fr-2\/vin\/zwilling-sommelier-pompe-a-vide-pour-le-vin\/#breadcrumb\",\"itemListElement\":[{\"@type\":\"ListItem\",\"position\":1,\"name\":\"Home\",\"item\":\"https:\/\/dev6.erresse-shop.it\/\"},{\"@type\":\"ListItem\",\"position\":2,\"name\":\"Boutique\",\"item\":\"https:\/\/dev6.erresse-shop.it\/shop\/\"},{\"@type\":\"ListItem\",\"position\":3,\"name\":\"ZWILLING Sommelier Pompe \u00e0 vide pour le vin\"}]},{\"@type\":\"WebSite\",\"@id\":\"https:\/\/dev6.erresse-shop.it\/#website\",\"url\":\"https:\/\/dev6.erresse-shop.it\/\",\"name\":\"Erresse Shop\",\"description\":\"\",\"publisher\":{\"@id\":\"https:\/\/dev6.erresse-shop.it\/#organization\"},\"potentialAction\":[{\"@type\":\"SearchAction\",\"target\":{\"@type\":\"EntryPoint\",\"urlTemplate\":\"https:\/\/dev6.erresse-shop.it\/?s={search_term_string}\"},\"query-input\":{\"@type\":\"PropertyValueSpecification\",\"valueRequired\":true,\"valueName\":\"search_term_string\"}}],\"inLanguage\":\"fr-FR\"},{\"@type\":\"Organization\",\"@id\":\"https:\/\/dev6.erresse-shop.it\/#organization\",\"name\":\"Erresse Shop\",\"url\":\"https:\/\/dev6.erresse-shop.it\/\",\"logo\":{\"@type\":\"ImageObject\",\"inLanguage\":\"fr-FR\",\"@id\":\"https:\/\/dev6.erresse-shop.it\/#\/schema\/logo\/image\/\",\"url\":\"https:\/\/dev6.erresse-shop.it\/wp-content\/uploads\/2025\/01\/LOGO-ERRESSE-CLASSICO.svg\",\"contentUrl\":\"https:\/\/dev6.erresse-shop.it\/wp-content\/uploads\/2025\/01\/LOGO-ERRESSE-CLASSICO.svg\",\"caption\":\"Erresse Shop\"},\"image\":{\"@id\":\"https:\/\/dev6.erresse-shop.it\/#\/schema\/logo\/image\/\"}}]}<\/script>\n<!-- \/ Yoast SEO plugin. -->","yoast_head_json":{"title":"ZWILLING Sommelier Pompe \u00e0 vide pour le vin - dev6 Erresse","description":"La pompe \u00e9limine l\u2019oxyg\u00e8ne de la bouteille ouverte, ce qui permet de conserver une saveur optimale. Comprend deux bouchons en caoutchouc avec une valve de","robots":{"index":"noindex","follow":"follow","max-snippet":"max-snippet:-1","max-image-preview":"max-image-preview:large","max-video-preview":"max-video-preview:-1"},"og_locale":"fr_FR","og_type":"article","og_title":"ZWILLING Sommelier Pompe \u00e0 vide pour le vin - dev6 Erresse","og_description":"La pompe \u00e9limine l\u2019oxyg\u00e8ne de la bouteille ouverte, ce qui permet de conserver une saveur optimale. Comprend deux bouchons en caoutchouc avec une valve de","og_url":"https:\/\/dev6.erresse-shop.it\/fr\/shop\/table-fr-2\/vin\/zwilling-sommelier-pompe-a-vide-pour-le-vin\/","og_site_name":"dev6 Erresse","og_image":[{"url":"https:\/\/interpim.erresse-shop.it\/img-catalogo\/zwilling\/zwilling-sommelier-pompa-tappa-vino.png","type":"","width":"","height":""},{"url":"https:\/\/interpim.erresse-shop.it\/img-catalogo\/zwilling\/zwilling-sommelier-pompa-tappa-vino.png","width":1024,"height":1024,"type":"image\/jpeg"}],"twitter_card":"summary_large_image","twitter_image":"https:\/\/interpim.erresse-shop.it\/img-catalogo\/zwilling\/zwilling-sommelier-pompa-tappa-vino.png","schema":{"@context":"https:\/\/schema.org","@graph":[{"@type":"WebPage","@id":"https:\/\/dev6.erresse-shop.it\/fr\/shop\/table-fr-2\/vin\/zwilling-sommelier-pompe-a-vide-pour-le-vin\/","url":"https:\/\/dev6.erresse-shop.it\/fr\/shop\/table-fr-2\/vin\/zwilling-sommelier-pompe-a-vide-pour-le-vin\/","name":"ZWILLING Sommelier Pompe \u00e0 vide pour le vin - dev6 Erresse","isPartOf":{"@id":"https:\/\/dev6.erresse-shop.it\/#website"},"primaryImageOfPage":{"@id":"https:\/\/dev6.erresse-shop.it\/fr\/shop\/table-fr-2\/vin\/zwilling-sommelier-pompe-a-vide-pour-le-vin\/#primaryimage"},"image":{"@id":"https:\/\/dev6.erresse-shop.it\/fr\/shop\/table-fr-2\/vin\/zwilling-sommelier-pompe-a-vide-pour-le-vin\/#primaryimage"},"thumbnailUrl":"https:\/\/i0.wp.com\/interpim.erresse-shop.it\/img-catalogo\/zwilling\/zwilling-sommelier-pompa-tappa-vino.png?ssl=1","datePublished":"2026-04-12T09:25:18+00:00","description":"La pompe \u00e9limine l\u2019oxyg\u00e8ne de la bouteille ouverte, ce qui permet de conserver une saveur optimale. Comprend deux bouchons en caoutchouc avec une valve de","breadcrumb":{"@id":"https:\/\/dev6.erresse-shop.it\/fr\/shop\/table-fr-2\/vin\/zwilling-sommelier-pompe-a-vide-pour-le-vin\/#breadcrumb"},"inLanguage":"fr-FR","potentialAction":[{"@type":"ReadAction","target":["https:\/\/dev6.erresse-shop.it\/fr\/shop\/table-fr-2\/vin\/zwilling-sommelier-pompe-a-vide-pour-le-vin\/"]}]},{"@type":"ImageObject","inLanguage":"fr-FR","@id":"https:\/\/dev6.erresse-shop.it\/fr\/shop\/table-fr-2\/vin\/zwilling-sommelier-pompe-a-vide-pour-le-vin\/#primaryimage","url":"https:\/\/i0.wp.com\/interpim.erresse-shop.it\/img-catalogo\/zwilling\/zwilling-sommelier-pompa-tappa-vino.png?ssl=1","contentUrl":"https:\/\/i0.wp.com\/interpim.erresse-shop.it\/img-catalogo\/zwilling\/zwilling-sommelier-pompa-tappa-vino.png?ssl=1"},{"@type":"BreadcrumbList","@id":"https:\/\/dev6.erresse-shop.it\/fr\/shop\/table-fr-2\/vin\/zwilling-sommelier-pompe-a-vide-pour-le-vin\/#breadcrumb","itemListElement":[{"@type":"ListItem","position":1,"name":"Home","item":"https:\/\/dev6.erresse-shop.it\/"},{"@type":"ListItem","position":2,"name":"Boutique","item":"https:\/\/dev6.erresse-shop.it\/shop\/"},{"@type":"ListItem","position":3,"name":"ZWILLING Sommelier Pompe \u00e0 vide pour le vin"}]},{"@type":"WebSite","@id":"https:\/\/dev6.erresse-shop.it\/#website","url":"https:\/\/dev6.erresse-shop.it\/","name":"Erresse Shop","description":"","publisher":{"@id":"https:\/\/dev6.erresse-shop.it\/#organization"},"potentialAction":[{"@type":"SearchAction","target":{"@type":"EntryPoint","urlTemplate":"https:\/\/dev6.erresse-shop.it\/?s={search_term_string}"},"query-input":{"@type":"PropertyValueSpecification","valueRequired":true,"valueName":"search_term_string"}}],"inLanguage":"fr-FR"},{"@type":"Organization","@id":"https:\/\/dev6.erresse-shop.it\/#organization","name":"Erresse Shop","url":"https:\/\/dev6.erresse-shop.it\/","logo":{"@type":"ImageObject","inLanguage":"fr-FR","@id":"https:\/\/dev6.erresse-shop.it\/#\/schema\/logo\/image\/","url":"https:\/\/dev6.erresse-shop.it\/wp-content\/uploads\/2025\/01\/LOGO-ERRESSE-CLASSICO.svg","contentUrl":"https:\/\/dev6.erresse-shop.it\/wp-content\/uploads\/2025\/01\/LOGO-ERRESSE-CLASSICO.svg","caption":"Erresse Shop"},"image":{"@id":"https:\/\/dev6.erresse-shop.it\/#\/schema\/logo\/image\/"}}]}},"df_price":37,"df_sale_price":37,"df_regular_price":42.95,"df_image_link":"https:\/\/i0.wp.com\/interpim.erresse-shop.it\/img-catalogo\/zwilling\/zwilling-sommelier-pompa-tappa-vino.png?resize=300,300&ssl=1","fifu_image_url":"https:\/\/interpim.erresse-shop.it\/img-catalogo\/zwilling\/zwilling-sommelier-pompa-tappa-vino.png","_links":{"self":[{"href":"https:\/\/dev6.erresse-shop.it\/fr\/wp-json\/wp\/v2\/product\/64503","targetHints":{"allow":["GET"]}}],"collection":[{"href":"https:\/\/dev6.erresse-shop.it\/fr\/wp-json\/wp\/v2\/product"}],"about":[{"href":"https:\/\/dev6.erresse-shop.it\/fr\/wp-json\/wp\/v2\/types\/product"}],"wp:featuredmedia":[{"embeddable":true,"href":"https:\/\/dev6.erresse-shop.it\/fr\/wp-json\/wp\/v2\/media\/6368804"}],"wp:attachment":[{"href":"https:\/\/dev6.erresse-shop.it\/fr\/wp-json\/wp\/v2\/media?parent=64503"}],"wp:term":[{"taxonomy":"product_cat","embeddable":true,"href":"https:\/\/dev6.erresse-shop.it\/fr\/wp-json\/wp\/v2\/product_cat?post=64503"},{"taxonomy":"product_tag","embeddable":true,"href":"https:\/\/dev6.erresse-shop.it\/fr\/wp-json\/wp\/v2\/product_tag?post=64503"}],"curies":[{"name":"wp","href":"https:\/\/api.w.org\/{rel}","templated":true}]}}