{"id":64491,"date":"2026-04-12T11:23:12","date_gmt":"2026-04-12T09:23:12","guid":{"rendered":"https:\/\/dev6.erresse-shop.it\/shop\/non%20class\u00e9\/zwilling-pro-fouet-27-cm\/"},"modified":"2025-09-14T05:42:23","modified_gmt":"2025-09-14T03:42:23","slug":"zwilling-pro-fouet-27-cm","status":"publish","type":"product","link":"https:\/\/dev6.erresse-shop.it\/fr\/shop\/cuisine\/outils\/zwilling-pro-fouet-27-cm\/","title":{"rendered":"ZWILLING PRO Fouet 27 cm"},"content":{"rendered":"<p>Que serait un r\u00f4ti juteux sans une sauce qui l\u2019accompagne ? Ou un d\u00e9licieux dessert sans la chantilly ? Exact! C\u2019est pourquoi le fouet est un outil indispensable dans chaque cuisine. Le fouet de la collection ZWILLING Pro est l\u2019accessoire de cuisine id\u00e9al pour toutes ces pr\u00e9parations qui n\u00e9cessitent une consistance particuli\u00e8rement a\u00e9r\u00e9e. Il est extr\u00eamement facile \u00e0 manipuler gr\u00e2ce \u00e0 la tige en satin ergonomique. De plus, l\u2019extr\u00e9mit\u00e9 pointue de la tige n\u2019appuie pas excessivement sur la paume de la main et permet de travailler longtemps sans fatigue. Cet accessoire de cuisine est fabriqu\u00e9 en acier inoxydable qui n\u00e9cessite un entretien minimal et avec un design non traditionnel : les fils d\u2019acier sont particuli\u00e8rement flexibles et se chevauchent pour former une goutte. De cette fa\u00e7on, vous obtenez de meilleurs r\u00e9sultats et le fouet peut m\u00eame tenir debout tout seul. De plus, son design attire particuli\u00e8rement l\u2019attention et le rend magnifiquement d\u00e9coratif. La collection Pro a \u00e9t\u00e9 enti\u00e8rement cr\u00e9\u00e9e par les designers de renomm\u00e9e mondiale Matteo Thun et Antonio Rodriguez. Ils ont cr\u00e9\u00e9 un look minimaliste, moderne, intemporel et pratiquement indestructible gr\u00e2ce \u00e0 une finition soign\u00e9e et aux meilleurs mat\u00e9riaux.<\/p>\n<p>Design minimaliste de Matteo Thun et Antonio Rodriguez<br \/>\nFabriqu\u00e9 en acier inoxydable de haute qualit\u00e9<br \/>\nPoign\u00e9es ergonomiques pour un travail sans effort, avec transition continue vers la tige qui garantit une hygi\u00e8ne maximale. Conception innovante pour une consistance extra cr\u00e9meuse<br \/>\nLes huit anneaux en acier inoxydable dispos\u00e9s en \u00e9toile augmentent la quantit\u00e9 d\u2019air que vous pouvez incorporer<br \/>\nLa sym\u00e9trie de cette constellation permet au fouet de rester ind\u00e9pendamment en position verticale. Les p\u00e2tes et les sauces ne restent pas coinc\u00e9es entre les anneaux. Lave-vaisselle. Id\u00e9al pour fouetter et m\u00e9langer les ingr\u00e9dients et les sauces<\/p>\n","protected":false},"excerpt":{"rendered":"<p>Que serait un r\u00f4ti juteux sans une sauce qui l\u2019accompagne ? Ou un d\u00e9licieux dessert sans la chantilly ? Exact! C\u2019est pourquoi le fouet est un outil indispensable dans chaque cuisine. Le fouet de la collection ZWILLING Pro est l\u2019accessoire de cuisine id\u00e9al pour toutes ces pr\u00e9parations qui n\u00e9cessitent une consistance particuli\u00e8rement a\u00e9r\u00e9e. Il est [&hellip;]<\/p>\n","protected":false},"featured_media":6368792,"template":"","meta":{"_acf_changed":false},"product_cat":[11668,11992,12008],"product_tag":[],"class_list":{"0":"post-64491","1":"product","2":"type-product","3":"status-publish","4":"has-post-thumbnail","6":"product_cat-cucina","7":"product_cat-cuisine","8":"product_cat-outils","10":"first","11":"instock","12":"taxable","13":"shipping-taxable","14":"purchasable","15":"product-type-simple","swatches":"rey-swatches","show_selected":"","stretch_labels":"rey-swatches--stretch-labels"},"acf":[],"yoast_head":"<!-- This site is optimized with the Yoast SEO plugin v25.4 - https:\/\/yoast.com\/wordpress\/plugins\/seo\/ -->\n<title>ZWILLING PRO Fouet 27 cm - dev6 Erresse<\/title>\n<meta name=\"description\" content=\"Que serait un r\u00f4ti juteux sans une sauce qui l\u2019accompagne ? Ou un d\u00e9licieux dessert sans la chantilly ? Exact! C\u2019est pourquoi le fouet est un outil\" \/>\n<meta name=\"robots\" content=\"noindex, follow, max-snippet:-1, max-image-preview:large, max-video-preview:-1\" \/>\n<meta property=\"og:locale\" content=\"fr_FR\" \/>\n<meta property=\"og:type\" content=\"article\" \/>\n<meta property=\"og:title\" content=\"ZWILLING PRO Fouet 27 cm - dev6 Erresse\" \/>\n<meta property=\"og:description\" content=\"Que serait un r\u00f4ti juteux sans une sauce qui l\u2019accompagne ? Ou un d\u00e9licieux dessert sans la chantilly ? Exact! C\u2019est pourquoi le fouet est un outil\" \/>\n<meta property=\"og:url\" content=\"https:\/\/dev6.erresse-shop.it\/fr\/shop\/cuisine\/outils\/zwilling-pro-fouet-27-cm\/\" \/>\n<meta property=\"og:site_name\" content=\"dev6 Erresse\" \/>\n<meta property=\"og:image\" content=\"https:\/\/interpim.erresse-shop.it\/wp-content\/uploads\/2024\/07\/ZWILLING-PRO-Frusta-27-cm.jpg\/zwilling-pro-frusta-27-cm.jpg\" \/><meta property=\"og:image\" content=\"https:\/\/interpim.erresse-shop.it\/wp-content\/uploads\/2024\/07\/ZWILLING-PRO-Frusta-27-cm.jpg\/zwilling-pro-frusta-27-cm.jpg\" \/>\n\t<meta property=\"og:image:width\" content=\"1024\" \/>\n\t<meta property=\"og:image:height\" content=\"1024\" \/>\n\t<meta property=\"og:image:type\" content=\"image\/jpeg\" \/>\n<meta name=\"twitter:card\" content=\"summary_large_image\" \/>\n<meta name=\"twitter:image\" content=\"https:\/\/interpim.erresse-shop.it\/wp-content\/uploads\/2024\/07\/ZWILLING-PRO-Frusta-27-cm.jpg\/zwilling-pro-frusta-27-cm.jpg\" \/>\n<script type=\"application\/ld+json\" class=\"yoast-schema-graph\">{\"@context\":\"https:\/\/schema.org\",\"@graph\":[{\"@type\":\"WebPage\",\"@id\":\"https:\/\/dev6.erresse-shop.it\/fr\/shop\/cuisine\/outils\/zwilling-pro-fouet-27-cm\/\",\"url\":\"https:\/\/dev6.erresse-shop.it\/fr\/shop\/cuisine\/outils\/zwilling-pro-fouet-27-cm\/\",\"name\":\"ZWILLING PRO Fouet 27 cm - dev6 Erresse\",\"isPartOf\":{\"@id\":\"https:\/\/dev6.erresse-shop.it\/#website\"},\"primaryImageOfPage\":{\"@id\":\"https:\/\/dev6.erresse-shop.it\/fr\/shop\/cuisine\/outils\/zwilling-pro-fouet-27-cm\/#primaryimage\"},\"image\":{\"@id\":\"https:\/\/dev6.erresse-shop.it\/fr\/shop\/cuisine\/outils\/zwilling-pro-fouet-27-cm\/#primaryimage\"},\"thumbnailUrl\":\"https:\/\/i2.wp.com\/interpim.erresse-shop.it\/wp-content\/uploads\/2024\/07\/ZWILLING-PRO-Frusta-27-cm.jpg\/zwilling-pro-frusta-27-cm.jpg?ssl=1\",\"datePublished\":\"2026-04-12T09:23:12+00:00\",\"description\":\"Que serait un r\u00f4ti juteux sans une sauce qui l\u2019accompagne ? Ou un d\u00e9licieux dessert sans la chantilly ? Exact! C\u2019est pourquoi le fouet est un outil\",\"breadcrumb\":{\"@id\":\"https:\/\/dev6.erresse-shop.it\/fr\/shop\/cuisine\/outils\/zwilling-pro-fouet-27-cm\/#breadcrumb\"},\"inLanguage\":\"fr-FR\",\"potentialAction\":[{\"@type\":\"ReadAction\",\"target\":[\"https:\/\/dev6.erresse-shop.it\/fr\/shop\/cuisine\/outils\/zwilling-pro-fouet-27-cm\/\"]}]},{\"@type\":\"ImageObject\",\"inLanguage\":\"fr-FR\",\"@id\":\"https:\/\/dev6.erresse-shop.it\/fr\/shop\/cuisine\/outils\/zwilling-pro-fouet-27-cm\/#primaryimage\",\"url\":\"https:\/\/i2.wp.com\/interpim.erresse-shop.it\/wp-content\/uploads\/2024\/07\/ZWILLING-PRO-Frusta-27-cm.jpg\/zwilling-pro-frusta-27-cm.jpg?ssl=1\",\"contentUrl\":\"https:\/\/i2.wp.com\/interpim.erresse-shop.it\/wp-content\/uploads\/2024\/07\/ZWILLING-PRO-Frusta-27-cm.jpg\/zwilling-pro-frusta-27-cm.jpg?ssl=1\"},{\"@type\":\"BreadcrumbList\",\"@id\":\"https:\/\/dev6.erresse-shop.it\/fr\/shop\/cuisine\/outils\/zwilling-pro-fouet-27-cm\/#breadcrumb\",\"itemListElement\":[{\"@type\":\"ListItem\",\"position\":1,\"name\":\"Home\",\"item\":\"https:\/\/dev6.erresse-shop.it\/\"},{\"@type\":\"ListItem\",\"position\":2,\"name\":\"Boutique\",\"item\":\"https:\/\/dev6.erresse-shop.it\/shop\/\"},{\"@type\":\"ListItem\",\"position\":3,\"name\":\"ZWILLING PRO Fouet 27 cm\"}]},{\"@type\":\"WebSite\",\"@id\":\"https:\/\/dev6.erresse-shop.it\/#website\",\"url\":\"https:\/\/dev6.erresse-shop.it\/\",\"name\":\"Erresse Shop\",\"description\":\"\",\"publisher\":{\"@id\":\"https:\/\/dev6.erresse-shop.it\/#organization\"},\"potentialAction\":[{\"@type\":\"SearchAction\",\"target\":{\"@type\":\"EntryPoint\",\"urlTemplate\":\"https:\/\/dev6.erresse-shop.it\/?s={search_term_string}\"},\"query-input\":{\"@type\":\"PropertyValueSpecification\",\"valueRequired\":true,\"valueName\":\"search_term_string\"}}],\"inLanguage\":\"fr-FR\"},{\"@type\":\"Organization\",\"@id\":\"https:\/\/dev6.erresse-shop.it\/#organization\",\"name\":\"Erresse Shop\",\"url\":\"https:\/\/dev6.erresse-shop.it\/\",\"logo\":{\"@type\":\"ImageObject\",\"inLanguage\":\"fr-FR\",\"@id\":\"https:\/\/dev6.erresse-shop.it\/#\/schema\/logo\/image\/\",\"url\":\"https:\/\/dev6.erresse-shop.it\/wp-content\/uploads\/2025\/01\/LOGO-ERRESSE-CLASSICO.svg\",\"contentUrl\":\"https:\/\/dev6.erresse-shop.it\/wp-content\/uploads\/2025\/01\/LOGO-ERRESSE-CLASSICO.svg\",\"caption\":\"Erresse Shop\"},\"image\":{\"@id\":\"https:\/\/dev6.erresse-shop.it\/#\/schema\/logo\/image\/\"}}]}<\/script>\n<!-- \/ Yoast SEO plugin. -->","yoast_head_json":{"title":"ZWILLING PRO Fouet 27 cm - dev6 Erresse","description":"Que serait un r\u00f4ti juteux sans une sauce qui l\u2019accompagne ? Ou un d\u00e9licieux dessert sans la chantilly ? Exact! C\u2019est pourquoi le fouet est un outil","robots":{"index":"noindex","follow":"follow","max-snippet":"max-snippet:-1","max-image-preview":"max-image-preview:large","max-video-preview":"max-video-preview:-1"},"og_locale":"fr_FR","og_type":"article","og_title":"ZWILLING PRO Fouet 27 cm - dev6 Erresse","og_description":"Que serait un r\u00f4ti juteux sans une sauce qui l\u2019accompagne ? Ou un d\u00e9licieux dessert sans la chantilly ? Exact! C\u2019est pourquoi le fouet est un outil","og_url":"https:\/\/dev6.erresse-shop.it\/fr\/shop\/cuisine\/outils\/zwilling-pro-fouet-27-cm\/","og_site_name":"dev6 Erresse","og_image":[{"url":"https:\/\/interpim.erresse-shop.it\/wp-content\/uploads\/2024\/07\/ZWILLING-PRO-Frusta-27-cm.jpg\/zwilling-pro-frusta-27-cm.jpg","type":"","width":"","height":""},{"url":"https:\/\/interpim.erresse-shop.it\/wp-content\/uploads\/2024\/07\/ZWILLING-PRO-Frusta-27-cm.jpg\/zwilling-pro-frusta-27-cm.jpg","width":1024,"height":1024,"type":"image\/jpeg"}],"twitter_card":"summary_large_image","twitter_image":"https:\/\/interpim.erresse-shop.it\/wp-content\/uploads\/2024\/07\/ZWILLING-PRO-Frusta-27-cm.jpg\/zwilling-pro-frusta-27-cm.jpg","schema":{"@context":"https:\/\/schema.org","@graph":[{"@type":"WebPage","@id":"https:\/\/dev6.erresse-shop.it\/fr\/shop\/cuisine\/outils\/zwilling-pro-fouet-27-cm\/","url":"https:\/\/dev6.erresse-shop.it\/fr\/shop\/cuisine\/outils\/zwilling-pro-fouet-27-cm\/","name":"ZWILLING PRO Fouet 27 cm - dev6 Erresse","isPartOf":{"@id":"https:\/\/dev6.erresse-shop.it\/#website"},"primaryImageOfPage":{"@id":"https:\/\/dev6.erresse-shop.it\/fr\/shop\/cuisine\/outils\/zwilling-pro-fouet-27-cm\/#primaryimage"},"image":{"@id":"https:\/\/dev6.erresse-shop.it\/fr\/shop\/cuisine\/outils\/zwilling-pro-fouet-27-cm\/#primaryimage"},"thumbnailUrl":"https:\/\/i2.wp.com\/interpim.erresse-shop.it\/wp-content\/uploads\/2024\/07\/ZWILLING-PRO-Frusta-27-cm.jpg\/zwilling-pro-frusta-27-cm.jpg?ssl=1","datePublished":"2026-04-12T09:23:12+00:00","description":"Que serait un r\u00f4ti juteux sans une sauce qui l\u2019accompagne ? Ou un d\u00e9licieux dessert sans la chantilly ? Exact! C\u2019est pourquoi le fouet est un outil","breadcrumb":{"@id":"https:\/\/dev6.erresse-shop.it\/fr\/shop\/cuisine\/outils\/zwilling-pro-fouet-27-cm\/#breadcrumb"},"inLanguage":"fr-FR","potentialAction":[{"@type":"ReadAction","target":["https:\/\/dev6.erresse-shop.it\/fr\/shop\/cuisine\/outils\/zwilling-pro-fouet-27-cm\/"]}]},{"@type":"ImageObject","inLanguage":"fr-FR","@id":"https:\/\/dev6.erresse-shop.it\/fr\/shop\/cuisine\/outils\/zwilling-pro-fouet-27-cm\/#primaryimage","url":"https:\/\/i2.wp.com\/interpim.erresse-shop.it\/wp-content\/uploads\/2024\/07\/ZWILLING-PRO-Frusta-27-cm.jpg\/zwilling-pro-frusta-27-cm.jpg?ssl=1","contentUrl":"https:\/\/i2.wp.com\/interpim.erresse-shop.it\/wp-content\/uploads\/2024\/07\/ZWILLING-PRO-Frusta-27-cm.jpg\/zwilling-pro-frusta-27-cm.jpg?ssl=1"},{"@type":"BreadcrumbList","@id":"https:\/\/dev6.erresse-shop.it\/fr\/shop\/cuisine\/outils\/zwilling-pro-fouet-27-cm\/#breadcrumb","itemListElement":[{"@type":"ListItem","position":1,"name":"Home","item":"https:\/\/dev6.erresse-shop.it\/"},{"@type":"ListItem","position":2,"name":"Boutique","item":"https:\/\/dev6.erresse-shop.it\/shop\/"},{"@type":"ListItem","position":3,"name":"ZWILLING PRO Fouet 27 cm"}]},{"@type":"WebSite","@id":"https:\/\/dev6.erresse-shop.it\/#website","url":"https:\/\/dev6.erresse-shop.it\/","name":"Erresse Shop","description":"","publisher":{"@id":"https:\/\/dev6.erresse-shop.it\/#organization"},"potentialAction":[{"@type":"SearchAction","target":{"@type":"EntryPoint","urlTemplate":"https:\/\/dev6.erresse-shop.it\/?s={search_term_string}"},"query-input":{"@type":"PropertyValueSpecification","valueRequired":true,"valueName":"search_term_string"}}],"inLanguage":"fr-FR"},{"@type":"Organization","@id":"https:\/\/dev6.erresse-shop.it\/#organization","name":"Erresse Shop","url":"https:\/\/dev6.erresse-shop.it\/","logo":{"@type":"ImageObject","inLanguage":"fr-FR","@id":"https:\/\/dev6.erresse-shop.it\/#\/schema\/logo\/image\/","url":"https:\/\/dev6.erresse-shop.it\/wp-content\/uploads\/2025\/01\/LOGO-ERRESSE-CLASSICO.svg","contentUrl":"https:\/\/dev6.erresse-shop.it\/wp-content\/uploads\/2025\/01\/LOGO-ERRESSE-CLASSICO.svg","caption":"Erresse Shop"},"image":{"@id":"https:\/\/dev6.erresse-shop.it\/#\/schema\/logo\/image\/"}}]}},"df_price":21.95,"df_sale_price":"","df_regular_price":21.95,"df_image_link":"https:\/\/i2.wp.com\/interpim.erresse-shop.it\/wp-content\/uploads\/2024\/07\/ZWILLING-PRO-Frusta-27-cm.jpg\/zwilling-pro-frusta-27-cm.jpg?resize=300,300&ssl=1","fifu_image_url":"https:\/\/interpim.erresse-shop.it\/wp-content\/uploads\/2024\/07\/ZWILLING-PRO-Frusta-27-cm.jpg\/zwilling-pro-frusta-27-cm.jpg","_links":{"self":[{"href":"https:\/\/dev6.erresse-shop.it\/fr\/wp-json\/wp\/v2\/product\/64491","targetHints":{"allow":["GET"]}}],"collection":[{"href":"https:\/\/dev6.erresse-shop.it\/fr\/wp-json\/wp\/v2\/product"}],"about":[{"href":"https:\/\/dev6.erresse-shop.it\/fr\/wp-json\/wp\/v2\/types\/product"}],"wp:featuredmedia":[{"embeddable":true,"href":"https:\/\/dev6.erresse-shop.it\/fr\/wp-json\/wp\/v2\/media\/6368792"}],"wp:attachment":[{"href":"https:\/\/dev6.erresse-shop.it\/fr\/wp-json\/wp\/v2\/media?parent=64491"}],"wp:term":[{"taxonomy":"product_cat","embeddable":true,"href":"https:\/\/dev6.erresse-shop.it\/fr\/wp-json\/wp\/v2\/product_cat?post=64491"},{"taxonomy":"product_tag","embeddable":true,"href":"https:\/\/dev6.erresse-shop.it\/fr\/wp-json\/wp\/v2\/product_tag?post=64491"}],"curies":[{"name":"wp","href":"https:\/\/api.w.org\/{rel}","templated":true}]}}