{"id":64489,"date":"2026-04-12T11:23:12","date_gmt":"2026-04-12T09:23:12","guid":{"rendered":"https:\/\/dev6.erresse-shop.it\/shop\/non%20class\u00e9\/zwilling-pro-spatule-a-wok\/"},"modified":"2025-09-14T05:42:18","modified_gmt":"2025-09-14T03:42:18","slug":"zwilling-pro-spatule-a-wok","status":"publish","type":"product","link":"https:\/\/dev6.erresse-shop.it\/fr\/shop\/cuisine\/outils\/zwilling-pro-spatule-a-wok\/","title":{"rendered":"ZWILLING PRO Spatule \u00e0 wok"},"content":{"rendered":"<p>Cuisiner avec un wok est encore plus amusant avec la spatule de la collection ZWILLING Pro. Elle est id\u00e9ale pour faire sauter, comme c\u2019est g\u00e9n\u00e9ralement le cas avec le wok dans lequel les ingr\u00e9dients frais sont rapidement frits en les remuant et en les remuant. La spatule est facile \u00e0 manipuler gr\u00e2ce au design ergonomique et satin\u00e9 du manche. Vous pourrez ainsi cuisiner \u00e9nergiquement, mais sans effort. Gr\u00e2ce \u00e0 l\u2019anneau de suspension dont est \u00e9quip\u00e9e la belle poign\u00e9e, vous pouvez \u00e9galement accrocher la spatule \u00e0 la barre \u00e0 outils pour gagner de la place. Cela vous permet non seulement d\u2019avoir toujours la spatule \u00e0 port\u00e9e de main, mais \u00e9galement d\u2019ajouter une touche design \u00e0 votre cuisine. Les designers de renomm\u00e9e mondiale Matteo Thun et Antonio Rodriguez se sont avant tout consacr\u00e9s \u00e0 la r\u00e9alisation d\u2019une fonctionnalit\u00e9 absolue et d\u2019une esth\u00e9tique exceptionnelle. Associ\u00e9 aux autres accessoires de cuisine de la collection Pro, il cr\u00e9e un look minimaliste et uniforme qui peut enrichir tout type de cuisine. Cette spatule sans couture est fabriqu\u00e9e en acier inoxydable bross\u00e9 et passe au lave-vaisselle.<\/p>\n<p>Design minimaliste de Matteo Thun et Antonio Rodriguez<br \/>\nFabriqu\u00e9 en acier inoxydable de haute qualit\u00e9<br \/>\nPoign\u00e9es ergonomiques pour un travail sans effort, avec transition continue vers la tige pour une hygi\u00e8ne maximale<br \/>\nLavable au lave-vaisselle<br \/>\nPour remuer et servir les aliments directement dans le wok<\/p>\n","protected":false},"excerpt":{"rendered":"<p>Cuisiner avec un wok est encore plus amusant avec la spatule de la collection ZWILLING Pro. Elle est id\u00e9ale pour faire sauter, comme c\u2019est g\u00e9n\u00e9ralement le cas avec le wok dans lequel les ingr\u00e9dients frais sont rapidement frits en les remuant et en les remuant. La spatule est facile \u00e0 manipuler gr\u00e2ce au design ergonomique [&hellip;]<\/p>\n","protected":false},"featured_media":6368790,"template":"","meta":{"_acf_changed":false},"product_cat":[11668,11992,12008],"product_tag":[],"class_list":{"0":"post-64489","1":"product","2":"type-product","3":"status-publish","4":"has-post-thumbnail","6":"product_cat-cucina","7":"product_cat-cuisine","8":"product_cat-outils","10":"first","11":"instock","12":"taxable","13":"shipping-taxable","14":"purchasable","15":"product-type-simple","swatches":"rey-swatches","show_selected":"","stretch_labels":"rey-swatches--stretch-labels"},"acf":[],"yoast_head":"<!-- This site is optimized with the Yoast SEO plugin v25.4 - https:\/\/yoast.com\/wordpress\/plugins\/seo\/ -->\n<title>ZWILLING PRO Spatule \u00e0 wok - dev6 Erresse<\/title>\n<meta name=\"description\" content=\"Cuisiner avec un wok est encore plus amusant avec la spatule de la collection ZWILLING Pro. Elle est id\u00e9ale pour faire sauter, comme c\u2019est g\u00e9n\u00e9ralement le\" \/>\n<meta name=\"robots\" content=\"noindex, follow, max-snippet:-1, max-image-preview:large, max-video-preview:-1\" \/>\n<meta property=\"og:locale\" content=\"fr_FR\" \/>\n<meta property=\"og:type\" content=\"article\" \/>\n<meta property=\"og:title\" content=\"ZWILLING PRO Spatule \u00e0 wok - dev6 Erresse\" \/>\n<meta property=\"og:description\" content=\"Cuisiner avec un wok est encore plus amusant avec la spatule de la collection ZWILLING Pro. Elle est id\u00e9ale pour faire sauter, comme c\u2019est g\u00e9n\u00e9ralement le\" \/>\n<meta property=\"og:url\" content=\"https:\/\/dev6.erresse-shop.it\/fr\/shop\/cuisine\/outils\/zwilling-pro-spatule-a-wok\/\" \/>\n<meta property=\"og:site_name\" content=\"dev6 Erresse\" \/>\n<meta property=\"og:image\" content=\"https:\/\/interpim.erresse-shop.it\/img-catalogo\/zwilling\/zwilling-pro-spatola-per-wok.png\" \/><meta property=\"og:image\" content=\"https:\/\/interpim.erresse-shop.it\/img-catalogo\/zwilling\/zwilling-pro-spatola-per-wok.png\" \/>\n\t<meta property=\"og:image:width\" content=\"1024\" \/>\n\t<meta property=\"og:image:height\" content=\"1024\" \/>\n\t<meta property=\"og:image:type\" content=\"image\/jpeg\" \/>\n<meta name=\"twitter:card\" content=\"summary_large_image\" \/>\n<meta name=\"twitter:image\" content=\"https:\/\/interpim.erresse-shop.it\/img-catalogo\/zwilling\/zwilling-pro-spatola-per-wok.png\" \/>\n<script type=\"application\/ld+json\" class=\"yoast-schema-graph\">{\"@context\":\"https:\/\/schema.org\",\"@graph\":[{\"@type\":\"WebPage\",\"@id\":\"https:\/\/dev6.erresse-shop.it\/fr\/shop\/cuisine\/outils\/zwilling-pro-spatule-a-wok\/\",\"url\":\"https:\/\/dev6.erresse-shop.it\/fr\/shop\/cuisine\/outils\/zwilling-pro-spatule-a-wok\/\",\"name\":\"ZWILLING PRO Spatule \u00e0 wok - dev6 Erresse\",\"isPartOf\":{\"@id\":\"https:\/\/dev6.erresse-shop.it\/#website\"},\"primaryImageOfPage\":{\"@id\":\"https:\/\/dev6.erresse-shop.it\/fr\/shop\/cuisine\/outils\/zwilling-pro-spatule-a-wok\/#primaryimage\"},\"image\":{\"@id\":\"https:\/\/dev6.erresse-shop.it\/fr\/shop\/cuisine\/outils\/zwilling-pro-spatule-a-wok\/#primaryimage\"},\"thumbnailUrl\":\"https:\/\/i0.wp.com\/interpim.erresse-shop.it\/img-catalogo\/zwilling\/zwilling-pro-spatola-per-wok.png?ssl=1\",\"datePublished\":\"2026-04-12T09:23:12+00:00\",\"description\":\"Cuisiner avec un wok est encore plus amusant avec la spatule de la collection ZWILLING Pro. Elle est id\u00e9ale pour faire sauter, comme c\u2019est g\u00e9n\u00e9ralement le\",\"breadcrumb\":{\"@id\":\"https:\/\/dev6.erresse-shop.it\/fr\/shop\/cuisine\/outils\/zwilling-pro-spatule-a-wok\/#breadcrumb\"},\"inLanguage\":\"fr-FR\",\"potentialAction\":[{\"@type\":\"ReadAction\",\"target\":[\"https:\/\/dev6.erresse-shop.it\/fr\/shop\/cuisine\/outils\/zwilling-pro-spatule-a-wok\/\"]}]},{\"@type\":\"ImageObject\",\"inLanguage\":\"fr-FR\",\"@id\":\"https:\/\/dev6.erresse-shop.it\/fr\/shop\/cuisine\/outils\/zwilling-pro-spatule-a-wok\/#primaryimage\",\"url\":\"https:\/\/i0.wp.com\/interpim.erresse-shop.it\/img-catalogo\/zwilling\/zwilling-pro-spatola-per-wok.png?ssl=1\",\"contentUrl\":\"https:\/\/i0.wp.com\/interpim.erresse-shop.it\/img-catalogo\/zwilling\/zwilling-pro-spatola-per-wok.png?ssl=1\"},{\"@type\":\"BreadcrumbList\",\"@id\":\"https:\/\/dev6.erresse-shop.it\/fr\/shop\/cuisine\/outils\/zwilling-pro-spatule-a-wok\/#breadcrumb\",\"itemListElement\":[{\"@type\":\"ListItem\",\"position\":1,\"name\":\"Home\",\"item\":\"https:\/\/dev6.erresse-shop.it\/\"},{\"@type\":\"ListItem\",\"position\":2,\"name\":\"Boutique\",\"item\":\"https:\/\/dev6.erresse-shop.it\/shop\/\"},{\"@type\":\"ListItem\",\"position\":3,\"name\":\"ZWILLING PRO Spatule \u00e0 wok\"}]},{\"@type\":\"WebSite\",\"@id\":\"https:\/\/dev6.erresse-shop.it\/#website\",\"url\":\"https:\/\/dev6.erresse-shop.it\/\",\"name\":\"Erresse Shop\",\"description\":\"\",\"publisher\":{\"@id\":\"https:\/\/dev6.erresse-shop.it\/#organization\"},\"potentialAction\":[{\"@type\":\"SearchAction\",\"target\":{\"@type\":\"EntryPoint\",\"urlTemplate\":\"https:\/\/dev6.erresse-shop.it\/?s={search_term_string}\"},\"query-input\":{\"@type\":\"PropertyValueSpecification\",\"valueRequired\":true,\"valueName\":\"search_term_string\"}}],\"inLanguage\":\"fr-FR\"},{\"@type\":\"Organization\",\"@id\":\"https:\/\/dev6.erresse-shop.it\/#organization\",\"name\":\"Erresse Shop\",\"url\":\"https:\/\/dev6.erresse-shop.it\/\",\"logo\":{\"@type\":\"ImageObject\",\"inLanguage\":\"fr-FR\",\"@id\":\"https:\/\/dev6.erresse-shop.it\/#\/schema\/logo\/image\/\",\"url\":\"https:\/\/dev6.erresse-shop.it\/wp-content\/uploads\/2025\/01\/LOGO-ERRESSE-CLASSICO.svg\",\"contentUrl\":\"https:\/\/dev6.erresse-shop.it\/wp-content\/uploads\/2025\/01\/LOGO-ERRESSE-CLASSICO.svg\",\"caption\":\"Erresse Shop\"},\"image\":{\"@id\":\"https:\/\/dev6.erresse-shop.it\/#\/schema\/logo\/image\/\"}}]}<\/script>\n<!-- \/ Yoast SEO plugin. -->","yoast_head_json":{"title":"ZWILLING PRO Spatule \u00e0 wok - dev6 Erresse","description":"Cuisiner avec un wok est encore plus amusant avec la spatule de la collection ZWILLING Pro. Elle est id\u00e9ale pour faire sauter, comme c\u2019est g\u00e9n\u00e9ralement le","robots":{"index":"noindex","follow":"follow","max-snippet":"max-snippet:-1","max-image-preview":"max-image-preview:large","max-video-preview":"max-video-preview:-1"},"og_locale":"fr_FR","og_type":"article","og_title":"ZWILLING PRO Spatule \u00e0 wok - dev6 Erresse","og_description":"Cuisiner avec un wok est encore plus amusant avec la spatule de la collection ZWILLING Pro. Elle est id\u00e9ale pour faire sauter, comme c\u2019est g\u00e9n\u00e9ralement le","og_url":"https:\/\/dev6.erresse-shop.it\/fr\/shop\/cuisine\/outils\/zwilling-pro-spatule-a-wok\/","og_site_name":"dev6 Erresse","og_image":[{"url":"https:\/\/interpim.erresse-shop.it\/img-catalogo\/zwilling\/zwilling-pro-spatola-per-wok.png","type":"","width":"","height":""},{"url":"https:\/\/interpim.erresse-shop.it\/img-catalogo\/zwilling\/zwilling-pro-spatola-per-wok.png","width":1024,"height":1024,"type":"image\/jpeg"}],"twitter_card":"summary_large_image","twitter_image":"https:\/\/interpim.erresse-shop.it\/img-catalogo\/zwilling\/zwilling-pro-spatola-per-wok.png","schema":{"@context":"https:\/\/schema.org","@graph":[{"@type":"WebPage","@id":"https:\/\/dev6.erresse-shop.it\/fr\/shop\/cuisine\/outils\/zwilling-pro-spatule-a-wok\/","url":"https:\/\/dev6.erresse-shop.it\/fr\/shop\/cuisine\/outils\/zwilling-pro-spatule-a-wok\/","name":"ZWILLING PRO Spatule \u00e0 wok - dev6 Erresse","isPartOf":{"@id":"https:\/\/dev6.erresse-shop.it\/#website"},"primaryImageOfPage":{"@id":"https:\/\/dev6.erresse-shop.it\/fr\/shop\/cuisine\/outils\/zwilling-pro-spatule-a-wok\/#primaryimage"},"image":{"@id":"https:\/\/dev6.erresse-shop.it\/fr\/shop\/cuisine\/outils\/zwilling-pro-spatule-a-wok\/#primaryimage"},"thumbnailUrl":"https:\/\/i0.wp.com\/interpim.erresse-shop.it\/img-catalogo\/zwilling\/zwilling-pro-spatola-per-wok.png?ssl=1","datePublished":"2026-04-12T09:23:12+00:00","description":"Cuisiner avec un wok est encore plus amusant avec la spatule de la collection ZWILLING Pro. Elle est id\u00e9ale pour faire sauter, comme c\u2019est g\u00e9n\u00e9ralement le","breadcrumb":{"@id":"https:\/\/dev6.erresse-shop.it\/fr\/shop\/cuisine\/outils\/zwilling-pro-spatule-a-wok\/#breadcrumb"},"inLanguage":"fr-FR","potentialAction":[{"@type":"ReadAction","target":["https:\/\/dev6.erresse-shop.it\/fr\/shop\/cuisine\/outils\/zwilling-pro-spatule-a-wok\/"]}]},{"@type":"ImageObject","inLanguage":"fr-FR","@id":"https:\/\/dev6.erresse-shop.it\/fr\/shop\/cuisine\/outils\/zwilling-pro-spatule-a-wok\/#primaryimage","url":"https:\/\/i0.wp.com\/interpim.erresse-shop.it\/img-catalogo\/zwilling\/zwilling-pro-spatola-per-wok.png?ssl=1","contentUrl":"https:\/\/i0.wp.com\/interpim.erresse-shop.it\/img-catalogo\/zwilling\/zwilling-pro-spatola-per-wok.png?ssl=1"},{"@type":"BreadcrumbList","@id":"https:\/\/dev6.erresse-shop.it\/fr\/shop\/cuisine\/outils\/zwilling-pro-spatule-a-wok\/#breadcrumb","itemListElement":[{"@type":"ListItem","position":1,"name":"Home","item":"https:\/\/dev6.erresse-shop.it\/"},{"@type":"ListItem","position":2,"name":"Boutique","item":"https:\/\/dev6.erresse-shop.it\/shop\/"},{"@type":"ListItem","position":3,"name":"ZWILLING PRO Spatule \u00e0 wok"}]},{"@type":"WebSite","@id":"https:\/\/dev6.erresse-shop.it\/#website","url":"https:\/\/dev6.erresse-shop.it\/","name":"Erresse Shop","description":"","publisher":{"@id":"https:\/\/dev6.erresse-shop.it\/#organization"},"potentialAction":[{"@type":"SearchAction","target":{"@type":"EntryPoint","urlTemplate":"https:\/\/dev6.erresse-shop.it\/?s={search_term_string}"},"query-input":{"@type":"PropertyValueSpecification","valueRequired":true,"valueName":"search_term_string"}}],"inLanguage":"fr-FR"},{"@type":"Organization","@id":"https:\/\/dev6.erresse-shop.it\/#organization","name":"Erresse Shop","url":"https:\/\/dev6.erresse-shop.it\/","logo":{"@type":"ImageObject","inLanguage":"fr-FR","@id":"https:\/\/dev6.erresse-shop.it\/#\/schema\/logo\/image\/","url":"https:\/\/dev6.erresse-shop.it\/wp-content\/uploads\/2025\/01\/LOGO-ERRESSE-CLASSICO.svg","contentUrl":"https:\/\/dev6.erresse-shop.it\/wp-content\/uploads\/2025\/01\/LOGO-ERRESSE-CLASSICO.svg","caption":"Erresse Shop"},"image":{"@id":"https:\/\/dev6.erresse-shop.it\/#\/schema\/logo\/image\/"}}]}},"df_price":26.95,"df_sale_price":"","df_regular_price":26.95,"df_image_link":"https:\/\/i0.wp.com\/interpim.erresse-shop.it\/img-catalogo\/zwilling\/zwilling-pro-spatola-per-wok.png?resize=300,300&ssl=1","fifu_image_url":"https:\/\/interpim.erresse-shop.it\/img-catalogo\/zwilling\/zwilling-pro-spatola-per-wok.png","_links":{"self":[{"href":"https:\/\/dev6.erresse-shop.it\/fr\/wp-json\/wp\/v2\/product\/64489","targetHints":{"allow":["GET"]}}],"collection":[{"href":"https:\/\/dev6.erresse-shop.it\/fr\/wp-json\/wp\/v2\/product"}],"about":[{"href":"https:\/\/dev6.erresse-shop.it\/fr\/wp-json\/wp\/v2\/types\/product"}],"wp:featuredmedia":[{"embeddable":true,"href":"https:\/\/dev6.erresse-shop.it\/fr\/wp-json\/wp\/v2\/media\/6368790"}],"wp:attachment":[{"href":"https:\/\/dev6.erresse-shop.it\/fr\/wp-json\/wp\/v2\/media?parent=64489"}],"wp:term":[{"taxonomy":"product_cat","embeddable":true,"href":"https:\/\/dev6.erresse-shop.it\/fr\/wp-json\/wp\/v2\/product_cat?post=64489"},{"taxonomy":"product_tag","embeddable":true,"href":"https:\/\/dev6.erresse-shop.it\/fr\/wp-json\/wp\/v2\/product_tag?post=64489"}],"curies":[{"name":"wp","href":"https:\/\/api.w.org\/{rel}","templated":true}]}}